{"id":4312,"date":"2021-08-25T12:18:53","date_gmt":"2021-08-25T10:18:53","guid":{"rendered":"https:\/\/www.kaduk-bauelemente.de\/leistungen\/haustueren-harburg\/"},"modified":"2021-08-25T12:18:53","modified_gmt":"2021-08-25T10:18:53","slug":"haustueren-harburg","status":"publish","type":"page","link":"https:\/\/www.kaduk-bauelemente.de\/leistungen\/haustueren-harburg\/","title":{"rendered":"Haust\u00fcren &#8211; Harburg"},"content":{"rendered":"<h3>Neue Haust\u00fcren f\u00fcr Ihre Immobilie<\/h3>\n<p>Schmucke Haust\u00fcren sind in gewisser Weise die Visitenkarte eines Wohnhauses. T\u00fcren zeugen immer auch von Pers\u00f6nlichkeit, Geschmack und Qualit\u00e4tsanspruch. Nicht zuletzt betonen moderne Haust\u00fcren die Architektur eines Hauses. Ansprechende Haust\u00fcren bieten neben einer sch\u00f6nen Optik selbstverst\u00e4ndlich noch deutlich mehr. Auch die Einbruchsvorsorge und einen Beitrag zur W\u00e4rmed\u00e4mmung k\u00f6nnen Sie erwarten. <\/p>\n<p>Wer eine qualitativ hochwertige T\u00fcr sucht, darf w\u00e4hlen: Sie m\u00fcssen bei Haust\u00fcren zwischen traditionellem und modernem Design w\u00e4hlen. Dar\u00fcber hinaus sind T\u00fcren in Aluminium, Holz oder Kunststoff zu bekommen. <\/p>\n<h3>Neue Haust\u00fcren sind eine gute Investition<\/h3>\n<p>Sie reizen neue Haust\u00fcren? Super, in dem Fall sind Sie bei uns genau an der richtigen Adresse. Als spezialisiertes Unternehmen f\u00fchren wir eine Menge Haust\u00fcren f\u00fcr jeden Geschmack und Zweck. F\u00fcr welche L\u00f6sung Sie sich letztendlich entscheiden: Sch\u00f6ne T\u00fcren sind immer ein echter Hingucker. In unserem Ausstellungsraum pr\u00e4sentieren wir Ihnen von Montag bis Freitag in der Zeit von 9.00 und 18.00 Uhr sowie samstags zwischen 9:00 und 13:00 Uhr zahlreiche Umsetzungsm\u00f6glichkeiten. Die diversen Auswahlm\u00f6glichkeiten verleihen modernen Haust\u00fcren einen sehr individualisierten Anstrich.<\/p>\n","protected":false},"excerpt":{"rendered":"<p>Neue Haust\u00fcren f\u00fcr Ihre Immobilie Schmucke Haust\u00fcren sind in gewisser Weise die Visitenkarte eines Wohnhauses. T\u00fcren zeugen immer auch von Pers\u00f6nlichkeit, Geschmack und Qualit\u00e4tsanspruch. Nicht zuletzt betonen moderne Haust\u00fcren die Architektur eines Hauses. Ansprechende Haust\u00fcren bieten neben einer sch\u00f6nen Optik selbstverst\u00e4ndlich noch deutlich mehr. Auch die Einbruchsvorsorge und einen Beitrag zur W\u00e4rmed\u00e4mmung k\u00f6nnen Sie erwarten. [&hellip;]<\/p>\n","protected":false},"author":1,"featured_media":0,"parent":0,"menu_order":0,"comment_status":"closed","ping_status":"closed","template":"","meta":{"footnotes":""},"class_list":["post-4312","page","type-page","status-publish","hentry"],"meta_box":{"popseo_subtitel":"Kaduk Bauelemente ist Ihr Fachunternehmen f\u00fcr Haust\u00fcren in Harburg","popseo_subtitel2":"Haust\u00fcren - unsere Experten informieren Sie gerne","popseo_lasttitel":"Haust\u00fcren: Unsere Mitarbeiter beantworten gerne Ihre Fragen","popseo_region":"Harburg","popseo_sachwort":"Haust\u00fcren","popseo_noupdate":"","popseo_einleitungstext":"<p>Sehr gerne informieren wir Sie n\u00e4her \u00fcber unsere Produkte und unser Aufgabengebiet. Wir zeigen Ihnen mit Vergn\u00fcgen auch ein paar Referenzen, die Ihnen einen Einblick in unsere Arbeit geben.<br \/>\nVertrauen Sie auf das Urteil eines erfahrenen Fachbetriebes. Rufen Sie uns doch einfach einmal an oder schicken Sie uns eine schnelle E-Mail. Wir freuen uns auf den Kontakt zu Ihnen.<\/p>","popseo_schlusstext":"<p>Wenn Sie ein erfahrenes Unternehmen f\u00fcr moderne Sicherheits- und Sonnenschutzprodukte ben\u00f6tigen, sind Sie bei uns richtig. Sie m\u00f6chten mehr \u00fcber uns wissen? Als auf Bauelemente spezialisierte Handwerksfirma sind wir f\u00fcr die Realisierung Ihres Vorhabens der optimale Partner und freuen uns \u00fcber Ihre Kontaktaufnahme, unabh\u00e4ngig davon ob per Anruf oder Nachricht per E-Mail. Worauf Sie neben unserer fachlichen Expertise setzen d\u00fcrfen: Unser Team ist motiviert und immer mit Schwung und Elan f\u00fcr Sie im Einsatz. Wir freuen uns auf Sie!<\/p>","popseo_stadttext":"<h3>Unser Leistungsprogramm f\u00fcr Kunden aus Harburg<\/h2>\n<p>Durch unsere Gesch\u00e4ftst\u00e4tigkeit haben wir uns einen guten \u00dcberblick \u00fcber die Stadtarchitektur der Gemeinden und St\u00e4dte unseres Einzugsbereiches machen k\u00f6nnen. Selbstverst\u00e4ndlich geh\u00f6rt auch Harburg zu unserem unmittelbaren Wirkungskreis. Wir freuen uns darauf, mit Ihnen in Kontakt zu treten. <\/p>\n<h3>Interessante Fakten zu Harburg<\/h3>\n<p>Harburg ist ein Stadtteil der Gro\u00dfstadt Hamburg. Harburg war einstmals autonom. 1927 erfolgte zun\u00e4chst die Vereinigung mit Wilhelmsburg zur fr\u00fcher 110.000 Einwohner z\u00e4hlenden Gro\u00dfstadt Harburg-Wilhelmsburg. Zehn Jahre sp\u00e4ter gliederte die Stadtverwaltung schlie\u00dflich dieses neu gebildete Stadtkonstrukt dem dem Land Hamburg zu. Harburg verlor damit seine Selbst\u00e4ndigkeit. Anno 1951 entstand dar\u00fcber hinaus der Verwaltungsbezirk Harburg. Harburg liegt an der S\u00fcderelbe. Der Stadtteil grenzt an HH-Wilhelmsburg und Hamburg-Neuland sowie an die nieders\u00e4chsischen Landkreise Harburg und Stade.  <\/p>\n<h3>Reizvolles Harburg!<\/h3>\n<p>Besonders die Vergr\u00f6\u00dferung des Binnenhafens zur Mitte des 19. Jahrhunderts war f\u00fcr das Wachstum von Harburg wichtig. Die kautschuk- und \u00f6lverarbeitende Schwerindustrie sorgte in Harburg f\u00fcr best\u00e4ndiges Wachstum. Ab den 60er Jahren zog sich die Hafenindustrie mehr und mehr aus Harburg zur\u00fcck. Zunehmend mehr Geb\u00e4ude und Industriefl\u00e4chen lagen brach. Der Strukturwandel wirkte sich in starkem Ma\u00dfe auf das Leben im Stadtteil Harburg aus. <\/p>\n<p>In den letzten Dekaden hat sich Harburg erstaunlich entwickelt und sich vorrangig als Wohnquartier einen Namen gemacht. Die Infrastruktur von Harburg ist exzellent: Die City hat sich zu einem Shoppingeldorado entfaltet. Allein drei gro\u00dfe Shoppingcenter sind in Harburg zuhause. Der Stadtteil verf\u00fcgt auch \u00fcber zahlreiche ruhige und sch\u00f6n gelegene Wohngebiete. Ein zus\u00e4tzlicher Pluspunkt: Mit der S-Bahn f\u00e4hrt man nur rund 15 Minuten bis zum Hamburger Hauptbahnhof. In den vergangenen Jahren wurden eine Reihe von Neubauprojekte in Harburg begonnen. Besonders das hafennahe Areal um die Schlossinsel Harburg und das Gebiet um den Veritaskai wurden st\u00e4dtebaulich erneuert. Harburg ist f\u00fcr sein Bildungsangebot bekannt. Die Technische Universit\u00e4t Hamburg-Harburg, die K\u00fchne School of Logistics sowie das Northern Institut of Technology genie\u00dfen einen guten Ruf. <\/p>\n<h4>Privat- und Gesch\u00e4ftskunden aus Harburg sch\u00e4tzen unsere Leistungen!<\/h4>\n<p>Sie interessieren sich f\u00fcr unser Leistungsprogramm und sind hier im Internet auf unsere Homepage gesto\u00dfen? Das freut uns sehr. Sehr gerne pr\u00e4sentieren wir Ihnen unser komplettes Leistungsspektrum und beantworten Ihre Fragen. Auf den Kontakt zu Ihnen freuen wir uns.<\/p>","popseo_zusatztext":"<h3>G\u00fcnstig und preiswert \u2013 unser Angebot f\u00fcr Sie<\/h3>\n<p>Bauelemente m\u00fcssen gehobenen Erwartungen gerecht werden. Gleichwohl mu\u00df es g\u00fcnstig und preiswert sein. Das muss generell kein Widerspruch sein. <\/p>\n<p>Als Fachbetrieb f\u00fcr Sonnenschutz- und Sicherheitsl\u00f6sungen verwenden wir ausnahmslos hochwertige Erzeugnisse. Trotzdem achten wir grunds\u00e4tzlich auf ein angemessenes Preis-Leistungsverh\u00e4ltnis. Wir m\u00f6chten Ihnen Spitzenqualit\u00e4t anbieten, die zugleich auch g\u00fcnstig und preiswert ist. Verleihen Sie Ihrem Zuhause g\u00fcnstig und preiswert das besondere Mehr an Qualit\u00e4t. Rolll\u00e4den und Markisen oder andere Sonnenschutzl\u00f6sungen sehen nicht nur hervorragend aus, sie leisten auch einen bedeutsamen Anteil zur W\u00e4rmed\u00e4mmung.  <\/p>\n<h3>G\u00fcnstig und preiswert \u2013 unsere Leistung \u00fcberzeugt<\/h3>\n<p>D\u00fcrfen wir Sie informieren, wie Sie g\u00fcnstig und preiswert einen perfekten Sonnenschutz f\u00fcr Ihr Heim umsetzen? Prima, dann z\u00f6gern Sie bitte nicht und nehmen am besten sofort heute noch Verbindung mit uns auf. Ein kurzer Anruf oder eine schnelle Mail gen\u00fcgen. Sehr gerne informieren Sie unsere perfekt ausgebildeten Experten \u00fcber die unterschiedlichen Optionen, wie Sie Ihr Haus g\u00fcnstig und preiswert mit Rolll\u00e4den und Markisen oder anderen Sonnenschutzprodukten versehen. Wir freuen uns auf den Austausch mit Ihnen. <\/p>\n<h4>Hochwertige Arbeit g\u00fcnstig und preiswert<\/h4>\n<p>Vertrauen Sie beim Thema Sonnenschutz und Sicherheit auf den Profi. Nur ein Fachbetrieb kennt die verschiedenen M\u00f6glichkeiten, wie Sie g\u00fcnstig und preiswert, trotzdem qualitativ spitze einen tadellosen Sonnenschutz verwirklichen. Qualit\u00e4tsbewusst, g\u00fcnstig und preiswert: Wir empfehlen uns als spezialisiertes Fachunternehmen im norddeutschen Gebiet. Unsere gro\u00dfe Erfahrung spricht f\u00fcr uns.<\/p>","popseo_links":"<a href=\"https:\/\/www.kaduk-bauelemente.de\/leistungen\/rolltore-maschen\/\">Rolltore Maschen<\/a>, <a href=\"https:\/\/www.kaduk-bauelemente.de\/leistungen\/tueren-bardowick\/\">T\u00fcren Bardowick<\/a>, <a href=\"https:\/\/www.kaduk-bauelemente.de\/leistungen\/rollladen-seevetal-rosengarten\/\">Rollladen Seevetal Rosengarten<\/a>, <a href=\"https:\/\/www.kaduk-bauelemente.de\/leistungen\/aussenjalousien-adendorf\/\">Au\u00dfenjalousien Adendorf<\/a>, <a href=\"https:\/\/www.kaduk-bauelemente.de\/leistungen\/markisen-seevetal-rosengarten\/\">Markisen Seevetal Rosengarten<\/a>, <a href=\"https:\/\/www.kaduk-bauelemente.de\/leistungen\/sektionaltore-bergedorf-wentorf\/\">Sektionaltore Bergedorf Wentorf<\/a>, <a href=\"https:\/\/www.kaduk-bauelemente.de\/leistungen\/terrassendaecher-aus-aluminium-tostedt-sittensen\/\">Terrassend\u00e4cher aus Aluminium Tostedt Sittensen<\/a>, <a href=\"https:\/\/www.kaduk-bauelemente.de\/leistungen\/zaeune-boizenburg\/\">Z\u00e4une Boizenburg<\/a>, <a href=\"https:\/\/www.kaduk-bauelemente.de\/leistungen\/rolllaeden-reppenstedt\/\">Rolll\u00e4den Reppenstedt<\/a>, <a href=\"https:\/\/www.kaduk-bauelemente.de\/leistungen\/carports-salzhausen\/\">Carports Salzhausen<\/a>, <a href=\"https:\/\/www.kaduk-bauelemente.de\/leistungen\/sektionaltore-bienenbuettel\/\">Sektionaltore Bienenb\u00fcttel<\/a>, <a href=\"https:\/\/www.kaduk-bauelemente.de\/leistungen\/garagentore-amt-neuhaus\/\">Garagentore Amt Neuhaus<\/a>, <a href=\"https:\/\/www.kaduk-bauelemente.de\/leistungen\/insektenschutz-bienenbuettel\/\">Insektenschutz Bienenb\u00fcttel<\/a>, <a href=\"https:\/\/www.kaduk-bauelemente.de\/leistungen\/rollladen-adendorf\/\">Rollladen Adendorf<\/a>, <a href=\"https:\/\/www.kaduk-bauelemente.de\/leistungen\/insektenschutz-amt-neuhaus\/\">Insektenschutz Amt Neuhaus<\/a>, <a href=\"https:\/\/www.kaduk-bauelemente.de\/leistungen\/fliegengitter-stelle\/\">Fliegengitter Stelle<\/a>, <a href=\"https:\/\/www.kaduk-bauelemente.de\/leistungen\/fliegengitter-bergedorf-wentorf\/\">Fliegengitter Bergedorf Wentorf<\/a>, <a href=\"https:\/\/www.kaduk-bauelemente.de\/leistungen\/tueren-salzhausen\/\">T\u00fcren Salzhausen<\/a>, <a href=\"https:\/\/www.kaduk-bauelemente.de\/leistungen\/garagen-schwarzenbek\/\">Garagen Schwarzenbek<\/a>, <a href=\"https:\/\/www.kaduk-bauelemente.de\/leistungen\/fenster-jesteburg\/\">Fenster Jesteburg<\/a>, <a href=\"https:\/\/www.kaduk-bauelemente.de\/leistungen\/aussenjalousien-ebstorf\/\">Au\u00dfenjalousien Ebstorf<\/a>, <a href=\"https:\/\/www.kaduk-bauelemente.de\/leistungen\/zaunbau-hanstedt\/\">Zaunbau Hanstedt<\/a>, <a href=\"https:\/\/www.kaduk-bauelemente.de\/leistungen\/fenster-bienenbuettel\/\">Fenster Bienenb\u00fcttel<\/a>, <a href=\"https:\/\/www.kaduk-bauelemente.de\/leistungen\/garagen-bergedorf-wentorf\/\">Garagen Bergedorf Wentorf<\/a>, <a href=\"https:\/\/www.kaduk-bauelemente.de\/leistungen\/insektenschutz-amelinghausen\/\">Insektenschutz Amelinghausen<\/a>, <a href=\"https:\/\/www.kaduk-bauelemente.de\/leistungen\/zaunbau-harburg\/\">Zaunbau Harburg<\/a>"},"_links":{"self":[{"href":"https:\/\/www.kaduk-bauelemente.de\/leistungen\/wp-json\/wp\/v2\/pages\/4312","targetHints":{"allow":["GET"]}}],"collection":[{"href":"https:\/\/www.kaduk-bauelemente.de\/leistungen\/wp-json\/wp\/v2\/pages"}],"about":[{"href":"https:\/\/www.kaduk-bauelemente.de\/leistungen\/wp-json\/wp\/v2\/types\/page"}],"author":[{"embeddable":true,"href":"https:\/\/www.kaduk-bauelemente.de\/leistungen\/wp-json\/wp\/v2\/users\/1"}],"replies":[{"embeddable":true,"href":"https:\/\/www.kaduk-bauelemente.de\/leistungen\/wp-json\/wp\/v2\/comments?post=4312"}],"version-history":[{"count":0,"href":"https:\/\/www.kaduk-bauelemente.de\/leistungen\/wp-json\/wp\/v2\/pages\/4312\/revisions"}],"wp:attachment":[{"href":"https:\/\/www.kaduk-bauelemente.de\/leistungen\/wp-json\/wp\/v2\/media?parent=4312"}],"curies":[{"name":"wp","href":"https:\/\/api.w.org\/{rel}","templated":true}]}}