{"id":4311,"date":"2021-08-25T12:18:53","date_gmt":"2021-08-25T10:18:53","guid":{"rendered":"https:\/\/www.kaduk-bauelemente.de\/leistungen\/haustueren-hanstedt\/"},"modified":"2021-08-25T12:18:53","modified_gmt":"2021-08-25T10:18:53","slug":"haustueren-hanstedt","status":"publish","type":"page","link":"https:\/\/www.kaduk-bauelemente.de\/leistungen\/haustueren-hanstedt\/","title":{"rendered":"Haust\u00fcren &#8211; Hanstedt"},"content":{"rendered":"<h3>Sie interessieren sich f\u00fcr neue Haust\u00fcren? Dann besuchen Sie unsere Ausstellung!<\/h3>\n<p>H\u00fcbsche Haust\u00fcren sind gewisserma\u00dfen die Visitenkarte eines Wohnhauses. T\u00fcren zeugen immer auch von Charakter, Geschmack und Qualit\u00e4tsbewusstsein. Nicht zuletzt unterstreichen moderne Haust\u00fcren das Erscheinungsbild eines Hauses. Hochwertige Haust\u00fcren bieten neben einer attraktiven Optik selbstverst\u00e4ndlich noch deutlich mehr. Auch der Schutz vor Einbrechern und einen Beitrag zum Energiehaushalt k\u00f6nnen Sie erwarten. <\/p>\n<p>Wer eine hochwertige T\u00fcr sucht, muss sich entscheiden: Sie k\u00f6nnen bei Haust\u00fcren zwischen modernem und traditionellem Design entscheiden. Ebenso sind T\u00fcren in Holz, Aluminium oder Kunststoff vorr\u00e4tig. <\/p>\n<h3>D\u00fcrfen wir Ihre Fragen zu Haust\u00fcren  beantworten?<\/h3>\n<p>Sie interessieren sich f\u00fcr neue Haust\u00fcren? Prima, dann sind Sie bei uns komplett an der richtigen Adresse. Als spezialisiertes Fachunternehmen f\u00fchren wir sehr viele Haust\u00fcren f\u00fcr jedweden Geschmack und Zweck. F\u00fcr welche Produktgattung Sie sich letzlich entscheiden: H\u00fcbsche T\u00fcren sind immer ein echter Hingucker. In unserem Ausstellungsraum zeigen wir Ihnen montags bis freitags zwischen 9.00 und 18.00 Uhr sowie am Samstag in der Zeit von 9:00 und 13:00 Uhr eine stattliche Anzahl von Umsetzungsm\u00f6glichkeiten. Die diversen Gestaltungsm\u00f6glichkeiten verleihen modernen Haust\u00fcren einen sehr individualisierten Anstrich.<\/p>\n","protected":false},"excerpt":{"rendered":"<p>Sie interessieren sich f\u00fcr neue Haust\u00fcren? Dann besuchen Sie unsere Ausstellung! H\u00fcbsche Haust\u00fcren sind gewisserma\u00dfen die Visitenkarte eines Wohnhauses. T\u00fcren zeugen immer auch von Charakter, Geschmack und Qualit\u00e4tsbewusstsein. Nicht zuletzt unterstreichen moderne Haust\u00fcren das Erscheinungsbild eines Hauses. Hochwertige Haust\u00fcren bieten neben einer attraktiven Optik selbstverst\u00e4ndlich noch deutlich mehr. Auch der Schutz vor Einbrechern und einen [&hellip;]<\/p>\n","protected":false},"author":1,"featured_media":0,"parent":0,"menu_order":0,"comment_status":"closed","ping_status":"closed","template":"","meta":{"footnotes":""},"class_list":["post-4311","page","type-page","status-publish","hentry"],"meta_box":{"popseo_subtitel":"Wir sind Ihr erfahrener Experte f\u00fcr Haust\u00fcren in Hanstedt","popseo_subtitel2":"Haust\u00fcren - unsere Experten informieren Sie gerne","popseo_lasttitel":"Haust\u00fcren: Wir beantworten Ihre Fragen!","popseo_region":"Hanstedt","popseo_sachwort":"Haust\u00fcren","popseo_noupdate":"","popseo_einleitungstext":"<p>Sie wollen Ihre Gesch\u00e4fts- oder Wohnimmobilie mit zeitgem\u00e4\u00dfen Bauelementen ausstatten lassen interessieren sich f\u00fcr unser Leistungs- und Produktangebot? Prima, dann sind Sie auf dieser Seite an der richtigen Adresse. Unser Produktsortiment umfasst zum Beispiel Markisen, Terrassend\u00e4cher, Rolltore, Au\u00dfenjalousien, T\u00fcren, Fenster, Carports und Rolll\u00e4den. Als auf Sonnenschutz und Sicherheit spezialisiertes Fachunternehmen \u00fcbernehmen wir vor allem auch Reparatur- und Montagearbeiten. Erfahren Sie nachfolgend mehr \u00fcber uns und unser Angebot. Ihr Interesse freut uns sehr.<\/p>","popseo_schlusstext":"<p>Auf Wunsch informieren wir Sie n\u00e4her \u00fcber unsere Produkte und unser Aufgabenfeld. Wir nennen Ihnen mit Vergn\u00fcgen auch ein paar Projekte, die Ihnen einen Einblick in unsere T\u00e4tigkeit geben.<br \/>\nSchenken Sie uns Ihr Vertrauen. Rufen Sie uns doch rasch einmal an oder senden Sie uns eine kurze E-Mail. Wir freuen uns auf den Kontakt zu Ihnen.<\/p>","popseo_stadttext":"<h3>F\u00fcr Sie da in Hanstedt (Harburg)<\/h3>\n<p>Sie kommen aus Hanstedt (Harburg) und sind hier im Internet auf unsere Website gesto\u00dfen? Das finden wir toll. Sehr gerne pr\u00e4sentieren wir Ihnen unser gesamtes Leistungsspektrum und beantworten Ihre Fragen. Durch unsere Vertriebst\u00e4tigkeit haben wir uns einen guten \u00dcberblick \u00fcber die Architektur der Gemeinden und St\u00e4dte unseres Einzugsbereiches erarbeiten k\u00f6nnen. Selbstverst\u00e4ndlich geh\u00f6rt auch Hanstedt (Harburg) unserem unmittelbaren Wirkungskreis. Wir freuen uns darauf, mit Ihnen ins Gespr\u00e4ch zu kommen. <\/p>\n<h3>Einige interessante Informationen \u00fcber Hanstedt (Harburg)<\/h3>\n<p>Zirka 5.800 B\u00fcrger z\u00e4hlt Hanstedt (Harburg). Das Gemeindegebiet umfasst ein Areal von zirka 59 Quadratkilometer. Die \u00d6konomie von Hanstedt nutznie\u00dft von der verkehrstechnisch g\u00fcnstigen Lage in der L\u00fcneburger Heide. Speziell f\u00fcr den Mittelstand erweist sich die Zentralit\u00e4t des Ortes als Wachstumsmotor. Wirtschaftlich wird Hanstedt vor allem durch mittelst\u00e4ndische Betriebe aus den Bereichen Dienstleistung und Handwerk gepr\u00e4gt. Diese Branchen sind ausgesprochen prominent vertreten. Des Weiteren wurde der Fremdenverkehr zu einem wichtigen Standbein der \u00f6rtlichen Wirtschaft. Erholungssuchende finden in Hanstedt (Harburg) zahlreiche M\u00f6glichkeiten zum Wandern und f\u00fcr Radtouren. Besonders die ausdehnten Heidefl\u00e4chen des Naturschutzgebietes L\u00fcneburger Heide sowie die Hanstedter Berge ziehen viele Touristen und Tagesbesucher in die Region. <\/p>\n<p>Hanstedt (Harburg) ist ein familiengerechter Ort. Die Gemeinde verf\u00fcgt \u00fcber eine sehr gute Infrastruktur. Formell geh\u00f6rt Hanstedt zum Landkreis Harburg.<\/p>\n<h4>Hohe Qualit\u00e4t f\u00fcr Kunden aus Hanstedt (Harburg)<\/h4>\n<p>Das Leben in Hanstedt (Harburg) ist beschaulich. Die Gemeinde verf\u00fcgt \u00fcber zahlreiche idyllische Wohnviertel, die besonders von einer ansprechenden Einzelhausbebauung gepr\u00e4gt sind. Sie interessieren sich f\u00fcr unser Leistungsprogramm und haben deshalb unsere Homepage besucht? Das freut uns sehr. Unser freundliches Team nimmt gerne Ihren Anruf entgegen oder beantwortet Ihre E-Mail.<\/p>","popseo_zusatztext":"<h3>G\u00fcnstig und preiswert ohne Abstriche bei der Qualit\u00e4t<\/h3>\n<p>Bauelemente m\u00fcssen gehobenen Anforderungen standhalten. Nichtsdestrotrotz soll es g\u00fcnstig und preiswert sein. Das muss absolut kein Gegensatz sein. <\/p>\n<p>Als Fachbetrieb f\u00fcr Sonnenschutz und Sicherheit verarbeiten wir nur hochwertige Produkte. Nichtsdestotrotz achten wir grunds\u00e4tzlich auf ein angemessenes Preis-Leistungsverh\u00e4ltnis. Wir m\u00f6chten Ihnen Spitzenqualit\u00e4t anbieten, die zugleich auch g\u00fcnstig und preiswert ist. Geben Sie Ihrem Heim g\u00fcnstig und preiswert das gewisse Mehr an Qualit\u00e4t. Markisen und Rolll\u00e4den oder andere Sonnenschutzl\u00f6sungen sehen nicht nur hervorragend aus, sie leisten auch einen bedeutsamen Anteil zur W\u00e4rmed\u00e4mmung.  <\/p>\n<h3>G\u00fcnstig und preiswert \u2013 trotzdem individuell und schick<\/h3>\n<p>D\u00fcrfen wir Sie beraten, wie Sie g\u00fcnstig und preiswert einen optimalen Sonnenschutz f\u00fcr Ihr Zuhause umsetzen? Super, dann z\u00f6gern Sie bitte nicht und nehmen am besten sofort heute noch Kontakt mit uns auf. Ein kurzer Anruf oder eine kurze Mail gen\u00fcgen. Gerne informieren Sie unsere gut ausgebildeten Profis \u00fcber die unterschiedlichen M\u00f6glichkeiten, wie Sie Ihr Zuhause g\u00fcnstig und preiswert mit Rolll\u00e4den und Markisen oder anderen Sonnenschutzprodukten versehen. Wir freuen uns auf das Gespr\u00e4ch mit Ihnen. <\/p>\n<h4>Top-Qualit\u00e4t g\u00fcnstig und preiswert<\/h4>\n<p>Setzen Sie beim Thema Sonnenschutz und Sicherheit auf den Profi. Nur ein Fachbetrieb kennt die diversen M\u00f6glichkeiten, wie Sie g\u00fcnstig und preiswert, gleichzeitig qualitativ hochwertig einen perfekten Sonnenschutz erreichen. Qualit\u00e4tsbewusst, g\u00fcnstig und preiswert: Wir empfehlen uns als spezialisiertes Fachunternehmen im n\u00f6rdlichen Raum. Unsere gro\u00dfe Erfahrung spricht f\u00fcr uns.<\/p>","popseo_links":"<a href=\"https:\/\/www.kaduk-bauelemente.de\/leistungen\/garagen-bienenbuettel\/\">Garagen Bienenb\u00fcttel<\/a>, <a href=\"https:\/\/www.kaduk-bauelemente.de\/leistungen\/rollladen-amelinghausen\/\">Rollladen Amelinghausen<\/a>, <a href=\"https:\/\/www.kaduk-bauelemente.de\/leistungen\/terrassendaecher-aus-holz-amt-neuhaus\/\">Terrassend\u00e4cher aus Holz Amt Neuhaus<\/a>, <a href=\"https:\/\/www.kaduk-bauelemente.de\/leistungen\/rolltore-amt-neuhaus\/\">Rolltore Amt Neuhaus<\/a>, <a href=\"https:\/\/www.kaduk-bauelemente.de\/leistungen\/terrassendaecher-aus-aluminium-maschen\/\">Terrassend\u00e4cher aus Aluminium Maschen<\/a>, <a href=\"https:\/\/www.kaduk-bauelemente.de\/leistungen\/insektenschutz-bergedorf-wentorf\/\">Insektenschutz Bergedorf Wentorf<\/a>, <a href=\"https:\/\/www.kaduk-bauelemente.de\/leistungen\/fliegengitter-bispingen\/\">Fliegengitter Bispingen<\/a>, <a href=\"https:\/\/www.kaduk-bauelemente.de\/leistungen\/fliegengitter-uelzen\/\">Fliegengitter Uelzen<\/a>, <a href=\"https:\/\/www.kaduk-bauelemente.de\/leistungen\/rolllaeden-geesthacht\/\">Rolll\u00e4den Geesthacht<\/a>, <a href=\"https:\/\/www.kaduk-bauelemente.de\/leistungen\/zaunbau-harburg\/\">Zaunbau Harburg<\/a>, <a href=\"https:\/\/www.kaduk-bauelemente.de\/leistungen\/carports-hanstedt\/\">Carports Hanstedt<\/a>, <a href=\"https:\/\/www.kaduk-bauelemente.de\/leistungen\/carports-boizenburg\/\">Carports Boizenburg<\/a>, <a href=\"https:\/\/www.kaduk-bauelemente.de\/leistungen\/garagen-amelinghausen\/\">Garagen Amelinghausen<\/a>, <a href=\"https:\/\/www.kaduk-bauelemente.de\/leistungen\/raffstores-schwarzenbek\/\">Raffstores Schwarzenbek<\/a>, <a href=\"https:\/\/www.kaduk-bauelemente.de\/leistungen\/fliegengitter-herzogtum-lauenburg\/\">Fliegengitter Herzogtum Lauenburg<\/a>, <a href=\"https:\/\/www.kaduk-bauelemente.de\/leistungen\/rollladen-boizenburg\/\">Rollladen Boizenburg<\/a>, <a href=\"https:\/\/www.kaduk-bauelemente.de\/leistungen\/kunststofffenster-adendorf\/\">Kunststofffenster Adendorf<\/a>, <a href=\"https:\/\/www.kaduk-bauelemente.de\/leistungen\/kunststofffenster-maschen\/\">Kunststofffenster Maschen<\/a>, <a href=\"https:\/\/www.kaduk-bauelemente.de\/leistungen\/zaunbau-stelle\/\">Zaunbau Stelle<\/a>, <a href=\"https:\/\/www.kaduk-bauelemente.de\/leistungen\/rollladen-winsen-luhe\/\">Rollladen Winsen Luhe<\/a>, <a href=\"https:\/\/www.kaduk-bauelemente.de\/leistungen\/holzfenster-uelzen\/\">Holzfenster Uelzen<\/a>, <a href=\"https:\/\/www.kaduk-bauelemente.de\/leistungen\/sektionaltore-bardowick\/\">Sektionaltore Bardowick<\/a>, <a href=\"https:\/\/www.kaduk-bauelemente.de\/leistungen\/terrassendaecher-aus-holz-bardowick\/\">Terrassend\u00e4cher aus Holz Bardowick<\/a>, <a href=\"https:\/\/www.kaduk-bauelemente.de\/leistungen\/zaeune-bienenbuettel\/\">Z\u00e4une Bienenb\u00fcttel<\/a>, <a href=\"https:\/\/www.kaduk-bauelemente.de\/leistungen\/insektenschutz-adendorf\/\">Insektenschutz Adendorf<\/a>, <a href=\"https:\/\/www.kaduk-bauelemente.de\/leistungen\/raffstores-adendorf\/\">Raffstores Adendorf<\/a>"},"_links":{"self":[{"href":"https:\/\/www.kaduk-bauelemente.de\/leistungen\/wp-json\/wp\/v2\/pages\/4311","targetHints":{"allow":["GET"]}}],"collection":[{"href":"https:\/\/www.kaduk-bauelemente.de\/leistungen\/wp-json\/wp\/v2\/pages"}],"about":[{"href":"https:\/\/www.kaduk-bauelemente.de\/leistungen\/wp-json\/wp\/v2\/types\/page"}],"author":[{"embeddable":true,"href":"https:\/\/www.kaduk-bauelemente.de\/leistungen\/wp-json\/wp\/v2\/users\/1"}],"replies":[{"embeddable":true,"href":"https:\/\/www.kaduk-bauelemente.de\/leistungen\/wp-json\/wp\/v2\/comments?post=4311"}],"version-history":[{"count":0,"href":"https:\/\/www.kaduk-bauelemente.de\/leistungen\/wp-json\/wp\/v2\/pages\/4311\/revisions"}],"wp:attachment":[{"href":"https:\/\/www.kaduk-bauelemente.de\/leistungen\/wp-json\/wp\/v2\/media?parent=4311"}],"curies":[{"name":"wp","href":"https:\/\/api.w.org\/{rel}","templated":true}]}}