{"id":4308,"date":"2021-08-25T12:18:53","date_gmt":"2021-08-25T10:18:53","guid":{"rendered":"https:\/\/www.kaduk-bauelemente.de\/leistungen\/haustueren-buechen\/"},"modified":"2021-08-25T12:18:53","modified_gmt":"2021-08-25T10:18:53","slug":"haustueren-buechen","status":"publish","type":"page","link":"https:\/\/www.kaduk-bauelemente.de\/leistungen\/haustueren-buechen\/","title":{"rendered":"Haust\u00fcren &#8211; B\u00fcchen"},"content":{"rendered":"<h3>Neue Haust\u00fcren sind immer eine gute Idee!<\/h3>\n<p>H\u00fcbsche Haust\u00fcren sind in gewisser Weise die Visitenkarte eines Wohn- oder Gesch\u00e4ftshauses. T\u00fcren zeugen immer auch von Pers\u00f6nlichkeit, Geschmack und Qualit\u00e4tsbewusstsein. Nicht zuletzt betonen moderne Haust\u00fcren die Optik eines Gesch\u00e4fts- und Wohnhauses. Ansprechende Haust\u00fcren bieten neben einer optimalen Optik nat\u00fcrlich noch viel mehr. Auch einen guten Einbruchsschutz und einen Beitrag zum W\u00e4rmehaushalt k\u00f6nnen Sie erwarten. <\/p>\n<p>Wer eine ansprechende T\u00fcr sucht, steht vor der Wahl: Sie m\u00fcssen bei Haust\u00fcren zwischen traditionellem und modernem Design entscheiden. Ebenso sind T\u00fcren in Kunststoff, Holz oder Aluminium vorr\u00e4tig. <\/p>\n<h3>Neue Haust\u00fcren sind auch optisch ein Gewinn!<\/h3>\n<p>Sie interessieren sich f\u00fcr neue Haust\u00fcren? Prima, in dem Fall sind Sie bei uns genau an der korrekten Adresse. Als spezialisiertes Unternehmen f\u00fchren wir sehr viele Haust\u00fcren f\u00fcr jedweden Zweck und Geschmack. F\u00fcr welche Variante Sie sich auch entscheiden: Sch\u00f6ne T\u00fcren sind immer ein echter Hingucker. In unserem Ausstellungsraum zeigen wir Ihnen von Montag bis Freitag in der Zeit von 9.00 und 18.00 Uhr sowie samstags zwischen 9:00 und 13:00 Uhr zahllose Umsetzungsm\u00f6glichkeiten. Die unterschiedlichen Auswahlm\u00f6glichkeiten verleihen modernen Haust\u00fcren einen sehr speziellen Anstrich.<\/p>\n","protected":false},"excerpt":{"rendered":"<p>Neue Haust\u00fcren sind immer eine gute Idee! H\u00fcbsche Haust\u00fcren sind in gewisser Weise die Visitenkarte eines Wohn- oder Gesch\u00e4ftshauses. T\u00fcren zeugen immer auch von Pers\u00f6nlichkeit, Geschmack und Qualit\u00e4tsbewusstsein. Nicht zuletzt betonen moderne Haust\u00fcren die Optik eines Gesch\u00e4fts- und Wohnhauses. Ansprechende Haust\u00fcren bieten neben einer optimalen Optik nat\u00fcrlich noch viel mehr. Auch einen guten Einbruchsschutz und [&hellip;]<\/p>\n","protected":false},"author":1,"featured_media":0,"parent":0,"menu_order":0,"comment_status":"closed","ping_status":"closed","template":"","meta":{"footnotes":""},"class_list":["post-4308","page","type-page","status-publish","hentry"],"meta_box":{"popseo_subtitel":"Kaduk Bauelemente ist Ihr erfahrener Experte f\u00fcr Haust\u00fcren in B\u00fcchen","popseo_subtitel2":"Haust\u00fcren - unsere Experten informieren Sie gerne","popseo_lasttitel":"Haust\u00fcren: Wir beantworten Ihre Fragen!","popseo_region":"B\u00fcchen","popseo_sachwort":"Haust\u00fcren","popseo_noupdate":"","popseo_einleitungstext":"<p>Auf Wunsch informieren wir Sie n\u00e4her \u00fcber unser Produkt- und T\u00e4tigkeitsspektrum. Wir pr\u00e4sentieren Ihnen mit Vergn\u00fcgen auch ein paar Referenzprojekte, die Ihnen einen Einblick in unsere Arbeit geben.<br \/>\nWir sind f\u00fcr Sie da. Rufen Sie uns doch einfach einmal an oder schicken Sie uns eine schnelle E-Mail. Wir freuen uns auf den Kontakt zu Ihnen.<\/p>","popseo_schlusstext":"<p>Wenn Sie mehr wissen m\u00f6chten, informieren wir Sie n\u00e4her \u00fcber unser Produkt- und T\u00e4tigkeitsspektrum. Wir nennen Ihnen mit Vergn\u00fcgen auch ein paar Projekte, die Ihnen einen Einblick in unsere T\u00e4tigkeit geben.<br \/>\nSetzen Sie auf die Expertise eines erfahrenen Fachbetriebes. Rufen Sie uns doch einfach einmal an oder senden Sie uns eine kurze E-Mail. Wir freuen uns auf Ihre Kontaktaufnahme.<\/p>","popseo_stadttext":"<h3>Unsere Leistung auch in B\u00fcchen<\/h3>\n<p>Durch unsere Gesch\u00e4ftst\u00e4tigkeit haben wir uns einen sehr guten \u00dcberblick \u00fcber die Architektur der Gemeinden und St\u00e4dte unseres Einzugsbereiches erarbeiten k\u00f6nnen. Nat\u00fcrlich geh\u00f6rt auch B\u00fcchen zu unserem unmittelbaren Wirkungskreis. Wir freuen uns darauf, mit Ihnen in Kontakt zu treten. <\/p>\n<h3>Einige interessante Informationen \u00fcber B\u00fcchen<\/h3>\n<p>B\u00fcchen befindet sich im M\u00fcndungsbereich des Elbe-L\u00fcbeck-Kanals im Kreis Herzogtum-Lauenburg im s\u00fcdlichen Schleswig-Holstein. In Summe 5.700 Einwohner wohnen in B\u00fcchen auf einer Gesamtfl\u00e4che von 16 qkm. Die Entfernung zwischen B\u00fcchen und der Gro\u00dfstadt Hamburg bel\u00e4uft sich auf zirka 40 Kilometer. Zahllose Pendler haben ihren Wohnsitz in der Gemeinde B\u00fcchen. Wer seinen Arbeitsplatz in Hamburg hat, das private Lebensumfeld jedoch lieber etwas weniger hektisch hat, wei\u00df die Vorz\u00fcge der Gemeinde B\u00fcchen zu sch\u00e4tzen.<\/p>\n<p>B\u00fcchen ist ein Halt auf den Bahnlinien L\u00fcneburg-L\u00fcbeck und Berlin-Hamburg. Wer die Zeit der deutschen Teilung miterlebt hat, erinnert sich sicherlich noch an die strengen Passkontrollen im Bahnhof von B\u00fcchen. Bis 1990 lag B\u00fcchen im unmittelbaren Grenzgebiet zwischen der alten Bundesrepublik und der damaligen DDR. Wer mit dem Wagen f\u00e4hrt, erreicht die Gemeinde B\u00fcchen am besten \u00fcber die Bundesautobahn A24. Die Auffahrt B\u00fcchen findet sich knapp acht Kilometer von der City entfernt.<\/p>\n<h3>Reizvolles B\u00fcchen!<\/h3>\n<p>Die heutige Stadt B\u00fcchen ist ein Zusammenschluss verschiedener kleinerer Orte. Dem namensgebenden B\u00fcchen selbst gemeindete man in den 1930er Jahren die Ortschaften N\u00fcssau und P\u00f6trau ein. Das Amt B\u00fcchen z\u00e4hlt in Summe 15 Gemeinden. Durch die r\u00e4umliche N\u00e4he zur Metropole Hamburg hat sich in B\u00fcchen ein erstaunlich ansehnliches Wirtschaftsleben etabliert. Der Wirtschaftsstandort ist gut gelegen und bietet Unternehmern hervorragende Konditionen. <\/p>\n<p>Sehr gesch\u00e4tzt wird B\u00fcchen von Naturfreunden wegen seines hohen Erholungswertes. In B\u00fcchen startet man gerne zu weiten Touren durch den Naturpark Lauenburgische Seen. Insbesondere f\u00fcr Familien ist B\u00fcchen geeignet. Die angenehme Lage sowie eine hervorragende Infrastruktur zeichnen die Gemeinde aus. S\u00e4mtliche Schulformen sind vorhanden und auch das \u00f6rtliche Jugendzentrum erfreut sich regem Zuspruch. <\/p>\n<h4>Wir f\u00fcr Sie in B\u00fcchen!<\/h4>\n<p>Wir finden es prima, dass Sie unsere Website entdeckt haben. Unser Fachunternehmen steht f\u00fcr ein sehr gutes Preis-Leistungs-Verh\u00e4ltnis. Sie m\u00f6chten mehr \u00fcber uns erfahren? F\u00fcr R\u00fcckfragen stehen wir Ihnen jederzeit zur Verf\u00fcgung. Auf den Kontakt zu Ihnen freuen wir uns.<\/p>","popseo_zusatztext":"<h3>Tradition und Erfahrung zeichnen unseren Fachbetrieb aus<\/h3>\n<p>Vertrauen Sie bei Sicherheit und Sonnenschutz unbedingt auf die sachspezifische Leistung vom Fachbetrieb. Nur ein Fachbetrieb kennt die Tricks und Tipps, wie man zu einem \u00fcberzeugenden Ergebnis kommt. Um sich mit Fug und Recht als Fachbetrieb zu titulieren, braucht es eine anerkannte Ausbildung der Mitarbeiter und eine jahrelange Fachkenntnis.  <\/p>\n<p>Unsere Unternehmung empfiehlt sich als Ihr qualifizierter Fachbetrieb f\u00fcr Sicherheit und Sonnenschutz. Setzen Sie auf Qualit\u00e4t und schenken Sie unserem Fachbetrieb Ihr Vertrauen. Wir bieten Ihnen z.B. hervorragende Markisen und Rolll\u00e4den und legen h\u00f6chsten Wert auf einen indivduellen Service. Schon seit vielen Jahren sind wir erfahrener Fachbetrieb f\u00fcr Terrassend\u00e4cher, Au\u00dfenjalousien, Rolll\u00e4den im Raum L\u00fcneburg. Es ist unser Bestreben, dass Sie dauerhaft viel Freude an Ihrem Sicht und Sonnenschutz haben. Von einem Fachbetrieb d\u00fcrfen Sie zu Recht eine absolute Top-Leistung erwarten.<\/p>\n<h3>Auf einen Fachbetrieb ist Verlass<\/h3>\n<p>Als Fachbetrieb darf sich eine Unternehmung bezeichnen, deren Mitarbeiter \u00fcber dokumentierte Qualifikationen verf\u00fcgen. Dies ist z.B. eine entsprechende Berufsausbildung oder ein Meisterbrief. Auch zeichnet eine intensive praktische Erfahrung einen Fachbetrieb aus. Bereits seit vielen Jahren konzentrieren wir uns als spezialisiertes Unternehmen auf Sicherheit und Sonnenschutz von Wohn- und Gesch\u00e4ftsh\u00e4usern. In diesen vielen Jahren haben wir uns die Bezeichnung Fachbetrieb bestimmt verdient. Wir verwenden uneingeschr\u00e4nkt qualitativ beste Artikel. Dabei achten wir immer auf ein perfektes Preis-Leistungsverh\u00e4ltnis. Unser Motto als Fachbetrieb: Wir bieten Ihnen 1a-Leistung zu einem 1a- Preis.<\/p>","popseo_links":"<a href=\"https:\/\/www.kaduk-bauelemente.de\/leistungen\/garagentore-seevetal-rosengarten\/\">Garagentore Seevetal Rosengarten<\/a>, <a href=\"https:\/\/www.kaduk-bauelemente.de\/leistungen\/terrassendaecher-aus-aluminium-bergedorf-wentorf\/\">Terrassend\u00e4cher aus Aluminium Bergedorf Wentorf<\/a>, <a href=\"https:\/\/www.kaduk-bauelemente.de\/leistungen\/insektenschutz-schwarzenbek\/\">Insektenschutz Schwarzenbek<\/a>, <a href=\"https:\/\/www.kaduk-bauelemente.de\/leistungen\/zaeune-seevetal-rosengarten\/\">Z\u00e4une Seevetal Rosengarten<\/a>, <a href=\"https:\/\/www.kaduk-bauelemente.de\/leistungen\/terrassendaecher-aus-holz-lueneburg\/\">Terrassend\u00e4cher aus Holz L\u00fcneburg<\/a>, <a href=\"https:\/\/www.kaduk-bauelemente.de\/leistungen\/garagentore-bienenbuettel\/\">Garagentore Bienenb\u00fcttel<\/a>, <a href=\"https:\/\/www.kaduk-bauelemente.de\/leistungen\/garagentore-hanstedt\/\">Garagentore Hanstedt<\/a>, <a href=\"https:\/\/www.kaduk-bauelemente.de\/leistungen\/tueren-buchholz\/\">T\u00fcren Buchholz<\/a>, <a href=\"https:\/\/www.kaduk-bauelemente.de\/leistungen\/terrassendaecher-aus-holz-amt-neuhaus\/\">Terrassend\u00e4cher aus Holz Amt Neuhaus<\/a>, <a href=\"https:\/\/www.kaduk-bauelemente.de\/leistungen\/holzfenster-uelzen\/\">Holzfenster Uelzen<\/a>, <a href=\"https:\/\/www.kaduk-bauelemente.de\/leistungen\/fenster-adendorf\/\">Fenster Adendorf<\/a>, <a href=\"https:\/\/www.kaduk-bauelemente.de\/leistungen\/tueren-amt-neuhaus\/\">T\u00fcren Amt Neuhaus<\/a>, <a href=\"https:\/\/www.kaduk-bauelemente.de\/leistungen\/aussenjalousien-uelzen\/\">Au\u00dfenjalousien Uelzen<\/a>, <a href=\"https:\/\/www.kaduk-bauelemente.de\/leistungen\/terrassenueberdachungen-aus-aluminium-reinbek-glinde\/\">Terrassen\u00fcberdachungen aus Aluminium Reinbek Glinde<\/a>, <a href=\"https:\/\/www.kaduk-bauelemente.de\/leistungen\/rolltore-buechen\/\">Rolltore B\u00fcchen<\/a>, <a href=\"https:\/\/www.kaduk-bauelemente.de\/leistungen\/aussenjalousien-bienenbuettel\/\">Au\u00dfenjalousien Bienenb\u00fcttel<\/a>, <a href=\"https:\/\/www.kaduk-bauelemente.de\/leistungen\/markisen-uelzen\/\">Markisen Uelzen<\/a>, <a href=\"https:\/\/www.kaduk-bauelemente.de\/leistungen\/garagen-harburg\/\">Garagen Harburg<\/a>, <a href=\"https:\/\/www.kaduk-bauelemente.de\/leistungen\/terrassendaecher-aus-aluminium-adendorf\/\">Terrassend\u00e4cher aus Aluminium Adendorf<\/a>, <a href=\"https:\/\/www.kaduk-bauelemente.de\/leistungen\/sektionaltore-bienenbuettel\/\">Sektionaltore Bienenb\u00fcttel<\/a>, <a href=\"https:\/\/www.kaduk-bauelemente.de\/leistungen\/zaunbau-reinbek-glinde\/\">Zaunbau Reinbek Glinde<\/a>, <a href=\"https:\/\/www.kaduk-bauelemente.de\/leistungen\/terrassendaecher-aus-holz-jesteburg\/\">Terrassend\u00e4cher aus Holz Jesteburg<\/a>, <a href=\"https:\/\/www.kaduk-bauelemente.de\/leistungen\/markisen-buechen\/\">Markisen B\u00fcchen<\/a>, <a href=\"https:\/\/www.kaduk-bauelemente.de\/leistungen\/kunststofffenster-herzogtum-lauenburg\/\">Kunststofffenster Herzogtum Lauenburg<\/a>, <a href=\"https:\/\/www.kaduk-bauelemente.de\/leistungen\/insektenschutz-tostedt-sittensen\/\">Insektenschutz Tostedt Sittensen<\/a>, <a href=\"https:\/\/www.kaduk-bauelemente.de\/leistungen\/carports-schwarzenbek\/\">Carports Schwarzenbek<\/a>"},"_links":{"self":[{"href":"https:\/\/www.kaduk-bauelemente.de\/leistungen\/wp-json\/wp\/v2\/pages\/4308","targetHints":{"allow":["GET"]}}],"collection":[{"href":"https:\/\/www.kaduk-bauelemente.de\/leistungen\/wp-json\/wp\/v2\/pages"}],"about":[{"href":"https:\/\/www.kaduk-bauelemente.de\/leistungen\/wp-json\/wp\/v2\/types\/page"}],"author":[{"embeddable":true,"href":"https:\/\/www.kaduk-bauelemente.de\/leistungen\/wp-json\/wp\/v2\/users\/1"}],"replies":[{"embeddable":true,"href":"https:\/\/www.kaduk-bauelemente.de\/leistungen\/wp-json\/wp\/v2\/comments?post=4308"}],"version-history":[{"count":0,"href":"https:\/\/www.kaduk-bauelemente.de\/leistungen\/wp-json\/wp\/v2\/pages\/4308\/revisions"}],"wp:attachment":[{"href":"https:\/\/www.kaduk-bauelemente.de\/leistungen\/wp-json\/wp\/v2\/media?parent=4308"}],"curies":[{"name":"wp","href":"https:\/\/api.w.org\/{rel}","templated":true}]}}