{"id":4306,"date":"2021-08-25T12:18:53","date_gmt":"2021-08-25T10:18:53","guid":{"rendered":"https:\/\/www.kaduk-bauelemente.de\/leistungen\/haustueren-boizenburg\/"},"modified":"2021-08-25T12:18:53","modified_gmt":"2021-08-25T10:18:53","slug":"haustueren-boizenburg","status":"publish","type":"page","link":"https:\/\/www.kaduk-bauelemente.de\/leistungen\/haustueren-boizenburg\/","title":{"rendered":"Haust\u00fcren &#8211; Boizenburg"},"content":{"rendered":"<h3>Wir informieren Sie \u00fcber Haust\u00fcren!<\/h3>\n<p>H\u00fcbsche Haust\u00fcren sind in gewisser Weise die Visitenkarte eines Hauses. T\u00fcren zeugen immer auch von Pers\u00f6nlichkeit, Stil und Qualit\u00e4tsanspruch. Nicht zuletzt betonen moderne Haust\u00fcren das Erscheinungsbild eines Gesch\u00e4fts- und Wohnhauses. Ansprechende Haust\u00fcren bieten neben einer attraktiven Optik nat\u00fcrlich noch etliches mehr. Auch einen guten Einbruchsschutz und einen Beitrag zum Energiehaushalt k\u00f6nnen Sie erwarten. <\/p>\n<p>Wer eine sch\u00f6ne T\u00fcr sucht, muss sich entscheiden: Sie d\u00fcrfen bei Haust\u00fcren zwischen modernem und traditionellem Design ausw\u00e4hlen. Ebenso sind T\u00fcren in Kunststoff, Holz oder Aluminium zu bekommen. <\/p>\n<h3>D\u00fcrfen wir Ihre Fragen zu Haust\u00fcren  beantworten?<\/h3>\n<p>Sie interessieren sich f\u00fcr neue Haust\u00fcren? Super, in dem Fall sind Sie bei uns exakt an der korrekten Adresse. Als spezialisiertes Fachunternehmen f\u00fchren wir zahllose Haust\u00fcren f\u00fcr jedweden Geschmack und Zweck. F\u00fcr welche L\u00f6sung Sie sich letztendlich entscheiden: Exklusive T\u00fcren sind immer ein echter Hingucker. In unserer Ausstellung pr\u00e4sentieren wir Ihnen von Montag bis Freitag in der Zeit von 9.00 und 18.00 Uhr sowie samstags zwischen 9:00 und 13:00 Uhr zahllose L\u00f6sungsalternativen. Die diversen Anpassungsm\u00f6glichkeiten geben modernen Haust\u00fcren einen \u00e4u\u00dferst speziellen Anstrich.<\/p>\n","protected":false},"excerpt":{"rendered":"<p>Wir informieren Sie \u00fcber Haust\u00fcren! H\u00fcbsche Haust\u00fcren sind in gewisser Weise die Visitenkarte eines Hauses. T\u00fcren zeugen immer auch von Pers\u00f6nlichkeit, Stil und Qualit\u00e4tsanspruch. Nicht zuletzt betonen moderne Haust\u00fcren das Erscheinungsbild eines Gesch\u00e4fts- und Wohnhauses. Ansprechende Haust\u00fcren bieten neben einer attraktiven Optik nat\u00fcrlich noch etliches mehr. Auch einen guten Einbruchsschutz und einen Beitrag zum Energiehaushalt [&hellip;]<\/p>\n","protected":false},"author":1,"featured_media":0,"parent":0,"menu_order":0,"comment_status":"closed","ping_status":"closed","template":"","meta":{"footnotes":""},"class_list":["post-4306","page","type-page","status-publish","hentry"],"meta_box":{"popseo_subtitel":"Kaduk Bauelemente ist Ihr Fachbetrieb f\u00fcr Haust\u00fcren im Raum Boizenburg","popseo_subtitel2":"Haust\u00fcren - von den Spezialisten unserer Firma","popseo_lasttitel":"Haust\u00fcren: Treten Sie in Kontakt mit uns!","popseo_region":"Boizenburg","popseo_sachwort":"Haust\u00fcren","popseo_noupdate":"","popseo_einleitungstext":"<p>Wenn Sie mehr wissen m\u00f6chten, informieren wir Sie n\u00e4her \u00fcber unsere Produkte und unser Aufgabenfeld. Wir pr\u00e4sentieren Ihnen mit Vergn\u00fcgen auch einige Projekte, die Ihnen einen Einblick in unsere Firment\u00e4tigkeit geben.<br \/>\nSchenken Sie uns Ihr Vertrauen. Rufen Sie uns doch rasch einmal an oder schicken Sie uns eine schnelle E-Mail. Wir freuen uns auf Ihre Kontaktaufnahme.<\/p>","popseo_schlusstext":"<p>Wenn Sie einen qualifizierten Fachbetrieb f\u00fcr hochwertige Sonnenschutz- und Sicherheitsprodukte suchen, sind Sie bei uns richtig. Sie m\u00f6chten mehr \u00fcber uns erfahren? Als auf Bauelemente spezialisierte Handwerksfirma sind wir f\u00fcr Ihr Vorhaben der ideale Dienstleister und freuen uns \u00fcber Ihre Kontaktaufnahme, egal ob per Griff zum Telefonh\u00f6rer oder Nachricht per E-Mail. Worauf Sie neben Fachwissen setzen d\u00fcrfen: Unser Team ist motiviert und immer mit Schwung und Elan f\u00fcr Sie im Einsatz. Wir freuen uns auf Sie!<\/p>","popseo_stadttext":"<h3>Wir sind Ihr Partner auch in Boizenburg<\/h3>\n<p>Unser Einzugsbereich umfasst auch Boizenburg. Durch unsere T\u00e4tigkeit haben wir uns einen guten \u00dcberblick \u00fcber die Stadtarchitektur der Gemeinden und St\u00e4dte unseres Vertriebsgebietes erarbeiten k\u00f6nnen. Wir f\u00fchlen uns der Region verpflichtet und sind stolz darauf, auch einen Anteil zur ausgezeichneten Infrastruktur der Stadt Boizenburg beisteuern zu k\u00f6nnen.  <\/p>\n<h3>Einige Informationen zur Stadt Boizenburg<\/h3>\n<p>Die Stadt Boizenburg befindet sich im Kreis Ludwigslust-Parchim in Mecklenburg-Vorpommern. In Boizenburg leben ca. 10.000 Menschen auf einer Fl\u00e4che von 47 Quadratkilometer. Der Name Boizenburg leitet sich ab vom Fluss Boitze. Dieser flie\u00dft unmittelbar durch das Gemeindegebiet. Allgemein bekannter d\u00fcrfte jedoch sein, dass Boizenburg an der Elbe liegt. Boizenburg teilt sich auf in insgesamt f\u00fcnf Ortsteile. Dies sind Gehrum, Bahlenburg, Bahlen, Heide und Gothmann. <\/p>\n<p>Boizenburg ist eine mehr oder minder alte Ortschaft. Erstmalig erw\u00e4hnt wurde die Region schon im Jahre 1171. W\u00e4hrend der DDR-Zeit war Boizenburg weitgehend abgeschieden. Die einstmalige Deutsch-Deutsche-Grenze lief unmittelbar entlang des Ortsgebietes von Boizenburg. Zu dieser Zeit war Boizenburg Sperrzone. Einwohner und Besucher der Stadt ben\u00f6tigten seinerzeit einen beh\u00f6rdlichen Passierschein. Eine Begrenzung der pers\u00f6nlichen Freiheit, die in unserer Zeit zum Gl\u00fcck kaum noch nachvollziehbar ist. <\/p>\n<h3>Reizvolles Boizenburg!<\/h3>\n<p>Nach dem Zusammenschluss der zwei deutschen Staaten bl\u00fchte Boizenburg massiv auf. Der historische Stadtkern wurde saniert. Auch der kleine Elbhafen wurde umfangreich neu gestaltet. Aktuell ist Boizenburg eine sch\u00f6n gelegene Kleinstadt, die ihren B\u00fcrgern ein sehr gutes Lebensumfeld bietet. Die Innenstadt von Boizenburg wird von einer mittelalterlichen Wallanlage beherrscht. Zahlreiche Fachwerkh\u00e4user runden das Stadtbild ab. Besonders ins Auge fallend ist auch das Rathaus Boizenburg - das bezaubernde Fachwerkhaus wurde 1711 erbaut. Des Weiteren pr\u00e4gt besonders die Sankt Marien Kirche die Anmutung der mecklenburgischen Mittelstadt.<\/p>\n<p>Die Wirtschaft von Boizenburg ist gepr\u00e4gt von mittelst\u00e4ndischen Unternehmen. Etwa 50 Hektar Gewerbegrund steht in Boizenburg bereit. Eine weitere Ausdehnung ist geplant. F\u00fcr junge Familien ist Boizenburg als Wohnort von Interesse. Das Sport- und Kulturangebot wirbt durch seine Vielf\u00e4ltigkeit. Schulische Einrichtungen jeglicher Coleur und Kindertagesst\u00e4tten sind in ausreichender Anzahl vorhanden.  <\/p>\n<h4>Wir f\u00fcr Sie in Boizenburg!<\/h4>\n<p>Klasse, dass Sie unsere Internetseite entdeckt haben. Wenn Sie eine erfahrene Fachfirma ben\u00f6tigen, sind Sie bei uns richtig. Sie m\u00f6chten mehr \u00fcber uns erfahren? F\u00fcr R\u00fcckfragen stehen wir Ihnen jederzeit zur Verf\u00fcgung. Auf Ihre Anfragen freuen wir uns.<\/p>","popseo_zusatztext":"<h3>Wir sind Fachbetrieb f\u00fcr Sicht- und Sonnenschutz<\/h3>\n<p>Setzen Sie bei Sicherheit und Sonnenschutz unbedingt auf die sachliche Leistung vom Fachbetrieb. Nur ein Fachbetrieb wei\u00df von den M\u00f6glichkeiten, wie man zu einem sehr guten Ergebnis kommt. Um sich mit Fug und Recht Fachbetrieb nennen zu k\u00f6nnen, braucht es eine anerkannte Ausbildung der Mitarbeiter und eine jahrelange Erfahrung.  <\/p>\n<p>Unser Fachbetrieb empfiehlt sich als Ihr kompetenter Fachbetrieb f\u00fcr Sonnenschutz und Sicherheit. Erreichen Sie Ihr Ziel und schenken Sie unserem Fachbetrieb Ihr Vertrauen. Wir bieten Ihnen u.a. schicke Markisen und Rolll\u00e4den und legen h\u00f6chsten Wert auf einen sehr guten Service. Schon seit vielen Jahren sind wir spezialisierter Fachbetrieb f\u00fcr Au\u00dfenjalousien, Rolll\u00e4den, Markisen und Terrassend\u00e4cher im Raum L\u00fcneburg. Es ist unser Bestreben, dass Sie \u00fcber lange Zeit viel Freude an Ihrem Sicht und Sonnenschutz haben. Von einem Fachbetrieb d\u00fcrfen Sie nat\u00fcrlich eine fehlerfreie Top-Leistung erwarten.<\/p>\n<h3>Dirk Kaduk Bauelemente \u2013 Ihr Fachbetrieb f\u00fcr Sicherheit und Sonnenschutz<\/h3>\n<p>Als Fachbetrieb darf sich ein Unternehmen bezeichnen, deren Angestellte \u00fcber dokumentierte Qualifikationen verf\u00fcgen. Dies ist beispielsweise eine entsprechende Ausbildung oder ein Meisterbrief. Dar\u00fcber hinaus zeichnet eine langj\u00e4hrige praktische Erfahrung einen Fachbetrieb aus. Schon seit vielen Jahren konzentrieren wir uns als spezialisiertes Unternehmen auf Sonnenschutz und Sicherheit von Wohn- und Gesch\u00e4ftsgeb\u00e4uden. In diesen vielen Jahren haben wir uns das Attribut Fachbetrieb ganz sicher verdient. Wir verwenden ausschlie\u00dflich hervorragende Artikel. Dabei achten wir stets auf ein perfektes Preis-Leistungsverh\u00e4ltnis. Unser Selbstverst\u00e4ndnis als Fachbetrieb: Wir bieten Ihnen 1a-Leistung zu einem fairen Preis.<\/p>","popseo_links":"<a href=\"https:\/\/www.kaduk-bauelemente.de\/leistungen\/sektionaltore-lueneburg\/\">Sektionaltore L\u00fcneburg<\/a>, <a href=\"https:\/\/www.kaduk-bauelemente.de\/leistungen\/zaunbau-stelle\/\">Zaunbau Stelle<\/a>, <a href=\"https:\/\/www.kaduk-bauelemente.de\/leistungen\/holzfenster-amelinghausen\/\">Holzfenster Amelinghausen<\/a>, <a href=\"https:\/\/www.kaduk-bauelemente.de\/leistungen\/garagentore-salzhausen\/\">Garagentore Salzhausen<\/a>, <a href=\"https:\/\/www.kaduk-bauelemente.de\/leistungen\/raffstores-uelzen\/\">Raffstores Uelzen<\/a>, <a href=\"https:\/\/www.kaduk-bauelemente.de\/leistungen\/terrassenueberdachungen-aus-aluminium-geesthacht\/\">Terrassen\u00fcberdachungen aus Aluminium Geesthacht<\/a>, <a href=\"https:\/\/www.kaduk-bauelemente.de\/leistungen\/fliegengitter-reppenstedt\/\">Fliegengitter Reppenstedt<\/a>, <a href=\"https:\/\/www.kaduk-bauelemente.de\/leistungen\/zaunbau-bardowick\/\">Zaunbau Bardowick<\/a>, <a href=\"https:\/\/www.kaduk-bauelemente.de\/leistungen\/rolltore-buechen\/\">Rolltore B\u00fcchen<\/a>, <a href=\"https:\/\/www.kaduk-bauelemente.de\/leistungen\/rolllaeden-salzhausen\/\">Rolll\u00e4den Salzhausen<\/a>, <a href=\"https:\/\/www.kaduk-bauelemente.de\/leistungen\/sektionaltore-bispingen\/\">Sektionaltore Bispingen<\/a>, <a href=\"https:\/\/www.kaduk-bauelemente.de\/leistungen\/zaeune-bad-bevensen\/\">Z\u00e4une Bad Bevensen<\/a>, <a href=\"https:\/\/www.kaduk-bauelemente.de\/leistungen\/aussenjalousien-amt-neuhaus\/\">Au\u00dfenjalousien Amt Neuhaus<\/a>, <a href=\"https:\/\/www.kaduk-bauelemente.de\/leistungen\/fliegengitter-amt-neuhaus\/\">Fliegengitter Amt Neuhaus<\/a>, <a href=\"https:\/\/www.kaduk-bauelemente.de\/leistungen\/terrassenueberdachungen-aus-holz-bad-bevensen\/\">Terrassen\u00fcberdachungen aus Holz Bad Bevensen<\/a>, <a href=\"https:\/\/www.kaduk-bauelemente.de\/leistungen\/tueren-boizenburg\/\">T\u00fcren Boizenburg<\/a>, <a href=\"https:\/\/www.kaduk-bauelemente.de\/leistungen\/zaunbau-schwarzenbek\/\">Zaunbau Schwarzenbek<\/a>, <a href=\"https:\/\/www.kaduk-bauelemente.de\/leistungen\/zaeune-buechen\/\">Z\u00e4une B\u00fcchen<\/a>, <a href=\"https:\/\/www.kaduk-bauelemente.de\/leistungen\/terrassendaecher-aus-aluminium-geesthacht\/\">Terrassend\u00e4cher aus Aluminium Geesthacht<\/a>, <a href=\"https:\/\/www.kaduk-bauelemente.de\/leistungen\/fliegengitter-bad-bevensen\/\">Fliegengitter Bad Bevensen<\/a>, <a href=\"https:\/\/www.kaduk-bauelemente.de\/leistungen\/sektionaltore-stelle\/\">Sektionaltore Stelle<\/a>, <a href=\"https:\/\/www.kaduk-bauelemente.de\/leistungen\/zaunbau-herzogtum-lauenburg\/\">Zaunbau Herzogtum Lauenburg<\/a>, <a href=\"https:\/\/www.kaduk-bauelemente.de\/leistungen\/kunststofffenster-herzogtum-lauenburg\/\">Kunststofffenster Herzogtum Lauenburg<\/a>, <a href=\"https:\/\/www.kaduk-bauelemente.de\/leistungen\/rolltore-bergedorf-wentorf\/\">Rolltore Bergedorf Wentorf<\/a>, <a href=\"https:\/\/www.kaduk-bauelemente.de\/leistungen\/terrassenueberdachungen-aus-aluminium-buchholz\/\">Terrassen\u00fcberdachungen aus Aluminium Buchholz<\/a>, <a href=\"https:\/\/www.kaduk-bauelemente.de\/leistungen\/terrassendaecher-aus-holz-amt-neuhaus\/\">Terrassend\u00e4cher aus Holz Amt Neuhaus<\/a>"},"_links":{"self":[{"href":"https:\/\/www.kaduk-bauelemente.de\/leistungen\/wp-json\/wp\/v2\/pages\/4306","targetHints":{"allow":["GET"]}}],"collection":[{"href":"https:\/\/www.kaduk-bauelemente.de\/leistungen\/wp-json\/wp\/v2\/pages"}],"about":[{"href":"https:\/\/www.kaduk-bauelemente.de\/leistungen\/wp-json\/wp\/v2\/types\/page"}],"author":[{"embeddable":true,"href":"https:\/\/www.kaduk-bauelemente.de\/leistungen\/wp-json\/wp\/v2\/users\/1"}],"replies":[{"embeddable":true,"href":"https:\/\/www.kaduk-bauelemente.de\/leistungen\/wp-json\/wp\/v2\/comments?post=4306"}],"version-history":[{"count":0,"href":"https:\/\/www.kaduk-bauelemente.de\/leistungen\/wp-json\/wp\/v2\/pages\/4306\/revisions"}],"wp:attachment":[{"href":"https:\/\/www.kaduk-bauelemente.de\/leistungen\/wp-json\/wp\/v2\/media?parent=4306"}],"curies":[{"name":"wp","href":"https:\/\/api.w.org\/{rel}","templated":true}]}}