{"id":4304,"date":"2021-08-25T12:18:53","date_gmt":"2021-08-25T10:18:53","guid":{"rendered":"https:\/\/www.kaduk-bauelemente.de\/leistungen\/haustueren-bienenbuettel\/"},"modified":"2021-08-25T12:18:53","modified_gmt":"2021-08-25T10:18:53","slug":"haustueren-bienenbuettel","status":"publish","type":"page","link":"https:\/\/www.kaduk-bauelemente.de\/leistungen\/haustueren-bienenbuettel\/","title":{"rendered":"Haust\u00fcren &#8211; Bienenb\u00fcttel"},"content":{"rendered":"<h3>Neue Haust\u00fcren sind immer eine gute Idee!<\/h3>\n<p>Sch\u00f6ne Haust\u00fcren sind in gewisser Weise die Visitenkarte eines Wohn- oder Gesch\u00e4ftshauses. T\u00fcren zeugen immer auch von Charakter, Geschmack und Qualit\u00e4tsanspruch. Nicht zuletzt betonen moderne Haust\u00fcren den \u00e4u\u00dferen Eindruck eines Hauses. Qualitativ hochwertige Haust\u00fcren bieten neben einer sch\u00f6nen Optik selbstverst\u00e4ndlich noch einiges mehr. Auch der Schutz vor Einbrechern und einen Beitrag zur W\u00e4rmed\u00e4mmung k\u00f6nnen Sie erwarten. <\/p>\n<p>Wer eine sch\u00f6ne T\u00fcr sucht, darf w\u00e4hlen: Sie k\u00f6nnen bei Haust\u00fcren zwischen modernem und traditionellem Design entscheiden. Ebenso sind T\u00fcren in Aluminium, Holz oder Kunststoff vorr\u00e4tig. <\/p>\n<h3>Neue Haust\u00fcren \u2013 gewinnbringend und attraktiv!<\/h3>\n<p>Sie interessieren sich f\u00fcr neue Haust\u00fcren? Super, in dem Fall sind Sie bei uns komplett an der richtigen Adresse. Als spezialisiertes Unternehmen f\u00fchren wir eine gro\u00dfe Auswahl Haust\u00fcren f\u00fcr jeden Zweck und Geschmack. F\u00fcr welche Variante Sie sich letzlich entscheiden: Exklusive T\u00fcren sind immer ein echter Hingucker. In unserem Ausstellungsraum zeigen wir Ihnen montags bis freitags in der Zeit von 9.00 und 18.00 Uhr sowie samstags zwischen 9:00 und 13:00 Uhr eine Menge Umsetzungsm\u00f6glichkeiten. Die diversen Auswahlm\u00f6glichkeiten verleihen modernen Haust\u00fcren einen \u00e4u\u00dferst individualisierten Anstrich.<\/p>\n","protected":false},"excerpt":{"rendered":"<p>Neue Haust\u00fcren sind immer eine gute Idee! Sch\u00f6ne Haust\u00fcren sind in gewisser Weise die Visitenkarte eines Wohn- oder Gesch\u00e4ftshauses. T\u00fcren zeugen immer auch von Charakter, Geschmack und Qualit\u00e4tsanspruch. Nicht zuletzt betonen moderne Haust\u00fcren den \u00e4u\u00dferen Eindruck eines Hauses. Qualitativ hochwertige Haust\u00fcren bieten neben einer sch\u00f6nen Optik selbstverst\u00e4ndlich noch einiges mehr. Auch der Schutz vor Einbrechern [&hellip;]<\/p>\n","protected":false},"author":1,"featured_media":0,"parent":0,"menu_order":0,"comment_status":"closed","ping_status":"closed","template":"","meta":{"footnotes":""},"class_list":["post-4304","page","type-page","status-publish","hentry"],"meta_box":{"popseo_subtitel":"Wir sind Ihr Experte f\u00fcr Haust\u00fcren im Raum Bienenb\u00fcttel","popseo_subtitel2":"Haust\u00fcren - setzen Sie auf hochwertige L\u00f6sungen","popseo_lasttitel":"Haust\u00fcren: F\u00fcr weitere Informationen sprechen Sie uns bitte an","popseo_region":"Bienenb\u00fcttel","popseo_sachwort":"Haust\u00fcren","popseo_noupdate":"","popseo_einleitungstext":"<p>Auf Wunsch informieren wir Sie n\u00e4her \u00fcber unsere Produkte und unser Aufgabengebiet. Wir pr\u00e4sentieren Ihnen mit Vergn\u00fcgen auch ein paar Referenzen, die Ihnen einen Einblick in unsere T\u00e4tigkeit geben.<br \/>\nWir sind f\u00fcr Sie da. Rufen Sie uns doch einfach einmal an oder senden Sie uns eine kurze E-Mail. Wir freuen uns auf den Kontakt zu Ihnen.<\/p>","popseo_schlusstext":"<p>Gerne informieren wir Sie n\u00e4her \u00fcber unsere Produkte und unser Aufgabenfeld. Wir zeigen Ihnen mit Vergn\u00fcgen auch einige Referenzen, die Ihnen einen Einblick in unsere T\u00e4tigkeit geben.<br \/>\nDie Fachleute der Firma Kaduk sind gerne f\u00fcr Sie im Einsatz. Rufen Sie uns doch einfach einmal an oder schreiben Sie uns eine schnelle E-Mail. Wir freuen uns auf Sie.<\/p>","popseo_stadttext":"<h3>Wir sind Ihr Partner auch in Bienenb\u00fcttel<\/h3>\n<p>Bienenb\u00fcttel ist eine Einheitsgemeinde in der \u00f6stlichen L\u00fcneburger Heide. Formell geh\u00f6rt die Gemeinde zum Landkreis Uelzen. Bienenb\u00fcttel hat etwas weniger als 7.000 Einwohner und streckt sich \u00fcber eine Fl\u00e4che von knapp 99 km\u00b2. Man erreicht man den Ort mit der Eisenbahn auf der Streckenverbindung Hamburg-Hannover und mit dem PKW \u00fcber die Bundesstra\u00dfe 4.<\/p>\n<p>Durch unsere Gesch\u00e4ftst\u00e4tigkeit haben wir uns einen sehr guten \u00dcberblick \u00fcber die Architektur der St\u00e4dte und Gemeinden unseres Einzugsbereiches machen k\u00f6nnen. Sie kommen aus Bienenb\u00fcttel und sind hier im Internet auf unsere Homepage gesto\u00dfen? Das finden wir klasse. Gerne pr\u00e4sentieren wir Ihnen unser gesamtes Leistungsspektrum und beantworten Ihre Fragen. Wir freuen uns darauf, mit Ihnen in Kontakt zu kommen. <\/p>\n<h3>Ein paar Fakten \u00fcber Bienenb\u00fcttel<\/h3>\n<p>Bienenb\u00fcttel ist eine Pendlergemeinde. Sehr viele Einwohner arbeiten in der Metropole Hamburg, in L\u00fcneburg oder Uelzen, sch\u00e4tzen aber Bienenb\u00fcttel als Wohnstatt und Lebensmittelpunkt. Der h\u00fcbsche nieders\u00e4chsische Ort ist eine moderne und vitale Gemeinde mit einer gef\u00e4lligen Baustruktur und attraktiven Wohnquartieren. Naturfreunde sch\u00e4tzen besonders die benachbarten Naherholungsgebiete der L\u00fcneburger Heide. Die die weitl\u00e4ufigen Naturareale laden zu l\u00e4ngeren Ausfl\u00fcgen ein.<\/p>\n<h4>Privat- und Gesch\u00e4ftskunden aus Bienenb\u00fcttel sch\u00e4tzen unsere Leistungen!<\/h4>\n<p>Sie wohnen in Bienenb\u00fcttel oder Umgebung und interessieren sich f\u00fcr unser Leistungsangebot. Toll, dass Sie diese Seite gefunden haben. F\u00fcr R\u00fcckfragen sind wir jederzeit f\u00fcr Sie da. Auf den Kontakt zu Ihnen freuen wir uns.<\/p>","popseo_zusatztext":"<h3>Wir k\u00f6nnen g\u00fcnstig und preiswert<\/h3>\n<p>Bauelemente m\u00fcssen gehobenen Anforderungen standhalten. Nichtsdestrotrotz darf es g\u00fcnstig und preiswert sein. Das muss absolut kein Widerspruch sein. <\/p>\n<p>Als Fachunternehmen f\u00fcr Sonnenschutz- und Sicherheitsl\u00f6sungen verarbeiten wir nur hochwertige Erzeugnisse. Gleichwohl schauen wir grunds\u00e4tzlich auf ein gutes Preis-Leistungsverh\u00e4ltnis. Wir m\u00f6chten Ihnen Qualit\u00e4t bieten, die trotzdem auch g\u00fcnstig und preiswert ist. Verleihen Sie Ihrem Heim g\u00fcnstig und preiswert das gewisse Plus an Qualit\u00e4t. Markisen und Rolll\u00e4den oder andere Sonnenschutzl\u00f6sungen sehen nicht nur schmuck aus, sie leisten auch einen wichtigen Anteil zur W\u00e4rmed\u00e4mmung.  <\/p>\n<h3>G\u00fcnstig und preiswert \u2013 trotzdem individuell und schick<\/h3>\n<p>D\u00fcrfen wir Sie beraten, wie Sie g\u00fcnstig und preiswert einen optimalen Sonnenschutz f\u00fcr Ihr Heim realisieren? Super, dann z\u00f6gern Sie bitte nicht und nehmen am besten sofort heute noch Verbindung mit uns auf. Ein kurzer Telefonanruf oder eine schnelle eMail gen\u00fcgen. Gerne informieren Sie unsere perfekt ausgebildeten Profis \u00fcber die unterschiedlichen M\u00f6glichkeiten, wie Sie Ihr Zuhause g\u00fcnstig und preiswert mit Markisen und Rolll\u00e4den oder anderen Sonnenschutzprodukten ausstatten. Wir freuen uns auf das Gespr\u00e4ch mit Ihnen. <\/p>\n<h4>Top-Qualit\u00e4t g\u00fcnstig und preiswert<\/h4>\n<p>Vertrauen Sie beim Thema Sonnenschutz und Sicherheit auf den Fachmann. Nur ein Fachbetrieb kennt die unterschiedlichen Optionen, wie Sie g\u00fcnstig und preiswert, trotzdem qualitativ hochwertig einen perfekten Sonnenschutz erreichen. Qualit\u00e4tsbewusst, g\u00fcnstig und preiswert: Wir empfehlen uns als spezialisiertes Fachunternehmen im norddeutschen Raum. Unsere jahrelange Erfahrung zeichnet uns aus.<\/p>","popseo_links":"<a href=\"https:\/\/www.kaduk-bauelemente.de\/leistungen\/zaunbau-amt-neuhaus\/\">Zaunbau Amt Neuhaus<\/a>, <a href=\"https:\/\/www.kaduk-bauelemente.de\/leistungen\/aussenjalousien-bienenbuettel\/\">Au\u00dfenjalousien Bienenb\u00fcttel<\/a>, <a href=\"https:\/\/www.kaduk-bauelemente.de\/leistungen\/rolllaeden-amelinghausen\/\">Rolll\u00e4den Amelinghausen<\/a>, <a href=\"https:\/\/www.kaduk-bauelemente.de\/leistungen\/fliegengitter-tostedt-sittensen\/\">Fliegengitter Tostedt Sittensen<\/a>, <a href=\"https:\/\/www.kaduk-bauelemente.de\/leistungen\/sektionaltore-reppenstedt\/\">Sektionaltore Reppenstedt<\/a>, <a href=\"https:\/\/www.kaduk-bauelemente.de\/leistungen\/tueren-lueneburg\/\">T\u00fcren L\u00fcneburg<\/a>, <a href=\"https:\/\/www.kaduk-bauelemente.de\/leistungen\/kunststofffenster-stelle\/\">Kunststofffenster Stelle<\/a>, <a href=\"https:\/\/www.kaduk-bauelemente.de\/leistungen\/terrassendaecher-aus-holz-winsen-luhe\/\">Terrassend\u00e4cher aus Holz Winsen Luhe<\/a>, <a href=\"https:\/\/www.kaduk-bauelemente.de\/leistungen\/insektenschutz-winsen-luhe\/\">Insektenschutz Winsen Luhe<\/a>, <a href=\"https:\/\/www.kaduk-bauelemente.de\/leistungen\/garagentore-amt-neuhaus\/\">Garagentore Amt Neuhaus<\/a>, <a href=\"https:\/\/www.kaduk-bauelemente.de\/leistungen\/holzfenster-salzhausen\/\">Holzfenster Salzhausen<\/a>, <a href=\"https:\/\/www.kaduk-bauelemente.de\/leistungen\/markisen-boizenburg\/\">Markisen Boizenburg<\/a>, <a href=\"https:\/\/www.kaduk-bauelemente.de\/leistungen\/raffstores-jesteburg\/\">Raffstores Jesteburg<\/a>, <a href=\"https:\/\/www.kaduk-bauelemente.de\/leistungen\/garagen-bardowick\/\">Garagen Bardowick<\/a>, <a href=\"https:\/\/www.kaduk-bauelemente.de\/leistungen\/markisen-buchholz\/\">Markisen Buchholz<\/a>, <a href=\"https:\/\/www.kaduk-bauelemente.de\/leistungen\/rolltore-stelle\/\">Rolltore Stelle<\/a>, <a href=\"https:\/\/www.kaduk-bauelemente.de\/leistungen\/carports-reinbek-glinde\/\">Carports Reinbek Glinde<\/a>, <a href=\"https:\/\/www.kaduk-bauelemente.de\/leistungen\/terrassenueberdachungen-aus-holz-bad-bevensen\/\">Terrassen\u00fcberdachungen aus Holz Bad Bevensen<\/a>, <a href=\"https:\/\/www.kaduk-bauelemente.de\/leistungen\/holzfenster-bardowick\/\">Holzfenster Bardowick<\/a>, <a href=\"https:\/\/www.kaduk-bauelemente.de\/leistungen\/rolltore-maschen\/\">Rolltore Maschen<\/a>, <a href=\"https:\/\/www.kaduk-bauelemente.de\/leistungen\/fenster-uelzen\/\">Fenster Uelzen<\/a>, <a href=\"https:\/\/www.kaduk-bauelemente.de\/leistungen\/rollladen-schwarzenbek\/\">Rollladen Schwarzenbek<\/a>, <a href=\"https:\/\/www.kaduk-bauelemente.de\/leistungen\/holzfenster-bienenbuettel\/\">Holzfenster Bienenb\u00fcttel<\/a>, <a href=\"https:\/\/www.kaduk-bauelemente.de\/leistungen\/garagen-jesteburg\/\">Garagen Jesteburg<\/a>, <a href=\"https:\/\/www.kaduk-bauelemente.de\/leistungen\/aussenjalousien-maschen\/\">Au\u00dfenjalousien Maschen<\/a>, <a href=\"https:\/\/www.kaduk-bauelemente.de\/leistungen\/tueren-geesthacht\/\">T\u00fcren Geesthacht<\/a>"},"_links":{"self":[{"href":"https:\/\/www.kaduk-bauelemente.de\/leistungen\/wp-json\/wp\/v2\/pages\/4304","targetHints":{"allow":["GET"]}}],"collection":[{"href":"https:\/\/www.kaduk-bauelemente.de\/leistungen\/wp-json\/wp\/v2\/pages"}],"about":[{"href":"https:\/\/www.kaduk-bauelemente.de\/leistungen\/wp-json\/wp\/v2\/types\/page"}],"author":[{"embeddable":true,"href":"https:\/\/www.kaduk-bauelemente.de\/leistungen\/wp-json\/wp\/v2\/users\/1"}],"replies":[{"embeddable":true,"href":"https:\/\/www.kaduk-bauelemente.de\/leistungen\/wp-json\/wp\/v2\/comments?post=4304"}],"version-history":[{"count":0,"href":"https:\/\/www.kaduk-bauelemente.de\/leistungen\/wp-json\/wp\/v2\/pages\/4304\/revisions"}],"wp:attachment":[{"href":"https:\/\/www.kaduk-bauelemente.de\/leistungen\/wp-json\/wp\/v2\/media?parent=4304"}],"curies":[{"name":"wp","href":"https:\/\/api.w.org\/{rel}","templated":true}]}}