{"id":4302,"date":"2021-08-25T12:18:53","date_gmt":"2021-08-25T10:18:53","guid":{"rendered":"https:\/\/www.kaduk-bauelemente.de\/leistungen\/haustueren-bardowick\/"},"modified":"2021-08-25T12:18:53","modified_gmt":"2021-08-25T10:18:53","slug":"haustueren-bardowick","status":"publish","type":"page","link":"https:\/\/www.kaduk-bauelemente.de\/leistungen\/haustueren-bardowick\/","title":{"rendered":"Haust\u00fcren &#8211; Bardowick"},"content":{"rendered":"<h3>Sie interessieren sich f\u00fcr neue Haust\u00fcren? Dann besuchen Sie unsere Ausstellung!<\/h3>\n<p>H\u00fcbsche Haust\u00fcren sind in gewisser Weise die Visitenkarte eines Wohnhauses. T\u00fcren zeugen immer auch von Pers\u00f6nlichkeit, Stil und Qualit\u00e4tsanspruch. Nicht zuletzt unterstreichen moderne Haust\u00fcren das Erscheinungsbild eines Gesch\u00e4fts- und Wohnhauses. Hochwertige Haust\u00fcren bieten neben einer optimalen Optik nat\u00fcrlich noch viel mehr. Auch einen umfassenden Schutz vor Einbr\u00fcchen und einen Beitrag zum Energiesparen d\u00fcrfen Sie erwarten. <\/p>\n<p>Wer eine ansprechende T\u00fcr sucht, hat die Qual der Wahl: Sie m\u00fcssen bei Haust\u00fcren zwischen modernem und traditionellem Design ausw\u00e4hlen. Au\u00dferdem sind T\u00fcren in Aluminium, Holz oder Kunststoff vorr\u00e4tig. <\/p>\n<h3>Neue Haust\u00fcren sind auch optisch ein Gewinn!<\/h3>\n<p>Sie reizen neue Haust\u00fcren? Toll, dann sind Sie bei uns hundertprozentig an der richtigen Adresse. Als spezialisiertes Unternehmen f\u00fchren wir eine gro\u00dfe Auswahl Haust\u00fcren f\u00fcr jedweden Zweck und Geschmack. F\u00fcr welche Variante Sie sich letzlich entscheiden: H\u00fcbsche T\u00fcren sind immer ein echter Hingucker. In unserem Ausstellungsraum zeigen wir Ihnen montags bis freitags zwischen 9.00 und 18.00 Uhr sowie samstags zwischen 9:00 und 13:00 Uhr viele L\u00f6sungsalternativen. Die diversen Auswahlm\u00f6glichkeiten verleihen modernen Haust\u00fcren einen sehr individuellen Anstrich.<\/p>\n","protected":false},"excerpt":{"rendered":"<p>Sie interessieren sich f\u00fcr neue Haust\u00fcren? Dann besuchen Sie unsere Ausstellung! H\u00fcbsche Haust\u00fcren sind in gewisser Weise die Visitenkarte eines Wohnhauses. T\u00fcren zeugen immer auch von Pers\u00f6nlichkeit, Stil und Qualit\u00e4tsanspruch. Nicht zuletzt unterstreichen moderne Haust\u00fcren das Erscheinungsbild eines Gesch\u00e4fts- und Wohnhauses. Hochwertige Haust\u00fcren bieten neben einer optimalen Optik nat\u00fcrlich noch viel mehr. Auch einen umfassenden [&hellip;]<\/p>\n","protected":false},"author":1,"featured_media":0,"parent":0,"menu_order":0,"comment_status":"closed","ping_status":"closed","template":"","meta":{"footnotes":""},"class_list":["post-4302","page","type-page","status-publish","hentry"],"meta_box":{"popseo_subtitel":"Wir sind Ihr Partner f\u00fcr Haust\u00fcren in Bardowick","popseo_subtitel2":"Haust\u00fcren - wir beraten Sie zu diesem Thema!","popseo_lasttitel":"Haust\u00fcren: Unsere Experten beantworten Ihre Fragen","popseo_region":"Bardowick","popseo_sachwort":"Haust\u00fcren","popseo_noupdate":"","popseo_einleitungstext":"<p>Wenn es um Sicherheit und Sonnenschutz geht, sind Sie bei der Firma Kaduk genau an der richtigen Adresse. Seit unserer Gr\u00fcndung sind wir Ihre lokalen Spezialisten f\u00fcr qualitativ hochwertige Bauelemente. Zu unserem Produktsortiment z\u00e4hlen zum Beispiel Markisen, Rolltore, Terrassend\u00e4cher, T\u00fcren, Au\u00dfenjalousien, Fenster, Rolll\u00e4den und Carports. Wir \u00fcbernehmen Montage- und Reparaturarbeiten und zeigen Ihnen Wege auf, wie Sie Ihre Immobilie mit zeitgem\u00e4\u00dfen Bauelementen ausr\u00fcsten k\u00f6nnen. Im Folgenden haben wir erste Informationen f\u00fcr Sie zusammengetragen.<\/p>","popseo_schlusstext":"<p>Auf Wunsch informieren wir Sie n\u00e4her \u00fcber unser Produkt- und Leistungsprogramm. Wir zeigen Ihnen mit Vergn\u00fcgen auch ein paar Referenzen, die Ihnen einen Einblick in unsere Unternehmenst\u00e4tigkeit geben.<br \/>\nSchenken Sie uns Ihr Vertrauen. Rufen Sie uns doch rasch einmal an oder schicken Sie uns eine kurze E-Mail. Wir freuen uns auf Sie.<\/p>","popseo_stadttext":"<h3>Zufriedene Kunden haben wir auch in Bardowick<\/h3>\n<p>Bardowick ist ein Flecken in der Nachbarschaft von Winsen (Luhe) und L\u00fcneburg. Formell geh\u00f6rt die Gemeinde zum Landkreis L\u00fcneburg. Bardowick hat knapp 7.000 gemeldete B\u00fcrger und erstreckt sich \u00fcber eine Fl\u00e4che von knapp 23 km\u00b2. Die Gemeinde ist Verwaltungssitz der Samtgemeinde Bardowick, einer Vereinigung von sieben kleineren Orten \u2013 neben Bardowick selbst sind dies Barum, Handorf, Radbruch, Mechtersen, V\u00f6gelsen und Wittorf. Die Samtgemeinde z\u00e4hlt insgesamt knapp 18.000 B\u00fcrger und erstreckt sich \u00fcber ein Areal von zirka 100 km\u00b2.<\/p>\n<p>Durch unsere Vertriebst\u00e4tigkeit haben wir uns einen guten \u00dcberblick \u00fcber die Architektur der Gemeinden und St\u00e4dte unseres Einzugsbereiches erarbeiten k\u00f6nnen. Sie kommen aus der Samtgemeinde Bardowick und sind hier im Internet auf unsere Website gesto\u00dfen? Das finden wir toll. Gerne pr\u00e4sentieren wir Ihnen unser gesamtes Leistungsspektrum und beantworten Ihre Fragen. Wir freuen uns darauf, mit Ihnen ins Gespr\u00e4ch zu kommen. <\/p>\n<h3>Einige interessante Informationen \u00fcber Bardowick<\/h3>\n<p>Die \u00d6konomie der Samtgemeinde Bardowick wird gepr\u00e4gt von kleinen Firmen.  Schwerpunkt ist die Landwirtschaft, hier speziell der M\u00f6hren- und Spargelanbau. Allj\u00e4hrlich wird vor Ort daher auch die sogenannte Wurzelk\u00f6nigin gek\u00fcrt \u2013 ein Titel, der wahrscheinlich einmalig ist. Hinsichtlich der Verkehrssituation ist der Flecken Bardowick gut erreichbar: In direkter N\u00e4he des Gemeindegebietes befindet sich eine Zufahrt zur BAB 39 in Richtung Hamburg. Au\u00dferdem erreicht man den Ort mit der Bahn auf der Streckenverbindung Hamburg-Hannover. Bardowick ist ein attraktiver Ort mit einem l\u00e4ndlichem Flair. Der charmante Flecken ist eine familiengerechte Ortschaft und bietet den Einwohnern ein besonders attaktives Umfeld zum Arbeiten und Leben.       <\/p>\n<h4>Wir f\u00fcr Sie in Bardowick!<\/h4>\n<p>Sie wohnen in Bardowick, Barum, Handorf, Mechtersen, Radbruch, Wittorf oder V\u00f6gelsen und interessieren sich f\u00fcr unser Angebot. Klasse, dass Sie diese Website gefunden haben. F\u00fcr R\u00fcckfragen sind wir jederzeit f\u00fcr Sie da. Auf den Kontakt zu Ihnen freuen wir uns.<\/p>","popseo_zusatztext":"<h3>G\u00fcnstig und preiswert \u2013 unser Leistung f\u00fcr Sie<\/h3>\n<p>Bauelemente m\u00fcssen h\u00f6chsten Anspr\u00fcchen gerecht werden. Gleichwohl mu\u00df es g\u00fcnstig und preiswert sein. Das muss generell kein Widerspruch sein. <\/p>\n<p>Als Fachunternehmen f\u00fcr Sonnenschutz- und Sicherheitssysteme verwenden wir ausschlie\u00dflich ausgezeichnete Produkte. Trotzdem achten wir immer auf ein passendes Preis-Leistungsverh\u00e4ltnis. Wir m\u00f6chten Ihnen Spitzenqualit\u00e4t anbieten, die gleichzeitig auch g\u00fcnstig und preiswert ist. Geben Sie Ihrem Haus g\u00fcnstig und preiswert das gewisse Mehr an Qualit\u00e4t. Markisen und Rolll\u00e4den oder andere Sonnenschutzl\u00f6sungen sehen nicht nur schick aus, sie leisten auch einen bedeutsamen Anteil zur W\u00e4rmed\u00e4mmung.  <\/p>\n<h3>G\u00fcnstig und preiswert \u2013 es muss wirklich nicht immer teuer sein<\/h3>\n<p>D\u00fcrfen wir Sie beraten, wie Sie g\u00fcnstig und preiswert einen optimalen Sonnenschutz f\u00fcr Ihr Haus verwirklichen? Klasse, dann warten Sie bitte nicht und nehmen am besten sofort heute noch Verbindung mit uns auf. Ein kurzer Anruf oder auch eine schnelle E-Mail gen\u00fcgen. Gern informieren Sie unsere gut geschulten Profis \u00fcber die verschiedenen M\u00f6glichkeiten, wie Sie Ihr Zuhause g\u00fcnstig und preiswert mit Markisen und Rolll\u00e4den oder anderen Sonnenschutzprodukten versehen. Wir freuen uns auf das Gespr\u00e4ch mit Ihnen. <\/p>\n<h4>Hochwertige Arbeit g\u00fcnstig und preiswert<\/h4>\n<p>Z\u00e4hlen Sie beim Thema Sonnenschutz und Sicherheit auf den Experten. Nur ein Fachbetrieb kennt die diversen Optionen, wie Sie g\u00fcnstig und preiswert, trotzdem qualitativ hochwertig einen tadellosen Sonnenschutz erreichen. Qualit\u00e4tsbewusst, g\u00fcnstig und preiswert: Wir empfehlen uns als spezialisiertes Fachunternehmen im Norden. Unsere gro\u00dfe Erfahrung spricht f\u00fcr uns.<\/p>","popseo_links":"<a href=\"https:\/\/www.kaduk-bauelemente.de\/leistungen\/carports-geesthacht\/\">Carports Geesthacht<\/a>, <a href=\"https:\/\/www.kaduk-bauelemente.de\/leistungen\/raffstores-reppenstedt\/\">Raffstores Reppenstedt<\/a>, <a href=\"https:\/\/www.kaduk-bauelemente.de\/leistungen\/aussenjalousien-amt-neuhaus\/\">Au\u00dfenjalousien Amt Neuhaus<\/a>, <a href=\"https:\/\/www.kaduk-bauelemente.de\/leistungen\/terrassenueberdachungen-aus-holz-lueneburg\/\">Terrassen\u00fcberdachungen aus Holz L\u00fcneburg<\/a>, <a href=\"https:\/\/www.kaduk-bauelemente.de\/leistungen\/garagen-bad-bevensen\/\">Garagen Bad Bevensen<\/a>, <a href=\"https:\/\/www.kaduk-bauelemente.de\/leistungen\/terrassenueberdachungen-aus-aluminium-bardowick\/\">Terrassen\u00fcberdachungen aus Aluminium Bardowick<\/a>, <a href=\"https:\/\/www.kaduk-bauelemente.de\/leistungen\/holzfenster-boizenburg\/\">Holzfenster Boizenburg<\/a>, <a href=\"https:\/\/www.kaduk-bauelemente.de\/leistungen\/holzfenster-geesthacht\/\">Holzfenster Geesthacht<\/a>, <a href=\"https:\/\/www.kaduk-bauelemente.de\/leistungen\/garagentore-bad-bevensen\/\">Garagentore Bad Bevensen<\/a>, <a href=\"https:\/\/www.kaduk-bauelemente.de\/leistungen\/terrassenueberdachungen-aus-aluminium-bienenbuettel\/\">Terrassen\u00fcberdachungen aus Aluminium Bienenb\u00fcttel<\/a>, <a href=\"https:\/\/www.kaduk-bauelemente.de\/leistungen\/holzfenster-bienenbuettel\/\">Holzfenster Bienenb\u00fcttel<\/a>, <a href=\"https:\/\/www.kaduk-bauelemente.de\/leistungen\/kunststofffenster-maschen\/\">Kunststofffenster Maschen<\/a>, <a href=\"https:\/\/www.kaduk-bauelemente.de\/leistungen\/terrassenueberdachungen-aus-aluminium-stelle\/\">Terrassen\u00fcberdachungen aus Aluminium Stelle<\/a>, <a href=\"https:\/\/www.kaduk-bauelemente.de\/leistungen\/rollladen-schwarzenbek\/\">Rollladen Schwarzenbek<\/a>, <a href=\"https:\/\/www.kaduk-bauelemente.de\/leistungen\/terrassendaecher-aus-holz-salzhausen\/\">Terrassend\u00e4cher aus Holz Salzhausen<\/a>, <a href=\"https:\/\/www.kaduk-bauelemente.de\/leistungen\/kunststofffenster-ebstorf\/\">Kunststofffenster Ebstorf<\/a>, <a href=\"https:\/\/www.kaduk-bauelemente.de\/leistungen\/terrassendaecher-aus-aluminium-bad-bevensen\/\">Terrassend\u00e4cher aus Aluminium Bad Bevensen<\/a>, <a href=\"https:\/\/www.kaduk-bauelemente.de\/leistungen\/sektionaltore-tostedt-sittensen\/\">Sektionaltore Tostedt Sittensen<\/a>, <a href=\"https:\/\/www.kaduk-bauelemente.de\/leistungen\/sektionaltore-bergedorf-wentorf\/\">Sektionaltore Bergedorf Wentorf<\/a>, <a href=\"https:\/\/www.kaduk-bauelemente.de\/leistungen\/zaunbau-bispingen\/\">Zaunbau Bispingen<\/a>, <a href=\"https:\/\/www.kaduk-bauelemente.de\/leistungen\/terrassenueberdachungen-aus-holz-amt-neuhaus\/\">Terrassen\u00fcberdachungen aus Holz Amt Neuhaus<\/a>, <a href=\"https:\/\/www.kaduk-bauelemente.de\/leistungen\/terrassendaecher-aus-holz-winsen-luhe\/\">Terrassend\u00e4cher aus Holz Winsen Luhe<\/a>, <a href=\"https:\/\/www.kaduk-bauelemente.de\/leistungen\/garagen-maschen\/\">Garagen Maschen<\/a>, <a href=\"https:\/\/www.kaduk-bauelemente.de\/leistungen\/rolllaeden-bardowick\/\">Rolll\u00e4den Bardowick<\/a>, <a href=\"https:\/\/www.kaduk-bauelemente.de\/leistungen\/tueren-bardowick\/\">T\u00fcren Bardowick<\/a>, <a href=\"https:\/\/www.kaduk-bauelemente.de\/leistungen\/garagentore-winsen-luhe\/\">Garagentore Winsen Luhe<\/a>"},"_links":{"self":[{"href":"https:\/\/www.kaduk-bauelemente.de\/leistungen\/wp-json\/wp\/v2\/pages\/4302","targetHints":{"allow":["GET"]}}],"collection":[{"href":"https:\/\/www.kaduk-bauelemente.de\/leistungen\/wp-json\/wp\/v2\/pages"}],"about":[{"href":"https:\/\/www.kaduk-bauelemente.de\/leistungen\/wp-json\/wp\/v2\/types\/page"}],"author":[{"embeddable":true,"href":"https:\/\/www.kaduk-bauelemente.de\/leistungen\/wp-json\/wp\/v2\/users\/1"}],"replies":[{"embeddable":true,"href":"https:\/\/www.kaduk-bauelemente.de\/leistungen\/wp-json\/wp\/v2\/comments?post=4302"}],"version-history":[{"count":0,"href":"https:\/\/www.kaduk-bauelemente.de\/leistungen\/wp-json\/wp\/v2\/pages\/4302\/revisions"}],"wp:attachment":[{"href":"https:\/\/www.kaduk-bauelemente.de\/leistungen\/wp-json\/wp\/v2\/media?parent=4302"}],"curies":[{"name":"wp","href":"https:\/\/api.w.org\/{rel}","templated":true}]}}