{"id":4298,"date":"2021-08-25T12:18:53","date_gmt":"2021-08-25T10:18:53","guid":{"rendered":"https:\/\/www.kaduk-bauelemente.de\/leistungen\/haustueren-adendorf\/"},"modified":"2021-08-25T12:18:53","modified_gmt":"2021-08-25T10:18:53","slug":"haustueren-adendorf","status":"publish","type":"page","link":"https:\/\/www.kaduk-bauelemente.de\/leistungen\/haustueren-adendorf\/","title":{"rendered":"Haust\u00fcren &#8211; Adendorf"},"content":{"rendered":"<h3>Neue Haust\u00fcren sind immer eine gute Idee!<\/h3>\n<p>Sch\u00f6ne Haust\u00fcren sind in gewisser Weise die Visitenkarte eines Geb\u00e4udes. T\u00fcren zeugen immer auch von Pers\u00f6nlichkeit, Geschmack und Qualit\u00e4tsanspruch. Nicht zuletzt unterstreichen moderne Haust\u00fcren das Erscheinungsbild eines Gesch\u00e4fts- und Wohnhauses. Hochwertige Haust\u00fcren bieten neben einer attraktiven Optik selbstverst\u00e4ndlich noch einiges mehr. Auch einen umfassenden Schutz vor Einbr\u00fcchen und einen Beitrag zum Energiesparen d\u00fcrfen Sie erwarten. <\/p>\n<p>Wer eine sch\u00f6ne T\u00fcr sucht, hat die Qual der Wahl: Sie d\u00fcrfen bei Haust\u00fcren zwischen modernem und traditionellem Design ausw\u00e4hlen. Auch sind T\u00fcren in Aluminium, Holz oder Kunststoff im Handel erh\u00e4ltlich. <\/p>\n<h3>Neue Haust\u00fcren erh\u00f6hen den Wohnwert Ihrer Immobilie<\/h3>\n<p>Sie reizen neue Haust\u00fcren? Prima, dann sind Sie bei uns hundertprozentig an der richtigen Adresse. Als spezialisiertes Fachunternehmen f\u00fchren wir eine Menge Haust\u00fcren f\u00fcr jeden Geschmack und Zweck. F\u00fcr welche Produktgattung Sie sich letzlich entscheiden: Exklusive T\u00fcren sind immer ein echter Hingucker. In unserer Ausstellung zeigen wir Ihnen montags bis freitags in der Zeit von 9.00 und 18.00 Uhr sowie am Samstag in der Zeit von 9:00 und 13:00 Uhr eine stattliche Anzahl von Umsetzungsm\u00f6glichkeiten. Die verschiedenen Gestaltungsm\u00f6glichkeiten geben modernen Haust\u00fcren einen sehr speziellen Anstrich.<\/p>\n","protected":false},"excerpt":{"rendered":"<p>Neue Haust\u00fcren sind immer eine gute Idee! Sch\u00f6ne Haust\u00fcren sind in gewisser Weise die Visitenkarte eines Geb\u00e4udes. T\u00fcren zeugen immer auch von Pers\u00f6nlichkeit, Geschmack und Qualit\u00e4tsanspruch. Nicht zuletzt unterstreichen moderne Haust\u00fcren das Erscheinungsbild eines Gesch\u00e4fts- und Wohnhauses. Hochwertige Haust\u00fcren bieten neben einer attraktiven Optik selbstverst\u00e4ndlich noch einiges mehr. Auch einen umfassenden Schutz vor Einbr\u00fcchen und [&hellip;]<\/p>\n","protected":false},"author":1,"featured_media":0,"parent":0,"menu_order":0,"comment_status":"closed","ping_status":"closed","template":"","meta":{"footnotes":""},"class_list":["post-4298","page","type-page","status-publish","hentry"],"meta_box":{"popseo_subtitel":"Kaduk Bauelemente ist Ihr Fachanbieter f\u00fcr Haust\u00fcren im Raum Adendorf","popseo_subtitel2":"Haust\u00fcren - wir beraten Sie zu diesem Thema!","popseo_lasttitel":"Haust\u00fcren: Treten Sie in Kontakt mit uns!","popseo_region":"Adendorf","popseo_sachwort":"Haust\u00fcren","popseo_noupdate":"","popseo_einleitungstext":"<p>Sie wollen Ihre Gesch\u00e4fts- oder Wohnimmobilie mit modernen Bauelementen ausstatten lassen interessieren sich f\u00fcr unser Leistungs- und Produktangebot? Wunderbar, dann sind Sie auf dieser Seite an der richtigen Adresse. Unser Produktsortiment umfasst unter anderem Rolltore, Markisen, Terrassend\u00e4cher, Fenster, Au\u00dfenjalousien, T\u00fcren, Rolll\u00e4den und Carports. Als auf Sonnenschutz und Sicherheit fokussiertes Fachunternehmen \u00fcbernehmen wir gerne auch Reparatur- und Montagearbeiten. Erfahren Sie auf dieser und den nachfolgenden Seiten mehr \u00fcber unser Unternehmen und dessen Angebot. \u00dcber Ihr Interesse freuen wir uns sehr.<\/p>","popseo_schlusstext":"<p>Gerne informieren wir Sie n\u00e4her \u00fcber unsere Produkte und unser Aufgabengebiet. Wir pr\u00e4sentieren Ihnen mit Vergn\u00fcgen auch ein paar Projekte, die Ihnen einen Einblick in unsere T\u00e4tigkeit geben.<br \/>\nSchenken Sie uns Ihr Vertrauen. Rufen Sie uns doch rasch einmal an oder schreiben Sie uns eine kurze E-Mail. Wir freuen uns auf den Kontakt zu Ihnen.<\/p>","popseo_stadttext":"<h3>Unser Leistungskatalog f\u00fcr Kunden aus Adendorf<\/h3>\n<p>Unser Einzugsgebiet umfasst auch Adendorf. Durch unsere T\u00e4tigkeit haben wir uns einen sehr guten \u00dcberblick \u00fcber die Architektur der Gemeinden und St\u00e4dte unseres Vertriebsgebietes erarbeiten k\u00f6nnen. Wir f\u00fchlen uns der Region verpflichtet und freuen uns dar\u00fcber, auch einen Teil zur ausgezeichneten Infrastruktur der Gemeinde beizusteuern zu k\u00f6nnen.  <\/p>\n<h3>Ein paar Hintergrundinformationen zu Adendorf<\/h3><br \/>\nAdendorf befindet sich rund vier Kilometer von L\u00fcneburg entfernt zwischen Illmenau und dem Elbe-Seitenkanal. Nicht ganz 11.000 B\u00fcrger leben in Aldendorf auf einer Fl\u00e4che von ca. 16 km\u00b2. Die Wirtschaft der Gemeinde wird beherrscht von kleinen und mittelst\u00e4ndischen Unternehmen aus den Bereichen Handwerk und Dienstleistung. Den charmanten kleinen Ort erreicht man mit dem Auto \u00fcber die Bundesstra\u00dfe 209. Aldendorf verf\u00fcgt des Weiteren \u00fcber eine Anschlussstelle an die Bundesautobahn 39. Der \u00d6PN wird \u00fcber verschiedene Buslinien sichergestellt. Das Umland l\u00e4dt zu Ausfahrten am Wochenende ein. Die Bebauungsstruktur in der Region ist \u00fcberwiegend gekennzeichnet von einer angenehmen Einzelhausbebauung. Gerade junge Familien profitieren von dem ruhigen Leben in Adendorf.<br \/>\n<h4>Privat- und Gesch\u00e4ftskunden aus Adendorf sch\u00e4tzen unsere Leistungen!<\/h4>\n<p>Sie leben in Adendorf und interessieren sich f\u00fcr unser Leistungsangebot. Prima, dass Sie diese Seite gefunden haben. F\u00fcr R\u00fcckfragen sind wir jederzeit f\u00fcr Sie da. Auf Ihre Anfragen freuen wir uns.<\/p>","popseo_zusatztext":"<h3>Kaduk Bauelemente ist Ihr Fachbetrieb f\u00fcr Sonnen- und Sichtschutz<\/h3>\n<p>Vertrauen Sie bei Sonnenschutz und Sicherheit unbedingt auf die fachliche Leistung vom Fachbetrieb. Nur ein Fachbetrieb kennt die Tipps und Tricks, wie man zu einem fachgerechten Ergebnis kommt. Um sich mit Fug und Recht als Fachbetrieb bezeichnen zu d\u00fcrfen, braucht es eine qualifizierte Ausbildung der Mitarbeiter und eine langj\u00e4hrige Berufserfahrung.  <\/p>\n<p>Unsere Unternehmung empfiehlt sich als Ihr erfahrener Fachbetrieb f\u00fcr Sicherheit und Sonnenschutz. Setzen Sie auf Qualit\u00e4t und schenken Sie unserem Fachbetrieb Ihr Vertrauen. Wir bieten Ihnen u.a. hervorragende Markisen und Rolll\u00e4den und legen allerh\u00f6chsten Wert auf einen indivduellen Service. Schon seit vielen Jahren sind wir spezialisierter Fachbetrieb f\u00fcr Terrassend\u00e4cher, Markisen, Rolll\u00e4den und Au\u00dfenjalousien im Raum L\u00fcneburg. Es ist uns ein Anliegen, dass Sie \u00fcber lange Zeit viel Freude an Ihrem Sicht und Sonnenschutz haben. Von einem Fachbetrieb d\u00fcrfen Sie nat\u00fcrlich eine absolute Top-Leistung erwarten.<\/p>\n<h3>Dirk Kaduk Bauelemente \u2013 Ihr Fachbetrieb f\u00fcr Sicherheit und Sonnenschutz<\/h3>\n<p>Als Fachbetrieb darf sich eine Firma bezeichnen, deren Angestellte \u00fcber nachweisbare Qualifikationen verf\u00fcgen. Dies ist zum Beispiel eine entsprechende Ausbildung oder ein Meisterbrief. Au\u00dferdem zeichnet eine intensive praktische Erfahrung einen Fachbetrieb aus. Bereits seit vielen Jahren konzentrieren wir uns als spezialisiertes Unternehmen auf Sonnenschutz und Sicherheit von H\u00e4usern. In diesen langen Jahren haben wir uns das Attribut Fachbetrieb ganz sicher erarbeitet. Wir nutzen lediglich hervorragende Produkte. Hierbei achten wir immer auf ein perfektes Preis-Leistungsverh\u00e4ltnis. Unser Credo als Fachbetrieb: Wir bieten Ihnen Top-Leistung zu einem fairen Preis.<\/p>","popseo_links":"<a href=\"https:\/\/www.kaduk-bauelemente.de\/leistungen\/sektionaltore-amt-neuhaus\/\">Sektionaltore Amt Neuhaus<\/a>, <a href=\"https:\/\/www.kaduk-bauelemente.de\/leistungen\/fliegengitter-seevetal-rosengarten\/\">Fliegengitter Seevetal Rosengarten<\/a>, <a href=\"https:\/\/www.kaduk-bauelemente.de\/leistungen\/insektenschutz-schwarzenbek\/\">Insektenschutz Schwarzenbek<\/a>, <a href=\"https:\/\/www.kaduk-bauelemente.de\/leistungen\/insektenschutz-stelle\/\">Insektenschutz Stelle<\/a>, <a href=\"https:\/\/www.kaduk-bauelemente.de\/leistungen\/insektenschutz-reppenstedt\/\">Insektenschutz Reppenstedt<\/a>, <a href=\"https:\/\/www.kaduk-bauelemente.de\/leistungen\/aussenjalousien-winsen-luhe\/\">Au\u00dfenjalousien Winsen Luhe<\/a>, <a href=\"https:\/\/www.kaduk-bauelemente.de\/leistungen\/sektionaltore-buechen\/\">Sektionaltore B\u00fcchen<\/a>, <a href=\"https:\/\/www.kaduk-bauelemente.de\/leistungen\/terrassendaecher-aus-aluminium-schwarzenbek\/\">Terrassend\u00e4cher aus Aluminium Schwarzenbek<\/a>, <a href=\"https:\/\/www.kaduk-bauelemente.de\/leistungen\/fenster-buechen\/\">Fenster B\u00fcchen<\/a>, <a href=\"https:\/\/www.kaduk-bauelemente.de\/leistungen\/markisen-salzhausen\/\">Markisen Salzhausen<\/a>, <a href=\"https:\/\/www.kaduk-bauelemente.de\/leistungen\/insektenschutz-hanstedt\/\">Insektenschutz Hanstedt<\/a>, <a href=\"https:\/\/www.kaduk-bauelemente.de\/leistungen\/garagentore-adendorf\/\">Garagentore Adendorf<\/a>, <a href=\"https:\/\/www.kaduk-bauelemente.de\/leistungen\/terrassenueberdachungen-aus-aluminium-stelle\/\">Terrassen\u00fcberdachungen aus Aluminium Stelle<\/a>, <a href=\"https:\/\/www.kaduk-bauelemente.de\/leistungen\/garagentore-uelzen\/\">Garagentore Uelzen<\/a>, <a href=\"https:\/\/www.kaduk-bauelemente.de\/leistungen\/terrassendaecher-aus-holz-boizenburg\/\">Terrassend\u00e4cher aus Holz Boizenburg<\/a>, <a href=\"https:\/\/www.kaduk-bauelemente.de\/leistungen\/rollladen-stelle\/\">Rollladen Stelle<\/a>, <a href=\"https:\/\/www.kaduk-bauelemente.de\/leistungen\/garagentore-hanstedt\/\">Garagentore Hanstedt<\/a>, <a href=\"https:\/\/www.kaduk-bauelemente.de\/leistungen\/kunststofffenster-reinbek-glinde\/\">Kunststofffenster Reinbek Glinde<\/a>, <a href=\"https:\/\/www.kaduk-bauelemente.de\/leistungen\/raffstores-maschen\/\">Raffstores Maschen<\/a>, <a href=\"https:\/\/www.kaduk-bauelemente.de\/leistungen\/fliegengitter-schwarzenbek\/\">Fliegengitter Schwarzenbek<\/a>, <a href=\"https:\/\/www.kaduk-bauelemente.de\/leistungen\/holzfenster-tostedt-sittensen\/\">Holzfenster Tostedt Sittensen<\/a>, <a href=\"https:\/\/www.kaduk-bauelemente.de\/leistungen\/zaeune-salzhausen\/\">Z\u00e4une Salzhausen<\/a>, <a href=\"https:\/\/www.kaduk-bauelemente.de\/leistungen\/kunststofffenster-geesthacht\/\">Kunststofffenster Geesthacht<\/a>, <a href=\"https:\/\/www.kaduk-bauelemente.de\/leistungen\/fliegengitter-bad-bevensen\/\">Fliegengitter Bad Bevensen<\/a>, <a href=\"https:\/\/www.kaduk-bauelemente.de\/leistungen\/rollladen-schwarzenbek\/\">Rollladen Schwarzenbek<\/a>, <a href=\"https:\/\/www.kaduk-bauelemente.de\/leistungen\/sektionaltore-hanstedt\/\">Sektionaltore Hanstedt<\/a>"},"_links":{"self":[{"href":"https:\/\/www.kaduk-bauelemente.de\/leistungen\/wp-json\/wp\/v2\/pages\/4298","targetHints":{"allow":["GET"]}}],"collection":[{"href":"https:\/\/www.kaduk-bauelemente.de\/leistungen\/wp-json\/wp\/v2\/pages"}],"about":[{"href":"https:\/\/www.kaduk-bauelemente.de\/leistungen\/wp-json\/wp\/v2\/types\/page"}],"author":[{"embeddable":true,"href":"https:\/\/www.kaduk-bauelemente.de\/leistungen\/wp-json\/wp\/v2\/users\/1"}],"replies":[{"embeddable":true,"href":"https:\/\/www.kaduk-bauelemente.de\/leistungen\/wp-json\/wp\/v2\/comments?post=4298"}],"version-history":[{"count":0,"href":"https:\/\/www.kaduk-bauelemente.de\/leistungen\/wp-json\/wp\/v2\/pages\/4298\/revisions"}],"wp:attachment":[{"href":"https:\/\/www.kaduk-bauelemente.de\/leistungen\/wp-json\/wp\/v2\/media?parent=4298"}],"curies":[{"name":"wp","href":"https:\/\/api.w.org\/{rel}","templated":true}]}}