{"id":4295,"date":"2021-08-25T12:18:53","date_gmt":"2021-08-25T10:18:53","guid":{"rendered":"https:\/\/www.kaduk-bauelemente.de\/leistungen\/garagentore-tostedt-sittensen\/"},"modified":"2021-08-25T12:18:53","modified_gmt":"2021-08-25T10:18:53","slug":"garagentore-tostedt-sittensen","status":"publish","type":"page","link":"https:\/\/www.kaduk-bauelemente.de\/leistungen\/garagentore-tostedt-sittensen\/","title":{"rendered":"Garagentore &#8211; Tostedt Sittensen"},"content":{"rendered":"<h3>Garagentore &#8211; wir beraten Sie gerne<\/h3>\n<p>Bei uns erhalten Sie qualitativ hochwertige Garagentore in riesiger Angebotsauswahl. Selbstredend beinhaltet unser Angebotsportfolio auch die Pflege und Automatisierung der Tore. Wenn beispielsweise der Motor nicht mehr richtig funktioniert, kann oftmals schon eine minimale Reparatur oder evtl. auch der Austausch eines einzelnen Verschlei\u00dfteils ein positives Resultat erreichen.<\/p>\n<p>In den zur\u00fcckliegenden Jahren haben sich Garagentore mit Deckenlaufsystem und Funkbedienung als besonders beliebt gezeigt. Noch vor einigen Jahren z\u00e4hlten diese Art von Garagentore zum wirklichen Luxus. Das hat sich heutzutage ver\u00e4ndert. Leichtg\u00e4ngige und automatische Garagentore geh\u00f6ren jetzt fast schon zum Standard. <\/p>\n<h3>Funktionale Garagentore fallen auf<\/h3>\n<p>Zu unserem Sortiment z\u00e4hlen zus\u00e4tzlich auch Seitenlauftore und Sektionaltore. Selbstverst\u00e4ndlich finden Sie bei uns auch Garagentore f\u00fcr den gehobenen Anspruch. F\u00fcr welches Produkt Sie sich schlu\u00dfendlich entscheiden: Die Nutz- und Parkfl\u00e4che in der Garage wird ganz gewiss bestens genutzt.<\/p>\n","protected":false},"excerpt":{"rendered":"<p>Garagentore &#8211; wir beraten Sie gerne Bei uns erhalten Sie qualitativ hochwertige Garagentore in riesiger Angebotsauswahl. Selbstredend beinhaltet unser Angebotsportfolio auch die Pflege und Automatisierung der Tore. Wenn beispielsweise der Motor nicht mehr richtig funktioniert, kann oftmals schon eine minimale Reparatur oder evtl. auch der Austausch eines einzelnen Verschlei\u00dfteils ein positives Resultat erreichen. In den [&hellip;]<\/p>\n","protected":false},"author":1,"featured_media":0,"parent":0,"menu_order":0,"comment_status":"closed","ping_status":"closed","template":"","meta":{"footnotes":""},"class_list":["post-4295","page","type-page","status-publish","hentry"],"meta_box":{"popseo_subtitel":"Wir sind Ihr Fachbetrieb f\u00fcr Garagentore in Tostedt Sittensen","popseo_subtitel2":"Garagentore - die Beratung \u00fcbernimmt der Fachbetrieb","popseo_lasttitel":"Garagentore: Sie haben Fragen? Dann melden Sie sich bei uns","popseo_region":"Tostedt Sittensen","popseo_sachwort":"Garagentore","popseo_noupdate":"","popseo_einleitungstext":"<p>Gerne informieren wir Sie n\u00e4her \u00fcber unsere Produkte und unser Aufgabengebiet. Wir nennen Ihnen mit Vergn\u00fcgen auch einige Referenzen, die Ihnen einen Einblick in unsere Firment\u00e4tigkeit geben.<br \/>\nSetzen Sie auf die Expertise eines erfahrenen Fachbetriebes. Rufen Sie uns doch rasch einmal an oder senden Sie uns eine schnelle E-Mail. Wir freuen uns auf den Kontakt zu Ihnen.<\/p>","popseo_schlusstext":"<p>Wenn Sie mehr wissen m\u00f6chten, informieren wir Sie n\u00e4her \u00fcber unsere Produkte und unser Aufgabengebiet. Wir nennen Ihnen mit Vergn\u00fcgen auch einige Referenzen, die Ihnen einen Einblick in unsere T\u00e4tigkeit geben.<br \/>\nVertrauen Sie auf das Urteil eines erfahrenen Fachbetriebes. Rufen Sie uns doch einfach einmal an oder schicken Sie uns eine schnelle E-Mail. Wir freuen uns auf den Kontakt zu Ihnen.<\/p>","popseo_stadttext":"<h3>Unser Einzugsbereich umfasst auch Tostedt und Sittensen<\/h3>\n<p>Durch unsere Vertriebst\u00e4tigkeit haben wir uns einen sehr guten \u00dcberblick \u00fcber die Stadtarchitektur der St\u00e4dte und Gemeinden unseres Einzugsbereiches erarbeiten k\u00f6nnen. Selbstverst\u00e4ndlich geh\u00f6ren auch Tostedt und Sittensen zu unserem unmittelbaren Vertriebsgebiet. Wir freuen uns darauf, mit Ihnen in Kontakt zu treten. <\/p>\n<h3>Einige Informationen zu den Gemeinden Tostedt und Sittensen<\/h3>\n<p>Wer in Tostedt lebt, wohnt in kleinst\u00e4dtischem Flair, ohne auf die Angebote und Abwechslungen der nahen Metropole Hamburg zu verzichten. Die Hansestadt ist nur wenige Fahrkilometer entfernt. Als Lebensmittelpunkt bietet Tostedt gute Gr\u00fcnde f\u00fcr die \u00fcber 13.000 Anwohner. Tostedt begeistert durch seine attraktiven Wohnquartiere. Wer das Leben abseits der st\u00e4dtischen Hektik liebt, gleichwohl urbanes Leben sch\u00e4tzt, ist in Tostedt richtig. Eine hervorragend ausgebaute Infrastruktur mit vielf\u00e4ltigen Einkaufsm\u00f6glichkeiten sowie  attraktiven Freizeit- und Sportm\u00f6glichkeiten, verleihen Tostedt eine sehr gute Wohn- und Lebensqualit\u00e4t. <\/p>\n<h3>Tostedt und Sittensen \u2013 attraktive Wohnorte<\/h3>\n<p>Gerade einmal 20 Kilometer von Tostedt entfernt liegt der Ort Sittensen. Das St\u00e4dtchen z\u00e4hlt formell zum nieders\u00e4chsischen Kreis Harburg. In Sittensen leben momentan etwa 5.600 Menschen auf einer Gesamtfl\u00e4che von rund 18 qkm. Auch Sittensen gef\u00e4llt durch eine reizvolle Lage: Geografisch liegt Sittensen in der Zevener Geest, einem Landstrich am Elbe-Weser-Dreieck zwischen Hamburg. <\/p>\n<p>Die lebenswerte Gemeinde ist Sitz der Samtgemeinde Sittensen, einem Zusammenschluss von neun kleineren Orten, n\u00e4mlich Hamersen, Gro\u00df und Klein Melckelsen, Kalbe, Lengenbostel, Sittensen, Tiste, Vierden und Wohnste. Die Samtgemeinde z\u00e4hlt insgesamt etwa 11.000 Einwohner und erstreckt sich \u00fcber ein Areal von etwas mehr als 138 Quadratkilometern. Als Wohnstatt verbindet Sittensen urbanes Leben mit dem Wohnen in der Provinz auf perfekte Weise. Die beiden norddeutschen Hansest\u00e4dte Hamburg und Bremen sind von Sittensen aus in rund 45 Minuten zu erreichen. <\/p>\n<h4>Privat- und Gesch\u00e4ftskunden aus Sittensen und Tostedt sch\u00e4tzen unsere Leistungen!<\/h4>\n<p>Sie interessieren sich f\u00fcr unser Leistungsprogramm und sind hier im Internet auf unsere Homepage gesto\u00dfen? Dar\u00fcber freuen wir uns sehr. Sehr gerne pr\u00e4sentieren wir Ihnen unser komplettes Leistungsspektrum und beantworten Ihre Fragen. Unser egagiertes Team freut sich auf Sie.<\/p>","popseo_zusatztext":"<h3>G\u00fcnstig und preiswert \u2013 darauf d\u00fcrfen Sie setzen<\/h3>\n<p>Bauelemente m\u00fcssen hohen Anforderungen standhalten. Nichtsdestrotrotz darf es g\u00fcnstig und preiswert sein. Das muss absolut kein Widerspruch sein. <\/p>\n<p>Als Fachbetrieb f\u00fcr Sonnenschutz und Sicherheit verarbeiten wir ausschlie\u00dflich hochwertige Produkte. Nichtsdestotrotz achten wir stets auf ein angemessenes Preis-Leistungsverh\u00e4ltnis. Wir m\u00f6chten Ihnen Spitzenqualit\u00e4t anbieten, die zugleich auch g\u00fcnstig und preiswert ist. Geben Sie Ihrem Zuhause g\u00fcnstig und preiswert das besondere Plus an Qualit\u00e4t. Markisen und Rolll\u00e4den oder andere Sonnenschutzl\u00f6sungen sehen nicht nur schick aus, sie leisten auch einen bedeutsamen Beitrag zur W\u00e4rmed\u00e4mmung.  <\/p>\n<h3>G\u00fcnstig und preiswert ohne Abstriche bei der Qualit\u00e4t<\/h3>\n<p>D\u00fcrfen wir Sie informieren, wie Sie g\u00fcnstig und preiswert einen optimalen Sonnenschutz f\u00fcr Ihr Heim umsetzen? Toll, dann z\u00f6gern Sie bitte nicht und nehmen am besten gleich heute noch Kontakt mit uns auf. Ein kurzer Telefonanruf oder eine schnelle Mail gen\u00fcgen. Gerne informieren Sie unsere gut ausgebildeten Profis \u00fcber die verschiedenen M\u00f6glichkeiten, wie Sie Ihr Heim g\u00fcnstig und preiswert mit Markisen und Rolll\u00e4den oder anderen Sonnenschutzprodukten versehen. Wir freuen uns auf das Gespr\u00e4ch mit Ihnen. <\/p>\n<h4>G\u00fcnstig und preiswert \u2013 manchmal macht auch der Preis den Unterschied<\/h4>\n<p>Z\u00e4hlen Sie beim Thema Sonnenschutz und Sicherheit auf den Spezialisten. Nur ein Spezialbetrieb kennt die verschiedenen M\u00f6glichkeiten, wie Sie g\u00fcnstig und preiswert, trotzdem qualitativ hochwertig einen perfekten Sonnenschutz erreichen. Qualit\u00e4tsbewusst, g\u00fcnstig und preiswert: Wir empfehlen uns als spezialisiertes Unternehmen im Norden. Unsere langj\u00e4hrige Erfahrung spricht f\u00fcr uns.<\/p>","popseo_links":"<a href=\"https:\/\/www.kaduk-bauelemente.de\/leistungen\/fenster-lueneburg\/\">Fenster L\u00fcneburg<\/a>, <a href=\"https:\/\/www.kaduk-bauelemente.de\/leistungen\/insektenschutz-lueneburg\/\">Insektenschutz L\u00fcneburg<\/a>, <a href=\"https:\/\/www.kaduk-bauelemente.de\/leistungen\/fenster-amelinghausen\/\">Fenster Amelinghausen<\/a>, <a href=\"https:\/\/www.kaduk-bauelemente.de\/leistungen\/rolllaeden-bispingen\/\">Rolll\u00e4den Bispingen<\/a>, <a href=\"https:\/\/www.kaduk-bauelemente.de\/leistungen\/carports-schwarzenbek\/\">Carports Schwarzenbek<\/a>, <a href=\"https:\/\/www.kaduk-bauelemente.de\/leistungen\/fenster-harburg\/\">Fenster Harburg<\/a>, <a href=\"https:\/\/www.kaduk-bauelemente.de\/leistungen\/terrassenueberdachungen-aus-holz-schwarzenbek\/\">Terrassen\u00fcberdachungen aus Holz Schwarzenbek<\/a>, <a href=\"https:\/\/www.kaduk-bauelemente.de\/leistungen\/tueren-tostedt-sittensen\/\">T\u00fcren Tostedt Sittensen<\/a>, <a href=\"https:\/\/www.kaduk-bauelemente.de\/leistungen\/rolltore-herzogtum-lauenburg\/\">Rolltore Herzogtum Lauenburg<\/a>, <a href=\"https:\/\/www.kaduk-bauelemente.de\/leistungen\/terrassenueberdachungen-aus-holz-buechen\/\">Terrassen\u00fcberdachungen aus Holz B\u00fcchen<\/a>, <a href=\"https:\/\/www.kaduk-bauelemente.de\/leistungen\/holzfenster-maschen\/\">Holzfenster Maschen<\/a>, <a href=\"https:\/\/www.kaduk-bauelemente.de\/leistungen\/terrassenueberdachungen-aus-holz-boizenburg\/\">Terrassen\u00fcberdachungen aus Holz Boizenburg<\/a>, <a href=\"https:\/\/www.kaduk-bauelemente.de\/leistungen\/zaunbau-winsen-luhe\/\">Zaunbau Winsen Luhe<\/a>, <a href=\"https:\/\/www.kaduk-bauelemente.de\/leistungen\/rolltore-stelle\/\">Rolltore Stelle<\/a>, <a href=\"https:\/\/www.kaduk-bauelemente.de\/leistungen\/tueren-bad-bevensen\/\">T\u00fcren Bad Bevensen<\/a>, <a href=\"https:\/\/www.kaduk-bauelemente.de\/leistungen\/zaunbau-reinbek-glinde\/\">Zaunbau Reinbek Glinde<\/a>, <a href=\"https:\/\/www.kaduk-bauelemente.de\/leistungen\/zaunbau-salzhausen\/\">Zaunbau Salzhausen<\/a>, <a href=\"https:\/\/www.kaduk-bauelemente.de\/leistungen\/zaeune-bispingen\/\">Z\u00e4une Bispingen<\/a>, <a href=\"https:\/\/www.kaduk-bauelemente.de\/leistungen\/rolltore-bispingen\/\">Rolltore Bispingen<\/a>, <a href=\"https:\/\/www.kaduk-bauelemente.de\/leistungen\/haustueren-harburg\/\">Haust\u00fcren Harburg<\/a>, <a href=\"https:\/\/www.kaduk-bauelemente.de\/leistungen\/rolltore-uelzen\/\">Rolltore Uelzen<\/a>, <a href=\"https:\/\/www.kaduk-bauelemente.de\/leistungen\/sektionaltore-jesteburg\/\">Sektionaltore Jesteburg<\/a>, <a href=\"https:\/\/www.kaduk-bauelemente.de\/leistungen\/markisen-seevetal-rosengarten\/\">Markisen Seevetal Rosengarten<\/a>, <a href=\"https:\/\/www.kaduk-bauelemente.de\/leistungen\/fliegengitter-maschen\/\">Fliegengitter Maschen<\/a>, <a href=\"https:\/\/www.kaduk-bauelemente.de\/leistungen\/terrassendaecher-aus-holz-schwarzenbek\/\">Terrassend\u00e4cher aus Holz Schwarzenbek<\/a>, <a href=\"https:\/\/www.kaduk-bauelemente.de\/leistungen\/fenster-jesteburg\/\">Fenster Jesteburg<\/a>"},"_links":{"self":[{"href":"https:\/\/www.kaduk-bauelemente.de\/leistungen\/wp-json\/wp\/v2\/pages\/4295","targetHints":{"allow":["GET"]}}],"collection":[{"href":"https:\/\/www.kaduk-bauelemente.de\/leistungen\/wp-json\/wp\/v2\/pages"}],"about":[{"href":"https:\/\/www.kaduk-bauelemente.de\/leistungen\/wp-json\/wp\/v2\/types\/page"}],"author":[{"embeddable":true,"href":"https:\/\/www.kaduk-bauelemente.de\/leistungen\/wp-json\/wp\/v2\/users\/1"}],"replies":[{"embeddable":true,"href":"https:\/\/www.kaduk-bauelemente.de\/leistungen\/wp-json\/wp\/v2\/comments?post=4295"}],"version-history":[{"count":0,"href":"https:\/\/www.kaduk-bauelemente.de\/leistungen\/wp-json\/wp\/v2\/pages\/4295\/revisions"}],"wp:attachment":[{"href":"https:\/\/www.kaduk-bauelemente.de\/leistungen\/wp-json\/wp\/v2\/media?parent=4295"}],"curies":[{"name":"wp","href":"https:\/\/api.w.org\/{rel}","templated":true}]}}