{"id":4294,"date":"2021-08-25T12:18:53","date_gmt":"2021-08-25T10:18:53","guid":{"rendered":"https:\/\/www.kaduk-bauelemente.de\/leistungen\/garagentore-stelle\/"},"modified":"2021-08-25T12:18:53","modified_gmt":"2021-08-25T10:18:53","slug":"garagentore-stelle","status":"publish","type":"page","link":"https:\/\/www.kaduk-bauelemente.de\/leistungen\/garagentore-stelle\/","title":{"rendered":"Garagentore &#8211; Stelle"},"content":{"rendered":"<h3>Garagentore &#8211; wir beraten Sie gerne<\/h3>\n<p>Bei uns erhalten Sie hochwertige Garagentore in riesiger Auswahl. Nat\u00fcrlich umfasst unser Angebotsportfolio au\u00dferdem die Wartung und Motorisierung der Tore. Wenn beispielsweise der Antrieb nicht mehr korrekt funktioniert, kann des \u00f6fteren schon eine kleine Instandsetzung oder evtl. auch der Ersatz eines einzelnen Verschlei\u00dfteils ein positives Resultat bringen.<\/p>\n<p>In den vergangenen Jahren haben sich Garagentore mit Deckenlaufsystem und Funkbedienung als ausgesprochen begehrt erwiesen. Noch vor wenigen Jahrzehnten geh\u00f6rten solcherlei Garagentore zum wirklichen Luxus. Das hat sich in der Zwischenzeit ge\u00e4ndert. Automatische, leichtl\u00e4ufige Garagentore geh\u00f6ren jetzt fast schon zum Standard. <\/p>\n<h3>Garagentore unterstreichen das Erscheinungsbild Ihres Wohnhauses<\/h3>\n<p>Zu Angebotsportfolio z\u00e4hlen zus\u00e4tzlich auch Seitenlauftore und Sektionaltore. Selbstverst\u00e4ndlich entdecken Sie bei uns auch Garagentore f\u00fcr den anspruchsvollen Anspruch. F\u00fcr welchen L\u00f6sungsweg Sie sich letztendlich entscheiden: Die Nutz- und Parkfl\u00e4che in der Garage wird auf jeden Fall optimal genutzt.<\/p>\n","protected":false},"excerpt":{"rendered":"<p>Garagentore &#8211; wir beraten Sie gerne Bei uns erhalten Sie hochwertige Garagentore in riesiger Auswahl. Nat\u00fcrlich umfasst unser Angebotsportfolio au\u00dferdem die Wartung und Motorisierung der Tore. Wenn beispielsweise der Antrieb nicht mehr korrekt funktioniert, kann des \u00f6fteren schon eine kleine Instandsetzung oder evtl. auch der Ersatz eines einzelnen Verschlei\u00dfteils ein positives Resultat bringen. In den [&hellip;]<\/p>\n","protected":false},"author":1,"featured_media":0,"parent":0,"menu_order":0,"comment_status":"closed","ping_status":"closed","template":"","meta":{"footnotes":""},"class_list":["post-4294","page","type-page","status-publish","hentry"],"meta_box":{"popseo_subtitel":"Kaduk Bauelemente ist Ihr Partner f\u00fcr Garagentore in Stelle","popseo_subtitel2":"Garagentore - unsere Experten informieren Sie gerne","popseo_lasttitel":"Garagentore: Sie haben Fragen? Dann melden Sie sich bei uns","popseo_region":"Stelle","popseo_sachwort":"Garagentore","popseo_noupdate":"","popseo_einleitungstext":"<p>Gerne informieren wir Sie n\u00e4her \u00fcber unsere Produkte und unser Aufgabenfeld. Wir zeigen Ihnen mit Vergn\u00fcgen auch ein paar Projekte, die Ihnen einen Einblick in unsere Firment\u00e4tigkeit geben.<br \/>\nWir sind f\u00fcr Sie da. Rufen Sie uns doch einfach einmal an oder schicken Sie uns eine kurze E-Mail. Wir freuen uns auf Sie.<\/p>","popseo_schlusstext":"<p>Auf Wunsch informieren wir Sie n\u00e4her \u00fcber unsere Produkte und unser Aufgabengebiet. Wir nennen Ihnen mit Vergn\u00fcgen auch ein paar Referenzprojekte, die Ihnen einen Einblick in unsere Firment\u00e4tigkeit geben.<br \/>\nWir sind f\u00fcr Sie da. Rufen Sie uns doch rasch einmal an oder schicken Sie uns eine schnelle E-Mail. Wir freuen uns auf Sie.<\/p>","popseo_stadttext":"<h3>Wir freuen uns \u00fcber zufriedene Kunden aus in|Dach- und Fassadensanierung in|Unsere Spezialisten kommen zu Ihnen nach} Stelle<\/h2>\n<p>Unser Einzugsbereich umfasst auch Stelle. Durch unsere Gesch\u00e4ftst\u00e4tigkeit haben wir uns einen guten \u00dcberblick \u00fcber die Architektur der Gemeinden und St\u00e4dte unseres Vertriebsgebietes erarbeiten k\u00f6nnen. Wir f\u00fchlen uns der Region verpflichtet und sind stolz darauf, auch unseren Anteil zur ausgezeichneten Infrastruktur der Gemeinde beizusteuern zu k\u00f6nnen.  <\/p>\n<h3>Ein paar Fakten \u00fcber Stelle<\/h3>\n<p>In der zum Kreis Harburg z\u00e4hlenden Gemeinde Stelle leben insgesamt ca. 11.000 Bewohner auf einer Gesamtfl\u00e4che von zirka 38 Quadratkilometer. Direkt an Hamburg grenzend, z\u00e4hlt Stelle zum sogenannten \u201eSpeckg\u00fcrtel\u201c der Freien und Hansestadt. Die Bev\u00f6lkerungsdichte mit 288 Einwohnern pro Quadratkilometer ist durchaus niedrig zu nennen, was den Ort zu einer begehrten Wohngegend macht. Zahlreiche sch\u00f6ne Quartiere mit einer schmucken Bebauung machen Stelle attraktiv. Leben im Gr\u00fcnen, dabei die Hansestadt unmittelbar vor der T\u00fcr  \u2013 ein Lebensentwurf, der f\u00fcr viele Menschen von Interesse ist. Eine ganze Reihe W\u00e4lder und Wiesen verleihen der Gemeinde einen zuweilen fast bukolischen Charakter. Die regionale Wirtschaft von Stelle ist durchzogen von kleinen und mittelst\u00e4ndigen Betrieben. <\/p>\n<p>Stelle ist f\u00fcr Berufspendler besonders gut geeignet. Wer seine Arbeitsstelle in der nahen Metropole hat, genie\u00dft das eher beschauliche Leben in der Peripherie. Stelle verf\u00fcgt \u00fcber zahlreiche idyllische Wohnviertel, die von einer typischen Einzelhausbebauung bestimmt sind. <\/p>\n<h4>Hohe Qualit\u00e4t f\u00fcr Kunden aus Stelle<\/h4>\n<p>Gerne werden wir auch f\u00fcr Sie im Raum Stelle t\u00e4tig. D\u00fcrfen wir Sie n\u00e4her informieren? Sie erreichen uns telefonisch oder senden Sie uns eine Mail. Wir freuen uns, wenn wir ihnen helfen k\u00f6nnen! Das qualifizierte Team unseres Unternehmens arbeitet \u201eHand in Hand\u201c, dabei stets zielorientiert und sorgsam.<\/p>","popseo_zusatztext":"<h3>Wir sind Fachbetrieb f\u00fcr Sicht- und Sonnenschutz<\/h3>\n<p>Setzen Sie bei Sicherheit und Sonnenschutz unbedingt auf die fachspezifische Leistung vom Fachbetrieb. Nur ein Fachbetrieb kennt die Tipps und Tricks, wie man zu einem sachgerechten Ergebnis kommt. Um sich mit Fug und Recht als Fachbetrieb zu titulieren, braucht man eine gute Ausbildung der Mitarbeiter und eine jahrelange Erfahrung.  <\/p>\n<p>Unsere Firma empfiehlt sich als Ihr erfahrener Fachbetrieb f\u00fcr Sicherheit und Sonnenschutz. Setzen Sie auf Qualit\u00e4t und schenken Sie unserem Fachbetrieb Ihr Vertrauen. Wir bieten Ihnen unter anderem hochqualitative Markisen und Rolll\u00e4den und legen allerh\u00f6chsten Wert auf einen sehr guten Service. Schon seit vielen Jahren sind wir spezialisierter Fachbetrieb f\u00fcr Rolll\u00e4den, Markisen, Terrassend\u00e4cher und Au\u00dfenjalousien im Raum L\u00fcneburg. Es ist uns ein Anliegen, dass Sie lange viel Freude an Ihrem Sicht und Sonnenschutz haben. Von einem Fachbetrieb d\u00fcrfen Sie ohne Wenn und Aber eine absolute Top-Leistung erwarten.<\/p>\n<h3>Auf einen Fachbetrieb ist Verlass<\/h3>\n<p>Als Fachbetrieb darf sich ein Unternehmen bezeichnen, deren Mitarbeiter \u00fcber nachweisbare Qualifikationen verf\u00fcgen. Dies ist u.a. eine entsprechende Ausbildung oder ein Meisterbrief. Au\u00dferdem zeichnet eine intensive praktische Erfahrung einen Fachbetrieb aus. Schon seit vielen Jahren konzentrieren wir uns als spezialisiertes Unternehmen auf Sonnenschutz und Sicherheit von H\u00e4usern. In diesen langen Jahren haben wir uns das Attribut Fachbetrieb fraglos verdient. Wir verwenden ausnahmslos hochwertige Materialien. Dabei achten wir immer auf ein faires Preis-Leistungsverh\u00e4ltnis. Unser Versprechen als Fachbetrieb: Wir bieten Ihnen hervorragende Qualit\u00e4t zu einem erstaunlichen Preis.<\/p>","popseo_links":"<a href=\"https:\/\/www.kaduk-bauelemente.de\/leistungen\/tueren-harburg\/\">T\u00fcren Harburg<\/a>, <a href=\"https:\/\/www.kaduk-bauelemente.de\/leistungen\/zaeune-lueneburg\/\">Z\u00e4une L\u00fcneburg<\/a>, <a href=\"https:\/\/www.kaduk-bauelemente.de\/leistungen\/fenster-tostedt-sittensen\/\">Fenster Tostedt Sittensen<\/a>, <a href=\"https:\/\/www.kaduk-bauelemente.de\/leistungen\/rolllaeden-adendorf\/\">Rolll\u00e4den Adendorf<\/a>, <a href=\"https:\/\/www.kaduk-bauelemente.de\/leistungen\/rollladen-jesteburg\/\">Rollladen Jesteburg<\/a>, <a href=\"https:\/\/www.kaduk-bauelemente.de\/leistungen\/carports-buchholz\/\">Carports Buchholz<\/a>, <a href=\"https:\/\/www.kaduk-bauelemente.de\/leistungen\/raffstores-geesthacht\/\">Raffstores Geesthacht<\/a>, <a href=\"https:\/\/www.kaduk-bauelemente.de\/leistungen\/terrassendaecher-aus-aluminium-salzhausen\/\">Terrassend\u00e4cher aus Aluminium Salzhausen<\/a>, <a href=\"https:\/\/www.kaduk-bauelemente.de\/leistungen\/sektionaltore-bienenbuettel\/\">Sektionaltore Bienenb\u00fcttel<\/a>, <a href=\"https:\/\/www.kaduk-bauelemente.de\/leistungen\/terrassenueberdachungen-aus-aluminium-hanstedt\/\">Terrassen\u00fcberdachungen aus Aluminium Hanstedt<\/a>, <a href=\"https:\/\/www.kaduk-bauelemente.de\/leistungen\/markisen-hanstedt\/\">Markisen Hanstedt<\/a>, <a href=\"https:\/\/www.kaduk-bauelemente.de\/leistungen\/kunststofffenster-amt-neuhaus\/\">Kunststofffenster Amt Neuhaus<\/a>, <a href=\"https:\/\/www.kaduk-bauelemente.de\/leistungen\/markisen-harburg\/\">Markisen Harburg<\/a>, <a href=\"https:\/\/www.kaduk-bauelemente.de\/leistungen\/aussenjalousien-winsen-luhe\/\">Au\u00dfenjalousien Winsen Luhe<\/a>, <a href=\"https:\/\/www.kaduk-bauelemente.de\/leistungen\/insektenschutz-buechen\/\">Insektenschutz B\u00fcchen<\/a>, <a href=\"https:\/\/www.kaduk-bauelemente.de\/leistungen\/terrassenueberdachungen-aus-aluminium-geesthacht\/\">Terrassen\u00fcberdachungen aus Aluminium Geesthacht<\/a>, <a href=\"https:\/\/www.kaduk-bauelemente.de\/leistungen\/garagen-amelinghausen\/\">Garagen Amelinghausen<\/a>, <a href=\"https:\/\/www.kaduk-bauelemente.de\/leistungen\/sektionaltore-salzhausen\/\">Sektionaltore Salzhausen<\/a>, <a href=\"https:\/\/www.kaduk-bauelemente.de\/leistungen\/terrassenueberdachungen-aus-aluminium-stelle\/\">Terrassen\u00fcberdachungen aus Aluminium Stelle<\/a>, <a href=\"https:\/\/www.kaduk-bauelemente.de\/leistungen\/tueren-geesthacht\/\">T\u00fcren Geesthacht<\/a>, <a href=\"https:\/\/www.kaduk-bauelemente.de\/leistungen\/garagen-schwarzenbek\/\">Garagen Schwarzenbek<\/a>, <a href=\"https:\/\/www.kaduk-bauelemente.de\/leistungen\/raffstores-bardowick\/\">Raffstores Bardowick<\/a>, <a href=\"https:\/\/www.kaduk-bauelemente.de\/leistungen\/sektionaltore-buchholz\/\">Sektionaltore Buchholz<\/a>, <a href=\"https:\/\/www.kaduk-bauelemente.de\/leistungen\/fenster-buechen\/\">Fenster B\u00fcchen<\/a>, <a href=\"https:\/\/www.kaduk-bauelemente.de\/leistungen\/terrassenueberdachungen-aus-holz-hanstedt\/\">Terrassen\u00fcberdachungen aus Holz Hanstedt<\/a>, <a href=\"https:\/\/www.kaduk-bauelemente.de\/leistungen\/holzfenster-geesthacht\/\">Holzfenster Geesthacht<\/a>"},"_links":{"self":[{"href":"https:\/\/www.kaduk-bauelemente.de\/leistungen\/wp-json\/wp\/v2\/pages\/4294","targetHints":{"allow":["GET"]}}],"collection":[{"href":"https:\/\/www.kaduk-bauelemente.de\/leistungen\/wp-json\/wp\/v2\/pages"}],"about":[{"href":"https:\/\/www.kaduk-bauelemente.de\/leistungen\/wp-json\/wp\/v2\/types\/page"}],"author":[{"embeddable":true,"href":"https:\/\/www.kaduk-bauelemente.de\/leistungen\/wp-json\/wp\/v2\/users\/1"}],"replies":[{"embeddable":true,"href":"https:\/\/www.kaduk-bauelemente.de\/leistungen\/wp-json\/wp\/v2\/comments?post=4294"}],"version-history":[{"count":0,"href":"https:\/\/www.kaduk-bauelemente.de\/leistungen\/wp-json\/wp\/v2\/pages\/4294\/revisions"}],"wp:attachment":[{"href":"https:\/\/www.kaduk-bauelemente.de\/leistungen\/wp-json\/wp\/v2\/media?parent=4294"}],"curies":[{"name":"wp","href":"https:\/\/api.w.org\/{rel}","templated":true}]}}