{"id":4292,"date":"2021-08-25T12:18:53","date_gmt":"2021-08-25T10:18:53","guid":{"rendered":"https:\/\/www.kaduk-bauelemente.de\/leistungen\/garagentore-schwarzenbek\/"},"modified":"2021-08-25T12:18:53","modified_gmt":"2021-08-25T10:18:53","slug":"garagentore-schwarzenbek","status":"publish","type":"page","link":"https:\/\/www.kaduk-bauelemente.de\/leistungen\/garagentore-schwarzenbek\/","title":{"rendered":"Garagentore &#8211; Schwarzenbek"},"content":{"rendered":"<h3>Wir informieren Sie \u00fcber Garagentore<\/h3>\n<p>Bei uns erhalten Sie qualitativ hochwertige Garagentore in gro\u00dfer Auswahl. Nat\u00fcrlich beinhaltet unser Angebotsportfolio auch die Inspektion und Automatisierung der Tore. Wenn beispielsweise der Antrieb nicht mehr richtig arbeitet, kann manchmal bereits eine minimale Instandsetzung oder evtl. auch der Austausch eines einzigen Verschlei\u00dfteils ein ausreichendes Resultat erzielen.<\/p>\n<p>In den zur\u00fcckliegenden Jahren haben sich Garagentore mit Deckenlaufsystem und Funkfernbedienung als ganz besonders gefragt erwiesen. Noch vor einigen Jahrzehnten geh\u00f6rten solche Garagentore zum ausgesprochenen Luxus. Dies hat sich in der Zwischenzeit ge\u00e4ndert. Leichtl\u00e4ufige, automatische Garagentore geh\u00f6ren zwischenzeitlich bereits zum Standardrepertoire. <\/p>\n<h3>Garagentore sind echte Hingucker<\/h3>\n<p>Zu unserem Sortiment z\u00e4hlen dar\u00fcber hinaus auch Seitenlauftore und Sektionaltore. Nat\u00fcrlich finden Sie bei uns auch Garagentore f\u00fcr den exclusiven Bedarf. F\u00fcr welchen L\u00f6sungsweg Sie sich am Ende entscheiden: Die Nutz- und Parkfl\u00e4che in der Garage wird auf jeden Fall bestens ausgenutzt.<\/p>\n","protected":false},"excerpt":{"rendered":"<p>Wir informieren Sie \u00fcber Garagentore Bei uns erhalten Sie qualitativ hochwertige Garagentore in gro\u00dfer Auswahl. Nat\u00fcrlich beinhaltet unser Angebotsportfolio auch die Inspektion und Automatisierung der Tore. Wenn beispielsweise der Antrieb nicht mehr richtig arbeitet, kann manchmal bereits eine minimale Instandsetzung oder evtl. auch der Austausch eines einzigen Verschlei\u00dfteils ein ausreichendes Resultat erzielen. In den zur\u00fcckliegenden [&hellip;]<\/p>\n","protected":false},"author":1,"featured_media":0,"parent":0,"menu_order":0,"comment_status":"closed","ping_status":"closed","template":"","meta":{"footnotes":""},"class_list":["post-4292","page","type-page","status-publish","hentry"],"meta_box":{"popseo_subtitel":"Wir sind Ihr Partner f\u00fcr Garagentore in Schwarzenbek","popseo_subtitel2":"Garagentore - wir f\u00fchren hochwertige Produkte","popseo_lasttitel":"Garagentore: Unsere Experten beantworten Ihre Fragen","popseo_region":"Schwarzenbek","popseo_sachwort":"Garagentore","popseo_noupdate":"","popseo_einleitungstext":"<p>Sie wollen Ihre Gesch\u00e4fts- oder Wohnimmobilie mit zeitgem\u00e4\u00dfen Bauelementen ausstatten lassen und m\u00f6chten sich \u00fcber unser Produkt- und Leistungsangebot informieren? Klasse, dann sind Sie auf dieser Seite an der richtigen Adresse. Unser Produktportfolio umfasst beispielsweise Markisen, Terrassend\u00e4cher, Rolltore, Fenster, Au\u00dfenjalousien, T\u00fcren, Rolll\u00e4den und Carports. Als auf Sicherheit und Sonnenschutz fokussiertes Unternehmen \u00fcbernehmen wir insbesondere auch Montage- und Reparaturarbeiten. Erfahren Sie auf dieser und den nachfolgenden Seiten mehr \u00fcber unser Unternehmen und dessen Angebot. \u00dcber Ihr Interesse freuen wir uns sehr.<\/p>","popseo_schlusstext":"<p>Sie ben\u00f6tigen einen Spezialisten f\u00fcr hochwertige Sicherheits- und Sonnenschutzl\u00f6sungen. Dann rufen Sie uns bitte rasch an. Wir freuen uns auf das Gespr\u00e4ch mit Ihnen. Wenn es um Bauelemente geht, sind wir Ihr erfahrener Handels- und Handwerkspartner. Wir garantieren hochwertige Produkte und eine fachkundig ausgef\u00fchrte Arbeit nach dem stets derzeitigen Stand der Technik.<\/p>","popseo_stadttext":"<h3>Unser Wirkungskreis umfasst auch Schwarzenbek<\/h3>\n<p>Unser Einzugsbereich umfasst auch Schwarzenbek. Durch unsere T\u00e4tigkeit haben wir uns einen ausgezeichneten \u00dcberblick \u00fcber die Stadtarchitektur der Gemeinden und St\u00e4dte unseres Vertriebsgebietes erarbeiten k\u00f6nnen. Wir f\u00fchlen uns der Region verpflichtet und sind stolz darauf, auch unseren Anteil zur ausgezeichneten Infrastruktur der Stadt Schwarzenbek beizusteuern zu k\u00f6nnen.  <\/p>\n<h3>Gute Gr\u00fcnde sprechen f\u00fcr den Wohnort Schwarzenbek<\/h3>\n<p>Die Stadt Schwarzenbek geh\u00f6rt verwaltungstechnisch zum schleswig-holsteinischen Landkreis Herzogtum Lauenburg. In Schwarzenbek leben gut 15.000 Menschen auf einer Gesamtfl\u00e4che von circa 11 qkm. Schwarzenbek fungiert als Verwaltungssitz des Amtes Schwarzenbek-Land. Schwarzenbek begeistert besonders durch seine ansprechenden Wohngebiete. Die Bebauung mit Ein- und Mehrfamilienh\u00e4usern \u00fcberwiegt in der lauenburgischen Gemeinde ganz unzweifelhaft. Vielgeschossige Wohngeb\u00e4ude sind in Schwarzenbek deutlich in der Minderheit.<\/p>\n<p>Die geringe Entfernung zur Gro\u00dfstadt Hamburg ist ein wichtiger Standortfaktor der Gemeinde. Nur in etwa 35 km liegt die gr\u00f6\u00dfte Stadt Norddeutschlands von Schwarzenbek entfernt. F\u00fcr die Wohnstatt Schwarzenbek eine ideale Situation: Wer seinen Arbeitsplatz in der Gro\u00dfstadt hat, hat nur einen kurzen Weg bis zur Wohnst\u00e4tte Schwarzenbek. Das zumeist beschauliche Leben auf dem Lande verbindet sich auf ideale Weise mit den Vorteilen der Gro\u00dfstadt.<br \/>\nEine gute Infrastruktur macht das Wohnen in Schwarzenbek speziell f\u00fcr junge Familien attraktiv. Die Stadt ist Teil vom Hamburger Verkehrsverbund (HVV). Mit der Eisenbahn erreicht man Schwarzenbek \u00fcber die Strecke Hamburg-Berlin. Zum Hbf Hamburg braucht man rund 20 Minuten. <\/p>\n<h3>Schwarzenbek - lebenswert und attraktiv<\/h3>\n<p>Die Stadt Schwarzenbek wurde vor einigen Jahren mit dem sogenannten Europapreis ausgezeichnet. Die Auszeichnung wird Gemeinden verliehen, die sich sich in herausragender Weise f\u00fcr die Verbreitung des europ\u00e4ischen Einigungsgedankens eingesetzt haben. Schwarzenbek tr\u00e4gt den Titel \u201eEuropastadt\u201c mit Stolz.<br \/>\nWegen der zentralen Lage im Kreis Herzogtum-Lauenburg wird Schwarzenbek bisweilen auch als \u201eStadt der Mitte\u201c bezeichnet. Schwarzenbek war \u00fcbrigens eine der ersten St\u00e4dte in Norddeutschland, die auf der Ortsbeschilderung den Namen auch auf Plattdeutsch notiert haben. Eine prima Idee, die inzwischen zahlreiche Nachahmer gefunden hat. <\/p>\n<h4>Privat- und Gesch\u00e4ftskunden aus Schwarzenbek sch\u00e4tzen unsere Leistungen!<\/h4>\n<p>Gerne werden wir auch f\u00fcr Sie im Raum Schwarzenbek t\u00e4tig. D\u00fcrfen wir Sie n\u00e4her informieren? Kontaktieren sie uns per Telefon oder schicken Sie uns eine Mail. Wir freuen uns, wenn wir ihnen helfen k\u00f6nnen! Das qualifizierte Team unseres Unternehmens arbeitet \u201eHand in Hand\u201c, dabei stets zielorientiert und sorgsam.<\/p>","popseo_zusatztext":"<h3>Wir sind Fachbetrieb f\u00fcr Sicht- und Sonnenschutz<\/h3>\n<p>Vertrauen Sie bei Sicherheit und Sonnenschutz auf jeden Fall auf die sachspezifische Leistung vom Fachbetrieb. Nur ein Fachbetrieb kennt die Tricks und Tipps, wie man zu einem \u00fcberzeugenden Ergebnis kommt. Um sich mit Fug und Recht Fachbetrieb nennen zu k\u00f6nnen, braucht es eine qualifizierte Ausbildung der Mitarbeiter und eine langj\u00e4hrige Fachkenntnis.  <\/p>\n<p>Unser Fachbetrieb empfiehlt sich als Ihr qualifizierter Fachbetrieb f\u00fcr Sonnenschutz und Sicherheit. Setzen Sie auf Qualit\u00e4t und schenken Sie unserem Fachbetrieb Ihr Vertrauen. Wir bieten Ihnen unter anderem hochwertige Markisen und Rolll\u00e4den und legen massiv Wert auf einen 1a- Service. Schon seit vielen Jahren sind wir sachkundiger Fachbetrieb f\u00fcr Markisen, Terrassend\u00e4cher, Rolll\u00e4den und Au\u00dfenjalousien im Raum L\u00fcneburg. Es ist unser Bestreben, dass Sie viele Jahre viel Freude an Ihrem Sicht und Sonnenschutz haben. Von einem Fachbetrieb d\u00fcrfen Sie nat\u00fcrlich eine fehlerfreie Top-Leistung erwarten.<\/p>\n<h3>Auf einen Fachbetrieb ist Verlass<\/h3>\n<p>Als Fachbetrieb darf sich eine Unternehmung bezeichnen, deren Mitarbeiter \u00fcber nachweisbare Qualifikationen verf\u00fcgen. Dies ist z.B. eine entsprechende Berufsausbildung oder ein Meisterbrief. Au\u00dferdem zeichnet eine intensive praktische Erfahrung einen Fachbetrieb aus. Schon seit vielen Jahren konzentrieren wir uns als spezialisiertes Unternehmen auf Sonnenschutz und Sicherheit von Geb\u00e4uden. In diesen langen Jahren haben wir uns die Bezeichnung Fachbetrieb ganz sicher verdient. Wir benutzen nur qualitativ hochwertige Materialien. Hierbei achten wir stets auf ein angemessenes Preis-Leistungsverh\u00e4ltnis. Unser Motto als Fachbetrieb: Wir bieten Ihnen beste Qualit\u00e4t zu einem konkurrenzlosem Preis.<\/p>","popseo_links":"<a href=\"https:\/\/www.kaduk-bauelemente.de\/leistungen\/fenster-reppenstedt\/\">Fenster Reppenstedt<\/a>, <a href=\"https:\/\/www.kaduk-bauelemente.de\/leistungen\/holzfenster-harburg\/\">Holzfenster Harburg<\/a>, <a href=\"https:\/\/www.kaduk-bauelemente.de\/leistungen\/terrassenueberdachungen-aus-aluminium-winsen-luhe\/\">Terrassen\u00fcberdachungen aus Aluminium Winsen Luhe<\/a>, <a href=\"https:\/\/www.kaduk-bauelemente.de\/leistungen\/fenster-salzhausen\/\">Fenster Salzhausen<\/a>, <a href=\"https:\/\/www.kaduk-bauelemente.de\/leistungen\/fliegengitter-amelinghausen\/\">Fliegengitter Amelinghausen<\/a>, <a href=\"https:\/\/www.kaduk-bauelemente.de\/leistungen\/sektionaltore-buechen\/\">Sektionaltore B\u00fcchen<\/a>, <a href=\"https:\/\/www.kaduk-bauelemente.de\/leistungen\/tueren-herzogtum-lauenburg\/\">T\u00fcren Herzogtum Lauenburg<\/a>, <a href=\"https:\/\/www.kaduk-bauelemente.de\/leistungen\/kunststofffenster-jesteburg\/\">Kunststofffenster Jesteburg<\/a>, <a href=\"https:\/\/www.kaduk-bauelemente.de\/leistungen\/markisen-buchholz\/\">Markisen Buchholz<\/a>, <a href=\"https:\/\/www.kaduk-bauelemente.de\/leistungen\/markisen-herzogtum-lauenburg\/\">Markisen Herzogtum Lauenburg<\/a>, <a href=\"https:\/\/www.kaduk-bauelemente.de\/leistungen\/carports-salzhausen\/\">Carports Salzhausen<\/a>, <a href=\"https:\/\/www.kaduk-bauelemente.de\/leistungen\/fliegengitter-salzhausen\/\">Fliegengitter Salzhausen<\/a>, <a href=\"https:\/\/www.kaduk-bauelemente.de\/leistungen\/kunststofffenster-seevetal-rosengarten\/\">Kunststofffenster Seevetal Rosengarten<\/a>, <a href=\"https:\/\/www.kaduk-bauelemente.de\/leistungen\/fenster-buchholz\/\">Fenster Buchholz<\/a>, <a href=\"https:\/\/www.kaduk-bauelemente.de\/leistungen\/haustueren-bad-bevensen\/\">Haust\u00fcren Bad Bevensen<\/a>, <a href=\"https:\/\/www.kaduk-bauelemente.de\/leistungen\/terrassendaecher-aus-holz-uelzen\/\">Terrassend\u00e4cher aus Holz Uelzen<\/a>, <a href=\"https:\/\/www.kaduk-bauelemente.de\/leistungen\/sektionaltore-stelle\/\">Sektionaltore Stelle<\/a>, <a href=\"https:\/\/www.kaduk-bauelemente.de\/leistungen\/tueren-reppenstedt\/\">T\u00fcren Reppenstedt<\/a>, <a href=\"https:\/\/www.kaduk-bauelemente.de\/leistungen\/insektenschutz-jesteburg\/\">Insektenschutz Jesteburg<\/a>, <a href=\"https:\/\/www.kaduk-bauelemente.de\/leistungen\/terrassenueberdachungen-aus-aluminium-schwarzenbek\/\">Terrassen\u00fcberdachungen aus Aluminium Schwarzenbek<\/a>, <a href=\"https:\/\/www.kaduk-bauelemente.de\/leistungen\/aussenjalousien-buchholz\/\">Au\u00dfenjalousien Buchholz<\/a>, <a href=\"https:\/\/www.kaduk-bauelemente.de\/leistungen\/terrassendaecher-aus-holz-seevetal-rosengarten\/\">Terrassend\u00e4cher aus Holz Seevetal Rosengarten<\/a>, <a href=\"https:\/\/www.kaduk-bauelemente.de\/leistungen\/carports-reppenstedt\/\">Carports Reppenstedt<\/a>, <a href=\"https:\/\/www.kaduk-bauelemente.de\/leistungen\/kunststofffenster-amt-neuhaus\/\">Kunststofffenster Amt Neuhaus<\/a>, <a href=\"https:\/\/www.kaduk-bauelemente.de\/leistungen\/rolltore-buchholz\/\">Rolltore Buchholz<\/a>, <a href=\"https:\/\/www.kaduk-bauelemente.de\/leistungen\/holzfenster-buechen\/\">Holzfenster B\u00fcchen<\/a>"},"_links":{"self":[{"href":"https:\/\/www.kaduk-bauelemente.de\/leistungen\/wp-json\/wp\/v2\/pages\/4292","targetHints":{"allow":["GET"]}}],"collection":[{"href":"https:\/\/www.kaduk-bauelemente.de\/leistungen\/wp-json\/wp\/v2\/pages"}],"about":[{"href":"https:\/\/www.kaduk-bauelemente.de\/leistungen\/wp-json\/wp\/v2\/types\/page"}],"author":[{"embeddable":true,"href":"https:\/\/www.kaduk-bauelemente.de\/leistungen\/wp-json\/wp\/v2\/users\/1"}],"replies":[{"embeddable":true,"href":"https:\/\/www.kaduk-bauelemente.de\/leistungen\/wp-json\/wp\/v2\/comments?post=4292"}],"version-history":[{"count":0,"href":"https:\/\/www.kaduk-bauelemente.de\/leistungen\/wp-json\/wp\/v2\/pages\/4292\/revisions"}],"wp:attachment":[{"href":"https:\/\/www.kaduk-bauelemente.de\/leistungen\/wp-json\/wp\/v2\/media?parent=4292"}],"curies":[{"name":"wp","href":"https:\/\/api.w.org\/{rel}","templated":true}]}}