{"id":4290,"date":"2021-08-25T12:18:53","date_gmt":"2021-08-25T10:18:53","guid":{"rendered":"https:\/\/www.kaduk-bauelemente.de\/leistungen\/garagentore-reppenstedt\/"},"modified":"2021-08-25T12:18:53","modified_gmt":"2021-08-25T10:18:53","slug":"garagentore-reppenstedt","status":"publish","type":"page","link":"https:\/\/www.kaduk-bauelemente.de\/leistungen\/garagentore-reppenstedt\/","title":{"rendered":"Garagentore &#8211; Reppenstedt"},"content":{"rendered":"<h3>Unser Kundenservice informiert Sie \u00fcber Garagentore<\/h3>\n<p>Bei uns erhalten Sie hochwertige Garagentore in riesiger Auswahl. Selbstredend umfasst unser Angebotsportfolio auch die Pflege und Motorisierung der Tore. Wenn zum Beispiel der Antrieb nicht mehr korrekt funktioniert, kann manchmal bereits eine kleine Instandsetzung oder evtl. auch der Austausch eines einzigen Verschlei\u00dfteils ein positives Resultat erzielen.<\/p>\n<p>In den zur\u00fcckliegenden Jahren haben sich Garagentore mit Deckenlaufsystem und Funkfernbedienung als besonders beliebt gezeigt. Noch vor einigen Jahrzehnten geh\u00f6rten solche Garagentore zum ausgesprochenen Luxus. Dies hat sich heute ge\u00e4ndert. Automatische, leichtl\u00e4ufige Garagentore geh\u00f6ren heute fast schon zum Standardrepertoire. <\/p>\n<h3>Garagentore unterstreichen das Erscheinungsbild Ihres Wohnhauses<\/h3>\n<p>Zu unserem Portfolio z\u00e4hlen dar\u00fcber hinaus auch Sektionaltore und Seitenlauftore. Selbstredend finden Sie bei uns auch Garagentore f\u00fcr den gehobenen Anspruch. F\u00fcr welche L\u00f6sung Sie sich letztendlich entscheiden: Die Park- und Nutzfl\u00e4che in der Garage wird sicher optimal genutzt.<\/p>\n","protected":false},"excerpt":{"rendered":"<p>Unser Kundenservice informiert Sie \u00fcber Garagentore Bei uns erhalten Sie hochwertige Garagentore in riesiger Auswahl. Selbstredend umfasst unser Angebotsportfolio auch die Pflege und Motorisierung der Tore. Wenn zum Beispiel der Antrieb nicht mehr korrekt funktioniert, kann manchmal bereits eine kleine Instandsetzung oder evtl. auch der Austausch eines einzigen Verschlei\u00dfteils ein positives Resultat erzielen. In den [&hellip;]<\/p>\n","protected":false},"author":1,"featured_media":0,"parent":0,"menu_order":0,"comment_status":"closed","ping_status":"closed","template":"","meta":{"footnotes":""},"class_list":["post-4290","page","type-page","status-publish","hentry"],"meta_box":{"popseo_subtitel":"Wir sind Ihr Experte f\u00fcr Garagentore in Reppenstedt","popseo_subtitel2":"Garagentore - unsere Experten informieren Sie gerne","popseo_lasttitel":"Garagentore: Wir beantworten Ihre Fragen!","popseo_region":"Reppenstedt","popseo_sachwort":"Garagentore","popseo_noupdate":"","popseo_einleitungstext":"<p>Die Firma Kaduk ist Ihr qualifizierter und erfahrener Fachbetrieb f\u00fcr Sonnenschutz und Sicherheit im Norden. Mit unserem Firmensitz in Adendorf bei L\u00fcneburg decken wir ein fl\u00e4chenm\u00e4\u00dfig gro\u00dfes Gebiet ab. Bei uns erhalten Sie qualitativ hochwertige Bauelemente in erstaunlich gro\u00dfer Auswahl. Zu unserem Produktsortiment z\u00e4hlen u.a. Au\u00dfenjalousien, Fenster, T\u00fcren, Markisen, Rolltore, Terrassend\u00e4cher, Rolll\u00e4den und Carports. Nat\u00fcrlich erledigen wir auch Reparatur- und Montagearbeiten f\u00fcr Sie. Auf unserer Website finden Sie unser komplettes Produkt- und Dienstleistungsangebot ausf\u00fchrlich beschrieben. Fachgerecht und kompetent beraten wir Sie \u00fcber Ihre M\u00f6glichkeiten und f\u00fchren s\u00e4mtliche Arbeiten gewissenhaft und mit Sachverstand aus - so wie Sie es von einem kompetenten Fachbetrieb erwarten d\u00fcrfen.<\/p>","popseo_schlusstext":"<p>Auf Wunsch informieren wir Sie n\u00e4her \u00fcber unsere Produkte und unser Aufgabenfeld. Wir zeigen Ihnen mit Vergn\u00fcgen auch einige Referenzen, die Ihnen einen Einblick in unsere T\u00e4tigkeit geben.<br \/>\nVertrauen Sie den Spezialisten der Firma Kaduk. Rufen Sie uns doch rasch einmal an oder senden Sie uns eine kurze E-Mail. Wir freuen uns auf den Kontakt zu Ihnen.<\/p>","popseo_stadttext":"<h3>Unser Produktsortiment f\u00fcr Kunden aus Reppenstedt<\/h3>\n<p>Sie kommen aus Reppenstedt, Kirchgellersen, Westergellersen oder S\u00fcdergellersen und sind hier im World Wide Web auf unsere Website gesto\u00dfen? Das finden wir klasse. Gerne pr\u00e4sentieren wir Ihnen unser gesamtes Leistungsspektrum und beantworten Ihre Fragen. Durch unsere Vertriebst\u00e4tigkeit haben wir uns einen guten \u00dcberblick \u00fcber die Architektur der Gemeinden und St\u00e4dte unseres Einzugsbereiches machen k\u00f6nnen. Selbstverst\u00e4ndlich geh\u00f6ren auch Reppenstedt und die anderen Orte der Samtgemeinde Gellersen zu unserem unmittelbaren Wirkungskreis. Wir freuen uns darauf, mit Ihnen ins Gespr\u00e4ch zu kommen. <\/p>\n<h3>Ein paar Fakten \u00fcber Reppenstedt<\/h3>\n<p>Gut 7.600 Anwohner z\u00e4hlt Reppenstedt. Das Gemeindegebiet umfasst ein Areal von rd. 14 qkm. Reppenstedt ist Verwaltungssitz der Samtgemeinde Gellersen, einem Zusammenschluss von kleineren Ortschaften, zu dem neben Reppenstedt selbst auch Westergellersen, Kirchgellersen und S\u00fcdergellersen geh\u00f6ren. Die Samtgemeinde z\u00e4hlt insgesamt rund 14.000 Einwohner und streckt sich \u00fcber ein Areal von etwas mehr als 73 qkm.<\/p>\n<p>Reppenstedt schlie\u00dft unmittelbar westlich an L\u00fcneburg an. \u00dcber die Kreisstra\u00dfe 50 und die Landesstra\u00dfe 216 ist die Gemeinde einfach und bequem mit dem Wagen zu erreichen. Au\u00dferdem gibt es eine Busanbindung nach L\u00fcneburg. Reppenstedt ist ein familiengerechter Ort. Die Gemeinde \u00fcberzeugt wegen ihrer direkten Anbindung an L\u00fcneburg durch eine ausgezeichnete Infrastruktur. Reppenstedt ist ein Ort mit einer reizvollen naturnahen Umgebung. <\/p>\n<h4>Hohe Qualit\u00e4t f\u00fcr Kunden aus Reppenstedt<\/h4>\n<p>Das Leben in Reppenstedt, Kirchgellersen, Westergellersen und S\u00fcdergellersen ist romantisch. Alle Orte der Samtgemeinde Gellersen verf\u00fcgen \u00fcber beruhigte Wohngebiete, die vor allem von einer angenehmen Einzelhausbebauung gepr\u00e4gt sind. Sie interessieren sich f\u00fcr unser Leistungsangebot und haben deshalb unsere Homepage besucht? Das freut uns sehr. Unser engagiertes Spezialistenteam nimmt gerne Ihren Anruf entgegen oder beantwortet Ihre E-Mail.<\/p>","popseo_zusatztext":"<h3>Kaduk Bauelemente \u2013 Ihr Fachbetrieb f\u00fcr Sicht- und Sonnenschutz<\/h3>\n<p>Vertrauen Sie in Sachen Sonnenschutz und Sicherheit auf jeden Fall auf die sachspezifische Leistung vom Fachbetrieb. Nur ein Fachbetrieb kennt die Tipps und Tricks, wie man zu einem \u00fcberzeugenden Ergebnis kommt. Um sich mit Fug und Recht Fachbetrieb nennen zu d\u00fcrfen, braucht es eine anerkannte Ausbildung der Mitarbeiter und eine jahrelange Berufserfahrung.  <\/p>\n<p>Unsere Unternehmung empfiehlt sich als Ihr sachkundiger Fachbetrieb f\u00fcr Sonnenschutz und Sicherheit. Erreichen Sie Ihr Ziel und schenken Sie unserem Fachbetrieb Ihr Vertrauen. Wir bieten Ihnen z.B. qualitativ ausgezeichnete Markisen und Rolll\u00e4den und legen allerh\u00f6chsten Wert auf einen perfekten Service. Schon seit vielen Jahren sind wir fachkundiger Fachbetrieb f\u00fcr Terrassend\u00e4cher, Au\u00dfenjalousien, Rolll\u00e4den im Raum L\u00fcneburg. Es ist uns wichtig, dass Sie lange Jahre viel Freude an Ihrem Sicht und Sonnenschutz haben. Von einem Fachbetrieb d\u00fcrfen Sie nat\u00fcrlich eine absolute Top-Leistung erwarten.<\/p>\n<h3>Auf einen Fachbetrieb ist Verlass<\/h3>\n<p>Als Fachbetrieb darf sich ein Unternehmen bezeichnen, deren Mitarbeiter \u00fcber dokumentierte Qualifikationen verf\u00fcgen. Dies ist zum Beispiel eine entsprechende Ausbildung oder ein Meisterbrief. Des Weiteren zeichnet eine intensive praktische Erfahrung einen Fachbetrieb aus. Bereits seit vielen Jahren konzentrieren wir uns als spezialisiertes Unternehmen auf Sonnenschutz und Sicherheit von Wohn- und Gesch\u00e4ftsh\u00e4usern. In diesen langen Jahren haben wir uns die Bezeichnung Fachbetrieb sicher verdient. Wir verarbeiten ausnahmslos hervorragende Materialien. Dabei achten wir immer auf ein sehr gutes Preis-Leistungsverh\u00e4ltnis. Unser Motto als Fachbetrieb: Wir bieten Ihnen hervorragende Qualit\u00e4t zu einem 1a- Preis.<\/p>","popseo_links":"<a href=\"https:\/\/www.kaduk-bauelemente.de\/leistungen\/insektenschutz-bienenbuettel\/\">Insektenschutz Bienenb\u00fcttel<\/a>, <a href=\"https:\/\/www.kaduk-bauelemente.de\/leistungen\/raffstores-herzogtum-lauenburg\/\">Raffstores Herzogtum Lauenburg<\/a>, <a href=\"https:\/\/www.kaduk-bauelemente.de\/leistungen\/carports-bienenbuettel\/\">Carports Bienenb\u00fcttel<\/a>, <a href=\"https:\/\/www.kaduk-bauelemente.de\/leistungen\/haustueren-hanstedt\/\">Haust\u00fcren Hanstedt<\/a>, <a href=\"https:\/\/www.kaduk-bauelemente.de\/leistungen\/terrassenueberdachungen-aus-holz-salzhausen\/\">Terrassen\u00fcberdachungen aus Holz Salzhausen<\/a>, <a href=\"https:\/\/www.kaduk-bauelemente.de\/leistungen\/markisen-amelinghausen\/\">Markisen Amelinghausen<\/a>, <a href=\"https:\/\/www.kaduk-bauelemente.de\/leistungen\/garagen-winsen-luhe\/\">Garagen Winsen Luhe<\/a>, <a href=\"https:\/\/www.kaduk-bauelemente.de\/leistungen\/markisen-ebstorf\/\">Markisen Ebstorf<\/a>, <a href=\"https:\/\/www.kaduk-bauelemente.de\/leistungen\/terrassendaecher-aus-aluminium-winsen-luhe\/\">Terrassend\u00e4cher aus Aluminium Winsen Luhe<\/a>, <a href=\"https:\/\/www.kaduk-bauelemente.de\/leistungen\/terrassendaecher-aus-aluminium-hanstedt\/\">Terrassend\u00e4cher aus Aluminium Hanstedt<\/a>, <a href=\"https:\/\/www.kaduk-bauelemente.de\/leistungen\/fliegengitter-amelinghausen\/\">Fliegengitter Amelinghausen<\/a>, <a href=\"https:\/\/www.kaduk-bauelemente.de\/leistungen\/garagen-uelzen\/\">Garagen Uelzen<\/a>, <a href=\"https:\/\/www.kaduk-bauelemente.de\/leistungen\/rollladen-seevetal-rosengarten\/\">Rollladen Seevetal Rosengarten<\/a>, <a href=\"https:\/\/www.kaduk-bauelemente.de\/leistungen\/terrassenueberdachungen-aus-holz-boizenburg\/\">Terrassen\u00fcberdachungen aus Holz Boizenburg<\/a>, <a href=\"https:\/\/www.kaduk-bauelemente.de\/leistungen\/fenster-schwarzenbek\/\">Fenster Schwarzenbek<\/a>, <a href=\"https:\/\/www.kaduk-bauelemente.de\/leistungen\/insektenschutz-herzogtum-lauenburg\/\">Insektenschutz Herzogtum Lauenburg<\/a>, <a href=\"https:\/\/www.kaduk-bauelemente.de\/leistungen\/tueren-schwarzenbek\/\">T\u00fcren Schwarzenbek<\/a>, <a href=\"https:\/\/www.kaduk-bauelemente.de\/leistungen\/zaunbau-herzogtum-lauenburg\/\">Zaunbau Herzogtum Lauenburg<\/a>, <a href=\"https:\/\/www.kaduk-bauelemente.de\/leistungen\/carports-buechen\/\">Carports B\u00fcchen<\/a>, <a href=\"https:\/\/www.kaduk-bauelemente.de\/leistungen\/garagen-salzhausen\/\">Garagen Salzhausen<\/a>, <a href=\"https:\/\/www.kaduk-bauelemente.de\/leistungen\/carports-amt-neuhaus\/\">Carports Amt Neuhaus<\/a>, <a href=\"https:\/\/www.kaduk-bauelemente.de\/leistungen\/haustueren-maschen\/\">Haust\u00fcren Maschen<\/a>, <a href=\"https:\/\/www.kaduk-bauelemente.de\/leistungen\/rollladen-tostedt-sittensen\/\">Rollladen Tostedt Sittensen<\/a>, <a href=\"https:\/\/www.kaduk-bauelemente.de\/leistungen\/terrassendaecher-aus-holz-bad-bevensen\/\">Terrassend\u00e4cher aus Holz Bad Bevensen<\/a>, <a href=\"https:\/\/www.kaduk-bauelemente.de\/leistungen\/fenster-amelinghausen\/\">Fenster Amelinghausen<\/a>, <a href=\"https:\/\/www.kaduk-bauelemente.de\/leistungen\/fliegengitter-tostedt-sittensen\/\">Fliegengitter Tostedt Sittensen<\/a>"},"_links":{"self":[{"href":"https:\/\/www.kaduk-bauelemente.de\/leistungen\/wp-json\/wp\/v2\/pages\/4290","targetHints":{"allow":["GET"]}}],"collection":[{"href":"https:\/\/www.kaduk-bauelemente.de\/leistungen\/wp-json\/wp\/v2\/pages"}],"about":[{"href":"https:\/\/www.kaduk-bauelemente.de\/leistungen\/wp-json\/wp\/v2\/types\/page"}],"author":[{"embeddable":true,"href":"https:\/\/www.kaduk-bauelemente.de\/leistungen\/wp-json\/wp\/v2\/users\/1"}],"replies":[{"embeddable":true,"href":"https:\/\/www.kaduk-bauelemente.de\/leistungen\/wp-json\/wp\/v2\/comments?post=4290"}],"version-history":[{"count":0,"href":"https:\/\/www.kaduk-bauelemente.de\/leistungen\/wp-json\/wp\/v2\/pages\/4290\/revisions"}],"wp:attachment":[{"href":"https:\/\/www.kaduk-bauelemente.de\/leistungen\/wp-json\/wp\/v2\/media?parent=4290"}],"curies":[{"name":"wp","href":"https:\/\/api.w.org\/{rel}","templated":true}]}}