{"id":4289,"date":"2021-08-25T12:18:53","date_gmt":"2021-08-25T10:18:53","guid":{"rendered":"https:\/\/www.kaduk-bauelemente.de\/leistungen\/garagentore-reinbek-glinde\/"},"modified":"2021-08-25T12:18:53","modified_gmt":"2021-08-25T10:18:53","slug":"garagentore-reinbek-glinde","status":"publish","type":"page","link":"https:\/\/www.kaduk-bauelemente.de\/leistungen\/garagentore-reinbek-glinde\/","title":{"rendered":"Garagentore &#8211; Reinbek Glinde"},"content":{"rendered":"<h3>Garagentore &#8211; wir beraten Sie gerne<\/h3>\n<p>Bei uns erhalten Sie qualitativ hochwertige Garagentore in riesiger Auswahl. Selbstredend umfasst unser Angebotsportfolio zus\u00e4tzlich die Pflege und Automatisierung der Tore. Wenn beispielsweise der Antrieb nicht mehr richtig funktioniert, kann des \u00f6fteren schon eine kleine Reparatur oder vielleicht auch der Ersatz eines einzigen Verschlei\u00dfteils ein positives Ergebnis bringen.<\/p>\n<p>In den letzten Jahren haben sich Garagentore mit Deckenlaufsystem und Funkfernbedienung als besonders gefragt gezeigt. Noch vor einigen Jahren geh\u00f6rten solcherlei Garagentore zum absoluten Luxus. Das hat sich in der Zwischenzeit ver\u00e4ndert. Automatische, leichtl\u00e4ufige Garagentore geh\u00f6ren jetzt beinahe zum Standard. <\/p>\n<h3>Garagentore unterstreichen die Optik Ihrer Immobilie<\/h3>\n<p>Zu unserer Auswahl z\u00e4hlen zus\u00e4tzlich auch Seitenlauftore und Sektionaltore. Selbstverst\u00e4ndlich entdecken Sie bei uns auch Garagentore f\u00fcr den exclusiven Bedarf. F\u00fcr welches Produkt Sie sich schlu\u00dfendlich entscheiden: Die Park- und Nutzfl\u00e4che in der Garage wird auf jeden Fall optimal ausgenutzt.<\/p>\n","protected":false},"excerpt":{"rendered":"<p>Garagentore &#8211; wir beraten Sie gerne Bei uns erhalten Sie qualitativ hochwertige Garagentore in riesiger Auswahl. Selbstredend umfasst unser Angebotsportfolio zus\u00e4tzlich die Pflege und Automatisierung der Tore. Wenn beispielsweise der Antrieb nicht mehr richtig funktioniert, kann des \u00f6fteren schon eine kleine Reparatur oder vielleicht auch der Ersatz eines einzigen Verschlei\u00dfteils ein positives Ergebnis bringen. In [&hellip;]<\/p>\n","protected":false},"author":1,"featured_media":0,"parent":0,"menu_order":0,"comment_status":"closed","ping_status":"closed","template":"","meta":{"footnotes":""},"class_list":["post-4289","page","type-page","status-publish","hentry"],"meta_box":{"popseo_subtitel":"Wir sind Ihr Fachbetrieb f\u00fcr Garagentore in Reinbek Glinde","popseo_subtitel2":"Garagentore - bei uns in gro\u00dfer Auswahl","popseo_lasttitel":"Garagentore: Unsere Mitarbeiter beantworten gerne Ihre Fragen","popseo_region":"Reinbek Glinde","popseo_sachwort":"Garagentore","popseo_noupdate":"","popseo_einleitungstext":"<p>Sie wollen Ihr Wohn- oder Gesch\u00e4ftshaus mit zeitgem\u00e4\u00dfen Bauelementen ausstatten lassen interessieren sich f\u00fcr unser Leistungs- und Produktangebot? Prima, dann sind Sie auf dieser Seite an der richtigen Adresse. Unser Produktsortiment umfasst unter anderem Terrassend\u00e4cher, Markisen, Rolltore, T\u00fcren, Fenster, Au\u00dfenjalousien, Rolll\u00e4den und Carports. Als auf Sonnenschutz und Sicherheit spezialisiertes Unternehmen \u00fcbernehmen wir vor allem auch Reparatur- und Montagearbeiten. Erfahren Sie nachfolgend mehr \u00fcber unser Unternehmen und dessen Angebot. Ihr Interesse freut uns sehr.<\/p>","popseo_schlusstext":"<p>Sehr gerne informieren wir Sie n\u00e4her \u00fcber unsere Produkte und unser Aufgabenfeld. Wir zeigen Ihnen mit Vergn\u00fcgen auch ein paar Projekte, die Ihnen einen Einblick in unsere Unternehmenst\u00e4tigkeit geben.<br \/>\nSetzen Sie auf die Expertise eines erfahrenen Fachbetriebes. Rufen Sie uns doch rasch einmal an oder schicken Sie uns eine schnelle E-Mail. Wir freuen uns auf Sie.<\/p>","popseo_stadttext":"<h3>Unser Leistungsprogramm f\u00fcr Kunden aus Reinbek und Glinde<\/h3>\n<p>Wir betreuen Kunden aus dem Raum Reinbek und Glinde. Durch unsere Vertriebst\u00e4tigkeit haben wir uns einen guten \u00dcberblick \u00fcber die Stadtarchitektur der Gemeinden und St\u00e4dte unseres Einzugsbereiches machen k\u00f6nnen. Selbstverst\u00e4ndlich z\u00e4hlt auch Reinbek zu unserem unmittelbaren Wirkungskreis. Wir freuen uns darauf, mit Ihnen ins Gespr\u00e4ch zu kommen. <\/p>\n<h3>Wissenswertes \u00fcber Reinbek und Glinde<\/h3>\n<p>Die Schleswig-Holsteinische Kleinstadt Reinbek ist eine Gemeinde im Landkreis Stormarn. Heute z\u00e4hlt Reinbek in etwa 26.000 Einwohner. Das Stadtgebiet hat ein Ausdehnungsgebiet von gut 31 km\u00b2. Reinbek rechnet man zur Metropolregion Hamburg und liegt gut 20 Kilometer \u00f6stlich der Freien und Hansestadt Hamburg. Die Stadt Reinbek geh\u00f6rt \u00fcber die S21 zum Hamburger Verkehrsverbund. Die geringe Fahrzeit von h\u00f6chstens 25 Minuten macht Reinbek insbesondere attraktiv f\u00fcr Pendler nach Hamburg. Wer seinen Arbeitsplatz in der Metropole hat, genie\u00dft in Reinbek das Beste aus zwei Welten: Das bunte Treiben der Metropole findet in der beschaulichen Wohnumgebung von Reinbek seinen Gegenpol. <\/p>\n<p>Die Stadt Glinde liegt im S\u00fcden des n\u00f6rdlichsten Bundeslandes, in der Metropolregion Hamburg, ungef\u00e4hr 20 Kilometer am \u00f6stlichen Rand von Hamburg. Aufgrund der au\u00dferordentlich guten Infrastruktur hat sich Glinde zu einem idealen Lebensmittelpunkt f\u00fcr Familien entwickelt, obwohl mehr als die H\u00e4lfte der Stadtfl\u00e4che von Glinde landwirtschaftlich genutzt wird oder aus Park- oder Wasserfl\u00e4chen besteht. Rund 33 Prozent der gesamten Stadtfl\u00e4che stehen in Glinde f\u00fcr den Wohnungsbau und f\u00fcr die gewerbliche Nutzung zur Verf\u00fcgung.  <\/p>\n<h3>Reinbek und Glinde: Gemeinden mit Herz<\/h3>\n<p>Die Immobilienstruktur Reinbeks besteht in erster Linie aus sehr vielen Einfamilen- und Doppelh\u00e4usern, die ihren Besitzern einen hohen Wohnkomfort gew\u00e4hrleisten. Reinbek zeichnet sich neben der hohen Wohnqualit\u00e4t aber auch durch seine gro\u00dfe Wirtschaftsleistung aus. Wer auf den Individualverkehr setzt, findet in Reinbek gute Bedingungen: Die Bundesautobahnen A1 und A24 sowie die Bundesstra\u00dfe B5 liegen in unmittelbarer N\u00e4he von Reinbek. Auf der Landstra\u00dfe gelangt man \u00fcber Neusch\u00f6nningstedt nach Reinbek. <\/p>\n<h4>Wir f\u00fcr Sie in Reinbek und Glinde!<\/h4>\n<p>Toll, dass Sie diese Website gefunden haben. Wenn Sie ein Fachunternehmen suchen, sind Sie bei uns richtig. Sie m\u00f6chten mehr \u00fcber uns erfahren? F\u00fcr R\u00fcckfragen stehen wir Ihnen jederzeit zur Verf\u00fcgung. Unser freundliches Team freut sich auf Sie.<\/p>","popseo_zusatztext":"<h3>G\u00fcnstig und preiswert ohne Abstriche bei der Qualit\u00e4t<\/h3>\n<p>Bauelemente m\u00fcssen h\u00f6chsten Anforderungen standhalten. Gleichwohl mu\u00df es g\u00fcnstig und preiswert sein. Das muss generell kein Gegensatz sein. <\/p>\n<p>Als Fachunternehmen f\u00fcr Sonnenschutz- und Sicherheitsl\u00f6sungen verwenden wir ausnahmslos ausgezeichnete Erzeugnisse. Gleichwohl schauen wir grunds\u00e4tzlich auf ein angemessenes Preis-Leistungsverh\u00e4ltnis. Wir m\u00f6chten Ihnen Spitzenqualit\u00e4t bieten, die zugleich auch g\u00fcnstig und preiswert ist. Geben Sie Ihrem Haus g\u00fcnstig und preiswert das gewisse Plus an Qualit\u00e4t. Markisen und Rolll\u00e4den oder andere Sonnenschutzl\u00f6sungen sehen nicht nur hervorragend aus, sie leisten auch einen wichtigen Anteil zur W\u00e4rmed\u00e4mmung.  <\/p>\n<h3>G\u00fcnstig und preiswert ohne Abstriche bei der Qualit\u00e4t<\/h3>\n<p>D\u00fcrfen wir Sie beraten, wie Sie g\u00fcnstig und preiswert einen optimalen Sonnenschutz f\u00fcr Ihr Haus realisieren? Super, dann warten Sie bitte nicht und nehmen am besten sofort heute noch Verbindung mit uns auf. Ein kurzer Telefonanruf oder auch eine schnelle Email gen\u00fcgen. Sehr gerne informieren Sie unsere gut ausgebildeten Profis \u00fcber die verschiedenen Optionen, wie Sie Ihr Zuhause g\u00fcnstig und preiswert mit Rolll\u00e4den und Markisen oder anderen Sonnenschutzprodukten ausstatten. Wir freuen uns auf den Austausch mit Ihnen. <\/p>\n<h4>G\u00fcnstig und preiswert \u2013 manchmal macht auch der Preis den Unterschied<\/h4>\n<p>Z\u00e4hlen Sie beim Thema Sonnenschutz und Sicherheit auf den Profi. Nur ein Fachbetrieb kennt die unterschiedlichen M\u00f6glichkeiten, wie Sie g\u00fcnstig und preiswert, trotzdem qualitativ spitze einen optimalen Sonnenschutz erreichen. Qualit\u00e4tsbewusst, g\u00fcnstig und preiswert: Wir empfehlen uns als spezialisiertes Unternehmen im norddeutschen Gebiet. Unsere langj\u00e4hrige Erfahrung spricht f\u00fcr uns.<\/p>","popseo_links":"<a href=\"https:\/\/www.kaduk-bauelemente.de\/leistungen\/carports-harburg\/\">Carports Harburg<\/a>, <a href=\"https:\/\/www.kaduk-bauelemente.de\/leistungen\/raffstores-bad-bevensen\/\">Raffstores Bad Bevensen<\/a>, <a href=\"https:\/\/www.kaduk-bauelemente.de\/leistungen\/holzfenster-buechen\/\">Holzfenster B\u00fcchen<\/a>, <a href=\"https:\/\/www.kaduk-bauelemente.de\/leistungen\/sektionaltore-seevetal-rosengarten\/\">Sektionaltore Seevetal Rosengarten<\/a>, <a href=\"https:\/\/www.kaduk-bauelemente.de\/leistungen\/zaunbau-buchholz\/\">Zaunbau Buchholz<\/a>, <a href=\"https:\/\/www.kaduk-bauelemente.de\/leistungen\/terrassenueberdachungen-aus-holz-salzhausen\/\">Terrassen\u00fcberdachungen aus Holz Salzhausen<\/a>, <a href=\"https:\/\/www.kaduk-bauelemente.de\/leistungen\/terrassendaecher-aus-aluminium-bardowick\/\">Terrassend\u00e4cher aus Aluminium Bardowick<\/a>, <a href=\"https:\/\/www.kaduk-bauelemente.de\/leistungen\/terrassendaecher-aus-aluminium-winsen-luhe\/\">Terrassend\u00e4cher aus Aluminium Winsen Luhe<\/a>, <a href=\"https:\/\/www.kaduk-bauelemente.de\/leistungen\/sektionaltore-amelinghausen\/\">Sektionaltore Amelinghausen<\/a>, <a href=\"https:\/\/www.kaduk-bauelemente.de\/leistungen\/aussenjalousien-maschen\/\">Au\u00dfenjalousien Maschen<\/a>, <a href=\"https:\/\/www.kaduk-bauelemente.de\/leistungen\/fliegengitter-reppenstedt\/\">Fliegengitter Reppenstedt<\/a>, <a href=\"https:\/\/www.kaduk-bauelemente.de\/leistungen\/rolllaeden-harburg\/\">Rolll\u00e4den Harburg<\/a>, <a href=\"https:\/\/www.kaduk-bauelemente.de\/leistungen\/terrassenueberdachungen-aus-aluminium-lueneburg\/\">Terrassen\u00fcberdachungen aus Aluminium L\u00fcneburg<\/a>, <a href=\"https:\/\/www.kaduk-bauelemente.de\/leistungen\/holzfenster-bienenbuettel\/\">Holzfenster Bienenb\u00fcttel<\/a>, <a href=\"https:\/\/www.kaduk-bauelemente.de\/leistungen\/terrassendaecher-aus-aluminium-adendorf\/\">Terrassend\u00e4cher aus Aluminium Adendorf<\/a>, <a href=\"https:\/\/www.kaduk-bauelemente.de\/leistungen\/zaeune-bardowick\/\">Z\u00e4une Bardowick<\/a>, <a href=\"https:\/\/www.kaduk-bauelemente.de\/leistungen\/rolllaeden-maschen\/\">Rolll\u00e4den Maschen<\/a>, <a href=\"https:\/\/www.kaduk-bauelemente.de\/leistungen\/zaunbau-reinbek-glinde\/\">Zaunbau Reinbek Glinde<\/a>, <a href=\"https:\/\/www.kaduk-bauelemente.de\/leistungen\/garagen-herzogtum-lauenburg\/\">Garagen Herzogtum Lauenburg<\/a>, <a href=\"https:\/\/www.kaduk-bauelemente.de\/leistungen\/terrassendaecher-aus-holz-lueneburg\/\">Terrassend\u00e4cher aus Holz L\u00fcneburg<\/a>, <a href=\"https:\/\/www.kaduk-bauelemente.de\/leistungen\/kunststofffenster-bergedorf-wentorf\/\">Kunststofffenster Bergedorf Wentorf<\/a>, <a href=\"https:\/\/www.kaduk-bauelemente.de\/leistungen\/rolllaeden-amelinghausen\/\">Rolll\u00e4den Amelinghausen<\/a>, <a href=\"https:\/\/www.kaduk-bauelemente.de\/leistungen\/holzfenster-bispingen\/\">Holzfenster Bispingen<\/a>, <a href=\"https:\/\/www.kaduk-bauelemente.de\/leistungen\/kunststofffenster-bienenbuettel\/\">Kunststofffenster Bienenb\u00fcttel<\/a>, <a href=\"https:\/\/www.kaduk-bauelemente.de\/leistungen\/aussenjalousien-schwarzenbek\/\">Au\u00dfenjalousien Schwarzenbek<\/a>, <a href=\"https:\/\/www.kaduk-bauelemente.de\/leistungen\/rolltore-ebstorf\/\">Rolltore Ebstorf<\/a>"},"_links":{"self":[{"href":"https:\/\/www.kaduk-bauelemente.de\/leistungen\/wp-json\/wp\/v2\/pages\/4289","targetHints":{"allow":["GET"]}}],"collection":[{"href":"https:\/\/www.kaduk-bauelemente.de\/leistungen\/wp-json\/wp\/v2\/pages"}],"about":[{"href":"https:\/\/www.kaduk-bauelemente.de\/leistungen\/wp-json\/wp\/v2\/types\/page"}],"author":[{"embeddable":true,"href":"https:\/\/www.kaduk-bauelemente.de\/leistungen\/wp-json\/wp\/v2\/users\/1"}],"replies":[{"embeddable":true,"href":"https:\/\/www.kaduk-bauelemente.de\/leistungen\/wp-json\/wp\/v2\/comments?post=4289"}],"version-history":[{"count":0,"href":"https:\/\/www.kaduk-bauelemente.de\/leistungen\/wp-json\/wp\/v2\/pages\/4289\/revisions"}],"wp:attachment":[{"href":"https:\/\/www.kaduk-bauelemente.de\/leistungen\/wp-json\/wp\/v2\/media?parent=4289"}],"curies":[{"name":"wp","href":"https:\/\/api.w.org\/{rel}","templated":true}]}}