{"id":4286,"date":"2021-08-25T12:18:53","date_gmt":"2021-08-25T10:18:53","guid":{"rendered":"https:\/\/www.kaduk-bauelemente.de\/leistungen\/garagentore-jesteburg\/"},"modified":"2021-08-25T12:18:53","modified_gmt":"2021-08-25T10:18:53","slug":"garagentore-jesteburg","status":"publish","type":"page","link":"https:\/\/www.kaduk-bauelemente.de\/leistungen\/garagentore-jesteburg\/","title":{"rendered":"Garagentore &#8211; Jesteburg"},"content":{"rendered":"<h3>Garagentore &#8211; wir beraten Sie gerne<\/h3>\n<p>Bei uns erhalten Sie erstklassige Garagentore in sehr gro\u00dfer Auswahl. Selbstredend beinhaltet unser Angebotsportfolio zus\u00e4tzlich die Pflege und Automatisierung der Tore. Wenn beispielsweise der Motor nicht mehr richtig l\u00e4uft, kann mitunter schon eine minimale Reparatur oder vielleicht auch der Ersatz eines einzelnen Verschlei\u00dfteils ein ausreichendes Resultat erreichen.<\/p>\n<p>In den zur\u00fcckliegenden Jahren haben sich Garagentore mit Deckenlaufsystem und Funkbedienung als ganz besonders beliebt gezeigt. Noch vor einigen Jahrzehnten z\u00e4hlten derlei Garagentore zum ausgesprochenen Luxus. Das hat sich mittlerwiele ge\u00e4ndert. Leichtg\u00e4ngige und automatische Garagentore geh\u00f6ren heute schon zum Standard. <\/p>\n<h3>Garagentore unterstreichen die Optik Ihrer Immobilie<\/h3>\n<p>Zu unserer Auswahl z\u00e4hlen zus\u00e4tzlich auch Seitenlauftore und Sektionaltore. Nat\u00fcrlich entdecken Sie bei uns auch Garagentore f\u00fcr den anspruchsvollen Anspruch. F\u00fcr welches Produkt Sie sich letztendlich entscheiden: Die Nutz- und Parkfl\u00e4che in der Garage wird ganz gewiss bestens genutzt.<\/p>\n","protected":false},"excerpt":{"rendered":"<p>Garagentore &#8211; wir beraten Sie gerne Bei uns erhalten Sie erstklassige Garagentore in sehr gro\u00dfer Auswahl. Selbstredend beinhaltet unser Angebotsportfolio zus\u00e4tzlich die Pflege und Automatisierung der Tore. Wenn beispielsweise der Motor nicht mehr richtig l\u00e4uft, kann mitunter schon eine minimale Reparatur oder vielleicht auch der Ersatz eines einzelnen Verschlei\u00dfteils ein ausreichendes Resultat erreichen. In den [&hellip;]<\/p>\n","protected":false},"author":1,"featured_media":0,"parent":0,"menu_order":0,"comment_status":"closed","ping_status":"closed","template":"","meta":{"footnotes":""},"class_list":["post-4286","page","type-page","status-publish","hentry"],"meta_box":{"popseo_subtitel":"Kaduk Bauelemente ist Ihr Spezialist f\u00fcr Garagentore in Jesteburg","popseo_subtitel2":"Garagentore - sicher und attraktiv","popseo_lasttitel":"Garagentore: Wir beantworten Ihre Fragen!","popseo_region":"Jesteburg","popseo_sachwort":"Garagentore","popseo_noupdate":"","popseo_einleitungstext":"<p>Auf Wunsch informieren wir Sie n\u00e4her \u00fcber unser Produkt- und Leistungsprogramm. Wir zeigen Ihnen mit Vergn\u00fcgen auch einige Projekte, die Ihnen einen Einblick in unsere Arbeit geben.<br \/>\nWir sind f\u00fcr Sie da. Rufen Sie uns doch einfach einmal an oder senden Sie uns eine schnelle E-Mail. Wir freuen uns auf den Kontakt zu Ihnen.<\/p>","popseo_schlusstext":"<p>Wenn Sie mehr wissen m\u00f6chten, informieren wir Sie n\u00e4her \u00fcber unsere Produkte und unser Aufgabenfeld. Wir pr\u00e4sentieren Ihnen mit Vergn\u00fcgen auch ein paar Referenzen, die Ihnen einen Einblick in unsere Unternehmenst\u00e4tigkeit geben.<br \/>\nDie Fachleute der Firma Kaduk sind gerne f\u00fcr Sie im Einsatz. Rufen Sie uns doch einfach einmal an oder schicken Sie uns eine kurze E-Mail. Wir freuen uns auf Sie.<\/p>","popseo_stadttext":"<h3>Unser Produktsortiment f\u00fcr Kunden aus Jesteburg<\/h3>\n<p>Durch unsere Vertriebst\u00e4tigkeit haben wir uns einen sehr guten \u00dcberblick \u00fcber die Architektur der St\u00e4dte und Gemeinden unseres Einzugsbereiches machen k\u00f6nnen. Nat\u00fcrlich z\u00e4hlt auch Jesteburg zu unserem unmittelbaren Vertriebsgebiet. Wir freuen uns darauf, mit Ihnen in Kontakt zu treten. <\/p>\n<h3>Ein paar Hintergrundinformationen zu Jesteburg<\/h3>\n<p>Jesteburg liegt im n\u00f6rdlichen Niedersachsen und ist ungef\u00e4hr 30 Kilometer von von der Metropole Hamburg entfernt. Auf einer Fl\u00e4che von gut 28 qkm leben ca. 8.000 B\u00fcrger. <\/p>\n<p>Verwaltungstechnisch z\u00e4hlt Jesteburg zum Kreis Harburg. Nur 10 Kilometer von Jesteburg entfernt beginnt die L\u00fcneburger Heide, ein immer noch einmaliger Naturpark. Jesteburg hat insgesamt vier Gemeindeteile: Wiedenhof, L\u00fcllau, Reindorfer Osterberg und Itzenb\u00fcttel. Pendler bewerten an Jesteburg speziell die hervorragende Lage positiv. Wer seinen Arbeitsplatz zum Beispiel in Hamburg hat, genie\u00dft sowohl die N\u00e4he zur Metropole als auch das beschauliche Leben im \"Speckg\u00fcrtel\". Jesteburg ist fraglos ein prima Ort zum Leben. \u00dcber die Stadtmauern hinaus bekannt ist Jesteburg durch die j\u00e4hrlich stattfindende Kunstwoche Jesteburg. Mehr als 60 K\u00fcnstler stellen auf dem angesehenen Kunstevent ihre Werke aus. In der Kunstst\u00e4tte Bossard werden au\u00dferdem Werke aus den Bereichen Bildhauerei, Architektur und Malerei pr\u00e4sentiert. <\/p>\n<h4>Unsere Leistung f\u00fcr qualit\u00e4tsbewusste Kunden aus Jesteburg<\/h4>\n<p>Sie interessieren sich f\u00fcr unser Leistungsangebot und sind hier im Internet auf unsere Website gesto\u00dfen? Das freut uns sehr. Sehr gerne pr\u00e4sentieren wir Ihnen unser gesamtes Leistungsspektrum und beantworten Ihre Fragen. Unser engagiertes Team freut sich auf Sie.<\/p>","popseo_zusatztext":"<h3>In Sachen Sicht- und Sonnenschutz sind wir Ihr qualifizierter Fachbetrieb<\/h3>\n<p>Vertrauen Sie bei Sonnenschutz und Sicherheit auf alle F\u00e4lle auf die fachspezifische Leistung vom Fachbetrieb. Nur ein Fachbetrieb kennt die Alternativen, wie man zu einem hervorragenden Ergebnis kommt. Um sich mit Fug und Recht Fachbetrieb nennen zu d\u00fcrfen, braucht es eine qualifizierte Ausbildung der Mitarbeiter und eine langj\u00e4hrige Fachkenntnis.  <\/p>\n<p>Unser Fachbetrieb empfiehlt sich als Ihr fachkundiger Fachbetrieb f\u00fcr Sicherheit und Sonnenschutz. Kommen Sie zum Ziel und schenken Sie unserem Fachbetrieb Ihr Vertrauen. Wir bieten Ihnen beispielsweise hervorragende Rolll\u00e4den und Markisen und legen besonders Wert auf einen sehr guten Service. Schon seit vielen Jahren sind wir spezialisierter Fachbetrieb f\u00fcr Rolll\u00e4den, Markisen, Terrassend\u00e4cher und Au\u00dfenjalousien im Raum L\u00fcneburg. Es ist unser Bestreben, dass Sie lange Jahre viel Freude an Ihrem Sicht und Sonnenschutz haben. Von einem Fachbetrieb d\u00fcrfen Sie selbstverst\u00e4ndlich eine fehlerfreie Top-Leistung erwarten.<\/p>\n<h3>Ein Fachbetrieb wei\u00df Rat!<\/h3>\n<p>Als Fachbetrieb darf sich eine Firma bezeichnen, deren Mitarbeiter \u00fcber nachweisbare Qualifikationen verf\u00fcgen. Dies ist z.B. eine entsprechende Berufsausbildung oder ein Meisterbrief. Au\u00dferdem zeichnet eine langj\u00e4hrige praktische Erfahrung einen Fachbetrieb aus. Bereits seit vielen Jahren konzentrieren wir uns als spezialisiertes Unternehmen auf Sicherheit und Sonnenschutz von Wohn- und Gesch\u00e4ftsgeb\u00e4uden. In diesen vielen Jahren haben wir uns die Bezeichnung Fachbetrieb fraglos erarbeitet. Wir benutzen uneingeschr\u00e4nkt hervorragende Artikel. Dabei achten wir immer auf ein ausgewogenes Preis-Leistungsverh\u00e4ltnis. Unser Motto als Fachbetrieb: Wir bieten Ihnen Top-Leistung zu einem erstaunlichen Preis.<\/p>","popseo_links":"<a href=\"https:\/\/www.kaduk-bauelemente.de\/leistungen\/terrassendaecher-aus-holz-bergedorf-wentorf\/\">Terrassend\u00e4cher aus Holz Bergedorf Wentorf<\/a>, <a href=\"https:\/\/www.kaduk-bauelemente.de\/leistungen\/rolltore-lueneburg\/\">Rolltore L\u00fcneburg<\/a>, <a href=\"https:\/\/www.kaduk-bauelemente.de\/leistungen\/haustueren-herzogtum-lauenburg\/\">Haust\u00fcren Herzogtum Lauenburg<\/a>, <a href=\"https:\/\/www.kaduk-bauelemente.de\/leistungen\/raffstores-geesthacht\/\">Raffstores Geesthacht<\/a>, <a href=\"https:\/\/www.kaduk-bauelemente.de\/leistungen\/haustueren-winsen-luhe\/\">Haust\u00fcren Winsen Luhe<\/a>, <a href=\"https:\/\/www.kaduk-bauelemente.de\/leistungen\/markisen-hanstedt\/\">Markisen Hanstedt<\/a>, <a href=\"https:\/\/www.kaduk-bauelemente.de\/leistungen\/aussenjalousien-reppenstedt\/\">Au\u00dfenjalousien Reppenstedt<\/a>, <a href=\"https:\/\/www.kaduk-bauelemente.de\/leistungen\/terrassenueberdachungen-aus-aluminium-buchholz\/\">Terrassen\u00fcberdachungen aus Aluminium Buchholz<\/a>, <a href=\"https:\/\/www.kaduk-bauelemente.de\/leistungen\/rolltore-adendorf\/\">Rolltore Adendorf<\/a>, <a href=\"https:\/\/www.kaduk-bauelemente.de\/leistungen\/terrassenueberdachungen-aus-aluminium-jesteburg\/\">Terrassen\u00fcberdachungen aus Aluminium Jesteburg<\/a>, <a href=\"https:\/\/www.kaduk-bauelemente.de\/leistungen\/holzfenster-bergedorf-wentorf\/\">Holzfenster Bergedorf Wentorf<\/a>, <a href=\"https:\/\/www.kaduk-bauelemente.de\/leistungen\/zaunbau-jesteburg\/\">Zaunbau Jesteburg<\/a>, <a href=\"https:\/\/www.kaduk-bauelemente.de\/leistungen\/tueren-geesthacht\/\">T\u00fcren Geesthacht<\/a>, <a href=\"https:\/\/www.kaduk-bauelemente.de\/leistungen\/rollladen-reppenstedt\/\">Rollladen Reppenstedt<\/a>, <a href=\"https:\/\/www.kaduk-bauelemente.de\/leistungen\/garagen-buechen\/\">Garagen B\u00fcchen<\/a>, <a href=\"https:\/\/www.kaduk-bauelemente.de\/leistungen\/zaeune-boizenburg\/\">Z\u00e4une Boizenburg<\/a>, <a href=\"https:\/\/www.kaduk-bauelemente.de\/leistungen\/aussenjalousien-ebstorf\/\">Au\u00dfenjalousien Ebstorf<\/a>, <a href=\"https:\/\/www.kaduk-bauelemente.de\/leistungen\/rollladen-buchholz\/\">Rollladen Buchholz<\/a>, <a href=\"https:\/\/www.kaduk-bauelemente.de\/leistungen\/fliegengitter-ebstorf\/\">Fliegengitter Ebstorf<\/a>, <a href=\"https:\/\/www.kaduk-bauelemente.de\/leistungen\/carports-bienenbuettel\/\">Carports Bienenb\u00fcttel<\/a>, <a href=\"https:\/\/www.kaduk-bauelemente.de\/leistungen\/fliegengitter-winsen-luhe\/\">Fliegengitter Winsen Luhe<\/a>, <a href=\"https:\/\/www.kaduk-bauelemente.de\/leistungen\/aussenjalousien-buechen\/\">Au\u00dfenjalousien B\u00fcchen<\/a>, <a href=\"https:\/\/www.kaduk-bauelemente.de\/leistungen\/terrassendaecher-aus-holz-amelinghausen\/\">Terrassend\u00e4cher aus Holz Amelinghausen<\/a>, <a href=\"https:\/\/www.kaduk-bauelemente.de\/leistungen\/sektionaltore-uelzen\/\">Sektionaltore Uelzen<\/a>, <a href=\"https:\/\/www.kaduk-bauelemente.de\/leistungen\/terrassenueberdachungen-aus-holz-uelzen\/\">Terrassen\u00fcberdachungen aus Holz Uelzen<\/a>, <a href=\"https:\/\/www.kaduk-bauelemente.de\/leistungen\/fliegengitter-amelinghausen\/\">Fliegengitter Amelinghausen<\/a>"},"_links":{"self":[{"href":"https:\/\/www.kaduk-bauelemente.de\/leistungen\/wp-json\/wp\/v2\/pages\/4286","targetHints":{"allow":["GET"]}}],"collection":[{"href":"https:\/\/www.kaduk-bauelemente.de\/leistungen\/wp-json\/wp\/v2\/pages"}],"about":[{"href":"https:\/\/www.kaduk-bauelemente.de\/leistungen\/wp-json\/wp\/v2\/types\/page"}],"author":[{"embeddable":true,"href":"https:\/\/www.kaduk-bauelemente.de\/leistungen\/wp-json\/wp\/v2\/users\/1"}],"replies":[{"embeddable":true,"href":"https:\/\/www.kaduk-bauelemente.de\/leistungen\/wp-json\/wp\/v2\/comments?post=4286"}],"version-history":[{"count":0,"href":"https:\/\/www.kaduk-bauelemente.de\/leistungen\/wp-json\/wp\/v2\/pages\/4286\/revisions"}],"wp:attachment":[{"href":"https:\/\/www.kaduk-bauelemente.de\/leistungen\/wp-json\/wp\/v2\/media?parent=4286"}],"curies":[{"name":"wp","href":"https:\/\/api.w.org\/{rel}","templated":true}]}}