{"id":4284,"date":"2021-08-25T12:18:53","date_gmt":"2021-08-25T10:18:53","guid":{"rendered":"https:\/\/www.kaduk-bauelemente.de\/leistungen\/garagentore-harburg\/"},"modified":"2021-08-25T12:18:53","modified_gmt":"2021-08-25T10:18:53","slug":"garagentore-harburg","status":"publish","type":"page","link":"https:\/\/www.kaduk-bauelemente.de\/leistungen\/garagentore-harburg\/","title":{"rendered":"Garagentore &#8211; Harburg"},"content":{"rendered":"<h3>Unser Kundenservice informiert Sie \u00fcber Garagentore<\/h3>\n<p>Bei uns erhalten Sie hochwertige Garagentore in sehr gro\u00dfer Auswahl. Selbstverst\u00e4ndlich umfasst unser Angebotsumfang au\u00dferdem die Inspektion und Automatisierung der Tore. Wenn zum Beispiel der Antrieb nicht mehr richtig funktioniert, kann mitunter bereits eine kleine Reparatur oder eventuell auch der Austausch eines einzelnen Verschlei\u00dfteils ein gutes Ergebnis erreichen.<\/p>\n<p>In den zur\u00fcckliegenden Jahren haben sich Garagentore mit Deckenlaufsystem und Funkbedienung als ausgesprochen beliebt erwiesen. Noch vor wenigen Jahrzehnten geh\u00f6rten solche Garagentore zum wirklichen Luxus. Dies hat sich zwischenzeitlich ge\u00e4ndert. Automatische und leichtg\u00e4ngige Garagentore geh\u00f6ren dieser Tage fast schon zum Standard. <\/p>\n<h3>Garagentore setzen immer auch Akzente<\/h3>\n<p>Zu unserem Sortiment z\u00e4hlen zus\u00e4tzlich auch Sektionaltore und Seitenlauftore. Nat\u00fcrlich finden Sie bei uns auch Garagentore f\u00fcr den exclusiven Bedarf. F\u00fcr welchen Weg Sie sich am Ende entscheiden: Die Park- und Nutzfl\u00e4che in der Garage wird ganz gewiss optimal ausgenutzt.<\/p>\n","protected":false},"excerpt":{"rendered":"<p>Unser Kundenservice informiert Sie \u00fcber Garagentore Bei uns erhalten Sie hochwertige Garagentore in sehr gro\u00dfer Auswahl. Selbstverst\u00e4ndlich umfasst unser Angebotsumfang au\u00dferdem die Inspektion und Automatisierung der Tore. Wenn zum Beispiel der Antrieb nicht mehr richtig funktioniert, kann mitunter bereits eine kleine Reparatur oder eventuell auch der Austausch eines einzelnen Verschlei\u00dfteils ein gutes Ergebnis erreichen. In [&hellip;]<\/p>\n","protected":false},"author":1,"featured_media":0,"parent":0,"menu_order":0,"comment_status":"closed","ping_status":"closed","template":"","meta":{"footnotes":""},"class_list":["post-4284","page","type-page","status-publish","hentry"],"meta_box":{"popseo_subtitel":"Wir sind Ihr erfahrener Fachbetrieb f\u00fcr Garagentore in Harburg","popseo_subtitel2":"Garagentore - wir haben die richtige L\u00f6sung f\u00fcr Sie","popseo_lasttitel":"Garagentore: Sie haben Fragen? Dann melden Sie sich bei uns","popseo_region":"Harburg","popseo_sachwort":"Garagentore","popseo_noupdate":"","popseo_einleitungstext":"<p>Wenn es um Sicherheit und Sonnenschutz geht, sind Sie bei der Firma Kaduk genau an der richtigen Adresse. Seit Unternehmensgr\u00fcndung sind wir Ihre lokalen Experten f\u00fcr qualitativ hochwertige Bauelemente. Zu unserem Produktsortiment geh\u00f6ren unter anderem Rolltore, Terrassend\u00e4cher, Markisen, T\u00fcren, Fenster, Au\u00dfenjalousien, Rolll\u00e4den und Carports. Wir erledigen Montage- und Reparaturarbeiten und zeigen Ihnen M\u00f6glichkeiten auf, wie Sie Ihr Gesch\u00e4fts- oder Wohnhaus mit modernen Bauelementen ausr\u00fcsten k\u00f6nnen. Im Folgenden haben wir erste Informationen f\u00fcr Sie notiert.<\/p>","popseo_schlusstext":"<p>Sie suchen einen Spezialisten f\u00fcr hochwertige Sicherheits- und Sonnenschutzl\u00f6sungen. Dann melden Sie sich am besten noch heute bei uns. Wir freuen uns auf Ihren Anruf oder Ihre E-Mail. Wenn es um Bauelemente geht, sind wir Ihr erfahrener Handwerks- und Handelspartner. Wir stehen f\u00fcr hochwertige Produkte und eine einwandfrei ausgef\u00fchrte Arbeit nach dem jeweils derzeitigen Stand der Technik.<\/p>","popseo_stadttext":"<h3>Unser Wirkungskreis umfasst auch Harburg<\/h2>\n<p>Durch unsere Vertriebst\u00e4tigkeit haben wir uns einen ausgezeichneten \u00dcberblick \u00fcber die Stadtarchitektur der St\u00e4dte und Gemeinden unseres Einzugsbereiches machen k\u00f6nnen. Nat\u00fcrlich z\u00e4hlt auch Harburg zu unserem unmittelbaren Gesch\u00e4ftsgebiet. Wir freuen uns darauf, mit Ihnen in Kontakt zu treten. <\/p>\n<h3>Ein paar Hintergrundinformationen zu Harburg<\/h3>\n<p>Harburg ist ein Stadtteil der Hansestadt Hamburg. Harburg war einstmals autonom. Im Jahre 1927 erfolgte zun\u00e4chst die Vereinigung mit Wilhelmsburg zur damals 110.000 Anwohner z\u00e4hlenden Gro\u00dfstadt Harburg-Wilhelmsburg. Zehn Jahre sp\u00e4ter ordnete man final dieses neu gebildete Gro\u00dfstadtkonstrukt dem dem Land Hamburg zu. Harburg verlor damit seine Selbst\u00e4ndigkeit. 1951 entstand des Weiteren der Verwaltungsbezirk Harburg. Harburg ist an der S\u00fcderelbe gelegen. Der Stadtteil grenzt an Hamburg-Wilhemlsburg und Hamburg-Neuland und an die nieders\u00e4chsischen Kreise Harburg und Stade.  <\/p>\n<h3>Harburg hat Charme!<\/h3>\n<p>Besonders die Erweiterung des Binnenhafens Mitte des 19. Jahrhunderts war f\u00fcr die Entwicklung von Harburg entscheidend. Die kautschuk- und \u00f6lverarbeitende Industrie sorgte in Harburg f\u00fcr best\u00e4ndiges Wachstum. Ab den 60er Jahren zog sich die Hafenindustrie gro\u00dffl\u00e4chig aus Harburg zur\u00fcck. Zunehmend mehr Geb\u00e4ude und Industriegebiete lagen brach. Der Strukturwandel wirkte sich in starkem Ma\u00dfe auf das Leben im Stadtteil Harburg aus. <\/p>\n<p>In den zur\u00fcckliegenden Dekaden hat sich Harburg erstaunlich entwickelt und sich besonders als Wohngegend einen Namen gemacht. Die Infrastruktur von Harburg ist exzellent: Das Zentrum hat sich zu einem Einzelhandelszentrum entwickelt. Allein drei gro\u00dfe Shoppingzentren sind in Harburg zuhause. Der Stadtteil verf\u00fcgt au\u00dferdem \u00fcber viele ruhige und reizvoll gelegene Wohngebiete. Ein zus\u00e4tzlicher Pluspunkt: Mit der S-Bahn f\u00e4hrt man kaum mehr als 15 Minuten bis zum Hamburger Hauptbahnhof. In den zur\u00fcckligenden Jahren wurden zahlreiche Neubauprojekte in Harburg gestartet. Insbesondere das hafennahe Areal um die Schlossinsel Harburg und das Gebiet um den Veritaskai wurden stadtarchitektonisch erneuert. Harburg ist f\u00fcr sein Bildungsangebot beliebt. Die Technische Universit\u00e4t Hamburg-Harburg, die K\u00fchne School of Logistics und das Northern Institut of Technology besitzen einen exzellenten Ruf. <\/p>\n<h4>Hohe Qualit\u00e4t f\u00fcr Kunden aus Harburg<\/h4>\n<p>Sie interessieren sich f\u00fcr unser Angebot und sind hier im Internet auf unsere Homepage gesto\u00dfen? Das freut uns sehr. Gerne pr\u00e4sentieren wir Ihnen unser komplettes Leistungsspektrum und beantworten Ihre Fragen. Auf Ihre Anfragen freuen wir uns.<\/p>","popseo_zusatztext":"<h3>Wir k\u00f6nnen g\u00fcnstig und preiswert<\/h3>\n<p>Bauelemente m\u00fcssen hohen Erwartungen standhalten. Nichtsdestrotrotz soll es g\u00fcnstig und preiswert sein. Das muss absolut kein Widerspruch sein. <\/p>\n<p>Als Fachunternehmen f\u00fcr Sonnenschutz- und Sicherheitssysteme verarbeiten wir ausnahmslos hochwertige Produkte. Gleichwohl achten wir grunds\u00e4tzlich auf ein passendes Preis-Leistungsverh\u00e4ltnis. Wir m\u00f6chten Ihnen Spitzenqualit\u00e4t bieten, die zugleich auch g\u00fcnstig und preiswert ist. Verleihen Sie Ihrem Heim g\u00fcnstig und preiswert das besondere Plus an Qualit\u00e4t. Markisen und Rolll\u00e4den oder andere Sonnenschutzl\u00f6sungen sehen nicht nur schmuck aus, sie leisten auch einen bedeutenden Anteil zur W\u00e4rmed\u00e4mmung.  <\/p>\n<h3>G\u00fcnstig und preiswert \u2013 trotzdem individuell und schick<\/h3>\n<p>D\u00fcrfen wir Sie beraten, wie Sie g\u00fcnstig und preiswert einen perfekten Sonnenschutz f\u00fcr Ihr Haus umsetzen? Prima, dann z\u00f6gern Sie bitte nicht und nehmen am besten gleich heute noch Verbindung mit uns auf. Ein kurzer Telefonanruf oder auch eine schnelle Mail gen\u00fcgen. Gerne informieren Sie unsere gut ausgebildeten Fachleute \u00fcber die unterschiedlichen M\u00f6glichkeiten, wie Sie Ihr Haus g\u00fcnstig und preiswert mit Rolll\u00e4den und Markisen oder anderen Sonnenschutzprodukten versehen. Wir freuen uns auf den Austausch mit Ihnen. <\/p>\n<h4>Top-Qualit\u00e4t g\u00fcnstig und preiswert<\/h4>\n<p>Vertrauen Sie beim Thema Sonnenschutz und Sicherheit auf den Fachmann. Nur ein Fachbetrieb kennt die diversen Optionen, wie Sie g\u00fcnstig und preiswert, trotzdem qualitativ spitze einen tadellosen Sonnenschutz erreichen. Qualit\u00e4tsbewusst, g\u00fcnstig und preiswert: Wir empfehlen uns als spezialisiertes Unternehmen im n\u00f6rdlichen Raum. Unsere langj\u00e4hrige Erfahrung spricht f\u00fcr uns.<\/p>","popseo_links":"<a href=\"https:\/\/www.kaduk-bauelemente.de\/leistungen\/holzfenster-boizenburg\/\">Holzfenster Boizenburg<\/a>, <a href=\"https:\/\/www.kaduk-bauelemente.de\/leistungen\/raffstores-tostedt-sittensen\/\">Raffstores Tostedt Sittensen<\/a>, <a href=\"https:\/\/www.kaduk-bauelemente.de\/leistungen\/markisen-uelzen\/\">Markisen Uelzen<\/a>, <a href=\"https:\/\/www.kaduk-bauelemente.de\/leistungen\/terrassenueberdachungen-aus-holz-boizenburg\/\">Terrassen\u00fcberdachungen aus Holz Boizenburg<\/a>, <a href=\"https:\/\/www.kaduk-bauelemente.de\/leistungen\/zaunbau-salzhausen\/\">Zaunbau Salzhausen<\/a>, <a href=\"https:\/\/www.kaduk-bauelemente.de\/leistungen\/fliegengitter-geesthacht\/\">Fliegengitter Geesthacht<\/a>, <a href=\"https:\/\/www.kaduk-bauelemente.de\/leistungen\/fliegengitter-tostedt-sittensen\/\">Fliegengitter Tostedt Sittensen<\/a>, <a href=\"https:\/\/www.kaduk-bauelemente.de\/leistungen\/sektionaltore-amelinghausen\/\">Sektionaltore Amelinghausen<\/a>, <a href=\"https:\/\/www.kaduk-bauelemente.de\/leistungen\/garagen-hanstedt\/\">Garagen Hanstedt<\/a>, <a href=\"https:\/\/www.kaduk-bauelemente.de\/leistungen\/zaunbau-bispingen\/\">Zaunbau Bispingen<\/a>, <a href=\"https:\/\/www.kaduk-bauelemente.de\/leistungen\/terrassendaecher-aus-aluminium-bienenbuettel\/\">Terrassend\u00e4cher aus Aluminium Bienenb\u00fcttel<\/a>, <a href=\"https:\/\/www.kaduk-bauelemente.de\/leistungen\/terrassendaecher-aus-aluminium-geesthacht\/\">Terrassend\u00e4cher aus Aluminium Geesthacht<\/a>, <a href=\"https:\/\/www.kaduk-bauelemente.de\/leistungen\/zaunbau-lueneburg\/\">Zaunbau L\u00fcneburg<\/a>, <a href=\"https:\/\/www.kaduk-bauelemente.de\/leistungen\/markisen-jesteburg\/\">Markisen Jesteburg<\/a>, <a href=\"https:\/\/www.kaduk-bauelemente.de\/leistungen\/terrassendaecher-aus-aluminium-boizenburg\/\">Terrassend\u00e4cher aus Aluminium Boizenburg<\/a>, <a href=\"https:\/\/www.kaduk-bauelemente.de\/leistungen\/tueren-lueneburg\/\">T\u00fcren L\u00fcneburg<\/a>, <a href=\"https:\/\/www.kaduk-bauelemente.de\/leistungen\/rolltore-jesteburg\/\">Rolltore Jesteburg<\/a>, <a href=\"https:\/\/www.kaduk-bauelemente.de\/leistungen\/rolltore-lueneburg\/\">Rolltore L\u00fcneburg<\/a>, <a href=\"https:\/\/www.kaduk-bauelemente.de\/leistungen\/tueren-bardowick\/\">T\u00fcren Bardowick<\/a>, <a href=\"https:\/\/www.kaduk-bauelemente.de\/leistungen\/zaeune-geesthacht\/\">Z\u00e4une Geesthacht<\/a>, <a href=\"https:\/\/www.kaduk-bauelemente.de\/leistungen\/tueren-winsen-luhe\/\">T\u00fcren Winsen Luhe<\/a>, <a href=\"https:\/\/www.kaduk-bauelemente.de\/leistungen\/terrassenueberdachungen-aus-aluminium-salzhausen\/\">Terrassen\u00fcberdachungen aus Aluminium Salzhausen<\/a>, <a href=\"https:\/\/www.kaduk-bauelemente.de\/leistungen\/carports-bardowick\/\">Carports Bardowick<\/a>, <a href=\"https:\/\/www.kaduk-bauelemente.de\/leistungen\/rollladen-stelle\/\">Rollladen Stelle<\/a>, <a href=\"https:\/\/www.kaduk-bauelemente.de\/leistungen\/tueren-adendorf\/\">T\u00fcren Adendorf<\/a>, <a href=\"https:\/\/www.kaduk-bauelemente.de\/leistungen\/zaunbau-uelzen\/\">Zaunbau Uelzen<\/a>"},"_links":{"self":[{"href":"https:\/\/www.kaduk-bauelemente.de\/leistungen\/wp-json\/wp\/v2\/pages\/4284","targetHints":{"allow":["GET"]}}],"collection":[{"href":"https:\/\/www.kaduk-bauelemente.de\/leistungen\/wp-json\/wp\/v2\/pages"}],"about":[{"href":"https:\/\/www.kaduk-bauelemente.de\/leistungen\/wp-json\/wp\/v2\/types\/page"}],"author":[{"embeddable":true,"href":"https:\/\/www.kaduk-bauelemente.de\/leistungen\/wp-json\/wp\/v2\/users\/1"}],"replies":[{"embeddable":true,"href":"https:\/\/www.kaduk-bauelemente.de\/leistungen\/wp-json\/wp\/v2\/comments?post=4284"}],"version-history":[{"count":0,"href":"https:\/\/www.kaduk-bauelemente.de\/leistungen\/wp-json\/wp\/v2\/pages\/4284\/revisions"}],"wp:attachment":[{"href":"https:\/\/www.kaduk-bauelemente.de\/leistungen\/wp-json\/wp\/v2\/media?parent=4284"}],"curies":[{"name":"wp","href":"https:\/\/api.w.org\/{rel}","templated":true}]}}