{"id":4277,"date":"2021-08-25T12:18:53","date_gmt":"2021-08-25T10:18:53","guid":{"rendered":"https:\/\/www.kaduk-bauelemente.de\/leistungen\/garagentore-bispingen\/"},"modified":"2021-08-25T12:18:53","modified_gmt":"2021-08-25T10:18:53","slug":"garagentore-bispingen","status":"publish","type":"page","link":"https:\/\/www.kaduk-bauelemente.de\/leistungen\/garagentore-bispingen\/","title":{"rendered":"Garagentore &#8211; Bispingen"},"content":{"rendered":"<h3>Unser Kundenservice informiert Sie \u00fcber Garagentore<\/h3>\n<p>Bei uns erhalten Sie erstklassige Garagentore in riesiger Auswahl. Nat\u00fcrlich beinhaltet unser Angebot zus\u00e4tzlich die Pflege und Automatisierung der Tore. Wenn z.B. der Motor nicht mehr richtig l\u00e4uft, kann bisweilen bereits eine kleine Reparatur oder eventuell auch der Austausch eines einzigen Verschlei\u00dfteils ein positives Ergebnis bringen.<\/p>\n<p>In den vergangenen Jahren haben sich Garagentore mit Deckenlaufsystem und Funkfernbedienung als ganz besonders beliebt erwiesen. Noch vor wenigen Jahrzehnten z\u00e4hlten derlei Garagentore zum ausgesprochenen Luxus. Dies hat sich in der Zwischenzeit gewandelt. Leichtg\u00e4ngige und automatische Garagentore geh\u00f6ren mittlerweile schon zum Standardrepertoire. <\/p>\n<h3>Funktionale Garagentore fallen auf<\/h3>\n<p>Zu Leistungsportfolio z\u00e4hlen dar\u00fcber hinaus auch Seitenlauftore und Sektionaltore. Selbstredend entdecken Sie bei uns auch Garagentore f\u00fcr den anspruchsvollen Bedarf. F\u00fcr welche L\u00f6sung Sie sich am Ende entscheiden: Die Park- und Nutzfl\u00e4che in der Garage wird auf jeden Fall bestens ausgenutzt.<\/p>\n","protected":false},"excerpt":{"rendered":"<p>Unser Kundenservice informiert Sie \u00fcber Garagentore Bei uns erhalten Sie erstklassige Garagentore in riesiger Auswahl. Nat\u00fcrlich beinhaltet unser Angebot zus\u00e4tzlich die Pflege und Automatisierung der Tore. Wenn z.B. der Motor nicht mehr richtig l\u00e4uft, kann bisweilen bereits eine kleine Reparatur oder eventuell auch der Austausch eines einzigen Verschlei\u00dfteils ein positives Ergebnis bringen. In den vergangenen [&hellip;]<\/p>\n","protected":false},"author":1,"featured_media":0,"parent":0,"menu_order":0,"comment_status":"closed","ping_status":"closed","template":"","meta":{"footnotes":""},"class_list":["post-4277","page","type-page","status-publish","hentry"],"meta_box":{"popseo_subtitel":"Kaduk Bauelemente ist Ihr erfahrener Fachbetrieb f\u00fcr Garagentore im Raum Bispingen","popseo_subtitel2":"Garagentore - hohe Qualit\u00e4t, perfekte Beratung","popseo_lasttitel":"Garagentore: F\u00fcr weitere Informationen sprechen Sie uns bitte an","popseo_region":"Bispingen","popseo_sachwort":"Garagentore","popseo_noupdate":"","popseo_einleitungstext":"<p>Wenn es um Sicherheit und Sonnenschutz geht, sind Sie bei der Firma Kaduk genau an der richtigen Adresse. Seit unserer Gr\u00fcndung sind wir Ihr lokaler Fachbetrieb f\u00fcr qualitativ hochwertige Bauelemente. Zu unserem Produktsortiment geh\u00f6ren unter anderem Markisen, Terrassend\u00e4cher, Rolltore, T\u00fcren, Fenster, Au\u00dfenjalousien, Carports und Rolll\u00e4den. Wir \u00fcbernehmen Montage- und Reparaturarbeiten und zeigen Ihnen Wege auf, wie Sie Ihre Immobilie mit modernen Bauelementen ausr\u00fcsten k\u00f6nnen. Nachfolgend haben wir einige erste Informationen f\u00fcr Sie notiert.<\/p>","popseo_schlusstext":"<p>Wenn Sie mehr wissen m\u00f6chten, informieren wir Sie n\u00e4her \u00fcber unsere Produkte und unser Aufgabenfeld. Wir nennen Ihnen mit Vergn\u00fcgen auch einige Projekte, die Ihnen einen Einblick in unsere Arbeit geben.<br \/>\nVertrauen Sie auf das Urteil eines erfahrenen Fachbetriebes. Rufen Sie uns doch rasch einmal an oder schreiben Sie uns eine kurze E-Mail. Wir freuen uns auf Sie.<\/p>","popseo_stadttext":"<h3>Unser Einzugsbereich umfasst auch Bispingen<\/h3>\n<p>Bispingen ist eine Einheitsgemeinde in der Mitte der L\u00fcneburger Heide. Verwaltungstechnisch z\u00e4hlt die Gemeinde zum Landkreis Heidekreis. Bispingen hat knapp 6.000 Einwohner und streckt sich \u00fcber ein Areal von rund 128 qkm. Man erreicht man den Ort mit dem PKW \u00fcber die Bundesautobahn BAB 7. Unmittelbar an der Abfahrt 43 erkennt man schon von Weitem dem Snowdome Bispingen, eine Skihalle, die sich seit dem Jahr 2006 gr\u00f6\u00dfter Beliebtheit erfreut<\/p>\n<p>Durch unsere Vertriebst\u00e4tigkeit haben wir uns einen sehr guten \u00dcberblick \u00fcber die Stadtarchitektur der St\u00e4dte und Gemeinden unseres Einzugsbereiches machen k\u00f6nnen. Sie kommen aus Bispingen und sind hier im World Wide Web auf unsere Homepage gesto\u00dfen? Das finden wir toll. Sehr gerne pr\u00e4sentieren wir Ihnen unser komplettes Leistungsspektrum und beantworten Ihre Fragen. Wir freuen uns darauf, mit Ihnen ins Gespr\u00e4ch zu treten. <\/p>\n<h3>Interessante Fakten zu Bispingen<\/h3>\n<p>Durch die Heideregion und den Snowdome ist die attraktive Gemeinde f\u00fcr Touristen und Tagesbesucher von hohem Interesse. Neben einem ausgewogenen Mix von unterschiedlichen Einzelhandelsgesch\u00e4ften, finden sich auch etliche Hotels, Pensionen und Gastronomiebetriebe im Gemeindezentrum.  Bispingen ist ansonsten ein sehr familienfreundlicher Ort und bietet den B\u00fcrgern ein besonders abwechslungsreiches Umfeld zum Leben und Arbeiten. Die Gemeinde Bispingen hat eine hervorragende Infrastruktur und attraktiv ausgebaute Wohngebiete. Die Einzelhausbebauung \u00fcberwiegt. Gr\u00f6\u00dfere Hochh\u00e4user gibt es in Bispingen nicht.<\/p>\n<h4>Privat- und Gesch\u00e4ftskunden aus Bispingenl sch\u00e4tzen unsere Leistungen!<\/h4>\n<p>Sie wohnen in Bispingen oder Umgebung und interessieren sich f\u00fcr unser Angebot. Klasse, dass Sie uns hier auf dieser Website entdeckt haben. F\u00fcr R\u00fcckfragen sind wir jederzeit f\u00fcr Sie da. Auf den Kontakt zu Ihnen freuen wir uns.<\/p>","popseo_zusatztext":"<h3>G\u00fcnstig und preiswert \u2013 testen Sie uns!<\/h3>\n<p>Bauelemente m\u00fcssen hohen Anforderungen standhalten. Nichtsdestrotrotz darf es g\u00fcnstig und preiswert sein. Das muss generell kein Gegensatz sein. <\/p>\n<p>Als Fachbetrieb f\u00fcr Sonnenschutz und Sicherheit verwenden wir ausschlie\u00dflich ausgezeichnete Erzeugnisse. Trotzdem schauen wir stets auf ein angemessenes Preis-Leistungsverh\u00e4ltnis. Wir m\u00f6chten Ihnen Qualit\u00e4t bieten, die trotzdem auch g\u00fcnstig und preiswert ist. Geben Sie Ihrem Zuhause g\u00fcnstig und preiswert das besondere Plus an Qualit\u00e4t. Rolll\u00e4den und Markisen oder andere Sonnenschutzl\u00f6sungen sehen nicht nur schick aus, sie leisten auch einen bedeutsamen Anteil zur W\u00e4rmed\u00e4mmung.  <\/p>\n<h3>G\u00fcnstig und preiswert \u2013 trotzdem individuell und schick<\/h3>\n<p>D\u00fcrfen wir Sie beraten, wie Sie g\u00fcnstig und preiswert einen perfekten Sonnenschutz f\u00fcr Ihr Zuhause realisieren? Super, dann warten Sie bitte nicht und nehmen am besten gleich heute noch Verbindung mit uns auf. Ein kurzer Telefonanruf oder eine kurze E-Mail gen\u00fcgen. Mit Vergn\u00fcgen beraten Sie unsere perfekt ausgebildeten Fachleute \u00fcber die diversen Optionen, wie Sie Ihr Heim g\u00fcnstig und preiswert mit Rolll\u00e4den und Markisen oder anderen Sonnenschutzprodukten versehen. Wir freuen uns auf das Gespr\u00e4ch mit Ihnen. <\/p>\n<h4>Hochwertige Arbeit g\u00fcnstig und preiswert<\/h4>\n<p>Setzen Sie beim Thema Sonnenschutz und Sicherheit auf den Spezialisten. Nur ein Spezialbetrieb kennt die diversen Optionen, wie Sie g\u00fcnstig und preiswert, gleichzeitig qualitativ spitze einen perfekten Sonnenschutz erreichen. Qualit\u00e4tsbewusst, g\u00fcnstig und preiswert: Wir empfehlen uns als spezialisiertes Fachunternehmen im norddeutschen Gebiet. Unsere jahrelange Erfahrung zeichnet uns aus.<\/p>","popseo_links":"<a href=\"https:\/\/www.kaduk-bauelemente.de\/leistungen\/fenster-schwarzenbek\/\">Fenster Schwarzenbek<\/a>, <a href=\"https:\/\/www.kaduk-bauelemente.de\/leistungen\/terrassendaecher-aus-aluminium-seevetal-rosengarten\/\">Terrassend\u00e4cher aus Aluminium Seevetal Rosengarten<\/a>, <a href=\"https:\/\/www.kaduk-bauelemente.de\/leistungen\/terrassenueberdachungen-aus-aluminium-amt-neuhaus\/\">Terrassen\u00fcberdachungen aus Aluminium Amt Neuhaus<\/a>, <a href=\"https:\/\/www.kaduk-bauelemente.de\/leistungen\/markisen-bienenbuettel\/\">Markisen Bienenb\u00fcttel<\/a>, <a href=\"https:\/\/www.kaduk-bauelemente.de\/leistungen\/terrassendaecher-aus-holz-herzogtum-lauenburg\/\">Terrassend\u00e4cher aus Holz Herzogtum Lauenburg<\/a>, <a href=\"https:\/\/www.kaduk-bauelemente.de\/leistungen\/raffstores-jesteburg\/\">Raffstores Jesteburg<\/a>, <a href=\"https:\/\/www.kaduk-bauelemente.de\/leistungen\/rolltore-buchholz\/\">Rolltore Buchholz<\/a>, <a href=\"https:\/\/www.kaduk-bauelemente.de\/leistungen\/holzfenster-bienenbuettel\/\">Holzfenster Bienenb\u00fcttel<\/a>, <a href=\"https:\/\/www.kaduk-bauelemente.de\/leistungen\/fliegengitter-geesthacht\/\">Fliegengitter Geesthacht<\/a>, <a href=\"https:\/\/www.kaduk-bauelemente.de\/leistungen\/markisen-geesthacht\/\">Markisen Geesthacht<\/a>, <a href=\"https:\/\/www.kaduk-bauelemente.de\/leistungen\/terrassendaecher-aus-holz-bispingen\/\">Terrassend\u00e4cher aus Holz Bispingen<\/a>, <a href=\"https:\/\/www.kaduk-bauelemente.de\/leistungen\/haustueren-bad-bevensen\/\">Haust\u00fcren Bad Bevensen<\/a>, <a href=\"https:\/\/www.kaduk-bauelemente.de\/leistungen\/garagen-reppenstedt\/\">Garagen Reppenstedt<\/a>, <a href=\"https:\/\/www.kaduk-bauelemente.de\/leistungen\/garagen-seevetal-rosengarten\/\">Garagen Seevetal Rosengarten<\/a>, <a href=\"https:\/\/www.kaduk-bauelemente.de\/leistungen\/rolllaeden-geesthacht\/\">Rolll\u00e4den Geesthacht<\/a>, <a href=\"https:\/\/www.kaduk-bauelemente.de\/leistungen\/terrassenueberdachungen-aus-aluminium-bardowick\/\">Terrassen\u00fcberdachungen aus Aluminium Bardowick<\/a>, <a href=\"https:\/\/www.kaduk-bauelemente.de\/leistungen\/kunststofffenster-boizenburg\/\">Kunststofffenster Boizenburg<\/a>, <a href=\"https:\/\/www.kaduk-bauelemente.de\/leistungen\/zaunbau-adendorf\/\">Zaunbau Adendorf<\/a>, <a href=\"https:\/\/www.kaduk-bauelemente.de\/leistungen\/kunststofffenster-buechen\/\">Kunststofffenster B\u00fcchen<\/a>, <a href=\"https:\/\/www.kaduk-bauelemente.de\/leistungen\/kunststofffenster-reppenstedt\/\">Kunststofffenster Reppenstedt<\/a>, <a href=\"https:\/\/www.kaduk-bauelemente.de\/leistungen\/tueren-bardowick\/\">T\u00fcren Bardowick<\/a>, <a href=\"https:\/\/www.kaduk-bauelemente.de\/leistungen\/raffstores-amelinghausen\/\">Raffstores Amelinghausen<\/a>, <a href=\"https:\/\/www.kaduk-bauelemente.de\/leistungen\/rolltore-schwarzenbek\/\">Rolltore Schwarzenbek<\/a>, <a href=\"https:\/\/www.kaduk-bauelemente.de\/leistungen\/sektionaltore-amelinghausen\/\">Sektionaltore Amelinghausen<\/a>, <a href=\"https:\/\/www.kaduk-bauelemente.de\/leistungen\/terrassenueberdachungen-aus-aluminium-bad-bevensen\/\">Terrassen\u00fcberdachungen aus Aluminium Bad Bevensen<\/a>, <a href=\"https:\/\/www.kaduk-bauelemente.de\/leistungen\/sektionaltore-boizenburg\/\">Sektionaltore Boizenburg<\/a>"},"_links":{"self":[{"href":"https:\/\/www.kaduk-bauelemente.de\/leistungen\/wp-json\/wp\/v2\/pages\/4277","targetHints":{"allow":["GET"]}}],"collection":[{"href":"https:\/\/www.kaduk-bauelemente.de\/leistungen\/wp-json\/wp\/v2\/pages"}],"about":[{"href":"https:\/\/www.kaduk-bauelemente.de\/leistungen\/wp-json\/wp\/v2\/types\/page"}],"author":[{"embeddable":true,"href":"https:\/\/www.kaduk-bauelemente.de\/leistungen\/wp-json\/wp\/v2\/users\/1"}],"replies":[{"embeddable":true,"href":"https:\/\/www.kaduk-bauelemente.de\/leistungen\/wp-json\/wp\/v2\/comments?post=4277"}],"version-history":[{"count":0,"href":"https:\/\/www.kaduk-bauelemente.de\/leistungen\/wp-json\/wp\/v2\/pages\/4277\/revisions"}],"wp:attachment":[{"href":"https:\/\/www.kaduk-bauelemente.de\/leistungen\/wp-json\/wp\/v2\/media?parent=4277"}],"curies":[{"name":"wp","href":"https:\/\/api.w.org\/{rel}","templated":true}]}}