{"id":4269,"date":"2021-08-25T12:18:53","date_gmt":"2021-08-25T10:18:53","guid":{"rendered":"https:\/\/www.kaduk-bauelemente.de\/leistungen\/garagen-winsen-luhe\/"},"modified":"2021-08-25T12:18:53","modified_gmt":"2021-08-25T10:18:53","slug":"garagen-winsen-luhe","status":"publish","type":"page","link":"https:\/\/www.kaduk-bauelemente.de\/leistungen\/garagen-winsen-luhe\/","title":{"rendered":"Garagen &#8211; Winsen Luhe"},"content":{"rendered":"<h3>Garagen &#8211; wir beraten Sie gerne<\/h3>\n<p>Eine Garage ist ein sicherer Unterstand f\u00fcr Ihr Auto. Unterst\u00e4nde mit leichtl\u00e4ufigen Toren und automatischer F\u00fchrung geh\u00f6ren inzwischen zum Standardrepertoire von Wohn- und Gesch\u00e4ftsimmobilien. Zu den meistnachgefragtesten Garagen geh\u00f6ren unzweifelhaft Modelle mit Fernbedienung und Deckenlaufsystem. In unserem Produktsortiment finden sich Garagen mit Rolltoren und auch mit praktischen Sektionaltoren. Nat\u00fcrlich besch\u00fctzt die Garage in erster Linie Ihr Auto vor Wetter und Wind. Dar\u00fcber hinaus bietet Ihnen eine Garage aber auch zus\u00e4tzlichen Stauraum. Je nach jeweiligem Geschmack kann unter mehreren Produktvarianten und Materialien gew\u00e4hlt werden.<br \/>\nEine Garage unterstreicht also immer auch die Ansicht eines Wohn- oder Gesch\u00e4ftsgeb\u00e4udes. Sie sehen: Eine Garage ist ohne Frage mehr als ein simpler Abstellplatz. <\/p>\n<h3>Unsere Garagen werden Sie \u00fcberzeugen<\/h3>\n<p>Hochwertige Garagen bieten neben der praktischen Abstellm\u00f6glichkeit und einer attraktiven Optik nat\u00fcrlich noch deutlich mehr. Auch den Schutz vor Dieben k\u00f6nnen Sie von hochwertigen Garagen erwarten. Produkte aus unserem Produktangebot erf\u00fcllen auch gehobene Sicherheitsanspr\u00fcche und \u00fcberzeugen au\u00dferdem durch eine hervorragende Verarbeitung und Bedienbarkeit. Mit einer zur Architektur der Immobilie passenden Garage f\u00fcgen Sie Ihrem Wohn- oder Gesch\u00e4ftshaus ein gestalterisches Highlight hinzu. W\u00e4hlen Sie ganz nach Ihren pers\u00f6nlichen Vorstellungen unter unterschiedlichen Ausf\u00fchrungen und Farben. Selbstverst\u00e4ndlich werden bei der Produktion ausschlie\u00dflich hochwertigste Materialien genutzt. Funktionalit\u00e4t und Sicherheit gehen bei unseren Garagen eine nutzbringende Verbindung ein.<\/p>\n","protected":false},"excerpt":{"rendered":"<p>Garagen &#8211; wir beraten Sie gerne Eine Garage ist ein sicherer Unterstand f\u00fcr Ihr Auto. Unterst\u00e4nde mit leichtl\u00e4ufigen Toren und automatischer F\u00fchrung geh\u00f6ren inzwischen zum Standardrepertoire von Wohn- und Gesch\u00e4ftsimmobilien. Zu den meistnachgefragtesten Garagen geh\u00f6ren unzweifelhaft Modelle mit Fernbedienung und Deckenlaufsystem. In unserem Produktsortiment finden sich Garagen mit Rolltoren und auch mit praktischen Sektionaltoren. Nat\u00fcrlich [&hellip;]<\/p>\n","protected":false},"author":1,"featured_media":0,"parent":0,"menu_order":0,"comment_status":"closed","ping_status":"closed","template":"","meta":{"footnotes":""},"class_list":["post-4269","page","type-page","status-publish","hentry"],"meta_box":{"popseo_subtitel":"Kaduk Bauelemente ist Ihr Experte f\u00fcr Garagen in Winsen Luhe","popseo_subtitel2":"Garagen - attraktiv und hochwertig","popseo_lasttitel":"Garagen: Unsere Mitarbeiter beantworten gerne Ihre Fragen","popseo_region":"Winsen Luhe","popseo_sachwort":"Garagen","popseo_noupdate":"","popseo_einleitungstext":"<p>Wenn es um Sonnenschutz und Sicherheit geht, sind Sie bei der Firma Kaduk exakt an der richtigen Adresse. Seit unserer Gr\u00fcndung sind wir Ihre lokalen Spezialisten f\u00fcr hochwertige Bauelemente. Zu unserem Produktangebot z\u00e4hlen unter anderem Rolltore, Terrassend\u00e4cher, Markisen, T\u00fcren, Fenster, Au\u00dfenjalousien, Carports und Rolll\u00e4den. Wir erledigen Reparatur- und Montagearbeiten und zeigen Ihnen, wie Sie Ihre Wohn- oder Gesch\u00e4ftsgeb\u00e4ude mit zeitgem\u00e4\u00dfen Bauelementen ausr\u00fcsten k\u00f6nnen. Im Folgenden haben wir einige erste Informationen f\u00fcr Sie zusammengetragen.<\/p>","popseo_schlusstext":"<p>Sie ben\u00f6tigen einen Spezialisten f\u00fcr hochwertige Sicherheits- und Sonnenschutzl\u00f6sungen. Dann rufen Sie uns bitte rasch an. Wir freuen uns auf das Gespr\u00e4ch mit Ihnen. Wenn es um Bauelemente geht, sind wir Ihr kompetenter Handwerks- und Handelspartner. Wir bieten Ihnen hochwertige Produkte und eine fachm\u00e4nnisch durchgef\u00fchrte Arbeit nach dem stets aktuellsten Stand der Technik.<\/p>","popseo_stadttext":"<h3>Unser Vertriebsgebiet umfasst auch Winsen (Luhe)<\/h3>\n<p>Winsen (Luhe) ist eine Mittelstadt aus der Metropolregion Hamburg. Die Kreisstadt des Kreises Harburg hat 32.000 Einwohner und streckt sich \u00fcber ein Gebiet von 109 km\u00b2. Winsen (Luhe) ist sehr gut gelegen. In die norddeutsche Gro\u00dfstadt Hamburg sind es nur ca. 30 km, L\u00fcneburg erreicht man schon nach zirka 20 Kilometern. Winsen (Luhe) besteht in der heutigen Struktur seit dem Jahre 1972. Damals wurden 13 eigenst\u00e4ndige Ortschaften zur Gesamtgemeinde Winsen (Luhe) zusammengef\u00fchrt.  <\/p>\n<p>Durch unsere Gesch\u00e4ftst\u00e4tigkeit haben wir uns einen sehr guten \u00dcberblick \u00fcber die Architektur der St\u00e4dte und Gemeinden unseres Einzugsbereiches erarbeiten k\u00f6nnen. Nat\u00fcrlich z\u00e4hlt auch Winsen (Luhe) zu unserem unmittelbaren Vertriebsgebiet. Wir freuen uns darauf, mit Ihnen in Kontakt zu kommen. <\/p>\n<h3>Gute Gr\u00fcnde sprechen f\u00fcr den Wohnort Winsen (Luhe)<\/h3>\n<p>Obwohl Winsen (Luhe) fraglos als eine Pendlerstadt gelten darf, ist das mittelstandsorientierte Wirtschaftsleben erstaunlich. Zahlreiche Unternehmen u.a. aus den Bereichen Maschinenbau, Pharma, Logistik und Bauwesen haben sich in Winsen (Luhe) angesiedelt. Wer von den Menschen aus Winsen (Luhe) nicht in einer Firma seines Heimatortes arbeitet, pendelt in aller Regel nach Hamburg. Mit dem Auto reist man \u00fcber die Autobahn A39 nach Winsen (Luhe). Die Schnellstra\u00dfe ist mit der A1 und der A7 verbunden. Wer die Bahn lieber mag, erreicht Winsen (Luhe) \u00fcber die Schienenverbindung Hannover-Hamburg. Auch bietet der Metronom eine gerne genutzte Regionallinie an. <\/p>\n<h3>Reizvolles Winsen (Luhe)!<\/h3>\n<p>Menschen, die das etwas beschaulichere Leben in einer kleinen Gemeinde der Hektik einer Metropole vorziehen, finden in Winsen (Luhe) gute Bedingungen vor. Die Infrastruktur in Winsen (Luhe) stimmt! Sehr gute Einkaufsm\u00f6glichkeiten, ein mehr als befriedigendes Sport- und Freizeitangebot und eine wundersch\u00f6ne Umgebung sind Punkte, die Winsen (Luhe) auf der Habenseite verbuchen kann. Auch Familien m\u00f6gen die Stadt: Alle Schularten und eine ausreichende Anzahl an Kitas stehen in Winsen (Luhe) zur Verf\u00fcgung. <\/p>\n<h4>Wir f\u00fcr Sie in Winsen (Luhe)!<\/h4>\n<p>Toll, dass Sie diese Seite gefunden haben. Wenn Sie eine erfahrene Fachfirma suchen, sind Sie bei uns richtig. Sie m\u00f6chten mehr \u00fcber uns wissen? F\u00fcr R\u00fcckfragen stehen wir Ihnen jederzeit zur Verf\u00fcgung. Unser engagiertes Team freut sich auf Sie.<\/p>","popseo_zusatztext":"<h3>Tradition und Erfahrung zeichnen unseren Fachbetrieb aus<\/h3>\n<p>Vertrauen Sie in Sachen Sicherheit und Sonnenschutz auf jeden Fall auf die sachspezifische Leistung vom Fachbetrieb. Nur ein Fachbetrieb kennt die Priorit\u00e4ten, wie man zu einem hervorragenden Ergebnis kommt. Um sich mit Fug und Recht als Fachbetrieb bezeichnen zu d\u00fcrfen, bedarf es einer qualifizierten Ausbildung der Mitarbeiter und einer jahrelangen Erfahrung.  <\/p>\n<p>Unser Fachbetrieb empfiehlt sich als Ihr erfahrener Fachbetrieb f\u00fcr Sicherheit und Sonnenschutz. Erreichen Sie Ihr Ziel und schenken Sie unserem Fachbetrieb Ihr Vertrauen. Wir bieten Ihnen beispielsweise qualitativ ausgezeichnete Markisen und Rolll\u00e4den und legen allergr\u00f6\u00dften Wert auf einen perfekten Service. Schon seit vielen Jahren sind wir spezialisierter Fachbetrieb f\u00fcr Au\u00dfenjalousien, Rolll\u00e4den, Markisen und Terrassend\u00e4cher im Raum L\u00fcneburg. Es ist uns wichtig, dass Sie viele Jahre viel Freude an Ihrem Sicht und Sonnenschutz haben. Von einem Fachbetrieb d\u00fcrfen Sie selbstverst\u00e4ndlich eine absolute Top-Leistung erwarten.<\/p>\n<h3>Ein Fachbetrieb wei\u00df Rat!<\/h3>\n<p>Als Fachbetrieb darf sich eine Unternehmung bezeichnen, deren Mitarbeiter \u00fcber dokumentierte Qualifikationen verf\u00fcgen. Dies ist beispielsweise eine entsprechende Berufsausbildung oder ein Meisterbrief. Dar\u00fcber hinaus zeichnet eine intensive praktische Erfahrung einen Fachbetrieb aus. Schon seit vielen Jahren konzentrieren wir uns als spezialisiertes Unternehmen auf Sicherheit und Sonnenschutz von Immobilien. In diesen langen Jahren haben wir uns die Bezeichnung Fachbetrieb bestimmt erarbeitet. Wir nutzen ausschlie\u00dflich hochwertige Produkte. Hierbei achten wir stets auf ein sehr gutes Preis-Leistungsverh\u00e4ltnis. Unser Selbstverst\u00e4ndnis als Fachbetrieb: Wir bieten Ihnen Top-Leistung zu einem konkurrenzlosem Preis.<\/p>","popseo_links":"<a href=\"https:\/\/www.kaduk-bauelemente.de\/leistungen\/carports-bispingen\/\">Carports Bispingen<\/a>, <a href=\"https:\/\/www.kaduk-bauelemente.de\/leistungen\/insektenschutz-geesthacht\/\">Insektenschutz Geesthacht<\/a>, <a href=\"https:\/\/www.kaduk-bauelemente.de\/leistungen\/aussenjalousien-seevetal-rosengarten\/\">Au\u00dfenjalousien Seevetal Rosengarten<\/a>, <a href=\"https:\/\/www.kaduk-bauelemente.de\/leistungen\/terrassendaecher-aus-aluminium-uelzen\/\">Terrassend\u00e4cher aus Aluminium Uelzen<\/a>, <a href=\"https:\/\/www.kaduk-bauelemente.de\/leistungen\/markisen-reinbek-glinde\/\">Markisen Reinbek Glinde<\/a>, <a href=\"https:\/\/www.kaduk-bauelemente.de\/leistungen\/raffstores-uelzen\/\">Raffstores Uelzen<\/a>, <a href=\"https:\/\/www.kaduk-bauelemente.de\/leistungen\/kunststofffenster-buechen\/\">Kunststofffenster B\u00fcchen<\/a>, <a href=\"https:\/\/www.kaduk-bauelemente.de\/leistungen\/kunststofffenster-bienenbuettel\/\">Kunststofffenster Bienenb\u00fcttel<\/a>, <a href=\"https:\/\/www.kaduk-bauelemente.de\/leistungen\/fenster-ebstorf\/\">Fenster Ebstorf<\/a>, <a href=\"https:\/\/www.kaduk-bauelemente.de\/leistungen\/terrassenueberdachungen-aus-aluminium-salzhausen\/\">Terrassen\u00fcberdachungen aus Aluminium Salzhausen<\/a>, <a href=\"https:\/\/www.kaduk-bauelemente.de\/leistungen\/zaunbau-jesteburg\/\">Zaunbau Jesteburg<\/a>, <a href=\"https:\/\/www.kaduk-bauelemente.de\/leistungen\/markisen-stelle\/\">Markisen Stelle<\/a>, <a href=\"https:\/\/www.kaduk-bauelemente.de\/leistungen\/garagentore-adendorf\/\">Garagentore Adendorf<\/a>, <a href=\"https:\/\/www.kaduk-bauelemente.de\/leistungen\/holzfenster-harburg\/\">Holzfenster Harburg<\/a>, <a href=\"https:\/\/www.kaduk-bauelemente.de\/leistungen\/tueren-hanstedt\/\">T\u00fcren Hanstedt<\/a>, <a href=\"https:\/\/www.kaduk-bauelemente.de\/leistungen\/fliegengitter-amt-neuhaus\/\">Fliegengitter Amt Neuhaus<\/a>, <a href=\"https:\/\/www.kaduk-bauelemente.de\/leistungen\/garagentore-bispingen\/\">Garagentore Bispingen<\/a>, <a href=\"https:\/\/www.kaduk-bauelemente.de\/leistungen\/aussenjalousien-harburg\/\">Au\u00dfenjalousien Harburg<\/a>, <a href=\"https:\/\/www.kaduk-bauelemente.de\/leistungen\/terrassendaecher-aus-holz-amelinghausen\/\">Terrassend\u00e4cher aus Holz Amelinghausen<\/a>, <a href=\"https:\/\/www.kaduk-bauelemente.de\/leistungen\/raffstores-maschen\/\">Raffstores Maschen<\/a>, <a href=\"https:\/\/www.kaduk-bauelemente.de\/leistungen\/zaeune-bad-bevensen\/\">Z\u00e4une Bad Bevensen<\/a>, <a href=\"https:\/\/www.kaduk-bauelemente.de\/leistungen\/holzfenster-reinbek-glinde\/\">Holzfenster Reinbek Glinde<\/a>, <a href=\"https:\/\/www.kaduk-bauelemente.de\/leistungen\/rolllaeden-maschen\/\">Rolll\u00e4den Maschen<\/a>, <a href=\"https:\/\/www.kaduk-bauelemente.de\/leistungen\/markisen-amelinghausen\/\">Markisen Amelinghausen<\/a>, <a href=\"https:\/\/www.kaduk-bauelemente.de\/leistungen\/kunststofffenster-salzhausen\/\">Kunststofffenster Salzhausen<\/a>, <a href=\"https:\/\/www.kaduk-bauelemente.de\/leistungen\/fenster-lueneburg\/\">Fenster L\u00fcneburg<\/a>"},"_links":{"self":[{"href":"https:\/\/www.kaduk-bauelemente.de\/leistungen\/wp-json\/wp\/v2\/pages\/4269","targetHints":{"allow":["GET"]}}],"collection":[{"href":"https:\/\/www.kaduk-bauelemente.de\/leistungen\/wp-json\/wp\/v2\/pages"}],"about":[{"href":"https:\/\/www.kaduk-bauelemente.de\/leistungen\/wp-json\/wp\/v2\/types\/page"}],"author":[{"embeddable":true,"href":"https:\/\/www.kaduk-bauelemente.de\/leistungen\/wp-json\/wp\/v2\/users\/1"}],"replies":[{"embeddable":true,"href":"https:\/\/www.kaduk-bauelemente.de\/leistungen\/wp-json\/wp\/v2\/comments?post=4269"}],"version-history":[{"count":0,"href":"https:\/\/www.kaduk-bauelemente.de\/leistungen\/wp-json\/wp\/v2\/pages\/4269\/revisions"}],"wp:attachment":[{"href":"https:\/\/www.kaduk-bauelemente.de\/leistungen\/wp-json\/wp\/v2\/media?parent=4269"}],"curies":[{"name":"wp","href":"https:\/\/api.w.org\/{rel}","templated":true}]}}