{"id":4266,"date":"2021-08-25T12:18:53","date_gmt":"2021-08-25T10:18:53","guid":{"rendered":"https:\/\/www.kaduk-bauelemente.de\/leistungen\/garagen-stelle\/"},"modified":"2021-08-25T12:18:53","modified_gmt":"2021-08-25T10:18:53","slug":"garagen-stelle","status":"publish","type":"page","link":"https:\/\/www.kaduk-bauelemente.de\/leistungen\/garagen-stelle\/","title":{"rendered":"Garagen &#8211; Stelle"},"content":{"rendered":"<h3>Garagen &#8211; wir beraten Sie gerne<\/h3>\n<p>Eine Garage ist ein sicherer Unterstand f\u00fcr Ihr Auto. Unterst\u00e4nde mit leichtg\u00e4ngigen Toren und automatisierter F\u00fchrung z\u00e4hlen heutzutage zur Standardausr\u00fcstung von Wohn- und Gesch\u00e4ftsimmobilien. Zu den am h\u00e4ufigsten nachgefragten Garagen z\u00e4hlen fraglos Modelle mit Deckenlaufsystem und Fernbedienung. In unserem Sortiment finden sich Garagen mit praktischen Sektionaltoren und auch mit Rolltoren. Selbstverst\u00e4ndlich sch\u00fctzt die Garage zuverl\u00e4ssig Ihr Auto vor Regenwetter. Dar\u00fcber hinaus bietet Ihnen eine Garage aber auch zus\u00e4tzlichen Stauraum. Je nach pers\u00f6nlichem Geschmack kann unter diversen Ausf\u00fchrungen und Materialien entschieden werden.<br \/>\nEine Garage unterstreicht also immer auch das Erscheinungsbild eines Gesch\u00e4fts- und Wohnhauses. Sie sehen: Eine Garage ist ohne Frage mehr als eine einfache Abstellm\u00f6glichkeit. <\/p>\n<h3>Garagen \u2013 wir kennen uns aus!<\/h3>\n<p>Hochwertige Garagen bieten neben der komfortablen Abstellm\u00f6glichkeit und einer attraktiven Optik selbstverst\u00e4ndlich noch deutlich mehr. Auch die Diebstahlvorsorge d\u00fcrfen Sie von hochwertigen Garagen erwarten. Produkte aus unserem Produktangebot erf\u00fcllen selbst h\u00f6chste Sicherheitsanspr\u00fcche und \u00fcberzeugen \u00fcberdies durch eine hervorragende Bedienbarkeit und Verarbeitung. Mit einer zur Gestaltung der Immobilie passenden Garage f\u00fcgen Sie Ihrem Gesch\u00e4fts- oder Wohnhaus ein gestalterisches Highlight hinzu. W\u00e4hlen Sie einfach nach Ihren pers\u00f6nlichen Vorstellungen unter unterschiedlichen Ausf\u00fchrungen und Farben. Nat\u00fcrlich werden bei der Produktion ausschlie\u00dflich beste Materialien verwendet. Funktionalit\u00e4t und Sicherheit gehen bei unseren Garagen eine nutzbringende Verbindung ein.<\/p>\n","protected":false},"excerpt":{"rendered":"<p>Garagen &#8211; wir beraten Sie gerne Eine Garage ist ein sicherer Unterstand f\u00fcr Ihr Auto. Unterst\u00e4nde mit leichtg\u00e4ngigen Toren und automatisierter F\u00fchrung z\u00e4hlen heutzutage zur Standardausr\u00fcstung von Wohn- und Gesch\u00e4ftsimmobilien. Zu den am h\u00e4ufigsten nachgefragten Garagen z\u00e4hlen fraglos Modelle mit Deckenlaufsystem und Fernbedienung. In unserem Sortiment finden sich Garagen mit praktischen Sektionaltoren und auch mit [&hellip;]<\/p>\n","protected":false},"author":1,"featured_media":0,"parent":0,"menu_order":0,"comment_status":"closed","ping_status":"closed","template":"","meta":{"footnotes":""},"class_list":["post-4266","page","type-page","status-publish","hentry"],"meta_box":{"popseo_subtitel":"Kaduk Bauelemente ist Ihr Experte f\u00fcr Garagen im Raum Stelle","popseo_subtitel2":"Garagen - Qualit\u00e4t vom Fachbetrieb","popseo_lasttitel":"Garagen: Wir informieren Sie gerne auch pers\u00f6nlich!","popseo_region":"Stelle","popseo_sachwort":"Garagen","popseo_noupdate":"","popseo_einleitungstext":"<p>Wenn Sie mehr wissen m\u00f6chten, informieren wir Sie n\u00e4her \u00fcber unsere Produkte und unser Aufgabenfeld. Wir zeigen Ihnen mit Vergn\u00fcgen auch einige Referenzen, die Ihnen einen Einblick in unsere Arbeit geben.<br \/>\nWir sind f\u00fcr Sie da. Rufen Sie uns doch einfach einmal an oder senden Sie uns eine kurze E-Mail. Wir freuen uns auf Sie.<\/p>","popseo_schlusstext":"<p>Wenn Sie mehr wissen m\u00f6chten, informieren wir Sie n\u00e4her \u00fcber unser Produkt- und Leistungsprogramm. Wir nennen Ihnen mit Vergn\u00fcgen auch einige Referenzen, die Ihnen einen Einblick in unsere Unternehmenst\u00e4tigkeit geben.<br \/>\nSchenken Sie uns Ihr Vertrauen. Rufen Sie uns doch einfach einmal an oder schicken Sie uns eine kurze E-Mail. Wir freuen uns auf Ihre Kontaktaufnahme.<\/p>","popseo_stadttext":"<h3>Wir freuen uns \u00fcber Anfragen aus in|Dach- und Fassadensanierung in|Unsere Spezialisten kommen zu Ihnen nach} Stelle<\/h2>\n<p>Unser Einzugsbereich umfasst auch Stelle. Durch unsere Gesch\u00e4ftst\u00e4tigkeit haben wir uns einen sehr guten \u00dcberblick \u00fcber die Stadtarchitektur der Gemeinden und St\u00e4dte unseres Vertriebsgebietes machen k\u00f6nnen. Wir f\u00fchlen uns der Region verpflichtet und freuen uns dar\u00fcber, auch einen Anteil zur guten Infrastruktur der Gemeinde beizusteuern zu k\u00f6nnen.  <\/p>\n<h3>Einige Details zu Stelle<\/h3>\n<p>In der zum Kreis Harburg z\u00e4hlenden Gemeinde Stelle wohnen in Summe etwa 11.000 Bewohner auf einer Fl\u00e4che von gut 38 km\u00b2. Unmittelbar an Hamburg angrenzend, z\u00e4hlt Stelle zum sogenannten \u201eSpeckg\u00fcrtel\u201c der Freien und Hansestadt. Die Bev\u00f6lkerungszahl mit 288 Bewohnern pro Quadratkilometer ist eher niedrig, was den Ort zu einer begehrten Wohngegend macht. Einige sch\u00f6ne Quartiere mit einer h\u00fcbschen Bebauung machen Stelle attraktiv. Leben im Gr\u00fcnen, dabei die Metropole unmittelbar vor der T\u00fcr  \u2013 ein Wohnmodell, das f\u00fcr sehr viele Menschen interessant ist. Zahlreiche W\u00e4lder und Wiesen verleihen der Stadt einen bisweilen nahezu bukolischen Charakter. Die lokale \u00d6konomie von Stelle ist dominiert von kleinen und mittelst\u00e4ndigen Betrieben. <\/p>\n<p>Stelle ist f\u00fcr Berufspendler sehr gut ideal. Wer seinen Arbeitsplatz in der Hansestadt Hamburg hat, genie\u00dft das eher ruhige Leben in der Peripherie. Stelle verf\u00fcgt \u00fcber zahlreiche beruhigte Wohngebiete, die von einer typischen Einzelhausbebauung bestimmt sind. <\/p>\n<h4>Unsere Leistung f\u00fcr qualit\u00e4tsbewusste Kunden aus Stelle<\/h4>\n<p>Sehr gerne \u00fcbernehmen wir auch Arbeiten in Stelle und Umgebung. D\u00fcrfen wir Sie n\u00e4her informieren? Rufen Sie uns an oder schicken Sie uns eine Mail. Wir freuen uns auf Sie! Das Team unseres Fachbetriebes ist eingespielt und arbeitet perfekt \u201eHand in Hand\u201c.<\/p>","popseo_zusatztext":"<h3>Wir sind Fachbetrieb f\u00fcr Sicht- und Sonnenschutz<\/h3>\n<p>Vertrauen Sie bei Sonnenschutz und Sicherheit auf alle F\u00e4lle auf die fachspezifische Leistung vom Fachbetrieb. Nur ein Fachbetrieb kennt die Tipps und Tricks, wie man zu einem fachgerechten Ergebnis kommt. Um sich mit Fug und Recht als Fachbetrieb zu titulieren, braucht es eine anerkannte Ausbildung der Mitarbeiter und eine jahrelange Berufserfahrung.  <\/p>\n<p>Unser Betrieb empfiehlt sich als Ihr erfahrener Fachbetrieb f\u00fcr Sicherheit und Sonnenschutz. Setzen Sie auf Qualit\u00e4t und schenken Sie unserem Fachbetrieb Ihr Vertrauen. Wir bieten Ihnen z.B. qualitativ ausgezeichnete Rolll\u00e4den und Markisen und legen allergr\u00f6\u00dften Wert auf einen ausgezeichneten Service. Schon seit vielen Jahren sind wir sachkundiger Fachbetrieb f\u00fcr Terrassend\u00e4cher, Au\u00dfenjalousien, Rolll\u00e4den im Raum L\u00fcneburg. Es ist uns ein Anliegen, dass Sie dauerhaft viel Freude an Ihrem Sicht und Sonnenschutz haben. Von einem Fachbetrieb d\u00fcrfen Sie ohne Wenn und Aber eine absolute Top-Leistung erwarten.<\/p>\n<h3>Auf einen Fachbetrieb ist Verlass<\/h3>\n<p>Als Fachbetrieb darf sich eine Firma bezeichnen, deren Angestellte \u00fcber dokumentierte Qualifikationen verf\u00fcgen. Dies ist unter anderem eine entsprechende Berufsausbildung oder ein Meisterbrief. Dar\u00fcber hinaus zeichnet eine langj\u00e4hrige praktische Erfahrung einen Fachbetrieb aus. Bereits seit vielen Jahren konzentrieren wir uns als spezialisiertes Unternehmen auf Sicherheit und Sonnenschutz von Geb\u00e4uden. In diesen langen Jahren haben wir uns das Attribut Fachbetrieb sicherlich verdient. Wir benutzen nur hervorragende Artikel. Dabei achten wir immer auf ein angemessenes Preis-Leistungsverh\u00e4ltnis. Unser Versprechen als Fachbetrieb: Wir bieten Ihnen 1a-Qualit\u00e4t zu einem 1a- Preis.<\/p>","popseo_links":"<a href=\"https:\/\/www.kaduk-bauelemente.de\/leistungen\/insektenschutz-maschen\/\">Insektenschutz Maschen<\/a>, <a href=\"https:\/\/www.kaduk-bauelemente.de\/leistungen\/rolltore-maschen\/\">Rolltore Maschen<\/a>, <a href=\"https:\/\/www.kaduk-bauelemente.de\/leistungen\/raffstores-geesthacht\/\">Raffstores Geesthacht<\/a>, <a href=\"https:\/\/www.kaduk-bauelemente.de\/leistungen\/garagentore-tostedt-sittensen\/\">Garagentore Tostedt Sittensen<\/a>, <a href=\"https:\/\/www.kaduk-bauelemente.de\/leistungen\/sektionaltore-bispingen\/\">Sektionaltore Bispingen<\/a>, <a href=\"https:\/\/www.kaduk-bauelemente.de\/leistungen\/fliegengitter-ebstorf\/\">Fliegengitter Ebstorf<\/a>, <a href=\"https:\/\/www.kaduk-bauelemente.de\/leistungen\/terrassendaecher-aus-aluminium-tostedt-sittensen\/\">Terrassend\u00e4cher aus Aluminium Tostedt Sittensen<\/a>, <a href=\"https:\/\/www.kaduk-bauelemente.de\/leistungen\/terrassenueberdachungen-aus-aluminium-geesthacht\/\">Terrassen\u00fcberdachungen aus Aluminium Geesthacht<\/a>, <a href=\"https:\/\/www.kaduk-bauelemente.de\/leistungen\/carports-reinbek-glinde\/\">Carports Reinbek Glinde<\/a>, <a href=\"https:\/\/www.kaduk-bauelemente.de\/leistungen\/tueren-bienenbuettel\/\">T\u00fcren Bienenb\u00fcttel<\/a>, <a href=\"https:\/\/www.kaduk-bauelemente.de\/leistungen\/carports-winsen-luhe\/\">Carports Winsen Luhe<\/a>, <a href=\"https:\/\/www.kaduk-bauelemente.de\/leistungen\/tueren-ebstorf\/\">T\u00fcren Ebstorf<\/a>, <a href=\"https:\/\/www.kaduk-bauelemente.de\/leistungen\/aussenjalousien-hanstedt\/\">Au\u00dfenjalousien Hanstedt<\/a>, <a href=\"https:\/\/www.kaduk-bauelemente.de\/leistungen\/zaeune-uelzen\/\">Z\u00e4une Uelzen<\/a>, <a href=\"https:\/\/www.kaduk-bauelemente.de\/leistungen\/zaunbau-hanstedt\/\">Zaunbau Hanstedt<\/a>, <a href=\"https:\/\/www.kaduk-bauelemente.de\/leistungen\/haustueren-bad-bevensen\/\">Haust\u00fcren Bad Bevensen<\/a>, <a href=\"https:\/\/www.kaduk-bauelemente.de\/leistungen\/terrassendaecher-aus-aluminium-amelinghausen\/\">Terrassend\u00e4cher aus Aluminium Amelinghausen<\/a>, <a href=\"https:\/\/www.kaduk-bauelemente.de\/leistungen\/raffstores-bad-bevensen\/\">Raffstores Bad Bevensen<\/a>, <a href=\"https:\/\/www.kaduk-bauelemente.de\/leistungen\/zaeune-buechen\/\">Z\u00e4une B\u00fcchen<\/a>, <a href=\"https:\/\/www.kaduk-bauelemente.de\/leistungen\/tueren-stelle\/\">T\u00fcren Stelle<\/a>, <a href=\"https:\/\/www.kaduk-bauelemente.de\/leistungen\/rollladen-ebstorf\/\">Rollladen Ebstorf<\/a>, <a href=\"https:\/\/www.kaduk-bauelemente.de\/leistungen\/rollladen-jesteburg\/\">Rollladen Jesteburg<\/a>, <a href=\"https:\/\/www.kaduk-bauelemente.de\/leistungen\/rolltore-uelzen\/\">Rolltore Uelzen<\/a>, <a href=\"https:\/\/www.kaduk-bauelemente.de\/leistungen\/fliegengitter-lueneburg\/\">Fliegengitter L\u00fcneburg<\/a>, <a href=\"https:\/\/www.kaduk-bauelemente.de\/leistungen\/fenster-salzhausen\/\">Fenster Salzhausen<\/a>, <a href=\"https:\/\/www.kaduk-bauelemente.de\/leistungen\/holzfenster-amt-neuhaus\/\">Holzfenster Amt Neuhaus<\/a>"},"_links":{"self":[{"href":"https:\/\/www.kaduk-bauelemente.de\/leistungen\/wp-json\/wp\/v2\/pages\/4266","targetHints":{"allow":["GET"]}}],"collection":[{"href":"https:\/\/www.kaduk-bauelemente.de\/leistungen\/wp-json\/wp\/v2\/pages"}],"about":[{"href":"https:\/\/www.kaduk-bauelemente.de\/leistungen\/wp-json\/wp\/v2\/types\/page"}],"author":[{"embeddable":true,"href":"https:\/\/www.kaduk-bauelemente.de\/leistungen\/wp-json\/wp\/v2\/users\/1"}],"replies":[{"embeddable":true,"href":"https:\/\/www.kaduk-bauelemente.de\/leistungen\/wp-json\/wp\/v2\/comments?post=4266"}],"version-history":[{"count":0,"href":"https:\/\/www.kaduk-bauelemente.de\/leistungen\/wp-json\/wp\/v2\/pages\/4266\/revisions"}],"wp:attachment":[{"href":"https:\/\/www.kaduk-bauelemente.de\/leistungen\/wp-json\/wp\/v2\/media?parent=4266"}],"curies":[{"name":"wp","href":"https:\/\/api.w.org\/{rel}","templated":true}]}}