{"id":4259,"date":"2021-08-25T12:18:53","date_gmt":"2021-08-25T10:18:53","guid":{"rendered":"https:\/\/www.kaduk-bauelemente.de\/leistungen\/garagen-lueneburg\/"},"modified":"2021-08-25T12:18:53","modified_gmt":"2021-08-25T10:18:53","slug":"garagen-lueneburg","status":"publish","type":"page","link":"https:\/\/www.kaduk-bauelemente.de\/leistungen\/garagen-lueneburg\/","title":{"rendered":"Garagen &#8211; L\u00fcneburg"},"content":{"rendered":"<h3>Wir beantworten Ihre Fragen zu Garagen<\/h3>\n<p>Eine Garage ist ein sicherer Unterstand f\u00fcr Ihr Fahrzeug. Unterst\u00e4nde mit leichtl\u00e4ufigen Toren und automatisierter F\u00fchrung z\u00e4hlen heute zum Standardrepertoire von Wohn- und Gesch\u00e4ftsimmobilien. Zu den beliebtesten Garagen geh\u00f6ren fraglos Modelle mit Fernbedienung und Deckenlaufsystem. In unserem Produktangebot finden sich Garagen mit Rolltoren und auch mit praktischen Sektionaltoren. Selbstverst\u00e4ndlich sch\u00fctzt die Garage zuverl\u00e4ssig Ihr Fahrzeug vor Regen. Dar\u00fcber hinaus bietet Ihnen eine Garage aber auch weiteren Stauraum. Je nach individuellem Geschmack kann unter mehreren Konstruktionen und Materialien entschieden werden.<br \/>\nEine Garage unterstreicht also immer auch die Optik eines Wohn- oder Gesch\u00e4ftsgeb\u00e4udes. Sie sehen: Eine Garage ist durchaus mehr als ein simpler Abstellplatz. <\/p>\n<h3>Sie interessieren sich f\u00fcr Garagen? Sprechen Sie uns bitte an!<\/h3>\n<p>Qualitativ hochwertige Garagen bieten neben der komfortablen Abstellm\u00f6glichkeit und einer optimalen Optik selbstverst\u00e4ndlich noch deutlich mehr. Auch einen umfassenden Schutz vor Diebst\u00e4hlen k\u00f6nnen Sie von hochwertigen Garagen erwarten. Produkte aus unserem Angebot erf\u00fcllen auch h\u00f6chste Anspr\u00fcche an die Sicherheit und \u00fcberzeugen \u00fcberdies durch eine exzellente Verarbeitung und Bedienbarkeit. Mit einer zur architektonischen Gestaltung der Immobilie passenden Garage f\u00fcgen Sie Ihrem Haus ein gestalterisches Highlight hinzu. W\u00e4hlen Sie ganz nach Ihren individuellen Vorlieben unter unterschiedlichen Ausf\u00fchrungen und Farben. Nat\u00fcrlich werden bei der Herstellung nur hochwertigste Materialien verarbeitet. Sicherheit und Funktionalit\u00e4t gehen bei unseren Garagen eine gewinnbringende Verbindung ein.<\/p>\n","protected":false},"excerpt":{"rendered":"<p>Wir beantworten Ihre Fragen zu Garagen Eine Garage ist ein sicherer Unterstand f\u00fcr Ihr Fahrzeug. Unterst\u00e4nde mit leichtl\u00e4ufigen Toren und automatisierter F\u00fchrung z\u00e4hlen heute zum Standardrepertoire von Wohn- und Gesch\u00e4ftsimmobilien. Zu den beliebtesten Garagen geh\u00f6ren fraglos Modelle mit Fernbedienung und Deckenlaufsystem. In unserem Produktangebot finden sich Garagen mit Rolltoren und auch mit praktischen Sektionaltoren. Selbstverst\u00e4ndlich [&hellip;]<\/p>\n","protected":false},"author":1,"featured_media":0,"parent":0,"menu_order":0,"comment_status":"closed","ping_status":"closed","template":"","meta":{"footnotes":""},"class_list":["post-4259","page","type-page","status-publish","hentry"],"meta_box":{"popseo_subtitel":"Kaduk Bauelemente ist Ihr Fachanbieter f\u00fcr Garagen in L\u00fcneburg","popseo_subtitel2":"Garagen - unsere Fachkr\u00e4fte beraten Sie gerne","popseo_lasttitel":"Garagen: Treten Sie in Kontakt mit uns!","popseo_region":"L\u00fcneburg","popseo_sachwort":"Garagen","popseo_noupdate":"","popseo_einleitungstext":"<p>Auf Wunsch informieren wir Sie n\u00e4her \u00fcber unser Produkt- und T\u00e4tigkeitsspektrum. Wir nennen Ihnen mit Vergn\u00fcgen auch ein paar Referenzen, die Ihnen einen Einblick in unsere Unternehmenst\u00e4tigkeit geben.<br \/>\nWir sind f\u00fcr Sie da. Rufen Sie uns doch einfach einmal an oder schreiben Sie uns eine schnelle E-Mail. Wir freuen uns auf Sie.<\/p>","popseo_schlusstext":"<p>Auf Wunsch informieren wir Sie n\u00e4her \u00fcber unsere Produkte und unser Aufgabengebiet. Wir zeigen Ihnen mit Vergn\u00fcgen auch einige Referenzen, die Ihnen einen Einblick in unsere Firment\u00e4tigkeit geben.<br \/>\nSchenken Sie uns Ihr Vertrauen. Rufen Sie uns doch einfach einmal an oder senden Sie uns eine schnelle E-Mail. Wir freuen uns auf Sie.<\/p>","popseo_stadttext":"<h3>Unser Einzugsbereich umfasst auch L\u00fcneburg und Bleckede<\/h3>\n<p>Wir betreuen Kunden aus L\u00fcneburg und Bleckede. Durch unsere Vertriebst\u00e4tigkeit haben wir uns einen guten \u00dcberblick \u00fcber die Stadtarchitektur der Gemeinden und St\u00e4dte unseres Einzugsbereiches machen k\u00f6nnen. Nat\u00fcrlich z\u00e4hlt auch Ihre Region zu unserem unmittelbaren Gesch\u00e4ftsgebiet. Wir freuen uns darauf, mit Ihnen in Kontakt zu treten. <\/p>\n<h3>Ein paar Hintergrundinformationen zu L\u00fcneburg und Bleckede<\/h3>\n<p>In der ca. 40 Kilometer s\u00fcdlich von Freien und Hansestadt Hamburg gelegenen Stadt L\u00fcneburg leben ca. 70.000 B\u00fcrger. Die Stadt verl\u00e4uft \u00fcber ein Areal von 70 qkm. L\u00fcneburg ist Kreisstadt des Kreises L\u00fcneburg und geh\u00f6rt zur Metropolregion Hamburg. Was viele nicht wissen: L\u00fcneburg ist eine historische Hansestadt. Idyllisch an der Ilmenau gelegen, erfreut sich L\u00fcneburg hoher Popularit\u00e4t bei Tagesbesuchern und Touristen. Die rund 300.000 \u00dcbernachtungen, welche das nieders\u00e4chsische Landesamt f\u00fcr Statistik registriert hat, sprechen eine ganz eindeutige Sprache. Insbesondere besuchenswert ist die Innenstadt von L\u00fcneburg. Zahlreiche historische Gem\u00e4uer verleihen der Stadt einen ganz und gar unverwechselbaren Charme. Bei einem Spaziergang durch das historische Zentrum von L\u00fcneburg sollte man insbesondere die Kirche St. Nicolai im Wasserviertel, das Stadtschloss am Markt und den Stintmarkt am L\u00fcneburger Hafen besuchen. Wer ein wenig Zeit \u00fcbrig hat, macht Station in einem der zahllosen h\u00fcbschen Caf\u00e9s am Marktplatz und l\u00e4sst einfach die herrliche Atmosp\u00e4hre von L\u00fcneburg auf sich wirken. Die vielen Fachwerkbauten geben dem st\u00e4dtischen Ensemble eine v\u00f6llig unverwechselbare Aura. Die beschauliche Universit\u00e4tsstadt ist ber\u00fchmt f\u00fcr die Salzgewinnung. In L\u00fcneburg befindet sich ein ein alter Salzstock. Dort wurde \u00fcber viele Generationen in gro\u00dfem Stile Salz gewonnen. Das Deutsche Salzmuseum L\u00fcneburg erinnert heute an diesen bedeutenden Teil der Stadtgeschichte. Au\u00dferdem ist der Stint eine ber\u00fchmte kulinarische Spezialit\u00e4t. Dem kleinen Fisch begegnet man in L\u00fcneburg fast pausenlos. Bei einem Besuch der nieders\u00e4chsischen Mittelstadt sollte man ein Stint-Essen auf keinen Fall verpassen.      <\/p>\n<p>L\u00fcneburg befindet sich an der Schnellstra\u00dfe A39. Auch \u00fcber die Bundesstra\u00dfen B4, B209 und B216 gelangt man rasch und bequem in die nieders\u00e4chsische Stadt. Auch das Umland \u2013 unter anderem Scharnebeck, Salzhausen, Fleestedt, Hanstedt, Bienenb\u00fcttel, Amelinghausen und Egestorf - ist gut angebunden. Wer mit der Bahn nach L\u00fcneburg fahren m\u00f6chte, kann dies \u00fcber die Bahnstrecke Hamburg-Hannover tun. Des Weiteren besteht eine Nahverkehrsverbindung durch den Verkehrsbetrieb Metronom. Die Reisezeit zwischen Hamburg und L\u00fcneburg betr\u00e4gt nur 30 Minuten. <\/p>\n<h3>L\u00fcneburg und Bleckede: Perfekt f\u00fcr junge Familien<\/h3>\n<p>Die Stadt Bleckede befindet sich im nieders\u00e4chsischen Landkreis L\u00fcneburg. Bleckede z\u00e4hlt ungef\u00e4hr 10.000 Einwohner. Das st\u00e4dtische Areal streckt sich \u00fcber eine Gesamtfl\u00e4che von gut 139 Quadratkilometer. In unmittelbarer N\u00e4he finden sich die Gemeinden Amt Neuhaus, Dahlenburg, Vastorf und Thomasburg. Zu Bleckede geh\u00f6ren insgesamt 15 Gemeindeteile. Die hervorragende Lage direkt an der Elbe macht Bleckede interessant f\u00fcr Tagesbesucher und Touristen. Insbesondere auf zwei R\u00e4dern lohnt sich ein Ausflug in Richtung Bleckede. Der Elbradweg und der Mecklenburgische Seen-Radweg laden zum ausgedehnten Radeln ein. Bezeichnend f\u00fcr Bleckede sind die vielen Fachwerkbauten. Per pedes l\u00e4sst sich die herrliche Architektur besonders gut bewundern. Entsprechend stolz sind die Stadtverantwortlichen von Bleckede darauf, dass der Ort Teil der Deutschen Fachwerkstra\u00dfe ist. Malerisch ist der Hafen von Bleckede. Bis heute machen viele Frachtschiffe hier Halt. Besucher sch\u00e4tzen ebenfalls den Fahrgastverkehr auf der Elbe. Eine touristische Besonderheit: Der historische Raddampfer Kaiser-Wilhelm legt regelm\u00e4\u00dfig in Bleckede an. Attraktiv ist der Hafen auch f\u00fcr die Sportschifffahrt. Die vielen Sportbootliegepl\u00e4tze veranschaulichen die Anziehungskraft des Hafen \u00fcberzeugend. Bleckede ist bekannt f\u00fcr seine sch\u00f6ne Umgebung. Neben der schon genannten Deutschen Fachwerkstra\u00dfe f\u00fchrt auch die Deutsche Storchenstra\u00dfe durch Bleckede. Das innerst\u00e4dtisch zu beobachtende Storchennest ist eine ganz au\u00dfergew\u00f6hnliche Attraktion. Aus Richtung L\u00fcneburg kommend, kann man dar\u00fcber hinaus auch mit einer historischen Eisenbahn nach Bleckede reisen. Die Fahrt mit dem sogenannten Heide-Elbe-Express ist ein Ausflugstipp f\u00fcr Besucher der Region.<\/p>\n<h4>Privat- und Gesch\u00e4ftskunden aus L\u00fcneburg und Bleckede sch\u00e4tzen unsere Leistungen!<\/h4>\n<p>Prima, dass Sie diese Seite gefunden haben. Wenn Sie eine erfahrene Fachfirma ben\u00f6tigen, sind Sie bei uns genau richtig. Sie m\u00f6chten mehr \u00fcber uns erfahren? F\u00fcr R\u00fcckfragen stehen wir Ihnen jederzeit zur Verf\u00fcgung. Unser engagiertes Team freut sich auf Sie.<\/p>","popseo_zusatztext":"<h3>Gute Qualit\u00e4t \u2013 g\u00fcnstig und preiswert<\/h3>\n<p>Bauelemente m\u00fcssen h\u00f6chsten Anforderungen gerecht werden. Gleichzeitig soll es g\u00fcnstig und preiswert sein. Das muss generell kein Gegensatz sein. <\/p>\n<p>Als Fachunternehmen f\u00fcr Sonnenschutz- und Sicherheitssysteme verwenden wir nur qualitativ hochwertige Produkte. Nichtsdestotrotz schauen wir immer auf ein angemessenes Preis-Leistungsverh\u00e4ltnis. Wir m\u00f6chten Ihnen Spitzenqualit\u00e4t anbieten, die zugleich auch g\u00fcnstig und preiswert ist. Geben Sie Ihrem Heim g\u00fcnstig und preiswert das besondere Mehr an Qualit\u00e4t. Markisen und Rolll\u00e4den oder andere Sonnenschutzl\u00f6sungen sehen nicht nur schick aus, sie leisten auch einen wichtigen Anteil zur W\u00e4rmed\u00e4mmung.  <\/p>\n<h3>G\u00fcnstig und preiswert ohne Abstriche bei der Qualit\u00e4t<\/h3>\n<p>D\u00fcrfen wir Sie beraten, wie Sie g\u00fcnstig und preiswert einen perfekten Sonnenschutz f\u00fcr Ihr Haus realisieren? Klasse, dann z\u00f6gern Sie bitte nicht und nehmen am besten gleich heute noch Kontakt mit uns auf. Ein kurzer Telefonanruf oder auch eine schnelle eMail gen\u00fcgen. Gern informieren Sie unsere perfekt ausgebildeten Mitarbeiter \u00fcber die verschiedenen M\u00f6glichkeiten, wie Sie Ihr Zuhause g\u00fcnstig und preiswert mit Rolll\u00e4den und Markisen oder anderen Sonnenschutzprodukten versehen. Wir freuen uns auf das Gespr\u00e4ch mit Ihnen. <\/p>\n<h4>G\u00fcnstig und preiswert \u2013 manchmal macht auch der Preis den Unterschied<\/h4>\n<p>Vertrauen Sie beim Thema Sonnenschutz und Sicherheit auf den Profi. Nur ein Spezialbetrieb kennt die diversen Optionen, wie Sie g\u00fcnstig und preiswert, trotzdem qualitativ h\u00f6herwertig einen tadellosen Sonnenschutz erreichen. Qualit\u00e4tsbewusst, g\u00fcnstig und preiswert: Wir empfehlen uns als spezialisiertes Unternehmen im Norden. Unsere gro\u00dfe Erfahrung zeichnet uns aus.<\/p>","popseo_links":"<a href=\"https:\/\/www.kaduk-bauelemente.de\/leistungen\/insektenschutz-seevetal-rosengarten\/\">Insektenschutz Seevetal Rosengarten<\/a>, <a href=\"https:\/\/www.kaduk-bauelemente.de\/leistungen\/rollladen-bispingen\/\">Rollladen Bispingen<\/a>, <a href=\"https:\/\/www.kaduk-bauelemente.de\/leistungen\/terrassenueberdachungen-aus-holz-buchholz\/\">Terrassen\u00fcberdachungen aus Holz Buchholz<\/a>, <a href=\"https:\/\/www.kaduk-bauelemente.de\/leistungen\/fliegengitter-schwarzenbek\/\">Fliegengitter Schwarzenbek<\/a>, <a href=\"https:\/\/www.kaduk-bauelemente.de\/leistungen\/kunststofffenster-herzogtum-lauenburg\/\">Kunststofffenster Herzogtum Lauenburg<\/a>, <a href=\"https:\/\/www.kaduk-bauelemente.de\/leistungen\/rolllaeden-reppenstedt\/\">Rolll\u00e4den Reppenstedt<\/a>, <a href=\"https:\/\/www.kaduk-bauelemente.de\/leistungen\/kunststofffenster-uelzen\/\">Kunststofffenster Uelzen<\/a>, <a href=\"https:\/\/www.kaduk-bauelemente.de\/leistungen\/rollladen-hanstedt\/\">Rollladen Hanstedt<\/a>, <a href=\"https:\/\/www.kaduk-bauelemente.de\/leistungen\/garagentore-bispingen\/\">Garagentore Bispingen<\/a>, <a href=\"https:\/\/www.kaduk-bauelemente.de\/leistungen\/insektenschutz-lueneburg\/\">Insektenschutz L\u00fcneburg<\/a>, <a href=\"https:\/\/www.kaduk-bauelemente.de\/leistungen\/kunststofffenster-jesteburg\/\">Kunststofffenster Jesteburg<\/a>, <a href=\"https:\/\/www.kaduk-bauelemente.de\/leistungen\/zaunbau-seevetal-rosengarten\/\">Zaunbau Seevetal Rosengarten<\/a>, <a href=\"https:\/\/www.kaduk-bauelemente.de\/leistungen\/fliegengitter-bienenbuettel\/\">Fliegengitter Bienenb\u00fcttel<\/a>, <a href=\"https:\/\/www.kaduk-bauelemente.de\/leistungen\/markisen-uelzen\/\">Markisen Uelzen<\/a>, <a href=\"https:\/\/www.kaduk-bauelemente.de\/leistungen\/fenster-ebstorf\/\">Fenster Ebstorf<\/a>, <a href=\"https:\/\/www.kaduk-bauelemente.de\/leistungen\/terrassendaecher-aus-holz-ebstorf\/\">Terrassend\u00e4cher aus Holz Ebstorf<\/a>, <a href=\"https:\/\/www.kaduk-bauelemente.de\/leistungen\/rolllaeden-reinbek-glinde\/\">Rolll\u00e4den Reinbek Glinde<\/a>, <a href=\"https:\/\/www.kaduk-bauelemente.de\/leistungen\/carports-reinbek-glinde\/\">Carports Reinbek Glinde<\/a>, <a href=\"https:\/\/www.kaduk-bauelemente.de\/leistungen\/fenster-harburg\/\">Fenster Harburg<\/a>, <a href=\"https:\/\/www.kaduk-bauelemente.de\/leistungen\/fliegengitter-harburg\/\">Fliegengitter Harburg<\/a>, <a href=\"https:\/\/www.kaduk-bauelemente.de\/leistungen\/insektenschutz-ebstorf\/\">Insektenschutz Ebstorf<\/a>, <a href=\"https:\/\/www.kaduk-bauelemente.de\/leistungen\/zaeune-herzogtum-lauenburg\/\">Z\u00e4une Herzogtum Lauenburg<\/a>, <a href=\"https:\/\/www.kaduk-bauelemente.de\/leistungen\/kunststofffenster-geesthacht\/\">Kunststofffenster Geesthacht<\/a>, <a href=\"https:\/\/www.kaduk-bauelemente.de\/leistungen\/terrassendaecher-aus-aluminium-adendorf\/\">Terrassend\u00e4cher aus Aluminium Adendorf<\/a>, <a href=\"https:\/\/www.kaduk-bauelemente.de\/leistungen\/aussenjalousien-herzogtum-lauenburg\/\">Au\u00dfenjalousien Herzogtum Lauenburg<\/a>, <a href=\"https:\/\/www.kaduk-bauelemente.de\/leistungen\/terrassendaecher-aus-aluminium-reppenstedt\/\">Terrassend\u00e4cher aus Aluminium Reppenstedt<\/a>"},"_links":{"self":[{"href":"https:\/\/www.kaduk-bauelemente.de\/leistungen\/wp-json\/wp\/v2\/pages\/4259","targetHints":{"allow":["GET"]}}],"collection":[{"href":"https:\/\/www.kaduk-bauelemente.de\/leistungen\/wp-json\/wp\/v2\/pages"}],"about":[{"href":"https:\/\/www.kaduk-bauelemente.de\/leistungen\/wp-json\/wp\/v2\/types\/page"}],"author":[{"embeddable":true,"href":"https:\/\/www.kaduk-bauelemente.de\/leistungen\/wp-json\/wp\/v2\/users\/1"}],"replies":[{"embeddable":true,"href":"https:\/\/www.kaduk-bauelemente.de\/leistungen\/wp-json\/wp\/v2\/comments?post=4259"}],"version-history":[{"count":0,"href":"https:\/\/www.kaduk-bauelemente.de\/leistungen\/wp-json\/wp\/v2\/pages\/4259\/revisions"}],"wp:attachment":[{"href":"https:\/\/www.kaduk-bauelemente.de\/leistungen\/wp-json\/wp\/v2\/media?parent=4259"}],"curies":[{"name":"wp","href":"https:\/\/api.w.org\/{rel}","templated":true}]}}