{"id":4256,"date":"2021-08-25T12:18:53","date_gmt":"2021-08-25T10:18:53","guid":{"rendered":"https:\/\/www.kaduk-bauelemente.de\/leistungen\/garagen-harburg\/"},"modified":"2021-08-25T12:18:53","modified_gmt":"2021-08-25T10:18:53","slug":"garagen-harburg","status":"publish","type":"page","link":"https:\/\/www.kaduk-bauelemente.de\/leistungen\/garagen-harburg\/","title":{"rendered":"Garagen &#8211; Harburg"},"content":{"rendered":"<h3>Garagen &#8211; wir beraten Sie gerne<\/h3>\n<p>Eine Garage ist ein gesch\u00fctzter Unterstand f\u00fcr Ihr Auto. Unterst\u00e4nde mit leichtg\u00e4ngigen Toren und automatisierter F\u00fchrung z\u00e4hlen inzwischen zum Standardrepertoire von Wohn- und Gesch\u00e4ftsimmobilien. Zu den am h\u00e4ufigsten nachgefragten Garagen z\u00e4hlen unzweifelhaft Modelle mit Deckenlaufsystem und Fernbedienung. In unserem Sortiment finden sich Garagen mit praktischen Sektionaltoren und auch mit Rolltoren. Nat\u00fcrlich besch\u00fctzt die Garage in erster Linie Ihr Fahrzeug vor schlechtem Wetter. Dar\u00fcber hinaus bietet Ihnen eine Garage aber auch weiteren Stauraum. Je nach individuellem Geschmack kann unter verschiedenen Produktvarianten und Materialien ausgew\u00e4hlt werden.<br \/>\nEine Garage unterstreicht also immer auch die Architektur eines Gesch\u00e4fts- und Wohnhauses. Sie sehen: Eine Garage ist ohne Frage mehr als ein simpler Abstellplatz. <\/p>\n<h3>Garagen \u2013 wir kennen uns aus!<\/h3>\n<p>Qualitativ hochwertige Garagen bieten neben der komfortablen Abstellm\u00f6glichkeit und einer attraktiven Optik nat\u00fcrlich noch deutlich mehr. Auch die Diebstahlvorsorge d\u00fcrfen Sie von hochwertigen Garagen erwarten. Produkte aus unserem Sortiment erf\u00fcllen selbst gehobene Anspr\u00fcche an die Sicherheit und begeistern \u00fcberdies durch eine sehr gute Bedienbarkeit und Verarbeitung. Mit einer zur Gestaltung der Immobilie passenden Garage f\u00fcgen Sie Ihrem Haus ein gestalterisches Highlight hinzu. W\u00e4hlen Sie einfach nach Ihren pers\u00f6nlichen Vorstellungen unter unterschiedlichen Farben und Ausf\u00fchrungen. Selbstverst\u00e4ndlich werden bei der Produktion ausschlie\u00dflich beste Materialien genutzt. Funktionalit\u00e4t und Sicherheit gehen bei unseren Garagen eine nutzbringende Verbindung ein.<\/p>\n","protected":false},"excerpt":{"rendered":"<p>Garagen &#8211; wir beraten Sie gerne Eine Garage ist ein gesch\u00fctzter Unterstand f\u00fcr Ihr Auto. Unterst\u00e4nde mit leichtg\u00e4ngigen Toren und automatisierter F\u00fchrung z\u00e4hlen inzwischen zum Standardrepertoire von Wohn- und Gesch\u00e4ftsimmobilien. Zu den am h\u00e4ufigsten nachgefragten Garagen z\u00e4hlen unzweifelhaft Modelle mit Deckenlaufsystem und Fernbedienung. In unserem Sortiment finden sich Garagen mit praktischen Sektionaltoren und auch mit [&hellip;]<\/p>\n","protected":false},"author":1,"featured_media":0,"parent":0,"menu_order":0,"comment_status":"closed","ping_status":"closed","template":"","meta":{"footnotes":""},"class_list":["post-4256","page","type-page","status-publish","hentry"],"meta_box":{"popseo_subtitel":"Kaduk Bauelemente ist Ihr Spezialist f\u00fcr Garagen in Harburg","popseo_subtitel2":"Garagen - wir f\u00fchren hochwertige Produkte","popseo_lasttitel":"Garagen: Sie haben Fragen? Dann melden Sie sich bei uns","popseo_region":"Harburg","popseo_sachwort":"Garagen","popseo_noupdate":"","popseo_einleitungstext":"<p>Wenn Sie mehr wissen m\u00f6chten, informieren wir Sie n\u00e4her \u00fcber unser Produkt- und Leistungsprogramm. Wir pr\u00e4sentieren Ihnen mit Vergn\u00fcgen auch ein paar Referenzprojekte, die Ihnen einen Einblick in unsere Unternehmenst\u00e4tigkeit geben.<br \/>\nWir sind f\u00fcr Sie da. Rufen Sie uns doch rasch einmal an oder schreiben Sie uns eine kurze E-Mail. Wir freuen uns auf Sie.<\/p>","popseo_schlusstext":"<p>Sie ben\u00f6tigen einen Profi f\u00fcr moderne Sonnenschutz- und Sicherheitsl\u00f6sungen. Dann melden Sie sich am besten noch heute bei uns. Wir freuen uns auf das Gespr\u00e4ch mit Ihnen. Wenn es um Bauelemente geht, sind wir Ihr qualifizierter Handels- und Handwerkspartner. Wir garantieren hochwertige Produkte und eine fachm\u00e4nnisch ausgef\u00fchrte Arbeit nach dem jeweils derzeitigen Stand der Technik.<\/p>","popseo_stadttext":"<h3>Wir freuen uns \u00fcber Anfragen aus Harburg<\/h2>\n<p>Durch unsere Vertriebst\u00e4tigkeit haben wir uns einen guten \u00dcberblick \u00fcber die Stadtarchitektur der Gemeinden und St\u00e4dte unseres Einzugsbereiches machen k\u00f6nnen. Nat\u00fcrlich z\u00e4hlt auch Harburg zu unserem unmittelbaren Vertriebsgebiet. Wir freuen uns darauf, mit Ihnen ins Gespr\u00e4ch zu treten. <\/p>\n<h3>Gute Gr\u00fcnde sprechen f\u00fcr den Wohnort Harburg<\/h3>\n<p>Harburg ist ein Stadtteil der Gro\u00dfstadt Hamburg. Harburg war einstmals selbst\u00e4ndig. 1927 erfolgte zun\u00e4chst der Zusammenschluss mit Wilhelmsburg zur fr\u00fcher 110.000 Einwohner z\u00e4hlenden Gro\u00dfstadt Harburg-Wilhelmsburg. Zehn Jahre danach gliederte die Stadtverwaltung letztlich dieses neu gebildete Stadtkonstrukt dem dem Land Hamburg zu. Harburg verlor damit seine Selbst\u00e4ndigkeit. Anno 1951 entstand au\u00dferdem der Verwaltungsbezirk Harburg. Harburg liegt an der S\u00fcderelbe. Der Stadtteil grenzt an Wilhelmsburg und HH-Neuland sowie an die nieders\u00e4chsischen Landkreise Harburg und Stade.  <\/p>\n<h3>Reizvolles Harburg!<\/h3>\n<p>Besonders die Vergr\u00f6\u00dferung des Binnenhafens Mitte des 19. Jahrhunderts war f\u00fcr das Wachstum von Harburg bedeutend. Die kautschuk- und \u00f6lverarbeitende Schwerindustrie sorgte in Harburg f\u00fcr best\u00e4ndiges Wachstum. Ab den 60er Jahren zog sich die Hafenindustrie fast vollst\u00e4ndig aus Harburg zur\u00fcck. Mehr und Mehr Geb\u00e4ude und Industriefl\u00e4chen lagen brach. Der Strukturwandel wirkte sich erheblich auf das Leben im Stadtteil Harburg aus. <\/p>\n<p>In den zur\u00fcckliegenden Jahrzehnten hat sich Harburg erstaunlich entwickelt und sich speziell als Wohnquartier einen Namen erworben. Die Infrastruktur von Harburg ist hervorragend: Das Zentrum hat sich zu einem Shoppingeldorado entwickelt. Allein drei gro\u00dfe Shoppingmeilen sind in Harburg zuhause. Der Stadtteil verf\u00fcgt dar\u00fcber hinaus \u00fcber zahlreiche ruhige und reizvoll gelegene Wohnviertel. Ein weiterer Pluspunkt: Mit der S-Bahn braucht man weniger als 15 Minuten bis zum Hamburger Hauptbahnhof. In den vergangenen Jahren wurden zahlreiche Neubauprojekte in Harburg gestartet. Besonders das hafennahe Areal um die Schlossinsel Harburg sowie das Gebiet um den Veritaskai wurden st\u00e4dtebaulich modernisiert. Harburg ist f\u00fcr sein Bildungsangebot beliebt. Die Technische Universit\u00e4t Hamburg-Harburg, die K\u00fchne School of Logistics und das Northern Institut of Technology haben einen ausgezeichneten Ruf. <\/p>\n<h4>Wir f\u00fcr Sie in Harburg!<\/h4>\n<p>Sie interessieren sich f\u00fcr unser Angebot und sind hier im Internet auf unsere Website gesto\u00dfen? Das freut uns sehr. Gerne pr\u00e4sentieren wir Ihnen unser komplettes Leistungsspektrum und beantworten Ihre Fragen. Auf Ihre Anfragen freuen wir uns.<\/p>","popseo_zusatztext":"<h3>Kaduk Bauelemente ist Ihr Fachbetrieb in Sachen Sicht- und Sonnenschutz<\/h3>\n<p>Vertrauen Sie bei Sicherheit und Sonnenschutz unbedingt auf die fachliche Leistung vom Fachbetrieb. Nur ein Fachbetrieb kennt die Tricks und Tipps, wie man zu einem \u00fcberzeugenden Ergebnis kommt. Um sich mit Fug und Recht als Fachbetrieb bezeichnen zu d\u00fcrfen, braucht es eine qualifizierte Ausbildung der Mitarbeiter und eine langj\u00e4hrige Fachkenntnis.  <\/p>\n<p>Unsere Unternehmung empfiehlt sich als Ihr sachkundiger Fachbetrieb f\u00fcr Sonnenschutz und Sicherheit. Setzen Sie auf Qualit\u00e4t und schenken Sie unserem Fachbetrieb Ihr Vertrauen. Wir bieten Ihnen z.B. qualitativ ausgezeichnete Markisen und Rolll\u00e4den und legen h\u00f6chsten Wert auf einen indivduellen Service. Schon seit vielen Jahren sind wir qualifizierter Fachbetrieb f\u00fcr Rolll\u00e4den, Markisen, Terrassend\u00e4cher und Au\u00dfenjalousien im Raum L\u00fcneburg. Es ist uns ein Anliegen, dass Sie lange viel Freude an Ihrem Sicht und Sonnenschutz haben. Von einem Fachbetrieb d\u00fcrfen Sie selbstverst\u00e4ndlich eine fehlerfreie Top-Leistung erwarten.<\/p>\n<h3>Sicht- und Sonnenschutz\u2013 ein Thema f\u00fcr den Fachbetrieb<\/h3>\n<p>Als Fachbetrieb darf sich eine Firma bezeichnen, deren Angestellte \u00fcber dokumentierte Qualifikationen verf\u00fcgen. Dies ist zum Beispiel eine entsprechende Ausbildung oder ein Meisterbrief. Des Weiteren zeichnet eine langj\u00e4hrige praktische Erfahrung einen Fachbetrieb aus. Bereits seit vielen Jahren konzentrieren wir uns als spezialisiertes Unternehmen auf Sicherheit und Sonnenschutz von Wohn- und Gesch\u00e4ftsh\u00e4usern. In diesen vielen Jahren haben wir uns das Attribut Fachbetrieb redlich erarbeitet. Wir benutzen nur qualitativ hochwertige Materialien. Dabei achten wir stets auf ein faires Preis-Leistungsverh\u00e4ltnis. Unser Credo als Fachbetrieb: Wir bieten Ihnen hervorragende Qualit\u00e4t zu einem konkurrenzlosem Preis.<\/p>","popseo_links":"<a href=\"https:\/\/www.kaduk-bauelemente.de\/leistungen\/insektenschutz-bispingen\/\">Insektenschutz Bispingen<\/a>, <a href=\"https:\/\/www.kaduk-bauelemente.de\/leistungen\/holzfenster-lueneburg\/\">Holzfenster L\u00fcneburg<\/a>, <a href=\"https:\/\/www.kaduk-bauelemente.de\/leistungen\/aussenjalousien-winsen-luhe\/\">Au\u00dfenjalousien Winsen Luhe<\/a>, <a href=\"https:\/\/www.kaduk-bauelemente.de\/leistungen\/fliegengitter-buechen\/\">Fliegengitter B\u00fcchen<\/a>, <a href=\"https:\/\/www.kaduk-bauelemente.de\/leistungen\/insektenschutz-buchholz\/\">Insektenschutz Buchholz<\/a>, <a href=\"https:\/\/www.kaduk-bauelemente.de\/leistungen\/tueren-buechen\/\">T\u00fcren B\u00fcchen<\/a>, <a href=\"https:\/\/www.kaduk-bauelemente.de\/leistungen\/insektenschutz-bad-bevensen\/\">Insektenschutz Bad Bevensen<\/a>, <a href=\"https:\/\/www.kaduk-bauelemente.de\/leistungen\/tueren-lueneburg\/\">T\u00fcren L\u00fcneburg<\/a>, <a href=\"https:\/\/www.kaduk-bauelemente.de\/leistungen\/fenster-ebstorf\/\">Fenster Ebstorf<\/a>, <a href=\"https:\/\/www.kaduk-bauelemente.de\/leistungen\/insektenschutz-seevetal-rosengarten\/\">Insektenschutz Seevetal Rosengarten<\/a>, <a href=\"https:\/\/www.kaduk-bauelemente.de\/leistungen\/rolltore-harburg\/\">Rolltore Harburg<\/a>, <a href=\"https:\/\/www.kaduk-bauelemente.de\/leistungen\/rolltore-maschen\/\">Rolltore Maschen<\/a>, <a href=\"https:\/\/www.kaduk-bauelemente.de\/leistungen\/terrassenueberdachungen-aus-aluminium-adendorf\/\">Terrassen\u00fcberdachungen aus Aluminium Adendorf<\/a>, <a href=\"https:\/\/www.kaduk-bauelemente.de\/leistungen\/terrassendaecher-aus-holz-tostedt-sittensen\/\">Terrassend\u00e4cher aus Holz Tostedt Sittensen<\/a>, <a href=\"https:\/\/www.kaduk-bauelemente.de\/leistungen\/holzfenster-harburg\/\">Holzfenster Harburg<\/a>, <a href=\"https:\/\/www.kaduk-bauelemente.de\/leistungen\/holzfenster-winsen-luhe\/\">Holzfenster Winsen Luhe<\/a>, <a href=\"https:\/\/www.kaduk-bauelemente.de\/leistungen\/markisen-reppenstedt\/\">Markisen Reppenstedt<\/a>, <a href=\"https:\/\/www.kaduk-bauelemente.de\/leistungen\/terrassendaecher-aus-holz-maschen\/\">Terrassend\u00e4cher aus Holz Maschen<\/a>, <a href=\"https:\/\/www.kaduk-bauelemente.de\/leistungen\/fliegengitter-harburg\/\">Fliegengitter Harburg<\/a>, <a href=\"https:\/\/www.kaduk-bauelemente.de\/leistungen\/fenster-salzhausen\/\">Fenster Salzhausen<\/a>, <a href=\"https:\/\/www.kaduk-bauelemente.de\/leistungen\/rolllaeden-adendorf\/\">Rolll\u00e4den Adendorf<\/a>, <a href=\"https:\/\/www.kaduk-bauelemente.de\/leistungen\/rolllaeden-harburg\/\">Rolll\u00e4den Harburg<\/a>, <a href=\"https:\/\/www.kaduk-bauelemente.de\/leistungen\/insektenschutz-ebstorf\/\">Insektenschutz Ebstorf<\/a>, <a href=\"https:\/\/www.kaduk-bauelemente.de\/leistungen\/fliegengitter-buchholz\/\">Fliegengitter Buchholz<\/a>, <a href=\"https:\/\/www.kaduk-bauelemente.de\/leistungen\/zaeune-reinbek-glinde\/\">Z\u00e4une Reinbek Glinde<\/a>, <a href=\"https:\/\/www.kaduk-bauelemente.de\/leistungen\/rollladen-jesteburg\/\">Rollladen Jesteburg<\/a>"},"_links":{"self":[{"href":"https:\/\/www.kaduk-bauelemente.de\/leistungen\/wp-json\/wp\/v2\/pages\/4256","targetHints":{"allow":["GET"]}}],"collection":[{"href":"https:\/\/www.kaduk-bauelemente.de\/leistungen\/wp-json\/wp\/v2\/pages"}],"about":[{"href":"https:\/\/www.kaduk-bauelemente.de\/leistungen\/wp-json\/wp\/v2\/types\/page"}],"author":[{"embeddable":true,"href":"https:\/\/www.kaduk-bauelemente.de\/leistungen\/wp-json\/wp\/v2\/users\/1"}],"replies":[{"embeddable":true,"href":"https:\/\/www.kaduk-bauelemente.de\/leistungen\/wp-json\/wp\/v2\/comments?post=4256"}],"version-history":[{"count":0,"href":"https:\/\/www.kaduk-bauelemente.de\/leistungen\/wp-json\/wp\/v2\/pages\/4256\/revisions"}],"wp:attachment":[{"href":"https:\/\/www.kaduk-bauelemente.de\/leistungen\/wp-json\/wp\/v2\/media?parent=4256"}],"curies":[{"name":"wp","href":"https:\/\/api.w.org\/{rel}","templated":true}]}}