{"id":4254,"date":"2021-08-25T12:18:53","date_gmt":"2021-08-25T10:18:53","guid":{"rendered":"https:\/\/www.kaduk-bauelemente.de\/leistungen\/garagen-geesthacht\/"},"modified":"2021-08-25T12:18:53","modified_gmt":"2021-08-25T10:18:53","slug":"garagen-geesthacht","status":"publish","type":"page","link":"https:\/\/www.kaduk-bauelemente.de\/leistungen\/garagen-geesthacht\/","title":{"rendered":"Garagen &#8211; Geesthacht"},"content":{"rendered":"<h3>Unser Kundenservice informiert Sie \u00fcber Garagen<\/h3>\n<p>Eine Garage ist ein gesch\u00fctzter Unterstand f\u00fcr Ihr Fahrzeug. Unterst\u00e4nde mit leichtl\u00e4ufigen Toren und automatisierter F\u00fchrung geh\u00f6ren heute zum festen Repertoire von Wohn- und Gesch\u00e4ftsh\u00e4usern. Zu den am h\u00e4ufigsten nachgefragten Garagen z\u00e4hlen ohne Zweifel Modelle mit Fernbedienung und Deckenlaufsystem. In unserem Produktangebot finden sich Garagen mit Rolltoren und auch mit praktischen Sektionaltoren. Nat\u00fcrlich sch\u00fctzt die Garage zuverl\u00e4ssig Ihr Fahrzeug vor Regenwetter. Dar\u00fcber hinaus bietet Ihnen eine Garage aber auch weiteren Stauraum. Je nach pers\u00f6nlichem Geschmack kann unter verschiedenartigen Ausf\u00fchrungen und Materialien gew\u00e4hlt werden.<br \/>\nEine Garage unterstreicht also immer auch den \u00e4u\u00dferen Eindruck eines Gesch\u00e4fts- und Wohnhauses. Sie sehen: Eine Garage ist fraglos mehr als eine einfache Abstellm\u00f6glichkeit. <\/p>\n<h3>Sie interessieren sich f\u00fcr Garagen? Sprechen Sie uns bitte an!<\/h3>\n<p>Hochwertige Garagen bieten neben der komfortablen Abstellm\u00f6glichkeit und einer attraktiven Optik selbstverst\u00e4ndlich noch deutlich mehr. Auch einen umfassenden Schutz vor Diebst\u00e4hlen k\u00f6nnen Sie von hochwertigen Garagen erwarten. Produkte aus unserem Produktangebot erf\u00fcllen selbst h\u00f6chste Sicherheitsanspr\u00fcche und begeistern dar\u00fcber hinaus durch eine exzellente Bedienbarkeit und Verarbeitung. Mit einer zur Architektur der Immobilie passenden Garage f\u00fcgen Sie Ihrem Haus ein gestalterisches Highlight hinzu. W\u00e4hlen Sie ganz nach Ihren pers\u00f6nlichen Vorstellungen unter unterschiedlichen Farben und Ausf\u00fchrungen. Selbstverst\u00e4ndlich werden bei der Herstellung nur hochwertigste Materialien verwendet. Funktionalit\u00e4t und Sicherheit gehen bei unseren Garagen eine gewinnbringende Verbindung ein.<\/p>\n","protected":false},"excerpt":{"rendered":"<p>Unser Kundenservice informiert Sie \u00fcber Garagen Eine Garage ist ein gesch\u00fctzter Unterstand f\u00fcr Ihr Fahrzeug. Unterst\u00e4nde mit leichtl\u00e4ufigen Toren und automatisierter F\u00fchrung geh\u00f6ren heute zum festen Repertoire von Wohn- und Gesch\u00e4ftsh\u00e4usern. Zu den am h\u00e4ufigsten nachgefragten Garagen z\u00e4hlen ohne Zweifel Modelle mit Fernbedienung und Deckenlaufsystem. In unserem Produktangebot finden sich Garagen mit Rolltoren und auch [&hellip;]<\/p>\n","protected":false},"author":1,"featured_media":0,"parent":0,"menu_order":0,"comment_status":"closed","ping_status":"closed","template":"","meta":{"footnotes":""},"class_list":["post-4254","page","type-page","status-publish","hentry"],"meta_box":{"popseo_subtitel":"Kaduk Bauelemente ist Ihr Fachunternehmen f\u00fcr Garagen in Geesthacht","popseo_subtitel2":"Garagen - Beratung durch den Fachbetrieb","popseo_lasttitel":"Garagen: Treten Sie in Kontakt mit uns!","popseo_region":"Geesthacht","popseo_sachwort":"Garagen","popseo_noupdate":"","popseo_einleitungstext":"<p>Wenn es um Sicherheit und Sonnenschutz geht, sind Sie bei der Firma Kaduk genau an der richtigen Adresse. Seit Firmengr\u00fcndung sind wir Ihre lokalen Spezialisten f\u00fcr hochwertige Bauelemente. Zu unserem Produktangebot geh\u00f6ren beispielsweise Terrassend\u00e4cher, Markisen, Rolltore, Au\u00dfenjalousien, T\u00fcren, Fenster, Carports und Rolll\u00e4den. Wir erledigen Reparatur- und Montagearbeiten und zeigen Ihnen, wie Sie Ihre Wohn- oder Gesch\u00e4ftsgeb\u00e4ude mit zeitgem\u00e4\u00dfen Bauelementen ausr\u00fcsten k\u00f6nnen. Nachfolgend haben wir erste Informationen f\u00fcr Sie zusammengetragen.<\/p>","popseo_schlusstext":"<p>Sie haben Fragen zu unserem Produkt- und Leistungskatalog? Auf Wunsch informieren wir Sie gerne n\u00e4her \u00fcber unser gesamtes T\u00e4tigkeitsspektrum. Mit Vergn\u00fcgen pr\u00e4sentieren wir Ihnen ein paar Projekte, die Ihnen einen Einblick in unsere T\u00e4tigkeit geben. Rufen Sie uns doch einfach einmal an oder schreiben Sie uns eine E-Mail. Unser freundliches Team arbeitet stets fachkundig und l\u00f6sungsorientiert. Wir freuen uns auf Ihren Anruf unter: <\/p>\n<p>04131 \u2013 40 81 45<\/p>","popseo_stadttext":"<h3>Wir arbeiten gerne f\u00fcr Kunden aus Geesthacht<\/h3>\n<p>Wir werden f\u00fcr Kunden aus Geesthacht aktiv. Durch unsere Gesch\u00e4ftst\u00e4tigkeit haben wir uns einen guten \u00dcberblick \u00fcber die Stadtarchitektur der St\u00e4dte und Gemeinden unseres Einzugsbereiches erarbeiten k\u00f6nnen. Selbstverst\u00e4ndlich geh\u00f6rt auch Ihre Region zu unserem unmittelbaren Wirkungskreis. Wir freuen uns darauf, mit Ihnen ins Gespr\u00e4ch zu kommen. <\/p>\n<h3>Lebensmittelpunkt Geesthacht<\/h3>\n<p>S\u00fcd\u00f6stlich von Hamburg, direkt am Elbufer liegt Geesthacht, die gr\u00f6\u00dfte Stadt des Landkreises Herzogtum Lauenburg in Schleswig-Holstein. Geesthacht ist Teil der Metropolregion Hamburg. Zur Hamburger Innenstadt sind es gut 30 km, bis zum n\u00e4chstgelegenen Stadtteil Hamburg-Bergedorf circa 12 Kilometer.<br \/>\nInnovationen und Fortschritt pr\u00e4gen den Ort Geesthacht. Typisch hierf\u00fcr sind der Forschungsreaktor Geesthacht, das Kernkraftwerk Kr\u00fcmmel und das Pumpspeicherwerk. Sie machen Geesthacht zu dem gr\u00f6\u00dften Nuklear- und Energiestandort in Norddeutschland. Kein Wunder, dass Geesthacht mit circa 50 Millionen Euro R\u00fccklagen den 1. Rang unter den verm\u00f6gendsten St\u00e4dten in Schleswig-Holstein belegt. Entscheidend hief\u00fcr sind jedoch die Gelder des KKW.<\/p>\n<p>Nach Geesthacht gelangt man mit dem Auto von S\u00fcden \u00fcber die Bundesstra\u00dfe 404. \u00dcber diese Bundesstra\u00dfe hat man auch Anbindung an die A25, mit der man direkt nach Hamburg kommt. Parallel zur Bundesautobahn verl\u00e4uft die Bundesstra\u00dfe B5, die geradewegs von Hamburg-Bergedorf durch die Innenstadt von Geesthacht f\u00fchrt und in Lauenburg endet.<br \/>\nAuch mit \u00f6ffentlichen Verkehrsmitteln kann man, dank der Anbindung an den Hamburger Verkehrsverbund, Geesthacht schnell erreichen. Aufgrund der geringen N\u00e4he zum Stadtgebiet von Hamburg bringt Sie der Bus bequem, innerhalb von 20 Minuten nach Hamburg.<\/p>\n<h4>Hohe Qualit\u00e4t f\u00fcr Kunden aus Geesthacht<\/h4>\n<p>Klasse, dass Sie diese Seite gefunden haben. Wenn Sie eine erfahrene Fachfirma suchen, sind Sie bei uns richtig. Sie m\u00f6chten mehr \u00fcber uns wissen? F\u00fcr R\u00fcckfragen stehen wir Ihnen jederzeit zur Verf\u00fcgung. Unser engagiertes Team freut sich auf Sie.<\/p>","popseo_zusatztext":"<h3>Kaduk Bauelemente ist Ihr Fachbetrieb in Sachen Sicht- und Sonnenschutz<\/h3>\n<p>Vertrauen Sie bei Sonnenschutz und Sicherheit unbedingt auf die sachspezifische Leistung vom Fachbetrieb. Nur ein Fachbetrieb kennt die Tipps und Tricks, wie man zu einem sehr guten Ergebnis kommt. Um sich mit Fug und Recht als Fachbetrieb bezeichnen zu d\u00fcrfen, bedarf es einer qualifizierten Ausbildung der Mitarbeiter und einer jahrelangen Fachkenntnis.  <\/p>\n<p>Unser Unternehmen empfiehlt sich als Ihr qualifizierter Fachbetrieb f\u00fcr Sonnenschutz und Sicherheit. Erreichen Sie Ihr Ziel und schenken Sie unserem Fachbetrieb Ihr Vertrauen. Wir bieten Ihnen z.B. hochqualitative Rolll\u00e4den und Markisen und legen besonders Wert auf einen ausgezeichneten Service. Schon seit vielen Jahren sind wir spezialisierter Fachbetrieb f\u00fcr Terrassend\u00e4cher, Au\u00dfenjalousien, Rolll\u00e4den im Raum L\u00fcneburg. Es ist uns ein Anliegen, dass Sie lange viel Freude an Ihrem Sicht und Sonnenschutz haben. Von einem Fachbetrieb d\u00fcrfen Sie selbstverst\u00e4ndlich eine absolute Top-Leistung erwarten.<\/p>\n<h3>Dirk Kaduk Bauelemente \u2013 Ihr Fachbetrieb f\u00fcr Sicherheit und Sonnenschutz<\/h3>\n<p>Als Fachbetrieb darf sich eine Firma bezeichnen, deren Mitarbeiter \u00fcber dokumentierte Qualifikationen verf\u00fcgen. Dies ist beispielsweise eine entsprechende Ausbildung oder ein Meisterbrief. Dar\u00fcber hinaus zeichnet eine langj\u00e4hrige praktische Erfahrung einen Fachbetrieb aus. Schon seit vielen Jahren konzentrieren wir uns als spezialisiertes Unternehmen auf Sicherheit und Sonnenschutz von Wohn- und Gesch\u00e4ftsgeb\u00e4uden. In diesen langen Jahren haben wir uns die Bezeichnung Fachbetrieb fraglos erarbeitet. Wir verwenden uneingeschr\u00e4nkt qualitativ hochwertige Artikel. Hierbei achten wir immer auf ein ausgewogenes Preis-Leistungsverh\u00e4ltnis. Unser Versprechen als Fachbetrieb: Wir bieten Ihnen beste Qualit\u00e4t zu einem konkurrenzlosem Preis.<\/p>","popseo_links":"<a href=\"https:\/\/www.kaduk-bauelemente.de\/leistungen\/insektenschutz-herzogtum-lauenburg\/\">Insektenschutz Herzogtum Lauenburg<\/a>, <a href=\"https:\/\/www.kaduk-bauelemente.de\/leistungen\/terrassenueberdachungen-aus-aluminium-bergedorf-wentorf\/\">Terrassen\u00fcberdachungen aus Aluminium Bergedorf Wentorf<\/a>, <a href=\"https:\/\/www.kaduk-bauelemente.de\/leistungen\/markisen-adendorf\/\">Markisen Adendorf<\/a>, <a href=\"https:\/\/www.kaduk-bauelemente.de\/leistungen\/terrassenueberdachungen-aus-holz-stelle\/\">Terrassen\u00fcberdachungen aus Holz Stelle<\/a>, <a href=\"https:\/\/www.kaduk-bauelemente.de\/leistungen\/zaeune-maschen\/\">Z\u00e4une Maschen<\/a>, <a href=\"https:\/\/www.kaduk-bauelemente.de\/leistungen\/rolllaeden-geesthacht\/\">Rolll\u00e4den Geesthacht<\/a>, <a href=\"https:\/\/www.kaduk-bauelemente.de\/leistungen\/terrassendaecher-aus-holz-seevetal-rosengarten\/\">Terrassend\u00e4cher aus Holz Seevetal Rosengarten<\/a>, <a href=\"https:\/\/www.kaduk-bauelemente.de\/leistungen\/rolltore-harburg\/\">Rolltore Harburg<\/a>, <a href=\"https:\/\/www.kaduk-bauelemente.de\/leistungen\/carports-reinbek-glinde\/\">Carports Reinbek Glinde<\/a>, <a href=\"https:\/\/www.kaduk-bauelemente.de\/leistungen\/zaunbau-tostedt-sittensen\/\">Zaunbau Tostedt Sittensen<\/a>, <a href=\"https:\/\/www.kaduk-bauelemente.de\/leistungen\/fliegengitter-buchholz\/\">Fliegengitter Buchholz<\/a>, <a href=\"https:\/\/www.kaduk-bauelemente.de\/leistungen\/aussenjalousien-bardowick\/\">Au\u00dfenjalousien Bardowick<\/a>, <a href=\"https:\/\/www.kaduk-bauelemente.de\/leistungen\/raffstores-lueneburg\/\">Raffstores L\u00fcneburg<\/a>, <a href=\"https:\/\/www.kaduk-bauelemente.de\/leistungen\/aussenjalousien-bispingen\/\">Au\u00dfenjalousien Bispingen<\/a>, <a href=\"https:\/\/www.kaduk-bauelemente.de\/leistungen\/insektenschutz-bad-bevensen\/\">Insektenschutz Bad Bevensen<\/a>, <a href=\"https:\/\/www.kaduk-bauelemente.de\/leistungen\/terrassenueberdachungen-aus-holz-uelzen\/\">Terrassen\u00fcberdachungen aus Holz Uelzen<\/a>, <a href=\"https:\/\/www.kaduk-bauelemente.de\/leistungen\/raffstores-stelle\/\">Raffstores Stelle<\/a>, <a href=\"https:\/\/www.kaduk-bauelemente.de\/leistungen\/haustueren-ebstorf\/\">Haust\u00fcren Ebstorf<\/a>, <a href=\"https:\/\/www.kaduk-bauelemente.de\/leistungen\/sektionaltore-boizenburg\/\">Sektionaltore Boizenburg<\/a>, <a href=\"https:\/\/www.kaduk-bauelemente.de\/leistungen\/terrassenueberdachungen-aus-holz-tostedt-sittensen\/\">Terrassen\u00fcberdachungen aus Holz Tostedt Sittensen<\/a>, <a href=\"https:\/\/www.kaduk-bauelemente.de\/leistungen\/terrassenueberdachungen-aus-aluminium-hanstedt\/\">Terrassen\u00fcberdachungen aus Aluminium Hanstedt<\/a>, <a href=\"https:\/\/www.kaduk-bauelemente.de\/leistungen\/terrassenueberdachungen-aus-holz-buchholz\/\">Terrassen\u00fcberdachungen aus Holz Buchholz<\/a>, <a href=\"https:\/\/www.kaduk-bauelemente.de\/leistungen\/aussenjalousien-bad-bevensen\/\">Au\u00dfenjalousien Bad Bevensen<\/a>, <a href=\"https:\/\/www.kaduk-bauelemente.de\/leistungen\/rolltore-boizenburg\/\">Rolltore Boizenburg<\/a>, <a href=\"https:\/\/www.kaduk-bauelemente.de\/leistungen\/sektionaltore-jesteburg\/\">Sektionaltore Jesteburg<\/a>, <a href=\"https:\/\/www.kaduk-bauelemente.de\/leistungen\/aussenjalousien-uelzen\/\">Au\u00dfenjalousien Uelzen<\/a>"},"_links":{"self":[{"href":"https:\/\/www.kaduk-bauelemente.de\/leistungen\/wp-json\/wp\/v2\/pages\/4254","targetHints":{"allow":["GET"]}}],"collection":[{"href":"https:\/\/www.kaduk-bauelemente.de\/leistungen\/wp-json\/wp\/v2\/pages"}],"about":[{"href":"https:\/\/www.kaduk-bauelemente.de\/leistungen\/wp-json\/wp\/v2\/types\/page"}],"author":[{"embeddable":true,"href":"https:\/\/www.kaduk-bauelemente.de\/leistungen\/wp-json\/wp\/v2\/users\/1"}],"replies":[{"embeddable":true,"href":"https:\/\/www.kaduk-bauelemente.de\/leistungen\/wp-json\/wp\/v2\/comments?post=4254"}],"version-history":[{"count":0,"href":"https:\/\/www.kaduk-bauelemente.de\/leistungen\/wp-json\/wp\/v2\/pages\/4254\/revisions"}],"wp:attachment":[{"href":"https:\/\/www.kaduk-bauelemente.de\/leistungen\/wp-json\/wp\/v2\/media?parent=4254"}],"curies":[{"name":"wp","href":"https:\/\/api.w.org\/{rel}","templated":true}]}}