{"id":4251,"date":"2021-08-25T12:18:53","date_gmt":"2021-08-25T10:18:53","guid":{"rendered":"https:\/\/www.kaduk-bauelemente.de\/leistungen\/garagen-buchholz\/"},"modified":"2021-08-25T12:18:53","modified_gmt":"2021-08-25T10:18:53","slug":"garagen-buchholz","status":"publish","type":"page","link":"https:\/\/www.kaduk-bauelemente.de\/leistungen\/garagen-buchholz\/","title":{"rendered":"Garagen &#8211; Buchholz"},"content":{"rendered":"<h3>Wir informieren Sie \u00fcber Garagen<\/h3>\n<p>Eine Garage ist ein sicherer Unterstand f\u00fcr Ihr Fahrzeug. Unterst\u00e4nde mit leichtl\u00e4ufigen Toren und automatischer F\u00fchrung z\u00e4hlen heutzutage zum festen Repertoire von Wohn- und Gesch\u00e4ftsimmobilien. Zu den beliebtesten Garagen z\u00e4hlen ohne Zweifel Modelle mit Fernbedienung und Deckenlaufsystem. In unserem Sortiment finden sich Garagen mit praktischen Sektionaltoren und auch mit Rolltoren. Selbstverst\u00e4ndlich sch\u00fctzt die Garage zuverl\u00e4ssig Ihr Auto vor Wetter und Wind. Dar\u00fcber hinaus bietet Ihnen eine Garage aber auch zus\u00e4tzlichen Stauraum. Je nach individuellem Geschmack kann unter verschiedenartigen Ausf\u00fchrungen und Materialien ausgew\u00e4hlt werden.<br \/>\nEine Garage unterstreicht also immer auch die Ansicht eines Hauses. Sie sehen: Eine Garage ist ohne Frage mehr als ein simpler Abstellplatz. <\/p>\n<h3>Eine hochwertige Garage ist immer eine richtige Entscheidung<\/h3>\n<p>Qualitativ hochwertige Garagen bieten neben der praktischen Abstellm\u00f6glichkeit und einer optimalen Optik selbstverst\u00e4ndlich noch etliches mehr. Auch die Diebstahlvorsorge k\u00f6nnen Sie von hochwertigen Garagen erwarten. Produkte aus unserem Sortiment erf\u00fcllen selbst gehobene Sicherheitsanspr\u00fcche und begeistern au\u00dferdem durch eine exzellente Bedienbarkeit und Verarbeitung. Mit einer zur Architektur der Immobilie passenden Garage f\u00fcgen Sie Ihrem Gesch\u00e4fts- oder Wohnhaus ein gestalterisches Highlight hinzu. W\u00e4hlen Sie ganz nach Ihren individuellen Vorstellungen unter unterschiedlichen Farben und Ausf\u00fchrungen. Selbstverst\u00e4ndlich werden bei der Produktion nur beste Materialien verwendet. Sicherheit und Funktionalit\u00e4t gehen bei unseren Garagen eine gewinnbringende Verbindung ein.<\/p>\n","protected":false},"excerpt":{"rendered":"<p>Wir informieren Sie \u00fcber Garagen Eine Garage ist ein sicherer Unterstand f\u00fcr Ihr Fahrzeug. Unterst\u00e4nde mit leichtl\u00e4ufigen Toren und automatischer F\u00fchrung z\u00e4hlen heutzutage zum festen Repertoire von Wohn- und Gesch\u00e4ftsimmobilien. Zu den beliebtesten Garagen z\u00e4hlen ohne Zweifel Modelle mit Fernbedienung und Deckenlaufsystem. In unserem Sortiment finden sich Garagen mit praktischen Sektionaltoren und auch mit Rolltoren. [&hellip;]<\/p>\n","protected":false},"author":1,"featured_media":0,"parent":0,"menu_order":0,"comment_status":"closed","ping_status":"closed","template":"","meta":{"footnotes":""},"class_list":["post-4251","page","type-page","status-publish","hentry"],"meta_box":{"popseo_subtitel":"Wir sind Ihr Fachbetrieb f\u00fcr Garagen im Raum Buchholz","popseo_subtitel2":"Garagen - unsere Fachkr\u00e4fte beraten Sie gerne","popseo_lasttitel":"Garagen: Sie haben Fragen? Dann melden Sie sich bei uns","popseo_region":"Buchholz","popseo_sachwort":"Garagen","popseo_noupdate":"","popseo_einleitungstext":"<p>Sie wollen Ihre Gesch\u00e4fts- oder Wohnimmobilie mit zeitgem\u00e4\u00dfen Bauelementen ausstatten lassen und m\u00f6chten sich \u00fcber unser Produkt- und Leistungsangebot informieren? Prima, dann sind Sie auf dieser Seite goldrichtig. Unser Produktsortiment umfasst beispielsweise Markisen, Rolltore, Terrassend\u00e4cher, T\u00fcren, Fenster, Au\u00dfenjalousien, Carports und Rolll\u00e4den. Als auf Sicherheit und Sonnenschutz spezialisiertes Unternehmen \u00fcbernehmen wir gerne auch Reparatur- und Montagearbeiten. Erfahren Sie nachfolgend mehr \u00fcber uns und unser Angebot. \u00dcber Ihr Interesse freuen wir uns sehr.<\/p>","popseo_schlusstext":"<p>Sie ben\u00f6tigen einen Experten f\u00fcr moderne Sonnenschutz- und Sicherheitsl\u00f6sungen. Dann kontaktieren Sie uns bitte schnell. Wir freuen uns auf Ihren Anruf oder Ihre E-Mail. Wenn es um Bauelemente geht, sind wir Ihr verl\u00e4sslicher Handwerks- und Handelspartner. Wir bieten Ihnen hochwertige Produkte und eine professionell durchgef\u00fchrte Arbeit nach dem stets neuesten Stand der Technik.<\/p>","popseo_stadttext":"<h3>Unser Leistungskatalog f\u00fcr Kunden aus Buchholz i.d. Nordheide<\/h3>\n<p>Buchholz z\u00e4hlt zum nieders\u00e4chsischen Landkreis Harburg und befindet sich in der Nordheide. Um Verwechslungen mit anderen St\u00e4dten zu verhindern, tr\u00e4gt die Stadt Buchholz offiziell die Namenserweiterung \"Buchholz in der Nordheide\". Durch unsere Gesch\u00e4ftst\u00e4tigkeit haben wir uns einen sehr guten \u00dcberblick \u00fcber die Stadtarchitektur der Gemeinden und St\u00e4dte unseres Einzugsbereiches erarbeiten k\u00f6nnen. Selbstverst\u00e4ndlich geh\u00f6rt auch Buchholz i.d. Nordheide zu unserem unmittelbaren Vertriebsgebiet. Wir freuen uns darauf, mit Ihnen in Kontakt zu kommen. <\/p>\n<h3>Wissenswertes \u00fcber Buchholz i.d. Nordheide<\/h3>\n<p>Buchholz ist eine g\u00fcnstig gelegene Stadt. Bis in die Gro\u00dfstadt Hamburg sind es lediglich 20 km. Entsprechend viele Pendler wohnen in Buchholz. Wer seinen Arbeitsplatz in Hamburg hat, gleichzeitig aber eine eher l\u00e4ndliche Wohnlage pr\u00e4feriert, hat es in Buchholz bestens getroffen. Der sch\u00f6ne und beschauliche Ort bietet ein wirklich attraktives Lebensumfeld. <\/p>\n<p>Alles in allem leben rund 37.000 Menschen in Buchholz. Stadt und Umkreis strecken sich \u00fcber eine Gesamtfl\u00e4che von ungef\u00e4hr 75 qkm. Buchholz gliedert sich in insgesamt sechs Stadtteile. Eine kleine Eigenheit von Buchholz: Jeder Ortsteil hat einen eigenen B\u00fcrgermeister.<\/p>\n<h3>Wir kennen uns aus in Buchholz<\/h3>\n<p>Trotz der r\u00e4umlichen N\u00e4he zur Hansestadt Hamburg, verf\u00fcgt Buchholz \u00fcber ein reges Wirtschaftsleben, welches sich \u00fcber drei Gewerbegebiete aufteilt. Gro\u00dfe Einzelhandelsunternehmen wie etwa M\u00f6bel Kraft oder Media Markt unterhalten in Buchholz Filialen. Gepr\u00e4gt wird die Wirtschaft von Buchholz sonst von mittelst\u00e4ndischen Betrieben aus den Bereichen Dienstleistung und Gro\u00dfhandel. Des Weiteren finden sich in Buchholz viele Autoh\u00e4ndler. \u00dcber die Autobahnabfahrt Dibbersen ist Buchholz an die Schnellstra\u00dfe A1 angeschlossen. Das Buchholzer Dreieck stellt dar\u00fcber hinaus eine Verbindung mit der A7 her. Ebenso erreicht man Buchholz mit dem PKW auch einfach \u00fcber die Bundesstra\u00dfe 75. Wer mit der Eisenbahn nach Buchholz reist, nutzt die Bahnstrecke Hamburg-Bremen. Der Verkehrsbetrieb Metronom f\u00e4hrt Buchholz mit der Expresslinie Hamburg-Bremen sowie \u00fcber eine Nahverkehrslinie an.  <\/p>\n<h4>Wir f\u00fcr Sie in Buchholz i.d. Nordheide!<\/h4>\n<p>Wir finden es klasse, dass Sie unsere Internetseite entdeckt haben. Privat- und Gesch\u00e4ftskunden profitieren von einem sehr guten Preis-Leistungs-Verh\u00e4ltnis. Sie m\u00f6chten mehr \u00fcber uns wissen? F\u00fcr R\u00fcckfragen stehen wir Ihnen jederzeit zur Verf\u00fcgung. Auf den Kontakt zu Ihnen freuen wir uns.<\/p>","popseo_zusatztext":"<h3>In Sachen Sicht- und Sonnenschutz sind wir Ihr qualifizierter Fachbetrieb<\/h3>\n<p>Vertrauen Sie in Sachen Sonnenschutz und Sicherheit auf alle F\u00e4lle auf die sachliche Leistung vom Fachbetrieb. Nur ein Fachbetrieb wei\u00df von den M\u00f6glichkeiten, wie man zu einem sehr guten Ergebnis kommt. Um sich mit Fug und Recht Fachbetrieb nennen zu d\u00fcrfen, braucht man eine gute Ausbildung der Mitarbeiter und eine jahrelange Erfahrung.  <\/p>\n<p>Unsere Unternehmung empfiehlt sich als Ihr fachkundiger Fachbetrieb f\u00fcr Sonnenschutz und Sicherheit. Erreichen Sie Ihr Ziel und schenken Sie unserem Fachbetrieb Ihr Vertrauen. Wir bieten Ihnen u.a. schicke Rolll\u00e4den und Markisen und legen allergr\u00f6\u00dften Wert auf einen sehr guten Service. Schon seit vielen Jahren sind wir fachkundiger Fachbetrieb f\u00fcr Au\u00dfenjalousien, Rolll\u00e4den, Markisen und Terrassend\u00e4cher im Raum L\u00fcneburg. Es ist uns wichtig, dass Sie lange Jahre viel Freude an Ihrem Sicht und Sonnenschutz haben. Von einem Fachbetrieb d\u00fcrfen Sie selbstverst\u00e4ndlich eine absolute Top-Leistung erwarten.<\/p>\n<h3>Sicht- und Sonnenschutz\u2013 ein Thema f\u00fcr den Fachbetrieb<\/h3>\n<p>Als Fachbetrieb darf sich eine Unternehmung bezeichnen, deren Mitarbeiter \u00fcber dokumentierte Qualifikationen verf\u00fcgen. Dies ist zum Beispiel eine entsprechende Berufsausbildung oder ein Meisterbrief. Auch zeichnet eine intensive praktische Erfahrung einen Fachbetrieb aus. Bereits seit vielen Jahren konzentrieren wir uns als spezialisiertes Unternehmen auf Sonnenschutz und Sicherheit von Geb\u00e4uden. In diesen langen Jahren haben wir uns die Bezeichnung Fachbetrieb ganz sicher verdient. Wir benutzen uneingeschr\u00e4nkt hochwertige Materialien. Hierbei achten wir immer auf ein sehr gutes Preis-Leistungsverh\u00e4ltnis. Unsere \u00dcberzeugung als Fachbetrieb: Wir bieten Ihnen Top-Leistung zu einem 1a- Preis.<\/p>","popseo_links":"<a href=\"https:\/\/www.kaduk-bauelemente.de\/leistungen\/fliegengitter-harburg\/\">Fliegengitter Harburg<\/a>, <a href=\"https:\/\/www.kaduk-bauelemente.de\/leistungen\/sektionaltore-bispingen\/\">Sektionaltore Bispingen<\/a>, <a href=\"https:\/\/www.kaduk-bauelemente.de\/leistungen\/terrassenueberdachungen-aus-aluminium-jesteburg\/\">Terrassen\u00fcberdachungen aus Aluminium Jesteburg<\/a>, <a href=\"https:\/\/www.kaduk-bauelemente.de\/leistungen\/carports-ebstorf\/\">Carports Ebstorf<\/a>, <a href=\"https:\/\/www.kaduk-bauelemente.de\/leistungen\/raffstores-buechen\/\">Raffstores B\u00fcchen<\/a>, <a href=\"https:\/\/www.kaduk-bauelemente.de\/leistungen\/carports-bardowick\/\">Carports Bardowick<\/a>, <a href=\"https:\/\/www.kaduk-bauelemente.de\/leistungen\/rolllaeden-ebstorf\/\">Rolll\u00e4den Ebstorf<\/a>, <a href=\"https:\/\/www.kaduk-bauelemente.de\/leistungen\/zaunbau-ebstorf\/\">Zaunbau Ebstorf<\/a>, <a href=\"https:\/\/www.kaduk-bauelemente.de\/leistungen\/fliegengitter-amelinghausen\/\">Fliegengitter Amelinghausen<\/a>, <a href=\"https:\/\/www.kaduk-bauelemente.de\/leistungen\/holzfenster-herzogtum-lauenburg\/\">Holzfenster Herzogtum Lauenburg<\/a>, <a href=\"https:\/\/www.kaduk-bauelemente.de\/leistungen\/raffstores-amt-neuhaus\/\">Raffstores Amt Neuhaus<\/a>, <a href=\"https:\/\/www.kaduk-bauelemente.de\/leistungen\/terrassendaecher-aus-aluminium-winsen-luhe\/\">Terrassend\u00e4cher aus Aluminium Winsen Luhe<\/a>, <a href=\"https:\/\/www.kaduk-bauelemente.de\/leistungen\/rollladen-boizenburg\/\">Rollladen Boizenburg<\/a>, <a href=\"https:\/\/www.kaduk-bauelemente.de\/leistungen\/zaeune-reppenstedt\/\">Z\u00e4une Reppenstedt<\/a>, <a href=\"https:\/\/www.kaduk-bauelemente.de\/leistungen\/rolltore-uelzen\/\">Rolltore Uelzen<\/a>, <a href=\"https:\/\/www.kaduk-bauelemente.de\/leistungen\/rolltore-amt-neuhaus\/\">Rolltore Amt Neuhaus<\/a>, <a href=\"https:\/\/www.kaduk-bauelemente.de\/leistungen\/holzfenster-seevetal-rosengarten\/\">Holzfenster Seevetal Rosengarten<\/a>, <a href=\"https:\/\/www.kaduk-bauelemente.de\/leistungen\/garagentore-winsen-luhe\/\">Garagentore Winsen Luhe<\/a>, <a href=\"https:\/\/www.kaduk-bauelemente.de\/leistungen\/terrassendaecher-aus-holz-hanstedt\/\">Terrassend\u00e4cher aus Holz Hanstedt<\/a>, <a href=\"https:\/\/www.kaduk-bauelemente.de\/leistungen\/zaeune-herzogtum-lauenburg\/\">Z\u00e4une Herzogtum Lauenburg<\/a>, <a href=\"https:\/\/www.kaduk-bauelemente.de\/leistungen\/tueren-maschen\/\">T\u00fcren Maschen<\/a>, <a href=\"https:\/\/www.kaduk-bauelemente.de\/leistungen\/terrassenueberdachungen-aus-aluminium-bienenbuettel\/\">Terrassen\u00fcberdachungen aus Aluminium Bienenb\u00fcttel<\/a>, <a href=\"https:\/\/www.kaduk-bauelemente.de\/leistungen\/tueren-winsen-luhe\/\">T\u00fcren Winsen Luhe<\/a>, <a href=\"https:\/\/www.kaduk-bauelemente.de\/leistungen\/rollladen-amelinghausen\/\">Rollladen Amelinghausen<\/a>, <a href=\"https:\/\/www.kaduk-bauelemente.de\/leistungen\/kunststofffenster-lueneburg\/\">Kunststofffenster L\u00fcneburg<\/a>, <a href=\"https:\/\/www.kaduk-bauelemente.de\/leistungen\/terrassenueberdachungen-aus-holz-amelinghausen\/\">Terrassen\u00fcberdachungen aus Holz Amelinghausen<\/a>"},"_links":{"self":[{"href":"https:\/\/www.kaduk-bauelemente.de\/leistungen\/wp-json\/wp\/v2\/pages\/4251","targetHints":{"allow":["GET"]}}],"collection":[{"href":"https:\/\/www.kaduk-bauelemente.de\/leistungen\/wp-json\/wp\/v2\/pages"}],"about":[{"href":"https:\/\/www.kaduk-bauelemente.de\/leistungen\/wp-json\/wp\/v2\/types\/page"}],"author":[{"embeddable":true,"href":"https:\/\/www.kaduk-bauelemente.de\/leistungen\/wp-json\/wp\/v2\/users\/1"}],"replies":[{"embeddable":true,"href":"https:\/\/www.kaduk-bauelemente.de\/leistungen\/wp-json\/wp\/v2\/comments?post=4251"}],"version-history":[{"count":0,"href":"https:\/\/www.kaduk-bauelemente.de\/leistungen\/wp-json\/wp\/v2\/pages\/4251\/revisions"}],"wp:attachment":[{"href":"https:\/\/www.kaduk-bauelemente.de\/leistungen\/wp-json\/wp\/v2\/media?parent=4251"}],"curies":[{"name":"wp","href":"https:\/\/api.w.org\/{rel}","templated":true}]}}