{"id":4250,"date":"2021-08-25T12:18:53","date_gmt":"2021-08-25T10:18:53","guid":{"rendered":"https:\/\/www.kaduk-bauelemente.de\/leistungen\/garagen-boizenburg\/"},"modified":"2021-08-25T12:18:53","modified_gmt":"2021-08-25T10:18:53","slug":"garagen-boizenburg","status":"publish","type":"page","link":"https:\/\/www.kaduk-bauelemente.de\/leistungen\/garagen-boizenburg\/","title":{"rendered":"Garagen &#8211; Boizenburg"},"content":{"rendered":"<h3>Wir beantworten Ihre Fragen zu Garagen<\/h3>\n<p>Eine Garage ist ein gesch\u00fctzter Unterstand f\u00fcr Ihr Fahrzeug. Unterst\u00e4nde mit leichtg\u00e4ngigen Toren und automatisierter F\u00fchrung z\u00e4hlen inzwischen zum festen Repertoire von Wohn- und Gesch\u00e4ftsh\u00e4usern. Zu den meistnachgefragtesten Garagen geh\u00f6ren ohne Zweifel Modelle mit Fernbedienung und Deckenlaufsystem. In unserem Produktangebot finden sich Garagen mit praktischen Sektionaltoren und auch mit Rolltoren. Nat\u00fcrlich sch\u00fctzt die Garage vorrangig Ihr Auto vor Wetter und Wind. Dar\u00fcber hinaus bietet Ihnen eine Garage aber auch zus\u00e4tzlichen Stauraum. Je nach individuellem Geschmack kann unter verschiedenartigen Produktvarianten und Materialien gew\u00e4hlt werden.<br \/>\nEine Garage unterstreicht also immer auch das Erscheinungsbild eines Wohn- oder Gesch\u00e4ftsgeb\u00e4udes. Sie sehen: Eine Garage ist durchaus mehr als eine einfache Abstellm\u00f6glichkeit. <\/p>\n<h3>Garagen \u2013 wir kennen uns aus!<\/h3>\n<p>Qualitativ hochwertige Garagen bieten neben der komfortablen Abstellm\u00f6glichkeit und einer optimalen Optik nat\u00fcrlich noch etliches mehr. Auch einen guten Diebstahlschutz k\u00f6nnen Sie von hochwertigen Garagen erwarten. Produkte aus unserem Produktangebot erf\u00fcllen auch h\u00f6chste Anspr\u00fcche an die Sicherheit und \u00fcberzeugen \u00fcberdies durch eine sehr gute Verarbeitung und Bedienbarkeit. Mit einer zur Gestaltung der Immobilie passenden Garage f\u00fcgen Sie Ihrem Gesch\u00e4fts- oder Wohnhaus ein gestalterisches Highlight hinzu. W\u00e4hlen Sie ganz nach Ihren individuellen Vorstellungen unter unterschiedlichen Farben und Ausf\u00fchrungen. Nat\u00fcrlich werden bei der Herstellung nur beste Materialien verarbeitet. Sicherheit und Funktionalit\u00e4t gehen bei unseren Garagen eine gewinnbringende Verbindung ein.<\/p>\n","protected":false},"excerpt":{"rendered":"<p>Wir beantworten Ihre Fragen zu Garagen Eine Garage ist ein gesch\u00fctzter Unterstand f\u00fcr Ihr Fahrzeug. Unterst\u00e4nde mit leichtg\u00e4ngigen Toren und automatisierter F\u00fchrung z\u00e4hlen inzwischen zum festen Repertoire von Wohn- und Gesch\u00e4ftsh\u00e4usern. Zu den meistnachgefragtesten Garagen geh\u00f6ren ohne Zweifel Modelle mit Fernbedienung und Deckenlaufsystem. In unserem Produktangebot finden sich Garagen mit praktischen Sektionaltoren und auch mit [&hellip;]<\/p>\n","protected":false},"author":1,"featured_media":0,"parent":0,"menu_order":0,"comment_status":"closed","ping_status":"closed","template":"","meta":{"footnotes":""},"class_list":["post-4250","page","type-page","status-publish","hentry"],"meta_box":{"popseo_subtitel":"Kaduk Bauelemente ist Ihr erfahrener Fachbetrieb f\u00fcr Garagen in Boizenburg","popseo_subtitel2":"Garagen - Beratung durch den Fachbetrieb","popseo_lasttitel":"Garagen: Wir beantworten Ihre Fragen!","popseo_region":"Boizenburg","popseo_sachwort":"Garagen","popseo_noupdate":"","popseo_einleitungstext":"<p>Gerne informieren wir Sie n\u00e4her \u00fcber unser Produkt- und Leistungsprogramm. Wir zeigen Ihnen mit Vergn\u00fcgen auch ein paar Referenzen, die Ihnen einen Einblick in unsere Unternehmenst\u00e4tigkeit geben.<br \/>\nSchenken Sie uns Ihr Vertrauen. Rufen Sie uns doch einfach einmal an oder schreiben Sie uns eine kurze E-Mail. Wir freuen uns auf Ihre Kontaktaufnahme.<\/p>","popseo_schlusstext":"<p>Sie suchen einen Fachpartner f\u00fcr moderne Sonnenschutz- und Sicherheitsl\u00f6sungen. Dann rufen Sie uns bitte rasch an. Wir freuen uns auf das Gespr\u00e4ch mit Ihnen. Wenn es um Bauelemente geht, sind wir Ihr verl\u00e4sslicher Handels- und Handwerkspartner. Wir stehen f\u00fcr hochwertige Produkte und eine fachkundig durchgef\u00fchrte Arbeit nach dem jeweils derzeitigen Stand der Technik.<\/p>","popseo_stadttext":"<h3>Anfragen erhalten wir auch aus Boizenburg<\/h3>\n<p>Unser Einzugsgebiet umfasst auch Boizenburg. Durch unsere T\u00e4tigkeit haben wir uns einen ausgezeichneten \u00dcberblick \u00fcber die Stadtarchitektur der Gemeinden und St\u00e4dte unseres Vertriebsgebietes machen k\u00f6nnen. Wir f\u00fchlen uns der Region verpflichtet und sind stolz darauf, auch unseren Anteil zur gesunden Infrastruktur der Stadt Boizenburg beisteuern zu d\u00fcrfen.  <\/p>\n<h3>Interessante Fakten zu Boizenburg<\/h3>\n<p>Die Stadt Boizenburg befindet sich im Kreis Ludwigslust-Parchim im Bundesland Mecklenburg-Vorpommern. In Boizenburg leben rund 10.000 Einwohner auf einer Fl\u00e4che von 47 Quadratkilometer. Der Name Boizenburg leitet sich ab vom Fluss Boitze. Dieser flie\u00dft unmittelbar durch das Stadtgebiet. Allgemein bekannter d\u00fcrfte jedoch sein, dass Boizenburg an der Elbe liegt. Boizenburg gliedert sich in insgesamt f\u00fcnf Stadtteile. Dies sind Bahlenburg, Gehrum, Bahlen, Gothmann und Heide. <\/p>\n<p>Boizenburg ist eine vergleichsweise alte Ortschaft. Erstmalig erw\u00e4hnt wurde die Ortschaft schon anno 1171. W\u00e4hrend der der Zeit der deutschen Teilung war Boizenburg ziemlich abgeschieden. Die einstmalige Deutsch-Deutsche-Grenze verlief direkt entlang des Stadtareals von Boizenburg. Zu dieser Zeit war Boizenburg Sperrgebiet. B\u00fcrger und Besucher der Stadt brauchten seinerzeit einen extra Durchgangsschein. Eine Schm\u00e4lerung der pers\u00f6nlichen Freiheit, die in unserer Zeit zum Gl\u00fcck kaum noch vorstellbar ist. <\/p>\n<h3>Boizenburg hat Charme!<\/h3>\n<p>Nach der Wiedervereinigung der zwei deutschen Staaten bl\u00fchte Boizenburg massiv auf. Der alte Stadtkern wurde modernisiert. Auch der kleine Elbhafen wurde vollst\u00e4ndig umgebaut. Aktuell ist Boizenburg eine wunderbar gelegene Kleinstadt, die ihren B\u00fcrgern ein sehr gutes Umfeld bietet. Der innerst\u00e4dtische Bereich von Boizenburg wird von einer mittelalterlichen Wallanlage dominiert. Zahllose Fachwerkbauten runden das Stadtbild ab. Besonders ins Auge fallend ist auch das Rathaus Boizenburg - das liebreizende Fachwerkhaus wurde 1711 errichtet. Au\u00dferdem pr\u00e4gt speziell die St. Marien Kirche die Anmutung der mecklenburgischen Stadt.<\/p>\n<p>Das Wirtschaftsleben von Boizenburg ist gepr\u00e4gt von mittelst\u00e4ndischen Unternehmen. Etwa 50 Hektar Gewerbegrund steht in Boizenburg zur Verf\u00fcgung. Eine weitere Ausdehnung ist geplant. F\u00fcr junge Familien ist Boizenburg als Lebensmittelpunkt von Interesse. Das Kultur- und Sportangebot \u00fcberzeugt durch seine Vielfalt. Schulische Einrichtungen aller Art und Kitas sind in ausreichender Zahl vorhanden.  <\/p>\n<h4>Privat- und Gesch\u00e4ftskunden aus Boizenburg sch\u00e4tzen unsere Leistungen!<\/h4>\n<p>Toll, dass Sie diese Seite gefunden haben. Wenn Sie ein Fachunternehmen suchen, sind Sie bei uns richtig. Sie m\u00f6chten mehr \u00fcber uns wissen? F\u00fcr R\u00fcckfragen stehen wir Ihnen jederzeit zur Verf\u00fcgung. Unser freundliches Team freut sich auf Sie.<\/p>","popseo_zusatztext":"<h3>Qualit\u00e4t kann auch g\u00fcnstig und preiswert sein<\/h3>\n<p>Bauelemente m\u00fcssen gehobenen Anforderungen gerecht werden. Gleichwohl darf es g\u00fcnstig und preiswert sein. Das muss durchaus kein Widerspruch sein. <\/p>\n<p>Als Fachbetrieb f\u00fcr Sonnenschutz- und Sicherheitssysteme verwenden wir nur ausgezeichnete Erzeugnisse. Gleichwohl schauen wir stets auf ein gutes Preis-Leistungsverh\u00e4ltnis. Wir m\u00f6chten Ihnen Qualit\u00e4t anbieten, die gleichzeitig auch g\u00fcnstig und preiswert ist. Geben Sie Ihrem Haus g\u00fcnstig und preiswert das besondere Mehr an Qualit\u00e4t. Markisen und Rolll\u00e4den oder andere Sonnenschutzl\u00f6sungen sehen nicht nur schmuck aus, sie leisten auch einen bedeutsamen Anteil zur W\u00e4rmed\u00e4mmung.  <\/p>\n<h3>G\u00fcnstig und preiswert \u2013 unsere Leistung \u00fcberzeugt<\/h3>\n<p>D\u00fcrfen wir Sie informieren, wie Sie g\u00fcnstig und preiswert einen perfekten Sonnenschutz f\u00fcr Ihr Heim umsetzen? Toll, dann warten Sie bitte nicht und nehmen am besten sofort heute noch Kontakt mit uns auf. Ein kurzer Anruf oder eine schnelle Email gen\u00fcgen. Sehr gerne informieren Sie unsere gut ausgebildeten Profis \u00fcber die unterschiedlichen Optionen, wie Sie Ihr Heim g\u00fcnstig und preiswert mit Rolll\u00e4den und Markisen oder anderen Sonnenschutzprodukten ausstatten. Wir freuen uns auf den Austausch mit Ihnen. <\/p>\n<h4>Hochwertige Arbeit g\u00fcnstig und preiswert<\/h4>\n<p>Z\u00e4hlen Sie beim Thema Sonnenschutz und Sicherheit auf den Fachmann. Nur ein Spezialbetrieb kennt die verschiedenen M\u00f6glichkeiten, wie Sie g\u00fcnstig und preiswert, zugleich qualitativ hochwertig einen tadellosen Sonnenschutz verwirklichen. Qualit\u00e4tsbewusst, g\u00fcnstig und preiswert: Wir empfehlen uns als spezialisiertes Fachunternehmen im norddeutschen Raum. Unsere gro\u00dfe Erfahrung spricht f\u00fcr uns.<\/p>","popseo_links":"<a href=\"https:\/\/www.kaduk-bauelemente.de\/leistungen\/kunststofffenster-amelinghausen\/\">Kunststofffenster Amelinghausen<\/a>, <a href=\"https:\/\/www.kaduk-bauelemente.de\/leistungen\/rolllaeden-herzogtum-lauenburg\/\">Rolll\u00e4den Herzogtum Lauenburg<\/a>, <a href=\"https:\/\/www.kaduk-bauelemente.de\/leistungen\/carports-jesteburg\/\">Carports Jesteburg<\/a>, <a href=\"https:\/\/www.kaduk-bauelemente.de\/leistungen\/terrassenueberdachungen-aus-aluminium-reppenstedt\/\">Terrassen\u00fcberdachungen aus Aluminium Reppenstedt<\/a>, <a href=\"https:\/\/www.kaduk-bauelemente.de\/leistungen\/raffstores-adendorf\/\">Raffstores Adendorf<\/a>, <a href=\"https:\/\/www.kaduk-bauelemente.de\/leistungen\/rolllaeden-hanstedt\/\">Rolll\u00e4den Hanstedt<\/a>, <a href=\"https:\/\/www.kaduk-bauelemente.de\/leistungen\/sektionaltore-herzogtum-lauenburg\/\">Sektionaltore Herzogtum Lauenburg<\/a>, <a href=\"https:\/\/www.kaduk-bauelemente.de\/leistungen\/kunststofffenster-seevetal-rosengarten\/\">Kunststofffenster Seevetal Rosengarten<\/a>, <a href=\"https:\/\/www.kaduk-bauelemente.de\/leistungen\/garagentore-adendorf\/\">Garagentore Adendorf<\/a>, <a href=\"https:\/\/www.kaduk-bauelemente.de\/leistungen\/haustueren-uelzen\/\">Haust\u00fcren Uelzen<\/a>, <a href=\"https:\/\/www.kaduk-bauelemente.de\/leistungen\/fliegengitter-reinbek-glinde\/\">Fliegengitter Reinbek Glinde<\/a>, <a href=\"https:\/\/www.kaduk-bauelemente.de\/leistungen\/rolllaeden-reppenstedt\/\">Rolll\u00e4den Reppenstedt<\/a>, <a href=\"https:\/\/www.kaduk-bauelemente.de\/leistungen\/carports-harburg\/\">Carports Harburg<\/a>, <a href=\"https:\/\/www.kaduk-bauelemente.de\/leistungen\/terrassendaecher-aus-holz-harburg\/\">Terrassend\u00e4cher aus Holz Harburg<\/a>, <a href=\"https:\/\/www.kaduk-bauelemente.de\/leistungen\/holzfenster-schwarzenbek\/\">Holzfenster Schwarzenbek<\/a>, <a href=\"https:\/\/www.kaduk-bauelemente.de\/leistungen\/terrassendaecher-aus-holz-buechen\/\">Terrassend\u00e4cher aus Holz B\u00fcchen<\/a>, <a href=\"https:\/\/www.kaduk-bauelemente.de\/leistungen\/terrassendaecher-aus-aluminium-reinbek-glinde\/\">Terrassend\u00e4cher aus Aluminium Reinbek Glinde<\/a>, <a href=\"https:\/\/www.kaduk-bauelemente.de\/leistungen\/haustueren-ebstorf\/\">Haust\u00fcren Ebstorf<\/a>, <a href=\"https:\/\/www.kaduk-bauelemente.de\/leistungen\/holzfenster-bispingen\/\">Holzfenster Bispingen<\/a>, <a href=\"https:\/\/www.kaduk-bauelemente.de\/leistungen\/zaeune-winsen-luhe\/\">Z\u00e4une Winsen Luhe<\/a>, <a href=\"https:\/\/www.kaduk-bauelemente.de\/leistungen\/garagentore-winsen-luhe\/\">Garagentore Winsen Luhe<\/a>, <a href=\"https:\/\/www.kaduk-bauelemente.de\/leistungen\/terrassenueberdachungen-aus-holz-lueneburg\/\">Terrassen\u00fcberdachungen aus Holz L\u00fcneburg<\/a>, <a href=\"https:\/\/www.kaduk-bauelemente.de\/leistungen\/rolltore-seevetal-rosengarten\/\">Rolltore Seevetal Rosengarten<\/a>, <a href=\"https:\/\/www.kaduk-bauelemente.de\/leistungen\/raffstores-amt-neuhaus\/\">Raffstores Amt Neuhaus<\/a>, <a href=\"https:\/\/www.kaduk-bauelemente.de\/leistungen\/zaunbau-boizenburg\/\">Zaunbau Boizenburg<\/a>, <a href=\"https:\/\/www.kaduk-bauelemente.de\/leistungen\/fenster-maschen\/\">Fenster Maschen<\/a>"},"_links":{"self":[{"href":"https:\/\/www.kaduk-bauelemente.de\/leistungen\/wp-json\/wp\/v2\/pages\/4250","targetHints":{"allow":["GET"]}}],"collection":[{"href":"https:\/\/www.kaduk-bauelemente.de\/leistungen\/wp-json\/wp\/v2\/pages"}],"about":[{"href":"https:\/\/www.kaduk-bauelemente.de\/leistungen\/wp-json\/wp\/v2\/types\/page"}],"author":[{"embeddable":true,"href":"https:\/\/www.kaduk-bauelemente.de\/leistungen\/wp-json\/wp\/v2\/users\/1"}],"replies":[{"embeddable":true,"href":"https:\/\/www.kaduk-bauelemente.de\/leistungen\/wp-json\/wp\/v2\/comments?post=4250"}],"version-history":[{"count":0,"href":"https:\/\/www.kaduk-bauelemente.de\/leistungen\/wp-json\/wp\/v2\/pages\/4250\/revisions"}],"wp:attachment":[{"href":"https:\/\/www.kaduk-bauelemente.de\/leistungen\/wp-json\/wp\/v2\/media?parent=4250"}],"curies":[{"name":"wp","href":"https:\/\/api.w.org\/{rel}","templated":true}]}}