{"id":4243,"date":"2021-08-25T12:18:53","date_gmt":"2021-08-25T10:18:53","guid":{"rendered":"https:\/\/www.kaduk-bauelemente.de\/leistungen\/garagen-amelinghausen\/"},"modified":"2021-08-25T12:18:53","modified_gmt":"2021-08-25T10:18:53","slug":"garagen-amelinghausen","status":"publish","type":"page","link":"https:\/\/www.kaduk-bauelemente.de\/leistungen\/garagen-amelinghausen\/","title":{"rendered":"Garagen &#8211; Amelinghausen"},"content":{"rendered":"<h3>Wir informieren Sie \u00fcber Garagen<\/h3>\n<p>Eine Garage ist ein gesch\u00fctzter Unterstand f\u00fcr Ihr Fahrzeug. Unterst\u00e4nde mit leichtg\u00e4ngigen Toren und automatisierter F\u00fchrung z\u00e4hlen heutzutage zum Standardrepertoire von Wohn- und Gesch\u00e4ftsimmobilien. Zu den beliebtesten Garagen z\u00e4hlen unzweifelhaft Modelle mit Fernbedienung und Deckenlaufsystem. In unserem Angebot finden sich Garagen mit praktischen Sektionaltoren und auch mit Rolltoren. Selbstverst\u00e4ndlich sch\u00fctzt die Garage in erster Linie Ihr Fahrzeug vor Wetter und Wind. Dar\u00fcber hinaus bietet Ihnen eine Garage aber auch zus\u00e4tzlichen Stauraum. Je nach individuellem Geschmack kann unter mehreren Produktvarianten und Materialien entschieden werden.<br \/>\nEine Garage unterstreicht also immer auch die Ansicht eines Wohn- oder Gesch\u00e4ftsgeb\u00e4udes. Sie sehen: Eine Garage ist ohne Frage mehr als eine einfache Abstellm\u00f6glichkeit. <\/p>\n<h3>Unsere Garagen sind praktisch und auch optisch ansprechend<\/h3>\n<p>Qualitativ hochwertige Garagen bieten neben der komfortablen Abstellm\u00f6glichkeit und einer optimalen Optik selbstverst\u00e4ndlich noch deutlich mehr. Auch einen umfassenden Schutz vor Diebst\u00e4hlen k\u00f6nnen Sie von hochwertigen Garagen erwarten. Produkte aus unserem Angebot erf\u00fcllen selbst gehobene Anspr\u00fcche an die Sicherheit und begeistern \u00fcberdies durch eine exzellente Bedienbarkeit und Verarbeitung. Mit einer zur Architektur der Immobilie passenden Garage f\u00fcgen Sie Ihrem Haus ein gestalterisches Highlight hinzu. W\u00e4hlen Sie einfach nach Ihren individuellen Vorstellungen unter unterschiedlichen Farben und Ausf\u00fchrungen. Nat\u00fcrlich werden bei der Herstellung ausschlie\u00dflich hochwertigste Materialien verwendet. Sicherheit und Funktionalit\u00e4t gehen bei unseren Garagen eine gewinnbringende Verbindung ein.<\/p>\n","protected":false},"excerpt":{"rendered":"<p>Wir informieren Sie \u00fcber Garagen Eine Garage ist ein gesch\u00fctzter Unterstand f\u00fcr Ihr Fahrzeug. Unterst\u00e4nde mit leichtg\u00e4ngigen Toren und automatisierter F\u00fchrung z\u00e4hlen heutzutage zum Standardrepertoire von Wohn- und Gesch\u00e4ftsimmobilien. Zu den beliebtesten Garagen z\u00e4hlen unzweifelhaft Modelle mit Fernbedienung und Deckenlaufsystem. In unserem Angebot finden sich Garagen mit praktischen Sektionaltoren und auch mit Rolltoren. Selbstverst\u00e4ndlich sch\u00fctzt [&hellip;]<\/p>\n","protected":false},"author":1,"featured_media":0,"parent":0,"menu_order":0,"comment_status":"closed","ping_status":"closed","template":"","meta":{"footnotes":""},"class_list":["post-4243","page","type-page","status-publish","hentry"],"meta_box":{"popseo_subtitel":"Wir sind Ihr Fachanbieter f\u00fcr Garagen im Raum Amelinghausen","popseo_subtitel2":"Garagen - unsere Fachkr\u00e4fte beraten Sie gerne","popseo_lasttitel":"Garagen: F\u00fcr weitere Informationen sprechen Sie uns bitte an","popseo_region":"Amelinghausen","popseo_sachwort":"Garagen","popseo_noupdate":"","popseo_einleitungstext":"<p>Wenn es um Sonnenschutz und Sicherheit geht, sind Sie bei der Firma Kaduk genau an der richtigen Adresse. Seit Unternehmensgr\u00fcndung sind wir Ihre lokalen Experten f\u00fcr qualitativ hochwertige Bauelemente. Zu unserem Produktsortiment geh\u00f6ren zum Beispiel Terrassend\u00e4cher, Markisen, Rolltore, Au\u00dfenjalousien, Fenster, T\u00fcren, Rolll\u00e4den und Carports. Unsere Fachleute \u00fcbernehmen Reparatur- und Montagearbeiten und zeigen Ihnen, wie Sie Ihre Immobilie mit modernen Bauelementen ausr\u00fcsten k\u00f6nnen. Auf diesen Seiten haben wir einige erste Informationen f\u00fcr Sie notiert.<\/p>","popseo_schlusstext":"<p>Gerne informieren wir Sie n\u00e4her \u00fcber unsere Produkte und unser Aufgabengebiet. Wir pr\u00e4sentieren Ihnen mit Vergn\u00fcgen auch einige Projekte, die Ihnen einen Einblick in unsere Firment\u00e4tigkeit geben.<br \/>\nSetzen Sie auf die Expertise eines erfahrenen Fachbetriebes. Rufen Sie uns doch einfach einmal an oder schicken Sie uns eine kurze E-Mail. Wir freuen uns auf Ihre Kontaktaufnahme.<\/p>","popseo_stadttext":"<h3>Unser Produktsortiment f\u00fcr Kunden aus Amelinghausen<\/h3>\n<p>Durch unsere Gesch\u00e4ftst\u00e4tigkeit haben wir uns einen ausgezeichneten \u00dcberblick \u00fcber die Stadtarchitektur der Gemeinden und St\u00e4dte unseres Vertriebsgebietes machen k\u00f6nnen. Unser Einzugsgebiet umfasst nat\u00fcrlich auch Amelinghausen. Wir f\u00fchlen uns der Region verpflichtet und freuen uns dar\u00fcber auch unseren Teil zur gesunden Infrastruktur der Gemeinde beizusteuern zu d\u00fcrfen.  <\/p>\n<p><h3>Einige interessante Informationen \u00fcber Amelinghausen<\/h3><br \/>\nAmelinghausen liegt in der L\u00fcneburger Heide. Etwas \u00fcber 4.000 Menschen leben in Amelinghausen auf einer Gesamtfl\u00e4che von gut 16 Quadratkilometern. Erreichbar ist der Ort mit dem Auto \u00fcber die B209. Die Umgebung ist ideal f\u00fcr Ausfl\u00fcge ins Gr\u00fcne. Die Baustruktur in der Region ist \u00fcberwiegend dominiert von einer h\u00fcbschen Einzelhausbebauung. Gerade junge Familien profitieren von dem ruhigen Leben in Amelinghausen. Die r\u00e4umliche N\u00e4he zur Stadt L\u00fcneburg mit hervorragenden Verkehrsanbindungen und Freizeitangeboten machen die Gemeinde Amelinghausen so attraktiv.<br \/>\nDie Gemeinde ist Verwaltungssitz der Samtgemeinde Amelinghausen, einer Vereinigung von f\u00fcnf kleineren Orten. Dies sind neben Amelinghausen selbst die Gemeinden Oldendorf (Luhe), Betzendorf, Rehlingen und Soderstorf. Die Samtgemeinde z\u00e4hlt in Summe etwa 8.000 Einwohner und streckt sich \u00fcber ein Areal von zirka 194 km\u00b2.<\/p>\n<h4>Privat- und Gesch\u00e4ftskunden aus Amelinghausen sch\u00e4tzen unsere Leistungen!<\/h4>\n<p>Sie leben in Amelinghausen, Oldendorf (Luhe), Betzendorf, Rehlingen oder Soderstorf und interessieren sich f\u00fcr unser Angebot. Klasse, dass Sie uns hier auf dieser Website entdeckt haben. F\u00fcr R\u00fcckfragen sind wir jederzeit f\u00fcr Sie da. Auf den Kontakt zu Ihnen freuen wir uns.<\/p>","popseo_zusatztext":"<h3>Gute Qualit\u00e4t \u2013 g\u00fcnstig und preiswert<\/h3>\n<p>Bauelemente m\u00fcssen hohen Anspr\u00fcchen standhalten. Nichtsdestrotrotz soll es g\u00fcnstig und preiswert sein. Das muss generell kein Gegensatz sein. <\/p>\n<p>Als Fachunternehmen f\u00fcr Sonnenschutz- und Sicherheitssysteme verwenden wir ausschlie\u00dflich hochwertige Produkte. Nichtsdestotrotz achten wir stets auf ein angemessenes Preis-Leistungsverh\u00e4ltnis. Wir m\u00f6chten Ihnen Qualit\u00e4t anbieten, die trotzdem auch g\u00fcnstig und preiswert ist. Verleihen Sie Ihrem Zuhause g\u00fcnstig und preiswert das besondere Mehr an Qualit\u00e4t. Markisen und Rolll\u00e4den oder andere Sonnenschutzl\u00f6sungen sehen nicht nur toll aus, sie leisten auch einen bedeutsamen Anteil zur W\u00e4rmed\u00e4mmung.  <\/p>\n<h3>G\u00fcnstig und preiswert \u2013 es muss wirklich nicht immer teuer sein<\/h3>\n<p>D\u00fcrfen wir Sie informieren, wie Sie g\u00fcnstig und preiswert einen optimalen Sonnenschutz f\u00fcr Ihr Haus umsetzen? Prima, dann z\u00f6gern Sie bitte nicht und nehmen am besten gleich heute noch Kontakt mit uns auf. Ein kurzer Anruf oder auch eine kurze E-Mail gen\u00fcgen. Gern informieren Sie unsere perfekt geschulten Profis \u00fcber die diversen Optionen, wie Sie Ihr Heim g\u00fcnstig und preiswert mit Rolll\u00e4den und Markisen oder anderen Sonnenschutzprodukten versehen. Wir freuen uns auf den Austausch mit Ihnen. <\/p>\n<h4>G\u00fcnstig und preiswert \u2013 manchmal macht auch der Preis den Unterschied<\/h4>\n<p>Vertrauen Sie beim Thema Sonnenschutz und Sicherheit auf den Experten. Nur ein Fachbetrieb kennt die unterschiedlichen M\u00f6glichkeiten, wie Sie g\u00fcnstig und preiswert, gleichzeitig qualitativ hochwertig einen tadellosen Sonnenschutz erreichen. Qualit\u00e4tsbewusst, g\u00fcnstig und preiswert: Wir empfehlen uns als spezialisiertes Fachunternehmen im norddeutschen Raum. Unsere langj\u00e4hrige Erfahrung zeichnet uns aus.<\/p>","popseo_links":"<a href=\"https:\/\/www.kaduk-bauelemente.de\/leistungen\/fenster-bad-bevensen\/\">Fenster Bad Bevensen<\/a>, <a href=\"https:\/\/www.kaduk-bauelemente.de\/leistungen\/kunststofffenster-tostedt-sittensen\/\">Kunststofffenster Tostedt Sittensen<\/a>, <a href=\"https:\/\/www.kaduk-bauelemente.de\/leistungen\/raffstores-salzhausen\/\">Raffstores Salzhausen<\/a>, <a href=\"https:\/\/www.kaduk-bauelemente.de\/leistungen\/terrassenueberdachungen-aus-aluminium-amt-neuhaus\/\">Terrassen\u00fcberdachungen aus Aluminium Amt Neuhaus<\/a>, <a href=\"https:\/\/www.kaduk-bauelemente.de\/leistungen\/rollladen-geesthacht\/\">Rollladen Geesthacht<\/a>, <a href=\"https:\/\/www.kaduk-bauelemente.de\/leistungen\/carports-bardowick\/\">Carports Bardowick<\/a>, <a href=\"https:\/\/www.kaduk-bauelemente.de\/leistungen\/terrassenueberdachungen-aus-holz-adendorf\/\">Terrassen\u00fcberdachungen aus Holz Adendorf<\/a>, <a href=\"https:\/\/www.kaduk-bauelemente.de\/leistungen\/carports-tostedt-sittensen\/\">Carports Tostedt Sittensen<\/a>, <a href=\"https:\/\/www.kaduk-bauelemente.de\/leistungen\/terrassendaecher-aus-aluminium-bardowick\/\">Terrassend\u00e4cher aus Aluminium Bardowick<\/a>, <a href=\"https:\/\/www.kaduk-bauelemente.de\/leistungen\/fenster-bardowick\/\">Fenster Bardowick<\/a>, <a href=\"https:\/\/www.kaduk-bauelemente.de\/leistungen\/holzfenster-lueneburg\/\">Holzfenster L\u00fcneburg<\/a>, <a href=\"https:\/\/www.kaduk-bauelemente.de\/leistungen\/garagentore-bienenbuettel\/\">Garagentore Bienenb\u00fcttel<\/a>, <a href=\"https:\/\/www.kaduk-bauelemente.de\/leistungen\/insektenschutz-tostedt-sittensen\/\">Insektenschutz Tostedt Sittensen<\/a>, <a href=\"https:\/\/www.kaduk-bauelemente.de\/leistungen\/markisen-bad-bevensen\/\">Markisen Bad Bevensen<\/a>, <a href=\"https:\/\/www.kaduk-bauelemente.de\/leistungen\/kunststofffenster-salzhausen\/\">Kunststofffenster Salzhausen<\/a>, <a href=\"https:\/\/www.kaduk-bauelemente.de\/leistungen\/terrassenueberdachungen-aus-holz-bergedorf-wentorf\/\">Terrassen\u00fcberdachungen aus Holz Bergedorf Wentorf<\/a>, <a href=\"https:\/\/www.kaduk-bauelemente.de\/leistungen\/zaunbau-harburg\/\">Zaunbau Harburg<\/a>, <a href=\"https:\/\/www.kaduk-bauelemente.de\/leistungen\/zaunbau-adendorf\/\">Zaunbau Adendorf<\/a>, <a href=\"https:\/\/www.kaduk-bauelemente.de\/leistungen\/rollladen-buchholz\/\">Rollladen Buchholz<\/a>, <a href=\"https:\/\/www.kaduk-bauelemente.de\/leistungen\/rolltore-geesthacht\/\">Rolltore Geesthacht<\/a>, <a href=\"https:\/\/www.kaduk-bauelemente.de\/leistungen\/rolllaeden-adendorf\/\">Rolll\u00e4den Adendorf<\/a>, <a href=\"https:\/\/www.kaduk-bauelemente.de\/leistungen\/kunststofffenster-amt-neuhaus\/\">Kunststofffenster Amt Neuhaus<\/a>, <a href=\"https:\/\/www.kaduk-bauelemente.de\/leistungen\/rolltore-harburg\/\">Rolltore Harburg<\/a>, <a href=\"https:\/\/www.kaduk-bauelemente.de\/leistungen\/kunststofffenster-uelzen\/\">Kunststofffenster Uelzen<\/a>, <a href=\"https:\/\/www.kaduk-bauelemente.de\/leistungen\/carports-salzhausen\/\">Carports Salzhausen<\/a>, <a href=\"https:\/\/www.kaduk-bauelemente.de\/leistungen\/insektenschutz-hanstedt\/\">Insektenschutz Hanstedt<\/a>"},"_links":{"self":[{"href":"https:\/\/www.kaduk-bauelemente.de\/leistungen\/wp-json\/wp\/v2\/pages\/4243","targetHints":{"allow":["GET"]}}],"collection":[{"href":"https:\/\/www.kaduk-bauelemente.de\/leistungen\/wp-json\/wp\/v2\/pages"}],"about":[{"href":"https:\/\/www.kaduk-bauelemente.de\/leistungen\/wp-json\/wp\/v2\/types\/page"}],"author":[{"embeddable":true,"href":"https:\/\/www.kaduk-bauelemente.de\/leistungen\/wp-json\/wp\/v2\/users\/1"}],"replies":[{"embeddable":true,"href":"https:\/\/www.kaduk-bauelemente.de\/leistungen\/wp-json\/wp\/v2\/comments?post=4243"}],"version-history":[{"count":0,"href":"https:\/\/www.kaduk-bauelemente.de\/leistungen\/wp-json\/wp\/v2\/pages\/4243\/revisions"}],"wp:attachment":[{"href":"https:\/\/www.kaduk-bauelemente.de\/leistungen\/wp-json\/wp\/v2\/media?parent=4243"}],"curies":[{"name":"wp","href":"https:\/\/api.w.org\/{rel}","templated":true}]}}