{"id":4242,"date":"2021-08-25T12:18:53","date_gmt":"2021-08-25T10:18:53","guid":{"rendered":"https:\/\/www.kaduk-bauelemente.de\/leistungen\/garagen-adendorf\/"},"modified":"2021-08-25T12:18:53","modified_gmt":"2021-08-25T10:18:53","slug":"garagen-adendorf","status":"publish","type":"page","link":"https:\/\/www.kaduk-bauelemente.de\/leistungen\/garagen-adendorf\/","title":{"rendered":"Garagen &#8211; Adendorf"},"content":{"rendered":"<h3>Garagen &#8211; wir beraten Sie gerne<\/h3>\n<p>Eine Garage ist ein gesch\u00fctzter Unterstand f\u00fcr Ihr Auto. Unterst\u00e4nde mit leichtl\u00e4ufigen Toren und automatisierter F\u00fchrung geh\u00f6ren heutzutage zum Standardrepertoire von Wohn- und Gesch\u00e4ftsimmobilien. Zu den meistnachgefragtesten Garagen z\u00e4hlen ohne Zweifel Modelle mit Deckenlaufsystem und Fernbedienung. In unserem Sortiment finden sich Garagen mit praktischen Sektionaltoren und auch mit Rolltoren. Nat\u00fcrlich besch\u00fctzt die Garage vorrangig Ihr Auto vor Regen. Dar\u00fcber hinaus bietet Ihnen eine Garage aber auch weiteren Stauraum. Je nach individuellem Geschmack kann unter mehreren Konstruktionen und Materialien entschieden werden.<br \/>\nEine Garage unterstreicht also immer auch die Architektur eines Hauses. Sie sehen: Eine Garage ist ohne Frage mehr als ein simpler Abstellplatz. <\/p>\n<h3>Unsere Garagen werden Sie \u00fcberzeugen<\/h3>\n<p>Hochwertige Garagen bieten neben der praktischen Abstellm\u00f6glichkeit und einer optimalen Optik selbstverst\u00e4ndlich noch etliches mehr. Auch einen guten Diebstahlschutz k\u00f6nnen Sie von hochwertigen Garagen erwarten. Produkte aus unserem Produktsortiment erf\u00fcllen selbst gehobene Anspr\u00fcche an die Sicherheit und \u00fcberzeugen au\u00dferdem durch eine hervorragende Verarbeitung und Bedienbarkeit. Mit einer zur Gestaltung der Immobilie passenden Garage f\u00fcgen Sie Ihrem Haus ein gestalterisches Highlight hinzu. W\u00e4hlen Sie einfach nach Ihren pers\u00f6nlichen Vorlieben unter unterschiedlichen Ausf\u00fchrungen und Farben. Nat\u00fcrlich werden bei der Produktion ausschlie\u00dflich hochwertigste Materialien genutzt. Sicherheit und Funktionalit\u00e4t gehen bei unseren Garagen eine gewinnbringende Verbindung ein.<\/p>\n","protected":false},"excerpt":{"rendered":"<p>Garagen &#8211; wir beraten Sie gerne Eine Garage ist ein gesch\u00fctzter Unterstand f\u00fcr Ihr Auto. Unterst\u00e4nde mit leichtl\u00e4ufigen Toren und automatisierter F\u00fchrung geh\u00f6ren heutzutage zum Standardrepertoire von Wohn- und Gesch\u00e4ftsimmobilien. Zu den meistnachgefragtesten Garagen z\u00e4hlen ohne Zweifel Modelle mit Deckenlaufsystem und Fernbedienung. In unserem Sortiment finden sich Garagen mit praktischen Sektionaltoren und auch mit Rolltoren. [&hellip;]<\/p>\n","protected":false},"author":1,"featured_media":0,"parent":0,"menu_order":0,"comment_status":"closed","ping_status":"closed","template":"","meta":{"footnotes":""},"class_list":["post-4242","page","type-page","status-publish","hentry"],"meta_box":{"popseo_subtitel":"Wir sind Ihr Experte f\u00fcr Garagen im Raum Adendorf","popseo_subtitel2":"Garagen - Qualit\u00e4t vom Fachbetrieb","popseo_lasttitel":"Garagen: Wir informieren Sie gerne auch pers\u00f6nlich!","popseo_region":"Adendorf","popseo_sachwort":"Garagen","popseo_noupdate":"","popseo_einleitungstext":"<p>Wenn es um Sicherheit und Sonnenschutz geht, sind Sie bei der Firma Dirk Kaduk Bauelemte exakt an der richtigen Adresse. Seit Firmengr\u00fcndung sind wir Ihre lokalen Spezialisten f\u00fcr hochwertige Bauelemente. Zu unserem Produktsortiment z\u00e4hlen beispielsweise Rolltore, Terrassend\u00e4cher, Markisen, Au\u00dfenjalousien, T\u00fcren, Fenster, Carports und Rolll\u00e4den. Unsere Fachleute \u00fcbernehmen Reparatur- und Montagearbeiten und zeigen Ihnen, wie Sie Ihr Gesch\u00e4fts- oder Wohnhaus mit zeitgem\u00e4\u00dfen Bauelementen ausr\u00fcsten k\u00f6nnen. Im Folgenden haben wir einige erste Informationen f\u00fcr Sie notiert.<\/p>","popseo_schlusstext":"<p>Sie suchen einen Profi f\u00fcr moderne Sonnenschutz- und Sicherheitsl\u00f6sungen. Dann kontaktieren Sie uns bitte schnell. Wir freuen uns auf das Gespr\u00e4ch mit Ihnen. Wenn es um Bauelemente geht, sind wir Ihr kompetenter Handels- und Handwerkspartner. Wir garantieren hochwertige Produkte und eine fachkundig durchgef\u00fchrte Arbeit nach dem immer derzeitigen Stand der Technik.<\/p>","popseo_stadttext":"<h3>Wir arbeiten gerne f\u00fcr Kunden aus Adendorf<\/h3>\n<p>Unser Einzugsgebiet umfasst auch Adendorf. Durch unsere Gesch\u00e4ftst\u00e4tigkeit haben wir uns einen sehr guten \u00dcberblick \u00fcber die Stadtarchitektur der Gemeinden und St\u00e4dte unseres Vertriebsgebietes erarbeiten k\u00f6nnen. Wir f\u00fchlen uns der Region verpflichtet und sind stolz darauf, auch einen Teil zur gesunden Infrastruktur der Gemeinde beizusteuern zu k\u00f6nnen.  <\/p>\n<h3>Leben und Arbeiten in Adendorf<\/h3><br \/>\nAdendorf befindet sich knapp vier Kilometer von L\u00fcneburg entfernt zwischen dem Elbe-Seitenkanal und der Illmenau. Fast 11.000 Einwohner leben in Aldendorf auf einer Gesamtfl\u00e4che von ca. 16 km\u00b2. Die \u00d6konomie der Gemeinde wird gepr\u00e4gt von kleinen und mittelst\u00e4ndischen Betrieben aus den Bereichen Dienstleistung und Handwerk. Erreichbar ist der Ort mit dem Auto \u00fcber die B209. Aldendorf verf\u00fcgt dar\u00fcber hinaus \u00fcber eine Zufahrt an die Bundesautobahn 39. Der \u00f6ffentliche Personennahverkehr wird \u00fcber mehrere Busverbindungen sichergestellt. Das Umland erm\u00f6glicht erlebnisreiche Ausfl\u00fcge. Die Bebauungsstruktur in der Region ist \u00fcberwiegend gekennzeichnet von einer h\u00fcbschen Einzelhausbebauung. Gerade junge Familien profitieren von dem ruhigen Leben in Adendorf.<br \/>\n<h4>Wir f\u00fcr Sie in Adendorf!<\/h4>\n<p>Sie leben in Adendorf und interessieren sich f\u00fcr unser Angebot. Klasse, dass Sie diese Seite gefunden haben. F\u00fcr R\u00fcckfragen stehen wir Ihnen jederzeit zur Verf\u00fcgung. Auf Ihre Anfragen freuen wir uns.<\/p>","popseo_zusatztext":"<h3>Gute Qualit\u00e4t \u2013 g\u00fcnstig und preiswert<\/h3>\n<p>Bauelemente m\u00fcssen h\u00f6chsten Anforderungen gerecht werden. Nichtsdestrotrotz darf es g\u00fcnstig und preiswert sein. Das muss generell kein Gegensatz sein. <\/p>\n<p>Als Fachunternehmen f\u00fcr Sonnenschutz und Sicherheit verwenden wir nur ausgezeichnete Erzeugnisse. Nichtsdestotrotz schauen wir immer auf ein passendes Preis-Leistungsverh\u00e4ltnis. Wir m\u00f6chten Ihnen Spitzenqualit\u00e4t bieten, die gleichzeitig auch g\u00fcnstig und preiswert ist. Geben Sie Ihrem Heim g\u00fcnstig und preiswert das besondere Mehr an Qualit\u00e4t. Markisen und Rolll\u00e4den oder andere Sonnenschutzl\u00f6sungen sehen nicht nur schick aus, sie leisten auch einen wichtigen Anteil zur W\u00e4rmed\u00e4mmung.  <\/p>\n<h3>G\u00fcnstig und preiswert \u2013 es muss wirklich nicht immer teuer sein<\/h3>\n<p>D\u00fcrfen wir Sie informieren, wie Sie g\u00fcnstig und preiswert einen optimalen Sonnenschutz f\u00fcr Ihr Heim realisieren? Klasse, dann z\u00f6gern Sie bitte nicht und nehmen am besten sofort heute noch Kontakt mit uns auf. Ein kurzer Telefonanruf oder eine kurze Email gen\u00fcgen. Sehr gerne informieren Sie unsere gut geschulten Profis \u00fcber die verschiedenen M\u00f6glichkeiten, wie Sie Ihr Heim g\u00fcnstig und preiswert mit Markisen und Rolll\u00e4den oder anderen Sonnenschutzprodukten versehen. Wir freuen uns auf den Austausch mit Ihnen. <\/p>\n<h4>Top-Qualit\u00e4t g\u00fcnstig und preiswert<\/h4>\n<p>Setzen Sie beim Thema Sonnenschutz und Sicherheit auf den Profi. Nur ein Spezialbetrieb kennt die diversen Optionen, wie Sie g\u00fcnstig und preiswert, gleichzeitig qualitativ spitze einen optimalen Sonnenschutz verwirklichen. Qualit\u00e4tsbewusst, g\u00fcnstig und preiswert: Wir empfehlen uns als spezialisiertes Fachunternehmen im Norden. Unsere gro\u00dfe Erfahrung spricht f\u00fcr uns.<\/p>","popseo_links":"<a href=\"https:\/\/www.kaduk-bauelemente.de\/leistungen\/terrassenueberdachungen-aus-aluminium-amt-neuhaus\/\">Terrassen\u00fcberdachungen aus Aluminium Amt Neuhaus<\/a>, <a href=\"https:\/\/www.kaduk-bauelemente.de\/leistungen\/fenster-reppenstedt\/\">Fenster Reppenstedt<\/a>, <a href=\"https:\/\/www.kaduk-bauelemente.de\/leistungen\/raffstores-schwarzenbek\/\">Raffstores Schwarzenbek<\/a>, <a href=\"https:\/\/www.kaduk-bauelemente.de\/leistungen\/kunststofffenster-buchholz\/\">Kunststofffenster Buchholz<\/a>, <a href=\"https:\/\/www.kaduk-bauelemente.de\/leistungen\/zaunbau-adendorf\/\">Zaunbau Adendorf<\/a>, <a href=\"https:\/\/www.kaduk-bauelemente.de\/leistungen\/zaeune-hanstedt\/\">Z\u00e4une Hanstedt<\/a>, <a href=\"https:\/\/www.kaduk-bauelemente.de\/leistungen\/zaeune-jesteburg\/\">Z\u00e4une Jesteburg<\/a>, <a href=\"https:\/\/www.kaduk-bauelemente.de\/leistungen\/terrassenueberdachungen-aus-aluminium-winsen-luhe\/\">Terrassen\u00fcberdachungen aus Aluminium Winsen Luhe<\/a>, <a href=\"https:\/\/www.kaduk-bauelemente.de\/leistungen\/sektionaltore-ebstorf\/\">Sektionaltore Ebstorf<\/a>, <a href=\"https:\/\/www.kaduk-bauelemente.de\/leistungen\/rolllaeden-buchholz\/\">Rolll\u00e4den Buchholz<\/a>, <a href=\"https:\/\/www.kaduk-bauelemente.de\/leistungen\/terrassenueberdachungen-aus-holz-maschen\/\">Terrassen\u00fcberdachungen aus Holz Maschen<\/a>, <a href=\"https:\/\/www.kaduk-bauelemente.de\/leistungen\/rolltore-reinbek-glinde\/\">Rolltore Reinbek Glinde<\/a>, <a href=\"https:\/\/www.kaduk-bauelemente.de\/leistungen\/rolllaeden-reppenstedt\/\">Rolll\u00e4den Reppenstedt<\/a>, <a href=\"https:\/\/www.kaduk-bauelemente.de\/leistungen\/terrassendaecher-aus-holz-bad-bevensen\/\">Terrassend\u00e4cher aus Holz Bad Bevensen<\/a>, <a href=\"https:\/\/www.kaduk-bauelemente.de\/leistungen\/zaunbau-reinbek-glinde\/\">Zaunbau Reinbek Glinde<\/a>, <a href=\"https:\/\/www.kaduk-bauelemente.de\/leistungen\/kunststofffenster-bad-bevensen\/\">Kunststofffenster Bad Bevensen<\/a>, <a href=\"https:\/\/www.kaduk-bauelemente.de\/leistungen\/kunststofffenster-geesthacht\/\">Kunststofffenster Geesthacht<\/a>, <a href=\"https:\/\/www.kaduk-bauelemente.de\/leistungen\/tueren-bardowick\/\">T\u00fcren Bardowick<\/a>, <a href=\"https:\/\/www.kaduk-bauelemente.de\/leistungen\/terrassendaecher-aus-aluminium-ebstorf\/\">Terrassend\u00e4cher aus Aluminium Ebstorf<\/a>, <a href=\"https:\/\/www.kaduk-bauelemente.de\/leistungen\/tueren-bispingen\/\">T\u00fcren Bispingen<\/a>, <a href=\"https:\/\/www.kaduk-bauelemente.de\/leistungen\/holzfenster-tostedt-sittensen\/\">Holzfenster Tostedt Sittensen<\/a>, <a href=\"https:\/\/www.kaduk-bauelemente.de\/leistungen\/rolllaeden-bispingen\/\">Rolll\u00e4den Bispingen<\/a>, <a href=\"https:\/\/www.kaduk-bauelemente.de\/leistungen\/zaunbau-hanstedt\/\">Zaunbau Hanstedt<\/a>, <a href=\"https:\/\/www.kaduk-bauelemente.de\/leistungen\/holzfenster-schwarzenbek\/\">Holzfenster Schwarzenbek<\/a>, <a href=\"https:\/\/www.kaduk-bauelemente.de\/leistungen\/insektenschutz-uelzen\/\">Insektenschutz Uelzen<\/a>, <a href=\"https:\/\/www.kaduk-bauelemente.de\/leistungen\/rollladen-lueneburg\/\">Rollladen L\u00fcneburg<\/a>"},"_links":{"self":[{"href":"https:\/\/www.kaduk-bauelemente.de\/leistungen\/wp-json\/wp\/v2\/pages\/4242","targetHints":{"allow":["GET"]}}],"collection":[{"href":"https:\/\/www.kaduk-bauelemente.de\/leistungen\/wp-json\/wp\/v2\/pages"}],"about":[{"href":"https:\/\/www.kaduk-bauelemente.de\/leistungen\/wp-json\/wp\/v2\/types\/page"}],"author":[{"embeddable":true,"href":"https:\/\/www.kaduk-bauelemente.de\/leistungen\/wp-json\/wp\/v2\/users\/1"}],"replies":[{"embeddable":true,"href":"https:\/\/www.kaduk-bauelemente.de\/leistungen\/wp-json\/wp\/v2\/comments?post=4242"}],"version-history":[{"count":0,"href":"https:\/\/www.kaduk-bauelemente.de\/leistungen\/wp-json\/wp\/v2\/pages\/4242\/revisions"}],"wp:attachment":[{"href":"https:\/\/www.kaduk-bauelemente.de\/leistungen\/wp-json\/wp\/v2\/media?parent=4242"}],"curies":[{"name":"wp","href":"https:\/\/api.w.org\/{rel}","templated":true}]}}