{"id":4240,"date":"2021-08-25T12:18:53","date_gmt":"2021-08-25T10:18:53","guid":{"rendered":"https:\/\/www.kaduk-bauelemente.de\/leistungen\/fliegengitter-uelzen\/"},"modified":"2021-08-25T12:18:53","modified_gmt":"2021-08-25T10:18:53","slug":"fliegengitter-uelzen","status":"publish","type":"page","link":"https:\/\/www.kaduk-bauelemente.de\/leistungen\/fliegengitter-uelzen\/","title":{"rendered":"Fliegengitter &#8211; Uelzen"},"content":{"rendered":"<h3>Fliegengitter: Stoppen Sie die l\u00e4stigen Plagegeister<\/h3>\n<p>Sie m\u00f6gen Ihren Garten und sch\u00e4tzen es, w\u00e4hrend der Sommermonate auf der Terrasse zu sitzen. W\u00e4ren da blo\u00df nicht st\u00e4ndig diese st\u00f6renden Insekten. Jedoch nicht nur im Garten, ebenso drinnen sind Insekten ausgesprochen st\u00f6rende G\u00e4ste. Mit einem zweckdienlichen und zuverl\u00e4ssigen Fliegengitter halten Sie sich die Plagegeister best\u00e4ndig vom Leibe. Wir bieten Ihnen zahlreiche Produkte f\u00fcr einen durchgreifenden Insektenschutz. Ein Fliegengitter kann \u2013 solide montiert &#8211; n\u00fctzliche Dienste f\u00fcr einen wirkungsvollen Insektenschutz bieten. Fragen Sie unsere Kollegen! <\/p>\n<h3>Wir informieren Sie \u00fcber Fliegengitter<\/h3>\n<p>Fliegengitter f\u00fcr T\u00fcren und Fenster geh\u00f6ren zu unserem Portfolio. Wir bieten Ihnen eine betr\u00e4chtliche Angebotspalette f\u00fcr einen nachhaltigen Insektenschutz: Neben einfachen Fliegengittern finden Sie bei uns auch spezielle L\u00f6sungen f\u00fcr Au\u00dfent\u00fcren und Dachfenster. Nat\u00fcrlich l\u00e4sst sich der dauerhafte Insektenschutz in unterschiedlichen Ma\u00dfen und Ausf\u00fchrungen realisieren.<\/p>\n","protected":false},"excerpt":{"rendered":"<p>Fliegengitter: Stoppen Sie die l\u00e4stigen Plagegeister Sie m\u00f6gen Ihren Garten und sch\u00e4tzen es, w\u00e4hrend der Sommermonate auf der Terrasse zu sitzen. W\u00e4ren da blo\u00df nicht st\u00e4ndig diese st\u00f6renden Insekten. Jedoch nicht nur im Garten, ebenso drinnen sind Insekten ausgesprochen st\u00f6rende G\u00e4ste. Mit einem zweckdienlichen und zuverl\u00e4ssigen Fliegengitter halten Sie sich die Plagegeister best\u00e4ndig vom Leibe. [&hellip;]<\/p>\n","protected":false},"author":1,"featured_media":0,"parent":0,"menu_order":0,"comment_status":"closed","ping_status":"closed","template":"","meta":{"footnotes":""},"class_list":["post-4240","page","type-page","status-publish","hentry"],"meta_box":{"popseo_subtitel":"Wir sind Ihr Fachbetrieb f\u00fcr Fliegengitter im Raum Uelzen","popseo_subtitel2":"Fliegengitter - wirksam und hochwertig","popseo_lasttitel":"Fliegengitter: Gerne beantworten wir Ihre Fragen!","popseo_region":"Uelzen","popseo_sachwort":"Fliegengitter","popseo_noupdate":"","popseo_einleitungstext":"<p>Sie wollen Ihre Gesch\u00e4fts- oder Wohnimmobilie mit zeitgem\u00e4\u00dfen Bauelementen ausstatten lassen und m\u00f6chten sich \u00fcber unser Produkt- und Leistungsangebot informieren? Klasse, dann sind Sie auf dieser Seite genau richtig. Unser Produktsortiment umfasst beispielsweise Rolltore, Markisen, Terrassend\u00e4cher, Au\u00dfenjalousien, T\u00fcren, Fenster, Carports und Rolll\u00e4den. Als auf Sonnenschutz und Sicherheit fokussiertes Fachunternehmen \u00fcbernehmen wir vor allem auch Montage- und Reparaturarbeiten. Erfahren Sie nachfolgend mehr \u00fcber uns und unser Angebot. Ihr Interesse freut uns sehr.<\/p>","popseo_schlusstext":"<p>Wenn Sie mehr wissen m\u00f6chten, informieren wir Sie n\u00e4her \u00fcber unsere Produkte und unser Aufgabenfeld. Wir nennen Ihnen mit Vergn\u00fcgen auch ein paar Projekte, die Ihnen einen Einblick in unsere Unternehmenst\u00e4tigkeit geben.<br \/>\nVertrauen Sie den Spezialisten der Firma Kaduk. Rufen Sie uns doch rasch einmal an oder schreiben Sie uns eine kurze E-Mail. Wir freuen uns auf den Kontakt zu Ihnen.<\/p>","popseo_stadttext":"<h3>Wir freuen uns \u00fcber Anfragen aus Uelzen<\/h3>\n<p>Durch unsere Gesch\u00e4ftst\u00e4tigkeit haben wir uns einen guten \u00dcberblick \u00fcber die Architektur der Gemeinden und St\u00e4dte unseres Einzugsbereiches machen k\u00f6nnen. Selbstverst\u00e4ndlich geh\u00f6rt auch die Stadt Uelzen zu unserem unmittelbaren Gesch\u00e4ftsgebiet. Wir freuen uns darauf, mit Ihnen ins Gespr\u00e4ch zu kommen. <\/p>\n<h3>Gute Gr\u00fcnde sprechen f\u00fcr den Wohnort Uelzen<\/h3>\n<p>Uelzen ist die Kreisstadt des nieders\u00e4chsischen Landkreises Uelzen. Alles in allem wohnen 33.000 B\u00fcrger in der zur Metropolregion Hamburg z\u00e4hlenden Stadt. Das Gemeindegebiet umfasst eine Fl\u00e4che von knapp 135 qkm. St\u00e4dte in der n\u00e4heren Umgebung sind u.a. Bad Beversen, Ebstorf und Rosche. Geographisch liegt Uelzen am am s\u00fcdlichen Zipfel der L\u00fcneburger Heide. Die Stadt ist zwischen ausladenden Naturschutzgebieten wunderbar gelegen. Neben der L\u00fcneburger Heide ist auch Naturschutzgebiet Elbufer-Drawehn sowie das Schutzgebiet Nieders\u00e4chsische Elbtalaue von Uelzen aus schnell zu erreichen. Uelzen selbst liegt an der Ilmenau. Uelzen besitzt zahlreiche h\u00fcbsch gelegene Wohnviertel. Die Stadt ist ein attraktiver Ort zum Leben und Arbeiten. Wer das eher \u00fcberschaubare Leben in einer kleineren Stadt bevorzugt, gleichwohl aber nicht auf die Annehmlichkeiten der Metropole verzichten will, trifft es in Uelzen genau richtig. <\/p>\n<h3>Wir kennen uns aus in Uelzen<\/h3>\n<p>Die Stadt Uelzen teilt sich auf in insgesamt 18 Gemeindeteile. Die st\u00e4dtische Architektur von Uelzen wird gepr\u00e4gt von zahllosen Fachwerkgeb\u00e4uden, die der Stadt einen durchaus als m\u00e4rchenhaft zu bezeichnenden Charme verleihen. Auch historische Bauwerke im Stil der Backsteingotik pr\u00e4gen die \u00e4u\u00dfere Erscheinung von Uelzen. Das Wahrzeichen der Stadt ist das sogenannte \"Goldene Schiff\". Die Plastik findet sich an der St. Marien-Kirche zu Uelzen. Vermutlich stammt die Plastik aus der Zeit der Hanse. F\u00fcr Kunstliebhaber ist Uelzen fast schon eine Pilgerst\u00e4tte. Der Ausnahmek\u00fcnstler Friedensreich Hundertwasser konzipierte kurz vor seinem Tod im Jahre 2000 den st\u00e4dtischen Bahnhof. Das ausgefallene Bauwerk tr\u00e4gt den Namen Hundertwasserbahnhof Uelzen.<\/p>\n<p>Die \u00d6konomie von Uelzen ist mittelstandsgepr\u00e4gt. Hauptfelder sind der Lebensmittelsektor sowie Unternehmen aus dem Dienstleistungsgewerbe. Die Wirtschaftsf\u00f6rderung der Stadt Uelzen muss als exzellent benannt werden. Um den Zuzug zus\u00e4tzlicher Firmen werben sich die Stadtverantwortlichen erkennbar. Die wichtigsten Arbeitgeber in Uelzen sind die Nordzucker AG und die Uelzena AG. Der Konzern Nestl\u00e9 Schoeller betreibt in Uelzen ein Werk mit zirka 500 Arbeitnehmern. <\/p>\n<h4>Wir f\u00fcr Sie in Uelzen!<\/h4>\n<p>Sie leben in Uelzen und interessieren sich f\u00fcr unser Leistungsangebot. Toll, dass Sie uns hier auf dieser Website entdeckt haben. F\u00fcr R\u00fcckfragen sind wir jederzeit f\u00fcr Sie da. Unser engagiertes Team freut sich auf Sie.<\/p>","popseo_zusatztext":"<h3>Kaduk Bauelemente ist Ihr Fachbetrieb in Sachen Sicht- und Sonnenschutz<\/h3>\n<p>Vertrauen Sie in Sachen Sonnenschutz und Sicherheit auf jeden Fall auf die fachspezifische Leistung vom Fachbetrieb. Nur ein Fachbetrieb kennt die Priorit\u00e4ten, wie man zu einem hervorragenden Ergebnis kommt. Um sich mit Fug und Recht Fachbetrieb nennen zu d\u00fcrfen, braucht es eine qualifizierte Ausbildung der Mitarbeiter und eine langj\u00e4hrige Berufserfahrung.  <\/p>\n<p>Unser Unternehmen empfiehlt sich als Ihr fachkundiger Fachbetrieb f\u00fcr Sicherheit und Sonnenschutz. Erreichen Sie Ihr Ziel und schenken Sie unserem Fachbetrieb Ihr Vertrauen. Wir bieten Ihnen unter anderem hochwertige Rolll\u00e4den und Markisen und legen allerh\u00f6chsten Wert auf einen 1a- Service. Schon seit vielen Jahren sind wir sachkundiger Fachbetrieb f\u00fcr Rolll\u00e4den, Markisen, Terrassend\u00e4cher und Au\u00dfenjalousien im Raum L\u00fcneburg. Es ist uns wichtig, dass Sie dauerhaft viel Freude an Ihrem Sicht und Sonnenschutz haben. Von einem Fachbetrieb d\u00fcrfen Sie ohne Wenn und Aber eine fehlerfreie Top-Leistung erwarten.<\/p>\n<h3>Sicht- und Sonnenschutz\u2013 ein Thema f\u00fcr den Fachbetrieb<\/h3>\n<p>Als Fachbetrieb darf sich ein Unternehmen bezeichnen, deren Angestellte \u00fcber dokumentierte Qualifikationen verf\u00fcgen. Dies ist unter anderem eine entsprechende Ausbildung oder ein Meisterbrief. Des Weiteren zeichnet eine langj\u00e4hrige praktische Erfahrung einen Fachbetrieb aus. Schon seit vielen Jahren konzentrieren wir uns als spezialisiertes Unternehmen auf Sonnenschutz und Sicherheit von Geb\u00e4uden. In diesen vielen Jahren haben wir uns das Attribut Fachbetrieb ganz sicher verdient. Wir verwenden nur hervorragende Artikel. Hierbei achten wir stets auf ein perfektes Preis-Leistungsverh\u00e4ltnis. Unsere \u00dcberzeugung als Fachbetrieb: Wir bieten Ihnen 1a-Qualit\u00e4t zu einem 1a- Preis.<\/p>","popseo_links":"<a href=\"https:\/\/www.kaduk-bauelemente.de\/leistungen\/terrassendaecher-aus-aluminium-herzogtum-lauenburg\/\">Terrassend\u00e4cher aus Aluminium Herzogtum Lauenburg<\/a>, <a href=\"https:\/\/www.kaduk-bauelemente.de\/leistungen\/carports-maschen\/\">Carports Maschen<\/a>, <a href=\"https:\/\/www.kaduk-bauelemente.de\/leistungen\/kunststofffenster-lueneburg\/\">Kunststofffenster L\u00fcneburg<\/a>, <a href=\"https:\/\/www.kaduk-bauelemente.de\/leistungen\/terrassendaecher-aus-aluminium-uelzen\/\">Terrassend\u00e4cher aus Aluminium Uelzen<\/a>, <a href=\"https:\/\/www.kaduk-bauelemente.de\/leistungen\/sektionaltore-lueneburg\/\">Sektionaltore L\u00fcneburg<\/a>, <a href=\"https:\/\/www.kaduk-bauelemente.de\/leistungen\/insektenschutz-bispingen\/\">Insektenschutz Bispingen<\/a>, <a href=\"https:\/\/www.kaduk-bauelemente.de\/leistungen\/terrassendaecher-aus-holz-herzogtum-lauenburg\/\">Terrassend\u00e4cher aus Holz Herzogtum Lauenburg<\/a>, <a href=\"https:\/\/www.kaduk-bauelemente.de\/leistungen\/rolllaeden-buechen\/\">Rolll\u00e4den B\u00fcchen<\/a>, <a href=\"https:\/\/www.kaduk-bauelemente.de\/leistungen\/sektionaltore-amelinghausen\/\">Sektionaltore Amelinghausen<\/a>, <a href=\"https:\/\/www.kaduk-bauelemente.de\/leistungen\/terrassenueberdachungen-aus-aluminium-salzhausen\/\">Terrassen\u00fcberdachungen aus Aluminium Salzhausen<\/a>, <a href=\"https:\/\/www.kaduk-bauelemente.de\/leistungen\/garagentore-lueneburg\/\">Garagentore L\u00fcneburg<\/a>, <a href=\"https:\/\/www.kaduk-bauelemente.de\/leistungen\/terrassendaecher-aus-holz-schwarzenbek\/\">Terrassend\u00e4cher aus Holz Schwarzenbek<\/a>, <a href=\"https:\/\/www.kaduk-bauelemente.de\/leistungen\/raffstores-seevetal-rosengarten\/\">Raffstores Seevetal Rosengarten<\/a>, <a href=\"https:\/\/www.kaduk-bauelemente.de\/leistungen\/holzfenster-stelle\/\">Holzfenster Stelle<\/a>, <a href=\"https:\/\/www.kaduk-bauelemente.de\/leistungen\/raffstores-reppenstedt\/\">Raffstores Reppenstedt<\/a>, <a href=\"https:\/\/www.kaduk-bauelemente.de\/leistungen\/rolllaeden-reinbek-glinde\/\">Rolll\u00e4den Reinbek Glinde<\/a>, <a href=\"https:\/\/www.kaduk-bauelemente.de\/leistungen\/garagentore-maschen\/\">Garagentore Maschen<\/a>, <a href=\"https:\/\/www.kaduk-bauelemente.de\/leistungen\/terrassendaecher-aus-holz-winsen-luhe\/\">Terrassend\u00e4cher aus Holz Winsen Luhe<\/a>, <a href=\"https:\/\/www.kaduk-bauelemente.de\/leistungen\/garagen-salzhausen\/\">Garagen Salzhausen<\/a>, <a href=\"https:\/\/www.kaduk-bauelemente.de\/leistungen\/zaeune-herzogtum-lauenburg\/\">Z\u00e4une Herzogtum Lauenburg<\/a>, <a href=\"https:\/\/www.kaduk-bauelemente.de\/leistungen\/terrassenueberdachungen-aus-holz-winsen-luhe\/\">Terrassen\u00fcberdachungen aus Holz Winsen Luhe<\/a>, <a href=\"https:\/\/www.kaduk-bauelemente.de\/leistungen\/aussenjalousien-schwarzenbek\/\">Au\u00dfenjalousien Schwarzenbek<\/a>, <a href=\"https:\/\/www.kaduk-bauelemente.de\/leistungen\/terrassenueberdachungen-aus-holz-buchholz\/\">Terrassen\u00fcberdachungen aus Holz Buchholz<\/a>, <a href=\"https:\/\/www.kaduk-bauelemente.de\/leistungen\/terrassenueberdachungen-aus-holz-seevetal-rosengarten\/\">Terrassen\u00fcberdachungen aus Holz Seevetal Rosengarten<\/a>, <a href=\"https:\/\/www.kaduk-bauelemente.de\/leistungen\/rolltore-bad-bevensen\/\">Rolltore Bad Bevensen<\/a>, <a href=\"https:\/\/www.kaduk-bauelemente.de\/leistungen\/zaunbau-buechen\/\">Zaunbau B\u00fcchen<\/a>"},"_links":{"self":[{"href":"https:\/\/www.kaduk-bauelemente.de\/leistungen\/wp-json\/wp\/v2\/pages\/4240","targetHints":{"allow":["GET"]}}],"collection":[{"href":"https:\/\/www.kaduk-bauelemente.de\/leistungen\/wp-json\/wp\/v2\/pages"}],"about":[{"href":"https:\/\/www.kaduk-bauelemente.de\/leistungen\/wp-json\/wp\/v2\/types\/page"}],"author":[{"embeddable":true,"href":"https:\/\/www.kaduk-bauelemente.de\/leistungen\/wp-json\/wp\/v2\/users\/1"}],"replies":[{"embeddable":true,"href":"https:\/\/www.kaduk-bauelemente.de\/leistungen\/wp-json\/wp\/v2\/comments?post=4240"}],"version-history":[{"count":0,"href":"https:\/\/www.kaduk-bauelemente.de\/leistungen\/wp-json\/wp\/v2\/pages\/4240\/revisions"}],"wp:attachment":[{"href":"https:\/\/www.kaduk-bauelemente.de\/leistungen\/wp-json\/wp\/v2\/media?parent=4240"}],"curies":[{"name":"wp","href":"https:\/\/api.w.org\/{rel}","templated":true}]}}