{"id":4238,"date":"2021-08-25T12:18:53","date_gmt":"2021-08-25T10:18:53","guid":{"rendered":"https:\/\/www.kaduk-bauelemente.de\/leistungen\/fliegengitter-stelle\/"},"modified":"2021-08-25T12:18:53","modified_gmt":"2021-08-25T10:18:53","slug":"fliegengitter-stelle","status":"publish","type":"page","link":"https:\/\/www.kaduk-bauelemente.de\/leistungen\/fliegengitter-stelle\/","title":{"rendered":"Fliegengitter &#8211; Stelle"},"content":{"rendered":"<h3>Fliegengitter: Schluss mit den kleinen Qu\u00e4lgeistern<\/h3>\n<p>Sie lieben Ihren Garten und genie\u00dfen es, des Sommers auf Ihrer Terrasse zu sitzen. W\u00e4ren da blo\u00df nicht immerzu diese st\u00f6renden Insekten. Aber nicht nur im Garten, ebenso im Haus sind Insekten ausgesprochen l\u00e4stige G\u00e4ste. Mit einem zuverl\u00e4ssigen und zweckdienlichen Fliegengitter halten Sie sich die Plagegeister dauerhaft vom Leibe. Wir bieten Ihnen unterschiedliche M\u00f6glichkeiten f\u00fcr einen wikungsvollen Insektenschutz. Ein Fliegengitter kann \u2013 korrekt angebaut &#8211; wertvolle Dienste f\u00fcr einen erfolgreichen Insektenschutz bieten. Fragen Sie unsere Experten! <\/p>\n<h3>Wir informieren Sie \u00fcber Fliegengitter<\/h3>\n<p>Fliegengitter f\u00fcr T\u00fcren und Fenster sind Teil von unserem Angebotsportfolio. Wir bieten Ihnen eine gro\u00dfe Palette f\u00fcr einen nachhaltigen Insektenschutz: Neben einfachen Fliegengittern entdecken Sie bei uns auch besondere L\u00f6sungen f\u00fcr Dachfenster und Au\u00dfent\u00fcren. Nat\u00fcrlich l\u00e4sst sich der effiziente Insektenschutz in unterschiedlichen Ma\u00dfen und Ausf\u00fchrungen in die Tat umsetzen.<\/p>\n","protected":false},"excerpt":{"rendered":"<p>Fliegengitter: Schluss mit den kleinen Qu\u00e4lgeistern Sie lieben Ihren Garten und genie\u00dfen es, des Sommers auf Ihrer Terrasse zu sitzen. W\u00e4ren da blo\u00df nicht immerzu diese st\u00f6renden Insekten. Aber nicht nur im Garten, ebenso im Haus sind Insekten ausgesprochen l\u00e4stige G\u00e4ste. Mit einem zuverl\u00e4ssigen und zweckdienlichen Fliegengitter halten Sie sich die Plagegeister dauerhaft vom Leibe. [&hellip;]<\/p>\n","protected":false},"author":1,"featured_media":0,"parent":0,"menu_order":0,"comment_status":"closed","ping_status":"closed","template":"","meta":{"footnotes":""},"class_list":["post-4238","page","type-page","status-publish","hentry"],"meta_box":{"popseo_subtitel":"Kaduk Bauelemente ist Ihr Partner f\u00fcr Fliegengitter im Raum Stelle","popseo_subtitel2":"Fliegengitter - setzen Sie auf unsere Expertise","popseo_lasttitel":"Fliegengitter: Wir informieren Sie gerne auch pers\u00f6nlich!","popseo_region":"Stelle","popseo_sachwort":"Fliegengitter","popseo_noupdate":"","popseo_einleitungstext":"<p>Wenn es um Sicherheit und Sonnenschutz geht, sind Sie bei der Firma Kaduk genau an der richtigen Adresse. Seit Unternehmensgr\u00fcndung sind wir Ihre lokalen Experten f\u00fcr hochwertige Bauelemente. Zu unserem Produktangebot geh\u00f6ren beispielsweise Markisen, Rolltore, Terrassend\u00e4cher, Au\u00dfenjalousien, T\u00fcren, Fenster, Carports und Rolll\u00e4den. Unsere Fachleute \u00fcbernehmen Reparatur- und Montagearbeiten und zeigen Ihnen M\u00f6glichkeiten auf, wie Sie Ihre Immobilie mit zeitgem\u00e4\u00dfen Bauelementen ausr\u00fcsten k\u00f6nnen. Auf diesen Seiten haben wir erste Informationen f\u00fcr Sie zusammengestellt.<\/p>","popseo_schlusstext":"<p>Wenn Sie ein erfahrenes Unternehmen f\u00fcr moderne Sicherheits- und Sonnenschutzprodukte ben\u00f6tigen, sind Sie bei uns an der richtigen Adresse. Sie m\u00f6chten mehr \u00fcber uns wissen? Als auf Bauelemente spezialisierte Handwerksfirma sind wir f\u00fcr Ihr Vorhaben der optimale Dienstleister und freuen uns \u00fcber Ihre Kontaktaufnahme, ganz gleich ob durch Anruf oder E-Mail. Worauf Sie neben Fachwissen setzen d\u00fcrfen: Das Expertenteam der Firma Kaduk arbeitet mit Motivation und Elan f\u00fcr Ihrer Erfolg. Wir freuen uns auf Sie!<\/p>","popseo_stadttext":"<h3>Unser Produktsortiment f\u00fcr Kunden aus in|Dach- und Fassadensanierung in|Unsere Spezialisten kommen zu Ihnen nach} Stelle<\/h2>\n<p>Unser Einzugsgebiet umfasst auch Stelle. Durch unsere Gesch\u00e4ftst\u00e4tigkeit haben wir uns einen ausgezeichneten \u00dcberblick \u00fcber die Stadtarchitektur der Gemeinden und St\u00e4dte unseres Vertriebsgebietes erarbeiten k\u00f6nnen. Wir f\u00fchlen uns der Region verpflichtet und sind stolz darauf, auch einen Anteil zur ausgezeichneten Infrastruktur der Gemeinde beizusteuern zu k\u00f6nnen.  <\/p>\n<h3>Ein paar Fakten \u00fcber Stelle<\/h3>\n<p>In der zum Landkreis Harburg geh\u00f6renden Gemeinde Stelle leben insgesamt ca. 11.000 B\u00fcrger auf einer Gesamtfl\u00e4che von knapp 38 Quadratkilometer. Direkt an Hamburg grenzend, z\u00e4hlt Stelle zum sog. \u201eSpeckg\u00fcrtel\u201c der Freien und Hansestadt. Die Bev\u00f6lkerungszahl mit 288 Einwohnern pro Quadratkilometer ist nicht sonderlich hoch, was die Stadt zu einer begehrten Wohngegend macht. Zahlreiche sch\u00f6ne Siedlungen mit einer schmucken Bebauung machen Stelle attraktiv. Leben in einem fast d\u00f6rflichen Umfeld, dabei die Metropole unmittelbar vor der T\u00fcr  \u2013 ein Wohnmodell, das f\u00fcr viele Menschen interessant ist. Eine ganze Reihe Wiesen und W\u00e4lder verleihen der Stadt einen bisweilen nahezu d\u00f6rflichen Charakter. Das lokale Wirtschaftsleben von Stelle ist gepr\u00e4gt von kleinen und mittelst\u00e4ndigen Betrieben. <\/p>\n<p>Stelle ist f\u00fcr Berufspendler besonders gut geeignet. Wer seinen Arbeitsplatz in Hamburg hat, genie\u00dft das eher ruhige Leben in der Peripherie. Stelle verf\u00fcgt \u00fcber zahlreiche idyllische Wohngebiete, die von einer ansprechenden Einzelhausbebauung gepr\u00e4gt sind. <\/p>\n<h4>Wir f\u00fcr Sie in Stelle!<\/h4>\n<p>Sehr gerne \u00fcbernehmen wir auch Arbeiten in Stelle und Umgebung. D\u00fcrfen wir Sie n\u00e4her informieren? Sie erreichen uns telefonisch oder schicken Sie uns eine Email. Wir freuen uns, wenn wir ihnen helfen k\u00f6nnen! Das perfekt eingespielte Team unseres Unternehmens zeichnet sich durch eine zielgerichtete Arbeit aus.<\/p>","popseo_zusatztext":"<h3>Gute Qualit\u00e4t \u2013 g\u00fcnstig und preiswert<\/h3>\n<p>Bauelemente m\u00fcssen gehobenen Anforderungen standhalten. Trotzdem darf es g\u00fcnstig und preiswert sein. Das muss durchaus kein Widerspruch sein. <\/p>\n<p>Als Fachunternehmen f\u00fcr Sonnenschutz und Sicherheit verarbeiten wir ausschlie\u00dflich hochwertige Erzeugnisse. Nichtsdestotrotz schauen wir stets auf ein gutes Preis-Leistungsverh\u00e4ltnis. Wir m\u00f6chten Ihnen Spitzenqualit\u00e4t bieten, die zugleich auch g\u00fcnstig und preiswert ist. Verleihen Sie Ihrem Zuhause g\u00fcnstig und preiswert das besondere Mehr an Qualit\u00e4t. Markisen und Rolll\u00e4den oder andere Sonnenschutzl\u00f6sungen sehen nicht nur h\u00fcbsch aus, sie leisten auch einen bedeutenden Anteil zur W\u00e4rmed\u00e4mmung.  <\/p>\n<h3>G\u00fcnstig und preiswert \u2013 es muss wirklich nicht immer teuer sein<\/h3>\n<p>D\u00fcrfen wir Sie informieren, wie Sie g\u00fcnstig und preiswert einen perfekten Sonnenschutz f\u00fcr Ihr Zuhause umsetzen? Klasse, dann z\u00f6gern Sie bitte nicht und nehmen am besten gleich heute noch Verbindung mit uns auf. Ein kurzer Telefonanruf oder auch eine kurze Mail gen\u00fcgen. Sehr gerne informieren Sie unsere perfekt geschulten Fachleute \u00fcber die diversen M\u00f6glichkeiten, wie Sie Ihr Zuhause g\u00fcnstig und preiswert mit Markisen und Rolll\u00e4den oder anderen Sonnenschutzprodukten versehen. Wir freuen uns auf den Austausch mit Ihnen. <\/p>\n<h4>Top-Qualit\u00e4t g\u00fcnstig und preiswert<\/h4>\n<p>Z\u00e4hlen Sie beim Thema Sonnenschutz und Sicherheit auf den Spezialisten. Nur ein Fachbetrieb kennt die verschiedenen Optionen, wie Sie g\u00fcnstig und preiswert, gleichzeitig qualitativ spitze einen perfekten Sonnenschutz verwirklichen. Qualit\u00e4tsbewusst, g\u00fcnstig und preiswert: Wir empfehlen uns als spezialisiertes Fachunternehmen im Norden. Unsere jahrelange Erfahrung zeichnet uns aus.<\/p>","popseo_links":"<a href=\"https:\/\/www.kaduk-bauelemente.de\/leistungen\/insektenschutz-winsen-luhe\/\">Insektenschutz Winsen Luhe<\/a>, <a href=\"https:\/\/www.kaduk-bauelemente.de\/leistungen\/haustueren-adendorf\/\">Haust\u00fcren Adendorf<\/a>, <a href=\"https:\/\/www.kaduk-bauelemente.de\/leistungen\/carports-amelinghausen\/\">Carports Amelinghausen<\/a>, <a href=\"https:\/\/www.kaduk-bauelemente.de\/leistungen\/fenster-seevetal-rosengarten\/\">Fenster Seevetal Rosengarten<\/a>, <a href=\"https:\/\/www.kaduk-bauelemente.de\/leistungen\/aussenjalousien-bergedorf-wentorf\/\">Au\u00dfenjalousien Bergedorf Wentorf<\/a>, <a href=\"https:\/\/www.kaduk-bauelemente.de\/leistungen\/kunststofffenster-bardowick\/\">Kunststofffenster Bardowick<\/a>, <a href=\"https:\/\/www.kaduk-bauelemente.de\/leistungen\/garagentore-amelinghausen\/\">Garagentore Amelinghausen<\/a>, <a href=\"https:\/\/www.kaduk-bauelemente.de\/leistungen\/terrassenueberdachungen-aus-aluminium-harburg\/\">Terrassen\u00fcberdachungen aus Aluminium Harburg<\/a>, <a href=\"https:\/\/www.kaduk-bauelemente.de\/leistungen\/tueren-amt-neuhaus\/\">T\u00fcren Amt Neuhaus<\/a>, <a href=\"https:\/\/www.kaduk-bauelemente.de\/leistungen\/garagentore-harburg\/\">Garagentore Harburg<\/a>, <a href=\"https:\/\/www.kaduk-bauelemente.de\/leistungen\/sektionaltore-winsen-luhe\/\">Sektionaltore Winsen Luhe<\/a>, <a href=\"https:\/\/www.kaduk-bauelemente.de\/leistungen\/aussenjalousien-uelzen\/\">Au\u00dfenjalousien Uelzen<\/a>, <a href=\"https:\/\/www.kaduk-bauelemente.de\/leistungen\/rolllaeden-hanstedt\/\">Rolll\u00e4den Hanstedt<\/a>, <a href=\"https:\/\/www.kaduk-bauelemente.de\/leistungen\/carports-schwarzenbek\/\">Carports Schwarzenbek<\/a>, <a href=\"https:\/\/www.kaduk-bauelemente.de\/leistungen\/aussenjalousien-maschen\/\">Au\u00dfenjalousien Maschen<\/a>, <a href=\"https:\/\/www.kaduk-bauelemente.de\/leistungen\/raffstores-buechen\/\">Raffstores B\u00fcchen<\/a>, <a href=\"https:\/\/www.kaduk-bauelemente.de\/leistungen\/carports-jesteburg\/\">Carports Jesteburg<\/a>, <a href=\"https:\/\/www.kaduk-bauelemente.de\/leistungen\/aussenjalousien-seevetal-rosengarten\/\">Au\u00dfenjalousien Seevetal Rosengarten<\/a>, <a href=\"https:\/\/www.kaduk-bauelemente.de\/leistungen\/rolltore-amt-neuhaus\/\">Rolltore Amt Neuhaus<\/a>, <a href=\"https:\/\/www.kaduk-bauelemente.de\/leistungen\/raffstores-jesteburg\/\">Raffstores Jesteburg<\/a>, <a href=\"https:\/\/www.kaduk-bauelemente.de\/leistungen\/terrassendaecher-aus-aluminium-amt-neuhaus\/\">Terrassend\u00e4cher aus Aluminium Amt Neuhaus<\/a>, <a href=\"https:\/\/www.kaduk-bauelemente.de\/leistungen\/haustueren-bad-bevensen\/\">Haust\u00fcren Bad Bevensen<\/a>, <a href=\"https:\/\/www.kaduk-bauelemente.de\/leistungen\/markisen-herzogtum-lauenburg\/\">Markisen Herzogtum Lauenburg<\/a>, <a href=\"https:\/\/www.kaduk-bauelemente.de\/leistungen\/terrassendaecher-aus-holz-bienenbuettel\/\">Terrassend\u00e4cher aus Holz Bienenb\u00fcttel<\/a>, <a href=\"https:\/\/www.kaduk-bauelemente.de\/leistungen\/kunststofffenster-bergedorf-wentorf\/\">Kunststofffenster Bergedorf Wentorf<\/a>, <a href=\"https:\/\/www.kaduk-bauelemente.de\/leistungen\/markisen-geesthacht\/\">Markisen Geesthacht<\/a>"},"_links":{"self":[{"href":"https:\/\/www.kaduk-bauelemente.de\/leistungen\/wp-json\/wp\/v2\/pages\/4238","targetHints":{"allow":["GET"]}}],"collection":[{"href":"https:\/\/www.kaduk-bauelemente.de\/leistungen\/wp-json\/wp\/v2\/pages"}],"about":[{"href":"https:\/\/www.kaduk-bauelemente.de\/leistungen\/wp-json\/wp\/v2\/types\/page"}],"author":[{"embeddable":true,"href":"https:\/\/www.kaduk-bauelemente.de\/leistungen\/wp-json\/wp\/v2\/users\/1"}],"replies":[{"embeddable":true,"href":"https:\/\/www.kaduk-bauelemente.de\/leistungen\/wp-json\/wp\/v2\/comments?post=4238"}],"version-history":[{"count":0,"href":"https:\/\/www.kaduk-bauelemente.de\/leistungen\/wp-json\/wp\/v2\/pages\/4238\/revisions"}],"wp:attachment":[{"href":"https:\/\/www.kaduk-bauelemente.de\/leistungen\/wp-json\/wp\/v2\/media?parent=4238"}],"curies":[{"name":"wp","href":"https:\/\/api.w.org\/{rel}","templated":true}]}}