{"id":4234,"date":"2021-08-25T12:18:53","date_gmt":"2021-08-25T10:18:53","guid":{"rendered":"https:\/\/www.kaduk-bauelemente.de\/leistungen\/fliegengitter-reppenstedt\/"},"modified":"2021-08-25T12:18:53","modified_gmt":"2021-08-25T10:18:53","slug":"fliegengitter-reppenstedt","status":"publish","type":"page","link":"https:\/\/www.kaduk-bauelemente.de\/leistungen\/fliegengitter-reppenstedt\/","title":{"rendered":"Fliegengitter &#8211; Reppenstedt"},"content":{"rendered":"<h3>Fliegengitter \u2013 wir beraten Sie!<\/h3>\n<p>Sie m\u00f6gen Ihren Garten und sch\u00e4tzen es, des Sommers auf Ihrer Terrasse zu sitzen. W\u00e4ren da nur nicht immerzu diese l\u00e4stigen Insekten. Jedoch nicht nur im Garten, auch im Haus sind Insekten sehr l\u00e4stige G\u00e4ste. Mit einem zweckdienlichen und zuverl\u00e4ssigen Fliegengitter halten Sie sich die Plagegeister auf Dauer vom Leibe. Wir bieten Ihnen viele Produkte f\u00fcr einen effektiven Insektenschutz. Ein Fliegengitter kann \u2013 richtig angebracht &#8211; n\u00fctzliche Dienste f\u00fcr einen nachhaltigen Insektenschutz bieten. Fragen Sie unsere Mitarbeiter! <\/p>\n<h3>Unser Kundenservice informiert Sie \u00fcber Fliegengitter<\/h3>\n<p>Fliegengitter f\u00fcr Fenster und T\u00fcren sind Teil von unserem Leistungskatalog. Wir bieten Ihnen eine betr\u00e4chtliche Palette f\u00fcr einen durchgreifenden Insektenschutz: Neben simplen Fliegengittern entdecken Sie bei uns auch spezielle L\u00f6sungen f\u00fcr Au\u00dfent\u00fcren und Dachfenster. Nat\u00fcrlich l\u00e4sst sich der nachhaltige Insektenschutz in verschiedenen Ausf\u00fchrungen und Ma\u00dfen umsetzen.<\/p>\n","protected":false},"excerpt":{"rendered":"<p>Fliegengitter \u2013 wir beraten Sie! Sie m\u00f6gen Ihren Garten und sch\u00e4tzen es, des Sommers auf Ihrer Terrasse zu sitzen. W\u00e4ren da nur nicht immerzu diese l\u00e4stigen Insekten. Jedoch nicht nur im Garten, auch im Haus sind Insekten sehr l\u00e4stige G\u00e4ste. Mit einem zweckdienlichen und zuverl\u00e4ssigen Fliegengitter halten Sie sich die Plagegeister auf Dauer vom Leibe. [&hellip;]<\/p>\n","protected":false},"author":1,"featured_media":0,"parent":0,"menu_order":0,"comment_status":"closed","ping_status":"closed","template":"","meta":{"footnotes":""},"class_list":["post-4234","page","type-page","status-publish","hentry"],"meta_box":{"popseo_subtitel":"Kaduk Bauelemente ist Ihr Fachunternehmen f\u00fcr Fliegengitter im Raum Reppenstedt","popseo_subtitel2":"Fliegengitter - die Beratung \u00fcbernimmt der Fachbetrieb","popseo_lasttitel":"Fliegengitter: D\u00fcrfen wir Ihre Fragen beantworten?","popseo_region":"Reppenstedt","popseo_sachwort":"Fliegengitter","popseo_noupdate":"","popseo_einleitungstext":"<p>Wenn Sie mehr wissen m\u00f6chten, informieren wir Sie n\u00e4her \u00fcber unser Produkt- und Leistungsprogramm. Wir pr\u00e4sentieren Ihnen mit Vergn\u00fcgen auch einige Referenzen, die Ihnen einen Einblick in unsere Firment\u00e4tigkeit geben.<br \/>\nSetzen Sie auf die Expertise eines erfahrenen Fachbetriebes. Rufen Sie uns doch einfach einmal an oder schreiben Sie uns eine schnelle E-Mail. Wir freuen uns auf Sie.<\/p>","popseo_schlusstext":"<p>Wenn Sie mehr wissen m\u00f6chten, informieren wir Sie n\u00e4her \u00fcber unsere Produkte und unser Aufgabengebiet. Wir zeigen Ihnen mit Vergn\u00fcgen auch ein paar Referenzprojekte, die Ihnen einen Einblick in unsere Firment\u00e4tigkeit geben.<br \/>\nVertrauen Sie auf das Urteil eines erfahrenen Fachbetriebes. Rufen Sie uns doch einfach einmal an oder schreiben Sie uns eine kurze E-Mail. Wir freuen uns auf Sie.<\/p>","popseo_stadttext":"<h3>Wohn- und Gewerbestandort Reppenstedt<\/h3>\n<p>Sie kommen aus Reppenstedt, Kirchgellersen, S\u00fcdergellersen oder Westergellersen und sind hier im World Wide Web auf unsere Website gesto\u00dfen? Das finden wir toll. Gerne pr\u00e4sentieren wir Ihnen unser komplettes Leistungsspektrum und beantworten Ihre Fragen. Durch unsere Gesch\u00e4ftst\u00e4tigkeit haben wir uns einen sehr guten \u00dcberblick \u00fcber die Stadtarchitektur der St\u00e4dte und Gemeinden unseres Einzugsbereiches erarbeiten k\u00f6nnen. Nat\u00fcrlich z\u00e4hlen auch Reppenstedt und die anderen Ortschaften der Samtgemeinde Gellersen zu unserem unmittelbaren Gesch\u00e4ftsgebiet. Wir freuen uns darauf, mit Ihnen ins Gespr\u00e4ch zu kommen. <\/p>\n<h3>Leben und Arbeiten in Reppenstedt<\/h3>\n<p>\u00dcber 7.600 Einwohner z\u00e4hlt Reppenstedt. Das Gemeindegebiet umfasst ein Areal von in etwa 14 Quadratkilometer. Reppenstedt ist Verwaltungssitz der Samtgemeinde Gellersen, einem Zusammenschluss von kleineren Orten, zu dem neben Reppenstedt selbst auch Westergellersen, S\u00fcdergellersen und Kirchgellersen geh\u00f6ren. Die Samtgemeinde z\u00e4hlt in Summe knapp 14.000 Einwohner und erstreckt sich \u00fcber ein Areal von zirka 73 Quadratkilometern.<\/p>\n<p>Reppenstedt schlie\u00dft unmittelbar westlich an L\u00fcneburg an. \u00dcber die Kreisstra\u00dfe 50 und die Landesstra\u00dfe 216 ist die Gemeinde bequem mit dem PKW zu erreichen. Auch gibt es eine Busverbindung nach L\u00fcneburg. Reppenstedt ist ein familiengeeigneter Ort. Die Gemeinde \u00fcberzeugt wegen ihrer direkten Anbindung an L\u00fcneburg durch eine ausgezeichnete Infrastruktur. Reppenstedt ist ein Ort mit einer reizvollen naturnahen Umgebung. <\/p>\n<h4>Hohe Qualit\u00e4t f\u00fcr Kunden aus Reppenstedt<\/h4>\n<p>Das Leben in Reppenstedt, Westergellersen, Kirchgellersen und S\u00fcdergellersen ist beschaulich. Alle Orte der Samtgemeinde Gellersen verf\u00fcgen \u00fcber sch\u00f6ne Wohnviertel, die besonders von einer typischen Einzelhausbebauung gepr\u00e4gt sind. Sie interessieren sich f\u00fcr unser Leistungsangebot und haben deshalb unsere Homepage besucht? Dar\u00fcber freuen wir uns sehr. Unser engagiertes Team nimmt gerne Ihren Anruf entgegen oder beantwortet Ihre E-Mail.<\/p>","popseo_zusatztext":"<h3>Sonnenschutz vom Fachbetrieb<\/h3>\n<p>Setzen Sie bei Sicherheit und Sonnenschutz auf alle F\u00e4lle auf die sachliche Leistung vom Fachbetrieb. Nur ein Fachbetrieb kennt die Tricks und Tipps, wie man zu einem \u00fcberzeugenden Ergebnis kommt. Um sich mit Fug und Recht Fachbetrieb nennen zu k\u00f6nnen, braucht es eine anerkannte Ausbildung der Mitarbeiter und eine jahrelange Berufserfahrung.  <\/p>\n<p>Unsere Firma empfiehlt sich als Ihr sachkundiger Fachbetrieb f\u00fcr Sonnenschutz und Sicherheit. Erreichen Sie Ihr Ziel und schenken Sie unserem Fachbetrieb Ihr Vertrauen. Wir bieten Ihnen z.B. hochqualitative Markisen und Rolll\u00e4den und legen allerh\u00f6chsten Wert auf einen sehr guten Service. Schon seit vielen Jahren sind wir sachkundiger Fachbetrieb f\u00fcr Terrassend\u00e4cher, Au\u00dfenjalousien, Rolll\u00e4den im Raum L\u00fcneburg. Es ist unser Bestreben, dass Sie \u00fcber lange Zeit viel Freude an Ihrem Sicht und Sonnenschutz haben. Von einem Fachbetrieb d\u00fcrfen Sie nat\u00fcrlich eine fehlerfreie Top-Leistung erwarten.<\/p>\n<h3>Ein Fachbetrieb wei\u00df Rat!<\/h3>\n<p>Als Fachbetrieb darf sich eine Firma bezeichnen, deren Angestellte \u00fcber nachweisbare Qualifikationen verf\u00fcgen. Dies ist beispielsweise eine entsprechende Ausbildung oder ein Meisterbrief. Au\u00dferdem zeichnet eine intensive praktische Erfahrung einen Fachbetrieb aus. Schon seit vielen Jahren konzentrieren wir uns als spezialisiertes Unternehmen auf Sonnenschutz und Sicherheit von Geb\u00e4uden. In diesen vielen Jahren haben wir uns die Bezeichnung Fachbetrieb fraglos verdient. Wir verarbeiten uneingeschr\u00e4nkt hochwertige Produkte. Dabei achten wir stets auf ein sehr gutes Preis-Leistungsverh\u00e4ltnis. Unser Credo als Fachbetrieb: Wir bieten Ihnen 1a-Leistung zu einem sehr guten Preis.<\/p>","popseo_links":"<a href=\"https:\/\/www.kaduk-bauelemente.de\/leistungen\/terrassenueberdachungen-aus-holz-buechen\/\">Terrassen\u00fcberdachungen aus Holz B\u00fcchen<\/a>, <a href=\"https:\/\/www.kaduk-bauelemente.de\/leistungen\/rollladen-buechen\/\">Rollladen B\u00fcchen<\/a>, <a href=\"https:\/\/www.kaduk-bauelemente.de\/leistungen\/fenster-seevetal-rosengarten\/\">Fenster Seevetal Rosengarten<\/a>, <a href=\"https:\/\/www.kaduk-bauelemente.de\/leistungen\/holzfenster-schwarzenbek\/\">Holzfenster Schwarzenbek<\/a>, <a href=\"https:\/\/www.kaduk-bauelemente.de\/leistungen\/garagentore-seevetal-rosengarten\/\">Garagentore Seevetal Rosengarten<\/a>, <a href=\"https:\/\/www.kaduk-bauelemente.de\/leistungen\/rolllaeden-reinbek-glinde\/\">Rolll\u00e4den Reinbek Glinde<\/a>, <a href=\"https:\/\/www.kaduk-bauelemente.de\/leistungen\/tueren-harburg\/\">T\u00fcren Harburg<\/a>, <a href=\"https:\/\/www.kaduk-bauelemente.de\/leistungen\/sektionaltore-schwarzenbek\/\">Sektionaltore Schwarzenbek<\/a>, <a href=\"https:\/\/www.kaduk-bauelemente.de\/leistungen\/rolllaeden-winsen-luhe\/\">Rolll\u00e4den Winsen Luhe<\/a>, <a href=\"https:\/\/www.kaduk-bauelemente.de\/leistungen\/sektionaltore-jesteburg\/\">Sektionaltore Jesteburg<\/a>, <a href=\"https:\/\/www.kaduk-bauelemente.de\/leistungen\/zaunbau-uelzen\/\">Zaunbau Uelzen<\/a>, <a href=\"https:\/\/www.kaduk-bauelemente.de\/leistungen\/zaeune-reppenstedt\/\">Z\u00e4une Reppenstedt<\/a>, <a href=\"https:\/\/www.kaduk-bauelemente.de\/leistungen\/tueren-buchholz\/\">T\u00fcren Buchholz<\/a>, <a href=\"https:\/\/www.kaduk-bauelemente.de\/leistungen\/sektionaltore-bad-bevensen\/\">Sektionaltore Bad Bevensen<\/a>, <a href=\"https:\/\/www.kaduk-bauelemente.de\/leistungen\/raffstores-bienenbuettel\/\">Raffstores Bienenb\u00fcttel<\/a>, <a href=\"https:\/\/www.kaduk-bauelemente.de\/leistungen\/terrassendaecher-aus-aluminium-bienenbuettel\/\">Terrassend\u00e4cher aus Aluminium Bienenb\u00fcttel<\/a>, <a href=\"https:\/\/www.kaduk-bauelemente.de\/leistungen\/terrassendaecher-aus-holz-reppenstedt\/\">Terrassend\u00e4cher aus Holz Reppenstedt<\/a>, <a href=\"https:\/\/www.kaduk-bauelemente.de\/leistungen\/rolllaeden-jesteburg\/\">Rolll\u00e4den Jesteburg<\/a>, <a href=\"https:\/\/www.kaduk-bauelemente.de\/leistungen\/markisen-stelle\/\">Markisen Stelle<\/a>, <a href=\"https:\/\/www.kaduk-bauelemente.de\/leistungen\/aussenjalousien-adendorf\/\">Au\u00dfenjalousien Adendorf<\/a>, <a href=\"https:\/\/www.kaduk-bauelemente.de\/leistungen\/kunststofffenster-bienenbuettel\/\">Kunststofffenster Bienenb\u00fcttel<\/a>, <a href=\"https:\/\/www.kaduk-bauelemente.de\/leistungen\/rolllaeden-tostedt-sittensen\/\">Rolll\u00e4den Tostedt Sittensen<\/a>, <a href=\"https:\/\/www.kaduk-bauelemente.de\/leistungen\/holzfenster-lueneburg\/\">Holzfenster L\u00fcneburg<\/a>, <a href=\"https:\/\/www.kaduk-bauelemente.de\/leistungen\/terrassendaecher-aus-aluminium-reinbek-glinde\/\">Terrassend\u00e4cher aus Aluminium Reinbek Glinde<\/a>, <a href=\"https:\/\/www.kaduk-bauelemente.de\/leistungen\/rolltore-adendorf\/\">Rolltore Adendorf<\/a>, <a href=\"https:\/\/www.kaduk-bauelemente.de\/leistungen\/terrassendaecher-aus-aluminium-buechen\/\">Terrassend\u00e4cher aus Aluminium B\u00fcchen<\/a>"},"_links":{"self":[{"href":"https:\/\/www.kaduk-bauelemente.de\/leistungen\/wp-json\/wp\/v2\/pages\/4234","targetHints":{"allow":["GET"]}}],"collection":[{"href":"https:\/\/www.kaduk-bauelemente.de\/leistungen\/wp-json\/wp\/v2\/pages"}],"about":[{"href":"https:\/\/www.kaduk-bauelemente.de\/leistungen\/wp-json\/wp\/v2\/types\/page"}],"author":[{"embeddable":true,"href":"https:\/\/www.kaduk-bauelemente.de\/leistungen\/wp-json\/wp\/v2\/users\/1"}],"replies":[{"embeddable":true,"href":"https:\/\/www.kaduk-bauelemente.de\/leistungen\/wp-json\/wp\/v2\/comments?post=4234"}],"version-history":[{"count":0,"href":"https:\/\/www.kaduk-bauelemente.de\/leistungen\/wp-json\/wp\/v2\/pages\/4234\/revisions"}],"wp:attachment":[{"href":"https:\/\/www.kaduk-bauelemente.de\/leistungen\/wp-json\/wp\/v2\/media?parent=4234"}],"curies":[{"name":"wp","href":"https:\/\/api.w.org\/{rel}","templated":true}]}}