{"id":4230,"date":"2021-08-25T12:18:53","date_gmt":"2021-08-25T10:18:53","guid":{"rendered":"https:\/\/www.kaduk-bauelemente.de\/leistungen\/fliegengitter-jesteburg\/"},"modified":"2021-08-25T12:18:53","modified_gmt":"2021-08-25T10:18:53","slug":"fliegengitter-jesteburg","status":"publish","type":"page","link":"https:\/\/www.kaduk-bauelemente.de\/leistungen\/fliegengitter-jesteburg\/","title":{"rendered":"Fliegengitter &#8211; Jesteburg"},"content":{"rendered":"<h3>Fliegengitter in gro\u00dfer Auswahl!<\/h3>\n<p>Sie lieben Ihren Garten und genie\u00dfen es, bei sch\u00f6nem Wetter auf Ihrer Terrasse zu sitzen. W\u00e4ren da nur nicht immer diese ungelegenen Insekten. Aber nicht nur im Garten, auch in den vier W\u00e4nden sind Insekten sehr ungelegene G\u00e4ste. Mit einem zuverl\u00e4ssigen und zweckdienlichen Fliegengitter halten Sie sich die Plagegeister best\u00e4ndig vom Leibe. Wir bieten Ihnen eine Menge Artikel f\u00fcr einen wikungsvollen Insektenschutz. Ein Fliegengitter kann \u2013 solide montiert &#8211; wertvolle Dienste f\u00fcr einen wirkungsm\u00e4chtigen Insektenschutz bieten. Fragen Sie unsere Experten! <\/p>\n<h3>Wir beantworten Ihre Fragen zum Fliegengitter<\/h3>\n<p>Fliegengitter f\u00fcr T\u00fcren und Fenster sind wichtiger Teil von unserem Angebotsportfolio. Wir bieten Ihnen eine umfangreiche Palette f\u00fcr einen effektiven Insektenschutz: Neben einfachen Fliegengittern entdecken Sie bei uns auch spezielle L\u00f6sungen f\u00fcr Dachfenster und Au\u00dfent\u00fcren. Selbstverst\u00e4ndlich l\u00e4sst sich der dauerhafte Insektenschutz in unterschiedlichen Ausf\u00fchrungen und Ma\u00dfen realisieren.<\/p>\n","protected":false},"excerpt":{"rendered":"<p>Fliegengitter in gro\u00dfer Auswahl! Sie lieben Ihren Garten und genie\u00dfen es, bei sch\u00f6nem Wetter auf Ihrer Terrasse zu sitzen. W\u00e4ren da nur nicht immer diese ungelegenen Insekten. Aber nicht nur im Garten, auch in den vier W\u00e4nden sind Insekten sehr ungelegene G\u00e4ste. Mit einem zuverl\u00e4ssigen und zweckdienlichen Fliegengitter halten Sie sich die Plagegeister best\u00e4ndig vom [&hellip;]<\/p>\n","protected":false},"author":1,"featured_media":0,"parent":0,"menu_order":0,"comment_status":"closed","ping_status":"closed","template":"","meta":{"footnotes":""},"class_list":["post-4230","page","type-page","status-publish","hentry"],"meta_box":{"popseo_subtitel":"Kaduk Bauelemente ist Ihr Fachbetrieb f\u00fcr Fliegengitter in Jesteburg","popseo_subtitel2":"Fliegengitter - wir haben die richtige L\u00f6sung f\u00fcr Sie","popseo_lasttitel":"Fliegengitter: Wir informieren Sie gerne auch pers\u00f6nlich!","popseo_region":"Jesteburg","popseo_sachwort":"Fliegengitter","popseo_noupdate":"","popseo_einleitungstext":"<p>Wenn Sie mehr wissen m\u00f6chten, informieren wir Sie n\u00e4her \u00fcber unsere Produkte und unser Aufgabengebiet. Wir nennen Ihnen mit Vergn\u00fcgen auch ein paar Referenzprojekte, die Ihnen einen Einblick in unsere Arbeit geben.<br \/>\nSchenken Sie uns Ihr Vertrauen. Rufen Sie uns doch rasch einmal an oder senden Sie uns eine schnelle E-Mail. Wir freuen uns auf Sie.<\/p>","popseo_schlusstext":"<p>Sie ben\u00f6tigen einen Fachpartner f\u00fcr moderne Sonnenschutz- und Sicherheitsl\u00f6sungen. Dann rufen Sie uns bitte rasch an. Wir freuen uns auf das Gespr\u00e4ch mit Ihnen. Wenn es um Bauelemente geht, sind wir Ihr kompetenter Handels- und Handwerkspartner. Wir sorgen f\u00fcr hochwertige Produkte und eine fachgerecht ausgef\u00fchrte Arbeit nach dem stets aktuellsten Stand der Technik.<\/p>","popseo_stadttext":"<h3>Wir freuen uns \u00fcber zufriedene Kunden aus Jesteburg<\/h3>\n<p>Durch unsere Vertriebst\u00e4tigkeit haben wir uns einen guten \u00dcberblick \u00fcber die Architektur der Gemeinden und St\u00e4dte unseres Einzugsbereiches machen k\u00f6nnen. Selbstverst\u00e4ndlich geh\u00f6rt auch Jesteburg zu unserem unmittelbaren Gesch\u00e4ftsgebiet. Wir freuen uns darauf, mit Ihnen ins Gespr\u00e4ch zu treten. <\/p>\n<h3>Einige interessante Informationen \u00fcber Jesteburg<\/h3>\n<p>Jesteburg liegt im n\u00f6rdlichen Niedersachsen und ist zirka 30 Kilometer von von der Freien und Hansestadt Hamburg entfernt. Auf einer Gesamtfl\u00e4che von gut 28 Quadratkilometern wohnen etwa 8.000 B\u00fcrger. <\/p>\n<p>Verwaltungstechnisch z\u00e4hlt Jesteburg zum Kreis Harburg. lediglich 10 Kilometer von Jesteburg entfernt liegt die L\u00fcneburger Heide, ein nach wie vor wunderbarer Naturpark. Jesteburg hat insgesamt vier Gemeindeteile: Itzenb\u00fcttel, Reindorfer Osterberg, L\u00fcllau und Wiedenhof. Pendler bewerten an Jesteburg besonders die zentrale Lage positiv. Wer seinen Arbeitsplatz beispielsweise in Hamburg hat, genie\u00dft sowohl die N\u00e4he zur Gro\u00dfstadt als auch das entspannte Leben am Stadtrand. Jesteburg ist fraglos ein sch\u00f6ner Ort zum Wohnen. \u00dcber die Stadtmauern hinaus bekannt ist Jesteburg durch die j\u00e4hrlich stattfindende Kunstwoche Jesteburg. Knapp 60 K\u00fcnstler stellen auf dem angesehenen Kunstevent ihre Arbeiten aus. In der Kunstst\u00e4tte Bossard werden des Weiteren Kunstwerke aus den Genres Architektur, Bildhauerei und Malerei pr\u00e4sentiert. <\/p>\n<h4>Wir f\u00fcr Sie in Jesteburg!<\/h4>\n<p>Sie interessieren sich f\u00fcr unser Leistungsangebot und sind hier im Internet auf unsere Homepage gesto\u00dfen? Dar\u00fcber freuen wir uns sehr. Gerne pr\u00e4sentieren wir Ihnen unser gesamtes Leistungsspektrum und beantworten Ihre Fragen. Auf den Kontakt zu Ihnen freuen wir uns.<\/p>","popseo_zusatztext":"<h3>G\u00fcnstig und preiswert \u2013 Leistung vom Fachbetrieb<\/h3>\n<p>Bauelemente m\u00fcssen h\u00f6chsten Anspr\u00fcchen gerecht werden. Trotzdem soll es g\u00fcnstig und preiswert sein. Das muss generell kein Widerspruch sein. <\/p>\n<p>Als Fachbetrieb f\u00fcr Sonnenschutz und Sicherheit verarbeiten wir nur hochwertige Erzeugnisse. Trotzdem schauen wir immer auf ein passendes Preis-Leistungsverh\u00e4ltnis. Wir m\u00f6chten Ihnen Qualit\u00e4t anbieten, die zugleich auch g\u00fcnstig und preiswert ist. Geben Sie Ihrem Zuhause g\u00fcnstig und preiswert das gewisse Mehr an Qualit\u00e4t. Markisen und Rolll\u00e4den oder andere Sonnenschutzl\u00f6sungen sehen nicht nur toll aus, sie leisten auch einen wichtigen Anteil zur W\u00e4rmed\u00e4mmung.  <\/p>\n<h3>G\u00fcnstig und preiswert \u2013 trotzdem individuell und schick<\/h3>\n<p>D\u00fcrfen wir Sie beraten, wie Sie g\u00fcnstig und preiswert einen optimalen Sonnenschutz f\u00fcr Ihr Zuhause realisieren? Klasse, dann z\u00f6gern Sie bitte nicht und nehmen am besten gleich heute noch Verbindung mit uns auf. Ein kurzer Telefonanruf oder eine schnelle eMail gen\u00fcgen. Gerne informieren Sie unsere perfekt ausgebildeten Experten \u00fcber die unterschiedlichen M\u00f6glichkeiten, wie Sie Ihr Heim g\u00fcnstig und preiswert mit Markisen und Rolll\u00e4den oder anderen Sonnenschutzprodukten ausstatten. Wir freuen uns auf das Gespr\u00e4ch mit Ihnen. <\/p>\n<h4>G\u00fcnstig und preiswert \u2013 manchmal macht auch der Preis den Unterschied<\/h4>\n<p>Setzen Sie beim Thema Sonnenschutz und Sicherheit auf den Spezialisten. Nur ein Spezialbetrieb kennt die diversen M\u00f6glichkeiten, wie Sie g\u00fcnstig und preiswert, zugleich qualitativ spitze einen tadellosen Sonnenschutz erreichen. Qualit\u00e4tsbewusst, g\u00fcnstig und preiswert: Wir empfehlen uns als spezialisiertes Unternehmen im norddeutschen Gebiet. Unsere gro\u00dfe Erfahrung spricht f\u00fcr uns.<\/p>","popseo_links":"<a href=\"https:\/\/www.kaduk-bauelemente.de\/leistungen\/terrassendaecher-aus-holz-salzhausen\/\">Terrassend\u00e4cher aus Holz Salzhausen<\/a>, <a href=\"https:\/\/www.kaduk-bauelemente.de\/leistungen\/terrassenueberdachungen-aus-holz-uelzen\/\">Terrassen\u00fcberdachungen aus Holz Uelzen<\/a>, <a href=\"https:\/\/www.kaduk-bauelemente.de\/leistungen\/rolllaeden-schwarzenbek\/\">Rolll\u00e4den Schwarzenbek<\/a>, <a href=\"https:\/\/www.kaduk-bauelemente.de\/leistungen\/garagentore-adendorf\/\">Garagentore Adendorf<\/a>, <a href=\"https:\/\/www.kaduk-bauelemente.de\/leistungen\/fenster-amt-neuhaus\/\">Fenster Amt Neuhaus<\/a>, <a href=\"https:\/\/www.kaduk-bauelemente.de\/leistungen\/sektionaltore-bardowick\/\">Sektionaltore Bardowick<\/a>, <a href=\"https:\/\/www.kaduk-bauelemente.de\/leistungen\/fenster-amelinghausen\/\">Fenster Amelinghausen<\/a>, <a href=\"https:\/\/www.kaduk-bauelemente.de\/leistungen\/tueren-seevetal-rosengarten\/\">T\u00fcren Seevetal Rosengarten<\/a>, <a href=\"https:\/\/www.kaduk-bauelemente.de\/leistungen\/rolltore-hanstedt\/\">Rolltore Hanstedt<\/a>, <a href=\"https:\/\/www.kaduk-bauelemente.de\/leistungen\/kunststofffenster-winsen-luhe\/\">Kunststofffenster Winsen Luhe<\/a>, <a href=\"https:\/\/www.kaduk-bauelemente.de\/leistungen\/zaeune-bad-bevensen\/\">Z\u00e4une Bad Bevensen<\/a>, <a href=\"https:\/\/www.kaduk-bauelemente.de\/leistungen\/garagen-reppenstedt\/\">Garagen Reppenstedt<\/a>, <a href=\"https:\/\/www.kaduk-bauelemente.de\/leistungen\/fenster-boizenburg\/\">Fenster Boizenburg<\/a>, <a href=\"https:\/\/www.kaduk-bauelemente.de\/leistungen\/kunststofffenster-herzogtum-lauenburg\/\">Kunststofffenster Herzogtum Lauenburg<\/a>, <a href=\"https:\/\/www.kaduk-bauelemente.de\/leistungen\/raffstores-jesteburg\/\">Raffstores Jesteburg<\/a>, <a href=\"https:\/\/www.kaduk-bauelemente.de\/leistungen\/rolltore-geesthacht\/\">Rolltore Geesthacht<\/a>, <a href=\"https:\/\/www.kaduk-bauelemente.de\/leistungen\/holzfenster-uelzen\/\">Holzfenster Uelzen<\/a>, <a href=\"https:\/\/www.kaduk-bauelemente.de\/leistungen\/raffstores-uelzen\/\">Raffstores Uelzen<\/a>, <a href=\"https:\/\/www.kaduk-bauelemente.de\/leistungen\/holzfenster-seevetal-rosengarten\/\">Holzfenster Seevetal Rosengarten<\/a>, <a href=\"https:\/\/www.kaduk-bauelemente.de\/leistungen\/markisen-amt-neuhaus\/\">Markisen Amt Neuhaus<\/a>, <a href=\"https:\/\/www.kaduk-bauelemente.de\/leistungen\/garagentore-herzogtum-lauenburg\/\">Garagentore Herzogtum Lauenburg<\/a>, <a href=\"https:\/\/www.kaduk-bauelemente.de\/leistungen\/holzfenster-buechen\/\">Holzfenster B\u00fcchen<\/a>, <a href=\"https:\/\/www.kaduk-bauelemente.de\/leistungen\/terrassenueberdachungen-aus-aluminium-bispingen\/\">Terrassen\u00fcberdachungen aus Aluminium Bispingen<\/a>, <a href=\"https:\/\/www.kaduk-bauelemente.de\/leistungen\/sektionaltore-uelzen\/\">Sektionaltore Uelzen<\/a>, <a href=\"https:\/\/www.kaduk-bauelemente.de\/leistungen\/garagentore-salzhausen\/\">Garagentore Salzhausen<\/a>, <a href=\"https:\/\/www.kaduk-bauelemente.de\/leistungen\/insektenschutz-bispingen\/\">Insektenschutz Bispingen<\/a>"},"_links":{"self":[{"href":"https:\/\/www.kaduk-bauelemente.de\/leistungen\/wp-json\/wp\/v2\/pages\/4230","targetHints":{"allow":["GET"]}}],"collection":[{"href":"https:\/\/www.kaduk-bauelemente.de\/leistungen\/wp-json\/wp\/v2\/pages"}],"about":[{"href":"https:\/\/www.kaduk-bauelemente.de\/leistungen\/wp-json\/wp\/v2\/types\/page"}],"author":[{"embeddable":true,"href":"https:\/\/www.kaduk-bauelemente.de\/leistungen\/wp-json\/wp\/v2\/users\/1"}],"replies":[{"embeddable":true,"href":"https:\/\/www.kaduk-bauelemente.de\/leistungen\/wp-json\/wp\/v2\/comments?post=4230"}],"version-history":[{"count":0,"href":"https:\/\/www.kaduk-bauelemente.de\/leistungen\/wp-json\/wp\/v2\/pages\/4230\/revisions"}],"wp:attachment":[{"href":"https:\/\/www.kaduk-bauelemente.de\/leistungen\/wp-json\/wp\/v2\/media?parent=4230"}],"curies":[{"name":"wp","href":"https:\/\/api.w.org\/{rel}","templated":true}]}}