{"id":4229,"date":"2021-08-25T12:18:44","date_gmt":"2021-08-25T10:18:44","guid":{"rendered":"https:\/\/www.kaduk-bauelemente.de\/leistungen\/fliegengitter-herzogtum-lauenburg\/"},"modified":"2021-08-25T12:18:44","modified_gmt":"2021-08-25T10:18:44","slug":"fliegengitter-herzogtum-lauenburg","status":"publish","type":"page","link":"https:\/\/www.kaduk-bauelemente.de\/leistungen\/fliegengitter-herzogtum-lauenburg\/","title":{"rendered":"Fliegengitter &#8211; Herzogtum Lauenburg"},"content":{"rendered":"<h3>Fliegengitter vom Fachbetrieb<\/h3>\n<p>Sie m\u00f6gen Ihren Garten und sch\u00e4tzen es, bei sch\u00f6nem Wetter auf der Terrasse zu sitzen. W\u00e4ren da nur nicht immer diese ungelegenen Insekten. Jedoch nicht nur im Garten, ebenso drinnen sind Insekten ausgesprochen st\u00f6rende G\u00e4ste. Mit einem zweckdienlichen und zuverl\u00e4ssigen Fliegengitter halten Sie sich die kleinen Qu\u00e4lgeister auf Dauer vom Leibe. Wir bieten Ihnen viele M\u00f6glichkeiten f\u00fcr einen wikungsvollen Insektenschutz. Ein Fliegengitter kann \u2013 sachgerecht montiert &#8211; n\u00fctzliche Dienste f\u00fcr einen erfolgreichen Insektenschutz bieten. Fragen Sie unsere Profis! <\/p>\n<h3>Wir informieren Sie \u00fcber Fliegengitter<\/h3>\n<p>Fliegengitter f\u00fcr T\u00fcren und Fenster sind wichtiger Teil von unserem Angebot. Wir bieten Ihnen eine betr\u00e4chtliche Palette f\u00fcr einen effektiven Insektenschutz: Neben simplen Fliegengittern finden Sie bei uns auch besondere L\u00f6sungen f\u00fcr Dachfenster und Au\u00dfent\u00fcren. Nat\u00fcrlich l\u00e4sst sich der dauerhafte Insektenschutz in unterschiedlichen Ausf\u00fchrungen und Ma\u00dfen in die Tat umsetzen.<\/p>\n","protected":false},"excerpt":{"rendered":"<p>Fliegengitter vom Fachbetrieb Sie m\u00f6gen Ihren Garten und sch\u00e4tzen es, bei sch\u00f6nem Wetter auf der Terrasse zu sitzen. W\u00e4ren da nur nicht immer diese ungelegenen Insekten. Jedoch nicht nur im Garten, ebenso drinnen sind Insekten ausgesprochen st\u00f6rende G\u00e4ste. Mit einem zweckdienlichen und zuverl\u00e4ssigen Fliegengitter halten Sie sich die kleinen Qu\u00e4lgeister auf Dauer vom Leibe. Wir [&hellip;]<\/p>\n","protected":false},"author":1,"featured_media":0,"parent":0,"menu_order":0,"comment_status":"closed","ping_status":"closed","template":"","meta":{"footnotes":""},"class_list":["post-4229","page","type-page","status-publish","hentry"],"meta_box":{"popseo_subtitel":"Wir sind Ihr Fachunternehmen f\u00fcr Fliegengitter in Herzogtum Lauenburg","popseo_subtitel2":"Fliegengitter - setzen Sie auf wirksame L\u00f6sungen","popseo_lasttitel":"Fliegengitter: Unsere Experten beantworten Ihre Fragen","popseo_region":"Herzogtum Lauenburg","popseo_sachwort":"Fliegengitter","popseo_noupdate":"","popseo_einleitungstext":"<p>Wenn es um Sicherheit und Sonnenschutz geht, sind Sie bei der Firma Kaduk exakt an der richtigen Adresse. Seit Firmengr\u00fcndung sind wir Ihre lokalen Experten f\u00fcr qualitativ hochwertige Bauelemente. Zu unserem Produktsortiment z\u00e4hlen zum Beispiel Markisen, Terrassend\u00e4cher, Rolltore, Au\u00dfenjalousien, T\u00fcren, Fenster, Carports und Rolll\u00e4den. Wir erledigen Montage- und Reparaturarbeiten und zeigen Ihnen M\u00f6glichkeiten auf, wie Sie Ihr Gesch\u00e4fts- oder Wohnhaus mit modernen Bauelementen ausstatten k\u00f6nnen. Nachfolgend haben wir erste Informationen f\u00fcr Sie zusammengestellt.<\/p>","popseo_schlusstext":"<p>Auf Wunsch informieren wir Sie n\u00e4her \u00fcber unser Produkt- und Leistungsprogramm. Wir zeigen Ihnen mit Vergn\u00fcgen auch einige Referenzprojekte, die Ihnen einen Einblick in unsere T\u00e4tigkeit geben.<br \/>\nSchenken Sie uns Ihr Vertrauen. Rufen Sie uns doch einfach einmal an oder schicken Sie uns eine kurze E-Mail. Wir freuen uns auf den Kontakt zu Ihnen.<\/p>","popseo_stadttext":"<h3>Unser Einzugsbereich umfasst auch den Kreis Herzogtum Lauenburg<\/h3>\n<p>Durch unsere Gesch\u00e4ftst\u00e4tigkeit haben wir uns einen guten \u00dcberblick \u00fcber die Architektur der St\u00e4dte und Gemeinden unseres Einzugsbereiches machen k\u00f6nnen. Nat\u00fcrlich geh\u00f6rt auch der Kreis Herzogtum Lauenburg zu unserem unmittelbaren Gesch\u00e4ftsgebiet. Wir freuen uns darauf, mit Ihnen ins Gespr\u00e4ch zu treten. <\/p>\n<h3>Ein paar Fakten \u00fcber den Kreis Herzogtum Lauenburg<\/h3>\n<p>Der Kreis Herzogtum Lauenburg zieht sich \u00fcber in etwa 1200 qkm und ist Heimat von gut 190.000 B\u00fcrgern. Die gr\u00f6\u00dfen St\u00e4dte im Landkreis Herzogtum Lauenburg sind neben der Kreisstadt Lauenburg die Orte Geesthacht, Ratzeburg und M\u00f6lln. <\/p>\n<p>Der Landkreis Herzogtum Lauenburg geh\u00f6rt zur Metropolregion Hamburg. Der schleswig-holsteinische Landkreis verf\u00fcgt \u00fcber eine gute Infrastruktur, was daran ersichtlich wird, dass die eher l\u00e4ndliche Region dem Hamburger Verkehrsverbund (HVV) angeh\u00f6rt. Mit dem Auto f\u00e4hrt man \u00fcber die Bundesautobahnen 1, 24 und 25 in den Kreis Herzogtum Lauenburg. Die deutsche Bahn steuert den Landkreis Herzogtum Lauenburg u.a. \u00fcber die Linien mit den Zielen M\u00f6lln, Schwarzenbek und Ratzeburg an.<\/p>\n<h3>Herzogtum Lauenburg: Perfekt f\u00fcr junge Familien<\/h3>\n<p>Der Kreis Herzogtum Lauenburg ist sehr beliebt bei Pendlern. Wer in der Metropole Hamburg seinen Arbeitgeber hat, erreicht seine Wohnstatt im Kreis Herzogtum Lauenburg zumeist in kaum mehr als 45 min. Arbeiten in der Gro\u00dfstadt, wohnen auf dem Lande: Eine Kombination, die besonders f\u00fcr moderne Familien reizvoll ist. <\/p>\n<p>Der Landkreis Herzogtum Lauenburg zeichnet sich durch einen hohen Wohn- und Freizeitwert und eine besondere Lebensqualit\u00e4t aus. Das Kreisgebiet verf\u00fcgt \u00fcber gro\u00dfe Naturgebiete, die sich am besten auf zwei Sohlen oder mit dem Mountainbike erkunden lassen.<\/p>\n<h4>Unsere Leistung f\u00fcr qualit\u00e4tsbewusste Kunden aus dem Kreis Herzogtum Lauenburg<\/h4>\n<p>Wir finden es klasse, dass Sie unsere Internetseite gefunden haben. Ob Geesthacht, Ratzeburg oder M\u00f6lln: Privat- und Gesch\u00e4ftskunden profitieren von einem sehr guten Preis-Leistungs-Verh\u00e4ltnis. Sie m\u00f6chten mehr \u00fcber uns wissen? F\u00fcr R\u00fcckfragen stehen wir Ihnen jederzeit zur Verf\u00fcgung. Unser engagiertes Team freut sich auf Sie.<\/p>","popseo_zusatztext":"<h3>Wir sind Fachbetrieb f\u00fcr Sicht- und Sonnenschutz<\/h3>\n<p>Vertrauen Sie bei Sicherheit und Sonnenschutz auf jeden Fall auf die sachliche Leistung vom Fachbetrieb. Nur ein Fachbetrieb kennt die Tipps und Tricks, wie man zu einem sachgerechten Ergebnis kommt. Um sich mit Fug und Recht als Fachbetrieb bezeichnen zu d\u00fcrfen, bedarf es einer qualifizierten Ausbildung der Mitarbeiter und einer jahrelangen Fachkenntnis.  <\/p>\n<p>Unser Betrieb empfiehlt sich als Ihr qualifizierter Fachbetrieb f\u00fcr Sonnenschutz und Sicherheit. Setzen Sie auf Qualit\u00e4t und schenken Sie unserem Fachbetrieb Ihr Vertrauen. Wir bieten Ihnen beispielsweise schicke Markisen und Rolll\u00e4den und legen massiv Wert auf einen perfekten Service. Schon seit vielen Jahren sind wir qualifizierter Fachbetrieb f\u00fcr Terrassend\u00e4cher, Au\u00dfenjalousien, Rolll\u00e4den im Raum L\u00fcneburg. Es ist uns wichtig, dass Sie \u00fcber lange Zeit viel Freude an Ihrem Sicht und Sonnenschutz haben. Von einem Fachbetrieb d\u00fcrfen Sie ohne Wenn und Aber eine fehlerfreie Top-Leistung erwarten.<\/p>\n<h3>Auf einen Fachbetrieb ist Verlass<\/h3>\n<p>Als Fachbetrieb darf sich eine Firma bezeichnen, deren Mitarbeiter \u00fcber dokumentierte Qualifikationen verf\u00fcgen. Dies ist unter anderem eine entsprechende Ausbildung oder ein Meisterbrief. Dar\u00fcber hinaus zeichnet eine langj\u00e4hrige praktische Erfahrung einen Fachbetrieb aus. Schon seit vielen Jahren konzentrieren wir uns als spezialisiertes Unternehmen auf Sonnenschutz und Sicherheit von Wohn- und Gesch\u00e4ftsgeb\u00e4uden. In diesen vielen Jahren haben wir uns das Attribut Fachbetrieb ganz sicher erarbeitet. Wir verarbeiten lediglich qualitativ beste Produkte. Dabei achten wir stets auf ein faires Preis-Leistungsverh\u00e4ltnis. Unser Credo als Fachbetrieb: Wir bieten Ihnen 1a-Leistung zu einem erstaunlichen Preis.<\/p>","popseo_links":"<a href=\"https:\/\/www.kaduk-bauelemente.de\/leistungen\/terrassenueberdachungen-aus-holz-reppenstedt\/\">Terrassen\u00fcberdachungen aus Holz Reppenstedt<\/a>, <a href=\"https:\/\/www.kaduk-bauelemente.de\/leistungen\/insektenschutz-amt-neuhaus\/\">Insektenschutz Amt Neuhaus<\/a>, <a href=\"https:\/\/www.kaduk-bauelemente.de\/leistungen\/haustueren-jesteburg\/\">Haust\u00fcren Jesteburg<\/a>, <a href=\"https:\/\/www.kaduk-bauelemente.de\/leistungen\/fenster-boizenburg\/\">Fenster Boizenburg<\/a>, <a href=\"https:\/\/www.kaduk-bauelemente.de\/leistungen\/holzfenster-stelle\/\">Holzfenster Stelle<\/a>, <a href=\"https:\/\/www.kaduk-bauelemente.de\/leistungen\/rolllaeden-jesteburg\/\">Rolll\u00e4den Jesteburg<\/a>, <a href=\"https:\/\/www.kaduk-bauelemente.de\/leistungen\/holzfenster-adendorf\/\">Holzfenster Adendorf<\/a>, <a href=\"https:\/\/www.kaduk-bauelemente.de\/leistungen\/haustueren-winsen-luhe\/\">Haust\u00fcren Winsen Luhe<\/a>, <a href=\"https:\/\/www.kaduk-bauelemente.de\/leistungen\/terrassendaecher-aus-holz-reinbek-glinde\/\">Terrassend\u00e4cher aus Holz Reinbek Glinde<\/a>, <a href=\"https:\/\/www.kaduk-bauelemente.de\/leistungen\/terrassenueberdachungen-aus-holz-harburg\/\">Terrassen\u00fcberdachungen aus Holz Harburg<\/a>, <a href=\"https:\/\/www.kaduk-bauelemente.de\/leistungen\/kunststofffenster-buchholz\/\">Kunststofffenster Buchholz<\/a>, <a href=\"https:\/\/www.kaduk-bauelemente.de\/leistungen\/tueren-harburg\/\">T\u00fcren Harburg<\/a>, <a href=\"https:\/\/www.kaduk-bauelemente.de\/leistungen\/raffstores-stelle\/\">Raffstores Stelle<\/a>, <a href=\"https:\/\/www.kaduk-bauelemente.de\/leistungen\/terrassenueberdachungen-aus-aluminium-bispingen\/\">Terrassen\u00fcberdachungen aus Aluminium Bispingen<\/a>, <a href=\"https:\/\/www.kaduk-bauelemente.de\/leistungen\/markisen-harburg\/\">Markisen Harburg<\/a>, <a href=\"https:\/\/www.kaduk-bauelemente.de\/leistungen\/sektionaltore-salzhausen\/\">Sektionaltore Salzhausen<\/a>, <a href=\"https:\/\/www.kaduk-bauelemente.de\/leistungen\/kunststofffenster-hanstedt\/\">Kunststofffenster Hanstedt<\/a>, <a href=\"https:\/\/www.kaduk-bauelemente.de\/leistungen\/garagentore-reinbek-glinde\/\">Garagentore Reinbek Glinde<\/a>, <a href=\"https:\/\/www.kaduk-bauelemente.de\/leistungen\/rolltore-reinbek-glinde\/\">Rolltore Reinbek Glinde<\/a>, <a href=\"https:\/\/www.kaduk-bauelemente.de\/leistungen\/carports-maschen\/\">Carports Maschen<\/a>, <a href=\"https:\/\/www.kaduk-bauelemente.de\/leistungen\/sektionaltore-adendorf\/\">Sektionaltore Adendorf<\/a>, <a href=\"https:\/\/www.kaduk-bauelemente.de\/leistungen\/rollladen-lueneburg\/\">Rollladen L\u00fcneburg<\/a>, <a href=\"https:\/\/www.kaduk-bauelemente.de\/leistungen\/markisen-winsen-luhe\/\">Markisen Winsen Luhe<\/a>, <a href=\"https:\/\/www.kaduk-bauelemente.de\/leistungen\/kunststofffenster-adendorf\/\">Kunststofffenster Adendorf<\/a>, <a href=\"https:\/\/www.kaduk-bauelemente.de\/leistungen\/rolltore-harburg\/\">Rolltore Harburg<\/a>, <a href=\"https:\/\/www.kaduk-bauelemente.de\/leistungen\/garagentore-harburg\/\">Garagentore Harburg<\/a>"},"_links":{"self":[{"href":"https:\/\/www.kaduk-bauelemente.de\/leistungen\/wp-json\/wp\/v2\/pages\/4229","targetHints":{"allow":["GET"]}}],"collection":[{"href":"https:\/\/www.kaduk-bauelemente.de\/leistungen\/wp-json\/wp\/v2\/pages"}],"about":[{"href":"https:\/\/www.kaduk-bauelemente.de\/leistungen\/wp-json\/wp\/v2\/types\/page"}],"author":[{"embeddable":true,"href":"https:\/\/www.kaduk-bauelemente.de\/leistungen\/wp-json\/wp\/v2\/users\/1"}],"replies":[{"embeddable":true,"href":"https:\/\/www.kaduk-bauelemente.de\/leistungen\/wp-json\/wp\/v2\/comments?post=4229"}],"version-history":[{"count":0,"href":"https:\/\/www.kaduk-bauelemente.de\/leistungen\/wp-json\/wp\/v2\/pages\/4229\/revisions"}],"wp:attachment":[{"href":"https:\/\/www.kaduk-bauelemente.de\/leistungen\/wp-json\/wp\/v2\/media?parent=4229"}],"curies":[{"name":"wp","href":"https:\/\/api.w.org\/{rel}","templated":true}]}}