{"id":4228,"date":"2021-08-25T12:18:44","date_gmt":"2021-08-25T10:18:44","guid":{"rendered":"https:\/\/www.kaduk-bauelemente.de\/leistungen\/fliegengitter-harburg\/"},"modified":"2021-08-25T12:18:44","modified_gmt":"2021-08-25T10:18:44","slug":"fliegengitter-harburg","status":"publish","type":"page","link":"https:\/\/www.kaduk-bauelemente.de\/leistungen\/fliegengitter-harburg\/","title":{"rendered":"Fliegengitter &#8211; Harburg"},"content":{"rendered":"<h3>Fliegengitter \u2013 wir beraten Sie!<\/h3>\n<p>Sie m\u00f6gen Ihren Garten und sch\u00e4tzen es, im Sommer auf der Terrasse zu sitzen. W\u00e4ren da blo\u00df nicht immer diese ungelegenen Insekten. Jedoch nicht nur im Garten, ebenso in den vier W\u00e4nden sind Insekten mehr als nur ungelegene G\u00e4ste. Mit einem zweckdienlichen und zuverl\u00e4ssigen Fliegengitter halten Sie sich die Plagegeister auf Dauer vom Leibe. Wir bieten Ihnen eine Menge Artikel f\u00fcr einen nachhaltigen Insektenschutz. Ein Fliegengitter kann \u2013 sachgerecht montiert &#8211; n\u00fctzliche Dienste f\u00fcr einen nachhaltigen Insektenschutz bieten. Fragen Sie unsere Experten! <\/p>\n<h3>Wir informieren Sie \u00fcber Fliegengitter<\/h3>\n<p>Fliegengitter f\u00fcr T\u00fcren und Fenster sind wichtiger Teil von unserem Leistungskatalog. Wir bieten Ihnen eine erstaunliche Angebotspalette f\u00fcr einen effektiven Insektenschutz: Neben simplen Fliegengittern entdecken Sie bei uns auch spezielle L\u00f6sungen f\u00fcr Dachfenster und Au\u00dfent\u00fcren. Selbstverst\u00e4ndlich l\u00e4sst sich der dauerhafte Insektenschutz in unterschiedlichen Ausf\u00fchrungen und Ma\u00dfen in die Tat umsetzen.<\/p>\n","protected":false},"excerpt":{"rendered":"<p>Fliegengitter \u2013 wir beraten Sie! Sie m\u00f6gen Ihren Garten und sch\u00e4tzen es, im Sommer auf der Terrasse zu sitzen. W\u00e4ren da blo\u00df nicht immer diese ungelegenen Insekten. Jedoch nicht nur im Garten, ebenso in den vier W\u00e4nden sind Insekten mehr als nur ungelegene G\u00e4ste. Mit einem zweckdienlichen und zuverl\u00e4ssigen Fliegengitter halten Sie sich die Plagegeister [&hellip;]<\/p>\n","protected":false},"author":1,"featured_media":0,"parent":0,"menu_order":0,"comment_status":"closed","ping_status":"closed","template":"","meta":{"footnotes":""},"class_list":["post-4228","page","type-page","status-publish","hentry"],"meta_box":{"popseo_subtitel":"Kaduk Bauelemente ist Ihr Fachanbieter f\u00fcr Fliegengitter im Raum Harburg","popseo_subtitel2":"Fliegengitter - wirksam und hochwertig","popseo_lasttitel":"Fliegengitter: Wir beantworten Ihre Fragen!","popseo_region":"Harburg","popseo_sachwort":"Fliegengitter","popseo_noupdate":"","popseo_einleitungstext":"<p>Wenn Sie mehr wissen m\u00f6chten, informieren wir Sie n\u00e4her \u00fcber unser Produkt- und Leistungsprogramm. Wir nennen Ihnen mit Vergn\u00fcgen auch einige Projekte, die Ihnen einen Einblick in unsere Firment\u00e4tigkeit geben.<br \/>\nSchenken Sie uns Ihr Vertrauen. Rufen Sie uns doch einfach einmal an oder schreiben Sie uns eine schnelle E-Mail. Wir freuen uns auf den Kontakt zu Ihnen.<\/p>","popseo_schlusstext":"<p>Wenn Sie einen qualifizierten Fachbetrieb f\u00fcr hochwertige Sonnenschutz- und Sicherheitsprodukte suchen, sind Sie bei uns an der richtigen Adresse. Sie m\u00f6chten mehr \u00fcber uns erfahren? Als auf Bauelemente spezialisierte Handwerksfirma sind wir f\u00fcr Ihr Vorhaben der perfekte Partner und freuen uns \u00fcber Ihre Kontaktaufnahme, ganz egal ob durch Anruf oder E-Mail. Worauf Sie neben Fachwissen setzen d\u00fcrfen: Unser Team ist motiviert und immer mit Schwung und Elan f\u00fcr Sie im Einsatz. Wir freuen uns auf das Gespr\u00e4ch mit Ihnen!<\/p>","popseo_stadttext":"<h3>Wir freuen uns \u00fcber Anfragen aus Harburg<\/h2>\n<p>Durch unsere Gesch\u00e4ftst\u00e4tigkeit haben wir uns einen sehr guten \u00dcberblick \u00fcber die Stadtarchitektur der Gemeinden und St\u00e4dte unseres Einzugsbereiches erarbeiten k\u00f6nnen. Nat\u00fcrlich geh\u00f6rt auch Harburg zu unserem unmittelbaren Wirkungskreis. Wir freuen uns darauf, mit Ihnen in Kontakt zu kommen. <\/p>\n<h3>Interessante Fakten zu Harburg<\/h3>\n<p>Harburg ist ein Stadtteil der Hansestadt Hamburg. Harburg war ehemals autonom. 1927 erfolgte zun\u00e4chst die Vereinigung mit Wilhelmsburg zur seinerzeit 110.000 Anwohner z\u00e4hlenden Stadt Harburg-Wilhelmsburg. Zehn Jahre danach ordnete die Verwaltung final dieses neu gebildete Stadtkonstrukt dem Hamburger Staat zu. Harburg verlor damit seine Autonomie. 1951 entstand dar\u00fcber hinaus der Verwaltungsbezirk Harburg. Harburg liegt an der S\u00fcderelbe. Der Stadtteil grenzt an Hamburg-Wilhemlsburg und Hamburg-Neuland und an die nieders\u00e4chsischen Kreise Harburg und Stade.  <\/p>\n<h3>Reizvolles Harburg!<\/h3>\n<p>Besonders die Vergr\u00f6\u00dferung des Binnenhafens Mitte des 19. Jahrhunderts war f\u00fcr das Wachstum von Harburg entscheidend. Die kautschuk- und \u00f6lverarbeitende Industrie sorgte in Harburg f\u00fcr einen anhaltenden Aufschwung. Ab den 60er Jahren zog sich die Hafenindustrie gro\u00dffl\u00e4chig aus Harburg zur\u00fcck. Immer mehr Geb\u00e4ude und Industriefl\u00e4chen lagen brach. Der Strukturwandel wirkte sich erheblich auf das Leben im Stadtteil Harburg aus. <\/p>\n<p>In den letzten Jahrzehnten hat sich Harburg erkennbar entwickelt und sich vorrangig als Wohngegend einen Namen gemacht. Die Infrastruktur von Harburg ist ausgezeichnet: Die Innenstadt hat sich zu einem Einzelhandelszentrum entfaltet. Allein drei gro\u00dfe Shoppingzentren sind in Harburg beheimatet. Der Stadtteil verf\u00fcgt des Weiteren \u00fcber viele ruhige und reizvoll gelegene Wohngebiete. Ein zus\u00e4tzlicher Pluspunkt: Mit der S-Bahn f\u00e4hrt man nur rund 15 Minuten bis zum Hamburger Hauptbahnhof. In den vergangenen Jahren wurden erstaunlich viele Neubauprojekte in Harburg gestartet. Besonders das hafennahe Areal um die Schlossinsel Harburg sowie das Gebiet um den Veritaskai wurden stadtarchitektonisch modernisiert. Harburg ist f\u00fcr sein Bildungsangebot begehrt. Die Technische Universit\u00e4t Hamburg-Harburg, die K\u00fchne School of Logistics sowie das Northern Institut of Technology genie\u00dfen einen guten Ruf. <\/p>\n<h4>Hohe Qualit\u00e4t f\u00fcr Kunden aus Harburg<\/h4>\n<p>Sie interessieren sich f\u00fcr unser Angebot und sind hier im World Wide Web auf unsere Website gesto\u00dfen? Dar\u00fcber freuen wir uns sehr. Sehr gerne pr\u00e4sentieren wir Ihnen unser komplettes Leistungsspektrum und beantworten Ihre Fragen. Unser engagiertes Team freut sich auf Sie.<\/p>","popseo_zusatztext":"<h3>G\u00fcnstig und preiswert \u2013 Leistung vom Fachbetrieb<\/h3>\n<p>Bauelemente m\u00fcssen hohen Erwartungen standhalten. Nichtsdestrotrotz mu\u00df es g\u00fcnstig und preiswert sein. Das muss durchaus kein Widerspruch sein. <\/p>\n<p>Als Fachunternehmen f\u00fcr Sonnenschutz- und Sicherheitsl\u00f6sungen verwenden wir nur hochwertige Produkte. Trotzdem schauen wir grunds\u00e4tzlich auf ein angemessenes Preis-Leistungsverh\u00e4ltnis. Wir m\u00f6chten Ihnen Spitzenqualit\u00e4t bieten, die zugleich auch g\u00fcnstig und preiswert ist. Geben Sie Ihrem Heim g\u00fcnstig und preiswert das besondere Plus an Qualit\u00e4t. Rolll\u00e4den und Markisen oder andere Sonnenschutzl\u00f6sungen sehen nicht nur toll aus, sie leisten auch einen bedeutsamen Anteil zur W\u00e4rmed\u00e4mmung.  <\/p>\n<h3>G\u00fcnstig und preiswert ohne Abstriche bei der Qualit\u00e4t<\/h3>\n<p>D\u00fcrfen wir Sie informieren, wie Sie g\u00fcnstig und preiswert einen optimalen Sonnenschutz f\u00fcr Ihr Haus umsetzen? Toll, dann warten Sie bitte nicht und nehmen am besten gleich heute noch Kontakt mit uns auf. Ein kurzer Telefonanruf oder auch eine kurze E-Mail gen\u00fcgen. Mit Vergn\u00fcgen informieren Sie unsere perfekt ausgebildeten Profis \u00fcber die verschiedenen Optionen, wie Sie Ihr Heim g\u00fcnstig und preiswert mit Rolll\u00e4den und Markisen oder anderen Sonnenschutzprodukten ausstatten. Wir freuen uns auf das Gespr\u00e4ch mit Ihnen. <\/p>\n<h4>Hochwertige Arbeit g\u00fcnstig und preiswert<\/h4>\n<p>Vertrauen Sie beim Thema Sonnenschutz und Sicherheit auf den Spezialisten. Nur ein Spezialbetrieb kennt die diversen M\u00f6glichkeiten, wie Sie g\u00fcnstig und preiswert, zugleich qualitativ spitze einen tadellosen Sonnenschutz erreichen. Qualit\u00e4tsbewusst, g\u00fcnstig und preiswert: Wir empfehlen uns als spezialisiertes Unternehmen im norddeutschen Gebiet. Unsere gro\u00dfe Erfahrung zeichnet uns aus.<\/p>","popseo_links":"<a href=\"https:\/\/www.kaduk-bauelemente.de\/leistungen\/holzfenster-ebstorf\/\">Holzfenster Ebstorf<\/a>, <a href=\"https:\/\/www.kaduk-bauelemente.de\/leistungen\/raffstores-bardowick\/\">Raffstores Bardowick<\/a>, <a href=\"https:\/\/www.kaduk-bauelemente.de\/leistungen\/holzfenster-stelle\/\">Holzfenster Stelle<\/a>, <a href=\"https:\/\/www.kaduk-bauelemente.de\/leistungen\/insektenschutz-seevetal-rosengarten\/\">Insektenschutz Seevetal Rosengarten<\/a>, <a href=\"https:\/\/www.kaduk-bauelemente.de\/leistungen\/sektionaltore-maschen\/\">Sektionaltore Maschen<\/a>, <a href=\"https:\/\/www.kaduk-bauelemente.de\/leistungen\/terrassenueberdachungen-aus-holz-reinbek-glinde\/\">Terrassen\u00fcberdachungen aus Holz Reinbek Glinde<\/a>, <a href=\"https:\/\/www.kaduk-bauelemente.de\/leistungen\/insektenschutz-salzhausen\/\">Insektenschutz Salzhausen<\/a>, <a href=\"https:\/\/www.kaduk-bauelemente.de\/leistungen\/fenster-bienenbuettel\/\">Fenster Bienenb\u00fcttel<\/a>, <a href=\"https:\/\/www.kaduk-bauelemente.de\/leistungen\/zaunbau-buchholz\/\">Zaunbau Buchholz<\/a>, <a href=\"https:\/\/www.kaduk-bauelemente.de\/leistungen\/kunststofffenster-buechen\/\">Kunststofffenster B\u00fcchen<\/a>, <a href=\"https:\/\/www.kaduk-bauelemente.de\/leistungen\/rolllaeden-schwarzenbek\/\">Rolll\u00e4den Schwarzenbek<\/a>, <a href=\"https:\/\/www.kaduk-bauelemente.de\/leistungen\/rolltore-amelinghausen\/\">Rolltore Amelinghausen<\/a>, <a href=\"https:\/\/www.kaduk-bauelemente.de\/leistungen\/insektenschutz-maschen\/\">Insektenschutz Maschen<\/a>, <a href=\"https:\/\/www.kaduk-bauelemente.de\/leistungen\/aussenjalousien-bad-bevensen\/\">Au\u00dfenjalousien Bad Bevensen<\/a>, <a href=\"https:\/\/www.kaduk-bauelemente.de\/leistungen\/haustueren-seevetal-rosengarten\/\">Haust\u00fcren Seevetal Rosengarten<\/a>, <a href=\"https:\/\/www.kaduk-bauelemente.de\/leistungen\/aussenjalousien-bardowick\/\">Au\u00dfenjalousien Bardowick<\/a>, <a href=\"https:\/\/www.kaduk-bauelemente.de\/leistungen\/raffstores-hanstedt\/\">Raffstores Hanstedt<\/a>, <a href=\"https:\/\/www.kaduk-bauelemente.de\/leistungen\/tueren-bispingen\/\">T\u00fcren Bispingen<\/a>, <a href=\"https:\/\/www.kaduk-bauelemente.de\/leistungen\/terrassenueberdachungen-aus-holz-lueneburg\/\">Terrassen\u00fcberdachungen aus Holz L\u00fcneburg<\/a>, <a href=\"https:\/\/www.kaduk-bauelemente.de\/leistungen\/carports-reinbek-glinde\/\">Carports Reinbek Glinde<\/a>, <a href=\"https:\/\/www.kaduk-bauelemente.de\/leistungen\/terrassendaecher-aus-aluminium-geesthacht\/\">Terrassend\u00e4cher aus Aluminium Geesthacht<\/a>, <a href=\"https:\/\/www.kaduk-bauelemente.de\/leistungen\/rolllaeden-reppenstedt\/\">Rolll\u00e4den Reppenstedt<\/a>, <a href=\"https:\/\/www.kaduk-bauelemente.de\/leistungen\/carports-maschen\/\">Carports Maschen<\/a>, <a href=\"https:\/\/www.kaduk-bauelemente.de\/leistungen\/fenster-salzhausen\/\">Fenster Salzhausen<\/a>, <a href=\"https:\/\/www.kaduk-bauelemente.de\/leistungen\/terrassenueberdachungen-aus-holz-seevetal-rosengarten\/\">Terrassen\u00fcberdachungen aus Holz Seevetal Rosengarten<\/a>, <a href=\"https:\/\/www.kaduk-bauelemente.de\/leistungen\/holzfenster-bergedorf-wentorf\/\">Holzfenster Bergedorf Wentorf<\/a>"},"_links":{"self":[{"href":"https:\/\/www.kaduk-bauelemente.de\/leistungen\/wp-json\/wp\/v2\/pages\/4228","targetHints":{"allow":["GET"]}}],"collection":[{"href":"https:\/\/www.kaduk-bauelemente.de\/leistungen\/wp-json\/wp\/v2\/pages"}],"about":[{"href":"https:\/\/www.kaduk-bauelemente.de\/leistungen\/wp-json\/wp\/v2\/types\/page"}],"author":[{"embeddable":true,"href":"https:\/\/www.kaduk-bauelemente.de\/leistungen\/wp-json\/wp\/v2\/users\/1"}],"replies":[{"embeddable":true,"href":"https:\/\/www.kaduk-bauelemente.de\/leistungen\/wp-json\/wp\/v2\/comments?post=4228"}],"version-history":[{"count":0,"href":"https:\/\/www.kaduk-bauelemente.de\/leistungen\/wp-json\/wp\/v2\/pages\/4228\/revisions"}],"wp:attachment":[{"href":"https:\/\/www.kaduk-bauelemente.de\/leistungen\/wp-json\/wp\/v2\/media?parent=4228"}],"curies":[{"name":"wp","href":"https:\/\/api.w.org\/{rel}","templated":true}]}}