{"id":4225,"date":"2021-08-25T12:18:44","date_gmt":"2021-08-25T10:18:44","guid":{"rendered":"https:\/\/www.kaduk-bauelemente.de\/leistungen\/fliegengitter-ebstorf\/"},"modified":"2021-08-25T12:18:44","modified_gmt":"2021-08-25T10:18:44","slug":"fliegengitter-ebstorf","status":"publish","type":"page","link":"https:\/\/www.kaduk-bauelemente.de\/leistungen\/fliegengitter-ebstorf\/","title":{"rendered":"Fliegengitter &#8211; Ebstorf"},"content":{"rendered":"<h3>Fliegengitter in gro\u00dfer Auswahl!<\/h3>\n<p>Sie m\u00f6gen Ihren Garten und genie\u00dfen es, w\u00e4hrend der Sommermonate auf Ihrer Terrasse zu sitzen. W\u00e4ren da blo\u00df nicht immerzu diese st\u00f6renden Insekten. Jedoch nicht nur im Garten, auch im Haus sind Insekten sehr ungelegene G\u00e4ste. Mit einem zweckdienlichen und zuverl\u00e4ssigen Fliegengitter halten Sie sich die Plagegeister auf Dauer vom Leibe. Wir bieten Ihnen unterschiedliche Produkte f\u00fcr einen nachhaltigen Insektenschutz. Ein Fliegengitter kann \u2013 korrekt angebracht &#8211; wertvolle Dienste f\u00fcr einen guten Insektenschutz bieten. Fragen Sie unsere Spezialisten! <\/p>\n<h3>Wir beantworten Ihre Fragen zum Fliegengitter<\/h3>\n<p>Fliegengitter f\u00fcr Fenster und T\u00fcren sind Teil von unserem Leistungskatalog. Wir bieten Ihnen eine erstaunliche Palette f\u00fcr einen durchgreifenden Insektenschutz: Neben simplen Fliegengittern finden Sie bei uns auch spezielle L\u00f6sungen f\u00fcr Dachfenster und Au\u00dfent\u00fcren. Selbstverst\u00e4ndlich l\u00e4sst sich der durchgreifende Insektenschutz in unterschiedlichen Ausf\u00fchrungen und Ma\u00dfen in die Tat umsetzen.<\/p>\n","protected":false},"excerpt":{"rendered":"<p>Fliegengitter in gro\u00dfer Auswahl! Sie m\u00f6gen Ihren Garten und genie\u00dfen es, w\u00e4hrend der Sommermonate auf Ihrer Terrasse zu sitzen. W\u00e4ren da blo\u00df nicht immerzu diese st\u00f6renden Insekten. Jedoch nicht nur im Garten, auch im Haus sind Insekten sehr ungelegene G\u00e4ste. Mit einem zweckdienlichen und zuverl\u00e4ssigen Fliegengitter halten Sie sich die Plagegeister auf Dauer vom Leibe. [&hellip;]<\/p>\n","protected":false},"author":1,"featured_media":0,"parent":0,"menu_order":0,"comment_status":"closed","ping_status":"closed","template":"","meta":{"footnotes":""},"class_list":["post-4225","page","type-page","status-publish","hentry"],"meta_box":{"popseo_subtitel":"Kaduk Bauelemente ist Ihr erfahrener Experte f\u00fcr Fliegengitter im Raum Ebstorf","popseo_subtitel2":"Fliegengitter - unsere Spezialisten kennen sich aus","popseo_lasttitel":"Fliegengitter: D\u00fcrfen wir Ihre Fragen beantworten?","popseo_region":"Ebstorf","popseo_sachwort":"Fliegengitter","popseo_noupdate":"","popseo_einleitungstext":"<p>Gerne informieren wir Sie n\u00e4her \u00fcber unser Produkt- und T\u00e4tigkeitsspektrum. Wir zeigen Ihnen mit Vergn\u00fcgen auch ein paar Referenzen, die Ihnen einen Einblick in unsere Unternehmenst\u00e4tigkeit geben.<br \/>\nWir sind f\u00fcr Sie da. Rufen Sie uns doch rasch einmal an oder schreiben Sie uns eine kurze E-Mail. Wir freuen uns auf Ihre Kontaktaufnahme.<\/p>","popseo_schlusstext":"<p>Sehr gerne informieren wir Sie n\u00e4her \u00fcber unsere Produkte und unser Aufgabengebiet. Wir nennen Ihnen mit Vergn\u00fcgen auch einige Referenzen, die Ihnen einen Einblick in unsere T\u00e4tigkeit geben.<br \/>\nSchenken Sie uns Ihr Vertrauen. Rufen Sie uns doch einfach einmal an oder schreiben Sie uns eine schnelle E-Mail. Wir freuen uns auf den Kontakt zu Ihnen.<\/p>","popseo_stadttext":"<h3>Anfragen erhalten wir auch aus Ebstorf<\/h3>\n<p>Ebstorf befindet sich mittig in der L\u00fcneburger Heide und geh\u00f6rt juristisch zum Landkreis Uelzen. Die Gemeinde hat rund 5.000 registrierte Einwohner und streckt sich \u00fcber eine Gesamtfl\u00e4che von etwa 27 Quadratkilometer. Ebstorf ist Teil der Samtgemeinde Bevensen-Ebstorf, einer Vereinigung von 13 kleineren Orten. Die Samtgemeinde z\u00e4hlt insgesamt knapp 26.000 B\u00fcrger und erstreckt sich \u00fcber ein Areal von zirka 479 Quadratkilometern.<\/p>\n<p>Durch unsere Vertriebst\u00e4tigkeit haben wir uns einen ausgezeichneten \u00dcberblick \u00fcber die Stadtarchitektur der Gemeinden und St\u00e4dte unseres Einzugsbereiches machen k\u00f6nnen. Selbstverst\u00e4ndlich z\u00e4hlt auch Ebstorf unserem unmittelbaren Vertriebsgebiet. Sie kommen aus der Region und sind hier im Internet auf unsere Homepage gesto\u00dfen? Das finden wir klasse. Gerne pr\u00e4sentieren wir Ihnen unser gesamtes Leistungsspektrum und beantworten Ihre Fragen. Wir freuen uns darauf, mit Ihnen in Kontakt zu kommen. <\/p>\n<h3>Interessante Fakten zu Ebstorf<\/h3>\n<p>\u00dcber die Landesstra\u00dfen L233 und L 250 ist Ebstorf schnell mit dem Wagen zu erreichen. Au\u00dferdem erreicht man die Gemeinde mit der Eisenbahn auf der Strecke Langwedel-Uelzen. Ebstorf ist mit diesen Verkehrswegen sehr gut an die beiden Mittelzentren L\u00fcneburg und Uelzen angebunden. Viele B\u00fcrger arbeiten in den St\u00e4dten der n\u00e4heren Umgebung, sch\u00e4tzen jedoch Ebstorf als Wohnort und Lebensmittelpunkt. Ebstorf ist also eine durchaus typische Pendlergemeinde. \u00dcber die Grenzen hinaus bekannt ist der Ort dar\u00fcber hinaus als Sitz eines Klosters. Das Kloster Ebstorf ist eines von zusammen sechs Heidekl\u00f6stern im Umkreis von L\u00fcneburg. Ebstorf ist ohne Frage ein reizvoller Platz zum Leben. Die charmante Kleinstadt verf\u00fcgt \u00fcber eine hervorragende Infrastruktur und bestens ausgebaute Wohngebiete.    <\/p>\n<h4>Hohe Qualit\u00e4t f\u00fcr Kunden aus Ebstorf<\/h4>\n<p>Sie wohnen in Ebstorf und interessieren sich f\u00fcr unser Leistungsangebot. Toll, dass Sie diese Website gefunden haben. F\u00fcr R\u00fcckfragen sind wir jederzeit f\u00fcr Sie da. Auf den Kontakt zu Ihnen freuen wir uns.<\/p>","popseo_zusatztext":"<h3>G\u00fcnstig und preiswert \u2013 f\u00fcr uns selbstverst\u00e4ndlich<\/h3>\n<p>Bauelemente m\u00fcssen hohen Anforderungen gerecht werden. Trotzdem darf es g\u00fcnstig und preiswert sein. Das muss durchaus kein Widerspruch sein. <\/p>\n<p>Als Fachunternehmen f\u00fcr Sonnenschutz- und Sicherheitsl\u00f6sungen verwenden wir nur hochwertige Produkte. Nichtsdestotrotz achten wir grunds\u00e4tzlich auf ein passendes Preis-Leistungsverh\u00e4ltnis. Wir m\u00f6chten Ihnen Qualit\u00e4t bieten, die zugleich auch g\u00fcnstig und preiswert ist. Geben Sie Ihrem Zuhause g\u00fcnstig und preiswert das besondere Mehr an Qualit\u00e4t. Markisen und Rolll\u00e4den oder andere Sonnenschutzl\u00f6sungen sehen nicht nur schmuck aus, sie leisten auch einen bedeutsamen Anteil zur W\u00e4rmed\u00e4mmung.  <\/p>\n<h3>G\u00fcnstig und preiswert \u2013 trotzdem individuell und schick<\/h3>\n<p>D\u00fcrfen wir Sie informieren, wie Sie g\u00fcnstig und preiswert einen perfekten Sonnenschutz f\u00fcr Ihr Heim verwirklichen? Toll, dann warten Sie bitte nicht und nehmen am besten gleich heute noch Verbindung mit uns auf. Ein kurzer Anruf oder eine schnelle Mail gen\u00fcgen. Gerne beraten Sie unsere perfekt ausgebildeten Experten \u00fcber die unterschiedlichen M\u00f6glichkeiten, wie Sie Ihr Haus g\u00fcnstig und preiswert mit Rolll\u00e4den und Markisen oder anderen Sonnenschutzprodukten ausstatten. Wir freuen uns auf den Austausch mit Ihnen. <\/p>\n<h4>Hochwertige Arbeit g\u00fcnstig und preiswert<\/h4>\n<p>Setzen Sie beim Thema Sonnenschutz und Sicherheit auf den Profi. Nur ein Spezialbetrieb kennt die verschiedenen M\u00f6glichkeiten, wie Sie g\u00fcnstig und preiswert, zugleich qualitativ hochwertig einen tadellosen Sonnenschutz verwirklichen. Qualit\u00e4tsbewusst, g\u00fcnstig und preiswert: Wir empfehlen uns als spezialisiertes Unternehmen im n\u00f6rdlichen Raum. Unsere jahrelange Erfahrung zeichnet uns aus.<\/p>","popseo_links":"<a href=\"https:\/\/www.kaduk-bauelemente.de\/leistungen\/zaeune-reinbek-glinde\/\">Z\u00e4une Reinbek Glinde<\/a>, <a href=\"https:\/\/www.kaduk-bauelemente.de\/leistungen\/garagen-bad-bevensen\/\">Garagen Bad Bevensen<\/a>, <a href=\"https:\/\/www.kaduk-bauelemente.de\/leistungen\/markisen-bienenbuettel\/\">Markisen Bienenb\u00fcttel<\/a>, <a href=\"https:\/\/www.kaduk-bauelemente.de\/leistungen\/carports-seevetal-rosengarten\/\">Carports Seevetal Rosengarten<\/a>, <a href=\"https:\/\/www.kaduk-bauelemente.de\/leistungen\/garagen-harburg\/\">Garagen Harburg<\/a>, <a href=\"https:\/\/www.kaduk-bauelemente.de\/leistungen\/rolltore-salzhausen\/\">Rolltore Salzhausen<\/a>, <a href=\"https:\/\/www.kaduk-bauelemente.de\/leistungen\/rollladen-reinbek-glinde\/\">Rollladen Reinbek Glinde<\/a>, <a href=\"https:\/\/www.kaduk-bauelemente.de\/leistungen\/insektenschutz-herzogtum-lauenburg\/\">Insektenschutz Herzogtum Lauenburg<\/a>, <a href=\"https:\/\/www.kaduk-bauelemente.de\/leistungen\/terrassendaecher-aus-aluminium-amt-neuhaus\/\">Terrassend\u00e4cher aus Aluminium Amt Neuhaus<\/a>, <a href=\"https:\/\/www.kaduk-bauelemente.de\/leistungen\/terrassendaecher-aus-holz-schwarzenbek\/\">Terrassend\u00e4cher aus Holz Schwarzenbek<\/a>, <a href=\"https:\/\/www.kaduk-bauelemente.de\/leistungen\/terrassenueberdachungen-aus-aluminium-geesthacht\/\">Terrassen\u00fcberdachungen aus Aluminium Geesthacht<\/a>, <a href=\"https:\/\/www.kaduk-bauelemente.de\/leistungen\/kunststofffenster-salzhausen\/\">Kunststofffenster Salzhausen<\/a>, <a href=\"https:\/\/www.kaduk-bauelemente.de\/leistungen\/terrassendaecher-aus-aluminium-salzhausen\/\">Terrassend\u00e4cher aus Aluminium Salzhausen<\/a>, <a href=\"https:\/\/www.kaduk-bauelemente.de\/leistungen\/kunststofffenster-herzogtum-lauenburg\/\">Kunststofffenster Herzogtum Lauenburg<\/a>, <a href=\"https:\/\/www.kaduk-bauelemente.de\/leistungen\/terrassenueberdachungen-aus-aluminium-bispingen\/\">Terrassen\u00fcberdachungen aus Aluminium Bispingen<\/a>, <a href=\"https:\/\/www.kaduk-bauelemente.de\/leistungen\/terrassendaecher-aus-aluminium-ebstorf\/\">Terrassend\u00e4cher aus Aluminium Ebstorf<\/a>, <a href=\"https:\/\/www.kaduk-bauelemente.de\/leistungen\/zaunbau-buchholz\/\">Zaunbau Buchholz<\/a>, <a href=\"https:\/\/www.kaduk-bauelemente.de\/leistungen\/terrassenueberdachungen-aus-holz-reppenstedt\/\">Terrassen\u00fcberdachungen aus Holz Reppenstedt<\/a>, <a href=\"https:\/\/www.kaduk-bauelemente.de\/leistungen\/fenster-schwarzenbek\/\">Fenster Schwarzenbek<\/a>, <a href=\"https:\/\/www.kaduk-bauelemente.de\/leistungen\/sektionaltore-bardowick\/\">Sektionaltore Bardowick<\/a>, <a href=\"https:\/\/www.kaduk-bauelemente.de\/leistungen\/carports-salzhausen\/\">Carports Salzhausen<\/a>, <a href=\"https:\/\/www.kaduk-bauelemente.de\/leistungen\/raffstores-bardowick\/\">Raffstores Bardowick<\/a>, <a href=\"https:\/\/www.kaduk-bauelemente.de\/leistungen\/garagen-boizenburg\/\">Garagen Boizenburg<\/a>, <a href=\"https:\/\/www.kaduk-bauelemente.de\/leistungen\/zaunbau-harburg\/\">Zaunbau Harburg<\/a>, <a href=\"https:\/\/www.kaduk-bauelemente.de\/leistungen\/garagen-adendorf\/\">Garagen Adendorf<\/a>, <a href=\"https:\/\/www.kaduk-bauelemente.de\/leistungen\/markisen-boizenburg\/\">Markisen Boizenburg<\/a>"},"_links":{"self":[{"href":"https:\/\/www.kaduk-bauelemente.de\/leistungen\/wp-json\/wp\/v2\/pages\/4225","targetHints":{"allow":["GET"]}}],"collection":[{"href":"https:\/\/www.kaduk-bauelemente.de\/leistungen\/wp-json\/wp\/v2\/pages"}],"about":[{"href":"https:\/\/www.kaduk-bauelemente.de\/leistungen\/wp-json\/wp\/v2\/types\/page"}],"author":[{"embeddable":true,"href":"https:\/\/www.kaduk-bauelemente.de\/leistungen\/wp-json\/wp\/v2\/users\/1"}],"replies":[{"embeddable":true,"href":"https:\/\/www.kaduk-bauelemente.de\/leistungen\/wp-json\/wp\/v2\/comments?post=4225"}],"version-history":[{"count":0,"href":"https:\/\/www.kaduk-bauelemente.de\/leistungen\/wp-json\/wp\/v2\/pages\/4225\/revisions"}],"wp:attachment":[{"href":"https:\/\/www.kaduk-bauelemente.de\/leistungen\/wp-json\/wp\/v2\/media?parent=4225"}],"curies":[{"name":"wp","href":"https:\/\/api.w.org\/{rel}","templated":true}]}}