{"id":4219,"date":"2021-08-25T12:18:44","date_gmt":"2021-08-25T10:18:44","guid":{"rendered":"https:\/\/www.kaduk-bauelemente.de\/leistungen\/fliegengitter-bergedorf-wentorf\/"},"modified":"2021-08-25T12:18:44","modified_gmt":"2021-08-25T10:18:44","slug":"fliegengitter-bergedorf-wentorf","status":"publish","type":"page","link":"https:\/\/www.kaduk-bauelemente.de\/leistungen\/fliegengitter-bergedorf-wentorf\/","title":{"rendered":"Fliegengitter &#8211; Bergedorf Wentorf"},"content":{"rendered":"<h3>Fliegengitter: Schluss mit den kleinen Qu\u00e4lgeistern<\/h3>\n<p>Sie m\u00f6gen Ihren Garten und sch\u00e4tzen es, des Sommers auf der Terrasse zu sitzen. W\u00e4ren da blo\u00df nicht immer diese l\u00e4stigen Insekten. Aber nicht nur im Garten, ebenso in den vier W\u00e4nden sind Insekten ausgesprochen ungelegene G\u00e4ste. Mit einem zuverl\u00e4ssigen und zweckdienlichen Fliegengitter halten Sie sich die Plagegeister best\u00e4ndig vom Leibe. Wir bieten Ihnen eine Menge Artikel f\u00fcr einen wikungsvollen Insektenschutz. Ein Fliegengitter kann \u2013 sachgerecht befestigt &#8211; wertvolle Dienste f\u00fcr einen umfangreichen Insektenschutz bieten. Fragen Sie unsere Kollegen! <\/p>\n<h3>Wir informieren Sie \u00fcber Fliegengitter<\/h3>\n<p>Fliegengitter f\u00fcr T\u00fcren und Fenster sind integraler Bestandteil von unserem Angebotsportfolio. Wir bieten Ihnen eine umfangreiche Palette f\u00fcr einen wirkungsvollen Insektenschutz: Neben einfachen Fliegengittern finden Sie bei uns auch spezielle L\u00f6sungen f\u00fcr Dachfenster und Au\u00dfent\u00fcren. Selbstverst\u00e4ndlich l\u00e4sst sich der effiziente Insektenschutz in verschiedenen Ausf\u00fchrungen und Ma\u00dfen umsetzen.<\/p>\n","protected":false},"excerpt":{"rendered":"<p>Fliegengitter: Schluss mit den kleinen Qu\u00e4lgeistern Sie m\u00f6gen Ihren Garten und sch\u00e4tzen es, des Sommers auf der Terrasse zu sitzen. W\u00e4ren da blo\u00df nicht immer diese l\u00e4stigen Insekten. Aber nicht nur im Garten, ebenso in den vier W\u00e4nden sind Insekten ausgesprochen ungelegene G\u00e4ste. Mit einem zuverl\u00e4ssigen und zweckdienlichen Fliegengitter halten Sie sich die Plagegeister best\u00e4ndig [&hellip;]<\/p>\n","protected":false},"author":1,"featured_media":0,"parent":0,"menu_order":0,"comment_status":"closed","ping_status":"closed","template":"","meta":{"footnotes":""},"class_list":["post-4219","page","type-page","status-publish","hentry"],"meta_box":{"popseo_subtitel":"Wir sind Ihr Fachbetrieb f\u00fcr Fliegengitter in Bergedorf Wentorf","popseo_subtitel2":"Fliegengitter - hohe Qualit\u00e4t, perfekte Beratung","popseo_lasttitel":"Fliegengitter: F\u00fcr weitere Informationen sprechen Sie uns bitte an","popseo_region":"Bergedorf Wentorf","popseo_sachwort":"Fliegengitter","popseo_noupdate":"","popseo_einleitungstext":"<p>Die Firma Kaduk ist Ihr erfahrener und qualifizierter Fachbetrieb f\u00fcr Sonnenschutz und Sicherheit im Norden. Mit unserem Unternehmenssitz in Adendorf bei L\u00fcneburg decken wir ein fl\u00e4chenm\u00e4\u00dfig gro\u00dfes Gebiet ab. Bei uns finden Sie qualitativ hochwertige Bauelemente in gro\u00dfer Auswahl. Zu unserem Produktsortiment geh\u00f6ren unter anderem Au\u00dfenjalousien, T\u00fcren, Fenster, Terrassend\u00e4cher, Markisen, Rolltore, Rolll\u00e4den und Carports. Selbstverst\u00e4ndlich erledigen wir auch Reparatur- und Montagearbeiten f\u00fcr Sie. Auf unserer Homepage finden Sie unser gesamtes Dienstleistungs- und Produktportfolio detailliert beschrieben. Kompetent und sachgerecht beraten wir Sie \u00fcber Ihre M\u00f6glichkeiten und f\u00fchren s\u00e4mtliche Arbeiten mit Sachverstand und gewissenhaft aus - so wie Sie es von einem kompetenten Fachbetrieb erwarten k\u00f6nnen.<\/p>","popseo_schlusstext":"<p>Wenn Sie mehr wissen m\u00f6chten, informieren wir Sie n\u00e4her \u00fcber unser Produkt- und T\u00e4tigkeitsspektrum. Wir nennen Ihnen mit Vergn\u00fcgen auch einige Referenzprojekte, die Ihnen einen Einblick in unsere T\u00e4tigkeit geben.<br \/>\nVertrauen Sie den Spezialisten der Firma Kaduk. Rufen Sie uns doch einfach einmal an oder schicken Sie uns eine kurze E-Mail. Wir freuen uns auf den Kontakt zu Ihnen.<\/p>","popseo_stadttext":"<h3>Zufriedene Kunden haben wir auch in Wentorf und Bergedorf<\/h3>\n<p>Durch unsere Vertriebst\u00e4tigkeit haben wir uns einen sehr guten \u00dcberblick \u00fcber die Architektur der St\u00e4dte und Gemeinden unseres Einzugsbereiches machen k\u00f6nnen. Nat\u00fcrlich z\u00e4hlen auch Bergedorf und Wentorf zu unserem unmittelbaren Wirkungskreis. Wir freuen uns darauf, mit Ihnen ins Gespr\u00e4ch zu kommen. <\/p>\n<h3>Einige Details \u00fcber Bergedorf und Wentorf:<h3>\n<p>Ehemals eigenst\u00e4ndig geh\u00f6rt Bergedorf heutzutage zur Freien und Hansestadt Hamburg. Der Stadtteil liegt im S\u00fcdosten der Hansestadt und grenzt an die schleswig-holsteinischen Ortschaften Wentorf und Reinbek. In Bergedorf wohnen rund 42.000 B\u00fcrger auf einer Fl\u00e4che von 11 qkm. Obwohl Bergedorf schon seit dem 01. Januar 1938 keine Selbst\u00e4ndigkeit mehr besitzt, hat sich der Stadtteil trotzdem eine gewisse Eigenst\u00e4ndigkeit bewahrt. Beinahe k\u00f6nnte man sagen, Bergedorf w\u00e4re eine Art Stadt in der Stadt. Zum Stadtbezirk Bergedorf z\u00e4hlen zusammen 14 Ortsteile. Die gr\u00f6\u00dften Stadtteile sind: Allerm\u00f6he, Billwerder, Lohbr\u00fcgge, Moorfleet, Altengamme, Curslack, Neuallerm\u00f6he, Ochsenwerder, Kirchwerder und Neuengamme. Nichtselten hinzu gez\u00e4hlt wird auch Wentorf. Dies ist jedoch nicht v\u00f6llig richtig, da Wentorf zum schleswig-holsteinischen Landkreis Herzogtum Lauenburg z\u00e4hlt.  <\/p>\n<p>In Bergedorf zu wohnen hei\u00dft, die Vorteile der Metropole zu genie\u00dfen ohne dabei auf kleinst\u00e4dtischen Charme zu verzichten. Die Wohnquartiere von Bergedorf sind gekennzeichnet von Einzel- oder Mehrfamilienhausbebauung. Gr\u00f6\u00dfere Wohneinheiten entdeckt man in Bergedorf vorwiegend in der N\u00e4he des Zentrums. Die Infrastruktur ist gut: In der City von Bergedorf finden sich beste Einkaufsm\u00f6glichkeiten. <\/p>\n<h3>Bergedorf und Wentorf - hier l\u00e4sst es sich leben<\/h3>\n<p>Ob in den Einkaufspassagen oder in der Fu\u00dfg\u00e4ngerzone: In Bergedorf l\u00e4sst es sich in der Tat herrlich bummeln. Und wer danach Lust auf ein wenig Entspannung hat, macht Halt in einem der vielen gem\u00fctlichen Restaurants und Caf\u00e9s. Bergedorf ist an den HVV angebunden. Mit der S-Bahnlinie S2 erreicht man den Hamburg Hauptbahnhof in ungef\u00e4hr 25 Minuten. Auch mit dem Wagen kommt man schnell nach Bergedorf: \u00dcber die B 5 und 207 gelangt man direkt in den Stadtteil. Die Bev\u00f6lkerung von Bergedorf mag besonders den ausgewogenen Mix ihres Stadtteils. Eine kraftvolle Wirtschaft, die nahen Naturgebiete sowie die \u00fcberzeugenden Freizeit- und Kulturangebote machen Bergedorf zu einer Wohnstatt mit besonders hoher Lebensqualit\u00e4t.<\/p>\n<p>Auch Wentorf grenzt direkt an Bergedorf, die \u00dcberg\u00e4nge sind fast flie\u00dfend. Als sch\u00f6nes Wohngebiet ist Wentorf insbesondere bei Berufspendlern beliebt. Eine hervorragende Infrastruktur, die N\u00e4he zur Stadt sowie eine ausgezeichnete Verkehrsanbindung sprechen f\u00fcr Wentorf. <\/p>\n<h4>Privat- und Gesch\u00e4ftskunden aus Bergedorf und Wentorf sch\u00e4tzen unsere Leistungen!<\/h4>\n<p>Wir finden es toll, dass Sie unsere Internetseite gefunden haben. Ob Wentorf oder Bergedorf: Unsere Erfahrung und die Qualit\u00e4t von Material und Ausf\u00fchrung garantiert Ihnen ein sehr gutes Preis-Leistungsverh\u00e4ltnis. Sie m\u00f6chten mehr \u00fcber uns erfahren? F\u00fcr R\u00fcckfragen stehen wir Ihnen jederzeit zur Verf\u00fcgung. Auf Ihre Anfragen freuen wir uns.<\/p>","popseo_zusatztext":"<h3>Qualit\u00e4t kann auch g\u00fcnstig und preiswert sein<\/h3>\n<p>Bauelemente m\u00fcssen gehobenen Anforderungen gerecht werden. Gleichwohl darf es g\u00fcnstig und preiswert sein. Das muss durchaus kein Widerspruch sein. <\/p>\n<p>Als Fachbetrieb f\u00fcr Sonnenschutz- und Sicherheitssysteme verwenden wir nur ausgezeichnete Erzeugnisse. Gleichwohl schauen wir stets auf ein gutes Preis-Leistungsverh\u00e4ltnis. Wir m\u00f6chten Ihnen Qualit\u00e4t anbieten, die gleichzeitig auch g\u00fcnstig und preiswert ist. Geben Sie Ihrem Haus g\u00fcnstig und preiswert das besondere Mehr an Qualit\u00e4t. Markisen und Rolll\u00e4den oder andere Sonnenschutzl\u00f6sungen sehen nicht nur schmuck aus, sie leisten auch einen bedeutsamen Anteil zur W\u00e4rmed\u00e4mmung.  <\/p>\n<h3>G\u00fcnstig und preiswert \u2013 unsere Leistung \u00fcberzeugt<\/h3>\n<p>D\u00fcrfen wir Sie informieren, wie Sie g\u00fcnstig und preiswert einen perfekten Sonnenschutz f\u00fcr Ihr Heim umsetzen? Toll, dann warten Sie bitte nicht und nehmen am besten sofort heute noch Kontakt mit uns auf. Ein kurzer Anruf oder eine schnelle Email gen\u00fcgen. Sehr gerne informieren Sie unsere gut ausgebildeten Profis \u00fcber die unterschiedlichen Optionen, wie Sie Ihr Heim g\u00fcnstig und preiswert mit Rolll\u00e4den und Markisen oder anderen Sonnenschutzprodukten ausstatten. Wir freuen uns auf den Austausch mit Ihnen. <\/p>\n<h4>Hochwertige Arbeit g\u00fcnstig und preiswert<\/h4>\n<p>Z\u00e4hlen Sie beim Thema Sonnenschutz und Sicherheit auf den Fachmann. Nur ein Spezialbetrieb kennt die verschiedenen M\u00f6glichkeiten, wie Sie g\u00fcnstig und preiswert, zugleich qualitativ hochwertig einen tadellosen Sonnenschutz verwirklichen. Qualit\u00e4tsbewusst, g\u00fcnstig und preiswert: Wir empfehlen uns als spezialisiertes Fachunternehmen im norddeutschen Raum. Unsere gro\u00dfe Erfahrung spricht f\u00fcr uns.<\/p>","popseo_links":"<a href=\"https:\/\/www.kaduk-bauelemente.de\/leistungen\/insektenschutz-bispingen\/\">Insektenschutz Bispingen<\/a>, <a href=\"https:\/\/www.kaduk-bauelemente.de\/leistungen\/terrassendaecher-aus-holz-herzogtum-lauenburg\/\">Terrassend\u00e4cher aus Holz Herzogtum Lauenburg<\/a>, <a href=\"https:\/\/www.kaduk-bauelemente.de\/leistungen\/rolltore-tostedt-sittensen\/\">Rolltore Tostedt Sittensen<\/a>, <a href=\"https:\/\/www.kaduk-bauelemente.de\/leistungen\/sektionaltore-winsen-luhe\/\">Sektionaltore Winsen Luhe<\/a>, <a href=\"https:\/\/www.kaduk-bauelemente.de\/leistungen\/terrassendaecher-aus-aluminium-uelzen\/\">Terrassend\u00e4cher aus Aluminium Uelzen<\/a>, <a href=\"https:\/\/www.kaduk-bauelemente.de\/leistungen\/terrassenueberdachungen-aus-aluminium-geesthacht\/\">Terrassen\u00fcberdachungen aus Aluminium Geesthacht<\/a>, <a href=\"https:\/\/www.kaduk-bauelemente.de\/leistungen\/haustueren-amelinghausen\/\">Haust\u00fcren Amelinghausen<\/a>, <a href=\"https:\/\/www.kaduk-bauelemente.de\/leistungen\/rolllaeden-stelle\/\">Rolll\u00e4den Stelle<\/a>, <a href=\"https:\/\/www.kaduk-bauelemente.de\/leistungen\/raffstores-maschen\/\">Raffstores Maschen<\/a>, <a href=\"https:\/\/www.kaduk-bauelemente.de\/leistungen\/zaeune-bardowick\/\">Z\u00e4une Bardowick<\/a>, <a href=\"https:\/\/www.kaduk-bauelemente.de\/leistungen\/haustueren-winsen-luhe\/\">Haust\u00fcren Winsen Luhe<\/a>, <a href=\"https:\/\/www.kaduk-bauelemente.de\/leistungen\/rollladen-uelzen\/\">Rollladen Uelzen<\/a>, <a href=\"https:\/\/www.kaduk-bauelemente.de\/leistungen\/garagentore-bad-bevensen\/\">Garagentore Bad Bevensen<\/a>, <a href=\"https:\/\/www.kaduk-bauelemente.de\/leistungen\/terrassenueberdachungen-aus-aluminium-salzhausen\/\">Terrassen\u00fcberdachungen aus Aluminium Salzhausen<\/a>, <a href=\"https:\/\/www.kaduk-bauelemente.de\/leistungen\/tueren-reinbek-glinde\/\">T\u00fcren Reinbek Glinde<\/a>, <a href=\"https:\/\/www.kaduk-bauelemente.de\/leistungen\/garagentore-geesthacht\/\">Garagentore Geesthacht<\/a>, <a href=\"https:\/\/www.kaduk-bauelemente.de\/leistungen\/raffstores-stelle\/\">Raffstores Stelle<\/a>, <a href=\"https:\/\/www.kaduk-bauelemente.de\/leistungen\/haustueren-adendorf\/\">Haust\u00fcren Adendorf<\/a>, <a href=\"https:\/\/www.kaduk-bauelemente.de\/leistungen\/terrassendaecher-aus-holz-stelle\/\">Terrassend\u00e4cher aus Holz Stelle<\/a>, <a href=\"https:\/\/www.kaduk-bauelemente.de\/leistungen\/tueren-winsen-luhe\/\">T\u00fcren Winsen Luhe<\/a>, <a href=\"https:\/\/www.kaduk-bauelemente.de\/leistungen\/rolllaeden-bergedorf-wentorf\/\">Rolll\u00e4den Bergedorf Wentorf<\/a>, <a href=\"https:\/\/www.kaduk-bauelemente.de\/leistungen\/holzfenster-geesthacht\/\">Holzfenster Geesthacht<\/a>, <a href=\"https:\/\/www.kaduk-bauelemente.de\/leistungen\/terrassendaecher-aus-aluminium-seevetal-rosengarten\/\">Terrassend\u00e4cher aus Aluminium Seevetal Rosengarten<\/a>, <a href=\"https:\/\/www.kaduk-bauelemente.de\/leistungen\/terrassenueberdachungen-aus-aluminium-buechen\/\">Terrassen\u00fcberdachungen aus Aluminium B\u00fcchen<\/a>, <a href=\"https:\/\/www.kaduk-bauelemente.de\/leistungen\/garagen-buchholz\/\">Garagen Buchholz<\/a>, <a href=\"https:\/\/www.kaduk-bauelemente.de\/leistungen\/rolltore-hanstedt\/\">Rolltore Hanstedt<\/a>"},"_links":{"self":[{"href":"https:\/\/www.kaduk-bauelemente.de\/leistungen\/wp-json\/wp\/v2\/pages\/4219","targetHints":{"allow":["GET"]}}],"collection":[{"href":"https:\/\/www.kaduk-bauelemente.de\/leistungen\/wp-json\/wp\/v2\/pages"}],"about":[{"href":"https:\/\/www.kaduk-bauelemente.de\/leistungen\/wp-json\/wp\/v2\/types\/page"}],"author":[{"embeddable":true,"href":"https:\/\/www.kaduk-bauelemente.de\/leistungen\/wp-json\/wp\/v2\/users\/1"}],"replies":[{"embeddable":true,"href":"https:\/\/www.kaduk-bauelemente.de\/leistungen\/wp-json\/wp\/v2\/comments?post=4219"}],"version-history":[{"count":0,"href":"https:\/\/www.kaduk-bauelemente.de\/leistungen\/wp-json\/wp\/v2\/pages\/4219\/revisions"}],"wp:attachment":[{"href":"https:\/\/www.kaduk-bauelemente.de\/leistungen\/wp-json\/wp\/v2\/media?parent=4219"}],"curies":[{"name":"wp","href":"https:\/\/api.w.org\/{rel}","templated":true}]}}