{"id":4211,"date":"2021-08-25T12:18:44","date_gmt":"2021-08-25T10:18:44","guid":{"rendered":"https:\/\/www.kaduk-bauelemente.de\/leistungen\/fenster-tostedt-sittensen\/"},"modified":"2021-08-25T12:18:44","modified_gmt":"2021-08-25T10:18:44","slug":"fenster-tostedt-sittensen","status":"publish","type":"page","link":"https:\/\/www.kaduk-bauelemente.de\/leistungen\/fenster-tostedt-sittensen\/","title":{"rendered":"Fenster &#8211; Tostedt Sittensen"},"content":{"rendered":"<h3>Neue Fenster sind auch optisch ein Gewinn!<\/h3>\n<p>Als spezialisierter Fachbetrieb bieten wir Ihnen zahlreiche exquisite Fenster. Sie interessieren sich f\u00fcr neue Fenster und T\u00fcren oder f\u00fcr einen effektiven Sonnen- und Sichtschutz? Wir sind sicher, Sie finden in unserem Angebotsumfang die f\u00fcr Ihre Anspr\u00fcche passenden Produkte. Unser Angebot bietet eine gro\u00dfe Auswahl. Wie w\u00e4re es z.B. mit einem Fenster aus Holz? Ein dergestaltiges Fenster ist eine h\u00fcbsche, dabei hochwertige Verschmelzung aus Natur und Technik. Nat\u00fcrliches Material ist allgemein ein Zeichen f\u00fcr einen besonderen Geschmack. Au\u00dferdem bietet ein gutes Fenster eine hohe Energieeffizienz und begeistert durch eine jahrelange Produktlebenszeit. <\/p>\n<p>Ein Fenster aus Aluminium wiederum besticht vor allem durch die ausgereifte Technik. Wer sich f\u00fcr Alu-Fenster entscheidet, vertraut auf Wirtschaftlichkeit und Funktionalit\u00e4t. Fenster aus Aluminium zeichnen sich durch eine erstklassige Isolierung aus. Selbstredend stimmt trotzdem auch die Optik bei diesem Fenster. Aluminium ist ungemein stabil. Auf der Au\u00dfenseite angebracht, bietet das Material einen sehr guten Schutz gegen sch\u00e4dliche Witterungseinfl\u00fcsse. Durch das auf der Innenseite zus\u00e4tzlich montierte Holz wirkt sich das Fenster positiv auf das Wohngef\u00fchl aus.  <\/p>\n<h3>Neue Fenster sind immer eine gute Idee!<\/h3>\n<p>Fenster aus Holz und Aluminium schlie\u00dflich erfreuen sich einer besonderen Kundenresonanz. Beide Materialien gehen eine nutzbringende Verschmelzung ein. Die diversen Gestaltungsm\u00f6glichkeiten geben dem Fenster einen \u00e4u\u00dferst individuellen Anstrich. F\u00fcr welche L\u00f6sung Sie sich letztendlich entscheiden: Tolle Fenster unterstreichen immer auch die Architektur Ihres Wohn- oderGesch\u00e4ftshauses.<\/p>\n","protected":false},"excerpt":{"rendered":"<p>Neue Fenster sind auch optisch ein Gewinn! Als spezialisierter Fachbetrieb bieten wir Ihnen zahlreiche exquisite Fenster. Sie interessieren sich f\u00fcr neue Fenster und T\u00fcren oder f\u00fcr einen effektiven Sonnen- und Sichtschutz? Wir sind sicher, Sie finden in unserem Angebotsumfang die f\u00fcr Ihre Anspr\u00fcche passenden Produkte. Unser Angebot bietet eine gro\u00dfe Auswahl. Wie w\u00e4re es z.B. [&hellip;]<\/p>\n","protected":false},"author":1,"featured_media":0,"parent":0,"menu_order":0,"comment_status":"closed","ping_status":"closed","template":"","meta":{"footnotes":""},"class_list":["post-4211","page","type-page","status-publish","hentry"],"meta_box":{"popseo_subtitel":"Wir sind Ihr Fachunternehmen f\u00fcr Fenster in Tostedt Sittensen","popseo_subtitel2":"Fenster - wir haben die richtige L\u00f6sung f\u00fcr Sie","popseo_lasttitel":"Fenster: F\u00fcr weitere Informationen sprechen Sie uns bitte an","popseo_region":"Tostedt Sittensen","popseo_sachwort":"Fenster","popseo_noupdate":"","popseo_einleitungstext":"<p>Wenn es um Sicherheit und Sonnenschutz geht, sind Sie bei der Firma Kaduk genau an der richtigen Adresse. Seit Unternehmensgr\u00fcndung sind wir Ihre lokalen Experten f\u00fcr hochwertige Bauelemente. Zu unserem Produktangebot z\u00e4hlen beispielsweise Rolltore, Terrassend\u00e4cher, Markisen, Au\u00dfenjalousien, T\u00fcren, Fenster, Carports und Rolll\u00e4den. Wir \u00fcbernehmen Montage- und Reparaturarbeiten und zeigen Ihnen M\u00f6glichkeiten auf, wie Sie Ihr Gesch\u00e4fts- oder Wohnhaus mit modernen Bauelementen ausstatten k\u00f6nnen. Im Folgenden haben wir erste Informationen f\u00fcr Sie zusammengetragen.<\/p>","popseo_schlusstext":"<p>Sie suchen einen Profi f\u00fcr hochwertige Sicherheits- und Sonnenschutzl\u00f6sungen. Dann kontaktieren Sie uns bitte schnell. Wir freuen uns auf das Gespr\u00e4ch mit Ihnen. Wenn es um Bauelemente geht, sind wir Ihr verl\u00e4sslicher Handels- und Handwerkspartner. Wir sorgen f\u00fcr hochwertige Produkte und eine fachm\u00e4nnisch durchgef\u00fchrte Arbeit nach dem jeweils derzeitigen Stand der Technik.<\/p>","popseo_stadttext":"<h3>Unsere Leistung auch in Sittensen und Tostedt<\/h3>\n<p>Durch unsere Vertriebst\u00e4tigkeit haben wir uns einen guten \u00dcberblick \u00fcber die Architektur der St\u00e4dte und Gemeinden unseres Einzugsbereiches erarbeiten k\u00f6nnen. Selbstverst\u00e4ndlich z\u00e4hlen auch Tostedt und Sittensen zu unserem unmittelbaren Wirkungskreis. Wir freuen uns darauf, mit Ihnen in Kontakt zu kommen. <\/p>\n<h3>Einige Details zu Tostedt und Sittensen<\/h3>\n<p>Wer in Tostedt lebt, wohnt in kleinst\u00e4dtischem Flair, ohne auf die Vorteile der nahen Gro\u00dfstadt Hamburg verzichten zu m\u00fcssen. Die Hansestadt ist lediglich ein paar Fahrkilometer entfernt. Als Lebensmittelpunkt bietet Tostedt Gr\u00fcnde genug f\u00fcr die ca. 13.000 B\u00fcrger. Tostedt begeistert durch seine attraktiven Wohngebiete. Wer das Leben abseits der st\u00e4dtischen Hektik liebt, allerdings urbanes Treiben sch\u00e4tzt, ist in Tostedt gut aufgehoben. Eine gut funktionierende Infrastruktur mit breitgef\u00e4cherten Einkaufsm\u00f6glichkeiten sowie  breitgef\u00e4cherten Sport- und Freizeitm\u00f6glichkeiten, verleihen Tostedt eine sehr gute Wohnqualit\u00e4t. <\/p>\n<h3>Tostedt und Sittensen \u2013 attraktive Wohnorte<\/h3>\n<p>Gerade einmal 20 Kilometer von Tostedt entfernt liegt die Gemeinde Sittensen. Das St\u00e4dtchen z\u00e4hlt formell zum Landkreis Harburg. In Sittensen leben momentan etwa 5.600 Einwohner auf einer Gesamtfl\u00e4che von nicht ganz 18 km\u00b2. Auch Sittensen \u00fcberzeugt durch eine herrliche Lage: Geografisch liegt Sittensen in der Zevener Geest, einem Landstrich am Elbe-Weser-Dreieck zwischen Hamburg. <\/p>\n<p>Die lebenswerte Gemeinde ist Verwaltungssitz der Samtgemeinde Sittensen, einer Vereinigung von neun kleineren Orten, n\u00e4mlich Gro\u00df und Klein Meckelsen, Kalbe, Hamersen, Lengenbostel, Tiste, Sittensen, Vierden und Wohnste. Die Samtgemeinde z\u00e4hlt in Summe knapp 11.000 Einwohner und streckt sich \u00fcber ein Areal von etwas mehr als 138 qkm. Als Lebensmittelpunkt verbindet Sittensen st\u00e4dtisches Leben mit dem Wohnen in der Provinz auf musterhafte Weise. Die beiden norddeutschen Hansest\u00e4dte Bremen und Hamburg sind von Sittensen aus in rund 45 Minuten zu erreichen. <\/p>\n<h4>Unsere Leistung f\u00fcr qualit\u00e4tsbewusste Kunden aus Sittensen und Tostedt<\/h4>\n<p>Sie interessieren sich f\u00fcr unser Leistungsprogramm und sind hier im Internet auf unsere Homepage gesto\u00dfen? Das freut uns sehr. Sehr gerne pr\u00e4sentieren wir Ihnen unser komplettes Leistungsspektrum und beantworten Ihre Fragen. Auf den Kontakt zu Ihnen freuen wir uns.<\/p>","popseo_zusatztext":"<h3>Gute Qualit\u00e4t \u2013 g\u00fcnstig und preiswert<\/h3>\n<p>Bauelemente m\u00fcssen h\u00f6chsten Anforderungen gerecht werden. Nichtsdestrotrotz darf es g\u00fcnstig und preiswert sein. Das muss generell kein Gegensatz sein. <\/p>\n<p>Als Fachunternehmen f\u00fcr Sonnenschutz und Sicherheit verwenden wir nur ausgezeichnete Erzeugnisse. Nichtsdestotrotz schauen wir immer auf ein passendes Preis-Leistungsverh\u00e4ltnis. Wir m\u00f6chten Ihnen Spitzenqualit\u00e4t bieten, die gleichzeitig auch g\u00fcnstig und preiswert ist. Geben Sie Ihrem Heim g\u00fcnstig und preiswert das besondere Mehr an Qualit\u00e4t. Markisen und Rolll\u00e4den oder andere Sonnenschutzl\u00f6sungen sehen nicht nur schick aus, sie leisten auch einen wichtigen Anteil zur W\u00e4rmed\u00e4mmung.  <\/p>\n<h3>G\u00fcnstig und preiswert \u2013 es muss wirklich nicht immer teuer sein<\/h3>\n<p>D\u00fcrfen wir Sie informieren, wie Sie g\u00fcnstig und preiswert einen optimalen Sonnenschutz f\u00fcr Ihr Heim realisieren? Klasse, dann z\u00f6gern Sie bitte nicht und nehmen am besten sofort heute noch Kontakt mit uns auf. Ein kurzer Telefonanruf oder eine kurze Email gen\u00fcgen. Sehr gerne informieren Sie unsere gut geschulten Profis \u00fcber die verschiedenen M\u00f6glichkeiten, wie Sie Ihr Heim g\u00fcnstig und preiswert mit Markisen und Rolll\u00e4den oder anderen Sonnenschutzprodukten versehen. Wir freuen uns auf den Austausch mit Ihnen. <\/p>\n<h4>Top-Qualit\u00e4t g\u00fcnstig und preiswert<\/h4>\n<p>Setzen Sie beim Thema Sonnenschutz und Sicherheit auf den Profi. Nur ein Spezialbetrieb kennt die diversen Optionen, wie Sie g\u00fcnstig und preiswert, gleichzeitig qualitativ spitze einen optimalen Sonnenschutz verwirklichen. Qualit\u00e4tsbewusst, g\u00fcnstig und preiswert: Wir empfehlen uns als spezialisiertes Fachunternehmen im Norden. Unsere gro\u00dfe Erfahrung spricht f\u00fcr uns.<\/p>","popseo_links":"<a href=\"https:\/\/www.kaduk-bauelemente.de\/leistungen\/terrassendaecher-aus-holz-bergedorf-wentorf\/\">Terrassend\u00e4cher aus Holz Bergedorf Wentorf<\/a>, <a href=\"https:\/\/www.kaduk-bauelemente.de\/leistungen\/holzfenster-bardowick\/\">Holzfenster Bardowick<\/a>, <a href=\"https:\/\/www.kaduk-bauelemente.de\/leistungen\/terrassendaecher-aus-holz-tostedt-sittensen\/\">Terrassend\u00e4cher aus Holz Tostedt Sittensen<\/a>, <a href=\"https:\/\/www.kaduk-bauelemente.de\/leistungen\/markisen-seevetal-rosengarten\/\">Markisen Seevetal Rosengarten<\/a>, <a href=\"https:\/\/www.kaduk-bauelemente.de\/leistungen\/terrassenueberdachungen-aus-holz-bispingen\/\">Terrassen\u00fcberdachungen aus Holz Bispingen<\/a>, <a href=\"https:\/\/www.kaduk-bauelemente.de\/leistungen\/markisen-reppenstedt\/\">Markisen Reppenstedt<\/a>, <a href=\"https:\/\/www.kaduk-bauelemente.de\/leistungen\/zaunbau-maschen\/\">Zaunbau Maschen<\/a>, <a href=\"https:\/\/www.kaduk-bauelemente.de\/leistungen\/rolllaeden-adendorf\/\">Rolll\u00e4den Adendorf<\/a>, <a href=\"https:\/\/www.kaduk-bauelemente.de\/leistungen\/terrassendaecher-aus-holz-salzhausen\/\">Terrassend\u00e4cher aus Holz Salzhausen<\/a>, <a href=\"https:\/\/www.kaduk-bauelemente.de\/leistungen\/insektenschutz-bad-bevensen\/\">Insektenschutz Bad Bevensen<\/a>, <a href=\"https:\/\/www.kaduk-bauelemente.de\/leistungen\/tueren-harburg\/\">T\u00fcren Harburg<\/a>, <a href=\"https:\/\/www.kaduk-bauelemente.de\/leistungen\/sektionaltore-uelzen\/\">Sektionaltore Uelzen<\/a>, <a href=\"https:\/\/www.kaduk-bauelemente.de\/leistungen\/holzfenster-uelzen\/\">Holzfenster Uelzen<\/a>, <a href=\"https:\/\/www.kaduk-bauelemente.de\/leistungen\/kunststofffenster-stelle\/\">Kunststofffenster Stelle<\/a>, <a href=\"https:\/\/www.kaduk-bauelemente.de\/leistungen\/zaeune-harburg\/\">Z\u00e4une Harburg<\/a>, <a href=\"https:\/\/www.kaduk-bauelemente.de\/leistungen\/tueren-geesthacht\/\">T\u00fcren Geesthacht<\/a>, <a href=\"https:\/\/www.kaduk-bauelemente.de\/leistungen\/holzfenster-reppenstedt\/\">Holzfenster Reppenstedt<\/a>, <a href=\"https:\/\/www.kaduk-bauelemente.de\/leistungen\/tueren-bardowick\/\">T\u00fcren Bardowick<\/a>, <a href=\"https:\/\/www.kaduk-bauelemente.de\/leistungen\/carports-uelzen\/\">Carports Uelzen<\/a>, <a href=\"https:\/\/www.kaduk-bauelemente.de\/leistungen\/haustueren-uelzen\/\">Haust\u00fcren Uelzen<\/a>, <a href=\"https:\/\/www.kaduk-bauelemente.de\/leistungen\/kunststofffenster-ebstorf\/\">Kunststofffenster Ebstorf<\/a>, <a href=\"https:\/\/www.kaduk-bauelemente.de\/leistungen\/aussenjalousien-stelle\/\">Au\u00dfenjalousien Stelle<\/a>, <a href=\"https:\/\/www.kaduk-bauelemente.de\/leistungen\/rollladen-maschen\/\">Rollladen Maschen<\/a>, <a href=\"https:\/\/www.kaduk-bauelemente.de\/leistungen\/insektenschutz-maschen\/\">Insektenschutz Maschen<\/a>, <a href=\"https:\/\/www.kaduk-bauelemente.de\/leistungen\/sektionaltore-schwarzenbek\/\">Sektionaltore Schwarzenbek<\/a>, <a href=\"https:\/\/www.kaduk-bauelemente.de\/leistungen\/holzfenster-schwarzenbek\/\">Holzfenster Schwarzenbek<\/a>"},"_links":{"self":[{"href":"https:\/\/www.kaduk-bauelemente.de\/leistungen\/wp-json\/wp\/v2\/pages\/4211","targetHints":{"allow":["GET"]}}],"collection":[{"href":"https:\/\/www.kaduk-bauelemente.de\/leistungen\/wp-json\/wp\/v2\/pages"}],"about":[{"href":"https:\/\/www.kaduk-bauelemente.de\/leistungen\/wp-json\/wp\/v2\/types\/page"}],"author":[{"embeddable":true,"href":"https:\/\/www.kaduk-bauelemente.de\/leistungen\/wp-json\/wp\/v2\/users\/1"}],"replies":[{"embeddable":true,"href":"https:\/\/www.kaduk-bauelemente.de\/leistungen\/wp-json\/wp\/v2\/comments?post=4211"}],"version-history":[{"count":0,"href":"https:\/\/www.kaduk-bauelemente.de\/leistungen\/wp-json\/wp\/v2\/pages\/4211\/revisions"}],"wp:attachment":[{"href":"https:\/\/www.kaduk-bauelemente.de\/leistungen\/wp-json\/wp\/v2\/media?parent=4211"}],"curies":[{"name":"wp","href":"https:\/\/api.w.org\/{rel}","templated":true}]}}