{"id":4209,"date":"2021-08-25T12:18:44","date_gmt":"2021-08-25T10:18:44","guid":{"rendered":"https:\/\/www.kaduk-bauelemente.de\/leistungen\/fenster-seevetal-rosengarten\/"},"modified":"2021-08-25T12:18:44","modified_gmt":"2021-08-25T10:18:44","slug":"fenster-seevetal-rosengarten","status":"publish","type":"page","link":"https:\/\/www.kaduk-bauelemente.de\/leistungen\/fenster-seevetal-rosengarten\/","title":{"rendered":"Fenster &#8211; Seevetal Rosengarten"},"content":{"rendered":"<h3>Neue Fenster erh\u00f6hen den Wohnwert Ihrer Immobilie<\/h3>\n<p>Als spezialisierter Betrieb bieten wir Ihnen zahlreiche hochwertige Fenster. Sie interessieren sich f\u00fcr neue Fenster und T\u00fcren oder f\u00fcr einen wirksamen Sonnen- und Sichtschutz? Wir sind uns sicher, Sie finden in unserem Sortiment die f\u00fcr Ihre Bed\u00fcrfnisse passenden Produkte. Unser Sortiment beinhaltet ein breites Spektrum. Wie w\u00e4re es zum Beispiel mit einem Fenster aus Holz? Ein solches Fenster ist eine optisch ansprechende, gleicherma\u00dfen qualitativ erstklassige Verschmelzung aus Technik und Natur. Naturbelassenes Material ist fraglos ein Zeichen f\u00fcr einen individuellen Geschmack. Zugleich hat ein erstklassiges Fenster eine hohe Energieeffizienz und \u00fcberzeugt durch eine lange Produktlebenszeit. <\/p>\n<p>Ein Fenster aus Aluminium andererseits besticht insbesondere durch die ausgereifte Technik. Wer sich f\u00fcr Alu-Fenster entscheidet, vertraut auf Wirtschaftlichkeit und Funktionalit\u00e4t. Fenster aus Aluminium zeichnen sich durch eine ausgezeichnete D\u00e4mmung aus. Selbstverst\u00e4ndlich stimmt aber auch das Aussehen bei diesem Fenster. Aluminium ist sehr widerstandsf\u00e4hig. Auf der Au\u00dfenseite angebracht, bietet das Metall einen perfekten Schutz gegen sch\u00e4dliche Witterungseinfl\u00fcsse. Durch das auf der Innenseite zus\u00e4tzlich verarbeitete Holz wirkt sich das Fenster vorteilhaft auf das Wohngef\u00fchl aus.  <\/p>\n<h3>Neue Fenster f\u00fcr Ihre Immobilie<\/h3>\n<p>Fenster aus Aluminium und Holz schlie\u00dflich erfreuen sich einer ausgesprochenen Beliebtheit. Beide Werkstoffe gehen eine n\u00fctzliche Symbiose ein. Die verschiedenen Anpassungsm\u00f6glichkeiten verleihen dem Fenster einen \u00e4u\u00dferst individuellen Anstrich. F\u00fcr welche Umsetzung Sie sich auch entscheiden: Exklusive Fenster unterstreichen grunds\u00e4tzlich auch die Architektur Ihres Wohn- oderGesch\u00e4ftshauses.<\/p>\n","protected":false},"excerpt":{"rendered":"<p>Neue Fenster erh\u00f6hen den Wohnwert Ihrer Immobilie Als spezialisierter Betrieb bieten wir Ihnen zahlreiche hochwertige Fenster. Sie interessieren sich f\u00fcr neue Fenster und T\u00fcren oder f\u00fcr einen wirksamen Sonnen- und Sichtschutz? Wir sind uns sicher, Sie finden in unserem Sortiment die f\u00fcr Ihre Bed\u00fcrfnisse passenden Produkte. Unser Sortiment beinhaltet ein breites Spektrum. Wie w\u00e4re es [&hellip;]<\/p>\n","protected":false},"author":1,"featured_media":0,"parent":0,"menu_order":0,"comment_status":"closed","ping_status":"closed","template":"","meta":{"footnotes":""},"class_list":["post-4209","page","type-page","status-publish","hentry"],"meta_box":{"popseo_subtitel":"Wir sind Ihr Fachunternehmen f\u00fcr Fenster im Raum Seevetal Rosengarten","popseo_subtitel2":"Fenster - wir haben die richtige L\u00f6sung f\u00fcr Sie","popseo_lasttitel":"Fenster: Wir informieren Sie gerne auch pers\u00f6nlich!","popseo_region":"Seevetal Rosengarten","popseo_sachwort":"Fenster","popseo_noupdate":"","popseo_einleitungstext":"<p>Sehr gerne informieren wir Sie n\u00e4her \u00fcber unsere Produkte und unser Aufgabenfeld. Wir nennen Ihnen mit Vergn\u00fcgen auch einige Projekte, die Ihnen einen Einblick in unsere Unternehmenst\u00e4tigkeit geben.<br \/>\nSetzen Sie auf die Expertise eines erfahrenen Fachbetriebes. Rufen Sie uns doch rasch einmal an oder senden Sie uns eine kurze E-Mail. Wir freuen uns auf den Kontakt zu Ihnen.<\/p>","popseo_schlusstext":"<p>Sie ben\u00f6tigen einen Experten f\u00fcr moderne Sonnenschutz- und Sicherheitsl\u00f6sungen. Dann rufen Sie uns bitte rasch an. Wir freuen uns auf Ihren Anruf oder Ihre E-Mail. Wenn es um Bauelemente geht, sind wir Ihr verl\u00e4sslicher Handwerks- und Handelspartner. Wir stehen f\u00fcr hochwertige Produkte und eine fachgerecht durchgef\u00fchrte Arbeit nach dem immer aktuellsten Stand der Technik.<\/p>","popseo_stadttext":"<h3>Vor Ort in Seevetal und Rosengarten<\/h2>\n<p>Unser Einzugsbereich umfasst auch Seevetal und Rosengarten. Durch unsere Gesch\u00e4ftst\u00e4tigkeit haben wir uns einen ausgezeichneten \u00dcberblick \u00fcber die Architektur der Gemeinden und St\u00e4dte unseres Vertriebsgebietes machen k\u00f6nnen. Wir f\u00fchlen uns der Region verpflichtet und sind stolz darauf, einen Teil zur guten Infrastruktur der Gemeinden beizusteuern zu d\u00fcrfen.  <\/p>\n<h3>Wissenswertes \u00fcber Seevetal und Rosengarten<\/h3>\n<p>Die Gemeinde Seevetal liegt s\u00fcdlich von Hamburg im nieders\u00e4chsischen Landkreis Harburg. 1972 schlossen sich insgesamt 19 ehemals selbst\u00e4ndige Gemeinden zur Gesamtgemeinde Seevetal zusammen. Durch den Zusammenschluss gilt Seevetal mit mehr als 42.000 Einwohnern als die gr\u00f6\u00dfte Gemeinde in Deutschland. Trotz der noch jungen Geschichte, sehen einige der ehedem selbstst\u00e4ndigen Gemeindeteile auf eine sehr lange Historie zur\u00fcck. Die Ortschronik von Seevetal berichtet davon, dass der Gemeindeteil Ramelsloh bereits im Jahre 845 zum ersten Mal urkundlich erw\u00e4hnt wurde. Die gute Bev\u00f6lkerungsentwicklung des Ortes Seevetal erkl\u00e4rt sich nicht zuletzt durch die verkehrstechnisch g\u00fcnstige Lage. Die N\u00e4he zur Freien und Hansestadt Hamburg macht Seevetal f\u00fcr Pendler attraktiv. Das Arbeiten in der Gro\u00dfstadt und das Leben im eher l\u00e4ndlich wirkenden Bereich, gehen in Seevetal eine gewinnbringende Verbindung ein. <\/p>\n<h4>Seevetal und Rosengarten \u2013 attraktive Wohnorte am Rande der Metropole<\/h4>\n<p>Der Gewerbestandort Seevetal ist f\u00fcr viele Betrieben von au\u00dferordentlicher Anziehungskraft. Seevetal liegt zwischen f\u00fcnf Schnellstra\u00dfen. Die verkehrstechnisch exquisite Lage gew\u00e4hrleistet sowohl eine ausgezeichnete Erreichbarkeit als auch einen raschen G\u00fcterverkehr. Wirtschaftsf\u00f6rderung wird in Seevetal gro\u00df geschrieben. Die Gemeinde f\u00f6rdert weitfl\u00e4chig und unkompliziert die Gewerbeansiedlung. Seevetal ist Teil vom Hamburger Verkehrsverbund (HVV). Mit der Eisenbahn erreicht man den Gemeindeteil Hittfeld mit dem Metronom \u00fcber die Streckenverbindung HH-Harburg-Buchholz-Tostedt. Die zu Seevetal z\u00e4hlenden Gemeindeteile Meckelfeld und Maschen sind an die Schienenverbindung HH-Harburg-Winsen-L\u00fcneburg angebunden.  <\/p>\n<p>Die Gemeinde Seevetal zeichnet sich durch eine hohe Lebensqualit\u00e4t aus. Eine gute Infrastruktur macht das Wohnen in Seevetal besonders f\u00fcr junge Familien attraktiv. Durch die starke und wachstumsorientierte Wirtschaft in Seevetal wird von den Gemeindevertretern au\u00dferdem ein besonderes Augenmerk auf die Attraktivit\u00e4t des Wohnortes Seevetal gelegt. In den 19 Einzelgemeinden von Seevetal findet sich ausreichend Baugrund f\u00fcr private Bauherren.<\/p>\n<p>\u00c4hnlich anziehend zeigt sich Rosengarten. Die Gemeinde liegt etwa rund 15 Kilometer von Seevetal entfernt. Gut 13.000 Einwohner sind registriert in dem beschaulichen Ort, der sich \u00fcber eine Fl\u00e4che von \u00fcber 63 Quadratkilometern erstreckt. Rosengarten grenzt an die Hamburger Stadtteile Hausbruch, Marmstorf und Heimfeld. Das in erster Linie ruhige Leben auf dem Lande verbindet sich in Rosengarten auf perfekte Weise mit den urbanen Vorz\u00fcgen der nahen Gro\u00dfstadt. Rosengarten und Seevetal verf\u00fcgen \u00fcber zahlreiche sch\u00f6ne Wohnviertel, die vor allem von einer typischen Einzelhausbebauung gepr\u00e4gt sind. <\/p>\n<h4>Wir f\u00fcr Sie in Seevetal und Rosengarten!<\/h4>\n<p>Sie leben in Seevetal oder Rosengarten und interessieren sich f\u00fcr unser Leistungsangebot. Toll, dass Sie diese Seite gefunden haben. F\u00fcr R\u00fcckfragen stehen wir Ihnen jederzeit zur Verf\u00fcgung. Auf Ihre Anfragen freuen wir uns.<\/p>","popseo_zusatztext":"<h3>Wir sind Fachbetrieb f\u00fcr Sicht- und Sonnenschutz<\/h3>\n<p>Setzen Sie in Sachen Sicherheit und Sonnenschutz auf jeden Fall auf die fachspezifische Leistung vom Fachbetrieb. Nur ein Fachbetrieb kennt die Alternativen, wie man zu einem sachgerechten Ergebnis kommt. Um sich mit Fug und Recht als Fachbetrieb zu titulieren, braucht man eine gute Ausbildung der Mitarbeiter und eine jahrelange Fachkenntnis.  <\/p>\n<p>Unser Fachbetrieb empfiehlt sich als Ihr sachkundiger Fachbetrieb f\u00fcr Sonnenschutz und Sicherheit. Setzen Sie auf Qualit\u00e4t und schenken Sie unserem Fachbetrieb Ihr Vertrauen. Wir bieten Ihnen u.a. schicke Markisen und Rolll\u00e4den und legen allerh\u00f6chsten Wert auf einen perfekten Service. Schon seit vielen Jahren sind wir spezialisierter Fachbetrieb f\u00fcr Terrassend\u00e4cher, Au\u00dfenjalousien, Rolll\u00e4den im Raum L\u00fcneburg. Es ist unser Bestreben, dass Sie viele Jahre viel Freude an Ihrem Sicht und Sonnenschutz haben. Von einem Fachbetrieb d\u00fcrfen Sie selbstverst\u00e4ndlich eine fehlerfreie Top-Leistung erwarten.<\/p>\n<h3>Dirk Kaduk Bauelemente \u2013 Ihr Fachbetrieb f\u00fcr Sicherheit und Sonnenschutz<\/h3>\n<p>Als Fachbetrieb darf sich ein Unternehmen bezeichnen, deren Angestellte \u00fcber nachweisbare Qualifikationen verf\u00fcgen. Dies ist u.a. eine entsprechende Ausbildung oder ein Meisterbrief. Au\u00dferdem zeichnet eine intensive praktische Erfahrung einen Fachbetrieb aus. Bereits seit vielen Jahren konzentrieren wir uns als spezialisiertes Unternehmen auf Sonnenschutz und Sicherheit von Wohn- und Gesch\u00e4ftsgeb\u00e4uden. In diesen langen Jahren haben wir uns die Bezeichnung Fachbetrieb redlich verdient. Wir verarbeiten ausnahmslos hochwertige Artikel. Hierbei achten wir immer auf ein sehr gutes Preis-Leistungsverh\u00e4ltnis. Unser Selbstverst\u00e4ndnis als Fachbetrieb: Wir bieten Ihnen 1a-Qualit\u00e4t zu einem sehr guten Preis.<\/p>","popseo_links":"<a href=\"https:\/\/www.kaduk-bauelemente.de\/leistungen\/haustueren-hanstedt\/\">Haust\u00fcren Hanstedt<\/a>, <a href=\"https:\/\/www.kaduk-bauelemente.de\/leistungen\/sektionaltore-adendorf\/\">Sektionaltore Adendorf<\/a>, <a href=\"https:\/\/www.kaduk-bauelemente.de\/leistungen\/carports-amt-neuhaus\/\">Carports Amt Neuhaus<\/a>, <a href=\"https:\/\/www.kaduk-bauelemente.de\/leistungen\/rolltore-herzogtum-lauenburg\/\">Rolltore Herzogtum Lauenburg<\/a>, <a href=\"https:\/\/www.kaduk-bauelemente.de\/leistungen\/aussenjalousien-jesteburg\/\">Au\u00dfenjalousien Jesteburg<\/a>, <a href=\"https:\/\/www.kaduk-bauelemente.de\/leistungen\/kunststofffenster-uelzen\/\">Kunststofffenster Uelzen<\/a>, <a href=\"https:\/\/www.kaduk-bauelemente.de\/leistungen\/zaeune-hanstedt\/\">Z\u00e4une Hanstedt<\/a>, <a href=\"https:\/\/www.kaduk-bauelemente.de\/leistungen\/zaunbau-adendorf\/\">Zaunbau Adendorf<\/a>, <a href=\"https:\/\/www.kaduk-bauelemente.de\/leistungen\/tueren-ebstorf\/\">T\u00fcren Ebstorf<\/a>, <a href=\"https:\/\/www.kaduk-bauelemente.de\/leistungen\/zaeune-amelinghausen\/\">Z\u00e4une Amelinghausen<\/a>, <a href=\"https:\/\/www.kaduk-bauelemente.de\/leistungen\/insektenschutz-maschen\/\">Insektenschutz Maschen<\/a>, <a href=\"https:\/\/www.kaduk-bauelemente.de\/leistungen\/aussenjalousien-stelle\/\">Au\u00dfenjalousien Stelle<\/a>, <a href=\"https:\/\/www.kaduk-bauelemente.de\/leistungen\/fliegengitter-harburg\/\">Fliegengitter Harburg<\/a>, <a href=\"https:\/\/www.kaduk-bauelemente.de\/leistungen\/insektenschutz-reinbek-glinde\/\">Insektenschutz Reinbek Glinde<\/a>, <a href=\"https:\/\/www.kaduk-bauelemente.de\/leistungen\/garagentore-bad-bevensen\/\">Garagentore Bad Bevensen<\/a>, <a href=\"https:\/\/www.kaduk-bauelemente.de\/leistungen\/garagen-reinbek-glinde\/\">Garagen Reinbek Glinde<\/a>, <a href=\"https:\/\/www.kaduk-bauelemente.de\/leistungen\/haustueren-bardowick\/\">Haust\u00fcren Bardowick<\/a>, <a href=\"https:\/\/www.kaduk-bauelemente.de\/leistungen\/rolltore-bardowick\/\">Rolltore Bardowick<\/a>, <a href=\"https:\/\/www.kaduk-bauelemente.de\/leistungen\/garagentore-herzogtum-lauenburg\/\">Garagentore Herzogtum Lauenburg<\/a>, <a href=\"https:\/\/www.kaduk-bauelemente.de\/leistungen\/terrassendaecher-aus-holz-stelle\/\">Terrassend\u00e4cher aus Holz Stelle<\/a>, <a href=\"https:\/\/www.kaduk-bauelemente.de\/leistungen\/terrassenueberdachungen-aus-holz-bergedorf-wentorf\/\">Terrassen\u00fcberdachungen aus Holz Bergedorf Wentorf<\/a>, <a href=\"https:\/\/www.kaduk-bauelemente.de\/leistungen\/tueren-boizenburg\/\">T\u00fcren Boizenburg<\/a>, <a href=\"https:\/\/www.kaduk-bauelemente.de\/leistungen\/terrassenueberdachungen-aus-holz-boizenburg\/\">Terrassen\u00fcberdachungen aus Holz Boizenburg<\/a>, <a href=\"https:\/\/www.kaduk-bauelemente.de\/leistungen\/raffstores-reppenstedt\/\">Raffstores Reppenstedt<\/a>, <a href=\"https:\/\/www.kaduk-bauelemente.de\/leistungen\/rolltore-reppenstedt\/\">Rolltore Reppenstedt<\/a>, <a href=\"https:\/\/www.kaduk-bauelemente.de\/leistungen\/tueren-bergedorf-wentorf\/\">T\u00fcren Bergedorf Wentorf<\/a>"},"_links":{"self":[{"href":"https:\/\/www.kaduk-bauelemente.de\/leistungen\/wp-json\/wp\/v2\/pages\/4209","targetHints":{"allow":["GET"]}}],"collection":[{"href":"https:\/\/www.kaduk-bauelemente.de\/leistungen\/wp-json\/wp\/v2\/pages"}],"about":[{"href":"https:\/\/www.kaduk-bauelemente.de\/leistungen\/wp-json\/wp\/v2\/types\/page"}],"author":[{"embeddable":true,"href":"https:\/\/www.kaduk-bauelemente.de\/leistungen\/wp-json\/wp\/v2\/users\/1"}],"replies":[{"embeddable":true,"href":"https:\/\/www.kaduk-bauelemente.de\/leistungen\/wp-json\/wp\/v2\/comments?post=4209"}],"version-history":[{"count":0,"href":"https:\/\/www.kaduk-bauelemente.de\/leistungen\/wp-json\/wp\/v2\/pages\/4209\/revisions"}],"wp:attachment":[{"href":"https:\/\/www.kaduk-bauelemente.de\/leistungen\/wp-json\/wp\/v2\/media?parent=4209"}],"curies":[{"name":"wp","href":"https:\/\/api.w.org\/{rel}","templated":true}]}}