{"id":4199,"date":"2021-08-25T12:18:44","date_gmt":"2021-08-25T10:18:44","guid":{"rendered":"https:\/\/www.kaduk-bauelemente.de\/leistungen\/fenster-hanstedt\/"},"modified":"2021-08-25T12:18:44","modified_gmt":"2021-08-25T10:18:44","slug":"fenster-hanstedt","status":"publish","type":"page","link":"https:\/\/www.kaduk-bauelemente.de\/leistungen\/fenster-hanstedt\/","title":{"rendered":"Fenster &#8211; Hanstedt"},"content":{"rendered":"<h3>Neue Fenster \u2013 gewinnbringend und attraktiv!<\/h3>\n<p>Als spezialisierter Fachbetrieb bieten wir Ihnen zahlreiche hochwertige Fenster. Sie interessieren sich f\u00fcr neue Fenster und T\u00fcren oder w\u00fcnschen sich einen wirksamen Sicht- und Sonnenschutz? Wir sind \u00fcberzeugt, Sie finden in unserer Angebotspalette die f\u00fcr Ihre Vorstellungen passenden Produkte. Unser Sortiment umfasst ein umfassendes Spektrum. Wie w\u00e4re es beispielsweise mit einem Fenster aus Holz? Ein derartiges Fenster ist eine schmucke, dabei qualitativ erstklassige Kombination aus Natur und Technik. Naturbelassenes Material ist ganz sicher ein Zeichen f\u00fcr einen besonderen Geschmack. Zugleich hat ein erstklassiges Fenster eine hohe Energieeffizienz und beeindruckt durch eine lange Haltbarkeit. <\/p>\n<p>Ein Fenster aus Aluminium andererseits \u00fcberzeugt in erster Linie durch die verl\u00e4ssliche Technik. Wer sich f\u00fcr Alu-Fenster entscheidet, z\u00e4hlt auf Wirtschaftlichkeit und Funktionalit\u00e4t. Fenster aus Aluminium zeichnen sich durch eine bestm\u00f6gliche W\u00e4rmeisolierung aus. Nat\u00fcrlich stimmt trotzdem auch die Optik bei diesem Fenster. Aluminium ist ungemein widerstandsf\u00e4hig. Auf der Au\u00dfenseite angebracht, bietet das Metall einen optimalen Schutz gegen negative Wetterbedingungen. Durch das auf der Innenseite zus\u00e4tzlich verarbeitete Holz wirkt sich das Fenster positiv auf das Wohnambiente aus.  <\/p>\n<h3>Neue Fenster sind immer eine gute Idee!<\/h3>\n<p>Fenster aus Holz und Aluminium schlie\u00dflich erfreuen sich einer besonderen Beliebtheit. Beide Materialien gehen eine perfekte Symbiose ein. Die diversen Anpassungsm\u00f6glichkeiten verleihen dem Fenster einen \u00e4u\u00dferst speziellen Anstrich. F\u00fcr welche Version Sie sich letztendlich entscheiden: H\u00fcbsche Fenster unterstreichen grunds\u00e4tzlich auch die Architektur Ihres Hauses.<\/p>\n","protected":false},"excerpt":{"rendered":"<p>Neue Fenster \u2013 gewinnbringend und attraktiv! Als spezialisierter Fachbetrieb bieten wir Ihnen zahlreiche hochwertige Fenster. Sie interessieren sich f\u00fcr neue Fenster und T\u00fcren oder w\u00fcnschen sich einen wirksamen Sicht- und Sonnenschutz? Wir sind \u00fcberzeugt, Sie finden in unserer Angebotspalette die f\u00fcr Ihre Vorstellungen passenden Produkte. Unser Sortiment umfasst ein umfassendes Spektrum. Wie w\u00e4re es beispielsweise [&hellip;]<\/p>\n","protected":false},"author":1,"featured_media":0,"parent":0,"menu_order":0,"comment_status":"closed","ping_status":"closed","template":"","meta":{"footnotes":""},"class_list":["post-4199","page","type-page","status-publish","hentry"],"meta_box":{"popseo_subtitel":"Wir sind Ihr Experte f\u00fcr Fenster in Hanstedt","popseo_subtitel2":"Fenster - wir helfen Ihnen gerne!","popseo_lasttitel":"Fenster: Treten Sie in Kontakt mit uns!","popseo_region":"Hanstedt","popseo_sachwort":"Fenster","popseo_noupdate":"","popseo_einleitungstext":"<p>Wenn es um Sicherheit und Sonnenschutz geht, sind Sie bei der Firma Kaduk exakt an der richtigen Adresse. Seit unserer Gr\u00fcndung sind wir Ihre lokalen Experten f\u00fcr qualitativ hochwertige Bauelemente. Zu unserem Produktsortiment geh\u00f6ren unter anderem Terrassend\u00e4cher, Markisen, Rolltore, Au\u00dfenjalousien, Fenster, T\u00fcren, Rolll\u00e4den und Carports. Wir erledigen Montage- und Reparaturarbeiten und zeigen Ihnen Wege auf, wie Sie Ihre Wohn- oder Gesch\u00e4ftsgeb\u00e4ude mit modernen Bauelementen ausstatten k\u00f6nnen. Nachfolgend haben wir erste Informationen f\u00fcr Sie notiert.<\/p>","popseo_schlusstext":"<p>Sie suchen einen Fachpartner f\u00fcr moderne Sonnenschutz- und Sicherheitsl\u00f6sungen. Dann rufen Sie uns bitte rasch an. Wir freuen uns auf das Gespr\u00e4ch mit Ihnen. Wenn es um Bauelemente geht, sind wir Ihr verl\u00e4sslicher Handwerks- und Handelspartner. Wir garantieren hochwertige Produkte und eine fachgerecht ausgef\u00fchrte Arbeit nach dem jeweils derzeitigen Stand der Technik.<\/p>","popseo_stadttext":"<h3>Zu Ihren Diensten in Hanstedt (Harburg)<\/h3>\n<p>Sie kommen aus Hanstedt (Harburg) und sind hier im Internet auf unsere Homepage gesto\u00dfen? Das finden wir toll. Gerne pr\u00e4sentieren wir Ihnen unser komplettes Leistungsspektrum und beantworten Ihre Fragen. Durch unsere Gesch\u00e4ftst\u00e4tigkeit haben wir uns einen sehr guten \u00dcberblick \u00fcber die Architektur der Gemeinden und St\u00e4dte unseres Einzugsbereiches machen k\u00f6nnen. Selbstverst\u00e4ndlich z\u00e4hlt auch Hanstedt (Harburg) unserem unmittelbaren Gesch\u00e4ftsgebiet. Wir freuen uns darauf, mit Ihnen in Kontakt zu kommen. <\/p>\n<h3>Ein paar Fakten \u00fcber Hanstedt (Harburg)<\/h3>\n<p>Ungef\u00e4hr 5.800 B\u00fcrger z\u00e4hlt Hanstedt (Harburg). Das Gemeindegebiet umfasst ein Areal von etwas weniger als 59 qkm. Die \u00d6konomie von Hanstedt nutznie\u00dft von der verkehrstechnisch vorteilhaften Lage in der L\u00fcneburger Heide. Besonders f\u00fcr den Mittelstand erweist sich die Zentralit\u00e4t des Ortes als Wachstumsmotor. Wirtschaftlich betrachtet wird Hanstedt vor allem durch mittelst\u00e4ndische Betriebe aus den Bereichen Handwerk und Dienstleistung gepr\u00e4gt. Diese Wirtschaftszweign sind erkennbar prominent vertreten. Au\u00dferdem wurde der Tourismus zu einem wichtigen Element der \u00f6rtlichen Wirtschaft. Erholungssuchende finden in Hanstedt (Harburg) zahlreiche M\u00f6glichkeiten zum Wandern und f\u00fcr Fahrradtouren. Besonders die ausdehnten Heidefl\u00e4chen des Naturparks L\u00fcneburger Heide und die Hanstedter Berge ziehen zahlreiche Touristen und Tagesbesucher in die Region. <\/p>\n<p>Hanstedt (Harburg) ist ein familiengeeigneter Ort. Die Gemeinde verf\u00fcgt \u00fcber eine sehr gute Infrastruktur. Verwaltungstechnisch geh\u00f6rt Hanstedt zum Landkreis Harburg.<\/p>\n<h4>Privat- und Gesch\u00e4ftskunden aus Hanstedt (Harburg) sch\u00e4tzen unsere Leistungen!<\/h4>\n<p>Das Leben in Hanstedt (Harburg) ist beschaulich. Die Gemeinde verf\u00fcgt \u00fcber zahlreiche idyllische Wohngebiete, die vor allem von einer ansprechenden Einzelhausbebauung gepr\u00e4gt sind. Sie interessieren sich f\u00fcr unser Leistungsprogramm und haben deshalb unsere Website besucht? Dar\u00fcber freuen wir uns sehr. Unser freundliches Spezialistenteam nimmt gerne Ihren Anruf entgegen oder beantwortet Ihre E-Mail.<\/p>","popseo_zusatztext":"<h3>In Sachen Sicht- und Sonnenschutz sind wir Ihr qualifizierter Fachbetrieb<\/h3>\n<p>Vertrauen Sie in Sachen Sicherheit und Sonnenschutz auf jeden Fall auf die fachspezifische Leistung vom Fachbetrieb. Nur ein Fachbetrieb kennt die Tipps und Tricks, wie man zu einem hervorragenden Ergebnis kommt. Um sich mit Fug und Recht Fachbetrieb nennen zu k\u00f6nnen, braucht man eine gute Ausbildung der Mitarbeiter und eine jahrelange Fachkenntnis.  <\/p>\n<p>Unser Unternehmen empfiehlt sich als Ihr erfahrener Fachbetrieb f\u00fcr Sicherheit und Sonnenschutz. Erreichen Sie Ihr Ziel und schenken Sie unserem Fachbetrieb Ihr Vertrauen. Wir bieten Ihnen u.a. hochqualitative Markisen und Rolll\u00e4den und legen besonders Wert auf einen perfekten Service. Schon seit vielen Jahren sind wir erfahrener Fachbetrieb f\u00fcr Terrassend\u00e4cher, Markisen, Rolll\u00e4den und Au\u00dfenjalousien im Raum L\u00fcneburg. Es ist uns wichtig, dass Sie viele Jahre viel Freude an Ihrem Sicht und Sonnenschutz haben. Von einem Fachbetrieb d\u00fcrfen Sie selbstverst\u00e4ndlich eine fehlerfreie Top-Leistung erwarten.<\/p>\n<h3>Auf einen Fachbetrieb ist Verlass<\/h3>\n<p>Als Fachbetrieb darf sich eine Unternehmung bezeichnen, deren Mitarbeiter \u00fcber nachweisbare Qualifikationen verf\u00fcgen. Dies ist z.B. eine entsprechende Ausbildung oder ein Meisterbrief. Des Weiteren zeichnet eine intensive praktische Erfahrung einen Fachbetrieb aus. Schon seit vielen Jahren konzentrieren wir uns als spezialisiertes Unternehmen auf Sonnenschutz und Sicherheit von Wohn- und Gesch\u00e4ftsgeb\u00e4uden. In diesen vielen Jahren haben wir uns das Attribut Fachbetrieb ganz bestimmt erarbeitet. Wir verarbeiten nur hochwertige Materialien. Dabei achten wir stets auf ein ausgewogenes Preis-Leistungsverh\u00e4ltnis. Unsere \u00dcberzeugung als Fachbetrieb: Wir bieten Ihnen Top-Leistung zu einem fairen Preis.<\/p>","popseo_links":"<a href=\"https:\/\/www.kaduk-bauelemente.de\/leistungen\/zaunbau-buechen\/\">Zaunbau B\u00fcchen<\/a>, <a href=\"https:\/\/www.kaduk-bauelemente.de\/leistungen\/markisen-salzhausen\/\">Markisen Salzhausen<\/a>, <a href=\"https:\/\/www.kaduk-bauelemente.de\/leistungen\/tueren-reinbek-glinde\/\">T\u00fcren Reinbek Glinde<\/a>, <a href=\"https:\/\/www.kaduk-bauelemente.de\/leistungen\/rolllaeden-harburg\/\">Rolll\u00e4den Harburg<\/a>, <a href=\"https:\/\/www.kaduk-bauelemente.de\/leistungen\/terrassendaecher-aus-aluminium-geesthacht\/\">Terrassend\u00e4cher aus Aluminium Geesthacht<\/a>, <a href=\"https:\/\/www.kaduk-bauelemente.de\/leistungen\/aussenjalousien-boizenburg\/\">Au\u00dfenjalousien Boizenburg<\/a>, <a href=\"https:\/\/www.kaduk-bauelemente.de\/leistungen\/fliegengitter-winsen-luhe\/\">Fliegengitter Winsen Luhe<\/a>, <a href=\"https:\/\/www.kaduk-bauelemente.de\/leistungen\/zaeune-buchholz\/\">Z\u00e4une Buchholz<\/a>, <a href=\"https:\/\/www.kaduk-bauelemente.de\/leistungen\/rolltore-bergedorf-wentorf\/\">Rolltore Bergedorf Wentorf<\/a>, <a href=\"https:\/\/www.kaduk-bauelemente.de\/leistungen\/terrassenueberdachungen-aus-holz-buchholz\/\">Terrassen\u00fcberdachungen aus Holz Buchholz<\/a>, <a href=\"https:\/\/www.kaduk-bauelemente.de\/leistungen\/sektionaltore-amelinghausen\/\">Sektionaltore Amelinghausen<\/a>, <a href=\"https:\/\/www.kaduk-bauelemente.de\/leistungen\/rollladen-amelinghausen\/\">Rollladen Amelinghausen<\/a>, <a href=\"https:\/\/www.kaduk-bauelemente.de\/leistungen\/terrassenueberdachungen-aus-holz-schwarzenbek\/\">Terrassen\u00fcberdachungen aus Holz Schwarzenbek<\/a>, <a href=\"https:\/\/www.kaduk-bauelemente.de\/leistungen\/rollladen-amt-neuhaus\/\">Rollladen Amt Neuhaus<\/a>, <a href=\"https:\/\/www.kaduk-bauelemente.de\/leistungen\/zaeune-schwarzenbek\/\">Z\u00e4une Schwarzenbek<\/a>, <a href=\"https:\/\/www.kaduk-bauelemente.de\/leistungen\/terrassendaecher-aus-holz-jesteburg\/\">Terrassend\u00e4cher aus Holz Jesteburg<\/a>, <a href=\"https:\/\/www.kaduk-bauelemente.de\/leistungen\/sektionaltore-salzhausen\/\">Sektionaltore Salzhausen<\/a>, <a href=\"https:\/\/www.kaduk-bauelemente.de\/leistungen\/holzfenster-buchholz\/\">Holzfenster Buchholz<\/a>, <a href=\"https:\/\/www.kaduk-bauelemente.de\/leistungen\/carports-ebstorf\/\">Carports Ebstorf<\/a>, <a href=\"https:\/\/www.kaduk-bauelemente.de\/leistungen\/markisen-bardowick\/\">Markisen Bardowick<\/a>, <a href=\"https:\/\/www.kaduk-bauelemente.de\/leistungen\/rolltore-adendorf\/\">Rolltore Adendorf<\/a>, <a href=\"https:\/\/www.kaduk-bauelemente.de\/leistungen\/rollladen-geesthacht\/\">Rollladen Geesthacht<\/a>, <a href=\"https:\/\/www.kaduk-bauelemente.de\/leistungen\/haustueren-ebstorf\/\">Haust\u00fcren Ebstorf<\/a>, <a href=\"https:\/\/www.kaduk-bauelemente.de\/leistungen\/terrassenueberdachungen-aus-aluminium-bardowick\/\">Terrassen\u00fcberdachungen aus Aluminium Bardowick<\/a>, <a href=\"https:\/\/www.kaduk-bauelemente.de\/leistungen\/insektenschutz-reppenstedt\/\">Insektenschutz Reppenstedt<\/a>, <a href=\"https:\/\/www.kaduk-bauelemente.de\/leistungen\/insektenschutz-stelle\/\">Insektenschutz Stelle<\/a>"},"_links":{"self":[{"href":"https:\/\/www.kaduk-bauelemente.de\/leistungen\/wp-json\/wp\/v2\/pages\/4199","targetHints":{"allow":["GET"]}}],"collection":[{"href":"https:\/\/www.kaduk-bauelemente.de\/leistungen\/wp-json\/wp\/v2\/pages"}],"about":[{"href":"https:\/\/www.kaduk-bauelemente.de\/leistungen\/wp-json\/wp\/v2\/types\/page"}],"author":[{"embeddable":true,"href":"https:\/\/www.kaduk-bauelemente.de\/leistungen\/wp-json\/wp\/v2\/users\/1"}],"replies":[{"embeddable":true,"href":"https:\/\/www.kaduk-bauelemente.de\/leistungen\/wp-json\/wp\/v2\/comments?post=4199"}],"version-history":[{"count":0,"href":"https:\/\/www.kaduk-bauelemente.de\/leistungen\/wp-json\/wp\/v2\/pages\/4199\/revisions"}],"wp:attachment":[{"href":"https:\/\/www.kaduk-bauelemente.de\/leistungen\/wp-json\/wp\/v2\/media?parent=4199"}],"curies":[{"name":"wp","href":"https:\/\/api.w.org\/{rel}","templated":true}]}}