{"id":4195,"date":"2021-08-25T12:18:44","date_gmt":"2021-08-25T10:18:44","guid":{"rendered":"https:\/\/www.kaduk-bauelemente.de\/leistungen\/fenster-buchholz\/"},"modified":"2021-08-25T12:18:44","modified_gmt":"2021-08-25T10:18:44","slug":"fenster-buchholz","status":"publish","type":"page","link":"https:\/\/www.kaduk-bauelemente.de\/leistungen\/fenster-buchholz\/","title":{"rendered":"Fenster &#8211; Buchholz"},"content":{"rendered":"<h3>D\u00fcrfen wir Ihre Fragen zu neuen Fenstern beantworten?<\/h3>\n<p>Als spezialisierter Fachbetrieb bieten wir Ihnen zahlreiche erstklassige Fenster. Sie interessieren sich f\u00fcr neue T\u00fcren und Fenster oder w\u00fcnschen sich einen wirkungsvollen Sonnen- und Sichtschutz? Wir sind sicher, Sie finden in unserem Portfolio die f\u00fcr Ihre Bed\u00fcrfnisse passenden Produkte. Unser Angebot bietet ein breites Spektrum. Wie w\u00e4re es zum Beispiel mit einem Fenster aus Holz? Ein solches Fenster ist eine schmucke, gleicherma\u00dfen hochwertige Verschmelzung aus Technik und Natur. Naturbelassenes Material ist grunds\u00e4tzlich ein Zeichen f\u00fcr einen individuellen Stil. Au\u00dferdem bietet ein erstklassiges Fenster eine hohe Energieeffizienz und begeistert durch eine sehr lange Haltbarkeit. <\/p>\n<p>Ein Fenster aus Aluminium andererseits besticht speziell durch die zuverl\u00e4ssige Technik. Wer sich f\u00fcr Alu-Fenster entscheidet, z\u00e4hlt auf Funktionalit\u00e4t und Wirtschaftlichkeit. Fenster aus Aluminium zeichnen sich durch eine ausgezeichnete D\u00e4mmung aus. Selbstverst\u00e4ndlich passt trotzdem auch die Optik bei diesem Fenster. Aluminium ist besonders stabil. Auf der Au\u00dfenseite installiert, bietet das Metall einen guten Schutz gegen bedrohliche Wettereinfl\u00fcsse. Durch das auf der Innenseite zus\u00e4tzlich montierte Holz wirkt sich das Fenster positiv auf das Wohngef\u00fchl aus.  <\/p>\n<h3>Wir informieren Sie \u00fcber Fenster!<\/h3>\n<p>Fenster aus Holz und Aluminium schlie\u00dflich erfreuen sich einer sp\u00fcrbaren Kundennachfrage. Beide Werkstoffe gehen eine perfekte Symbiose ein. Die diversen Auswahlm\u00f6glichkeiten verleihen dem Fenster einen sehr speziellen Anstrich. F\u00fcr welche Umsetzung Sie sich letzlich entscheiden: Tolle Fenster betonen immer auch die Architektur Ihres Wohn- oderGesch\u00e4ftshauses.<\/p>\n","protected":false},"excerpt":{"rendered":"<p>D\u00fcrfen wir Ihre Fragen zu neuen Fenstern beantworten? Als spezialisierter Fachbetrieb bieten wir Ihnen zahlreiche erstklassige Fenster. Sie interessieren sich f\u00fcr neue T\u00fcren und Fenster oder w\u00fcnschen sich einen wirkungsvollen Sonnen- und Sichtschutz? Wir sind sicher, Sie finden in unserem Portfolio die f\u00fcr Ihre Bed\u00fcrfnisse passenden Produkte. Unser Angebot bietet ein breites Spektrum. Wie w\u00e4re [&hellip;]<\/p>\n","protected":false},"author":1,"featured_media":0,"parent":0,"menu_order":0,"comment_status":"closed","ping_status":"closed","template":"","meta":{"footnotes":""},"class_list":["post-4195","page","type-page","status-publish","hentry"],"meta_box":{"popseo_subtitel":"Kaduk Bauelemente ist Ihr Fachbetrieb f\u00fcr Fenster in Buchholz","popseo_subtitel2":"Fenster - bei uns in gro\u00dfer Auswahl","popseo_lasttitel":"Fenster: Gerne beantworten wir Ihre Fragen!","popseo_region":"Buchholz","popseo_sachwort":"Fenster","popseo_noupdate":"","popseo_einleitungstext":"<p>Wenn es um Sonnenschutz und Sicherheit geht, sind Sie bei der Firma Kaduk genau an der richtigen Adresse. Seit Unternehmensgr\u00fcndung sind wir Ihre lokalen Experten f\u00fcr hochwertige Bauelemente. Zu unserem Produktsortiment z\u00e4hlen beispielsweise Rolltore, Markisen, Terrassend\u00e4cher, Au\u00dfenjalousien, T\u00fcren, Fenster, Rolll\u00e4den und Carports. Wir \u00fcbernehmen Reparatur- und Montagearbeiten und zeigen Ihnen, wie Sie Ihr Gesch\u00e4fts- oder Wohnhaus mit zeitgem\u00e4\u00dfen Bauelementen ausstatten k\u00f6nnen. Nachfolgend haben wir erste Informationen f\u00fcr Sie notiert.<\/p>","popseo_schlusstext":"<p>Sie ben\u00f6tigen einen Experten f\u00fcr hochwertige Sicherheits- und Sonnenschutzl\u00f6sungen. Dann kontaktieren Sie uns bitte schnell. Wir freuen uns auf das Gespr\u00e4ch mit Ihnen. Wenn es um Bauelemente geht, sind wir Ihr kompetenter Handels- und Handwerkspartner. Wir garantieren hochwertige Produkte und eine einwandfrei durchgef\u00fchrte Arbeit nach dem immer neuesten Stand der Technik.<\/p>","popseo_stadttext":"<h3>Wohn- und Gewerbestandort Buchholz i.d. Nordheide<\/h3>\n<p>Buchholz z\u00e4hlt zum nieders\u00e4chsischen Landkreis Harburg und liegt in der Nordheide. Um Verwechslungen mit anderen Orten zu verhindern, tr\u00e4gt die Stadt Buchholz beh\u00f6rtlich die Namenserweiterung \"Buchholz in der Nordheide\". Durch unsere Gesch\u00e4ftst\u00e4tigkeit haben wir uns einen ausgezeichneten \u00dcberblick \u00fcber die Stadtarchitektur der St\u00e4dte und Gemeinden unseres Einzugsbereiches erarbeiten k\u00f6nnen. Nat\u00fcrlich z\u00e4hlt auch Buchholz i.d. Nordheide zu unserem unmittelbaren Wirkungskreis. Wir freuen uns darauf, mit Ihnen in Kontakt zu treten. <\/p>\n<h3>Einige Details zu Buchholz i.d. Nordheide<\/h3>\n<p>Buchholz ist eine zentral gelegene Stadt. Bis in die Gro\u00dfstadt Hamburg sind es knapp 20 km. Entsprechend viele Berufspendler leben in Buchholz. Wer seine Arbeitsst\u00e4tte in Hamburg hat, dennoch eine eher weniger hektische Wohnlage pr\u00e4feriert, hat es in Buchholz hervorragend getroffen. Der nette und \u00fcberschaubare Ort bietet ein besonders attraktives Lebensumfeld. <\/p>\n<p>Summiert wohnen circa 37.000 Menschen in Buchholz. Stadt und Umkreis strecken sich \u00fcber eine Fl\u00e4che von circa 75 qkm. Buchholz teilt sich auf in insgesamt sechs Ortsteile. Eine kleine Eigenheit von Buchholz: Jeder Ortsteil hat einen eigenen Ortsb\u00fcrgermeister.<\/p>\n<h3>Wir kennen uns aus in Buchholz<\/h3>\n<p>Trotz der r\u00e4umlichen N\u00e4he zur Metropole Hamburg, verf\u00fcgt Buchholz \u00fcber ein umtriebiges Wirtschaftsleben, welches sich auf insgesamt drei Gewerbegebiete verteilt. Gro\u00dfe Einzelhandelsbetriebe wie beispielsweise M\u00f6bel Kraft oder Media Markt f\u00fchren in Buchholz Filialen. Dominiert wird die Wirtschaft von Buchholz weitgehend von mittelst\u00e4ndischen Fimen aus den Bereichen Dienstleistung und Gro\u00dfhandel. Dar\u00fcber hinaus finden sich in Buchholz viele Autoh\u00e4ndler. \u00dcber die Autobahnabfahrt Dibbersen ist Buchholz an die Bundesautobahn A1 angeschlossen. Das Buchholzer Dreieck stellt dar\u00fcber hinaus eine Verbindung mit der A7 her. Des Weiteren erreicht man Buchholz mit dem Auto auch bequem \u00fcber die Bundesstra\u00dfe 75. Wer mit dem Zug nach Buchholz f\u00e4hrt, nutzt die Strecke Hamburg-Bremen. Das Verkehrsunternehmen Metronom f\u00e4hrt Buchholz mit der Expresslinie Hamburg-Bremen und \u00fcber eine Nahverkehrslinie an.  <\/p>\n<h4>Hohe Qualit\u00e4t f\u00fcr Kunden aus Buchholz i.d. Nordheide<\/h4>\n<p>Wir finden es klasse, dass Sie unsere Website entdeckt haben. Privat- und Gesch\u00e4ftskunden profitieren von einem sehr guten Preis-Leistungs-Verh\u00e4ltnis. Sie m\u00f6chten mehr \u00fcber uns wissen? F\u00fcr R\u00fcckfragen stehen wir Ihnen jederzeit zur Verf\u00fcgung. Auf den Kontakt zu Ihnen freuen wir uns.<\/p>","popseo_zusatztext":"<h3>Wir k\u00f6nnen g\u00fcnstig und preiswert<\/h3>\n<p>Bauelemente m\u00fcssen gehobenen Anforderungen standhalten. Nichtsdestrotrotz darf es g\u00fcnstig und preiswert sein. Das muss absolut kein Widerspruch sein. <\/p>\n<p>Als Fachunternehmen f\u00fcr Sonnenschutz- und Sicherheitsl\u00f6sungen verarbeiten wir nur hochwertige Erzeugnisse. Gleichwohl schauen wir grunds\u00e4tzlich auf ein gutes Preis-Leistungsverh\u00e4ltnis. Wir m\u00f6chten Ihnen Qualit\u00e4t bieten, die trotzdem auch g\u00fcnstig und preiswert ist. Verleihen Sie Ihrem Heim g\u00fcnstig und preiswert das gewisse Plus an Qualit\u00e4t. Markisen und Rolll\u00e4den oder andere Sonnenschutzl\u00f6sungen sehen nicht nur schmuck aus, sie leisten auch einen wichtigen Anteil zur W\u00e4rmed\u00e4mmung.  <\/p>\n<h3>G\u00fcnstig und preiswert \u2013 trotzdem individuell und schick<\/h3>\n<p>D\u00fcrfen wir Sie beraten, wie Sie g\u00fcnstig und preiswert einen optimalen Sonnenschutz f\u00fcr Ihr Heim realisieren? Super, dann z\u00f6gern Sie bitte nicht und nehmen am besten sofort heute noch Verbindung mit uns auf. Ein kurzer Telefonanruf oder eine schnelle eMail gen\u00fcgen. Gerne informieren Sie unsere perfekt ausgebildeten Profis \u00fcber die unterschiedlichen M\u00f6glichkeiten, wie Sie Ihr Zuhause g\u00fcnstig und preiswert mit Markisen und Rolll\u00e4den oder anderen Sonnenschutzprodukten ausstatten. Wir freuen uns auf das Gespr\u00e4ch mit Ihnen. <\/p>\n<h4>Top-Qualit\u00e4t g\u00fcnstig und preiswert<\/h4>\n<p>Vertrauen Sie beim Thema Sonnenschutz und Sicherheit auf den Fachmann. Nur ein Fachbetrieb kennt die unterschiedlichen Optionen, wie Sie g\u00fcnstig und preiswert, trotzdem qualitativ hochwertig einen perfekten Sonnenschutz erreichen. Qualit\u00e4tsbewusst, g\u00fcnstig und preiswert: Wir empfehlen uns als spezialisiertes Fachunternehmen im norddeutschen Raum. Unsere jahrelange Erfahrung zeichnet uns aus.<\/p>","popseo_links":"<a href=\"https:\/\/www.kaduk-bauelemente.de\/leistungen\/markisen-lueneburg\/\">Markisen L\u00fcneburg<\/a>, <a href=\"https:\/\/www.kaduk-bauelemente.de\/leistungen\/tueren-ebstorf\/\">T\u00fcren Ebstorf<\/a>, <a href=\"https:\/\/www.kaduk-bauelemente.de\/leistungen\/markisen-salzhausen\/\">Markisen Salzhausen<\/a>, <a href=\"https:\/\/www.kaduk-bauelemente.de\/leistungen\/fliegengitter-uelzen\/\">Fliegengitter Uelzen<\/a>, <a href=\"https:\/\/www.kaduk-bauelemente.de\/leistungen\/markisen-stelle\/\">Markisen Stelle<\/a>, <a href=\"https:\/\/www.kaduk-bauelemente.de\/leistungen\/rollladen-maschen\/\">Rollladen Maschen<\/a>, <a href=\"https:\/\/www.kaduk-bauelemente.de\/leistungen\/tueren-bad-bevensen\/\">T\u00fcren Bad Bevensen<\/a>, <a href=\"https:\/\/www.kaduk-bauelemente.de\/leistungen\/rolllaeden-seevetal-rosengarten\/\">Rolll\u00e4den Seevetal Rosengarten<\/a>, <a href=\"https:\/\/www.kaduk-bauelemente.de\/leistungen\/terrassenueberdachungen-aus-aluminium-tostedt-sittensen\/\">Terrassen\u00fcberdachungen aus Aluminium Tostedt Sittensen<\/a>, <a href=\"https:\/\/www.kaduk-bauelemente.de\/leistungen\/zaunbau-bienenbuettel\/\">Zaunbau Bienenb\u00fcttel<\/a>, <a href=\"https:\/\/www.kaduk-bauelemente.de\/leistungen\/haustueren-bad-bevensen\/\">Haust\u00fcren Bad Bevensen<\/a>, <a href=\"https:\/\/www.kaduk-bauelemente.de\/leistungen\/rolllaeden-hanstedt\/\">Rolll\u00e4den Hanstedt<\/a>, <a href=\"https:\/\/www.kaduk-bauelemente.de\/leistungen\/terrassendaecher-aus-holz-lueneburg\/\">Terrassend\u00e4cher aus Holz L\u00fcneburg<\/a>, <a href=\"https:\/\/www.kaduk-bauelemente.de\/leistungen\/terrassendaecher-aus-holz-geesthacht\/\">Terrassend\u00e4cher aus Holz Geesthacht<\/a>, <a href=\"https:\/\/www.kaduk-bauelemente.de\/leistungen\/kunststofffenster-bardowick\/\">Kunststofffenster Bardowick<\/a>, <a href=\"https:\/\/www.kaduk-bauelemente.de\/leistungen\/rolllaeden-lueneburg\/\">Rolll\u00e4den L\u00fcneburg<\/a>, <a href=\"https:\/\/www.kaduk-bauelemente.de\/leistungen\/sektionaltore-stelle\/\">Sektionaltore Stelle<\/a>, <a href=\"https:\/\/www.kaduk-bauelemente.de\/leistungen\/sektionaltore-hanstedt\/\">Sektionaltore Hanstedt<\/a>, <a href=\"https:\/\/www.kaduk-bauelemente.de\/leistungen\/holzfenster-bispingen\/\">Holzfenster Bispingen<\/a>, <a href=\"https:\/\/www.kaduk-bauelemente.de\/leistungen\/zaunbau-harburg\/\">Zaunbau Harburg<\/a>, <a href=\"https:\/\/www.kaduk-bauelemente.de\/leistungen\/rolltore-salzhausen\/\">Rolltore Salzhausen<\/a>, <a href=\"https:\/\/www.kaduk-bauelemente.de\/leistungen\/terrassendaecher-aus-aluminium-geesthacht\/\">Terrassend\u00e4cher aus Aluminium Geesthacht<\/a>, <a href=\"https:\/\/www.kaduk-bauelemente.de\/leistungen\/carports-tostedt-sittensen\/\">Carports Tostedt Sittensen<\/a>, <a href=\"https:\/\/www.kaduk-bauelemente.de\/leistungen\/tueren-geesthacht\/\">T\u00fcren Geesthacht<\/a>, <a href=\"https:\/\/www.kaduk-bauelemente.de\/leistungen\/rollladen-jesteburg\/\">Rollladen Jesteburg<\/a>, <a href=\"https:\/\/www.kaduk-bauelemente.de\/leistungen\/raffstores-herzogtum-lauenburg\/\">Raffstores Herzogtum Lauenburg<\/a>"},"_links":{"self":[{"href":"https:\/\/www.kaduk-bauelemente.de\/leistungen\/wp-json\/wp\/v2\/pages\/4195","targetHints":{"allow":["GET"]}}],"collection":[{"href":"https:\/\/www.kaduk-bauelemente.de\/leistungen\/wp-json\/wp\/v2\/pages"}],"about":[{"href":"https:\/\/www.kaduk-bauelemente.de\/leistungen\/wp-json\/wp\/v2\/types\/page"}],"author":[{"embeddable":true,"href":"https:\/\/www.kaduk-bauelemente.de\/leistungen\/wp-json\/wp\/v2\/users\/1"}],"replies":[{"embeddable":true,"href":"https:\/\/www.kaduk-bauelemente.de\/leistungen\/wp-json\/wp\/v2\/comments?post=4195"}],"version-history":[{"count":0,"href":"https:\/\/www.kaduk-bauelemente.de\/leistungen\/wp-json\/wp\/v2\/pages\/4195\/revisions"}],"wp:attachment":[{"href":"https:\/\/www.kaduk-bauelemente.de\/leistungen\/wp-json\/wp\/v2\/media?parent=4195"}],"curies":[{"name":"wp","href":"https:\/\/api.w.org\/{rel}","templated":true}]}}