{"id":4194,"date":"2021-08-25T12:18:44","date_gmt":"2021-08-25T10:18:44","guid":{"rendered":"https:\/\/www.kaduk-bauelemente.de\/leistungen\/fenster-boizenburg\/"},"modified":"2021-08-25T12:18:44","modified_gmt":"2021-08-25T10:18:44","slug":"fenster-boizenburg","status":"publish","type":"page","link":"https:\/\/www.kaduk-bauelemente.de\/leistungen\/fenster-boizenburg\/","title":{"rendered":"Fenster &#8211; Boizenburg"},"content":{"rendered":"<h3>Wir beraten Sie \u00fcber Fenster!<\/h3>\n<p>Als spezialisierter Fachbetrieb bieten wir Ihnen viele exklusive Fenster. Sie interessieren sich f\u00fcr neue Fenster und T\u00fcren oder f\u00fcr einen wirkungsvollen Sonnen- und Sichtschutz? Wir sind \u00fcberzeugt, Sie finden in unserem Angebotsumfang die f\u00fcr Ihre Vorstellungen geeigneten Produkte. Unser Angebot bietet ein umfassendes Spektrum. Wie w\u00e4re es z.B. mit einem Fenster aus Holz? Ein dergestaltiges Fenster ist eine h\u00fcbsche, dabei qualitativ erstklassige Verschmelzung aus Technik und Natur. Nat\u00fcrliches Material ist ganz sicher ein Ausdruck f\u00fcr einen individuellen Stil. Zugleich bietet ein erstklassiges Fenster eine hohe Energieeffizienz und beeindruckt durch eine sehr lange Produktlebenszeit. <\/p>\n<p>Ein Fenster aus Aluminium wiederum besticht insbesondere durch die ausgereifte Technik. Wer sich f\u00fcr Alu-Fenster entscheidet, z\u00e4hlt auf Funktionalit\u00e4t und Wirtschaftlichkeit. Fenster aus Aluminium zeichnen sich durch eine ausgezeichnete Isolierung aus. Nat\u00fcrlich stimmt aber auch die Optik bei diesem Fenster. Aluminium ist besonders robust. Auf der Au\u00dfenseite montiert, bietet der Werkstoff einen optimalen Schutz gegen negative Wetterbedingungen. Durch das auf der Innenseite zus\u00e4tzlich montierte Holz wirkt sich das Fenster vorteilhaft auf das Wohngef\u00fchl aus.  <\/p>\n<h3>Neue Fenster sind immer eine gute Idee!<\/h3>\n<p>Fenster aus Aluminium und Holz schlie\u00dflich erfreuen sich einer gro\u00dfen Beliebtheit. Beide Werkstoffe gehen eine perfekte Verschmelzung ein. Die diversen Anpassungsm\u00f6glichkeiten verleihen dem Fenster einen sehr individualisierten Anstrich. F\u00fcr welche Variante Sie sich letztendlich entscheiden: Sch\u00f6ne Fenster unterstreichen immer auch die Architektur Ihres Geb\u00e4udes.<\/p>\n","protected":false},"excerpt":{"rendered":"<p>Wir beraten Sie \u00fcber Fenster! Als spezialisierter Fachbetrieb bieten wir Ihnen viele exklusive Fenster. Sie interessieren sich f\u00fcr neue Fenster und T\u00fcren oder f\u00fcr einen wirkungsvollen Sonnen- und Sichtschutz? Wir sind \u00fcberzeugt, Sie finden in unserem Angebotsumfang die f\u00fcr Ihre Vorstellungen geeigneten Produkte. Unser Angebot bietet ein umfassendes Spektrum. Wie w\u00e4re es z.B. mit einem [&hellip;]<\/p>\n","protected":false},"author":1,"featured_media":0,"parent":0,"menu_order":0,"comment_status":"closed","ping_status":"closed","template":"","meta":{"footnotes":""},"class_list":["post-4194","page","type-page","status-publish","hentry"],"meta_box":{"popseo_subtitel":"Kaduk Bauelemente ist Ihr erfahrener Fachbetrieb f\u00fcr Fenster im Raum Boizenburg","popseo_subtitel2":"Fenster - wir beraten Sie zu diesem Thema!","popseo_lasttitel":"Fenster: Treten Sie in Kontakt mit uns!","popseo_region":"Boizenburg","popseo_sachwort":"Fenster","popseo_noupdate":"","popseo_einleitungstext":"<p>Die Firma Dirk Kaduk Bauelemente ist Ihr qualifizierter und erfahrener Fachbetrieb f\u00fcr Sonnenschutz und Sicherheit im Norden. Mit unserem Unternehmensstandort in Adendorf bei L\u00fcneburg decken wir ein geografisch gro\u00dfes Gebiet ab. Bei uns finden Sie hochwertige Bauelemente in gro\u00dfer Auswahl. Zu unserem Produktangebot z\u00e4hlen unter anderem Fenster, Au\u00dfenjalousien, T\u00fcren, Markisen, Rolltore, Terrassend\u00e4cher, Carports und Rolll\u00e4den. Nat\u00fcrlich erledigen wir auch alle damit verbundenen Montage- und Reparaturarbeiten f\u00fcr Sie. Auf unserer Website finden Sie unser komplettes Dienstleistungs- und Produktportfolio detailliert beschrieben. Kompetent und sachgerecht beraten wir Sie \u00fcber Ihre M\u00f6glichkeiten und f\u00fchren s\u00e4mtliche Arbeiten mit Sachverstand und gewissenhaft aus - so wie Sie es von einem kompetenten Fachbetrieb erwarten d\u00fcrfen.<\/p>","popseo_schlusstext":"<p>Sehr gerne informieren wir Sie n\u00e4her \u00fcber unsere Produkte und unser Aufgabengebiet. Wir zeigen Ihnen mit Vergn\u00fcgen auch einige Projekte, die Ihnen einen Einblick in unsere T\u00e4tigkeit geben.<br \/>\nDie Fachleute der Firma Kaduk sind gerne f\u00fcr Sie im Einsatz. Rufen Sie uns doch rasch einmal an oder schreiben Sie uns eine kurze E-Mail. Wir freuen uns auf Ihre Kontaktaufnahme.<\/p>","popseo_stadttext":"<h3>Wohn- und Gewerbestandort Boizenburg<\/h3>\n<p>Unser Gesch\u00e4ftsbereich umfasst auch Boizenburg. Durch unsere T\u00e4tigkeit haben wir uns einen guten \u00dcberblick \u00fcber die Architektur der St\u00e4dte und Gemeinden unseres Vertriebsgebietes machen k\u00f6nnen. Wir f\u00fchlen uns der Region verpflichtet und sind stolz darauf, auch einen Anteil zur ausgezeichneten Infrastruktur der Gemeinde Boizenburg beisteuern zu k\u00f6nnen.  <\/p>\n<h3>Gute Gr\u00fcnde sprechen f\u00fcr den Wohnort Boizenburg<\/h3>\n<p>Die Stadt Boizenburg befindet sich im Landkreis Ludwigslust-Parchim im Bundesland Mecklenburg-Vorpommern. In Boizenburg leben ungef\u00e4hr 10.000 B\u00fcrger auf einer Gesamtfl\u00e4che von 47 Quadratkilometer. Der Name Boizenburg leitet sich ab vom Fluss Boitze. Dieser flie\u00dft direkt durch das Gemeindegebiet. Allgemein bekannter d\u00fcrfte jedoch sein, dass Boizenburg an der Elbe liegt. Boizenburg teilt sich auf in zusammen f\u00fcnf Ortsteile. Dies sind Gehrum, Bahlenburg, Bahlen, Gothmann und Heide. <\/p>\n<p>Boizenburg ist eine mehr oder minder alte Stadt. Zum ersten Mal erw\u00e4hnt wurde die Region schon im Jahre 1171. W\u00e4hrend der DDR-Zeit war Boizenburg zu gro\u00dfen Teilen abgeschieden. Die einstmalige Deutsch-Deutsche-Grenze f\u00fchrte direkt entlang des Ortsgebietes von Boizenburg. Zu dieser Zeit war Boizenburg Sperrgebiet. B\u00fcrger und G\u00e4ste der Stadt brauchten zu dieser Zeit einen speziellen Passierschein. Eine Einschr\u00e4nkung der pers\u00f6nlichen Freiheit, die heutzutage Gott sei Dank nur noch schwer vorstellbar ist. <\/p>\n<h3>Boizenburg - Kleinstadt mit Herz<\/h3>\n<p>Nach dem Zusammenschluss der beiden deutschen Staaten bl\u00fchte Boizenburg regelrecht auf. Der alte Stadtkern wurde modernisiert. Auch der kleine Elbhafen wurde vollst\u00e4ndig umgebaut. Heute ist Boizenburg eine h\u00fcbsch gelegene Kleinstadt, die ihren B\u00fcrgern ein gutes Umfeld bietet. Der Stadtkern von Boizenburg wird von einer mittelalterlichen Wallanlage dominiert. Zahlreiche Fachwerkbauten runden das Stadtbild ab. Besonders ins Auge stechend ist auch das Rathaus Boizenburg - das ansehliche Fachwerkhaus wurde im Jahre 1711 errichtet. Des Weiteren pr\u00e4gt besonders die St. Marien Kirche das Erscheinungsbild der mecklenburgischen Mittelstadt.<\/p>\n<p>Die Wirtschaft von Boizenburg ist gepr\u00e4gt von mittelst\u00e4ndischen Betrieben. Etwa 50 Hektar Gewerbegrund steht in Boizenburg zur Verf\u00fcgung. Eine weitere Ausdehnung ist in Planung. F\u00fcr junge Familien ist Boizenburg als Wohnort von Interesse. Das Kultur- und Sportangebot \u00fcberzeugt durch seine Vielf\u00e4ltigkeit. Schulische Einrichtungen jeglicher Coleur sowie Kinderhorts sind in gen\u00fcgender Zahl vorhanden.  <\/p>\n<h4>Unsere Leistung f\u00fcr qualit\u00e4tsbewusste Kunden aus Boizenburg<\/h4>\n<p>Klasse, dass Sie diese Seite gefunden haben. Wenn Sie eine erfahrene Fachfirma ben\u00f6tigen, sind Sie bei uns richtig. Sie m\u00f6chten mehr \u00fcber uns wissen? F\u00fcr R\u00fcckfragen stehen wir Ihnen jederzeit zur Verf\u00fcgung. Auf den Kontakt zu Ihnen freuen wir uns.<\/p>","popseo_zusatztext":"<h3>Gute Produkte g\u00fcnstig und preiswert<\/h3>\n<p>Bauelemente m\u00fcssen gehobenen Anforderungen standhalten. Gleichzeitig darf es g\u00fcnstig und preiswert sein. Das muss durchaus kein Gegensatz sein. <\/p>\n<p>Als Fachbetrieb f\u00fcr Sonnenschutz und Sicherheit verarbeiten wir ausschlie\u00dflich hochwertige Produkte. Trotzdem schauen wir immer auf ein angemessenes Preis-Leistungsverh\u00e4ltnis. Wir m\u00f6chten Ihnen Spitzenqualit\u00e4t bieten, die trotzdem auch g\u00fcnstig und preiswert ist. Geben Sie Ihrem Zuhause g\u00fcnstig und preiswert das besondere Plus an Qualit\u00e4t. Rolll\u00e4den und Markisen oder andere Sonnenschutzl\u00f6sungen sehen nicht nur h\u00fcbsch aus, sie leisten auch einen wichtigen Anteil zur W\u00e4rmed\u00e4mmung.  <\/p>\n<h3>G\u00fcnstig und preiswert \u2013 es muss wirklich nicht immer teuer sein<\/h3>\n<p>D\u00fcrfen wir Sie beraten, wie Sie g\u00fcnstig und preiswert einen perfekten Sonnenschutz f\u00fcr Ihr Haus realisieren? Prima, dann z\u00f6gern Sie bitte nicht und nehmen am besten gleich heute noch Kontakt mit uns auf. Ein kurzer Telefonanruf oder eine kurze Email gen\u00fcgen. Gern informieren Sie unsere perfekt ausgebildeten Fachleute \u00fcber die verschiedenen Optionen, wie Sie Ihr Haus g\u00fcnstig und preiswert mit Markisen und Rolll\u00e4den oder anderen Sonnenschutzprodukten ausstatten. Wir freuen uns auf den Austausch mit Ihnen. <\/p>\n<h4>Hochwertige Arbeit g\u00fcnstig und preiswert<\/h4>\n<p>Z\u00e4hlen Sie beim Thema Sonnenschutz und Sicherheit auf den Profi. Nur ein Fachbetrieb kennt die diversen Optionen, wie Sie g\u00fcnstig und preiswert, gleichzeitig qualitativ spitze einen perfekten Sonnenschutz erreichen. Qualit\u00e4tsbewusst, g\u00fcnstig und preiswert: Wir empfehlen uns als spezialisiertes Unternehmen im norddeutschen Gebiet. Unsere langj\u00e4hrige Erfahrung zeichnet uns aus.<\/p>","popseo_links":"<a href=\"https:\/\/www.kaduk-bauelemente.de\/leistungen\/fliegengitter-salzhausen\/\">Fliegengitter Salzhausen<\/a>, <a href=\"https:\/\/www.kaduk-bauelemente.de\/leistungen\/carports-bergedorf-wentorf\/\">Carports Bergedorf Wentorf<\/a>, <a href=\"https:\/\/www.kaduk-bauelemente.de\/leistungen\/terrassendaecher-aus-holz-bad-bevensen\/\">Terrassend\u00e4cher aus Holz Bad Bevensen<\/a>, <a href=\"https:\/\/www.kaduk-bauelemente.de\/leistungen\/rolllaeden-bispingen\/\">Rolll\u00e4den Bispingen<\/a>, <a href=\"https:\/\/www.kaduk-bauelemente.de\/leistungen\/garagen-schwarzenbek\/\">Garagen Schwarzenbek<\/a>, <a href=\"https:\/\/www.kaduk-bauelemente.de\/leistungen\/tueren-bispingen\/\">T\u00fcren Bispingen<\/a>, <a href=\"https:\/\/www.kaduk-bauelemente.de\/leistungen\/aussenjalousien-seevetal-rosengarten\/\">Au\u00dfenjalousien Seevetal Rosengarten<\/a>, <a href=\"https:\/\/www.kaduk-bauelemente.de\/leistungen\/sektionaltore-salzhausen\/\">Sektionaltore Salzhausen<\/a>, <a href=\"https:\/\/www.kaduk-bauelemente.de\/leistungen\/fliegengitter-winsen-luhe\/\">Fliegengitter Winsen Luhe<\/a>, <a href=\"https:\/\/www.kaduk-bauelemente.de\/leistungen\/kunststofffenster-jesteburg\/\">Kunststofffenster Jesteburg<\/a>, <a href=\"https:\/\/www.kaduk-bauelemente.de\/leistungen\/tueren-hanstedt\/\">T\u00fcren Hanstedt<\/a>, <a href=\"https:\/\/www.kaduk-bauelemente.de\/leistungen\/rolllaeden-adendorf\/\">Rolll\u00e4den Adendorf<\/a>, <a href=\"https:\/\/www.kaduk-bauelemente.de\/leistungen\/rollladen-salzhausen\/\">Rollladen Salzhausen<\/a>, <a href=\"https:\/\/www.kaduk-bauelemente.de\/leistungen\/haustueren-boizenburg\/\">Haust\u00fcren Boizenburg<\/a>, <a href=\"https:\/\/www.kaduk-bauelemente.de\/leistungen\/zaeune-ebstorf\/\">Z\u00e4une Ebstorf<\/a>, <a href=\"https:\/\/www.kaduk-bauelemente.de\/leistungen\/terrassendaecher-aus-aluminium-geesthacht\/\">Terrassend\u00e4cher aus Aluminium Geesthacht<\/a>, <a href=\"https:\/\/www.kaduk-bauelemente.de\/leistungen\/rolllaeden-stelle\/\">Rolll\u00e4den Stelle<\/a>, <a href=\"https:\/\/www.kaduk-bauelemente.de\/leistungen\/zaunbau-uelzen\/\">Zaunbau Uelzen<\/a>, <a href=\"https:\/\/www.kaduk-bauelemente.de\/leistungen\/terrassenueberdachungen-aus-aluminium-jesteburg\/\">Terrassen\u00fcberdachungen aus Aluminium Jesteburg<\/a>, <a href=\"https:\/\/www.kaduk-bauelemente.de\/leistungen\/tueren-bad-bevensen\/\">T\u00fcren Bad Bevensen<\/a>, <a href=\"https:\/\/www.kaduk-bauelemente.de\/leistungen\/terrassenueberdachungen-aus-aluminium-tostedt-sittensen\/\">Terrassen\u00fcberdachungen aus Aluminium Tostedt Sittensen<\/a>, <a href=\"https:\/\/www.kaduk-bauelemente.de\/leistungen\/aussenjalousien-stelle\/\">Au\u00dfenjalousien Stelle<\/a>, <a href=\"https:\/\/www.kaduk-bauelemente.de\/leistungen\/holzfenster-uelzen\/\">Holzfenster Uelzen<\/a>, <a href=\"https:\/\/www.kaduk-bauelemente.de\/leistungen\/rolllaeden-jesteburg\/\">Rolll\u00e4den Jesteburg<\/a>, <a href=\"https:\/\/www.kaduk-bauelemente.de\/leistungen\/zaunbau-amt-neuhaus\/\">Zaunbau Amt Neuhaus<\/a>, <a href=\"https:\/\/www.kaduk-bauelemente.de\/leistungen\/tueren-bienenbuettel\/\">T\u00fcren Bienenb\u00fcttel<\/a>"},"_links":{"self":[{"href":"https:\/\/www.kaduk-bauelemente.de\/leistungen\/wp-json\/wp\/v2\/pages\/4194","targetHints":{"allow":["GET"]}}],"collection":[{"href":"https:\/\/www.kaduk-bauelemente.de\/leistungen\/wp-json\/wp\/v2\/pages"}],"about":[{"href":"https:\/\/www.kaduk-bauelemente.de\/leistungen\/wp-json\/wp\/v2\/types\/page"}],"author":[{"embeddable":true,"href":"https:\/\/www.kaduk-bauelemente.de\/leistungen\/wp-json\/wp\/v2\/users\/1"}],"replies":[{"embeddable":true,"href":"https:\/\/www.kaduk-bauelemente.de\/leistungen\/wp-json\/wp\/v2\/comments?post=4194"}],"version-history":[{"count":0,"href":"https:\/\/www.kaduk-bauelemente.de\/leistungen\/wp-json\/wp\/v2\/pages\/4194\/revisions"}],"wp:attachment":[{"href":"https:\/\/www.kaduk-bauelemente.de\/leistungen\/wp-json\/wp\/v2\/media?parent=4194"}],"curies":[{"name":"wp","href":"https:\/\/api.w.org\/{rel}","templated":true}]}}