{"id":4191,"date":"2021-08-25T12:18:44","date_gmt":"2021-08-25T10:18:44","guid":{"rendered":"https:\/\/www.kaduk-bauelemente.de\/leistungen\/fenster-bergedorf-wentorf\/"},"modified":"2021-08-25T12:18:44","modified_gmt":"2021-08-25T10:18:44","slug":"fenster-bergedorf-wentorf","status":"publish","type":"page","link":"https:\/\/www.kaduk-bauelemente.de\/leistungen\/fenster-bergedorf-wentorf\/","title":{"rendered":"Fenster &#8211; Bergedorf Wentorf"},"content":{"rendered":"<h3>Neue Fenster \u2013 gewinnbringend und attraktiv!<\/h3>\n<p>Als spezialisierter Fachbetrieb bieten wir Ihnen zahllose exquisite Fenster. Sie interessieren sich f\u00fcr neue Fenster und T\u00fcren beziehungsweise f\u00fcr einen wirksamen Sonnen- und Sichtschutz? Wir sind sicher, Sie finden in unserem Portfolio die f\u00fcr Ihre Anspr\u00fcche geeigneten Produkte. Unser Angebot beinhaltet ein breites Spektrum. Wie w\u00e4re es z.B. mit einem Fenster aus Holz? So ein Fenster ist eine schmucke, gleicherma\u00dfen hochwertige Kombination aus Technik und Natur. Naturbelassenes Material ist ohne Frage ein Ausdruck f\u00fcr einen individuellen Stil. Gleichzeitig hat ein erstklassiges Fenster eine hohe Energieeffizienz und \u00fcberzeugt durch eine jahrelange Produktlebenszeit. <\/p>\n<p>Ein Fenster aus Aluminium wiederum besticht in erster Linie durch die verl\u00e4ssliche Technik. Wer sich f\u00fcr Alu-Fenster entscheidet, z\u00e4hlt auf Funktionalit\u00e4t und Wirtschaftlichkeit. Fenster aus Aluminium zeichnen sich durch eine bestm\u00f6gliche W\u00e4rmeisolierung aus. Selbstredend passt trotzdem auch die Optik bei diesem Fenster. Aluminium ist ungemein stabil. Auf der Au\u00dfenseite montiert, bietet das Metall einen perfekten Schutz gegen sch\u00e4dliche Witterungseinfl\u00fcsse. Durch das auf der Innenseite zus\u00e4tzlich verarbeitete Holz wirkt sich das Fenster g\u00fcnstig auf das Wohngef\u00fchl aus.  <\/p>\n<h3>Sie interessieren sich f\u00fcr neue Fenster? Dann besuchen Sie unsere Ausstellung!<\/h3>\n<p>Fenster aus Aluminium und Holz schlie\u00dflich erfreuen sich einer ausgesprochenen Kundenresonanz. Beide Materialien gehen eine n\u00fctzliche Verbindung ein. Die unterschiedlichen Gestaltungsoptionen verleihen dem Fenster einen sehr individualisierten Anstrich. F\u00fcr welche L\u00f6sung Sie sich auch entscheiden: Sch\u00f6ne Fenster betonen grunds\u00e4tzlich auch die Architektur Ihres Geb\u00e4udes.<\/p>\n","protected":false},"excerpt":{"rendered":"<p>Neue Fenster \u2013 gewinnbringend und attraktiv! Als spezialisierter Fachbetrieb bieten wir Ihnen zahllose exquisite Fenster. Sie interessieren sich f\u00fcr neue Fenster und T\u00fcren beziehungsweise f\u00fcr einen wirksamen Sonnen- und Sichtschutz? Wir sind sicher, Sie finden in unserem Portfolio die f\u00fcr Ihre Anspr\u00fcche geeigneten Produkte. Unser Angebot beinhaltet ein breites Spektrum. Wie w\u00e4re es z.B. mit [&hellip;]<\/p>\n","protected":false},"author":1,"featured_media":0,"parent":0,"menu_order":0,"comment_status":"closed","ping_status":"closed","template":"","meta":{"footnotes":""},"class_list":["post-4191","page","type-page","status-publish","hentry"],"meta_box":{"popseo_subtitel":"Wir sind Ihr Fachunternehmen f\u00fcr Fenster im Raum Bergedorf Wentorf","popseo_subtitel2":"Fenster vom Fachbetrieb","popseo_lasttitel":"Fenster: Sie haben Fragen? Dann melden Sie sich bei uns","popseo_region":"Bergedorf Wentorf","popseo_sachwort":"Fenster","popseo_noupdate":"","popseo_einleitungstext":"<p>Die Firma Kaduk ist Ihr qualifizierter und erfahrener Fachbetrieb f\u00fcr Sicherheit und Sonnenschutz im Norden. Mit unserem Unternehmensstandort in Adendorf bei L\u00fcneburg decken wir ein fl\u00e4chenm\u00e4\u00dfig gro\u00dfes Gebiet ab. Bei uns bekommen Sie hochwertige Bauelemente in gro\u00dfer Auswahl. Zu unserem Produktsortiment z\u00e4hlen u.a. T\u00fcren, Au\u00dfenjalousien, Fenster, Terrassend\u00e4cher, Markisen, Rolltore, Rolll\u00e4den und Carports. Selbstverst\u00e4ndlich erledigen wir auch Reparatur- und Montagearbeiten f\u00fcr Sie. Auf unserer Homepage finden Sie unser komplettes Produkt- und Dienstleistungsangebot ausf\u00fchrlich beschrieben. Fachgerecht und kompetent beraten wir Sie \u00fcber Ihre M\u00f6glichkeiten und f\u00fchren s\u00e4mtliche Arbeiten gewissenhaft und mit Sachverstand aus - so wie Sie es von einem spezialisierten Fachbetrieb erwarten k\u00f6nnen.<\/p>","popseo_schlusstext":"<p>Sehr gerne informieren wir Sie n\u00e4her \u00fcber unser Produkt- und T\u00e4tigkeitsspektrum. Wir zeigen Ihnen mit Vergn\u00fcgen auch ein paar Projekte, die Ihnen einen Einblick in unsere Arbeit geben.<br \/>\nDie Fachleute der Firma Kaduk sind gerne f\u00fcr Sie im Einsatz. Rufen Sie uns doch einfach einmal an oder senden Sie uns eine kurze E-Mail. Wir freuen uns auf den Kontakt zu Ihnen.<\/p>","popseo_stadttext":"<h3>Unser Vertriebsgebiet umfasst auch Bergedorf und Wentorf<\/h3>\n<p>Durch unsere Vertriebst\u00e4tigkeit haben wir uns einen ausgezeichneten \u00dcberblick \u00fcber die Stadtarchitektur der St\u00e4dte und Gemeinden unseres Einzugsbereiches machen k\u00f6nnen. Selbstverst\u00e4ndlich geh\u00f6ren auch Bergedorf und Wentorf zu unserem unmittelbaren Wirkungskreis. Wir freuen uns darauf, mit Ihnen ins Gespr\u00e4ch zu kommen. <\/p>\n<h3>Einige Details \u00fcber Bergedorf und Wentorf:<h3>\n<p>Ehemals eigenst\u00e4ndig z\u00e4hlt Bergedorf jetzt zur Freien und Hansestadt Hamburg. Der Stadtteil liegt am s\u00fcd\u00f6stlichen Stadtrand und grenzt an die schleswig-holsteinischen Orte Reinbek und Wentorf. In Bergedorf leben rund 42.000 B\u00fcrger auf einer Gesamtfl\u00e4che von 11 qkm. Obwohl Bergedorf schon seit dem 01. Januar 1938 keine Autonomie mehr besitzt, hat sich der Stadtteil trotzdem eine gewisse Eigenst\u00e4ndigkeit bewahrt. Beinahe k\u00f6nnte man sagen, Bergedorf w\u00e4re eine Art Stadt in der Stadt. Zum Bezirk Bergedorf z\u00e4hlen zusammen 14 Ortsteile. Die gr\u00f6\u00dften Stadtteile sind: Moorfleet, Allerm\u00f6he, Lohbr\u00fcgge, Billwerder, Neuallerm\u00f6he, Curslack, Altengamme, Neuengamme, Kirchwerder und Ochsenwerder. Nichtselten hinzu gez\u00e4hlt wird auch Wentorf. Dies ist allerdings nicht v\u00f6llig korrekt, da Wentorf zum schleswig-holsteinischen Kreis Herzogtum Lauenburg z\u00e4hlt.  <\/p>\n<p>In Bergedorf zu wohnen bedeutet, die Annehmlichkeiten der Stadt zu genie\u00dfen ohne gleichzeitig auf kleinst\u00e4dtischen Charme zu verzichten. Die Wohnquartiere von Bergedorf sind gepr\u00e4gt von Einzel- oder Mehrfamilienhausbebauung. Gr\u00f6\u00dfere Wohnblocks findet man in Bergedorf vor allem in der N\u00e4he des Zentrums. Die Infrastruktur ist gut: In der City von Bergedorf finden sich gute Shoppingm\u00f6glichkeiten. <\/p>\n<h3>Wir kennen uns aus in Bergedorf und Wentorf<\/h3>\n<p>Ob in den Passagen oder in der Fu\u00dfg\u00e4ngerzone: In Bergedorf l\u00e4sst es sich tats\u00e4chlich wunderbar bummeln. Und wer sp\u00e4ter Lust auf etwas Entspannung hat, macht Station in einem der zahllosen gem\u00fctlichen Restaurants und Caf\u00e9s. Bergedorf ist an den HVV angeschlossen. Mit der S-Bahnlinie S2 erreicht man den Hamburg Hauptbahnhof in zirca 25 Minuten. Auch mit dem PKW kommt man gut nach Bergedorf: \u00dcber die B 207 und 5 kommt man unmittelbar in den Stadtteil. Die Bev\u00f6lkerung von Bergedorf genie\u00dft besonders den bunten Mix ihres Stadtteils. Eine wachsende Wirtschaft, die nahegelegenen Naturgebiete sowie die hervorragenden Freizeit- und Kulturangebote machen Bergedorf zu einer Wohnstatt mit besonders hoher Lebensqualit\u00e4t.<\/p>\n<p>Auch Wentorf grenzt unmittelbar an Bergedorf, die \u00dcberg\u00e4nge sind nahezu flie\u00dfend. Als attraktives Wohngebiet ist Wentorf speziell bei Berufspendlern beliebt. Eine sehr gute Infrastruktur, die N\u00e4he zur Gro\u00dfstadt sowie eine sehr gute Verkehrsanbindung sprechen f\u00fcr Wentorf. <\/p>\n<h4>Privat- und Gesch\u00e4ftskunden aus Bergedorf und Wentorf sch\u00e4tzen unsere Leistungen!<\/h4>\n<p>Wir finden es super, dass Sie unsere Internetseite gefunden haben. Ob Bergedorf oder Wentorf: Unser Fachunternehmen steht f\u00fcr ein sehr gutes Preis-Leistungs-Verh\u00e4ltnis. Sie m\u00f6chten mehr \u00fcber uns erfahren? F\u00fcr R\u00fcckfragen stehen wir Ihnen jederzeit zur Verf\u00fcgung. Auf den Kontakt zu Ihnen freuen wir uns.<\/p>","popseo_zusatztext":"<h3>G\u00fcnstig und preiswert \u2013 testen Sie uns!<\/h3>\n<p>Bauelemente m\u00fcssen h\u00f6chsten Erwartungen standhalten. Nichtsdestrotrotz soll es g\u00fcnstig und preiswert sein. Das muss generell kein Widerspruch sein. <\/p>\n<p>Als Fachunternehmen f\u00fcr Sonnenschutz- und Sicherheitsl\u00f6sungen verwenden wir nur qualitativ hochwertige Erzeugnisse. Trotzdem achten wir immer auf ein passendes Preis-Leistungsverh\u00e4ltnis. Wir m\u00f6chten Ihnen Spitzenqualit\u00e4t bieten, die zugleich auch g\u00fcnstig und preiswert ist. Verleihen Sie Ihrem Haus g\u00fcnstig und preiswert das gewisse Mehr an Qualit\u00e4t. Markisen und Rolll\u00e4den oder andere Sonnenschutzl\u00f6sungen sehen nicht nur h\u00fcbsch aus, sie leisten auch einen bedeutsamen Anteil zur W\u00e4rmed\u00e4mmung.  <\/p>\n<h3>G\u00fcnstig und preiswert ohne Abstriche bei der Qualit\u00e4t<\/h3>\n<p>D\u00fcrfen wir Sie informieren, wie Sie g\u00fcnstig und preiswert einen perfekten Sonnenschutz f\u00fcr Ihr Zuhause realisieren? Klasse, dann warten Sie bitte nicht und nehmen am besten sofort heute noch Verbindung mit uns auf. Ein kurzer Telefonanruf oder auch eine schnelle Mail gen\u00fcgen. Sehr gerne informieren Sie unsere perfekt geschulten Profis \u00fcber die verschiedenen Optionen, wie Sie Ihr Zuhause g\u00fcnstig und preiswert mit Markisen und Rolll\u00e4den oder anderen Sonnenschutzprodukten versehen. Wir freuen uns auf den Austausch mit Ihnen. <\/p>\n<h4>Top-Qualit\u00e4t g\u00fcnstig und preiswert<\/h4>\n<p>Setzen Sie beim Thema Sonnenschutz und Sicherheit auf den Experten. Nur ein Fachbetrieb kennt die unterschiedlichen M\u00f6glichkeiten, wie Sie g\u00fcnstig und preiswert, gleichzeitig qualitativ spitze einen tadellosen Sonnenschutz erreichen. Qualit\u00e4tsbewusst, g\u00fcnstig und preiswert: Wir empfehlen uns als spezialisiertes Fachunternehmen im Norden. Unsere gro\u00dfe Erfahrung spricht f\u00fcr uns.<\/p>","popseo_links":"<a href=\"https:\/\/www.kaduk-bauelemente.de\/leistungen\/garagen-geesthacht\/\">Garagen Geesthacht<\/a>, <a href=\"https:\/\/www.kaduk-bauelemente.de\/leistungen\/rolltore-salzhausen\/\">Rolltore Salzhausen<\/a>, <a href=\"https:\/\/www.kaduk-bauelemente.de\/leistungen\/raffstores-geesthacht\/\">Raffstores Geesthacht<\/a>, <a href=\"https:\/\/www.kaduk-bauelemente.de\/leistungen\/insektenschutz-buchholz\/\">Insektenschutz Buchholz<\/a>, <a href=\"https:\/\/www.kaduk-bauelemente.de\/leistungen\/garagentore-salzhausen\/\">Garagentore Salzhausen<\/a>, <a href=\"https:\/\/www.kaduk-bauelemente.de\/leistungen\/holzfenster-bardowick\/\">Holzfenster Bardowick<\/a>, <a href=\"https:\/\/www.kaduk-bauelemente.de\/leistungen\/sektionaltore-boizenburg\/\">Sektionaltore Boizenburg<\/a>, <a href=\"https:\/\/www.kaduk-bauelemente.de\/leistungen\/zaeune-seevetal-rosengarten\/\">Z\u00e4une Seevetal Rosengarten<\/a>, <a href=\"https:\/\/www.kaduk-bauelemente.de\/leistungen\/garagen-bergedorf-wentorf\/\">Garagen Bergedorf Wentorf<\/a>, <a href=\"https:\/\/www.kaduk-bauelemente.de\/leistungen\/carports-amt-neuhaus\/\">Carports Amt Neuhaus<\/a>, <a href=\"https:\/\/www.kaduk-bauelemente.de\/leistungen\/rolllaeden-boizenburg\/\">Rolll\u00e4den Boizenburg<\/a>, <a href=\"https:\/\/www.kaduk-bauelemente.de\/leistungen\/insektenschutz-reinbek-glinde\/\">Insektenschutz Reinbek Glinde<\/a>, <a href=\"https:\/\/www.kaduk-bauelemente.de\/leistungen\/garagentore-maschen\/\">Garagentore Maschen<\/a>, <a href=\"https:\/\/www.kaduk-bauelemente.de\/leistungen\/carports-lueneburg\/\">Carports L\u00fcneburg<\/a>, <a href=\"https:\/\/www.kaduk-bauelemente.de\/leistungen\/terrassendaecher-aus-aluminium-bergedorf-wentorf\/\">Terrassend\u00e4cher aus Aluminium Bergedorf Wentorf<\/a>, <a href=\"https:\/\/www.kaduk-bauelemente.de\/leistungen\/terrassenueberdachungen-aus-aluminium-bispingen\/\">Terrassen\u00fcberdachungen aus Aluminium Bispingen<\/a>, <a href=\"https:\/\/www.kaduk-bauelemente.de\/leistungen\/rolltore-uelzen\/\">Rolltore Uelzen<\/a>, <a href=\"https:\/\/www.kaduk-bauelemente.de\/leistungen\/zaunbau-lueneburg\/\">Zaunbau L\u00fcneburg<\/a>, <a href=\"https:\/\/www.kaduk-bauelemente.de\/leistungen\/terrassendaecher-aus-holz-amt-neuhaus\/\">Terrassend\u00e4cher aus Holz Amt Neuhaus<\/a>, <a href=\"https:\/\/www.kaduk-bauelemente.de\/leistungen\/kunststofffenster-ebstorf\/\">Kunststofffenster Ebstorf<\/a>, <a href=\"https:\/\/www.kaduk-bauelemente.de\/leistungen\/sektionaltore-uelzen\/\">Sektionaltore Uelzen<\/a>, <a href=\"https:\/\/www.kaduk-bauelemente.de\/leistungen\/terrassendaecher-aus-holz-seevetal-rosengarten\/\">Terrassend\u00e4cher aus Holz Seevetal Rosengarten<\/a>, <a href=\"https:\/\/www.kaduk-bauelemente.de\/leistungen\/garagentore-adendorf\/\">Garagentore Adendorf<\/a>, <a href=\"https:\/\/www.kaduk-bauelemente.de\/leistungen\/rollladen-schwarzenbek\/\">Rollladen Schwarzenbek<\/a>, <a href=\"https:\/\/www.kaduk-bauelemente.de\/leistungen\/insektenschutz-tostedt-sittensen\/\">Insektenschutz Tostedt Sittensen<\/a>, <a href=\"https:\/\/www.kaduk-bauelemente.de\/leistungen\/garagentore-schwarzenbek\/\">Garagentore Schwarzenbek<\/a>"},"_links":{"self":[{"href":"https:\/\/www.kaduk-bauelemente.de\/leistungen\/wp-json\/wp\/v2\/pages\/4191","targetHints":{"allow":["GET"]}}],"collection":[{"href":"https:\/\/www.kaduk-bauelemente.de\/leistungen\/wp-json\/wp\/v2\/pages"}],"about":[{"href":"https:\/\/www.kaduk-bauelemente.de\/leistungen\/wp-json\/wp\/v2\/types\/page"}],"author":[{"embeddable":true,"href":"https:\/\/www.kaduk-bauelemente.de\/leistungen\/wp-json\/wp\/v2\/users\/1"}],"replies":[{"embeddable":true,"href":"https:\/\/www.kaduk-bauelemente.de\/leistungen\/wp-json\/wp\/v2\/comments?post=4191"}],"version-history":[{"count":0,"href":"https:\/\/www.kaduk-bauelemente.de\/leistungen\/wp-json\/wp\/v2\/pages\/4191\/revisions"}],"wp:attachment":[{"href":"https:\/\/www.kaduk-bauelemente.de\/leistungen\/wp-json\/wp\/v2\/media?parent=4191"}],"curies":[{"name":"wp","href":"https:\/\/api.w.org\/{rel}","templated":true}]}}