{"id":4187,"date":"2021-08-25T12:18:44","date_gmt":"2021-08-25T10:18:44","guid":{"rendered":"https:\/\/www.kaduk-bauelemente.de\/leistungen\/fenster-amelinghausen\/"},"modified":"2021-08-25T12:18:44","modified_gmt":"2021-08-25T10:18:44","slug":"fenster-amelinghausen","status":"publish","type":"page","link":"https:\/\/www.kaduk-bauelemente.de\/leistungen\/fenster-amelinghausen\/","title":{"rendered":"Fenster &#8211; Amelinghausen"},"content":{"rendered":"<h3>D\u00fcrfen wir Ihre Fragen zu neuen Fenstern beantworten?<\/h3>\n<p>Als spezialisierter Betrieb bieten wir Ihnen viele qualitativ hervorragende Fenster. Sie interessieren sich f\u00fcr neue T\u00fcren und Fenster oder f\u00fcr einen effektiven Sicht- und Sonnenschutz? Wir sind uns sicher, Sie finden in unserer Angebotspalette die f\u00fcr Ihre Bed\u00fcrfnisse geeigneten Produkte. Unser Sortiment umfasst eine gro\u00dfe Auswahl. Wie w\u00e4re es beispielsweise mit einem Fenster aus Holz? So ein Fenster ist eine schmucke, dabei hochwertige Verschmelzung aus Technik und Natur. Nat\u00fcrliches Material ist grunds\u00e4tzlich ein Ausdruck f\u00fcr einen besonderen Stil. Zugleich hat ein gutes Fenster eine hohe Energieeffizienz und begeistert durch eine jahrelange Produktlebenszeit. <\/p>\n<p>Ein Fenster aus Aluminium wiederum besticht in erster Linie durch die zuverl\u00e4ssige Technik. Wer sich f\u00fcr Alu-Fenster entscheidet, setzt auf Wirtschaftlichkeit und Funktionalit\u00e4t. Fenster aus Aluminium zeichnen sich durch eine ausgezeichnete W\u00e4rmeisolierung aus. Selbstverst\u00e4ndlich passt aber auch die Optik bei diesem Fenster. Aluminium ist ungemein robust. Auf der Au\u00dfenseite montiert, bietet das Metall einen sehr guten Schutz gegen bedrohliche Wetterbedingungen. Durch das auf der Innenseite zus\u00e4tzlich montierte Holz wirkt sich das Fenster positiv auf das Wohngef\u00fchl aus.  <\/p>\n<h3>Neue Fenster sind immer eine gute Idee!<\/h3>\n<p>Fenster aus Aluminium und Holz schlie\u00dflich erfreuen sich einer besonderen Nachfrage. Beide Materialien gehen eine perfekte Verbindung ein. Die unterschiedlichen Anpassungsm\u00f6glichkeiten verleihen dem Fenster einen \u00e4u\u00dferst speziellen Anstrich. F\u00fcr welche Produktgattung Sie sich letzlich entscheiden: Sch\u00f6ne Fenster unterstreichen immer auch die Architektur Ihres Hauses.<\/p>\n","protected":false},"excerpt":{"rendered":"<p>D\u00fcrfen wir Ihre Fragen zu neuen Fenstern beantworten? Als spezialisierter Betrieb bieten wir Ihnen viele qualitativ hervorragende Fenster. Sie interessieren sich f\u00fcr neue T\u00fcren und Fenster oder f\u00fcr einen effektiven Sicht- und Sonnenschutz? Wir sind uns sicher, Sie finden in unserer Angebotspalette die f\u00fcr Ihre Bed\u00fcrfnisse geeigneten Produkte. Unser Sortiment umfasst eine gro\u00dfe Auswahl. Wie [&hellip;]<\/p>\n","protected":false},"author":1,"featured_media":0,"parent":0,"menu_order":0,"comment_status":"closed","ping_status":"closed","template":"","meta":{"footnotes":""},"class_list":["post-4187","page","type-page","status-publish","hentry"],"meta_box":{"popseo_subtitel":"Wir sind Ihr Fachunternehmen f\u00fcr Fenster im Raum Amelinghausen","popseo_subtitel2":"Fenster - bei uns in gro\u00dfer Auswahl!","popseo_lasttitel":"Fenster: Wir beantworten Ihre Fragen!","popseo_region":"Amelinghausen","popseo_sachwort":"Fenster","popseo_noupdate":"","popseo_einleitungstext":"<p>Wenn es um Sonnenschutz und Sicherheit geht, sind Sie bei der Firma Dirk Kaduk Bauelemte genau an der richtigen Adresse. Seit Firmengr\u00fcndung sind wir Ihre lokalen Experten f\u00fcr hochwertige Bauelemente. Zu unserem Produktsortiment geh\u00f6ren zum Beispiel Rolltore, Terrassend\u00e4cher, Markisen, T\u00fcren, Au\u00dfenjalousien, Fenster, Carports und Rolll\u00e4den. Unsere Fachleute \u00fcbernehmen Reparatur- und Montagearbeiten und zeigen Ihnen M\u00f6glichkeiten auf, wie Sie Ihre Immobilie mit modernen Bauelementen ausr\u00fcsten k\u00f6nnen. Auf diesen Seiten haben wir einige erste Informationen f\u00fcr Sie notiert.<\/p>","popseo_schlusstext":"<p>Sie ben\u00f6tigen einen Profi f\u00fcr moderne Sonnenschutz- und Sicherheitsl\u00f6sungen. Dann rufen Sie uns bitte rasch an. Wir freuen uns auf Ihren Anruf oder Ihre E-Mail. Wenn es um Bauelemente geht, sind wir Ihr kompetenter Handels- und Handwerkspartner. Wir stehen f\u00fcr hochwertige Produkte und eine fachm\u00e4nnisch durchgef\u00fchrte Arbeit nach dem stets neuesten Stand der Technik.<\/p>","popseo_stadttext":"<h3>Wohn- und Gewerbestandort Amelinghausen<\/h3>\n<p>Durch unsere T\u00e4tigkeit haben wir uns einen guten \u00dcberblick \u00fcber die Stadtarchitektur der Gemeinden und St\u00e4dte unseres Vertriebsgebietes erarbeiten k\u00f6nnen. Unser Gesch\u00e4ftsbereich umfasst nat\u00fcrlich auch Amelinghausen. Wir f\u00fchlen uns der Region verpflichtet und freuen uns dar\u00fcber auch einen Teil zur ausgezeichneten Infrastruktur der Gemeinde beizusteuern zu k\u00f6nnen.  <\/p>\n<p><h3>Einige Informationen zur Samtgemeinde Amelinghausen<\/h3><br \/>\nAmelinghausen liegt in der L\u00fcneburger Heide. Etwas mehr als 4.000 Anwohner leben in Amelinghausen auf einer Gesamtfl\u00e4che von etwa 16 km\u00b2. Den charmanten kleinen Ort erreicht man mit dem Auto \u00fcber die B209. Die Umgebung ist ideal f\u00fcr Ausfl\u00fcge ins Gr\u00fcne. Die Baustruktur in der Region ist \u00fcberwiegend gekennzeichnet von einer ansprechenden Einzelhausbebauung. In erster Line junge Familien genie\u00dfen das Leben in Amelinghausen. Die r\u00e4umliche N\u00e4he zur Stadt L\u00fcneburg mit hervorragenden Verkehrsanbindungen und Freizeitangeboten machen die Gemeinde Amelinghausen so lebenswert.<br \/>\nDie Gemeinde ist Sitz der Samtgemeinde Amelinghausen, einer Vereinigung von f\u00fcnf kleineren Orten. Dies sind neben Amelinghausen selbst die Gemeinden Betzendorf, Oldendorf (Luhe), Soderstorf und Rehlingen. Die Samtgemeinde z\u00e4hlt in Summe rund 8.000 B\u00fcrger und streckt sich \u00fcber ein Areal von zirka 194 qkm.<\/p>\n<h4>Hohe Qualit\u00e4t f\u00fcr Kunden aus Amelinghausen<\/h4>\n<p>Sie wohnen in Amelinghausen, Oldendorf (Luhe), Betzendorf, Rehlingen oder Soderstorf und interessieren sich f\u00fcr unser Leistungsangebot. Toll, dass Sie diese Seite gefunden haben. F\u00fcr R\u00fcckfragen stehen wir Ihnen jederzeit zur Verf\u00fcgung. Auf den Kontakt zu Ihnen freuen wir uns.<\/p>","popseo_zusatztext":"<h3>G\u00fcnstig und preiswert \u2013 trotzdem perfekte Qualit\u00e4t<\/h3>\n<p>Bauelemente m\u00fcssen hohen Erwartungen gerecht werden. Nichtsdestrotrotz mu\u00df es g\u00fcnstig und preiswert sein. Das muss absolut kein Widerspruch sein. <\/p>\n<p>Als Fachbetrieb f\u00fcr Sonnenschutz und Sicherheit verarbeiten wir nur qualitativ hochwertige Erzeugnisse. Gleichwohl achten wir stets auf ein angemessenes Preis-Leistungsverh\u00e4ltnis. Wir m\u00f6chten Ihnen Qualit\u00e4t anbieten, die trotzdem auch g\u00fcnstig und preiswert ist. Geben Sie Ihrem Haus g\u00fcnstig und preiswert das gewisse Mehr an Qualit\u00e4t. Markisen und Rolll\u00e4den oder andere Sonnenschutzl\u00f6sungen sehen nicht nur schmuck aus, sie leisten auch einen bedeutenden Beitrag zur W\u00e4rmed\u00e4mmung.  <\/p>\n<h3>G\u00fcnstig und preiswert \u2013 trotzdem individuell und schick<\/h3>\n<p>D\u00fcrfen wir Sie beraten, wie Sie g\u00fcnstig und preiswert einen optimalen Sonnenschutz f\u00fcr Ihr Heim realisieren? Super, dann warten Sie bitte nicht und nehmen am besten sofort heute noch Verbindung mit uns auf. Ein kurzer Anruf oder auch eine schnelle Email gen\u00fcgen. Sehr gerne informieren Sie unsere perfekt ausgebildeten Profis \u00fcber die diversen M\u00f6glichkeiten, wie Sie Ihr Zuhause g\u00fcnstig und preiswert mit Rolll\u00e4den und Markisen oder anderen Sonnenschutzprodukten ausstatten. Wir freuen uns auf den Austausch mit Ihnen. <\/p>\n<h4>G\u00fcnstig und preiswert \u2013 manchmal macht auch der Preis den Unterschied<\/h4>\n<p>Setzen Sie beim Thema Sonnenschutz und Sicherheit auf den Fachmann. Nur ein Fachbetrieb kennt die unterschiedlichen M\u00f6glichkeiten, wie Sie g\u00fcnstig und preiswert, gleichzeitig qualitativ h\u00f6herwertig einen optimalen Sonnenschutz verwirklichen. Qualit\u00e4tsbewusst, g\u00fcnstig und preiswert: Wir empfehlen uns als spezialisiertes Fachunternehmen im norddeutschen Raum. Unsere jahrelange Erfahrung zeichnet uns aus.<\/p>","popseo_links":"<a href=\"https:\/\/www.kaduk-bauelemente.de\/leistungen\/rollladen-reppenstedt\/\">Rollladen Reppenstedt<\/a>, <a href=\"https:\/\/www.kaduk-bauelemente.de\/leistungen\/terrassenueberdachungen-aus-holz-reinbek-glinde\/\">Terrassen\u00fcberdachungen aus Holz Reinbek Glinde<\/a>, <a href=\"https:\/\/www.kaduk-bauelemente.de\/leistungen\/garagen-hanstedt\/\">Garagen Hanstedt<\/a>, <a href=\"https:\/\/www.kaduk-bauelemente.de\/leistungen\/carports-bardowick\/\">Carports Bardowick<\/a>, <a href=\"https:\/\/www.kaduk-bauelemente.de\/leistungen\/terrassenueberdachungen-aus-holz-jesteburg\/\">Terrassen\u00fcberdachungen aus Holz Jesteburg<\/a>, <a href=\"https:\/\/www.kaduk-bauelemente.de\/leistungen\/zaeune-buchholz\/\">Z\u00e4une Buchholz<\/a>, <a href=\"https:\/\/www.kaduk-bauelemente.de\/leistungen\/terrassenueberdachungen-aus-holz-bardowick\/\">Terrassen\u00fcberdachungen aus Holz Bardowick<\/a>, <a href=\"https:\/\/www.kaduk-bauelemente.de\/leistungen\/fliegengitter-buchholz\/\">Fliegengitter Buchholz<\/a>, <a href=\"https:\/\/www.kaduk-bauelemente.de\/leistungen\/fliegengitter-uelzen\/\">Fliegengitter Uelzen<\/a>, <a href=\"https:\/\/www.kaduk-bauelemente.de\/leistungen\/carports-seevetal-rosengarten\/\">Carports Seevetal Rosengarten<\/a>, <a href=\"https:\/\/www.kaduk-bauelemente.de\/leistungen\/holzfenster-bardowick\/\">Holzfenster Bardowick<\/a>, <a href=\"https:\/\/www.kaduk-bauelemente.de\/leistungen\/zaunbau-bienenbuettel\/\">Zaunbau Bienenb\u00fcttel<\/a>, <a href=\"https:\/\/www.kaduk-bauelemente.de\/leistungen\/sektionaltore-maschen\/\">Sektionaltore Maschen<\/a>, <a href=\"https:\/\/www.kaduk-bauelemente.de\/leistungen\/zaeune-reppenstedt\/\">Z\u00e4une Reppenstedt<\/a>, <a href=\"https:\/\/www.kaduk-bauelemente.de\/leistungen\/markisen-jesteburg\/\">Markisen Jesteburg<\/a>, <a href=\"https:\/\/www.kaduk-bauelemente.de\/leistungen\/kunststofffenster-seevetal-rosengarten\/\">Kunststofffenster Seevetal Rosengarten<\/a>, <a href=\"https:\/\/www.kaduk-bauelemente.de\/leistungen\/markisen-ebstorf\/\">Markisen Ebstorf<\/a>, <a href=\"https:\/\/www.kaduk-bauelemente.de\/leistungen\/holzfenster-lueneburg\/\">Holzfenster L\u00fcneburg<\/a>, <a href=\"https:\/\/www.kaduk-bauelemente.de\/leistungen\/zaunbau-buchholz\/\">Zaunbau Buchholz<\/a>, <a href=\"https:\/\/www.kaduk-bauelemente.de\/leistungen\/terrassendaecher-aus-aluminium-tostedt-sittensen\/\">Terrassend\u00e4cher aus Aluminium Tostedt Sittensen<\/a>, <a href=\"https:\/\/www.kaduk-bauelemente.de\/leistungen\/markisen-reppenstedt\/\">Markisen Reppenstedt<\/a>, <a href=\"https:\/\/www.kaduk-bauelemente.de\/leistungen\/terrassenueberdachungen-aus-aluminium-boizenburg\/\">Terrassen\u00fcberdachungen aus Aluminium Boizenburg<\/a>, <a href=\"https:\/\/www.kaduk-bauelemente.de\/leistungen\/terrassendaecher-aus-holz-bad-bevensen\/\">Terrassend\u00e4cher aus Holz Bad Bevensen<\/a>, <a href=\"https:\/\/www.kaduk-bauelemente.de\/leistungen\/fliegengitter-ebstorf\/\">Fliegengitter Ebstorf<\/a>, <a href=\"https:\/\/www.kaduk-bauelemente.de\/leistungen\/fliegengitter-hanstedt\/\">Fliegengitter Hanstedt<\/a>, <a href=\"https:\/\/www.kaduk-bauelemente.de\/leistungen\/tueren-schwarzenbek\/\">T\u00fcren Schwarzenbek<\/a>"},"_links":{"self":[{"href":"https:\/\/www.kaduk-bauelemente.de\/leistungen\/wp-json\/wp\/v2\/pages\/4187","targetHints":{"allow":["GET"]}}],"collection":[{"href":"https:\/\/www.kaduk-bauelemente.de\/leistungen\/wp-json\/wp\/v2\/pages"}],"about":[{"href":"https:\/\/www.kaduk-bauelemente.de\/leistungen\/wp-json\/wp\/v2\/types\/page"}],"author":[{"embeddable":true,"href":"https:\/\/www.kaduk-bauelemente.de\/leistungen\/wp-json\/wp\/v2\/users\/1"}],"replies":[{"embeddable":true,"href":"https:\/\/www.kaduk-bauelemente.de\/leistungen\/wp-json\/wp\/v2\/comments?post=4187"}],"version-history":[{"count":0,"href":"https:\/\/www.kaduk-bauelemente.de\/leistungen\/wp-json\/wp\/v2\/pages\/4187\/revisions"}],"wp:attachment":[{"href":"https:\/\/www.kaduk-bauelemente.de\/leistungen\/wp-json\/wp\/v2\/media?parent=4187"}],"curies":[{"name":"wp","href":"https:\/\/api.w.org\/{rel}","templated":true}]}}