{"id":4183,"date":"2021-08-25T12:18:44","date_gmt":"2021-08-25T10:18:44","guid":{"rendered":"https:\/\/www.kaduk-bauelemente.de\/leistungen\/carports-tostedt-sittensen\/"},"modified":"2021-08-25T12:18:44","modified_gmt":"2021-08-25T10:18:44","slug":"carports-tostedt-sittensen","status":"publish","type":"page","link":"https:\/\/www.kaduk-bauelemente.de\/leistungen\/carports-tostedt-sittensen\/","title":{"rendered":"Carports &#8211; Tostedt Sittensen"},"content":{"rendered":"<h3>Carports \u2013 praktisch und auch optisch ansprechend<\/h3>\n<p>Eine eigene Fertiggarage ist nicht notwendigerweise die beste L\u00f6sung. Zuweilen ist eine Garage fl\u00e4chenm\u00e4\u00dfig nicht umsetzbar, mitunter st\u00f6rt es die Geb\u00e4udearchitektur. Ein Carport ist eine sehr gute Alternative zur Garage. Carports sch\u00fctzen Ihr Fahrzeug vor Wind und Wetter und bieten Ihnen ferner weiteren Stauraum. Als erfahrener Fachbetrieb begeistern uns haupts\u00e4chlich individuell produzierte Carports des Herstellers Siebau. W\u00e4hlen Sie zwischen verschiedenen hochwertigen Modellen. Im Vergleich zu vielen \u201cL\u00f6sungen von der Stange\u201c sind Siebau-Flachdachcarports gestalterisch attraktiver und oft auch belastbarer. Nahezu wartungslos, bestechen die Carports vor allen Dingen durch ihre Langlebigkeit. Die Carports aus unserem Sortiment sind leicht zu pflegen und von hoher G\u00fcte.   <\/p>\n<h3>Hochwertige Carports f\u00fcr Ihre Immobilie!<\/h3>\n<p>Je nach Gr\u00f6\u00dfe und Zustand der zu \u00fcberdachenden Au\u00dfenbereiche sind unterschiedliche Carport-Modelle denkbar. Und je nach jeweiligem Geschmack kann unter mehreren Ausf\u00fchrungen und Materialien entschieden werden. Sehr gerne beraten wir Sie \u00fcber die vielen M\u00f6glichkeiten, die sich Ihnen bieten. Selbstverst\u00e4ndlich kommen wir auch gerne zu Ihnen. Um die M\u00f6glichkeiten im vollen Umfang beurteilen zu k\u00f6nnen, besichtigen unsere Mitarbeiter den entsprechenden Au\u00dfenbereich direkt vor Ort. \u00dcberlassen Sie beim Thema Carports nichts dem Zufall. Setzen Sie auf Erfahrung und entscheiden Sie sich f\u00fcr den Profi. Es lohnt sich.<\/p>\n","protected":false},"excerpt":{"rendered":"<p>Carports \u2013 praktisch und auch optisch ansprechend Eine eigene Fertiggarage ist nicht notwendigerweise die beste L\u00f6sung. Zuweilen ist eine Garage fl\u00e4chenm\u00e4\u00dfig nicht umsetzbar, mitunter st\u00f6rt es die Geb\u00e4udearchitektur. Ein Carport ist eine sehr gute Alternative zur Garage. Carports sch\u00fctzen Ihr Fahrzeug vor Wind und Wetter und bieten Ihnen ferner weiteren Stauraum. Als erfahrener Fachbetrieb begeistern [&hellip;]<\/p>\n","protected":false},"author":1,"featured_media":0,"parent":0,"menu_order":0,"comment_status":"closed","ping_status":"closed","template":"","meta":{"footnotes":""},"class_list":["post-4183","page","type-page","status-publish","hentry"],"meta_box":{"popseo_subtitel":"Wir sind Ihr erfahrener Experte f\u00fcr qualitativ erstklassige Carports im Gro\u00dfraum Tostedt Sittensen","popseo_subtitel2":"Planung und Bau von Carports - wir \u00fcbernehmen das!","popseo_lasttitel":"Carports: D\u00fcrfen wir Ihre Fragen beantworten?","popseo_region":"Tostedt Sittensen","popseo_sachwort":"Carports","popseo_noupdate":"","popseo_einleitungstext":"<p>Wenn Sie mehr wissen m\u00f6chten, informieren wir Sie n\u00e4her \u00fcber unsere Produkte und unser Aufgabengebiet. Wir pr\u00e4sentieren Ihnen mit Vergn\u00fcgen auch einige Referenzen, die Ihnen einen Einblick in unsere Arbeit geben.<br \/>\nWir sind f\u00fcr Sie da. Rufen Sie uns doch rasch einmal an oder schreiben Sie uns eine schnelle E-Mail. Wir freuen uns auf Sie.<\/p>","popseo_schlusstext":"<p>Auf Wunsch informieren wir Sie n\u00e4her \u00fcber unser Produkt- und T\u00e4tigkeitsspektrum. Wir nennen Ihnen mit Vergn\u00fcgen auch einige Referenzen, die Ihnen einen Einblick in unsere Unternehmenst\u00e4tigkeit geben.<br \/>\nSchenken Sie uns Ihr Vertrauen. Rufen Sie uns doch rasch einmal an oder schicken Sie uns eine kurze E-Mail. Wir freuen uns auf Ihre Kontaktaufnahme.<\/p>","popseo_stadttext":"<h3>Unser Leistungsprogramm f\u00fcr Kunden aus Tostedt und Sittensen<\/h3>\n<p>Durch unsere Vertriebst\u00e4tigkeit haben wir uns einen sehr guten \u00dcberblick \u00fcber die Stadtarchitektur der Gemeinden und St\u00e4dte unseres Einzugsbereiches erarbeiten k\u00f6nnen. Selbstverst\u00e4ndlich z\u00e4hlen auch Tostedt und Sittensen zu unserem unmittelbaren Gesch\u00e4ftsgebiet. Wir freuen uns darauf, mit Ihnen in Kontakt zu kommen. <\/p>\n<h3>Gute Gr\u00fcnde sprechen f\u00fcr die Wohnorte Tostedt und Sittensen<\/h3>\n<p>Wer in Tostedt zuhause ist, wohnt in kleinst\u00e4dtischem Flair, ohne auf die Vorz\u00fcge der nahen Metropole Hamburg zu verzichten. Die Hansestadt ist lediglich ein paar Fahrkilometer entfernt. Als Lebensmittelpunkt bietet Tostedt gute Gr\u00fcnde f\u00fcr die gut 13.000 Einwohner. Tostedt \u00fcberzeugt durch seine attraktiven Wohnquartiere. Wer gerne im Gr\u00fcnen lebt, jedoch urbanes Treiben sch\u00e4tzt, ist in Tostedt gut aufgehoben. Eine hervorragend ausgebaute Infrastruktur mit vielf\u00e4ltigen Einkaufsm\u00f6glichkeiten sowie  breitgef\u00e4cherten Freizeit- und Sportm\u00f6glichkeiten, verleihen Tostedt eine sehr gute Lebensqualit\u00e4t. <\/p>\n<h3>Tostedt und Sittensen \u2013 hier l\u00e4sst es sich leben!<\/h3>\n<p>Gerade einmal 20 Kilometer von Tostedt entfernt liegt der Ort Sittensen. Das St\u00e4dtchen z\u00e4hlt formell zum nieders\u00e4chsischen Kreis Harburg. In Sittensen leben momentan zirka 5.600 Einwohner auf einer Gesamtfl\u00e4che von etwa 18 qkm. Auch Sittensen \u00fcberzeugt durch eine reizvolle Lage: Geografisch befindet sich Sittensen in der Zevener Geest, einem Landstrich am Elbe-Weser-Dreieck zwischen Hamburg. <\/p>\n<p>Die attraktive Gemeinde ist Verwaltungssitz der Samtgemeinde Sittensen, einer Vereinigung von neun kleineren Orten, n\u00e4mlich Kalbe, Klein und Gro\u00df Meckelsen, Hamersen, Tiste, Sittensen, Lengenbostel, Vierden und Wohnste. Die Samtgemeinde z\u00e4hlt in Summe rund 11.000 B\u00fcrger und erstreckt sich \u00fcber ein Areal von zirka 138 qkm. Als Lebensmittelpunkt verbindet Sittensen st\u00e4dtisches Leben mit dem Wohnen in der Peripherie auf lobenswerte Weise. Die beiden norddeutschen Hansest\u00e4dte Bremen und Hamburg sind von Sittensen aus in knapp 45 Minuten erreichbar. <\/p>\n<h4>Wir f\u00fcr Sie in Sittensen und Tostedt!<\/h4>\n<p>Sie interessieren sich f\u00fcr unser Angebot und sind hier im Internet auf unsere Homepage gesto\u00dfen? Dar\u00fcber freuen wir uns sehr. Gerne pr\u00e4sentieren wir Ihnen unser gesamtes Leistungsspektrum und beantworten Ihre Fragen. Auf Ihre Anfragen freuen wir uns.<\/p>","popseo_zusatztext":"<h3>Kaduk Bauelemente \u2013 Ihr Fachbetrieb f\u00fcr Sicht- und Sonnenschutz<\/h3>\n<p>Setzen Sie bei Sicherheit und Sonnenschutz unbedingt auf die fachspezifische Leistung vom Fachbetrieb. Nur ein Fachbetrieb kennt die Alternativen, wie man zu einem sehr guten Ergebnis kommt. Um sich mit Fug und Recht Fachbetrieb nennen zu k\u00f6nnen, bedarf es einer qualifizierten Ausbildung der Mitarbeiter und einer jahrelangen Erfahrung.  <\/p>\n<p>Unser Fachbetrieb empfiehlt sich als Ihr sachkundiger Fachbetrieb f\u00fcr Sicherheit und Sonnenschutz. Kommen Sie zum Ziel und schenken Sie unserem Fachbetrieb Ihr Vertrauen. Wir bieten Ihnen unter anderem hochqualitative Markisen und Rolll\u00e4den und legen besonders Wert auf einen ausgezeichneten Service. Schon seit vielen Jahren sind wir fachkundiger Fachbetrieb f\u00fcr Rolll\u00e4den, Markisen, Terrassend\u00e4cher und Au\u00dfenjalousien im Raum L\u00fcneburg. Es ist uns wichtig, dass Sie viele Jahre viel Freude an Ihrem Sicht und Sonnenschutz haben. Von einem Fachbetrieb d\u00fcrfen Sie ohne Wenn und Aber eine fehlerfreie Top-Leistung erwarten.<\/p>\n<h3>Dirk Kaduk Bauelemente \u2013 Ihr Fachbetrieb f\u00fcr Sicherheit und Sonnenschutz<\/h3>\n<p>Als Fachbetrieb darf sich eine Unternehmung bezeichnen, deren Mitarbeiter \u00fcber nachweisbare Qualifikationen verf\u00fcgen. Dies ist z.B. eine entsprechende Berufsausbildung oder ein Meisterbrief. Des Weiteren zeichnet eine langj\u00e4hrige praktische Erfahrung einen Fachbetrieb aus. Bereits seit vielen Jahren konzentrieren wir uns als spezialisiertes Unternehmen auf Sicherheit und Sonnenschutz von Immobilien. In diesen langen Jahren haben wir uns das Attribut Fachbetrieb sicher verdient. Wir verarbeiten nur hochwertige Artikel. Dabei achten wir stets auf ein sehr gutes Preis-Leistungsverh\u00e4ltnis. Unser Versprechen als Fachbetrieb: Wir bieten Ihnen hervorragende Qualit\u00e4t zu einem 1a- Preis.<\/p>","popseo_links":"<a href=\"https:\/\/www.kaduk-bauelemente.de\/leistungen\/insektenschutz-amt-neuhaus\/\">Insektenschutz Amt Neuhaus<\/a>, <a href=\"https:\/\/www.kaduk-bauelemente.de\/leistungen\/tueren-harburg\/\">T\u00fcren Harburg<\/a>, <a href=\"https:\/\/www.kaduk-bauelemente.de\/leistungen\/zaeune-seevetal-rosengarten\/\">Z\u00e4une Seevetal Rosengarten<\/a>, <a href=\"https:\/\/www.kaduk-bauelemente.de\/leistungen\/holzfenster-bad-bevensen\/\">Holzfenster Bad Bevensen<\/a>, <a href=\"https:\/\/www.kaduk-bauelemente.de\/leistungen\/fenster-bad-bevensen\/\">Fenster Bad Bevensen<\/a>, <a href=\"https:\/\/www.kaduk-bauelemente.de\/leistungen\/haustueren-bergedorf-wentorf\/\">Haust\u00fcren Bergedorf Wentorf<\/a>, <a href=\"https:\/\/www.kaduk-bauelemente.de\/leistungen\/haustueren-maschen\/\">Haust\u00fcren Maschen<\/a>, <a href=\"https:\/\/www.kaduk-bauelemente.de\/leistungen\/fliegengitter-hanstedt\/\">Fliegengitter Hanstedt<\/a>, <a href=\"https:\/\/www.kaduk-bauelemente.de\/leistungen\/terrassenueberdachungen-aus-aluminium-reppenstedt\/\">Terrassen\u00fcberdachungen aus Aluminium Reppenstedt<\/a>, <a href=\"https:\/\/www.kaduk-bauelemente.de\/leistungen\/rolltore-bad-bevensen\/\">Rolltore Bad Bevensen<\/a>, <a href=\"https:\/\/www.kaduk-bauelemente.de\/leistungen\/terrassendaecher-aus-aluminium-maschen\/\">Terrassend\u00e4cher aus Aluminium Maschen<\/a>, <a href=\"https:\/\/www.kaduk-bauelemente.de\/leistungen\/terrassendaecher-aus-aluminium-ebstorf\/\">Terrassend\u00e4cher aus Aluminium Ebstorf<\/a>, <a href=\"https:\/\/www.kaduk-bauelemente.de\/leistungen\/zaunbau-maschen\/\">Zaunbau Maschen<\/a>, <a href=\"https:\/\/www.kaduk-bauelemente.de\/leistungen\/markisen-geesthacht\/\">Markisen Geesthacht<\/a>, <a href=\"https:\/\/www.kaduk-bauelemente.de\/leistungen\/insektenschutz-bienenbuettel\/\">Insektenschutz Bienenb\u00fcttel<\/a>, <a href=\"https:\/\/www.kaduk-bauelemente.de\/leistungen\/terrassendaecher-aus-aluminium-reinbek-glinde\/\">Terrassend\u00e4cher aus Aluminium Reinbek Glinde<\/a>, <a href=\"https:\/\/www.kaduk-bauelemente.de\/leistungen\/zaeune-salzhausen\/\">Z\u00e4une Salzhausen<\/a>, <a href=\"https:\/\/www.kaduk-bauelemente.de\/leistungen\/fliegengitter-buchholz\/\">Fliegengitter Buchholz<\/a>, <a href=\"https:\/\/www.kaduk-bauelemente.de\/leistungen\/holzfenster-buechen\/\">Holzfenster B\u00fcchen<\/a>, <a href=\"https:\/\/www.kaduk-bauelemente.de\/leistungen\/garagentore-uelzen\/\">Garagentore Uelzen<\/a>, <a href=\"https:\/\/www.kaduk-bauelemente.de\/leistungen\/tueren-salzhausen\/\">T\u00fcren Salzhausen<\/a>, <a href=\"https:\/\/www.kaduk-bauelemente.de\/leistungen\/terrassenueberdachungen-aus-holz-ebstorf\/\">Terrassen\u00fcberdachungen aus Holz Ebstorf<\/a>, <a href=\"https:\/\/www.kaduk-bauelemente.de\/leistungen\/rolltore-maschen\/\">Rolltore Maschen<\/a>, <a href=\"https:\/\/www.kaduk-bauelemente.de\/leistungen\/zaunbau-bispingen\/\">Zaunbau Bispingen<\/a>, <a href=\"https:\/\/www.kaduk-bauelemente.de\/leistungen\/zaeune-winsen-luhe\/\">Z\u00e4une Winsen Luhe<\/a>, <a href=\"https:\/\/www.kaduk-bauelemente.de\/leistungen\/terrassenueberdachungen-aus-holz-geesthacht\/\">Terrassen\u00fcberdachungen aus Holz Geesthacht<\/a>"},"_links":{"self":[{"href":"https:\/\/www.kaduk-bauelemente.de\/leistungen\/wp-json\/wp\/v2\/pages\/4183","targetHints":{"allow":["GET"]}}],"collection":[{"href":"https:\/\/www.kaduk-bauelemente.de\/leistungen\/wp-json\/wp\/v2\/pages"}],"about":[{"href":"https:\/\/www.kaduk-bauelemente.de\/leistungen\/wp-json\/wp\/v2\/types\/page"}],"author":[{"embeddable":true,"href":"https:\/\/www.kaduk-bauelemente.de\/leistungen\/wp-json\/wp\/v2\/users\/1"}],"replies":[{"embeddable":true,"href":"https:\/\/www.kaduk-bauelemente.de\/leistungen\/wp-json\/wp\/v2\/comments?post=4183"}],"version-history":[{"count":0,"href":"https:\/\/www.kaduk-bauelemente.de\/leistungen\/wp-json\/wp\/v2\/pages\/4183\/revisions"}],"wp:attachment":[{"href":"https:\/\/www.kaduk-bauelemente.de\/leistungen\/wp-json\/wp\/v2\/media?parent=4183"}],"curies":[{"name":"wp","href":"https:\/\/api.w.org\/{rel}","templated":true}]}}