{"id":4177,"date":"2021-08-25T12:18:44","date_gmt":"2021-08-25T10:18:44","guid":{"rendered":"https:\/\/www.kaduk-bauelemente.de\/leistungen\/carports-reinbek-glinde\/"},"modified":"2021-08-25T12:18:44","modified_gmt":"2021-08-25T10:18:44","slug":"carports-reinbek-glinde","status":"publish","type":"page","link":"https:\/\/www.kaduk-bauelemente.de\/leistungen\/carports-reinbek-glinde\/","title":{"rendered":"Carports &#8211; Reinbek Glinde"},"content":{"rendered":"<h3>Unsere Carports werden Sie \u00fcberzeugen<\/h3>\n<p>Eine eigene Fertiggarage ist nicht immer das Ma\u00df aller Dinge. Manchmal ist eine Garage baulich nicht umsetzbar, bisweilen st\u00f6rt es die Geb\u00e4udearchitektur. Carports sind eine ausgezeichnete Alternative zur Garage. Carports sch\u00fctzen Ihr Auto vor schlechtem Wetter und bieten Ihnen au\u00dferdem zus\u00e4tzlichen Stauraum. Als erfahrener Fachanbieter begeistern uns vor allem individuell gefertigte Carports des Herstellers Siebau. W\u00e4hlen Sie zwischen unterschiedlichen hochwertigen Modellen. Im Vergleich zu vielen Standardprodukten sind Siebau-Flachdachcarports architektonisch harmonischer gestaltet und oft auch stabiler. Mehr oder minder wartungslos, bestechen die Carports insbesondere durch ihre Langlebigkeit. Die Carports aus unserem Sortiment sind pflegeleicht und von sehr gro\u00dfer G\u00fcte.   <\/p>\n<h3>Wir f\u00fchren moderne Carports \u2013 stabil, robust und attraktiv!<\/h3>\n<p>Je nach Fl\u00e4che und Gestalt der zu \u00fcberdachenden Au\u00dfenfl\u00e4chen sind unterschiedliche Carport-Modelle denkbar. Und je nach jeweiligem Geschmack kann unter diversen Konstruktionen und Materialien ausgew\u00e4hlt werden. Gerne beraten wir Sie \u00fcber die zahlreichen Optionen, die sich Ihnen bieten. Nat\u00fcrlich kommen wir auch gern zu Ihnen. Um die L\u00f6sungswege vollumf\u00e4nglich beurteilen zu k\u00f6nnen, besichtigen unsere Spezialisten den entsprechenden Au\u00dfenbereich unmittelbar vor Ort. \u00dcberlassen Sie beim Thema Carports nichts dem Zufall. Vertrauen Sie auf Erfahrung und entscheiden Sie sich f\u00fcr den Fachbetrieb. Es rechnet sich.<\/p>\n","protected":false},"excerpt":{"rendered":"<p>Unsere Carports werden Sie \u00fcberzeugen Eine eigene Fertiggarage ist nicht immer das Ma\u00df aller Dinge. Manchmal ist eine Garage baulich nicht umsetzbar, bisweilen st\u00f6rt es die Geb\u00e4udearchitektur. Carports sind eine ausgezeichnete Alternative zur Garage. Carports sch\u00fctzen Ihr Auto vor schlechtem Wetter und bieten Ihnen au\u00dferdem zus\u00e4tzlichen Stauraum. Als erfahrener Fachanbieter begeistern uns vor allem individuell [&hellip;]<\/p>\n","protected":false},"author":1,"featured_media":0,"parent":0,"menu_order":0,"comment_status":"closed","ping_status":"closed","template":"","meta":{"footnotes":""},"class_list":["post-4177","page","type-page","status-publish","hentry"],"meta_box":{"popseo_subtitel":"Kaduk Bauelelemente ist Ihr Spezialist f\u00fcr qualitativ erstklassige Carports in Reinbek Glinde","popseo_subtitel2":"Der Bau von Carports durch den Spezialisten","popseo_lasttitel":"Carports: Wir informieren Sie gerne auch pers\u00f6nlich!","popseo_region":"Reinbek Glinde","popseo_sachwort":"Carports","popseo_noupdate":"","popseo_einleitungstext":"<p>Sie wollen Ihr Wohn- oder Gesch\u00e4ftshaus mit modernen Bauelementen ausstatten lassen interessieren sich f\u00fcr unser Leistungs- und Produktangebot? Prima, dann sind Sie auf dieser Seite an der richtigen Adresse. Unser Produktsortiment umfasst beispielsweise Markisen, Terrassend\u00e4cher, Rolltore, T\u00fcren, Fenster, Au\u00dfenjalousien, Rolll\u00e4den und Carports. Als auf Sicherheit und Sonnenschutz fokussiertes Unternehmen \u00fcbernehmen wir sehr gerne auch Montage- und Reparaturarbeiten. Erfahren Sie auf dieser und den nachfolgenden Seiten mehr \u00fcber uns und unser Angebot. Ihr Interesse freut uns sehr.<\/p>","popseo_schlusstext":"<p>Sie suchen einen Experten f\u00fcr hochwertige Sicherheits- und Sonnenschutzl\u00f6sungen. Dann rufen Sie uns bitte rasch an. Wir freuen uns auf Ihren Anruf oder Ihre E-Mail. Wenn es um Bauelemente geht, sind wir Ihr verl\u00e4sslicher Handels- und Handwerkspartner. Wir bieten Ihnen hochwertige Produkte und eine professionell ausgef\u00fchrte Arbeit nach dem jeweils derzeitigen Stand der Technik.<\/p>","popseo_stadttext":"<h3>Wir sind Ihr Partner auch in Reinbek und Glinde<\/h3>\n<p>Wir arbeiten f\u00fcr Kunden aus Reinbek und Glinde. Durch unsere Gesch\u00e4ftst\u00e4tigkeit haben wir uns einen ausgezeichneten \u00dcberblick \u00fcber die Stadtarchitektur der St\u00e4dte und Gemeinden unseres Einzugsbereiches erarbeiten k\u00f6nnen. Nat\u00fcrlich geh\u00f6rt auch Reinbek zu unserem unmittelbaren Wirkungskreis. Wir freuen uns darauf, mit Ihnen in Kontakt zu kommen. <\/p>\n<h3>Gute Gr\u00fcnde sprechen f\u00fcr die Wohnorte Reinbek und Glinde<\/h3>\n<p>Die Schleswig-Holsteinische Kleinstadt Reinbek liegt im Landkreis Stormarn. Heute z\u00e4hlt Reinbek \u00fcber 26.000 Menschen. Das Stadtgebiet hat ein Ausdehnungsgebiet von circa 31 Quadratkilometer. Reinbek rechnet man zur Metropolregion Hamburg und liegt in etwa 20 km \u00f6stlich der Freien und Hansestadt Hamburg. Reinbek ist an die Hamburger S-Bahn-Linie S21 angeschlossen. Die kurze Fahrzeit von gerade einmal 25 Minuten macht Reinbek ausdr\u00fccklich reizvoll f\u00fcr Pendler nach Hamburg. Wer seinen Arbeitgeber in Gro\u00dfstadt Hamburg hat, genie\u00dft in Reinbek eine optimale Kombination: Das hektische Leben der Hansestadt findet in der ruhigen Wohnumgebung von Reinbek seinen Gegenpol. <\/p>\n<p>Glinde ist eine Stadt im S\u00fcden Schleswig-Holsteins, im Bereich der Metropolregion Hamburg, \u00fcber 20 Kilometer s\u00fcd\u00f6stlich vom Hamburger Stadtkern entfernt. Aufgrund der ausgebauten Infrastruktur hat sich Glinde zu einem optimalen Wohnort entwickelt, obwohl mehr als die H\u00e4lfte des Stadtgebietes von Glinde landwirtschaftlich genutzt wird oder aus Park- oder Wasserfl\u00e4chen besteht. Rund 33% der gesamten Stadtfl\u00e4che stehen in Glinde f\u00fcr den Wohnungsbau und f\u00fcr die gewerbliche Nutzung zur Verf\u00fcgung.  <\/p>\n<h3>Reinbek und Glinde: Gemeinden mit Herz<\/h3>\n<p>Die Architektur Reinbeks besteht in erster Linie aus zahlreichen Einfamilienh\u00e4usern, welche ihren Bewohnern einen besonderen Lebenskomfort bieten. Reinbek zeichnet sich neben der hohen Wohnqualit\u00e4t aber auch durch seine gro\u00dfe wirtschaftliche Produktivit\u00e4t aus. Wer auf den Individualverkehr setzt, findet in Reinbek gute Bedingungen: Die Bundesautobahnen A24 und A1 sowie die Bundesstra\u00dfe B5 befinden sich in unmittelbarer N\u00e4he von Reinbek. Auf der Landstra\u00dfe gelangt man \u00fcber Neusch\u00f6nningstedt nach Reinbek. <\/p>\n<h4>Privat- und Gesch\u00e4ftskunden aus Reinbek und Glinde sch\u00e4tzen unsere Leistungen!<\/h4>\n<p>Klasse, dass Sie diese Seite gefunden haben. Wenn Sie ein Fachunternehmen ben\u00f6tigen, sind Sie bei uns genau richtig. Sie m\u00f6chten mehr \u00fcber uns erfahren? F\u00fcr R\u00fcckfragen stehen wir Ihnen jederzeit zur Verf\u00fcgung. Auf den Kontakt zu Ihnen freuen wir uns.<\/p>","popseo_zusatztext":"<h3>Kaduk Bauelemente ist Ihr Fachbetrieb in Sachen Sicht- und Sonnenschutz<\/h3>\n<p>Setzen Sie in Sachen Sonnenschutz und Sicherheit auf jeden Fall auf die sachliche Leistung vom Fachbetrieb. Nur ein Fachbetrieb kennt die Tipps und Tricks, wie man zu einem \u00fcberzeugenden Ergebnis kommt. Um sich mit Fug und Recht als Fachbetrieb zu titulieren, braucht es eine anerkannte Ausbildung der Mitarbeiter und eine jahrelange Erfahrung.  <\/p>\n<p>Unser Fachbetrieb empfiehlt sich als Ihr kompetenter Fachbetrieb f\u00fcr Sicherheit und Sonnenschutz. Setzen Sie auf Qualit\u00e4t und schenken Sie unserem Fachbetrieb Ihr Vertrauen. Wir bieten Ihnen u.a. hochqualitative Markisen und Rolll\u00e4den und legen h\u00f6chsten Wert auf einen perfekten Service. Schon seit vielen Jahren sind wir erfahrener Fachbetrieb f\u00fcr Markisen, Terrassend\u00e4cher, Rolll\u00e4den und Au\u00dfenjalousien im Raum L\u00fcneburg. Es ist uns wichtig, dass Sie \u00fcber lange Zeit viel Freude an Ihrem Sicht und Sonnenschutz haben. Von einem Fachbetrieb d\u00fcrfen Sie nat\u00fcrlich eine absolute Top-Leistung erwarten.<\/p>\n<h3>Dirk Kaduk Bauelemente \u2013 Ihr Fachbetrieb f\u00fcr Sicherheit und Sonnenschutz<\/h3>\n<p>Als Fachbetrieb darf sich eine Unternehmung bezeichnen, deren Angestellte \u00fcber nachweisbare Qualifikationen verf\u00fcgen. Dies ist beispielsweise eine entsprechende Berufsausbildung oder ein Meisterbrief. Dar\u00fcber hinaus zeichnet eine langj\u00e4hrige praktische Erfahrung einen Fachbetrieb aus. Schon seit vielen Jahren konzentrieren wir uns als spezialisiertes Unternehmen auf Sicherheit und Sonnenschutz von H\u00e4usern. In diesen vielen Jahren haben wir uns das Attribut Fachbetrieb ganz sicher erarbeitet. Wir verarbeiten nur hervorragende Produkte. Hierbei achten wir stets auf ein angemessenes Preis-Leistungsverh\u00e4ltnis. Unsere \u00dcberzeugung als Fachbetrieb: Wir bieten Ihnen 1a-Leistung zu einem konkurrenzlosem Preis.<\/p>","popseo_links":"<a href=\"https:\/\/www.kaduk-bauelemente.de\/leistungen\/rolllaeden-stelle\/\">Rolll\u00e4den Stelle<\/a>, <a href=\"https:\/\/www.kaduk-bauelemente.de\/leistungen\/zaeune-buechen\/\">Z\u00e4une B\u00fcchen<\/a>, <a href=\"https:\/\/www.kaduk-bauelemente.de\/leistungen\/terrassendaecher-aus-holz-bienenbuettel\/\">Terrassend\u00e4cher aus Holz Bienenb\u00fcttel<\/a>, <a href=\"https:\/\/www.kaduk-bauelemente.de\/leistungen\/garagen-hanstedt\/\">Garagen Hanstedt<\/a>, <a href=\"https:\/\/www.kaduk-bauelemente.de\/leistungen\/raffstores-seevetal-rosengarten\/\">Raffstores Seevetal Rosengarten<\/a>, <a href=\"https:\/\/www.kaduk-bauelemente.de\/leistungen\/fliegengitter-lueneburg\/\">Fliegengitter L\u00fcneburg<\/a>, <a href=\"https:\/\/www.kaduk-bauelemente.de\/leistungen\/garagen-salzhausen\/\">Garagen Salzhausen<\/a>, <a href=\"https:\/\/www.kaduk-bauelemente.de\/leistungen\/raffstores-amt-neuhaus\/\">Raffstores Amt Neuhaus<\/a>, <a href=\"https:\/\/www.kaduk-bauelemente.de\/leistungen\/kunststofffenster-tostedt-sittensen\/\">Kunststofffenster Tostedt Sittensen<\/a>, <a href=\"https:\/\/www.kaduk-bauelemente.de\/leistungen\/fliegengitter-bienenbuettel\/\">Fliegengitter Bienenb\u00fcttel<\/a>, <a href=\"https:\/\/www.kaduk-bauelemente.de\/leistungen\/garagentore-winsen-luhe\/\">Garagentore Winsen Luhe<\/a>, <a href=\"https:\/\/www.kaduk-bauelemente.de\/leistungen\/rollladen-salzhausen\/\">Rollladen Salzhausen<\/a>, <a href=\"https:\/\/www.kaduk-bauelemente.de\/leistungen\/rolllaeden-winsen-luhe\/\">Rolll\u00e4den Winsen Luhe<\/a>, <a href=\"https:\/\/www.kaduk-bauelemente.de\/leistungen\/kunststofffenster-reppenstedt\/\">Kunststofffenster Reppenstedt<\/a>, <a href=\"https:\/\/www.kaduk-bauelemente.de\/leistungen\/rolllaeden-adendorf\/\">Rolll\u00e4den Adendorf<\/a>, <a href=\"https:\/\/www.kaduk-bauelemente.de\/leistungen\/rolltore-boizenburg\/\">Rolltore Boizenburg<\/a>, <a href=\"https:\/\/www.kaduk-bauelemente.de\/leistungen\/zaunbau-reinbek-glinde\/\">Zaunbau Reinbek Glinde<\/a>, <a href=\"https:\/\/www.kaduk-bauelemente.de\/leistungen\/zaeune-stelle\/\">Z\u00e4une Stelle<\/a>, <a href=\"https:\/\/www.kaduk-bauelemente.de\/leistungen\/terrassendaecher-aus-holz-bardowick\/\">Terrassend\u00e4cher aus Holz Bardowick<\/a>, <a href=\"https:\/\/www.kaduk-bauelemente.de\/leistungen\/garagentore-bispingen\/\">Garagentore Bispingen<\/a>, <a href=\"https:\/\/www.kaduk-bauelemente.de\/leistungen\/kunststofffenster-buchholz\/\">Kunststofffenster Buchholz<\/a>, <a href=\"https:\/\/www.kaduk-bauelemente.de\/leistungen\/insektenschutz-amt-neuhaus\/\">Insektenschutz Amt Neuhaus<\/a>, <a href=\"https:\/\/www.kaduk-bauelemente.de\/leistungen\/terrassendaecher-aus-holz-reinbek-glinde\/\">Terrassend\u00e4cher aus Holz Reinbek Glinde<\/a>, <a href=\"https:\/\/www.kaduk-bauelemente.de\/leistungen\/sektionaltore-amelinghausen\/\">Sektionaltore Amelinghausen<\/a>, <a href=\"https:\/\/www.kaduk-bauelemente.de\/leistungen\/rolltore-buechen\/\">Rolltore B\u00fcchen<\/a>, <a href=\"https:\/\/www.kaduk-bauelemente.de\/leistungen\/rolltore-ebstorf\/\">Rolltore Ebstorf<\/a>"},"_links":{"self":[{"href":"https:\/\/www.kaduk-bauelemente.de\/leistungen\/wp-json\/wp\/v2\/pages\/4177","targetHints":{"allow":["GET"]}}],"collection":[{"href":"https:\/\/www.kaduk-bauelemente.de\/leistungen\/wp-json\/wp\/v2\/pages"}],"about":[{"href":"https:\/\/www.kaduk-bauelemente.de\/leistungen\/wp-json\/wp\/v2\/types\/page"}],"author":[{"embeddable":true,"href":"https:\/\/www.kaduk-bauelemente.de\/leistungen\/wp-json\/wp\/v2\/users\/1"}],"replies":[{"embeddable":true,"href":"https:\/\/www.kaduk-bauelemente.de\/leistungen\/wp-json\/wp\/v2\/comments?post=4177"}],"version-history":[{"count":0,"href":"https:\/\/www.kaduk-bauelemente.de\/leistungen\/wp-json\/wp\/v2\/pages\/4177\/revisions"}],"wp:attachment":[{"href":"https:\/\/www.kaduk-bauelemente.de\/leistungen\/wp-json\/wp\/v2\/media?parent=4177"}],"curies":[{"name":"wp","href":"https:\/\/api.w.org\/{rel}","templated":true}]}}