{"id":4175,"date":"2021-08-25T12:18:44","date_gmt":"2021-08-25T10:18:44","guid":{"rendered":"https:\/\/www.kaduk-bauelemente.de\/leistungen\/carports-lueneburg\/"},"modified":"2021-08-25T12:18:44","modified_gmt":"2021-08-25T10:18:44","slug":"carports-lueneburg","status":"publish","type":"page","link":"https:\/\/www.kaduk-bauelemente.de\/leistungen\/carports-lueneburg\/","title":{"rendered":"Carports &#8211; L\u00fcneburg"},"content":{"rendered":"<h3>Planung und Bau von Carports \u2013 sprechen Sie uns bitte an!<\/h3>\n<p>Eine abschlie\u00dfbare Fertiggarage ist nicht notwendigerweise die beste L\u00f6sung. Manchmal ist eine Garage baulich nicht m\u00f6glich, bisweilen st\u00f6rt es die Architektur. Carports sind eine ausgezeichnete Alternative zu einer Garage. Carports besch\u00fctzen Ihr Fahrzeug vor Regenwetter und bieten Ihnen dar\u00fcber hinaus weiteren Stauraum. Als routinierter Fachbetrieb begeistern uns vorwiegend individuell produzierte Carports des Herstellers Siebau. Sie k\u00f6nnen w\u00e4hlen zwischen verschiedenen hochwertigen Modellen. Im Vergleich zu vielen \u201cL\u00f6sungen von der Stange\u201c sind Siebau-Flachdachcarports gestalterisch attraktiver und oft auch belastbarer. Nahezu wartungsfrei, \u00fcberzeugen die Carports vorrangig durch ihre Unempfindlichkeit. Die Carports aus unserem Sortiment sind pflegeleicht und von hoher Qualit\u00e4t.   <\/p>\n<h3>Handwerklich gekonnt gearbeitete Carports f\u00fcr Ihre Immobilie!<\/h3>\n<p>Je nach Fl\u00e4che und Gestalt der zu \u00fcberdachenden Au\u00dfenfl\u00e4chen sind verschiedene Carport-Modelle denkbar. Und je nach pers\u00f6nlichem Geschmack kann unter diversen Produktvarianten und Materialien ausgew\u00e4hlt werden. Gerne beraten wir Sie \u00fcber die zahlreichen M\u00f6glichkeiten, die sich Ihnen bieten. Selbstverst\u00e4ndlich kommen wir auch sehr gerne zu Ihnen. Um die L\u00f6sungen vollst\u00e4ndig beurteilen zu k\u00f6nnen, besichtigen unsere Fachkr\u00e4fte den entsprechenden Au\u00dfenbereich direkt vor Ort. \u00dcberlassen Sie beim Thema Carports nichts dem Zufall. Setzen Sie auf Erfahrung und entscheiden Sie sich f\u00fcr den Experten. Es lohnt sich.<\/p>\n","protected":false},"excerpt":{"rendered":"<p>Planung und Bau von Carports \u2013 sprechen Sie uns bitte an! Eine abschlie\u00dfbare Fertiggarage ist nicht notwendigerweise die beste L\u00f6sung. Manchmal ist eine Garage baulich nicht m\u00f6glich, bisweilen st\u00f6rt es die Architektur. Carports sind eine ausgezeichnete Alternative zu einer Garage. Carports besch\u00fctzen Ihr Fahrzeug vor Regenwetter und bieten Ihnen dar\u00fcber hinaus weiteren Stauraum. Als routinierter [&hellip;]<\/p>\n","protected":false},"author":1,"featured_media":0,"parent":0,"menu_order":0,"comment_status":"closed","ping_status":"closed","template":"","meta":{"footnotes":""},"class_list":["post-4175","page","type-page","status-publish","hentry"],"meta_box":{"popseo_subtitel":"Kaduk Bauelelemente ist Ihr Spezialist f\u00fcr hochwertige Carports im Raum L\u00fcneburg","popseo_subtitel2":"Der Bau von Carports - gewusst wie!","popseo_lasttitel":"Carports: Unsere Mitarbeiter beantworten gerne Ihre Fragen","popseo_region":"L\u00fcneburg","popseo_sachwort":"Carports","popseo_noupdate":"","popseo_einleitungstext":"<p>Wenn es um Sonnenschutz und Sicherheit geht, sind Sie bei der Firma Dirk Kaduk Bauelemte genau an der richtigen Adresse. Seit Unternehmensgr\u00fcndung sind wir Ihr lokaler Fachbetrieb f\u00fcr hochwertige Bauelemente. Zu unserem Produktsortiment z\u00e4hlen beispielsweise Rolltore, Markisen, Terrassend\u00e4cher, T\u00fcren, Fenster, Au\u00dfenjalousien, Rolll\u00e4den und Carports. Wir erledigen Montage- und Reparaturarbeiten und zeigen Ihnen M\u00f6glichkeiten auf, wie Sie Ihre Immobilie mit modernen Bauelementen ausstatten k\u00f6nnen. Nachfolgend haben wir erste Informationen f\u00fcr Sie zusammengetragen.<\/p>","popseo_schlusstext":"<p>Gerne informieren wir Sie n\u00e4her \u00fcber unsere Produkte und unser Aufgabenfeld. Wir zeigen Ihnen mit Vergn\u00fcgen auch einige Referenzen, die Ihnen einen Einblick in unsere Arbeit geben.<br \/>\nSchenken Sie uns Ihr Vertrauen. Rufen Sie uns doch rasch einmal an oder senden Sie uns eine schnelle E-Mail. Wir freuen uns auf Ihre Kontaktaufnahme.<\/p>","popseo_stadttext":"<h3>F\u00fcr Sie da in L\u00fcneburg und Bleckede<\/h3>\n<p>Wir werden f\u00fcr Kunden aus L\u00fcneburg und Bleckede aktiv. Durch unsere Gesch\u00e4ftst\u00e4tigkeit haben wir uns einen sehr guten \u00dcberblick \u00fcber die Architektur der Gemeinden und St\u00e4dte unseres Einzugsbereiches machen k\u00f6nnen. Selbstverst\u00e4ndlich geh\u00f6rt auch Ihre Region zu unserem unmittelbaren Wirkungskreis. Wir freuen uns darauf, mit Ihnen ins Gespr\u00e4ch zu kommen. <\/p>\n<h3>Einige interessante Informationen \u00fcber L\u00fcneburg und Bleckede<\/h3>\n<p>In der zirka 40 Kilometer s\u00fcdlich von Freien und Hansestadt Hamburg gelegenen Stadt L\u00fcneburg wohnen zirka 70.000 Menschen. Das Stadtgebiet erstreckt sich \u00fcber ein Areal von 70 km\u00b2. L\u00fcneburg ist Kreisstadt des Landkreises L\u00fcneburg und geh\u00f6rt zur Metropolregion Hamburg. Was viele nicht wissen: L\u00fcneburg ist eine historische Hansestadt. Wunderh\u00fcbsch an der Ilmenau gelegen, erfreut sich L\u00fcneburg gro\u00dfer Beliebtheit bei Tagesbesuchern und Touristen. Die knapp 300.000 \u00dcbernachtungen, welche das nieders\u00e4chsische Landesamt f\u00fcr Statistik registriert hat, sprechen eine sehr klare Sprache. Ganz besonders sehenswert ist der zentrumsnahe Bereich von L\u00fcneburg. Viele geschichtstr\u00e4chtige Gem\u00e4uer verleihen der Stadt einen ganz und gar unverwechselbaren Charme. Bei einem Spaziergang durch die Altstadt von L\u00fcneburg sollte man auf jeden Fall die Kirche St. Nicolai im Wasserviertel, das Stadtschloss am Markt sowie den Stintmarkt am L\u00fcneburger Hafen besuchen. Wer ein wenig Zeit \u00fcbrig hat, macht Halt in einem der zahlreichen h\u00fcbschen Caf\u00e9s am Marktplatz und l\u00e4sst einfach die herrliche Atmosp\u00e4hre von L\u00fcneburg auf sich wirken. Die zahlreichen Fachwerkgeb\u00e4ude geben dem st\u00e4dtischen Ensemble eine v\u00f6llig unverwechselbare Aura. Die beschauliche Universit\u00e4tsstadt ist bekannt f\u00fcr die Salzproduktion. In L\u00fcneburg liegt ein ein alter Salzstock. Dort wurde \u00fcber viele Generationen in gro\u00dfem Stile Salz gewonnen. Das Deutsche Salzmuseum L\u00fcneburg erinnert heute an diesen bedeutenden Teil der Stadtgeschichte. Des Weiteren ist der Stint eine bekannte kulinarische K\u00f6stlichkeit. Dem kleinen Fisch begegnet man in L\u00fcneburg fast an jeder Ecke. Bei einem Besuch der nieders\u00e4chsischen Mittelstadt sollte man ein Stint-Essen auf keinen Fall verpassen.      <\/p>\n<p>L\u00fcneburg befindet sich an der Autobahn A39. Auch \u00fcber die Bundesstra\u00dfen B4, B209 und B216 gelangt man rasch und sicher in die nieders\u00e4chsische Stadt. Auch das Umland \u2013 zum Beispiel Scharnebeck, Salzhausen, Fleestedt, Hanstedt, Bienenb\u00fcttel, Amelinghausen und Egestorf - ist gut angebunden. Wer mit der Bahn nach L\u00fcneburg fahren m\u00f6chte, kann dies \u00fcber die Bahnverbindung Hamburg-Hannover tun. Auch existiert eine Nahverkehrsanbindung durch den Verkehrsbetrieb Metronom. Die Reisedauer zwischen Hamburg und L\u00fcneburg betr\u00e4gt nur zirka 30 Minuten. <\/p>\n<h3>L\u00fcneburg und Bleckede: Perfekt f\u00fcr junge Familien<\/h3>\n<p>Die Stadt Bleckede liegt im nieders\u00e4chsischen Kreis L\u00fcneburg. Bleckede hat etwa 10.000 Einwohner. Das Stadtareal streckt sich \u00fcber eine Fl\u00e4che von ungef\u00e4hr 139 Quadratkilometer. In direkter N\u00e4he finden sich die Gemeinden Amt Neuhaus, Dahlenburg, Vastorf und Thomasburg. Zu Bleckede z\u00e4hlen alles in allem 15 Gemeindeteile. Die herrliche Lage direkt an der Elbe macht Bleckede attraktiv f\u00fcr Tagesbesucher und Touristen. Speziell auf zwei R\u00e4dern lohnt sich ein Ausflug in Richtung Bleckede. Der Elbradweg sowie der Mecklenburgische Seen-Radweg laden zum ausgedehnten Radfahren ein. Kennzeichnend f\u00fcr Bleckede sind die zahlreichen Fachwerkh\u00e4user. Per pedes l\u00e4sst sich die wunderbare Architektur besonders gut bewundern. Entsprechend stolz sind die B\u00fcrgervertreter von Bleckede darauf, dass der Ort Mitglied der Deutschen Fachwerkstra\u00dfe ist. Besonders sch\u00f6n ist der Hafen von Bleckede. Bis heute machen viele Frachtschiffe hier Station. Besucher sch\u00e4tzen ebenfalls den Fahrgastverkehr auf der Elbe. Eine touristische Besonderheit: Der alte Raddampfer Kaiser-Wilhelm legt turnusm\u00e4\u00dfig in Bleckede an. Attraktiv ist der Hafen auch f\u00fcr die Sportschifffahrt. Die zahlreichen Sportbootliegepl\u00e4tze veranschaulichen die Anziehungskraft des Hafen eindrucksvoll. Bleckede ist bekannt f\u00fcr seine sch\u00f6ne Umgebung. Neben der bereits genannten Deutschen Fachwerkstra\u00dfe f\u00fchrt ebenso die Deutsche Storchenstra\u00dfe durch Bleckede. Das innerst\u00e4dtisch zu entdeckende Storchennest ist eine ganz besondere Attraktion. Aus Richtung L\u00fcneburg kommend, kann man au\u00dferdem auch mit einer historischen Eisenbahn nach Bleckede fahren. Die Fahrt mit dem sogenannten Heide-Elbe-Express ist ein Geheimtipp f\u00fcr Ausfl\u00fcgler in der Region.<\/p>\n<h4>Privat- und Gesch\u00e4ftskunden aus L\u00fcneburg und Bleckede sch\u00e4tzen unsere Leistungen!<\/h4>\n<p>Toll, dass Sie diese Seite gefunden haben. Wenn Sie eine erfahrene Fachfirma suchen, sind Sie bei uns richtig. Sie m\u00f6chten mehr \u00fcber uns wissen? F\u00fcr R\u00fcckfragen stehen wir Ihnen jederzeit zur Verf\u00fcgung. Auf den Kontakt zu Ihnen freuen wir uns.<\/p>","popseo_zusatztext":"<h3>Kaduk Bauelemente \u2013 Ihr Fachbetrieb f\u00fcr Sicht- und Sonnenschutz<\/h3>\n<p>Vertrauen Sie in Sachen Sonnenschutz und Sicherheit auf jeden Fall auf die sachspezifische Leistung vom Fachbetrieb. Nur ein Fachbetrieb kennt die Tipps und Tricks, wie man zu einem \u00fcberzeugenden Ergebnis kommt. Um sich mit Fug und Recht Fachbetrieb nennen zu d\u00fcrfen, braucht es eine anerkannte Ausbildung der Mitarbeiter und eine jahrelange Berufserfahrung.  <\/p>\n<p>Unsere Unternehmung empfiehlt sich als Ihr sachkundiger Fachbetrieb f\u00fcr Sonnenschutz und Sicherheit. Erreichen Sie Ihr Ziel und schenken Sie unserem Fachbetrieb Ihr Vertrauen. Wir bieten Ihnen z.B. qualitativ ausgezeichnete Markisen und Rolll\u00e4den und legen allerh\u00f6chsten Wert auf einen perfekten Service. Schon seit vielen Jahren sind wir fachkundiger Fachbetrieb f\u00fcr Terrassend\u00e4cher, Au\u00dfenjalousien, Rolll\u00e4den im Raum L\u00fcneburg. Es ist uns wichtig, dass Sie lange Jahre viel Freude an Ihrem Sicht und Sonnenschutz haben. Von einem Fachbetrieb d\u00fcrfen Sie nat\u00fcrlich eine absolute Top-Leistung erwarten.<\/p>\n<h3>Auf einen Fachbetrieb ist Verlass<\/h3>\n<p>Als Fachbetrieb darf sich ein Unternehmen bezeichnen, deren Mitarbeiter \u00fcber dokumentierte Qualifikationen verf\u00fcgen. Dies ist zum Beispiel eine entsprechende Ausbildung oder ein Meisterbrief. Des Weiteren zeichnet eine intensive praktische Erfahrung einen Fachbetrieb aus. Bereits seit vielen Jahren konzentrieren wir uns als spezialisiertes Unternehmen auf Sonnenschutz und Sicherheit von Wohn- und Gesch\u00e4ftsh\u00e4usern. In diesen langen Jahren haben wir uns die Bezeichnung Fachbetrieb sicher verdient. Wir verarbeiten ausnahmslos hervorragende Materialien. Dabei achten wir immer auf ein sehr gutes Preis-Leistungsverh\u00e4ltnis. Unser Motto als Fachbetrieb: Wir bieten Ihnen hervorragende Qualit\u00e4t zu einem 1a- Preis.<\/p>","popseo_links":"<a href=\"https:\/\/www.kaduk-bauelemente.de\/leistungen\/fliegengitter-tostedt-sittensen\/\">Fliegengitter Tostedt Sittensen<\/a>, <a href=\"https:\/\/www.kaduk-bauelemente.de\/leistungen\/haustueren-buechen\/\">Haust\u00fcren B\u00fcchen<\/a>, <a href=\"https:\/\/www.kaduk-bauelemente.de\/leistungen\/kunststofffenster-bad-bevensen\/\">Kunststofffenster Bad Bevensen<\/a>, <a href=\"https:\/\/www.kaduk-bauelemente.de\/leistungen\/fliegengitter-uelzen\/\">Fliegengitter Uelzen<\/a>, <a href=\"https:\/\/www.kaduk-bauelemente.de\/leistungen\/kunststofffenster-geesthacht\/\">Kunststofffenster Geesthacht<\/a>, <a href=\"https:\/\/www.kaduk-bauelemente.de\/leistungen\/aussenjalousien-bergedorf-wentorf\/\">Au\u00dfenjalousien Bergedorf Wentorf<\/a>, <a href=\"https:\/\/www.kaduk-bauelemente.de\/leistungen\/rolltore-reppenstedt\/\">Rolltore Reppenstedt<\/a>, <a href=\"https:\/\/www.kaduk-bauelemente.de\/leistungen\/terrassenueberdachungen-aus-aluminium-bispingen\/\">Terrassen\u00fcberdachungen aus Aluminium Bispingen<\/a>, <a href=\"https:\/\/www.kaduk-bauelemente.de\/leistungen\/terrassenueberdachungen-aus-holz-amelinghausen\/\">Terrassen\u00fcberdachungen aus Holz Amelinghausen<\/a>, <a href=\"https:\/\/www.kaduk-bauelemente.de\/leistungen\/tueren-bergedorf-wentorf\/\">T\u00fcren Bergedorf Wentorf<\/a>, <a href=\"https:\/\/www.kaduk-bauelemente.de\/leistungen\/rollladen-schwarzenbek\/\">Rollladen Schwarzenbek<\/a>, <a href=\"https:\/\/www.kaduk-bauelemente.de\/leistungen\/terrassenueberdachungen-aus-holz-herzogtum-lauenburg\/\">Terrassen\u00fcberdachungen aus Holz Herzogtum Lauenburg<\/a>, <a href=\"https:\/\/www.kaduk-bauelemente.de\/leistungen\/garagentore-bienenbuettel\/\">Garagentore Bienenb\u00fcttel<\/a>, <a href=\"https:\/\/www.kaduk-bauelemente.de\/leistungen\/raffstores-ebstorf\/\">Raffstores Ebstorf<\/a>, <a href=\"https:\/\/www.kaduk-bauelemente.de\/leistungen\/haustueren-reinbek-glinde\/\">Haust\u00fcren Reinbek Glinde<\/a>, <a href=\"https:\/\/www.kaduk-bauelemente.de\/leistungen\/rolllaeden-amelinghausen\/\">Rolll\u00e4den Amelinghausen<\/a>, <a href=\"https:\/\/www.kaduk-bauelemente.de\/leistungen\/rollladen-tostedt-sittensen\/\">Rollladen Tostedt Sittensen<\/a>, <a href=\"https:\/\/www.kaduk-bauelemente.de\/leistungen\/zaeune-amelinghausen\/\">Z\u00e4une Amelinghausen<\/a>, <a href=\"https:\/\/www.kaduk-bauelemente.de\/leistungen\/markisen-hanstedt\/\">Markisen Hanstedt<\/a>, <a href=\"https:\/\/www.kaduk-bauelemente.de\/leistungen\/raffstores-reppenstedt\/\">Raffstores Reppenstedt<\/a>, <a href=\"https:\/\/www.kaduk-bauelemente.de\/leistungen\/kunststofffenster-jesteburg\/\">Kunststofffenster Jesteburg<\/a>, <a href=\"https:\/\/www.kaduk-bauelemente.de\/leistungen\/garagentore-buechen\/\">Garagentore B\u00fcchen<\/a>, <a href=\"https:\/\/www.kaduk-bauelemente.de\/leistungen\/tueren-geesthacht\/\">T\u00fcren Geesthacht<\/a>, <a href=\"https:\/\/www.kaduk-bauelemente.de\/leistungen\/fliegengitter-lueneburg\/\">Fliegengitter L\u00fcneburg<\/a>, <a href=\"https:\/\/www.kaduk-bauelemente.de\/leistungen\/garagen-buchholz\/\">Garagen Buchholz<\/a>, <a href=\"https:\/\/www.kaduk-bauelemente.de\/leistungen\/rolltore-salzhausen\/\">Rolltore Salzhausen<\/a>"},"_links":{"self":[{"href":"https:\/\/www.kaduk-bauelemente.de\/leistungen\/wp-json\/wp\/v2\/pages\/4175","targetHints":{"allow":["GET"]}}],"collection":[{"href":"https:\/\/www.kaduk-bauelemente.de\/leistungen\/wp-json\/wp\/v2\/pages"}],"about":[{"href":"https:\/\/www.kaduk-bauelemente.de\/leistungen\/wp-json\/wp\/v2\/types\/page"}],"author":[{"embeddable":true,"href":"https:\/\/www.kaduk-bauelemente.de\/leistungen\/wp-json\/wp\/v2\/users\/1"}],"replies":[{"embeddable":true,"href":"https:\/\/www.kaduk-bauelemente.de\/leistungen\/wp-json\/wp\/v2\/comments?post=4175"}],"version-history":[{"count":0,"href":"https:\/\/www.kaduk-bauelemente.de\/leistungen\/wp-json\/wp\/v2\/pages\/4175\/revisions"}],"wp:attachment":[{"href":"https:\/\/www.kaduk-bauelemente.de\/leistungen\/wp-json\/wp\/v2\/media?parent=4175"}],"curies":[{"name":"wp","href":"https:\/\/api.w.org\/{rel}","templated":true}]}}