{"id":4173,"date":"2021-08-25T12:18:44","date_gmt":"2021-08-25T10:18:44","guid":{"rendered":"https:\/\/www.kaduk-bauelemente.de\/leistungen\/carports-herzogtum-lauenburg\/"},"modified":"2021-08-25T12:18:44","modified_gmt":"2021-08-25T10:18:44","slug":"carports-herzogtum-lauenburg","status":"publish","type":"page","link":"https:\/\/www.kaduk-bauelemente.de\/leistungen\/carports-herzogtum-lauenburg\/","title":{"rendered":"Carports &#8211; Herzogtum Lauenburg"},"content":{"rendered":"<h3>Planung und Bau von Carports \u2013 sprechen Sie uns bitte an!<\/h3>\n<p>Eine abschlie\u00dfbare Fertiggarage ist nicht unbedingt immer das Ma\u00df aller Dinge. Zuweilen ist eine Garage baulich oder platzm\u00e4\u00dfig nicht umsetzbar, zuweilen st\u00f6rt es die die Architektur der Immobilie. Carports sind eine sehr gute Alternative zur Garage. Carports sch\u00fctzen Ihr Auto vor Regenwetter und bieten Ihnen ferner weiteren Stauraum. Als erfahrener Fachbetrieb \u00fcberzeugen uns besonders individuell produzierte Carports des Herstellers Siebau. W\u00e4hlen Sie zwischen verschiedenen hochwertigen Modellen. Im Vergleich zu vielen Standardprodukten sind Siebau-Flachdachcarports architektonisch harmonischer gestaltet und oft auch belastbarer. Fast wartungslos, bestechen die Carports vor allen Dingen durch ihre Unempfindlichkeit. Die Carports aus unserem Sortiment sind pflegeleicht und von hoher G\u00fcte.   <\/p>\n<h3>Wir f\u00fchren moderne Carports \u2013 stabil, robust und attraktiv!<\/h3>\n<p>Je nach Fl\u00e4che und Beschaffenheit der zu \u00fcberdachenden Au\u00dfenfl\u00e4chen sind unterschiedliche Carport-Modelle realisierbar. Und je nach jeweiligem Geschmack kann unter unterschiedlichen Konstruktionen und Materialien ausgew\u00e4hlt werden. Gerne beraten wir Sie \u00fcber die mannigfachen M\u00f6glichkeiten, die sich Ihnen bieten. Selbstverst\u00e4ndlich kommen wir auch gern zu Ihnen. Um die L\u00f6sungswege im vollen Umfang beurteilen zu k\u00f6nnen, besichtigen unsere Spezialisten den entsprechenden Au\u00dfenbereich unmittelbar vor Ort. Gehen Sie beim Thema Carports auf Nummer sicher. Vertrauen Sie auf Erfahrung und entscheiden Sie sich f\u00fcr den Spezialisten. Es lohnt sich.<\/p>\n","protected":false},"excerpt":{"rendered":"<p>Planung und Bau von Carports \u2013 sprechen Sie uns bitte an! Eine abschlie\u00dfbare Fertiggarage ist nicht unbedingt immer das Ma\u00df aller Dinge. Zuweilen ist eine Garage baulich oder platzm\u00e4\u00dfig nicht umsetzbar, zuweilen st\u00f6rt es die die Architektur der Immobilie. Carports sind eine sehr gute Alternative zur Garage. Carports sch\u00fctzen Ihr Auto vor Regenwetter und bieten [&hellip;]<\/p>\n","protected":false},"author":1,"featured_media":0,"parent":0,"menu_order":0,"comment_status":"closed","ping_status":"closed","template":"","meta":{"footnotes":""},"class_list":["post-4173","page","type-page","status-publish","hentry"],"meta_box":{"popseo_subtitel":"Wir sind Ihr erfahrener Experte f\u00fcr hochwertige Carports in Herzogtum Lauenburg","popseo_subtitel2":"Planung und Bau von Carports durch die Experten der Firma Kaduk","popseo_lasttitel":"Carports: F\u00fcr weitere Informationen sprechen Sie uns bitte an","popseo_region":"Herzogtum Lauenburg","popseo_sachwort":"Carports","popseo_noupdate":"","popseo_einleitungstext":"<p>Gerne informieren wir Sie n\u00e4her \u00fcber unsere Produkte und unser Aufgabengebiet. Wir zeigen Ihnen mit Vergn\u00fcgen auch einige Referenzprojekte, die Ihnen einen Einblick in unsere Arbeit geben.<br \/>\nWir sind f\u00fcr Sie da. Rufen Sie uns doch einfach einmal an oder schreiben Sie uns eine kurze E-Mail. Wir freuen uns auf Ihre Kontaktaufnahme.<\/p>","popseo_schlusstext":"<p>Sie ben\u00f6tigen einen Profi f\u00fcr hochwertige Sicherheits- und Sonnenschutzl\u00f6sungen. Dann rufen Sie uns bitte rasch an. Wir freuen uns auf Ihren Anruf oder Ihre E-Mail. Wenn es um Bauelemente geht, sind wir Ihr erfahrener Handels- und Handwerkspartner. Wir bieten Ihnen hochwertige Produkte und eine fachgerecht ausgef\u00fchrte Arbeit nach dem stets aktuellsten Stand der Technik.<\/p>","popseo_stadttext":"<h3>Wir sind Ihr Partner auch im Kreis Herzogtum Lauenburg<\/h3>\n<p>Durch unsere Vertriebst\u00e4tigkeit haben wir uns einen sehr guten \u00dcberblick \u00fcber die Architektur der Gemeinden und St\u00e4dte unseres Einzugsbereiches erarbeiten k\u00f6nnen. Nat\u00fcrlich geh\u00f6rt auch der Landkreis Herzogtum Lauenburg zu unserem unmittelbaren Gesch\u00e4ftsgebiet. Wir freuen uns darauf, mit Ihnen ins Gespr\u00e4ch zu kommen. <\/p>\n<h3>Gute Gr\u00fcnde sprechen f\u00fcr den Kreis Herzogtum Lauenburg<\/h3>\n<p>Der Kreis Herzogtum Lauenburg zieht sich \u00fcber ungef\u00e4hr 1200 Quadratkilometer und ist Heimat von knapp 190.000 Einwohnern. Die gr\u00f6\u00dfen St\u00e4dte im Landkreis Herzogtum Lauenburg sind neben der Kreisstadt Lauenburg die Orte Ratzeburg, M\u00f6lln sowie Geesthacht. <\/p>\n<p>Der Landkreis Herzogtum Lauenburg geh\u00f6rt zum Gro\u00dfraum Hamburg. Der schleswig-holsteinische Landkreis verf\u00fcgt \u00fcber eine gute Infrastruktur, was dadurch deutlich wird, dass die eher l\u00e4ndliche Region dem HVV angeh\u00f6rt. Mit dem Automobil f\u00e4hrt man \u00fcber die Bundesautobahnen 1, 24 und 25 in den Kreis Herzogtum Lauenburg. Z\u00fcge der Deuschen Bahn steuert den Landkreis Herzogtum Lauenburg zum Beispiel \u00fcber die Linien nach Schwarzenbek, Ratzeburg als auch M\u00f6lln an.<\/p>\n<h3>Herzogtum Lauenburg: Perfekt f\u00fcr junge Familien<\/h3>\n<p>Der Landkreis Herzogtum Lauenburg ist ausgesprochen beliebt bei Berufspendlern. Wer in der Gro\u00dfstadt \u201cseine Br\u00f6tchen verdient\u201c, gelangt in seine Wohnst\u00e4tte im Kreis Herzogtum Lauenburg zumeist in kaum mehr als 45 min. Arbeiten in der Hansestadt, wohnen in der Peripherie: Ein Weg, der insbesondere f\u00fcr moderne Familien g\u00fcnstig ist. <\/p>\n<p>Der Landkreis Herzogtum Lauenburg zeichnet sich durch einen hohen Wohn- und Freizeitwert und eine besondere Lebensqualit\u00e4t aus. Das Kreisgebiet verf\u00fcgt \u00fcber sch\u00f6ne Naturgebiete, die sich am besten auf Schusters Rappen oder per Rad erkunden lassen.<\/p>\n<h4>Unsere Leistung f\u00fcr qualit\u00e4tsbewusste Kunden aus dem Kreis Herzogtum Lauenburg<\/h4>\n<p>Wir finden es toll, dass Sie unsere Website entdeckt haben. Ob Geesthacht, Ratzeburg oder M\u00f6lln: Wir garantieren Ihnen ein sehr gutes Preis-Leistungsverh\u00e4ltnis. Sie m\u00f6chten mehr \u00fcber uns wissen? F\u00fcr R\u00fcckfragen stehen wir Ihnen jederzeit zur Verf\u00fcgung. Auf den Kontakt zu Ihnen freuen wir uns.<\/p>","popseo_zusatztext":"<h3>Qualit\u00e4t kann auch g\u00fcnstig und preiswert sein<\/h3>\n<p>Bauelemente m\u00fcssen h\u00f6chsten Anforderungen gerecht werden. Gleichzeitig mu\u00df es g\u00fcnstig und preiswert sein. Das muss generell kein Gegensatz sein. <\/p>\n<p>Als Fachbetrieb f\u00fcr Sonnenschutz und Sicherheit verwenden wir ausnahmslos qualitativ hochwertige Produkte. Nichtsdestotrotz achten wir grunds\u00e4tzlich auf ein passendes Preis-Leistungsverh\u00e4ltnis. Wir m\u00f6chten Ihnen Qualit\u00e4t anbieten, die trotzdem auch g\u00fcnstig und preiswert ist. Geben Sie Ihrem Heim g\u00fcnstig und preiswert das gewisse Mehr an Qualit\u00e4t. Markisen und Rolll\u00e4den oder andere Sonnenschutzl\u00f6sungen sehen nicht nur hervorragend aus, sie leisten auch einen bedeutenden Anteil zur W\u00e4rmed\u00e4mmung.  <\/p>\n<h3>G\u00fcnstig und preiswert \u2013 trotzdem individuell und schick<\/h3>\n<p>D\u00fcrfen wir Sie beraten, wie Sie g\u00fcnstig und preiswert einen perfekten Sonnenschutz f\u00fcr Ihr Haus verwirklichen? Toll, dann z\u00f6gern Sie bitte nicht und nehmen am besten gleich heute noch Kontakt mit uns auf. Ein kurzer Anruf oder eine schnelle E-Mail gen\u00fcgen. Mit Vergn\u00fcgen informieren Sie unsere gut ausgebildeten Spezialisten \u00fcber die unterschiedlichen Optionen, wie Sie Ihr Haus g\u00fcnstig und preiswert mit Markisen und Rolll\u00e4den oder anderen Sonnenschutzprodukten versehen. Wir freuen uns auf das Gespr\u00e4ch mit Ihnen. <\/p>\n<h4>Hochwertige Arbeit g\u00fcnstig und preiswert<\/h4>\n<p>Vertrauen Sie beim Thema Sonnenschutz und Sicherheit auf den Profi. Nur ein Spezialbetrieb kennt die diversen M\u00f6glichkeiten, wie Sie g\u00fcnstig und preiswert, zugleich qualitativ spitze einen optimalen Sonnenschutz verwirklichen. Qualit\u00e4tsbewusst, g\u00fcnstig und preiswert: Wir empfehlen uns als spezialisiertes Unternehmen im norddeutschen Gebiet. Unsere gro\u00dfe Erfahrung spricht f\u00fcr uns.<\/p>","popseo_links":"<a href=\"https:\/\/www.kaduk-bauelemente.de\/leistungen\/holzfenster-amelinghausen\/\">Holzfenster Amelinghausen<\/a>, <a href=\"https:\/\/www.kaduk-bauelemente.de\/leistungen\/rolllaeden-bardowick\/\">Rolll\u00e4den Bardowick<\/a>, <a href=\"https:\/\/www.kaduk-bauelemente.de\/leistungen\/terrassenueberdachungen-aus-aluminium-reppenstedt\/\">Terrassen\u00fcberdachungen aus Aluminium Reppenstedt<\/a>, <a href=\"https:\/\/www.kaduk-bauelemente.de\/leistungen\/raffstores-tostedt-sittensen\/\">Raffstores Tostedt Sittensen<\/a>, <a href=\"https:\/\/www.kaduk-bauelemente.de\/leistungen\/terrassendaecher-aus-aluminium-buechen\/\">Terrassend\u00e4cher aus Aluminium B\u00fcchen<\/a>, <a href=\"https:\/\/www.kaduk-bauelemente.de\/leistungen\/zaunbau-ebstorf\/\">Zaunbau Ebstorf<\/a>, <a href=\"https:\/\/www.kaduk-bauelemente.de\/leistungen\/terrassendaecher-aus-holz-jesteburg\/\">Terrassend\u00e4cher aus Holz Jesteburg<\/a>, <a href=\"https:\/\/www.kaduk-bauelemente.de\/leistungen\/rollladen-harburg\/\">Rollladen Harburg<\/a>, <a href=\"https:\/\/www.kaduk-bauelemente.de\/leistungen\/raffstores-hanstedt\/\">Raffstores Hanstedt<\/a>, <a href=\"https:\/\/www.kaduk-bauelemente.de\/leistungen\/aussenjalousien-maschen\/\">Au\u00dfenjalousien Maschen<\/a>, <a href=\"https:\/\/www.kaduk-bauelemente.de\/leistungen\/raffstores-harburg\/\">Raffstores Harburg<\/a>, <a href=\"https:\/\/www.kaduk-bauelemente.de\/leistungen\/sektionaltore-hanstedt\/\">Sektionaltore Hanstedt<\/a>, <a href=\"https:\/\/www.kaduk-bauelemente.de\/leistungen\/fenster-maschen\/\">Fenster Maschen<\/a>, <a href=\"https:\/\/www.kaduk-bauelemente.de\/leistungen\/terrassenueberdachungen-aus-aluminium-bispingen\/\">Terrassen\u00fcberdachungen aus Aluminium Bispingen<\/a>, <a href=\"https:\/\/www.kaduk-bauelemente.de\/leistungen\/kunststofffenster-salzhausen\/\">Kunststofffenster Salzhausen<\/a>, <a href=\"https:\/\/www.kaduk-bauelemente.de\/leistungen\/rolllaeden-reinbek-glinde\/\">Rolll\u00e4den Reinbek Glinde<\/a>, <a href=\"https:\/\/www.kaduk-bauelemente.de\/leistungen\/markisen-reppenstedt\/\">Markisen Reppenstedt<\/a>, <a href=\"https:\/\/www.kaduk-bauelemente.de\/leistungen\/markisen-harburg\/\">Markisen Harburg<\/a>, <a href=\"https:\/\/www.kaduk-bauelemente.de\/leistungen\/fenster-amelinghausen\/\">Fenster Amelinghausen<\/a>, <a href=\"https:\/\/www.kaduk-bauelemente.de\/leistungen\/garagentore-lueneburg\/\">Garagentore L\u00fcneburg<\/a>, <a href=\"https:\/\/www.kaduk-bauelemente.de\/leistungen\/fenster-bardowick\/\">Fenster Bardowick<\/a>, <a href=\"https:\/\/www.kaduk-bauelemente.de\/leistungen\/garagen-geesthacht\/\">Garagen Geesthacht<\/a>, <a href=\"https:\/\/www.kaduk-bauelemente.de\/leistungen\/terrassendaecher-aus-holz-reinbek-glinde\/\">Terrassend\u00e4cher aus Holz Reinbek Glinde<\/a>, <a href=\"https:\/\/www.kaduk-bauelemente.de\/leistungen\/terrassendaecher-aus-aluminium-hanstedt\/\">Terrassend\u00e4cher aus Aluminium Hanstedt<\/a>, <a href=\"https:\/\/www.kaduk-bauelemente.de\/leistungen\/garagen-harburg\/\">Garagen Harburg<\/a>, <a href=\"https:\/\/www.kaduk-bauelemente.de\/leistungen\/markisen-jesteburg\/\">Markisen Jesteburg<\/a>"},"_links":{"self":[{"href":"https:\/\/www.kaduk-bauelemente.de\/leistungen\/wp-json\/wp\/v2\/pages\/4173","targetHints":{"allow":["GET"]}}],"collection":[{"href":"https:\/\/www.kaduk-bauelemente.de\/leistungen\/wp-json\/wp\/v2\/pages"}],"about":[{"href":"https:\/\/www.kaduk-bauelemente.de\/leistungen\/wp-json\/wp\/v2\/types\/page"}],"author":[{"embeddable":true,"href":"https:\/\/www.kaduk-bauelemente.de\/leistungen\/wp-json\/wp\/v2\/users\/1"}],"replies":[{"embeddable":true,"href":"https:\/\/www.kaduk-bauelemente.de\/leistungen\/wp-json\/wp\/v2\/comments?post=4173"}],"version-history":[{"count":0,"href":"https:\/\/www.kaduk-bauelemente.de\/leistungen\/wp-json\/wp\/v2\/pages\/4173\/revisions"}],"wp:attachment":[{"href":"https:\/\/www.kaduk-bauelemente.de\/leistungen\/wp-json\/wp\/v2\/media?parent=4173"}],"curies":[{"name":"wp","href":"https:\/\/api.w.org\/{rel}","templated":true}]}}