{"id":4172,"date":"2021-08-25T12:18:44","date_gmt":"2021-08-25T10:18:44","guid":{"rendered":"https:\/\/www.kaduk-bauelemente.de\/leistungen\/carports-harburg\/"},"modified":"2021-08-25T12:18:44","modified_gmt":"2021-08-25T10:18:44","slug":"carports-harburg","status":"publish","type":"page","link":"https:\/\/www.kaduk-bauelemente.de\/leistungen\/carports-harburg\/","title":{"rendered":"Carports &#8211; Harburg"},"content":{"rendered":"<h3>Unsere Carports werden Sie \u00fcberzeugen<\/h3>\n<p>Eine abschlie\u00dfbare Fertiggarage ist nicht notwendigerweise die beste L\u00f6sung. Zuweilen ist eine Garage fl\u00e4chenm\u00e4\u00dfig nicht umsetzbar, mitunter st\u00f6rt es die Geb\u00e4udearchitektur. Carports sind eine sehr gute Alternative zur Garage. Carports sch\u00fctzen Ihr Fahrzeug vor Wind und Wetter und bieten Ihnen dar\u00fcber hinaus weiteren Stauraum. Als erfahrener Fachanbieter begeistern uns haupts\u00e4chlich individuell gefertigte Carports des Herstellers Siebau. Sie k\u00f6nnen w\u00e4hlen zwischen unterschiedlichen hochwertigen Modellen. Im Gegensatz zu vielen \u201cL\u00f6sungen von der Stange\u201c sind Siebau-Flachdachcarports gestalterisch attraktiver und oft auch belastbarer. Mehr oder minder wartungslos, bestechen die Carports vor allem durch ihre Langlebigkeit. Die Carports aus unserem Sortiment sind leicht zu pflegen und von gro\u00dfer Qualit\u00e4t.   <\/p>\n<h3>Handwerklich gekonnt gearbeitete Carports f\u00fcr Ihre Immobilie!<\/h3>\n<p>Je nach Fl\u00e4che und Zustand der zu \u00fcberdachenden Au\u00dfenbereiche sind unterschiedliche Carport-Modelle denkbar. Und je nach jeweiligem Geschmack kann unter verschiedenen Ausf\u00fchrungen und Materialien entschieden werden. Gerne informieren wir Sie \u00fcber die mannigfachen M\u00f6glichkeiten, die sich Ihnen bieten. Selbstverst\u00e4ndlich kommen wir auch gerne zu Ihnen. Um die M\u00f6glichkeiten komplett beurteilen zu k\u00f6nnen, besichtigen unsere Experten den entsprechenden Au\u00dfenbereich unmittelbar vor Ort. \u00dcberlassen Sie beim Thema Carports nichts dem Zufall. Z\u00e4hlen Sie auf Erfahrung und entscheiden Sie sich f\u00fcr den Fachbetrieb. Es rechnet sich.<\/p>\n","protected":false},"excerpt":{"rendered":"<p>Unsere Carports werden Sie \u00fcberzeugen Eine abschlie\u00dfbare Fertiggarage ist nicht notwendigerweise die beste L\u00f6sung. Zuweilen ist eine Garage fl\u00e4chenm\u00e4\u00dfig nicht umsetzbar, mitunter st\u00f6rt es die Geb\u00e4udearchitektur. Carports sind eine sehr gute Alternative zur Garage. Carports sch\u00fctzen Ihr Fahrzeug vor Wind und Wetter und bieten Ihnen dar\u00fcber hinaus weiteren Stauraum. Als erfahrener Fachanbieter begeistern uns haupts\u00e4chlich [&hellip;]<\/p>\n","protected":false},"author":1,"featured_media":0,"parent":0,"menu_order":0,"comment_status":"closed","ping_status":"closed","template":"","meta":{"footnotes":""},"class_list":["post-4172","page","type-page","status-publish","hentry"],"meta_box":{"popseo_subtitel":"Kaduk Bauelelemente ist Ihr Spezialist f\u00fcr qualitativ erstklassige Carports im Gro\u00dfraum Harburg","popseo_subtitel2":"Planung und Bau von Carports - eine Aufgabe f\u00fcr die Spezialisten der Firma Kaduk","popseo_lasttitel":"Carports: Unsere Mitarbeiter beantworten gerne Ihre Fragen","popseo_region":"Harburg","popseo_sachwort":"Carports","popseo_noupdate":"","popseo_einleitungstext":"<p>Gerne informieren wir Sie n\u00e4her \u00fcber unser Produkt- und Leistungsprogramm. Wir pr\u00e4sentieren Ihnen mit Vergn\u00fcgen auch ein paar Projekte, die Ihnen einen Einblick in unsere Firment\u00e4tigkeit geben.<br \/>\nVertrauen Sie den Spezialisten der Firma Kaduk. Rufen Sie uns doch einfach einmal an oder senden Sie uns eine schnelle E-Mail. Wir freuen uns auf Sie.<\/p>","popseo_schlusstext":"<p>Wenn Sie einen qualifizierten Fachbetrieb f\u00fcr hochwertige Sonnenschutz- und Sicherheitsprodukte suchen, sind Sie bei uns genau richtig. Sie m\u00f6chten mehr \u00fcber uns wissen? Als auf Bauelemente spezialisierte Handwerksfirma sind wir f\u00fcr die Realisierung Ihres Vorhabens der richtige Dienstleister und freuen uns \u00fcber Ihre Anfrage, unabh\u00e4ngig davon ob durch Anruf oder Nachricht per E-Mail. Worauf Sie neben Fachwissen setzen d\u00fcrfen: Unser Team arbeitet absolut zuverl\u00e4ssig und wird mit Elan und Schwung f\u00fcr Sie t\u00e4tig. Wir freuen uns auf Sie!<\/p>","popseo_stadttext":"<h3>Wir arbeiten gerne f\u00fcr Kunden aus Harburg<\/h2>\n<p>Durch unsere Gesch\u00e4ftst\u00e4tigkeit haben wir uns einen guten \u00dcberblick \u00fcber die Stadtarchitektur der Gemeinden und St\u00e4dte unseres Einzugsbereiches erarbeiten k\u00f6nnen. Nat\u00fcrlich geh\u00f6rt auch Harburg zu unserem unmittelbaren Vertriebsgebiet. Wir freuen uns darauf, mit Ihnen ins Gespr\u00e4ch zu kommen. <\/p>\n<h3>Wissenswertes \u00fcber Harburg<\/h3>\n<p>Harburg ist ein Stadtteil der Gro\u00dfstadt Hamburg. Harburg war ehemals autonom. Im Jahre 1927 erfolgte zun\u00e4chst der Zusammenschluss mit Wilhelmsburg zur seinerzeit 110.000 B\u00fcrger z\u00e4hlenden Gro\u00dfstadt Harburg-Wilhelmsburg. Zehn Jahre sp\u00e4ter gliederte die verantwortliche Beh\u00f6rde schlie\u00dflich dieses neu gebildete Stadtkonstrukt dem dem Land Hamburg zu. Harburg verlor damit seine Selbst\u00e4ndigkeit. Im Jahre 1951 entstand des Weiteren der Verwaltungsbezirk Harburg. Harburg ist an der S\u00fcderelbe gelegen. Der Stadtteil grenzt an Wilhelmsburg und HH-Neuland und an die nieders\u00e4chsischen Kreise Harburg und Stade.  <\/p>\n<h3>Harburg hat Charme!<\/h3>\n<p>Speziell die Vergr\u00f6\u00dferung des Binnenhafens zur Mitte des 19. Jahrhunderts war f\u00fcr die Weiterentwicklung von Harburg entscheidend. Die kautschuk- und \u00f6lverarbeitende Schwerindustrie sorgte in Harburg f\u00fcr einen anhaltenden Aufschwung. Ab den 1960er Jahren zog sich die Hafenindustrie fast vollst\u00e4ndig aus Harburg zur\u00fcck. Immer mehr Geb\u00e4ude und Industriefl\u00e4chen lagen brach. Der Strukturwandel wirkte sich in gro\u00dfem Umfang auf das Leben im Stadtteil Harburg aus. <\/p>\n<p>In den letzten Dekaden hat sich Harburg auff\u00e4llig entwickelt und sich vorrangig als Wohnquartier einen Namen erworben. Die Infrastruktur von Harburg ist exquisit: Die Innenstadt hat sich zu einem Shoppingeldorado entfaltet. Allein drei gro\u00dfe Shoppingcenter sind in Harburg beheimatet. Der Stadtteil verf\u00fcgt dar\u00fcber hinaus \u00fcber viele ruhige und h\u00fcbsch gelegene Wohnviertel. Ein zus\u00e4tzlicher Pluspunkt: Mit der S-Bahn ben\u00f6tigt man weniger als 15 Minuten bis zum Hamburger Hauptbahnhof. In den vergangenen Jahren wurden zahlreiche Neubauprojekte in Harburg gestartet. Speziell der hafennahe Bereich um die Schlossinsel Harburg und das Gebiet um den Veritaskai wurden stadtarchitektonisch erneuert. Harburg ist f\u00fcr sein Bildungsangebot begehrt. Die Technische Universit\u00e4t Hamburg-Harburg, die K\u00fchne School of Logistics sowie das Northern Institut of Technology besitzen einen sehr guten Ruf. <\/p>\n<h4>Privat- und Gesch\u00e4ftskunden aus Harburg sch\u00e4tzen unsere Leistungen!<\/h4>\n<p>Sie interessieren sich f\u00fcr unser Angebot und sind hier im Internet auf unsere Website gesto\u00dfen? Dar\u00fcber freuen wir uns sehr. Sehr gerne pr\u00e4sentieren wir Ihnen unser gesamtes Leistungsspektrum und beantworten Ihre Fragen. Unser engagiertes Team freut sich auf Sie.<\/p>","popseo_zusatztext":"<h3>G\u00fcnstig und preiswert ohne Abstriche bei der Qualit\u00e4t<\/h3>\n<p>Bauelemente m\u00fcssen gehobenen Anforderungen standhalten. Nichtsdestrotrotz soll es g\u00fcnstig und preiswert sein. Das muss absolut kein Gegensatz sein. <\/p>\n<p>Als Fachbetrieb f\u00fcr Sonnenschutz und Sicherheit verarbeiten wir nur hochwertige Produkte. Nichtsdestotrotz achten wir grunds\u00e4tzlich auf ein angemessenes Preis-Leistungsverh\u00e4ltnis. Wir m\u00f6chten Ihnen Spitzenqualit\u00e4t anbieten, die zugleich auch g\u00fcnstig und preiswert ist. Geben Sie Ihrem Heim g\u00fcnstig und preiswert das gewisse Mehr an Qualit\u00e4t. Markisen und Rolll\u00e4den oder andere Sonnenschutzl\u00f6sungen sehen nicht nur hervorragend aus, sie leisten auch einen bedeutsamen Anteil zur W\u00e4rmed\u00e4mmung.  <\/p>\n<h3>G\u00fcnstig und preiswert \u2013 trotzdem individuell und schick<\/h3>\n<p>D\u00fcrfen wir Sie beraten, wie Sie g\u00fcnstig und preiswert einen optimalen Sonnenschutz f\u00fcr Ihr Zuhause umsetzen? Super, dann z\u00f6gern Sie bitte nicht und nehmen am besten sofort heute noch Kontakt mit uns auf. Ein kurzer Anruf oder eine kurze Mail gen\u00fcgen. Gerne informieren Sie unsere gut ausgebildeten Profis \u00fcber die unterschiedlichen M\u00f6glichkeiten, wie Sie Ihr Zuhause g\u00fcnstig und preiswert mit Rolll\u00e4den und Markisen oder anderen Sonnenschutzprodukten versehen. Wir freuen uns auf das Gespr\u00e4ch mit Ihnen. <\/p>\n<h4>Top-Qualit\u00e4t g\u00fcnstig und preiswert<\/h4>\n<p>Setzen Sie beim Thema Sonnenschutz und Sicherheit auf den Profi. Nur ein Fachbetrieb kennt die diversen M\u00f6glichkeiten, wie Sie g\u00fcnstig und preiswert, gleichzeitig qualitativ hochwertig einen perfekten Sonnenschutz erreichen. Qualit\u00e4tsbewusst, g\u00fcnstig und preiswert: Wir empfehlen uns als spezialisiertes Fachunternehmen im n\u00f6rdlichen Raum. Unsere gro\u00dfe Erfahrung spricht f\u00fcr uns.<\/p>","popseo_links":"<a href=\"https:\/\/www.kaduk-bauelemente.de\/leistungen\/zaeune-reppenstedt\/\">Z\u00e4une Reppenstedt<\/a>, <a href=\"https:\/\/www.kaduk-bauelemente.de\/leistungen\/fliegengitter-geesthacht\/\">Fliegengitter Geesthacht<\/a>, <a href=\"https:\/\/www.kaduk-bauelemente.de\/leistungen\/zaunbau-boizenburg\/\">Zaunbau Boizenburg<\/a>, <a href=\"https:\/\/www.kaduk-bauelemente.de\/leistungen\/zaunbau-winsen-luhe\/\">Zaunbau Winsen Luhe<\/a>, <a href=\"https:\/\/www.kaduk-bauelemente.de\/leistungen\/insektenschutz-buechen\/\">Insektenschutz B\u00fcchen<\/a>, <a href=\"https:\/\/www.kaduk-bauelemente.de\/leistungen\/insektenschutz-reinbek-glinde\/\">Insektenschutz Reinbek Glinde<\/a>, <a href=\"https:\/\/www.kaduk-bauelemente.de\/leistungen\/rolllaeden-harburg\/\">Rolll\u00e4den Harburg<\/a>, <a href=\"https:\/\/www.kaduk-bauelemente.de\/leistungen\/terrassendaecher-aus-holz-bardowick\/\">Terrassend\u00e4cher aus Holz Bardowick<\/a>, <a href=\"https:\/\/www.kaduk-bauelemente.de\/leistungen\/sektionaltore-bad-bevensen\/\">Sektionaltore Bad Bevensen<\/a>, <a href=\"https:\/\/www.kaduk-bauelemente.de\/leistungen\/haustueren-uelzen\/\">Haust\u00fcren Uelzen<\/a>, <a href=\"https:\/\/www.kaduk-bauelemente.de\/leistungen\/sektionaltore-schwarzenbek\/\">Sektionaltore Schwarzenbek<\/a>, <a href=\"https:\/\/www.kaduk-bauelemente.de\/leistungen\/markisen-amelinghausen\/\">Markisen Amelinghausen<\/a>, <a href=\"https:\/\/www.kaduk-bauelemente.de\/leistungen\/markisen-amt-neuhaus\/\">Markisen Amt Neuhaus<\/a>, <a href=\"https:\/\/www.kaduk-bauelemente.de\/leistungen\/rolllaeden-hanstedt\/\">Rolll\u00e4den Hanstedt<\/a>, <a href=\"https:\/\/www.kaduk-bauelemente.de\/leistungen\/garagentore-buchholz\/\">Garagentore Buchholz<\/a>, <a href=\"https:\/\/www.kaduk-bauelemente.de\/leistungen\/holzfenster-tostedt-sittensen\/\">Holzfenster Tostedt Sittensen<\/a>, <a href=\"https:\/\/www.kaduk-bauelemente.de\/leistungen\/aussenjalousien-amelinghausen\/\">Au\u00dfenjalousien Amelinghausen<\/a>, <a href=\"https:\/\/www.kaduk-bauelemente.de\/leistungen\/terrassenueberdachungen-aus-holz-reppenstedt\/\">Terrassen\u00fcberdachungen aus Holz Reppenstedt<\/a>, <a href=\"https:\/\/www.kaduk-bauelemente.de\/leistungen\/terrassenueberdachungen-aus-aluminium-maschen\/\">Terrassen\u00fcberdachungen aus Aluminium Maschen<\/a>, <a href=\"https:\/\/www.kaduk-bauelemente.de\/leistungen\/fliegengitter-amelinghausen\/\">Fliegengitter Amelinghausen<\/a>, <a href=\"https:\/\/www.kaduk-bauelemente.de\/leistungen\/haustueren-schwarzenbek\/\">Haust\u00fcren Schwarzenbek<\/a>, <a href=\"https:\/\/www.kaduk-bauelemente.de\/leistungen\/fenster-buchholz\/\">Fenster Buchholz<\/a>, <a href=\"https:\/\/www.kaduk-bauelemente.de\/leistungen\/haustueren-bispingen\/\">Haust\u00fcren Bispingen<\/a>, <a href=\"https:\/\/www.kaduk-bauelemente.de\/leistungen\/fenster-amt-neuhaus\/\">Fenster Amt Neuhaus<\/a>, <a href=\"https:\/\/www.kaduk-bauelemente.de\/leistungen\/rolllaeden-reppenstedt\/\">Rolll\u00e4den Reppenstedt<\/a>, <a href=\"https:\/\/www.kaduk-bauelemente.de\/leistungen\/rolltore-salzhausen\/\">Rolltore Salzhausen<\/a>"},"_links":{"self":[{"href":"https:\/\/www.kaduk-bauelemente.de\/leistungen\/wp-json\/wp\/v2\/pages\/4172","targetHints":{"allow":["GET"]}}],"collection":[{"href":"https:\/\/www.kaduk-bauelemente.de\/leistungen\/wp-json\/wp\/v2\/pages"}],"about":[{"href":"https:\/\/www.kaduk-bauelemente.de\/leistungen\/wp-json\/wp\/v2\/types\/page"}],"author":[{"embeddable":true,"href":"https:\/\/www.kaduk-bauelemente.de\/leistungen\/wp-json\/wp\/v2\/users\/1"}],"replies":[{"embeddable":true,"href":"https:\/\/www.kaduk-bauelemente.de\/leistungen\/wp-json\/wp\/v2\/comments?post=4172"}],"version-history":[{"count":0,"href":"https:\/\/www.kaduk-bauelemente.de\/leistungen\/wp-json\/wp\/v2\/pages\/4172\/revisions"}],"wp:attachment":[{"href":"https:\/\/www.kaduk-bauelemente.de\/leistungen\/wp-json\/wp\/v2\/media?parent=4172"}],"curies":[{"name":"wp","href":"https:\/\/api.w.org\/{rel}","templated":true}]}}