{"id":4170,"date":"2021-08-25T12:18:44","date_gmt":"2021-08-25T10:18:44","guid":{"rendered":"https:\/\/www.kaduk-bauelemente.de\/leistungen\/carports-geesthacht\/"},"modified":"2021-08-25T12:18:44","modified_gmt":"2021-08-25T10:18:44","slug":"carports-geesthacht","status":"publish","type":"page","link":"https:\/\/www.kaduk-bauelemente.de\/leistungen\/carports-geesthacht\/","title":{"rendered":"Carports &#8211; Geesthacht"},"content":{"rendered":"<h3>Carports sind immer eine richtige Entscheidung<\/h3>\n<p>Eine eigene Fertiggarage ist nicht unbedingt immer die beste L\u00f6sung. Manchmal ist eine Garage baulich oder platzm\u00e4\u00dfig nicht umsetzbar, bisweilen st\u00f6rt es die Architektur. Ein Carport ist eine wunderbare Alternative zur Garage. Carports sch\u00fctzen Ihr Auto vor Wind und Wetter und bieten Ihnen auch zus\u00e4tzlichen Stauraum. Als routinierter Fachanbieter begeistern uns vor allem individuell produzierte Carports des Herstellers Siebau. Sie k\u00f6nnen w\u00e4hlen zwischen unterschiedlichen hochwertigen Modellen. Im Gegensatz zu vielen \u201cL\u00f6sungen von der Stange\u201c sind Siebau-Flachdachcarports gestalterisch attraktiver und oft auch belastbarer. Mehr oder minder wartungslos, \u00fcberzeugen die Carports vorrangig durch ihre Langlebigkeit. Die Carports aus unserem Sortiment sind pflegeleicht und von sehr gro\u00dfer G\u00fcte.   <\/p>\n<h3>Wir f\u00fchren moderne Carports \u2013 stabil, robust und attraktiv!<\/h3>\n<p>Je nach Fl\u00e4che und Gestalt der zu \u00fcberdachenden Au\u00dfenbereiche sind unterschiedliche Carport-Modelle realisierbar. Und je nach jeweiligem Geschmack kann unter mehreren Produktvarianten und Materialien entschieden werden. Gern beraten wir Sie \u00fcber die diversen Optionen, die sich Ihnen bieten. Selbstverst\u00e4ndlich kommen wir auch gern zu Ihnen. Um die L\u00f6sungsm\u00f6glichkeiten vollumf\u00e4nglich beurteilen zu k\u00f6nnen, besichtigen unsere Fachkr\u00e4fte den entsprechenden Au\u00dfenbereich unmittelbar vor Ort. Gehen Sie beim Thema Carports auf Nummer sicher. Vertrauen Sie auf Erfahrung und entscheiden Sie sich f\u00fcr den Experten. Es lohnt sich.<\/p>\n","protected":false},"excerpt":{"rendered":"<p>Carports sind immer eine richtige Entscheidung Eine eigene Fertiggarage ist nicht unbedingt immer die beste L\u00f6sung. Manchmal ist eine Garage baulich oder platzm\u00e4\u00dfig nicht umsetzbar, bisweilen st\u00f6rt es die Architektur. Ein Carport ist eine wunderbare Alternative zur Garage. Carports sch\u00fctzen Ihr Auto vor Wind und Wetter und bieten Ihnen auch zus\u00e4tzlichen Stauraum. Als routinierter Fachanbieter [&hellip;]<\/p>\n","protected":false},"author":1,"featured_media":0,"parent":0,"menu_order":0,"comment_status":"closed","ping_status":"closed","template":"","meta":{"footnotes":""},"class_list":["post-4170","page","type-page","status-publish","hentry"],"meta_box":{"popseo_subtitel":"Wir sind Ihr erfahrener Fachbetrieb f\u00fcr hochwertige Carports im Raum Geesthacht","popseo_subtitel2":"Planung und Bau von Carports - eine Aufgabe f\u00fcr den Fachbetrieb","popseo_lasttitel":"Carports: Treten Sie in Kontakt mit uns!","popseo_region":"Geesthacht","popseo_sachwort":"Carports","popseo_noupdate":"","popseo_einleitungstext":"<p>Sie wollen Ihre Immobilie mit modernen Bauelementen ausstatten lassen interessieren sich f\u00fcr unser Leistungs- und Produktangebot? Klasse, dann sind Sie auf dieser Seite genau richtig. Unser Produktportfolio umfasst zum Beispiel Terrassend\u00e4cher, Markisen, Rolltore, Fenster, Au\u00dfenjalousien, T\u00fcren, Rolll\u00e4den und Carports. Als auf Sonnenschutz und Sicherheit fokussiertes Unternehmen \u00fcbernehmen wir insbesondere auch Montage- und Reparaturarbeiten. Erfahren Sie nachfolgend mehr \u00fcber unser Unternehmen und dessen Angebot. \u00dcber Ihr Interesse freuen wir uns sehr.<\/p>","popseo_schlusstext":"<p>Sie ben\u00f6tigen einen Fachpartner f\u00fcr moderne Sonnenschutz- und Sicherheitsl\u00f6sungen. Dann melden Sie sich am besten noch heute bei uns. Wir freuen uns auf Ihren Anruf oder Ihre E-Mail. Wenn es um Bauelemente geht, sind wir Ihr kompetenter Handels- und Handwerkspartner. Wir bieten Ihnen hochwertige Produkte und eine fachkundig durchgef\u00fchrte Arbeit nach dem immer aktuellsten Stand der Technik.<\/p>","popseo_stadttext":"<h3>Wir freuen uns \u00fcber Anfragen aus Geesthacht<\/h3>\n<p>Wir werden f\u00fcr Kunden aus Geesthacht aktiv. Durch unsere Gesch\u00e4ftst\u00e4tigkeit haben wir uns einen guten \u00dcberblick \u00fcber die Architektur der Gemeinden und St\u00e4dte unseres Einzugsbereiches machen k\u00f6nnen. Nat\u00fcrlich geh\u00f6rt auch Ihre Region zu unserem unmittelbaren Gesch\u00e4ftsgebiet. Wir freuen uns darauf, mit Ihnen in Kontakt zu kommen. <\/p>\n<h3>Einige interessante Informationen \u00fcber Geesthacht<\/h3>\n<p>S\u00fcd\u00f6stlich von Hamburg, direkt am Ufer der Elbe befindet sich Geesthacht, die gr\u00f6\u00dfte Stadt des Landkreises Herzogtum Lauenburg in Schleswig-Holstein. Geesthacht geh\u00f6rt bereits zu der Metropolregion Hamburg. Zur Hamburger Innenstadt sind es ungef\u00e4hr 30 Kilometer, bis zum n\u00e4chstgelegenen Stadtteil Hamburg-Bergedorf circa 12 km.<br \/>\nTechnischer Fortschritt und Innovationen sind wichtig f\u00fcr den Ort Geesthacht. Beispielhaft hierf\u00fcr sind das Kernkraftwerk Kr\u00fcmmel, das Pumpspeicherwerk und der Forschungsreaktor Geesthacht. Das macht Geesthacht zu dem gr\u00f6\u00dften Nuklear- und Energiestandort in Norddeutschland. Wen wundert es also, dass Geesthacht mit \u00fcber 50 Mio EUR R\u00fccklagen den 1. Rang unter den verm\u00f6gendsten St\u00e4dten in Schleswig-Holstein belegt. Ma\u00dfgebend sind hier jedoch die Gelder des KKW.<\/p>\n<p>Erreichbar ist Geesthacht mit dem Auto aus s\u00fcdlicher Richtung \u00fcber die Bundesstra\u00dfe 404. \u00dcber sie hat man auch Anbindung an die A25, mit der man direkt nach Hamburg kommt. Parallel zur Autobahn verl\u00e4uft die Bundesstra\u00dfe B5, die geradewegs von Hamburg-Bergedorf durch die Innenstadt von Geesthacht f\u00fchrt und in Lauenburg endet.<br \/>\nAuch mit \u00f6ffentlichen Verkehrsmitteln kann man, dank der Anbindung an den Hamburger Verkehrsverbund, Geesthacht schnell erreichen. Aufgrund der direkten Nachbarschaft zum Hamburger Stadtgebiet bringt Sie der Metrobus des HVV bequem, innerhalb von 20 Minuten nach Hamburg.<\/p>\n<h4>Privat- und Gesch\u00e4ftskunden aus Geesthacht sch\u00e4tzen unsere Leistungen!<\/h4>\n<p>Toll, das Sie unsere Internetseite entdeckt haben. Wenn Sie ein Fachunternehmen suchen, sind Sie bei uns genau richtig. Sie m\u00f6chten mehr \u00fcber uns wissen? F\u00fcr R\u00fcckfragen stehen wir Ihnen jederzeit zur Verf\u00fcgung. Unser engagiertes Team freut sich auf Sie.<\/p>","popseo_zusatztext":"<h3>Kaduk Bauelemente \u2013 Ihr Fachbetrieb f\u00fcr Sicht- und Sonnenschutz<\/h3>\n<p>Setzen Sie in Sachen Sicherheit und Sonnenschutz auf jeden Fall auf die sachspezifische Leistung vom Fachbetrieb. Nur ein Fachbetrieb wei\u00df von den M\u00f6glichkeiten, wie man zu einem hervorragenden Ergebnis kommt. Um sich mit Fug und Recht Fachbetrieb nennen zu k\u00f6nnen, braucht es eine anerkannte Ausbildung der Mitarbeiter und eine jahrelange Erfahrung.  <\/p>\n<p>Unser Fachbetrieb empfiehlt sich als Ihr kompetenter Fachbetrieb f\u00fcr Sicherheit und Sonnenschutz. Erreichen Sie Ihr Ziel und schenken Sie unserem Fachbetrieb Ihr Vertrauen. Wir bieten Ihnen beispielsweise schicke Rolll\u00e4den und Markisen und legen allergr\u00f6\u00dften Wert auf einen ausgezeichneten Service. Schon seit vielen Jahren sind wir qualifizierter Fachbetrieb f\u00fcr Terrassend\u00e4cher, Au\u00dfenjalousien, Rolll\u00e4den im Raum L\u00fcneburg. Es ist unser Bestreben, dass Sie \u00fcber lange Zeit viel Freude an Ihrem Sicht und Sonnenschutz haben. Von einem Fachbetrieb d\u00fcrfen Sie zu Recht eine fehlerfreie Top-Leistung erwarten.<\/p>\n<h3>Auf einen Fachbetrieb ist Verlass<\/h3>\n<p>Als Fachbetrieb darf sich eine Firma bezeichnen, deren Mitarbeiter \u00fcber nachweisbare Qualifikationen verf\u00fcgen. Dies ist unter anderem eine entsprechende Ausbildung oder ein Meisterbrief. Dar\u00fcber hinaus zeichnet eine intensive praktische Erfahrung einen Fachbetrieb aus. Bereits seit vielen Jahren konzentrieren wir uns als spezialisiertes Unternehmen auf Sonnenschutz und Sicherheit von H\u00e4usern. In diesen langen Jahren haben wir uns das Attribut Fachbetrieb sicherlich erarbeitet. Wir verwenden nur qualitativ hochwertige Produkte. Hierbei achten wir stets auf ein angemessenes Preis-Leistungsverh\u00e4ltnis. Unser Versprechen als Fachbetrieb: Wir bieten Ihnen 1a-Qualit\u00e4t zu einem erstaunlichen Preis.<\/p>","popseo_links":"<a href=\"https:\/\/www.kaduk-bauelemente.de\/leistungen\/aussenjalousien-amelinghausen\/\">Au\u00dfenjalousien Amelinghausen<\/a>, <a href=\"https:\/\/www.kaduk-bauelemente.de\/leistungen\/zaeune-buchholz\/\">Z\u00e4une Buchholz<\/a>, <a href=\"https:\/\/www.kaduk-bauelemente.de\/leistungen\/fenster-lueneburg\/\">Fenster L\u00fcneburg<\/a>, <a href=\"https:\/\/www.kaduk-bauelemente.de\/leistungen\/terrassendaecher-aus-holz-harburg\/\">Terrassend\u00e4cher aus Holz Harburg<\/a>, <a href=\"https:\/\/www.kaduk-bauelemente.de\/leistungen\/haustueren-bergedorf-wentorf\/\">Haust\u00fcren Bergedorf Wentorf<\/a>, <a href=\"https:\/\/www.kaduk-bauelemente.de\/leistungen\/terrassendaecher-aus-holz-bardowick\/\">Terrassend\u00e4cher aus Holz Bardowick<\/a>, <a href=\"https:\/\/www.kaduk-bauelemente.de\/leistungen\/zaunbau-adendorf\/\">Zaunbau Adendorf<\/a>, <a href=\"https:\/\/www.kaduk-bauelemente.de\/leistungen\/tueren-seevetal-rosengarten\/\">T\u00fcren Seevetal Rosengarten<\/a>, <a href=\"https:\/\/www.kaduk-bauelemente.de\/leistungen\/terrassenueberdachungen-aus-aluminium-tostedt-sittensen\/\">Terrassen\u00fcberdachungen aus Aluminium Tostedt Sittensen<\/a>, <a href=\"https:\/\/www.kaduk-bauelemente.de\/leistungen\/terrassendaecher-aus-aluminium-reppenstedt\/\">Terrassend\u00e4cher aus Aluminium Reppenstedt<\/a>, <a href=\"https:\/\/www.kaduk-bauelemente.de\/leistungen\/tueren-bardowick\/\">T\u00fcren Bardowick<\/a>, <a href=\"https:\/\/www.kaduk-bauelemente.de\/leistungen\/fliegengitter-amt-neuhaus\/\">Fliegengitter Amt Neuhaus<\/a>, <a href=\"https:\/\/www.kaduk-bauelemente.de\/leistungen\/tueren-bispingen\/\">T\u00fcren Bispingen<\/a>, <a href=\"https:\/\/www.kaduk-bauelemente.de\/leistungen\/rolltore-bienenbuettel\/\">Rolltore Bienenb\u00fcttel<\/a>, <a href=\"https:\/\/www.kaduk-bauelemente.de\/leistungen\/rolllaeden-jesteburg\/\">Rolll\u00e4den Jesteburg<\/a>, <a href=\"https:\/\/www.kaduk-bauelemente.de\/leistungen\/zaunbau-uelzen\/\">Zaunbau Uelzen<\/a>, <a href=\"https:\/\/www.kaduk-bauelemente.de\/leistungen\/fliegengitter-salzhausen\/\">Fliegengitter Salzhausen<\/a>, <a href=\"https:\/\/www.kaduk-bauelemente.de\/leistungen\/garagen-hanstedt\/\">Garagen Hanstedt<\/a>, <a href=\"https:\/\/www.kaduk-bauelemente.de\/leistungen\/holzfenster-ebstorf\/\">Holzfenster Ebstorf<\/a>, <a href=\"https:\/\/www.kaduk-bauelemente.de\/leistungen\/zaeune-stelle\/\">Z\u00e4une Stelle<\/a>, <a href=\"https:\/\/www.kaduk-bauelemente.de\/leistungen\/terrassenueberdachungen-aus-aluminium-stelle\/\">Terrassen\u00fcberdachungen aus Aluminium Stelle<\/a>, <a href=\"https:\/\/www.kaduk-bauelemente.de\/leistungen\/haustueren-seevetal-rosengarten\/\">Haust\u00fcren Seevetal Rosengarten<\/a>, <a href=\"https:\/\/www.kaduk-bauelemente.de\/leistungen\/rollladen-herzogtum-lauenburg\/\">Rollladen Herzogtum Lauenburg<\/a>, <a href=\"https:\/\/www.kaduk-bauelemente.de\/leistungen\/zaeune-amt-neuhaus\/\">Z\u00e4une Amt Neuhaus<\/a>, <a href=\"https:\/\/www.kaduk-bauelemente.de\/leistungen\/haustueren-adendorf\/\">Haust\u00fcren Adendorf<\/a>, <a href=\"https:\/\/www.kaduk-bauelemente.de\/leistungen\/rolltore-geesthacht\/\">Rolltore Geesthacht<\/a>"},"_links":{"self":[{"href":"https:\/\/www.kaduk-bauelemente.de\/leistungen\/wp-json\/wp\/v2\/pages\/4170","targetHints":{"allow":["GET"]}}],"collection":[{"href":"https:\/\/www.kaduk-bauelemente.de\/leistungen\/wp-json\/wp\/v2\/pages"}],"about":[{"href":"https:\/\/www.kaduk-bauelemente.de\/leistungen\/wp-json\/wp\/v2\/types\/page"}],"author":[{"embeddable":true,"href":"https:\/\/www.kaduk-bauelemente.de\/leistungen\/wp-json\/wp\/v2\/users\/1"}],"replies":[{"embeddable":true,"href":"https:\/\/www.kaduk-bauelemente.de\/leistungen\/wp-json\/wp\/v2\/comments?post=4170"}],"version-history":[{"count":0,"href":"https:\/\/www.kaduk-bauelemente.de\/leistungen\/wp-json\/wp\/v2\/pages\/4170\/revisions"}],"wp:attachment":[{"href":"https:\/\/www.kaduk-bauelemente.de\/leistungen\/wp-json\/wp\/v2\/media?parent=4170"}],"curies":[{"name":"wp","href":"https:\/\/api.w.org\/{rel}","templated":true}]}}