{"id":4165,"date":"2021-08-25T12:18:44","date_gmt":"2021-08-25T10:18:44","guid":{"rendered":"https:\/\/www.kaduk-bauelemente.de\/leistungen\/carports-bispingen\/"},"modified":"2021-08-25T12:18:44","modified_gmt":"2021-08-25T10:18:44","slug":"carports-bispingen","status":"publish","type":"page","link":"https:\/\/www.kaduk-bauelemente.de\/leistungen\/carports-bispingen\/","title":{"rendered":"Carports &#8211; Bispingen"},"content":{"rendered":"<h3>Planung und Bau von Carports \u2013 sprechen Sie uns bitte an!<\/h3>\n<p>Eine eigene Fertiggarage ist nicht immer die beste L\u00f6sung. Zuweilen ist eine Garage baulich nicht m\u00f6glich, manchmal st\u00f6rt es die Geb\u00e4udearchitektur. Carports sind eine ausgezeichnete Alternative zu einer Garage. Carports sch\u00fctzen Ihr Auto vor Wetter und Wind und bieten Ihnen dar\u00fcber hinaus zus\u00e4tzlichen Stauraum. Als routinierter Fachanbieter begeistern uns speziell individuell produzierte Carports des Herstellers Siebau. Sie k\u00f6nnen w\u00e4hlen zwischen unterschiedlichen hochwertigen Modellen. Im Vergleich zu vielen \u201cL\u00f6sungen von der Stange\u201c sind Siebau-Flachdachcarports architektonisch harmonischer gestaltet und oft auch belastbarer. Weitgehend wartungsfrei, \u00fcberzeugen die Carports insbesondere durch ihre Unempfindlichkeit. Die Carports aus unserem Sortiment sind leicht zu pflegen und von gro\u00dfer G\u00fcte.   <\/p>\n<h3>Handwerklich gekonnt gearbeitete Carports f\u00fcr Ihre Immobilie!<\/h3>\n<p>Je nach Fl\u00e4che und Beschaffenheit der zu \u00fcberdachenden Au\u00dfenbereiche sind unterschiedliche Carport-Modelle denkbar. Und je nach pers\u00f6nlichem Geschmack kann unter unterschiedlichen Konstruktionen und Materialien entschieden werden. Gerne beraten wir Sie \u00fcber die mannigfachen Optionen, die sich Ihnen bieten. Selbstverst\u00e4ndlich kommen wir auch gerne zu Ihnen. Um die Vorschl\u00e4ge vollst\u00e4ndig beurteilen zu k\u00f6nnen, besichtigen unsere Fachkr\u00e4fte den entsprechenden Au\u00dfenbereich unmittelbar vor Ort. \u00dcberlassen Sie beim Thema Carports nichts dem Zufall. Setzen Sie auf Erfahrung und entscheiden Sie sich f\u00fcr den Fachbetrieb. Es lohnt sich.<\/p>\n","protected":false},"excerpt":{"rendered":"<p>Planung und Bau von Carports \u2013 sprechen Sie uns bitte an! Eine eigene Fertiggarage ist nicht immer die beste L\u00f6sung. Zuweilen ist eine Garage baulich nicht m\u00f6glich, manchmal st\u00f6rt es die Geb\u00e4udearchitektur. Carports sind eine ausgezeichnete Alternative zu einer Garage. Carports sch\u00fctzen Ihr Auto vor Wetter und Wind und bieten Ihnen dar\u00fcber hinaus zus\u00e4tzlichen Stauraum. [&hellip;]<\/p>\n","protected":false},"author":1,"featured_media":0,"parent":0,"menu_order":0,"comment_status":"closed","ping_status":"closed","template":"","meta":{"footnotes":""},"class_list":["post-4165","page","type-page","status-publish","hentry"],"meta_box":{"popseo_subtitel":"Kaduk Bauelelemente ist Ihr Fachunternehmen f\u00fcr qualitativ erstklassige Carports im Gro\u00dfraum Bispingen","popseo_subtitel2":"Der Bau von Carports durch die Fachleute unserer Firma","popseo_lasttitel":"Carports: Sie haben Fragen? Dann melden Sie sich bei uns","popseo_region":"Bispingen","popseo_sachwort":"Carports","popseo_noupdate":"","popseo_einleitungstext":"<p>Wenn es um Sicherheit und Sonnenschutz geht, sind Sie bei der Firma Kaduk genau an der richtigen Adresse. Seit Firmengr\u00fcndung sind wir Ihre lokalen Spezialisten f\u00fcr qualitativ hochwertige Bauelemente. Zu unserem Produktsortiment geh\u00f6ren unter anderem Rolltore, Terrassend\u00e4cher, Markisen, Fenster, Au\u00dfenjalousien, T\u00fcren, Carports und Rolll\u00e4den. Wir erledigen Montage- und Reparaturarbeiten und zeigen Ihnen, wie Sie Ihre Wohn- oder Gesch\u00e4ftsgeb\u00e4ude mit modernen Bauelementen ausstatten k\u00f6nnen. Nachfolgend haben wir erste Informationen f\u00fcr Sie zusammengestellt.<\/p>","popseo_schlusstext":"<p>Sie suchen einen Fachpartner f\u00fcr hochwertige Sicherheits- und Sonnenschutzl\u00f6sungen. Dann melden Sie sich am besten noch heute bei uns. Wir freuen uns auf Ihren Anruf oder Ihre E-Mail. Wenn es um Bauelemente geht, sind wir Ihr qualifizierter Handwerks- und Handelspartner. Wir bieten Ihnen hochwertige Produkte und eine einwandfrei durchgef\u00fchrte Arbeit nach dem stets neuesten Stand der Technik.<\/p>","popseo_stadttext":"<h3>Unser Leistungskatalog f\u00fcr Kunden aus Bispingen<\/h3>\n<p>Bispingen ist eine Einheitsgemeinde in der Mitte der L\u00fcneburger Heide. Formell z\u00e4hlt die Gemeinde zum Landkreis Heidekreis. Bispingen hat etwa 6.000 registrierte Einwohner und streckt sich \u00fcber eine Fl\u00e4che von knapp 128 km\u00b2. Man erreicht man den Ort mit dem PKW \u00fcber die Bundesautobahn BAB 7. Unmittelbar an der Abfahrt 43 sieht man schon von Weitem dem Snowdome Bispingen, eine Skihalle, die sich seit dem Jahr 2006 gr\u00f6\u00dfter Popularit\u00e4t erfreut<\/p>\n<p>Durch unsere Vertriebst\u00e4tigkeit haben wir uns einen ausgezeichneten \u00dcberblick \u00fcber die Stadtarchitektur der St\u00e4dte und Gemeinden unseres Einzugsbereiches erarbeiten k\u00f6nnen. Sie kommen aus Bispingen und sind hier im World Wide Web auf unsere Website gesto\u00dfen? Das finden wir toll. Gerne pr\u00e4sentieren wir Ihnen unser komplettes Leistungsspektrum und beantworten Ihre Fragen. Wir freuen uns darauf, mit Ihnen in Kontakt zu kommen. <\/p>\n<h3>Ein paar Fakten \u00fcber Bispingen<\/h3>\n<p>Durch die Heideregion und den Snowdome ist die attraktive Gemeinde touristisch von hohem Interesse. Neben einem sehr guten Mix von verschiedenen Einzelhandelsgesch\u00e4ften, finden sich au\u00dferdem zahllose Hotels, Pensionen und Gastst\u00e4tten im Gemeindezentrum.  Bispingen ist ansonsten ein sehr familienfreundlicher Ort und bietet den B\u00fcrgern ein absolut attaktives Umfeld zum Arbeiten und Leben. Die Gemeinde Bispingen hat eine gute Infrastruktur und attraktiv ausgebaute Wohnquartiere. Die Einzelhausbebauung \u00fcberwiegt. Gr\u00f6\u00dfere Wohnblocks gibt es in Bispingen nicht.<\/p>\n<h4>Hohe Qualit\u00e4t f\u00fcr Kunden aus Bispingen<\/h4>\n<p>Sie wohnen in Bispingen oder Umgebung und interessieren sich f\u00fcr unser Leistungsangebot. Klasse, dass Sie diese Seite gefunden haben. F\u00fcr R\u00fcckfragen sind wir jederzeit f\u00fcr Sie da. Auf Ihre Anfragen freuen wir uns.<\/p>","popseo_zusatztext":"<h3>Gute Qualit\u00e4t \u2013 g\u00fcnstig und preiswert<\/h3>\n<p>Bauelemente m\u00fcssen h\u00f6chsten Erwartungen gerecht werden. Nichtsdestrotrotz mu\u00df es g\u00fcnstig und preiswert sein. Das muss generell kein Widerspruch sein. <\/p>\n<p>Als Fachbetrieb f\u00fcr Sonnenschutz und Sicherheit verarbeiten wir ausschlie\u00dflich ausgezeichnete Erzeugnisse. Trotzdem schauen wir immer auf ein passendes Preis-Leistungsverh\u00e4ltnis. Wir m\u00f6chten Ihnen Qualit\u00e4t anbieten, die trotzdem auch g\u00fcnstig und preiswert ist. Geben Sie Ihrem Zuhause g\u00fcnstig und preiswert das besondere Plus an Qualit\u00e4t. Markisen und Rolll\u00e4den oder andere Sonnenschutzl\u00f6sungen sehen nicht nur hervorragend aus, sie leisten auch einen wichtigen Anteil zur W\u00e4rmed\u00e4mmung.  <\/p>\n<h3>G\u00fcnstig und preiswert \u2013 trotzdem individuell und schick<\/h3>\n<p>D\u00fcrfen wir Sie beraten, wie Sie g\u00fcnstig und preiswert einen perfekten Sonnenschutz f\u00fcr Ihr Zuhause verwirklichen? Klasse, dann warten Sie bitte nicht und nehmen am besten gleich heute noch Verbindung mit uns auf. Ein kurzer Anruf oder eine schnelle E-Mail gen\u00fcgen. Gern informieren Sie unsere gut geschulten Profis \u00fcber die unterschiedlichen M\u00f6glichkeiten, wie Sie Ihr Heim g\u00fcnstig und preiswert mit Markisen und Rolll\u00e4den oder anderen Sonnenschutzprodukten ausstatten. Wir freuen uns auf den Austausch mit Ihnen. <\/p>\n<h4>G\u00fcnstig und preiswert \u2013 manchmal macht auch der Preis den Unterschied<\/h4>\n<p>Z\u00e4hlen Sie beim Thema Sonnenschutz und Sicherheit auf den Fachmann. Nur ein Fachbetrieb kennt die unterschiedlichen M\u00f6glichkeiten, wie Sie g\u00fcnstig und preiswert, gleichzeitig qualitativ hochwertig einen tadellosen Sonnenschutz erreichen. Qualit\u00e4tsbewusst, g\u00fcnstig und preiswert: Wir empfehlen uns als spezialisiertes Fachunternehmen im norddeutschen Raum. Unsere langj\u00e4hrige Erfahrung zeichnet uns aus.<\/p>","popseo_links":"<a href=\"https:\/\/www.kaduk-bauelemente.de\/leistungen\/garagentore-bispingen\/\">Garagentore Bispingen<\/a>, <a href=\"https:\/\/www.kaduk-bauelemente.de\/leistungen\/zaeune-ebstorf\/\">Z\u00e4une Ebstorf<\/a>, <a href=\"https:\/\/www.kaduk-bauelemente.de\/leistungen\/garagentore-maschen\/\">Garagentore Maschen<\/a>, <a href=\"https:\/\/www.kaduk-bauelemente.de\/leistungen\/zaunbau-seevetal-rosengarten\/\">Zaunbau Seevetal Rosengarten<\/a>, <a href=\"https:\/\/www.kaduk-bauelemente.de\/leistungen\/raffstores-tostedt-sittensen\/\">Raffstores Tostedt Sittensen<\/a>, <a href=\"https:\/\/www.kaduk-bauelemente.de\/leistungen\/fenster-geesthacht\/\">Fenster Geesthacht<\/a>, <a href=\"https:\/\/www.kaduk-bauelemente.de\/leistungen\/markisen-harburg\/\">Markisen Harburg<\/a>, <a href=\"https:\/\/www.kaduk-bauelemente.de\/leistungen\/rollladen-salzhausen\/\">Rollladen Salzhausen<\/a>, <a href=\"https:\/\/www.kaduk-bauelemente.de\/leistungen\/aussenjalousien-herzogtum-lauenburg\/\">Au\u00dfenjalousien Herzogtum Lauenburg<\/a>, <a href=\"https:\/\/www.kaduk-bauelemente.de\/leistungen\/rolltore-stelle\/\">Rolltore Stelle<\/a>, <a href=\"https:\/\/www.kaduk-bauelemente.de\/leistungen\/fliegengitter-herzogtum-lauenburg\/\">Fliegengitter Herzogtum Lauenburg<\/a>, <a href=\"https:\/\/www.kaduk-bauelemente.de\/leistungen\/rolltore-schwarzenbek\/\">Rolltore Schwarzenbek<\/a>, <a href=\"https:\/\/www.kaduk-bauelemente.de\/leistungen\/insektenschutz-boizenburg\/\">Insektenschutz Boizenburg<\/a>, <a href=\"https:\/\/www.kaduk-bauelemente.de\/leistungen\/terrassendaecher-aus-holz-geesthacht\/\">Terrassend\u00e4cher aus Holz Geesthacht<\/a>, <a href=\"https:\/\/www.kaduk-bauelemente.de\/leistungen\/holzfenster-harburg\/\">Holzfenster Harburg<\/a>, <a href=\"https:\/\/www.kaduk-bauelemente.de\/leistungen\/rolllaeden-amt-neuhaus\/\">Rolll\u00e4den Amt Neuhaus<\/a>, <a href=\"https:\/\/www.kaduk-bauelemente.de\/leistungen\/garagen-harburg\/\">Garagen Harburg<\/a>, <a href=\"https:\/\/www.kaduk-bauelemente.de\/leistungen\/rolllaeden-schwarzenbek\/\">Rolll\u00e4den Schwarzenbek<\/a>, <a href=\"https:\/\/www.kaduk-bauelemente.de\/leistungen\/haustueren-winsen-luhe\/\">Haust\u00fcren Winsen Luhe<\/a>, <a href=\"https:\/\/www.kaduk-bauelemente.de\/leistungen\/holzfenster-ebstorf\/\">Holzfenster Ebstorf<\/a>, <a href=\"https:\/\/www.kaduk-bauelemente.de\/leistungen\/haustueren-adendorf\/\">Haust\u00fcren Adendorf<\/a>, <a href=\"https:\/\/www.kaduk-bauelemente.de\/leistungen\/markisen-uelzen\/\">Markisen Uelzen<\/a>, <a href=\"https:\/\/www.kaduk-bauelemente.de\/leistungen\/terrassendaecher-aus-aluminium-bergedorf-wentorf\/\">Terrassend\u00e4cher aus Aluminium Bergedorf Wentorf<\/a>, <a href=\"https:\/\/www.kaduk-bauelemente.de\/leistungen\/garagentore-winsen-luhe\/\">Garagentore Winsen Luhe<\/a>, <a href=\"https:\/\/www.kaduk-bauelemente.de\/leistungen\/fliegengitter-hanstedt\/\">Fliegengitter Hanstedt<\/a>, <a href=\"https:\/\/www.kaduk-bauelemente.de\/leistungen\/fenster-jesteburg\/\">Fenster Jesteburg<\/a>"},"_links":{"self":[{"href":"https:\/\/www.kaduk-bauelemente.de\/leistungen\/wp-json\/wp\/v2\/pages\/4165","targetHints":{"allow":["GET"]}}],"collection":[{"href":"https:\/\/www.kaduk-bauelemente.de\/leistungen\/wp-json\/wp\/v2\/pages"}],"about":[{"href":"https:\/\/www.kaduk-bauelemente.de\/leistungen\/wp-json\/wp\/v2\/types\/page"}],"author":[{"embeddable":true,"href":"https:\/\/www.kaduk-bauelemente.de\/leistungen\/wp-json\/wp\/v2\/users\/1"}],"replies":[{"embeddable":true,"href":"https:\/\/www.kaduk-bauelemente.de\/leistungen\/wp-json\/wp\/v2\/comments?post=4165"}],"version-history":[{"count":0,"href":"https:\/\/www.kaduk-bauelemente.de\/leistungen\/wp-json\/wp\/v2\/pages\/4165\/revisions"}],"wp:attachment":[{"href":"https:\/\/www.kaduk-bauelemente.de\/leistungen\/wp-json\/wp\/v2\/media?parent=4165"}],"curies":[{"name":"wp","href":"https:\/\/api.w.org\/{rel}","templated":true}]}}