{"id":4164,"date":"2021-08-25T12:18:44","date_gmt":"2021-08-25T10:18:44","guid":{"rendered":"https:\/\/www.kaduk-bauelemente.de\/leistungen\/carports-bienenbuettel\/"},"modified":"2021-08-25T12:18:44","modified_gmt":"2021-08-25T10:18:44","slug":"carports-bienenbuettel","status":"publish","type":"page","link":"https:\/\/www.kaduk-bauelemente.de\/leistungen\/carports-bienenbuettel\/","title":{"rendered":"Carports &#8211; Bienenb\u00fcttel"},"content":{"rendered":"<h3>Carports \u2013 praktisch und auch optisch ansprechend<\/h3>\n<p>Eine abschlie\u00dfbare Fertiggarage ist nicht unbedingt immer die beste L\u00f6sung. Mitunter ist eine Garage baulich oder platzm\u00e4\u00dfig nicht umsetzbar, zuweilen st\u00f6rt es die die optische Erscheinung des Geb\u00e4udes. Carports sind eine ausgezeichnete Alternative zur Garage. Carports besch\u00fctzen Ihr Fahrzeug vor Wetter und Wind und bieten Ihnen dar\u00fcber hinaus weiteren Stauraum. Als erfahrener Fachbetrieb \u00fcberzeugen uns vor allem individuell gefertigte Carports des Herstellers Siebau. W\u00e4hlen Sie zwischen unterschiedlichen hochwertigen Modellen. Im Vergleich zu vielen \u201cL\u00f6sungen von der Stange\u201c sind Siebau-Flachdachcarports gestalterisch attraktiver und oft auch stabiler. Fast wartungsfrei, bestechen die Carports vor allem durch ihre Unempfindlichkeit. Die Carports aus unserem Sortiment sind pflegeleicht und von gro\u00dfer Qualit\u00e4t.   <\/p>\n<h3>Handwerklich gekonnt gearbeitete Carports f\u00fcr Ihre Immobilie!<\/h3>\n<p>Je nach Gr\u00f6\u00dfe und Beschaffenheit der zu \u00fcberdachenden Au\u00dfenfl\u00e4chen sind verschiedene Carport-Modelle denkbar. Und je nach jeweiligem Geschmack kann unter unterschiedlichen Ausf\u00fchrungen und Materialien gew\u00e4hlt werden. Mit Vergn\u00fcgen beraten wir Sie \u00fcber die diversen Optionen, die sich Ihnen bieten. Nat\u00fcrlich kommen wir auch gerne zu Ihnen. Um die Ideen im vollen Umfang beurteilen zu k\u00f6nnen, begutachten unsere Fachkr\u00e4fte den entsprechenden Au\u00dfenbereich unmittelbar vor Ort. \u00dcberlassen Sie beim Thema Carports nichts dem Zufall. Vertrauen Sie auf Erfahrung und entscheiden Sie sich f\u00fcr den Spezialisten. Es rechnet sich.<\/p>\n","protected":false},"excerpt":{"rendered":"<p>Carports \u2013 praktisch und auch optisch ansprechend Eine abschlie\u00dfbare Fertiggarage ist nicht unbedingt immer die beste L\u00f6sung. Mitunter ist eine Garage baulich oder platzm\u00e4\u00dfig nicht umsetzbar, zuweilen st\u00f6rt es die die optische Erscheinung des Geb\u00e4udes. Carports sind eine ausgezeichnete Alternative zur Garage. Carports besch\u00fctzen Ihr Fahrzeug vor Wetter und Wind und bieten Ihnen dar\u00fcber hinaus [&hellip;]<\/p>\n","protected":false},"author":1,"featured_media":0,"parent":0,"menu_order":0,"comment_status":"closed","ping_status":"closed","template":"","meta":{"footnotes":""},"class_list":["post-4164","page","type-page","status-publish","hentry"],"meta_box":{"popseo_subtitel":"Wir sind Ihr Experte f\u00fcr hochwertige Carports im Raum Bienenb\u00fcttel","popseo_subtitel2":"Planung und Bau von Carports durch die Experten der Firma Kaduk","popseo_lasttitel":"Carports: D\u00fcrfen wir Ihre Fragen beantworten?","popseo_region":"Bienenb\u00fcttel","popseo_sachwort":"Carports","popseo_noupdate":"","popseo_einleitungstext":"<p>Gerne informieren wir Sie n\u00e4her \u00fcber unser Produkt- und Leistungsprogramm. Wir nennen Ihnen mit Vergn\u00fcgen auch ein paar Projekte, die Ihnen einen Einblick in unsere Unternehmenst\u00e4tigkeit geben.<br \/>\nSchenken Sie uns Ihr Vertrauen. Rufen Sie uns doch rasch einmal an oder schicken Sie uns eine kurze E-Mail. Wir freuen uns auf Ihre Kontaktaufnahme.<\/p>","popseo_schlusstext":"<p>Gerne informieren wir Sie n\u00e4her \u00fcber unser Produkt- und T\u00e4tigkeitsspektrum. Wir pr\u00e4sentieren Ihnen mit Vergn\u00fcgen auch ein paar Referenzen, die Ihnen einen Einblick in unsere T\u00e4tigkeit geben.<br \/>\nWir sind f\u00fcr Sie da. Rufen Sie uns doch rasch einmal an oder senden Sie uns eine kurze E-Mail. Wir freuen uns auf den Kontakt zu Ihnen.<\/p>","popseo_stadttext":"<h3>Wir sind Ihr Partner auch in Bienenb\u00fcttel<\/h3>\n<p>Bienenb\u00fcttel ist eine Einheitsgemeinde am \u00f6stlichen Rand der L\u00fcneburger Heide. Formell z\u00e4hlt die Gemeinde zum Kreis Uelzen. Bienenb\u00fcttel hat etwas weniger als 7.000 gemeldete B\u00fcrger und streckt sich \u00fcber ein Gesamtareal von knapp 99 km\u00b2. Man erreicht man den Ort mit der Bahn auf der Streckenverbindung Hannover-Hamburg und mit dem Auto \u00fcber die Bundesstra\u00dfe 4.<\/p>\n<p>Durch unsere Gesch\u00e4ftst\u00e4tigkeit haben wir uns einen guten \u00dcberblick \u00fcber die Architektur der Gemeinden und St\u00e4dte unseres Einzugsbereiches machen k\u00f6nnen. Sie kommen aus Bienenb\u00fcttel und sind hier im Internet auf unsere Website gesto\u00dfen? Das finden wir toll. Gerne pr\u00e4sentieren wir Ihnen unser gesamtes Leistungsspektrum und beantworten Ihre Fragen. Wir freuen uns darauf, mit Ihnen in Kontakt zu treten. <\/p>\n<h3>Einige interessante Informationen \u00fcber Bienenb\u00fcttel<\/h3>\n<p>Bienenb\u00fcttel kann auch als Pendlergemeinde bezeichnet werden. Sehr viele B\u00fcrger arbeiten in der Metropole Hamburg, in L\u00fcneburg oder Uelzen, m\u00f6gen aber Bienenb\u00fcttel als Wohnort und Lebensmittelpunkt. Der h\u00fcbsche nieders\u00e4chsische Ort ist eine moderne und vitale Gemeinde mit einer ansprechenden Baustruktur und attraktiven Wohnviertel. Naturfreunde sch\u00e4tzen besonders die umliegenden Naherholungsgebiete der L\u00fcneburger Heide. Die zahlreichen Naturschutzgebiete laden zu l\u00e4ngeren Exkursionen ein.<\/p>\n<h4>Unsere Leistung f\u00fcr qualit\u00e4tsbewusste Kunden aus Bienenb\u00fcttel<\/h4>\n<p>Sie leben in Bienenb\u00fcttel oder Umgebung und interessieren sich f\u00fcr unser Leistungsangebot. Toll, dass Sie uns hier auf dieser Website entdeckt haben. F\u00fcr R\u00fcckfragen stehen wir Ihnen jederzeit zur Verf\u00fcgung. Auf den Kontakt zu Ihnen freuen wir uns.<\/p>","popseo_zusatztext":"<h3>Wir sind Fachbetrieb f\u00fcr Sicht- und Sonnenschutz<\/h3>\n<p>Vertrauen Sie bei Sicherheit und Sonnenschutz auf jeden Fall auf die sachspezifische Leistung vom Fachbetrieb. Nur ein Fachbetrieb kennt die Tricks und Tipps, wie man zu einem \u00fcberzeugenden Ergebnis kommt. Um sich mit Fug und Recht Fachbetrieb nennen zu k\u00f6nnen, braucht es eine qualifizierte Ausbildung der Mitarbeiter und eine langj\u00e4hrige Fachkenntnis.  <\/p>\n<p>Unser Fachbetrieb empfiehlt sich als Ihr qualifizierter Fachbetrieb f\u00fcr Sonnenschutz und Sicherheit. Setzen Sie auf Qualit\u00e4t und schenken Sie unserem Fachbetrieb Ihr Vertrauen. Wir bieten Ihnen unter anderem hochwertige Markisen und Rolll\u00e4den und legen massiv Wert auf einen 1a- Service. Schon seit vielen Jahren sind wir sachkundiger Fachbetrieb f\u00fcr Markisen, Terrassend\u00e4cher, Rolll\u00e4den und Au\u00dfenjalousien im Raum L\u00fcneburg. Es ist unser Bestreben, dass Sie viele Jahre viel Freude an Ihrem Sicht und Sonnenschutz haben. Von einem Fachbetrieb d\u00fcrfen Sie nat\u00fcrlich eine fehlerfreie Top-Leistung erwarten.<\/p>\n<h3>Auf einen Fachbetrieb ist Verlass<\/h3>\n<p>Als Fachbetrieb darf sich eine Unternehmung bezeichnen, deren Mitarbeiter \u00fcber nachweisbare Qualifikationen verf\u00fcgen. Dies ist z.B. eine entsprechende Berufsausbildung oder ein Meisterbrief. Au\u00dferdem zeichnet eine intensive praktische Erfahrung einen Fachbetrieb aus. Schon seit vielen Jahren konzentrieren wir uns als spezialisiertes Unternehmen auf Sonnenschutz und Sicherheit von Geb\u00e4uden. In diesen langen Jahren haben wir uns die Bezeichnung Fachbetrieb ganz sicher verdient. Wir benutzen nur qualitativ hochwertige Materialien. Hierbei achten wir stets auf ein angemessenes Preis-Leistungsverh\u00e4ltnis. Unser Motto als Fachbetrieb: Wir bieten Ihnen beste Qualit\u00e4t zu einem konkurrenzlosem Preis.<\/p>","popseo_links":"<a href=\"https:\/\/www.kaduk-bauelemente.de\/leistungen\/zaeune-geesthacht\/\">Z\u00e4une Geesthacht<\/a>, <a href=\"https:\/\/www.kaduk-bauelemente.de\/leistungen\/zaeune-amt-neuhaus\/\">Z\u00e4une Amt Neuhaus<\/a>, <a href=\"https:\/\/www.kaduk-bauelemente.de\/leistungen\/kunststofffenster-boizenburg\/\">Kunststofffenster Boizenburg<\/a>, <a href=\"https:\/\/www.kaduk-bauelemente.de\/leistungen\/fliegengitter-herzogtum-lauenburg\/\">Fliegengitter Herzogtum Lauenburg<\/a>, <a href=\"https:\/\/www.kaduk-bauelemente.de\/leistungen\/rolltore-herzogtum-lauenburg\/\">Rolltore Herzogtum Lauenburg<\/a>, <a href=\"https:\/\/www.kaduk-bauelemente.de\/leistungen\/terrassenueberdachungen-aus-holz-lueneburg\/\">Terrassen\u00fcberdachungen aus Holz L\u00fcneburg<\/a>, <a href=\"https:\/\/www.kaduk-bauelemente.de\/leistungen\/zaunbau-salzhausen\/\">Zaunbau Salzhausen<\/a>, <a href=\"https:\/\/www.kaduk-bauelemente.de\/leistungen\/markisen-amt-neuhaus\/\">Markisen Amt Neuhaus<\/a>, <a href=\"https:\/\/www.kaduk-bauelemente.de\/leistungen\/aussenjalousien-seevetal-rosengarten\/\">Au\u00dfenjalousien Seevetal Rosengarten<\/a>, <a href=\"https:\/\/www.kaduk-bauelemente.de\/leistungen\/fliegengitter-uelzen\/\">Fliegengitter Uelzen<\/a>, <a href=\"https:\/\/www.kaduk-bauelemente.de\/leistungen\/holzfenster-schwarzenbek\/\">Holzfenster Schwarzenbek<\/a>, <a href=\"https:\/\/www.kaduk-bauelemente.de\/leistungen\/zaunbau-schwarzenbek\/\">Zaunbau Schwarzenbek<\/a>, <a href=\"https:\/\/www.kaduk-bauelemente.de\/leistungen\/raffstores-adendorf\/\">Raffstores Adendorf<\/a>, <a href=\"https:\/\/www.kaduk-bauelemente.de\/leistungen\/fenster-buchholz\/\">Fenster Buchholz<\/a>, <a href=\"https:\/\/www.kaduk-bauelemente.de\/leistungen\/holzfenster-bergedorf-wentorf\/\">Holzfenster Bergedorf Wentorf<\/a>, <a href=\"https:\/\/www.kaduk-bauelemente.de\/leistungen\/sektionaltore-stelle\/\">Sektionaltore Stelle<\/a>, <a href=\"https:\/\/www.kaduk-bauelemente.de\/leistungen\/rolllaeden-geesthacht\/\">Rolll\u00e4den Geesthacht<\/a>, <a href=\"https:\/\/www.kaduk-bauelemente.de\/leistungen\/zaunbau-winsen-luhe\/\">Zaunbau Winsen Luhe<\/a>, <a href=\"https:\/\/www.kaduk-bauelemente.de\/leistungen\/insektenschutz-ebstorf\/\">Insektenschutz Ebstorf<\/a>, <a href=\"https:\/\/www.kaduk-bauelemente.de\/leistungen\/raffstores-bardowick\/\">Raffstores Bardowick<\/a>, <a href=\"https:\/\/www.kaduk-bauelemente.de\/leistungen\/terrassendaecher-aus-holz-amt-neuhaus\/\">Terrassend\u00e4cher aus Holz Amt Neuhaus<\/a>, <a href=\"https:\/\/www.kaduk-bauelemente.de\/leistungen\/tueren-buechen\/\">T\u00fcren B\u00fcchen<\/a>, <a href=\"https:\/\/www.kaduk-bauelemente.de\/leistungen\/haustueren-schwarzenbek\/\">Haust\u00fcren Schwarzenbek<\/a>, <a href=\"https:\/\/www.kaduk-bauelemente.de\/leistungen\/holzfenster-seevetal-rosengarten\/\">Holzfenster Seevetal Rosengarten<\/a>, <a href=\"https:\/\/www.kaduk-bauelemente.de\/leistungen\/kunststofffenster-buechen\/\">Kunststofffenster B\u00fcchen<\/a>, <a href=\"https:\/\/www.kaduk-bauelemente.de\/leistungen\/garagen-reinbek-glinde\/\">Garagen Reinbek Glinde<\/a>"},"_links":{"self":[{"href":"https:\/\/www.kaduk-bauelemente.de\/leistungen\/wp-json\/wp\/v2\/pages\/4164","targetHints":{"allow":["GET"]}}],"collection":[{"href":"https:\/\/www.kaduk-bauelemente.de\/leistungen\/wp-json\/wp\/v2\/pages"}],"about":[{"href":"https:\/\/www.kaduk-bauelemente.de\/leistungen\/wp-json\/wp\/v2\/types\/page"}],"author":[{"embeddable":true,"href":"https:\/\/www.kaduk-bauelemente.de\/leistungen\/wp-json\/wp\/v2\/users\/1"}],"replies":[{"embeddable":true,"href":"https:\/\/www.kaduk-bauelemente.de\/leistungen\/wp-json\/wp\/v2\/comments?post=4164"}],"version-history":[{"count":0,"href":"https:\/\/www.kaduk-bauelemente.de\/leistungen\/wp-json\/wp\/v2\/pages\/4164\/revisions"}],"wp:attachment":[{"href":"https:\/\/www.kaduk-bauelemente.de\/leistungen\/wp-json\/wp\/v2\/media?parent=4164"}],"curies":[{"name":"wp","href":"https:\/\/api.w.org\/{rel}","templated":true}]}}