{"id":4160,"date":"2021-08-25T12:18:44","date_gmt":"2021-08-25T10:18:44","guid":{"rendered":"https:\/\/www.kaduk-bauelemente.de\/leistungen\/carports-amt-neuhaus\/"},"modified":"2021-08-25T12:18:44","modified_gmt":"2021-08-25T10:18:44","slug":"carports-amt-neuhaus","status":"publish","type":"page","link":"https:\/\/www.kaduk-bauelemente.de\/leistungen\/carports-amt-neuhaus\/","title":{"rendered":"Carports &#8211; Amt Neuhaus"},"content":{"rendered":"<h3>Carports sind immer eine richtige Entscheidung<\/h3>\n<p>Eine eigene Fertiggarage ist nicht immer die beste L\u00f6sung. Zuweilen ist eine Garage fl\u00e4chenm\u00e4\u00dfig nicht m\u00f6glich, manchmal st\u00f6rt es die die optische Erscheinung des Geb\u00e4udes. Ein Carport ist eine mehr als geeignete Alternative zur Garage. Carports besch\u00fctzen Ihr Fahrzeug vor Regen und bieten Ihnen ferner zus\u00e4tzlichen Stauraum. Als erfahrener Fachanbieter begeistern uns vor allem individuell produzierte Carports des Herstellers Siebau. W\u00e4hlen Sie zwischen verschiedenen hochwertigen Modellen. Im Gegensatz zu vielen \u201cL\u00f6sungen von der Stange\u201c sind Siebau-Flachdachcarports gestalterisch attraktiver und oft auch stabiler. Weitgehend wartungsfrei, \u00fcberzeugen die Carports vor allem durch ihre Langlebigkeit. Die Carports aus unserem Sortiment sind leicht zu pflegen und von gro\u00dfer G\u00fcte.   <\/p>\n<h3>Hochwertige Carports f\u00fcr Ihre Immobilie!<\/h3>\n<p>Je nach Fl\u00e4che und Zustand der zu \u00fcberdachenden Au\u00dfenbereiche sind verschiedene Carport-Modelle realisierbar. Und je nach jeweiligem Geschmack kann unter mehreren Produktvarianten und Materialien gew\u00e4hlt werden. Gerne informieren wir Sie \u00fcber die unterschiedlichen M\u00f6glichkeiten, die sich Ihnen bieten. Selbstverst\u00e4ndlich kommen wir auch gerne zu Ihnen. Um die M\u00f6glichkeiten vollst\u00e4ndig beurteilen zu k\u00f6nnen, besichtigen unsere Experten den entsprechenden Au\u00dfenbereich unmittelbar vor Ort. \u00dcberlassen Sie beim Thema Carports nichts dem Zufall. Z\u00e4hlen Sie auf Erfahrung und entscheiden Sie sich f\u00fcr den Fachbetrieb. Es lohnt sich.<\/p>\n","protected":false},"excerpt":{"rendered":"<p>Carports sind immer eine richtige Entscheidung Eine eigene Fertiggarage ist nicht immer die beste L\u00f6sung. Zuweilen ist eine Garage fl\u00e4chenm\u00e4\u00dfig nicht m\u00f6glich, manchmal st\u00f6rt es die die optische Erscheinung des Geb\u00e4udes. Ein Carport ist eine mehr als geeignete Alternative zur Garage. Carports besch\u00fctzen Ihr Fahrzeug vor Regen und bieten Ihnen ferner zus\u00e4tzlichen Stauraum. Als erfahrener [&hellip;]<\/p>\n","protected":false},"author":1,"featured_media":0,"parent":0,"menu_order":0,"comment_status":"closed","ping_status":"closed","template":"","meta":{"footnotes":""},"class_list":["post-4160","page","type-page","status-publish","hentry"],"meta_box":{"popseo_subtitel":"Kaduk Bauelelemente ist Ihr Partner f\u00fcr qualitativ erstklassige Carports im Gro\u00dfraum Amt Neuhaus","popseo_subtitel2":"Planung und Bau von Carports - gewusst wie!","popseo_lasttitel":"Carports: D\u00fcrfen wir Ihre Fragen beantworten?","popseo_region":"Amt Neuhaus","popseo_sachwort":"Carports","popseo_noupdate":"","popseo_einleitungstext":"<p>Wenn es um Sicherheit und Sonnenschutz geht, sind Sie bei der Firma Kaduk genau an der richtigen Adresse. Seit unserer Gr\u00fcndung sind wir Ihre lokalen Spezialisten f\u00fcr qualitativ hochwertige Bauelemente. Zu unserem Produktangebot geh\u00f6ren beispielsweise Terrassend\u00e4cher, Markisen, Rolltore, Fenster, Au\u00dfenjalousien, T\u00fcren, Rolll\u00e4den und Carports. Wir erledigen Montage- und Reparaturarbeiten und zeigen Ihnen M\u00f6glichkeiten auf, wie Sie Ihre Immobilie mit modernen Bauelementen ausr\u00fcsten k\u00f6nnen. Im Folgenden haben wir erste Informationen f\u00fcr Sie zusammengetragen.<\/p>","popseo_schlusstext":"<p>Sie suchen einen Experten f\u00fcr hochwertige Sicherheits- und Sonnenschutzl\u00f6sungen. Dann melden Sie sich am besten noch heute bei uns. Wir freuen uns auf das Gespr\u00e4ch mit Ihnen. Wenn es um Bauelemente geht, sind wir Ihr verl\u00e4sslicher Handels- und Handwerkspartner. Wir sorgen f\u00fcr hochwertige Produkte und eine sachkundig ausgef\u00fchrte Arbeit nach dem jeweils aktuellsten Stand der Technik.<\/p>","popseo_stadttext":"<h3>Unser Produktsortiment f\u00fcr Kunden aus dem Amt Neuhaus<\/h3>\n<p>Durch unsere Vertriebst\u00e4tigkeit haben wir uns einen sehr guten \u00dcberblick \u00fcber die Architektur der St\u00e4dte und Gemeinden unseres Einzugsbereiches erarbeiten k\u00f6nnen. Selbstverst\u00e4ndlich z\u00e4hlt auch das Amt Neuhaus zu unserem unmittelbaren Wirkungskreis. Sie kommen aus Haar, Dellien, Neuhaus, Kaar\u00dfen, Sumte, Stapel oder Tripkau und sind hier im Internet auf unsere Website gesto\u00dfen? Das finden wir toll. Gerne pr\u00e4sentieren wir Ihnen unser komplettes Leistungsspektrum und beantworten Ihre Fragen. Wir freuen uns darauf, mit Ihnen ins Gespr\u00e4ch zu treten. <\/p>\n<h2>Einige Details \u00fcber das Amt Neuhaus:<\/h2>\n<p>Das Amt Neuhaus geh\u00f6rt formell zum Kreis L\u00fcneburg. Addiert leben knapp 5.000 Menschen in der Region. Gut 237 qkm umfasst das gesamte Areal. Das Amt Neuhaus \u00fcberzeugt durch eine gute Infrastruktur und ist verkehrstechnisch hervorragend angebunden. Aufgrund der bevorzugten Lage ist das Amt Neuhaus insbesondere bei Pendlern angesagt. Sowohl Hannover, L\u00fcneburg als auch Hamburg sind schnell erreicht. Das gesamte Areal des Amtes zeichnet sich durch eine wirklich wunderbare Wohn- und Lebensqualit\u00e4t aus. Die besonders als Wohnstatt gefragte Ortschaften sind speziell auch f\u00fcr junge Familien mit Kindern eine gute Wahl. Das Amt Neuhaus verbindet durch seine Lage auf eine gute Art und Weise urbanes Leben mit dem eher \u00fcbersichtlichen Profil eines Au\u00dfenbezirkes. F\u00fcr die Gr\u00f6\u00dfe des Amtes erstaunlich viele Sport- und Freizeitm\u00f6glichkeiten und eine landschaftlich wunderbare Umgebung kennzeichnen die Region. Die Bebauungsausstruktur im Amt Neuhaus wird dominiert von einer angenehmen Einzelhausbebauung. <\/p>\n<h4>Wir f\u00fcr Sie im Amt Neuhaus!<\/h4>\n<p>Sie kommen aus Haar, Dellien, Kaar\u00dfen, Neuhaus, Stapel, Sumte oder Tripkau, interessieren sich f\u00fcr unser Leistungsangebot und sind hier im Internet auf unsere Website gesto\u00dfen? Das freut uns sehr. Sehr gerne pr\u00e4sentieren wir Ihnen unser komplettes Angebotsspektrum und beantworten Ihre Fragen. Auf Ihre Anfragen freuen wir uns.<\/p>","popseo_zusatztext":"<h3>Tradition und Erfahrung zeichnen unseren Fachbetrieb aus<\/h3>\n<p>Setzen Sie bei Sicherheit und Sonnenschutz unbedingt auf die sachliche Leistung vom Fachbetrieb. Nur ein Fachbetrieb kennt die Priorit\u00e4ten, wie man zu einem fachgerechten Ergebnis kommt. Um sich mit Fug und Recht als Fachbetrieb zu titulieren, bedarf es einer qualifizierten Ausbildung der Mitarbeiter und einer jahrelangen Berufserfahrung.  <\/p>\n<p>Unser Unternehmen empfiehlt sich als Ihr qualifizierter Fachbetrieb f\u00fcr Sicherheit und Sonnenschutz. Erreichen Sie Ihr Ziel und schenken Sie unserem Fachbetrieb Ihr Vertrauen. Wir bieten Ihnen z.B. qualitativ ausgezeichnete Markisen und Rolll\u00e4den und legen allerh\u00f6chsten Wert auf einen 1a- Service. Schon seit vielen Jahren sind wir qualifizierter Fachbetrieb f\u00fcr Au\u00dfenjalousien, Rolll\u00e4den, Markisen und Terrassend\u00e4cher im Raum L\u00fcneburg. Es ist unser Bestreben, dass Sie \u00fcber lange Zeit viel Freude an Ihrem Sicht und Sonnenschutz haben. Von einem Fachbetrieb d\u00fcrfen Sie nat\u00fcrlich eine absolute Top-Leistung erwarten.<\/p>\n<h3>Dirk Kaduk Bauelemente \u2013 Ihr Fachbetrieb f\u00fcr Sicherheit und Sonnenschutz<\/h3>\n<p>Als Fachbetrieb darf sich eine Firma bezeichnen, deren Mitarbeiter \u00fcber dokumentierte Qualifikationen verf\u00fcgen. Dies ist unter anderem eine entsprechende Berufsausbildung oder ein Meisterbrief. Au\u00dferdem zeichnet eine intensive praktische Erfahrung einen Fachbetrieb aus. Bereits seit vielen Jahren konzentrieren wir uns als spezialisiertes Unternehmen auf Sonnenschutz und Sicherheit von Immobilien. In diesen langen Jahren haben wir uns die Bezeichnung Fachbetrieb sicherlich verdient. Wir nutzen nur hochwertige Produkte. Hierbei achten wir immer auf ein perfektes Preis-Leistungsverh\u00e4ltnis. Unser Versprechen als Fachbetrieb: Wir bieten Ihnen 1a-Leistung zu einem fairen Preis.<\/p>","popseo_links":"<a href=\"https:\/\/www.kaduk-bauelemente.de\/leistungen\/terrassenueberdachungen-aus-aluminium-salzhausen\/\">Terrassen\u00fcberdachungen aus Aluminium Salzhausen<\/a>, <a href=\"https:\/\/www.kaduk-bauelemente.de\/leistungen\/tueren-ebstorf\/\">T\u00fcren Ebstorf<\/a>, <a href=\"https:\/\/www.kaduk-bauelemente.de\/leistungen\/markisen-bardowick\/\">Markisen Bardowick<\/a>, <a href=\"https:\/\/www.kaduk-bauelemente.de\/leistungen\/aussenjalousien-herzogtum-lauenburg\/\">Au\u00dfenjalousien Herzogtum Lauenburg<\/a>, <a href=\"https:\/\/www.kaduk-bauelemente.de\/leistungen\/terrassendaecher-aus-holz-stelle\/\">Terrassend\u00e4cher aus Holz Stelle<\/a>, <a href=\"https:\/\/www.kaduk-bauelemente.de\/leistungen\/raffstores-harburg\/\">Raffstores Harburg<\/a>, <a href=\"https:\/\/www.kaduk-bauelemente.de\/leistungen\/garagen-buchholz\/\">Garagen Buchholz<\/a>, <a href=\"https:\/\/www.kaduk-bauelemente.de\/leistungen\/rolltore-adendorf\/\">Rolltore Adendorf<\/a>, <a href=\"https:\/\/www.kaduk-bauelemente.de\/leistungen\/rolllaeden-boizenburg\/\">Rolll\u00e4den Boizenburg<\/a>, <a href=\"https:\/\/www.kaduk-bauelemente.de\/leistungen\/rolllaeden-stelle\/\">Rolll\u00e4den Stelle<\/a>, <a href=\"https:\/\/www.kaduk-bauelemente.de\/leistungen\/sektionaltore-amt-neuhaus\/\">Sektionaltore Amt Neuhaus<\/a>, <a href=\"https:\/\/www.kaduk-bauelemente.de\/leistungen\/garagen-tostedt-sittensen\/\">Garagen Tostedt Sittensen<\/a>, <a href=\"https:\/\/www.kaduk-bauelemente.de\/leistungen\/garagentore-buchholz\/\">Garagentore Buchholz<\/a>, <a href=\"https:\/\/www.kaduk-bauelemente.de\/leistungen\/garagentore-uelzen\/\">Garagentore Uelzen<\/a>, <a href=\"https:\/\/www.kaduk-bauelemente.de\/leistungen\/rolltore-boizenburg\/\">Rolltore Boizenburg<\/a>, <a href=\"https:\/\/www.kaduk-bauelemente.de\/leistungen\/raffstores-buchholz\/\">Raffstores Buchholz<\/a>, <a href=\"https:\/\/www.kaduk-bauelemente.de\/leistungen\/zaunbau-bergedorf-wentorf\/\">Zaunbau Bergedorf Wentorf<\/a>, <a href=\"https:\/\/www.kaduk-bauelemente.de\/leistungen\/holzfenster-boizenburg\/\">Holzfenster Boizenburg<\/a>, <a href=\"https:\/\/www.kaduk-bauelemente.de\/leistungen\/haustueren-amt-neuhaus\/\">Haust\u00fcren Amt Neuhaus<\/a>, <a href=\"https:\/\/www.kaduk-bauelemente.de\/leistungen\/rolllaeden-buechen\/\">Rolll\u00e4den B\u00fcchen<\/a>, <a href=\"https:\/\/www.kaduk-bauelemente.de\/leistungen\/terrassenueberdachungen-aus-aluminium-boizenburg\/\">Terrassen\u00fcberdachungen aus Aluminium Boizenburg<\/a>, <a href=\"https:\/\/www.kaduk-bauelemente.de\/leistungen\/fliegengitter-salzhausen\/\">Fliegengitter Salzhausen<\/a>, <a href=\"https:\/\/www.kaduk-bauelemente.de\/leistungen\/holzfenster-adendorf\/\">Holzfenster Adendorf<\/a>, <a href=\"https:\/\/www.kaduk-bauelemente.de\/leistungen\/rollladen-buechen\/\">Rollladen B\u00fcchen<\/a>, <a href=\"https:\/\/www.kaduk-bauelemente.de\/leistungen\/haustueren-uelzen\/\">Haust\u00fcren Uelzen<\/a>, <a href=\"https:\/\/www.kaduk-bauelemente.de\/leistungen\/haustueren-bardowick\/\">Haust\u00fcren Bardowick<\/a>"},"_links":{"self":[{"href":"https:\/\/www.kaduk-bauelemente.de\/leistungen\/wp-json\/wp\/v2\/pages\/4160","targetHints":{"allow":["GET"]}}],"collection":[{"href":"https:\/\/www.kaduk-bauelemente.de\/leistungen\/wp-json\/wp\/v2\/pages"}],"about":[{"href":"https:\/\/www.kaduk-bauelemente.de\/leistungen\/wp-json\/wp\/v2\/types\/page"}],"author":[{"embeddable":true,"href":"https:\/\/www.kaduk-bauelemente.de\/leistungen\/wp-json\/wp\/v2\/users\/1"}],"replies":[{"embeddable":true,"href":"https:\/\/www.kaduk-bauelemente.de\/leistungen\/wp-json\/wp\/v2\/comments?post=4160"}],"version-history":[{"count":0,"href":"https:\/\/www.kaduk-bauelemente.de\/leistungen\/wp-json\/wp\/v2\/pages\/4160\/revisions"}],"wp:attachment":[{"href":"https:\/\/www.kaduk-bauelemente.de\/leistungen\/wp-json\/wp\/v2\/media?parent=4160"}],"curies":[{"name":"wp","href":"https:\/\/api.w.org\/{rel}","templated":true}]}}