{"id":4159,"date":"2021-08-25T12:18:44","date_gmt":"2021-08-25T10:18:44","guid":{"rendered":"https:\/\/www.kaduk-bauelemente.de\/leistungen\/carports-amelinghausen\/"},"modified":"2021-08-25T12:18:44","modified_gmt":"2021-08-25T10:18:44","slug":"carports-amelinghausen","status":"publish","type":"page","link":"https:\/\/www.kaduk-bauelemente.de\/leistungen\/carports-amelinghausen\/","title":{"rendered":"Carports &#8211; Amelinghausen"},"content":{"rendered":"<h3>Carports \u2013 praktisch und auch optisch ansprechend<\/h3>\n<p>Eine eigene Fertiggarage ist nicht immer die beste L\u00f6sung. Bisweilen ist eine Garage platzm\u00e4\u00dfig nicht m\u00f6glich, zuweilen st\u00f6rt es die Architektur. Ein Carport ist eine wunderbare Alternative zu einer Garage. Carports besch\u00fctzen Ihr Fahrzeug vor Wind und Wetter und bieten Ihnen dar\u00fcber hinaus zus\u00e4tzlichen Stauraum. Als erfahrener Fachbetrieb \u00fcberzeugen uns speziell individuell gefertigte Carports des Herstellers Siebau. W\u00e4hlen Sie zwischen unterschiedlichen hochwertigen Modellen. Im Vergleich zu vielen \u201cL\u00f6sungen von der Stange\u201c sind Siebau-Flachdachcarports architektonisch harmonischer gestaltet und oft auch belastbarer. Beinahe wartungslos, \u00fcberzeugen die Carports vorrangig durch ihre Unempfindlichkeit. Die Carports aus unserem Sortiment sind pflegeleicht und von sehr gro\u00dfer G\u00fcte.   <\/p>\n<h3>Handwerklich perfekt gearbeitete Carports f\u00fcr Sie!<\/h3>\n<p>Je nach Gr\u00f6\u00dfe und Zustand der zu \u00fcberdachenden Au\u00dfenbereiche sind unterschiedliche Carport-Modelle realisierbar. Und je nach individuellem Geschmack kann unter mehreren Produktausf\u00fchrungen und Materialien ausgew\u00e4hlt werden. Sehr gerne informieren wir Sie \u00fcber die vielen M\u00f6glichkeiten, die sich Ihnen bieten. Selbstverst\u00e4ndlich kommen wir auch gern zu Ihnen. Um die Vorschl\u00e4ge im vollen Umfang beurteilen zu k\u00f6nnen, besichtigen unsere Experten den entsprechenden Au\u00dfenbereich unmittelbar vor Ort. Gehen Sie beim Thema Carports auf Nummer sicher. Setzen Sie auf Erfahrung und entscheiden Sie sich f\u00fcr den Profi. Es lohnt sich.<\/p>\n","protected":false},"excerpt":{"rendered":"<p>Carports \u2013 praktisch und auch optisch ansprechend Eine eigene Fertiggarage ist nicht immer die beste L\u00f6sung. Bisweilen ist eine Garage platzm\u00e4\u00dfig nicht m\u00f6glich, zuweilen st\u00f6rt es die Architektur. Ein Carport ist eine wunderbare Alternative zu einer Garage. Carports besch\u00fctzen Ihr Fahrzeug vor Wind und Wetter und bieten Ihnen dar\u00fcber hinaus zus\u00e4tzlichen Stauraum. Als erfahrener Fachbetrieb [&hellip;]<\/p>\n","protected":false},"author":1,"featured_media":0,"parent":0,"menu_order":0,"comment_status":"closed","ping_status":"closed","template":"","meta":{"footnotes":""},"class_list":["post-4159","page","type-page","status-publish","hentry"],"meta_box":{"popseo_subtitel":"Wir sind Ihr Fachbetrieb f\u00fcr hochwertige Carports im Raum Amelinghausen","popseo_subtitel2":"Planung und Bau von Carports - der Profi wei\u00df wie!","popseo_lasttitel":"Carports: Wir informieren Sie gerne auch pers\u00f6nlich!","popseo_region":"Amelinghausen","popseo_sachwort":"Carports","popseo_noupdate":"","popseo_einleitungstext":"<p>Auf Wunsch informieren wir Sie n\u00e4her \u00fcber unsere Produkte und unser Aufgabenfeld. Wir nennen Ihnen mit Vergn\u00fcgen auch ein paar Referenzprojekte, die Ihnen einen Einblick in unsere Arbeit geben.<br \/>\nVertrauen Sie auf das Urteil eines erfahrenen Fachbetriebes. Rufen Sie uns doch einfach einmal an oder schreiben Sie uns eine kurze E-Mail. Wir freuen uns auf Sie.<\/p>","popseo_schlusstext":"<p>Sie ben\u00f6tigen einen Experten f\u00fcr hochwertige Sicherheits- und Sonnenschutzl\u00f6sungen. Dann kontaktieren Sie uns bitte schnell. Wir freuen uns auf das Gespr\u00e4ch mit Ihnen. Wenn es um Bauelemente geht, sind wir Ihr verl\u00e4sslicher Handwerks- und Handelspartner. Wir stehen f\u00fcr hochwertige Produkte und eine fachm\u00e4nnisch durchgef\u00fchrte Arbeit nach dem jeweils neuesten Stand der Technik.<\/p>","popseo_stadttext":"<h3>Anfragen erhalten wir auch aus Amelinghausen<\/h3>\n<p>Durch unsere T\u00e4tigkeit haben wir uns einen guten \u00dcberblick \u00fcber die Stadtarchitektur der St\u00e4dte und Gemeinden unseres Vertriebsgebietes erarbeiten k\u00f6nnen. Unser Einzugsgebiet umfasst nat\u00fcrlich auch Amelinghausen. Wir f\u00fchlen uns der Region verpflichtet und sind stolz darauf auch unseren Anteil zur gesunden Infrastruktur der Gemeinde beizusteuern zu k\u00f6nnen.  <\/p>\n<p><h3>Einige Informationen zur Samtgemeinde Amelinghausen<\/h3><br \/>\nAmelinghausen liegt in der L\u00fcneburger Heide. An die 4.000 Einwohner wohnen in Amelinghausen auf einer Gesamtfl\u00e4che von etwa 16 km\u00b2. Erreichbar ist der Ort mit dem Auto \u00fcber die Bundesstra\u00dfe 209. Die Umgebung erm\u00f6glicht erlebnisreiche Ausfl\u00fcge. Die Bebauungsstruktur in der Region ist \u00fcberwiegend gekennzeichnet von einer h\u00fcbschen Einzelhausbebauung. Vor allem junge Familien genie\u00dfen das Leben in Amelinghausen. Die r\u00e4umliche N\u00e4he zur Stadt L\u00fcneburg mit sehr guten Verkehrsanbindungen und Freizeitangeboten machen die Gemeinde Amelinghausen so angenehm.<br \/>\nDie Gemeinde ist Amtssitz der Samtgemeinde Amelinghausen, einer Vereinigung von f\u00fcnf kleineren Orten. Dies sind neben Amelinghausen selbst die Gemeinden Oldendorf (Luhe), Betzendorf, Soderstorf und Rehlingen. Die Samtgemeinde z\u00e4hlt in Summe knapp 8.000 Einwohner und erstreckt sich \u00fcber ein Areal von etwas mehr als 194 km\u00b2.<\/p>\n<h4>Privat- und Gesch\u00e4ftskunden aus Amelinghausen sch\u00e4tzen unsere Leistungen!<\/h4>\n<p>Sie leben in Amelinghausen, Betzendorf, Oldendorf (Luhe), Rehlingen oder Soderstorf und interessieren sich f\u00fcr unser Leistungsangebot. Klasse, das Sie unsere Internetseite entdeckt haben. F\u00fcr R\u00fcckfragen sind wir jederzeit f\u00fcr Sie da. Auf den Kontakt zu Ihnen freuen wir uns.<\/p>","popseo_zusatztext":"<h3>Kaduk Bauelemente ist Ihr Fachbetrieb f\u00fcr Sonnen- und Sichtschutz<\/h3>\n<p>Vertrauen Sie in Sachen Sicherheit und Sonnenschutz auf jeden Fall auf die sachliche Leistung vom Fachbetrieb. Nur ein Fachbetrieb kennt die Priorit\u00e4ten, wie man zu einem fachgerechten Ergebnis kommt. Um sich mit Fug und Recht als Fachbetrieb zu titulieren, braucht es eine qualifizierte Ausbildung der Mitarbeiter und eine langj\u00e4hrige Fachkenntnis.  <\/p>\n<p>Unser Fachbetrieb empfiehlt sich als Ihr sachkundiger Fachbetrieb f\u00fcr Sonnenschutz und Sicherheit. Erreichen Sie Ihr Ziel und schenken Sie unserem Fachbetrieb Ihr Vertrauen. Wir bieten Ihnen u.a. hochwertige Rolll\u00e4den und Markisen und legen allergr\u00f6\u00dften Wert auf einen ausgezeichneten Service. Schon seit vielen Jahren sind wir spezialisierter Fachbetrieb f\u00fcr Markisen, Terrassend\u00e4cher, Rolll\u00e4den und Au\u00dfenjalousien im Raum L\u00fcneburg. Es ist uns wichtig, dass Sie dauerhaft viel Freude an Ihrem Sicht und Sonnenschutz haben. Von einem Fachbetrieb d\u00fcrfen Sie zu Recht eine fehlerfreie Top-Leistung erwarten.<\/p>\n<h3>Sicht- und Sonnenschutz\u2013 ein Thema f\u00fcr den Fachbetrieb<\/h3>\n<p>Als Fachbetrieb darf sich eine Unternehmung bezeichnen, deren Mitarbeiter \u00fcber nachweisbare Qualifikationen verf\u00fcgen. Dies ist z.B. eine entsprechende Ausbildung oder ein Meisterbrief. Au\u00dferdem zeichnet eine langj\u00e4hrige praktische Erfahrung einen Fachbetrieb aus. Bereits seit vielen Jahren konzentrieren wir uns als spezialisiertes Unternehmen auf Sicherheit und Sonnenschutz von Immobilien. In diesen vielen Jahren haben wir uns die Bezeichnung Fachbetrieb bestimmt verdient. Wir verarbeiten ausnahmslos hochwertige Produkte. Hierbei achten wir immer auf ein ausgewogenes Preis-Leistungsverh\u00e4ltnis. Unser Selbstverst\u00e4ndnis als Fachbetrieb: Wir bieten Ihnen hervorragende Qualit\u00e4t zu einem erstaunlichen Preis.<\/p>","popseo_links":"<a href=\"https:\/\/www.kaduk-bauelemente.de\/leistungen\/markisen-buechen\/\">Markisen B\u00fcchen<\/a>, <a href=\"https:\/\/www.kaduk-bauelemente.de\/leistungen\/sektionaltore-bispingen\/\">Sektionaltore Bispingen<\/a>, <a href=\"https:\/\/www.kaduk-bauelemente.de\/leistungen\/holzfenster-adendorf\/\">Holzfenster Adendorf<\/a>, <a href=\"https:\/\/www.kaduk-bauelemente.de\/leistungen\/terrassendaecher-aus-aluminium-buchholz\/\">Terrassend\u00e4cher aus Aluminium Buchholz<\/a>, <a href=\"https:\/\/www.kaduk-bauelemente.de\/leistungen\/rolltore-bergedorf-wentorf\/\">Rolltore Bergedorf Wentorf<\/a>, <a href=\"https:\/\/www.kaduk-bauelemente.de\/leistungen\/terrassendaecher-aus-aluminium-bardowick\/\">Terrassend\u00e4cher aus Aluminium Bardowick<\/a>, <a href=\"https:\/\/www.kaduk-bauelemente.de\/leistungen\/fliegengitter-hanstedt\/\">Fliegengitter Hanstedt<\/a>, <a href=\"https:\/\/www.kaduk-bauelemente.de\/leistungen\/garagentore-hanstedt\/\">Garagentore Hanstedt<\/a>, <a href=\"https:\/\/www.kaduk-bauelemente.de\/leistungen\/rolllaeden-winsen-luhe\/\">Rolll\u00e4den Winsen Luhe<\/a>, <a href=\"https:\/\/www.kaduk-bauelemente.de\/leistungen\/rolllaeden-bad-bevensen\/\">Rolll\u00e4den Bad Bevensen<\/a>, <a href=\"https:\/\/www.kaduk-bauelemente.de\/leistungen\/terrassendaecher-aus-aluminium-bergedorf-wentorf\/\">Terrassend\u00e4cher aus Aluminium Bergedorf Wentorf<\/a>, <a href=\"https:\/\/www.kaduk-bauelemente.de\/leistungen\/terrassenueberdachungen-aus-aluminium-tostedt-sittensen\/\">Terrassen\u00fcberdachungen aus Aluminium Tostedt Sittensen<\/a>, <a href=\"https:\/\/www.kaduk-bauelemente.de\/leistungen\/terrassendaecher-aus-aluminium-maschen\/\">Terrassend\u00e4cher aus Aluminium Maschen<\/a>, <a href=\"https:\/\/www.kaduk-bauelemente.de\/leistungen\/fliegengitter-buechen\/\">Fliegengitter B\u00fcchen<\/a>, <a href=\"https:\/\/www.kaduk-bauelemente.de\/leistungen\/kunststofffenster-stelle\/\">Kunststofffenster Stelle<\/a>, <a href=\"https:\/\/www.kaduk-bauelemente.de\/leistungen\/garagen-harburg\/\">Garagen Harburg<\/a>, <a href=\"https:\/\/www.kaduk-bauelemente.de\/leistungen\/terrassenueberdachungen-aus-aluminium-adendorf\/\">Terrassen\u00fcberdachungen aus Aluminium Adendorf<\/a>, <a href=\"https:\/\/www.kaduk-bauelemente.de\/leistungen\/terrassendaecher-aus-aluminium-schwarzenbek\/\">Terrassend\u00e4cher aus Aluminium Schwarzenbek<\/a>, <a href=\"https:\/\/www.kaduk-bauelemente.de\/leistungen\/rolltore-reppenstedt\/\">Rolltore Reppenstedt<\/a>, <a href=\"https:\/\/www.kaduk-bauelemente.de\/leistungen\/markisen-lueneburg\/\">Markisen L\u00fcneburg<\/a>, <a href=\"https:\/\/www.kaduk-bauelemente.de\/leistungen\/aussenjalousien-uelzen\/\">Au\u00dfenjalousien Uelzen<\/a>, <a href=\"https:\/\/www.kaduk-bauelemente.de\/leistungen\/garagen-amelinghausen\/\">Garagen Amelinghausen<\/a>, <a href=\"https:\/\/www.kaduk-bauelemente.de\/leistungen\/terrassenueberdachungen-aus-aluminium-schwarzenbek\/\">Terrassen\u00fcberdachungen aus Aluminium Schwarzenbek<\/a>, <a href=\"https:\/\/www.kaduk-bauelemente.de\/leistungen\/zaeune-amelinghausen\/\">Z\u00e4une Amelinghausen<\/a>, <a href=\"https:\/\/www.kaduk-bauelemente.de\/leistungen\/rolllaeden-uelzen\/\">Rolll\u00e4den Uelzen<\/a>, <a href=\"https:\/\/www.kaduk-bauelemente.de\/leistungen\/kunststofffenster-geesthacht\/\">Kunststofffenster Geesthacht<\/a>"},"_links":{"self":[{"href":"https:\/\/www.kaduk-bauelemente.de\/leistungen\/wp-json\/wp\/v2\/pages\/4159","targetHints":{"allow":["GET"]}}],"collection":[{"href":"https:\/\/www.kaduk-bauelemente.de\/leistungen\/wp-json\/wp\/v2\/pages"}],"about":[{"href":"https:\/\/www.kaduk-bauelemente.de\/leistungen\/wp-json\/wp\/v2\/types\/page"}],"author":[{"embeddable":true,"href":"https:\/\/www.kaduk-bauelemente.de\/leistungen\/wp-json\/wp\/v2\/users\/1"}],"replies":[{"embeddable":true,"href":"https:\/\/www.kaduk-bauelemente.de\/leistungen\/wp-json\/wp\/v2\/comments?post=4159"}],"version-history":[{"count":0,"href":"https:\/\/www.kaduk-bauelemente.de\/leistungen\/wp-json\/wp\/v2\/pages\/4159\/revisions"}],"wp:attachment":[{"href":"https:\/\/www.kaduk-bauelemente.de\/leistungen\/wp-json\/wp\/v2\/media?parent=4159"}],"curies":[{"name":"wp","href":"https:\/\/api.w.org\/{rel}","templated":true}]}}