{"id":4154,"date":"2021-08-25T12:18:44","date_gmt":"2021-08-25T10:18:44","guid":{"rendered":"https:\/\/www.kaduk-bauelemente.de\/leistungen\/aussenjalousien-stelle\/"},"modified":"2021-08-25T12:18:44","modified_gmt":"2021-08-25T10:18:44","slug":"aussenjalousien-stelle","status":"publish","type":"page","link":"https:\/\/www.kaduk-bauelemente.de\/leistungen\/aussenjalousien-stelle\/","title":{"rendered":"Au\u00dfenjalousien &#8211; Stelle"},"content":{"rendered":"<h3>Au\u00dfenjalousien unterstreichen das Erscheinungsbild Ihres Wohnhauses<\/h3>\n<p>Au\u00dfenjalousien zeichnen sich durch extrem dicke und kr\u00e4ftige Lamellen aus. Das stabile Material ist erforderlich, da Au\u00dfenjalousien durchaus erstaunlichen Belastungen durch wetterbedingte Einfl\u00fcsse ausgesetzt sind. Im Allgemeinen sind Au\u00dfenjalousien seil- und schienengef\u00fchrt. Die Au\u00dfenjalousien werden meistens an der Au\u00dfenwand angeschraubt. F\u00fcr die Montage bieten sich Blenden und Oberschienen an. Die Blenden haben den Nutzen, dass die Lamellen komplett eingezogen werden k\u00f6nnen. Mit hochwertigen und korrekt verbauten Au\u00dfenjalousien kann ein hervorragender W\u00e4rmeschutz sichergestellt werden. Durch die Installation an der Au\u00dfenseite wird die Einstrahlung der Sonne schon fr\u00fchzeitig verringert und kann nur teilweise ins Haus eindringen. Gardinen oder vorgeh\u00e4ngte Rollos sind verglichen mit Au\u00dfenjalousien erkennbar weniger wirksam. Je nach Gr\u00f6\u00dfe und Form des Fensters sind etliche Arten von Au\u00dfenjalousien erh\u00e4ltlich. Mit Vergn\u00fcgen beraten wir Sie \u00fcber die vielf\u00e4ltigen Alternativen, die sich Ihnen bieten. <\/p>\n<h3>Wir informieren Sie \u00fcber Au\u00dfenjalousien<\/h3>\n<p>Au\u00dfenjalousien erm\u00f6glichen einen ausgezeichneten Licht- und Blendschutz. V\u00f6llig losgel\u00f6st von Tages- oder Jahreszeit: Die auch unter dem Begriff Raffstores bekannten Au\u00dfenjalousien geben Ihnen die willkommende M\u00f6glichkeit, immer die f\u00fcr Sie richtige Helligkeit zu justieren. Auch wirken sich Jalousien gut auf den Energieverbrauch aus: Durch Au\u00dfenjalousien l\u00e4sst sich der Gebrauch der Klimaanlage bereits erkennbar minimieren, ohne dass im gleichen Atemzug auf wohlige Temperatur verzichtet werden muss.<\/p>\n","protected":false},"excerpt":{"rendered":"<p>Au\u00dfenjalousien unterstreichen das Erscheinungsbild Ihres Wohnhauses Au\u00dfenjalousien zeichnen sich durch extrem dicke und kr\u00e4ftige Lamellen aus. Das stabile Material ist erforderlich, da Au\u00dfenjalousien durchaus erstaunlichen Belastungen durch wetterbedingte Einfl\u00fcsse ausgesetzt sind. Im Allgemeinen sind Au\u00dfenjalousien seil- und schienengef\u00fchrt. Die Au\u00dfenjalousien werden meistens an der Au\u00dfenwand angeschraubt. F\u00fcr die Montage bieten sich Blenden und Oberschienen an. [&hellip;]<\/p>\n","protected":false},"author":1,"featured_media":0,"parent":0,"menu_order":0,"comment_status":"closed","ping_status":"closed","template":"","meta":{"footnotes":""},"class_list":["post-4154","page","type-page","status-publish","hentry"],"meta_box":{"popseo_subtitel":"Kaduk Bauelemente ist Ihr Experte f\u00fcr Au\u00dfenjalousien im Raum Stelle","popseo_subtitel2":"Au\u00dfenjalousien - bei uns in gro\u00dfer Auswahl","popseo_lasttitel":"Au\u00dfenjalousien: Treten Sie in Kontakt mit uns!","popseo_region":"Stelle","popseo_sachwort":"Au\u00dfenjalousien","popseo_noupdate":"","popseo_einleitungstext":"<p>Wenn es um Sonnenschutz und Sicherheit geht, sind Sie bei der Firma Kaduk genau an der richtigen Adresse. Seit Firmengr\u00fcndung sind wir Ihr lokaler Fachbetrieb f\u00fcr hochwertige Bauelemente. Zu unserem Produktangebot z\u00e4hlen zum Beispiel Terrassend\u00e4cher, Markisen, Rolltore, Au\u00dfenjalousien, Fenster, T\u00fcren, Rolll\u00e4den und Carports. Unsere Fachleute erledigen Reparatur- und Montagearbeiten und zeigen Ihnen, wie Sie Ihre Wohn- oder Gesch\u00e4ftsgeb\u00e4ude mit zeitgem\u00e4\u00dfen Bauelementen ausr\u00fcsten k\u00f6nnen. Auf diesen Seiten haben wir erste Informationen f\u00fcr Sie zusammengetragen.<\/p>","popseo_schlusstext":"<p>Sehr gerne informieren wir Sie n\u00e4her \u00fcber unser Produkt- und T\u00e4tigkeitsspektrum. Wir nennen Ihnen mit Vergn\u00fcgen auch einige Referenzen, die Ihnen einen Einblick in unsere Arbeit geben.<br \/>\nDie Fachleute der Firma Kaduk sind gerne f\u00fcr Sie im Einsatz. Rufen Sie uns doch einfach einmal an oder schicken Sie uns eine kurze E-Mail. Wir freuen uns auf Sie.<\/p>","popseo_stadttext":"<h3>Unsere Leistung auch in in|Dach- und Fassadensanierung in|Unsere Spezialisten kommen zu Ihnen nach} Stelle<\/h2>\n<p>Unser Einzugsgebiet umfasst auch Stelle. Durch unsere Gesch\u00e4ftst\u00e4tigkeit haben wir uns einen guten \u00dcberblick \u00fcber die Architektur der Gemeinden und St\u00e4dte unseres Vertriebsgebietes erarbeiten k\u00f6nnen. Wir f\u00fchlen uns der Region verpflichtet und freuen uns dar\u00fcber, auch unseren Anteil zur gesunden Infrastruktur der Gemeinde beizusteuern zu k\u00f6nnen.  <\/p>\n<h3>Einige Details zu Stelle<\/h3>\n<p>In der zum Landkreis Harburg geh\u00f6renden Gemeinde Stelle leben in Summe rund 11.000 Bewohner auf einer Gesamtfl\u00e4che von zirka 38 km\u00b2. Unmittelbar an Hamburg grenzend, z\u00e4hlt Stelle zum sog. \u201eSpeckg\u00fcrtel\u201c der Freien und Hansestadt. Die Bev\u00f6lkerungsdichte mit 288 Einwohnern pro Quadratkilometer ist nicht sonderlich hoch, was die Stadt zu einer favorisierten Wohngegend macht. Einige sch\u00f6ne Quartiere mit einer ansprechenden Bebauung machen Stelle attraktiv. Leben in einem fast d\u00f6rflichen Umfeld, dabei die Metropole direkt vor der T\u00fcr  \u2013 ein Lebensentwurf, der f\u00fcr sehr viele Menschen von Interesse ist. Zahlreiche W\u00e4lder und Wiesen verleihen der Gemeinde einen zuweilen fast d\u00f6rflichen Charakter. Die lokale \u00d6konomie von Stelle ist durchzogen von kleinen und mittelst\u00e4ndigen Betrieben. <\/p>\n<p>Stelle ist f\u00fcr Pendler wunderbar ideal. Wer seine Arbeitsstelle in der nahen Metropole hat, genie\u00dft das durchaus entspannte Leben in der Peripherie. Stelle verf\u00fcgt \u00fcber zahlreiche sch\u00f6ne Wohnviertel, die von einer angenehmen Einzelhausbebauung bestimmt sind. <\/p>\n<h4>Hohe Qualit\u00e4t f\u00fcr Kunden aus Stelle<\/h4>\n<p>Gerne werden wir auch f\u00fcr Sie im Raum Stelle t\u00e4tig. D\u00fcrfen wir Sie detailliert beraten? Rufen Sie uns an oder schicken Sie uns eine Email. Wir freuen uns auf Sie! Das Team unseres Fachbetriebes ist eingespielt und arbeitet perfekt \u201eHand in Hand\u201c.<\/p>","popseo_zusatztext":"<h3>Gute Produkte g\u00fcnstig und preiswert<\/h3>\n<p>Bauelemente m\u00fcssen hohen Anspr\u00fcchen gerecht werden. Trotzdem soll es g\u00fcnstig und preiswert sein. Das muss generell kein Widerspruch sein. <\/p>\n<p>Als Fachunternehmen f\u00fcr Sonnenschutz- und Sicherheitsl\u00f6sungen verwenden wir nur qualitativ hochwertige Produkte. Trotzdem achten wir immer auf ein angemessenes Preis-Leistungsverh\u00e4ltnis. Wir m\u00f6chten Ihnen Spitzenqualit\u00e4t bieten, die zugleich auch g\u00fcnstig und preiswert ist. Verleihen Sie Ihrem Heim g\u00fcnstig und preiswert das besondere Mehr an Qualit\u00e4t. Rolll\u00e4den und Markisen oder andere Sonnenschutzl\u00f6sungen sehen nicht nur schick aus, sie leisten auch einen bedeutsamen Anteil zur W\u00e4rmed\u00e4mmung.  <\/p>\n<h3>G\u00fcnstig und preiswert ohne Abstriche bei der Qualit\u00e4t<\/h3>\n<p>D\u00fcrfen wir Sie beraten, wie Sie g\u00fcnstig und preiswert einen optimalen Sonnenschutz f\u00fcr Ihr Zuhause verwirklichen? Prima, dann z\u00f6gern Sie bitte nicht und nehmen am besten sofort heute noch Kontakt mit uns auf. Ein kurzer Anruf oder eine kurze Email gen\u00fcgen. Gerne informieren Sie unsere perfekt ausgebildeten Mitarbeiter \u00fcber die unterschiedlichen M\u00f6glichkeiten, wie Sie Ihr Haus g\u00fcnstig und preiswert mit Rolll\u00e4den und Markisen oder anderen Sonnenschutzprodukten ausstatten. Wir freuen uns auf das Gespr\u00e4ch mit Ihnen. <\/p>\n<h4>Hochwertige Arbeit g\u00fcnstig und preiswert<\/h4>\n<p>Vertrauen Sie beim Thema Sonnenschutz und Sicherheit auf den Spezialisten. Nur ein Spezialbetrieb kennt die verschiedenen Optionen, wie Sie g\u00fcnstig und preiswert, trotzdem qualitativ h\u00f6herwertig einen perfekten Sonnenschutz erreichen. Qualit\u00e4tsbewusst, g\u00fcnstig und preiswert: Wir empfehlen uns als spezialisiertes Fachunternehmen im norddeutschen Raum. Unsere gro\u00dfe Erfahrung spricht f\u00fcr uns.<\/p>","popseo_links":"<a href=\"https:\/\/www.kaduk-bauelemente.de\/leistungen\/holzfenster-tostedt-sittensen\/\">Holzfenster Tostedt Sittensen<\/a>, <a href=\"https:\/\/www.kaduk-bauelemente.de\/leistungen\/tueren-stelle\/\">T\u00fcren Stelle<\/a>, <a href=\"https:\/\/www.kaduk-bauelemente.de\/leistungen\/zaunbau-ebstorf\/\">Zaunbau Ebstorf<\/a>, <a href=\"https:\/\/www.kaduk-bauelemente.de\/leistungen\/insektenschutz-winsen-luhe\/\">Insektenschutz Winsen Luhe<\/a>, <a href=\"https:\/\/www.kaduk-bauelemente.de\/leistungen\/zaunbau-buchholz\/\">Zaunbau Buchholz<\/a>, <a href=\"https:\/\/www.kaduk-bauelemente.de\/leistungen\/sektionaltore-adendorf\/\">Sektionaltore Adendorf<\/a>, <a href=\"https:\/\/www.kaduk-bauelemente.de\/leistungen\/raffstores-lueneburg\/\">Raffstores L\u00fcneburg<\/a>, <a href=\"https:\/\/www.kaduk-bauelemente.de\/leistungen\/holzfenster-bienenbuettel\/\">Holzfenster Bienenb\u00fcttel<\/a>, <a href=\"https:\/\/www.kaduk-bauelemente.de\/leistungen\/terrassenueberdachungen-aus-holz-herzogtum-lauenburg\/\">Terrassen\u00fcberdachungen aus Holz Herzogtum Lauenburg<\/a>, <a href=\"https:\/\/www.kaduk-bauelemente.de\/leistungen\/rolllaeden-reppenstedt\/\">Rolll\u00e4den Reppenstedt<\/a>, <a href=\"https:\/\/www.kaduk-bauelemente.de\/leistungen\/sektionaltore-amelinghausen\/\">Sektionaltore Amelinghausen<\/a>, <a href=\"https:\/\/www.kaduk-bauelemente.de\/leistungen\/terrassendaecher-aus-holz-seevetal-rosengarten\/\">Terrassend\u00e4cher aus Holz Seevetal Rosengarten<\/a>, <a href=\"https:\/\/www.kaduk-bauelemente.de\/leistungen\/garagentore-bienenbuettel\/\">Garagentore Bienenb\u00fcttel<\/a>, <a href=\"https:\/\/www.kaduk-bauelemente.de\/leistungen\/terrassendaecher-aus-holz-schwarzenbek\/\">Terrassend\u00e4cher aus Holz Schwarzenbek<\/a>, <a href=\"https:\/\/www.kaduk-bauelemente.de\/leistungen\/zaeune-buchholz\/\">Z\u00e4une Buchholz<\/a>, <a href=\"https:\/\/www.kaduk-bauelemente.de\/leistungen\/garagen-buchholz\/\">Garagen Buchholz<\/a>, <a href=\"https:\/\/www.kaduk-bauelemente.de\/leistungen\/insektenschutz-reppenstedt\/\">Insektenschutz Reppenstedt<\/a>, <a href=\"https:\/\/www.kaduk-bauelemente.de\/leistungen\/garagen-ebstorf\/\">Garagen Ebstorf<\/a>, <a href=\"https:\/\/www.kaduk-bauelemente.de\/leistungen\/insektenschutz-bienenbuettel\/\">Insektenschutz Bienenb\u00fcttel<\/a>, <a href=\"https:\/\/www.kaduk-bauelemente.de\/leistungen\/terrassendaecher-aus-aluminium-amelinghausen\/\">Terrassend\u00e4cher aus Aluminium Amelinghausen<\/a>, <a href=\"https:\/\/www.kaduk-bauelemente.de\/leistungen\/insektenschutz-stelle\/\">Insektenschutz Stelle<\/a>, <a href=\"https:\/\/www.kaduk-bauelemente.de\/leistungen\/sektionaltore-winsen-luhe\/\">Sektionaltore Winsen Luhe<\/a>, <a href=\"https:\/\/www.kaduk-bauelemente.de\/leistungen\/terrassendaecher-aus-aluminium-salzhausen\/\">Terrassend\u00e4cher aus Aluminium Salzhausen<\/a>, <a href=\"https:\/\/www.kaduk-bauelemente.de\/leistungen\/holzfenster-bad-bevensen\/\">Holzfenster Bad Bevensen<\/a>, <a href=\"https:\/\/www.kaduk-bauelemente.de\/leistungen\/carports-ebstorf\/\">Carports Ebstorf<\/a>, <a href=\"https:\/\/www.kaduk-bauelemente.de\/leistungen\/terrassendaecher-aus-aluminium-buechen\/\">Terrassend\u00e4cher aus Aluminium B\u00fcchen<\/a>"},"_links":{"self":[{"href":"https:\/\/www.kaduk-bauelemente.de\/leistungen\/wp-json\/wp\/v2\/pages\/4154","targetHints":{"allow":["GET"]}}],"collection":[{"href":"https:\/\/www.kaduk-bauelemente.de\/leistungen\/wp-json\/wp\/v2\/pages"}],"about":[{"href":"https:\/\/www.kaduk-bauelemente.de\/leistungen\/wp-json\/wp\/v2\/types\/page"}],"author":[{"embeddable":true,"href":"https:\/\/www.kaduk-bauelemente.de\/leistungen\/wp-json\/wp\/v2\/users\/1"}],"replies":[{"embeddable":true,"href":"https:\/\/www.kaduk-bauelemente.de\/leistungen\/wp-json\/wp\/v2\/comments?post=4154"}],"version-history":[{"count":0,"href":"https:\/\/www.kaduk-bauelemente.de\/leistungen\/wp-json\/wp\/v2\/pages\/4154\/revisions"}],"wp:attachment":[{"href":"https:\/\/www.kaduk-bauelemente.de\/leistungen\/wp-json\/wp\/v2\/media?parent=4154"}],"curies":[{"name":"wp","href":"https:\/\/api.w.org\/{rel}","templated":true}]}}